{"id":41439,"date":"2017-08-17T11:48:35","date_gmt":"2017-08-17T15:48:35","guid":{"rendered":"https:\/\/camfilapc.com\/contact-us\/free-site-demonstrations\/"},"modified":"2023-03-20T14:31:47","modified_gmt":"2023-03-20T18:31:47","slug":"free-site-demonstrations","status":"publish","type":"page","link":"https:\/\/camfilapc.com\/es\/contact-us\/free-site-demonstrations\/","title":{"rendered":"Demostraciones gratuitas en sitio"},"content":{"rendered":"<div id=\"pl-41439\"  class=\"panel-layout\" ><div id=\"pg-41439-0\"  class=\"panel-grid panel-no-style\" ><div id=\"pgc-41439-0-0\"  class=\"panel-grid-cell\" ><div id=\"panel-41439-0-0-0\" class=\"so-panel widget widget_sow-editor panel-first-child panel-last-child\" data-index=\"0\" ><div\n\t\t\t\n\t\t\tclass=\"so-widget-sow-editor so-widget-sow-editor-base\"\n\t\t\t\n\t\t>\n<div class=\"siteorigin-widget-tinymce textwidget\">\n\t<p>Camfil APC tiene una flota de sistemas m\u00f3viles para demostraciones que viajan por Am\u00e9rica, Europa y Australia para la capacitaci\u00f3n y educaci\u00f3n de los clientes. Las unidades montadas en un remolque est\u00e1n disponibles para demostraciones en el sitio. Estamos convencidos de que cuando vea un Farr Gold Series en persona, experimente lo f\u00e1cil que es cambiar los filtros y la calidad de la construcci\u00f3n, estar\u00e1 de acuerdo en que Camfil APC es la opci\u00f3n correcta.<\/p>\n<p>Las unidades de demostraci\u00f3n (DEMO) se pueden usar para seminarios de colecci\u00f3n de polvo o para capacitaci\u00f3n sobre los principios b\u00e1sicos del dise\u00f1o, selecci\u00f3n y operaci\u00f3n de un colector de polvo. Tambi\u00e9n se utilizan en reuniones profesionales, ferias comerciales y eventos tipo \u201cLunch and Learn\u201d.<\/p>\n<p>El dise\u00f1o y la selecci\u00f3n adecuados del equipo de colecci\u00f3n de polvo es una tarea compleja que debe abordarse de manera met\u00f3dica y cient\u00edfica. A menudo, las decisiones sobre equipos se basan en conjeturas en lugar de la ciencia, lo que puede llevar a problemas operativos. Nuestras unidades de DEMO proporcionan una forma pr\u00e1ctica de educar a los clientes sobre los conceptos b\u00e1sicos de la colecci\u00f3n de polvo y eliminar las conjeturas de la ecuaci\u00f3n.<\/p>\n<p>Actualmente contamos con m\u00e1s de 60 unidades m\u00f3viles junto con nuestra red de representantes y distribuidores. Cada unidad est\u00e1 equipada con un colector de polvo Gold Series de alta eficiencia. Esta serie Gold se usa ampliamente para la eliminaci\u00f3n de polvos finos y humos generados durante innumerables aplicaciones, incluyendo soldadura, esmerilado, lijado, corte, metalizaci\u00f3n y m\u00e1s.<\/p>\n<p>Si est\u00e1 interesado en una demostraci\u00f3n en sitio de un Gold Series, utilice el formulario de contacto a la derecha o cont\u00e1ctenos por tel\u00e9fono.<\/p>\n<\/div>\n<\/div><\/div><\/div><div id=\"pgc-41439-0-1\"  class=\"panel-grid-cell\" ><div id=\"panel-41439-0-1-0\" class=\"widget_text so-panel widget widget_custom_html panel-first-child panel-last-child\" data-index=\"1\" ><div class=\"textwidget custom-html-widget\"><script type=\"text\/javascript\">var loc = \"https:\/\/us-apc-forms.camfil.com\/camfilapccom-alh89\/pages\/\";<\/script>\n<script type=\"text\/javascript\" src=\"https:\/\/cdn-eu.clickdimensions.com\/web\/v10\/CDWidget.js\"><\/script>\n<div pageID=\"1emqub3tee2dwaisjrpta\"><\/div><\/div><\/div><\/div><\/div><\/div>","protected":false},"excerpt":{"rendered":"<p>Camfil APC tiene una flota de sistemas m\u00f3viles para demostraciones que viajan por Am\u00e9rica, Europa y Australia para la capacitaci\u00f3n y educaci\u00f3n de los clientes. Las unidades montadas en un remolque est\u00e1n disponibles para demostraciones en el sitio. Estamos convencidos de que cuando vea un Farr Gold Series en persona, experimente lo f\u00e1cil que es cambiar los filtros y la...<\/p>\n","protected":false},"author":1,"featured_media":0,"parent":41401,"menu_order":0,"comment_status":"closed","ping_status":"closed","template":"","meta":{"_acf_changed":false,"footnotes":""},"class_list":["post-41439","page","type-page","status-publish","hentry"],"acf":[],"_links":{"self":[{"href":"https:\/\/camfilapc.com\/es\/wp-json\/wp\/v2\/pages\/41439","targetHints":{"allow":["GET"]}}],"collection":[{"href":"https:\/\/camfilapc.com\/es\/wp-json\/wp\/v2\/pages"}],"about":[{"href":"https:\/\/camfilapc.com\/es\/wp-json\/wp\/v2\/types\/page"}],"author":[{"embeddable":true,"href":"https:\/\/camfilapc.com\/es\/wp-json\/wp\/v2\/users\/1"}],"replies":[{"embeddable":true,"href":"https:\/\/camfilapc.com\/es\/wp-json\/wp\/v2\/comments?post=41439"}],"version-history":[{"count":0,"href":"https:\/\/camfilapc.com\/es\/wp-json\/wp\/v2\/pages\/41439\/revisions"}],"up":[{"embeddable":true,"href":"https:\/\/camfilapc.com\/es\/wp-json\/wp\/v2\/pages\/41401"}],"wp:attachment":[{"href":"https:\/\/camfilapc.com\/es\/wp-json\/wp\/v2\/media?parent=41439"}],"curies":[{"name":"wp","href":"https:\/\/api.w.org\/{rel}","templated":true}]}}