{"id":41416,"date":"2017-08-17T11:47:52","date_gmt":"2017-08-17T15:47:52","guid":{"rendered":"https:\/\/camfilapc.com\/contact-us\/find-an-account-specialist\/"},"modified":"2019-12-10T07:38:04","modified_gmt":"2019-12-10T12:38:04","slug":"find-an-account-specialist","status":"publish","type":"page","link":"https:\/\/camfilapc.com\/es\/contact-us\/find-an-account-specialist\/","title":{"rendered":"Comun\u00edquese con un Especialista"},"content":{"rendered":"<div id=\"pl-41416\"  class=\"panel-layout\" ><div id=\"pg-41416-0\"  class=\"panel-grid panel-no-style\" ><div id=\"pgc-41416-0-0\"  class=\"panel-grid-cell\" ><div id=\"panel-41416-0-0-0\" class=\"so-panel widget widget_sow-editor panel-first-child panel-last-child\" data-index=\"0\" ><div\n\t\t\t\n\t\t\tclass=\"so-widget-sow-editor so-widget-sow-editor-base\"\n\t\t\t\n\t\t>\n<div class=\"siteorigin-widget-tinymce textwidget\">\n\t<p>Contamos con especialistas para su regi\u00f3n que pueden ayudarlo a seleccionar los filtros y piezas de repuesto adecuadas para su colector. Somos amigable y f\u00e1ciles de contactar. Por favor, seleccione su pa\u00eds a continuaci\u00f3n.<\/p>\n<\/div>\n<\/div><\/div><\/div><\/div><div id=\"pg-41416-1\"  class=\"panel-grid panel-no-style\" ><div id=\"pgc-41416-1-0\"  class=\"panel-grid-cell\" ><div id=\"panel-41416-1-0-0\" class=\"so-panel widget widget_sow-headline panel-first-child panel-last-child\" data-index=\"1\" ><div\n\t\t\t\n\t\t\tclass=\"so-widget-sow-headline so-widget-sow-headline-default-771b70f7f01f-41416\"\n\t\t\t\n\t\t><div class=\"sow-headline-container \">\n\t\t\t\t\t\t\t<h2 class=\"sow-headline\">\n\t\t\t\t\t\tEstados Unidos y Canada\t\t\t\t\t\t<\/h2>\n\t\t\t\t\t\t<\/div>\n<\/div><\/div><\/div><\/div><div id=\"pg-41416-2\"  class=\"panel-grid panel-has-style\" ><div id=\"white-link\" class=\"panel-row-style panel-row-style-for-41416-2\" ><div id=\"pgc-41416-2-0\"  class=\"panel-grid-cell\" ><div id=\"panel-41416-2-0-0\" class=\"so-panel widget panel-first-child panel-last-child\" data-index=\"2\" ><\/div><\/div><\/div><\/div><div id=\"pg-41416-3\"  class=\"panel-grid panel-no-style\" ><div id=\"pgc-41416-3-0\"  class=\"panel-grid-cell\" ><div id=\"panel-41416-3-0-0\" class=\"so-panel widget widget_sow-headline panel-first-child panel-last-child\" data-index=\"3\" ><div\n\t\t\t\n\t\t\tclass=\"so-widget-sow-headline so-widget-sow-headline-default-771b70f7f01f-41416\"\n\t\t\t\n\t\t><div class=\"sow-headline-container \">\n\t\t\t\t\t\t\t<h2 class=\"sow-headline\">\n\t\t\t\t\t\tAm\u00e9rica\t\t\t\t\t\t<\/h2>\n\t\t\t\t\t\t<\/div>\n<\/div><\/div><\/div><\/div><div id=\"pg-41416-4\"  class=\"panel-grid panel-has-style\" ><div id=\"white-link\" class=\"panel-row-style panel-row-style-for-41416-4\" ><div id=\"pgc-41416-4-0\"  class=\"panel-grid-cell\" ><div id=\"panel-41416-4-0-0\" class=\"so-panel widget widget_sow-editor panel-first-child panel-last-child\" data-index=\"4\" ><div id=\"account-special-links\" class=\"panel-widget-style panel-widget-style-for-41416-4-0-0\" ><div\n\t\t\t\n\t\t\tclass=\"so-widget-sow-editor so-widget-sow-editor-base\"\n\t\t\t\n\t\t>\n<div class=\"siteorigin-widget-tinymce textwidget\">\n\t\r\n\t\r\n        <div class=\"row\">\r\n\r\n                            \r\n                <div class=\"col-md-4 col-sm-12 col-12\">\r\n                    <a href=\"https:\/\/www.apcteamsite.com\/aftermarket\/country?code=Argentina\" target=\"_blank\" rel=\"noopener\">Argentina<\/a>\r\n                <\/div>\r\n\r\n                            \r\n                <div class=\"col-md-4 col-sm-12 col-12\">\r\n                    <a href=\"https:\/\/www.apcteamsite.com\/aftermarket\/country?code=Belize\" target=\"_blank\" rel=\"noopener\">Belize<\/a>\r\n                <\/div>\r\n\r\n                            \r\n                <div class=\"col-md-4 col-sm-12 col-12\">\r\n                    <a href=\"https:\/\/www.apcteamsite.com\/aftermarket\/country?code=Bolivia\" target=\"_blank\" rel=\"noopener\">Bolivia<\/a>\r\n                <\/div>\r\n\r\n                            \r\n                <div class=\"col-md-4 col-sm-12 col-12\">\r\n                    <a href=\"https:\/\/www.apcteamsite.com\/aftermarket\/country?code=Brazil\" target=\"_blank\" rel=\"noopener\">Brazil<\/a>\r\n                <\/div>\r\n\r\n                            \r\n                <div class=\"col-md-4 col-sm-12 col-12\">\r\n                    <a href=\"https:\/\/www.apcteamsite.com\/aftermarket\/country?code=Chile\" target=\"_blank\" rel=\"noopener\">Chile<\/a>\r\n                <\/div>\r\n\r\n                            \r\n                <div class=\"col-md-4 col-sm-12 col-12\">\r\n                    <a href=\"https:\/\/www.apcteamsite.com\/aftermarket\/country?code=Colombia\" target=\"_blank\" rel=\"noopener\">Colombia<\/a>\r\n                <\/div>\r\n\r\n                            \r\n                <div class=\"col-md-4 col-sm-12 col-12\">\r\n                    <a href=\"https:\/\/www.apcteamsite.com\/aftermarket\/country?code=Costa Rica\" target=\"_blank\" rel=\"noopener\">Costa Rica<\/a>\r\n                <\/div>\r\n\r\n                            \r\n                <div class=\"col-md-4 col-sm-12 col-12\">\r\n                    <a href=\"https:\/\/www.apcteamsite.com\/aftermarket\/country?code=Dominican Republic\" target=\"_blank\" rel=\"noopener\">Dominican Republic<\/a>\r\n                <\/div>\r\n\r\n                            \r\n                <div class=\"col-md-4 col-sm-12 col-12\">\r\n                    <a href=\"https:\/\/www.apcteamsite.com\/aftermarket\/country?code=Ecuador\" target=\"_blank\" rel=\"noopener\">Ecuador<\/a>\r\n                <\/div>\r\n\r\n                            \r\n                <div class=\"col-md-4 col-sm-12 col-12\">\r\n                    <a href=\"https:\/\/www.apcteamsite.com\/aftermarket\/country?code=El Salvador\" target=\"_blank\" rel=\"noopener\">El Salvador<\/a>\r\n                <\/div>\r\n\r\n                            \r\n                <div class=\"col-md-4 col-sm-12 col-12\">\r\n                    <a href=\"https:\/\/www.apcteamsite.com\/aftermarket\/country?code=Guatemala\" target=\"_blank\" rel=\"noopener\">Guatemala<\/a>\r\n                <\/div>\r\n\r\n                            \r\n                <div class=\"col-md-4 col-sm-12 col-12\">\r\n                    <a href=\"https:\/\/www.apcteamsite.com\/aftermarket\/country?code=Guyana\" target=\"_blank\" rel=\"noopener\">Guyana<\/a>\r\n                <\/div>\r\n\r\n                            \r\n                <div class=\"col-md-4 col-sm-12 col-12\">\r\n                    <a href=\"https:\/\/www.apcteamsite.com\/aftermarket\/country?code=honduras\" target=\"_blank\" rel=\"noopener\">Honduras<\/a>\r\n                <\/div>\r\n\r\n                            \r\n                <div class=\"col-md-4 col-sm-12 col-12\">\r\n                    <a href=\"https:\/\/www.apcteamsite.com\/aftermarket\/country?code=Mexico\" target=\"_blank\" rel=\"noopener\">Mexico<\/a>\r\n                <\/div>\r\n\r\n                            \r\n                <div class=\"col-md-4 col-sm-12 col-12\">\r\n                    <a href=\"https:\/\/www.apcteamsite.com\/aftermarket\/country?code=Nicaragua\" target=\"_blank\" rel=\"noopener\">Nicaragua<\/a>\r\n                <\/div>\r\n\r\n                            \r\n                <div class=\"col-md-4 col-sm-12 col-12\">\r\n                    <a href=\"https:\/\/www.apcteamsite.com\/aftermarket\/country?code=Panama\" target=\"_blank\" rel=\"noopener\">Panama<\/a>\r\n                <\/div>\r\n\r\n                            \r\n                <div class=\"col-md-4 col-sm-12 col-12\">\r\n                    <a href=\"https:\/\/www.apcteamsite.com\/aftermarket\/country?code=Paraguay\" target=\"_blank\" rel=\"noopener\">Paraguay<\/a>\r\n                <\/div>\r\n\r\n                            \r\n                <div class=\"col-md-4 col-sm-12 col-12\">\r\n                    <a href=\"https:\/\/www.apcteamsite.com\/aftermarket\/country?code=Peru\" target=\"_blank\" rel=\"noopener\">Peru<\/a>\r\n                <\/div>\r\n\r\n                            \r\n                <div class=\"col-md-4 col-sm-12 col-12\">\r\n                    <a href=\"https:\/\/www.apcteamsite.com\/aftermarket\/country?code=Puerto Rico\" target=\"_blank\" rel=\"noopener\">Puerto Rico<\/a>\r\n                <\/div>\r\n\r\n                            \r\n                <div class=\"col-md-4 col-sm-12 col-12\">\r\n                    <a href=\"https:\/\/www.apcteamsite.com\/aftermarket\/country?code=Suriname\" target=\"_blank\" rel=\"noopener\">Suriname<\/a>\r\n                <\/div>\r\n\r\n                            \r\n                <div class=\"col-md-4 col-sm-12 col-12\">\r\n                    <a href=\"https:\/\/www.apcteamsite.com\/aftermarket\/country?code=Trinidad and Tobago\" target=\"_blank\" rel=\"noopener\">Trinidad & Tobago<\/a>\r\n                <\/div>\r\n\r\n                            \r\n                <div class=\"col-md-4 col-sm-12 col-12\">\r\n                    <a href=\"https:\/\/www.apcteamsite.com\/aftermarket\/country?code=Uruguay\" target=\"_blank\" rel=\"noopener\">Uruguay<\/a>\r\n                <\/div>\r\n\r\n                            \r\n                <div class=\"col-md-4 col-sm-12 col-12\">\r\n                    <a href=\"https:\/\/www.apcteamsite.com\/aftermarket\/country?code=Venezuela\" target=\"_blank\" rel=\"noopener\">Venezuela<\/a>\r\n                <\/div>\r\n\r\n                        \r\n        <\/div>\r\n\r\n\r\n\t\r\n\n<\/div>\n<\/div><\/div><\/div><\/div><\/div><\/div><div id=\"pg-41416-5\"  class=\"panel-grid panel-no-style\" ><div id=\"pgc-41416-5-0\"  class=\"panel-grid-cell\" ><div id=\"panel-41416-5-0-0\" class=\"so-panel widget widget_sow-headline panel-first-child panel-last-child\" data-index=\"5\" ><div\n\t\t\t\n\t\t\tclass=\"so-widget-sow-headline so-widget-sow-headline-default-771b70f7f01f-41416\"\n\t\t\t\n\t\t><div class=\"sow-headline-container \">\n\t\t\t\t\t\t\t<h2 class=\"sow-headline\">\n\t\t\t\t\t\tEuropa\t\t\t\t\t\t<\/h2>\n\t\t\t\t\t\t<\/div>\n<\/div><\/div><\/div><\/div><div id=\"pg-41416-6\"  class=\"panel-grid panel-has-style\" ><div id=\"white-link\" class=\"panel-row-style panel-row-style-for-41416-6\" ><div id=\"pgc-41416-6-0\"  class=\"panel-grid-cell\" ><div id=\"panel-41416-6-0-0\" class=\"so-panel widget widget_sow-editor panel-first-child panel-last-child\" data-index=\"6\" ><div id=\"account-special-links\" class=\"panel-widget-style panel-widget-style-for-41416-6-0-0\" ><div\n\t\t\t\n\t\t\tclass=\"so-widget-sow-editor so-widget-sow-editor-base\"\n\t\t\t\n\t\t>\n<div class=\"siteorigin-widget-tinymce textwidget\">\n\t\r\n\t\r\n        <div class=\"row\">\r\n\r\n                            \r\n                <div class=\"col-md-4 col-sm-12 col-12\">\r\n                    <a href=\"https:\/\/www.apcteamsite.com\/aftermarket\/country?code=Eastern Europe\" target=\"_blank\" rel=\"noopener\">Albania<\/a>\r\n                <\/div>\r\n\r\n                            \r\n                <div class=\"col-md-4 col-sm-12 col-12\">\r\n                    <a href=\"https:\/\/www.apcteamsite.com\/aftermarket\/country?code=Austria\" target=\"_blank\" rel=\"noopener\">Austria<\/a>\r\n                <\/div>\r\n\r\n                            \r\n                <div class=\"col-md-4 col-sm-12 col-12\">\r\n                    <a href=\"https:\/\/www.apcteamsite.com\/aftermarket\/country?code=Belgium\" target=\"_blank\" rel=\"noopener\">Belgium<\/a>\r\n                <\/div>\r\n\r\n                            \r\n                <div class=\"col-md-4 col-sm-12 col-12\">\r\n                    <a href=\"https:\/\/www.apcteamsite.com\/aftermarket\/country?code=Eastern Europe\" target=\"_blank\" rel=\"noopener\">Bosnia<\/a>\r\n                <\/div>\r\n\r\n                            \r\n                <div class=\"col-md-4 col-sm-12 col-12\">\r\n                    <a href=\"https:\/\/www.apcteamsite.com\/aftermarket\/country?code=Eastern Europe\" target=\"_blank\" rel=\"noopener\">Bulgaria<\/a>\r\n                <\/div>\r\n\r\n                            \r\n                <div class=\"col-md-4 col-sm-12 col-12\">\r\n                    <a href=\"https:\/\/www.apcteamsite.com\/aftermarket\/country?code=Eastern Europe\" target=\"_blank\" rel=\"noopener\">Croatia<\/a>\r\n                <\/div>\r\n\r\n                            \r\n                <div class=\"col-md-4 col-sm-12 col-12\">\r\n                    <a href=\"https:\/\/www.apcteamsite.com\/aftermarket\/country?code=Denmark\" target=\"_blank\" rel=\"noopener\">Denmark<\/a>\r\n                <\/div>\r\n\r\n                            \r\n                <div class=\"col-md-4 col-sm-12 col-12\">\r\n                    <a href=\"https:\/\/www.apcteamsite.com\/aftermarket\/country?code=Finland\" target=\"_blank\" rel=\"noopener\">Finland<\/a>\r\n                <\/div>\r\n\r\n                            \r\n                <div class=\"col-md-4 col-sm-12 col-12\">\r\n                    <a href=\"https:\/\/www.apcteamsite.com\/aftermarket\/country?code=France\" target=\"_blank\" rel=\"noopener\">France<\/a>\r\n                <\/div>\r\n\r\n                            \r\n                <div class=\"col-md-4 col-sm-12 col-12\">\r\n                    <a href=\"https:\/\/www.apcteamsite.com\/aftermarket\/country?code=Germany\" target=\"_blank\" rel=\"noopener\">Germany<\/a>\r\n                <\/div>\r\n\r\n                            \r\n                <div class=\"col-md-4 col-sm-12 col-12\">\r\n                    <a href=\"https:\/\/www.apcteamsite.com\/aftermarket\/country?code=Eastern Europe\" target=\"_blank\" rel=\"noopener\">Greece<\/a>\r\n                <\/div>\r\n\r\n                            \r\n                <div class=\"col-md-4 col-sm-12 col-12\">\r\n                    <a href=\"https:\/\/www.apcteamsite.com\/aftermarket\/country?code=Ireland\" target=\"_blank\" rel=\"noopener\">Ireland<\/a>\r\n                <\/div>\r\n\r\n                            \r\n                <div class=\"col-md-4 col-sm-12 col-12\">\r\n                    <a href=\"https:\/\/www.apcteamsite.com\/aftermarket\/country?code=Italy\" target=\"_blank\" rel=\"noopener\">Italy<\/a>\r\n                <\/div>\r\n\r\n                            \r\n                <div class=\"col-md-4 col-sm-12 col-12\">\r\n                    <a href=\"https:\/\/www.apcteamsite.com\/aftermarket\/country?code=Eastern Europe\" target=\"_blank\" rel=\"noopener\">Macedonia<\/a>\r\n                <\/div>\r\n\r\n                            \r\n                <div class=\"col-md-4 col-sm-12 col-12\">\r\n                    <a href=\"https:\/\/www.apcteamsite.com\/aftermarket\/country?code=Eastern Europe\" target=\"_blank\" rel=\"noopener\">Moldavia<\/a>\r\n                <\/div>\r\n\r\n                            \r\n                <div class=\"col-md-4 col-sm-12 col-12\">\r\n                    <a href=\"https:\/\/www.apcteamsite.com\/aftermarket\/country?code=Eastern Europe\" target=\"_blank\" rel=\"noopener\">Montenegro<\/a>\r\n                <\/div>\r\n\r\n                            \r\n                <div class=\"col-md-4 col-sm-12 col-12\">\r\n                    <a href=\"https:\/\/www.apcteamsite.com\/aftermarket\/country?code=Norway\" target=\"_blank\" rel=\"noopener\">Norway<\/a>\r\n                <\/div>\r\n\r\n                            \r\n                <div class=\"col-md-4 col-sm-12 col-12\">\r\n                    <a href=\"https:\/\/www.apcteamsite.com\/aftermarket\/country?code=Poland\" target=\"_blank\" rel=\"noopener\">Poland<\/a>\r\n                <\/div>\r\n\r\n                            \r\n                <div class=\"col-md-4 col-sm-12 col-12\">\r\n                    <a href=\"https:\/\/www.apcteamsite.com\/aftermarket\/country?code=Eastern Europe\" target=\"_blank\" rel=\"noopener\">Romania<\/a>\r\n                <\/div>\r\n\r\n                            \r\n                <div class=\"col-md-4 col-sm-12 col-12\">\r\n                    <a href=\"https:\/\/www.apcteamsite.com\/aftermarket\/country?code=Eastern Europe\" target=\"_blank\" rel=\"noopener\">Serbia<\/a>\r\n                <\/div>\r\n\r\n                            \r\n                <div class=\"col-md-4 col-sm-12 col-12\">\r\n                    <a href=\"https:\/\/www.apcteamsite.com\/aftermarket\/country?code=Slovakia\" target=\"_blank\" rel=\"noopener\">Slovakia<\/a>\r\n                <\/div>\r\n\r\n                            \r\n                <div class=\"col-md-4 col-sm-12 col-12\">\r\n                    <a href=\"https:\/\/www.apcteamsite.com\/aftermarket\/country?code=Eastern Europe\" target=\"_blank\" rel=\"noopener\">Slovenia<\/a>\r\n                <\/div>\r\n\r\n                            \r\n                <div class=\"col-md-4 col-sm-12 col-12\">\r\n                    <a href=\"https:\/\/www.apcteamsite.com\/aftermarket\/country?code=Spain\" target=\"_blank\" rel=\"noopener\">Spain<\/a>\r\n                <\/div>\r\n\r\n                            \r\n                <div class=\"col-md-4 col-sm-12 col-12\">\r\n                    <a href=\"https:\/\/www.apcteamsite.com\/aftermarket\/country?code=Sweden\" target=\"_blank\" rel=\"noopener\">Sweden<\/a>\r\n                <\/div>\r\n\r\n                            \r\n                <div class=\"col-md-4 col-sm-12 col-12\">\r\n                    <a href=\"https:\/\/www.apcteamsite.com\/aftermarket\/country?code=Switzerland\" target=\"_blank\" rel=\"noopener\">Switzerland<\/a>\r\n                <\/div>\r\n\r\n                            \r\n                <div class=\"col-md-4 col-sm-12 col-12\">\r\n                    <a href=\"https:\/\/www.apcteamsite.com\/aftermarket\/country?code=Netherlands\" target=\"_blank\" rel=\"noopener\">The Netherlands<\/a>\r\n                <\/div>\r\n\r\n                            \r\n                <div class=\"col-md-4 col-sm-12 col-12\">\r\n                    <a href=\"https:\/\/www.apcteamsite.com\/aftermarket\/country?code=Turkey\" target=\"_blank\" rel=\"noopener\">Turkey<\/a>\r\n                <\/div>\r\n\r\n                            \r\n                <div class=\"col-md-4 col-sm-12 col-12\">\r\n                    <a href=\"https:\/\/www.apcteamsite.com\/aftermarket\/country?code=United%20Kingdom\" target=\"_blank\" rel=\"noopener\">UK<\/a>\r\n                <\/div>\r\n\r\n                        \r\n        <\/div>\r\n\r\n\r\n\t\r\n\n<\/div>\n<\/div><\/div><\/div><\/div><\/div><\/div><div id=\"pg-41416-7\"  class=\"panel-grid panel-no-style\" ><div id=\"pgc-41416-7-0\"  class=\"panel-grid-cell\" ><div id=\"panel-41416-7-0-0\" class=\"so-panel widget widget_sow-headline panel-first-child panel-last-child\" data-index=\"7\" ><div\n\t\t\t\n\t\t\tclass=\"so-widget-sow-headline so-widget-sow-headline-default-771b70f7f01f-41416\"\n\t\t\t\n\t\t><div class=\"sow-headline-container \">\n\t\t\t\t\t\t\t<h2 class=\"sow-headline\">\n\t\t\t\t\t\tAsia, Pacifico y Medio Este\t\t\t\t\t\t<\/h2>\n\t\t\t\t\t\t<\/div>\n<\/div><\/div><\/div><\/div><div id=\"pg-41416-8\"  class=\"panel-grid panel-has-style\" ><div id=\"white-link\" class=\"panel-row-style panel-row-style-for-41416-8\" ><div id=\"pgc-41416-8-0\"  class=\"panel-grid-cell\" ><div id=\"panel-41416-8-0-0\" class=\"so-panel widget widget_sow-editor panel-first-child panel-last-child\" data-index=\"8\" ><div id=\"account-special-links\" class=\"panel-widget-style panel-widget-style-for-41416-8-0-0\" ><div\n\t\t\t\n\t\t\tclass=\"so-widget-sow-editor so-widget-sow-editor-base\"\n\t\t\t\n\t\t>\n<div class=\"siteorigin-widget-tinymce textwidget\">\n\t\r\n\t\r\n        <div class=\"row\">\r\n\r\n                            \r\n                <div class=\"col-md-4 col-sm-12 col-12\">\r\n                    <a href=\"https:\/\/www.apcteamsite.com\/aftermarket\/country?code=Australia\" target=\"_blank\" rel=\"noopener\">Australia<\/a>\r\n                <\/div>\r\n\r\n                            \r\n                <div class=\"col-md-4 col-sm-12 col-12\">\r\n                    <a href=\"https:\/\/www.apcteamsite.com\/aftermarket\/country?code=China\" target=\"_blank\" rel=\"noopener\">China<\/a>\r\n                <\/div>\r\n\r\n                            \r\n                <div class=\"col-md-4 col-sm-12 col-12\">\r\n                    <a href=\"https:\/\/www.apcteamsite.com\/aftermarket\/country?code=India\" target=\"_blank\" rel=\"noopener\">India, Bangladesh, Sri Lanka, Nepal<\/a>\r\n                <\/div>\r\n\r\n                            \r\n                <div class=\"col-md-4 col-sm-12 col-12\">\r\n                    <a href=\"https:\/\/www.apcteamsite.com\/aftermarket\/country?code=Malaysia\" target=\"_blank\" rel=\"noopener\">Malaysia<\/a>\r\n                <\/div>\r\n\r\n                            \r\n                <div class=\"col-md-4 col-sm-12 col-12\">\r\n                    <a href=\"https:\/\/www.apcteamsite.com\/aftermarket\/country?code=Philippines\" target=\"_blank\" rel=\"noopener\">Philippines<\/a>\r\n                <\/div>\r\n\r\n                            \r\n                <div class=\"col-md-4 col-sm-12 col-12\">\r\n                    <a href=\"https:\/\/www.apcteamsite.com\/aftermarket\/country?code=Singapore\" target=\"_blank\" rel=\"noopener\">Singapore, Indonesia<\/a>\r\n                <\/div>\r\n\r\n                            \r\n                <div class=\"col-md-4 col-sm-12 col-12\">\r\n                    <a href=\"https:\/\/www.apcteamsite.com\/aftermarket\/country?code=Taiwan\" target=\"_blank\" rel=\"noopener\">Taiwan<\/a>\r\n                <\/div>\r\n\r\n                            \r\n                <div class=\"col-md-4 col-sm-12 col-12\">\r\n                    <a href=\"https:\/\/www.apcteamsite.com\/aftermarket\/country?code=Thailand\" target=\"_blank\" rel=\"noopener\">Thailand, Cambodia, Laos, Myanmar, Vietnam<\/a>\r\n                <\/div>\r\n\r\n                        \r\n        <\/div>\r\n\r\n\r\n\t\r\n\n<\/div>\n<\/div><\/div><\/div><\/div><\/div><\/div><div id=\"pg-41416-9\"  class=\"panel-grid panel-no-style\" ><div id=\"pgc-41416-9-0\"  class=\"panel-grid-cell\" ><div id=\"panel-41416-9-0-0\" class=\"so-panel widget widget_sow-editor panel-first-child panel-last-child\" data-index=\"9\" ><div\n\t\t\t\n\t\t\tclass=\"so-widget-sow-editor so-widget-sow-editor-base\"\n\t\t\t\n\t\t>\n<div class=\"siteorigin-widget-tinymce textwidget\">\n\t<h3>\u00bfS\u00fa pa\u00eds no est\u00e1 listado?<\/h3>\n<p>Si su pa\u00eds no figura en la lista anterior, utilice nuestro <a href=\"https:\/\/camfilapc.com\/contact-us\/\">formulario de contacto<\/a> para ponerse en contacto con su contacto local de Camfil APC. <a href=\"https:\/\/camfilapc.com\/contact-us\/filter-quick-quote\/\">\u00bfQuieres una Cotizacion R\u00e1pida?<\/a><\/p>\n<\/div>\n<\/div><\/div><\/div><\/div><\/div>","protected":false},"excerpt":{"rendered":"<p>Contamos con especialistas para su regi\u00f3n que pueden ayudarlo a seleccionar los filtros y piezas de repuesto adecuadas para su colector. Somos amigable y f\u00e1ciles de contactar. Por favor, seleccione su pa\u00eds a continuaci\u00f3n.<\/p>\n","protected":false},"author":1,"featured_media":0,"parent":41401,"menu_order":0,"comment_status":"closed","ping_status":"closed","template":"","meta":{"_acf_changed":false,"footnotes":""},"class_list":["post-41416","page","type-page","status-publish","hentry"],"acf":[],"_links":{"self":[{"href":"https:\/\/camfilapc.com\/es\/wp-json\/wp\/v2\/pages\/41416","targetHints":{"allow":["GET"]}}],"collection":[{"href":"https:\/\/camfilapc.com\/es\/wp-json\/wp\/v2\/pages"}],"about":[{"href":"https:\/\/camfilapc.com\/es\/wp-json\/wp\/v2\/types\/page"}],"author":[{"embeddable":true,"href":"https:\/\/camfilapc.com\/es\/wp-json\/wp\/v2\/users\/1"}],"replies":[{"embeddable":true,"href":"https:\/\/camfilapc.com\/es\/wp-json\/wp\/v2\/comments?post=41416"}],"version-history":[{"count":0,"href":"https:\/\/camfilapc.com\/es\/wp-json\/wp\/v2\/pages\/41416\/revisions"}],"up":[{"embeddable":true,"href":"https:\/\/camfilapc.com\/es\/wp-json\/wp\/v2\/pages\/41401"}],"wp:attachment":[{"href":"https:\/\/camfilapc.com\/es\/wp-json\/wp\/v2\/media?parent=41416"}],"curies":[{"name":"wp","href":"https:\/\/api.w.org\/{rel}","templated":true}]}}