{"id":41411,"date":"2017-08-17T11:47:32","date_gmt":"2017-08-17T15:47:32","guid":{"rendered":"https:\/\/camfilapc.com\/contact-us\/filter-quick-quote\/"},"modified":"2023-03-20T14:18:44","modified_gmt":"2023-03-20T18:18:44","slug":"filter-quick-quote","status":"publish","type":"page","link":"https:\/\/camfilapc.com\/es\/contact-us\/filter-quick-quote\/","title":{"rendered":"Cotizaci\u00f3n R\u00e1pida De Filtros"},"content":{"rendered":"<div id=\"pl-41411\"  class=\"panel-layout\" ><div id=\"pg-41411-0\"  class=\"panel-grid panel-has-style\" ><div id=\"product-category-heading\" class=\"panel-row-style panel-row-style-for-41411-0\" ><div id=\"pgc-41411-0-0\"  class=\"panel-grid-cell\" ><div id=\"panel-41411-0-0-0\" class=\"so-panel widget widget_sow-headline panel-first-child panel-last-child\" data-index=\"0\" ><div\n\t\t\t\n\t\t\tclass=\"so-widget-sow-headline so-widget-sow-headline-default-b7615e695e56-41411\"\n\t\t\t\n\t\t><div class=\"sow-headline-container \">\n\t\t\t\t\t\t\t<h2 class=\"sow-headline\">\n\t\t\t\t\t\t\u00bfYa tienes un sistema colector de polvo?\t\t\t\t\t\t<\/h2>\n\t\t\t\t\t\t\t\t\t\t\t<div class=\"decoration\">\n\t\t\t\t\t\t<div class=\"decoration-inside\"><\/div>\n\t\t\t\t\t<\/div>\n\t\t\t\t\t<\/div>\n<\/div><\/div><\/div><\/div><\/div><div id=\"pg-41411-1\"  class=\"panel-grid panel-no-style\" ><div id=\"pgc-41411-1-0\"  class=\"panel-grid-cell\" ><div id=\"panel-41411-1-0-0\" class=\"so-panel widget widget_sow-editor panel-first-child panel-last-child\" data-index=\"1\" ><div\n\t\t\t\n\t\t\tclass=\"so-widget-sow-editor so-widget-sow-editor-base\"\n\t\t\t\n\t\t>\n<div class=\"siteorigin-widget-tinymce textwidget\">\n\t<p>Los filtros HemiPleat\u00ae est\u00e1n disponibles en todas las formas y tama\u00f1os, y como filtros de reemplazo. No importa qu\u00e9 colector de polvo tenga, el filtro HemiPleat puede mejorar su rendimiento. \u00a1Preg\u00fantenos por nuestra garant\u00eda!<\/p>\n<p>Comun\u00edquese con nosotros al 800-479-6801 para obtener una cotizaci\u00f3n r\u00e1pida por tel\u00e9fono, o solicite una cotizaci\u00f3n r\u00e1pida utilizando el formulario a continuaci\u00f3n, el cual llega directamente a nuestro equipo de soporte. Nos pondremos en contacto con usted muy r\u00e1pidamente.<\/p>\n<\/div>\n<\/div><\/div><\/div><\/div><div id=\"pg-41411-2\"  class=\"panel-grid panel-has-style\" ><div class=\"survey panel-row-style panel-row-style-for-41411-2\" id=\"form-hover-div\" ><div id=\"pgc-41411-2-0\"  class=\"panel-grid-cell\" ><div id=\"panel-41411-2-0-0\" class=\"widget_text so-panel widget widget_custom_html panel-first-child panel-last-child\" data-index=\"2\" ><div class=\"textwidget custom-html-widget\"><script type=\"text\/javascript\">var loc = \"https:\/\/us-apc-forms.camfil.com\/camfilapccom-alh89\/pages\/\";<\/script>\n<script type=\"text\/javascript\" src=\"https:\/\/cdn-eu.clickdimensions.com\/web\/v10\/CDWidget.js\"><\/script>\n<div pageID=\"ya3dtl3hee2dgaisjrhaq\"><\/div><\/div><\/div><\/div><\/div><\/div><\/div>","protected":false},"excerpt":{"rendered":"<p>Los filtros HemiPleat\u00ae est\u00e1n disponibles en todas las formas y tama\u00f1os, y como filtros de reemplazo. No importa qu\u00e9 colector de polvo tenga, el filtro HemiPleat puede mejorar su rendimiento. \u00a1Preg\u00fantenos por nuestra garant\u00eda! Comun\u00edquese con nosotros al 800-479-6801 para obtener una cotizaci\u00f3n r\u00e1pida por tel\u00e9fono, o solicite una cotizaci\u00f3n r\u00e1pida utilizando el formulario a continuaci\u00f3n, el cual llega directamente...<\/p>\n","protected":false},"author":1,"featured_media":0,"parent":41401,"menu_order":0,"comment_status":"closed","ping_status":"closed","template":"","meta":{"_acf_changed":false,"footnotes":""},"class_list":["post-41411","page","type-page","status-publish","hentry"],"acf":[],"_links":{"self":[{"href":"https:\/\/camfilapc.com\/es\/wp-json\/wp\/v2\/pages\/41411","targetHints":{"allow":["GET"]}}],"collection":[{"href":"https:\/\/camfilapc.com\/es\/wp-json\/wp\/v2\/pages"}],"about":[{"href":"https:\/\/camfilapc.com\/es\/wp-json\/wp\/v2\/types\/page"}],"author":[{"embeddable":true,"href":"https:\/\/camfilapc.com\/es\/wp-json\/wp\/v2\/users\/1"}],"replies":[{"embeddable":true,"href":"https:\/\/camfilapc.com\/es\/wp-json\/wp\/v2\/comments?post=41411"}],"version-history":[{"count":0,"href":"https:\/\/camfilapc.com\/es\/wp-json\/wp\/v2\/pages\/41411\/revisions"}],"up":[{"embeddable":true,"href":"https:\/\/camfilapc.com\/es\/wp-json\/wp\/v2\/pages\/41401"}],"wp:attachment":[{"href":"https:\/\/camfilapc.com\/es\/wp-json\/wp\/v2\/media?parent=41411"}],"curies":[{"name":"wp","href":"https:\/\/api.w.org\/{rel}","templated":true}]}}