{"id":41388,"date":"2018-04-26T11:49:43","date_gmt":"2018-04-26T15:49:43","guid":{"rendered":"https:\/\/camfilapc.com\/services\/ashrae-standard-199-testing\/"},"modified":"2019-08-20T14:44:16","modified_gmt":"2019-08-20T18:44:16","slug":"ashrae-standard-199-testing","status":"publish","type":"page","link":"https:\/\/camfilapc.com\/es\/services\/ashrae-standard-199-testing\/","title":{"rendered":"Pruebas Est\u00e1ndar ASHRAE 199"},"content":{"rendered":"<div id=\"pl-41388\"  class=\"panel-layout\" ><div id=\"pg-41388-0\"  class=\"panel-grid panel-has-style\" ><div id=\"product-category-heading\" class=\"panel-row-style panel-row-style-for-41388-0\" ><div id=\"pgc-41388-0-0\"  class=\"panel-grid-cell\" ><div id=\"panel-41388-0-0-0\" class=\"so-panel widget widget_sow-headline panel-first-child panel-last-child\" data-index=\"0\" ><div\n\t\t\t\n\t\t\tclass=\"so-widget-sow-headline so-widget-sow-headline-default-5968f6c64b1b-41388\"\n\t\t\t\n\t\t><div class=\"sow-headline-container \">\n\t\t\t\t\t\t\t<h2 class=\"sow-headline\">\n\t\t\t\t\t\tUna Plataforma de Pruebas ASHRAE Est\u00e1ndar 199 Elimina las Suposiciones\t\t\t\t\t\t<\/h2>\n\t\t\t\t\t\t\t\t\t\t\t<div class=\"decoration\">\n\t\t\t\t\t\t<div class=\"decoration-inside\"><\/div>\n\t\t\t\t\t<\/div>\n\t\t\t\t\t<\/div>\n<\/div><\/div><\/div><\/div><\/div><div id=\"pg-41388-1\"  class=\"panel-grid panel-no-style\" ><div id=\"pgc-41388-1-0\"  class=\"panel-grid-cell\" ><div id=\"panel-41388-1-0-0\" class=\"so-panel widget widget_text panel-first-child panel-last-child\" data-index=\"1\" ><div id=\"category-intro-txt\" class=\"panel-widget-style panel-widget-style-for-41388-1-0-0\" >\t\t\t<div class=\"textwidget\"><p>Los filtros saturados, altas emisiones y otros problemas del sistema son s\u00edntomas que los colectores de polvo que funcionan mal. Los expertos de la industria estiman que el 80% de todos los colectores de polvo no funcionan satisfactoriamente. Es una tarea compleja dise\u00f1ar y seleccionar equipos de colecci\u00f3n de polvo correctamente. Requiere un an\u00e1lisis exhaustivo del polvo y los contaminantes del aire, las condiciones de operaci\u00f3n del sistema y muchos otros factores. Sin embargo, con demasiada frecuencia, las decisiones de los equipos se basan en conjeturas, por lo que los colectores de polvo no funcionan como se espera.<\/p>\n<p>Las pruebas ASHRAE Est\u00e1ndar 199 comparan a los colectores de polvo en funci\u00f3n de las condiciones reales de operaci\u00f3n y los datos del rendimiento real: presi\u00f3n diferencial, uso de aire comprimido, consumo de energ\u00eda y emisiones. La norma se aplica a los <a href=\"https:\/\/camfilapc.com\/es\/products\/dust-fume\/x-flo-industrial-dust-collector\/\">colectores de polvo industriales<\/a> que utilizan la limpieza por pulsos de aire comprimido para limpiar los filtros y que el colector pueda continuar funcionando. Con estos datos comparativos sobre la operaci\u00f3n, los costos de energ\u00eda y las emisiones de part\u00edculas, puede tomar decisiones m\u00e1s informadas a largo plazo para reducir los costos de mantenimiento, consumibles y otros costos asociados.<\/p>\n<\/div>\n\t\t<\/div><\/div><\/div><div id=\"pgc-41388-1-1\"  class=\"panel-grid-cell\" ><div id=\"panel-41388-1-1-0\" class=\"so-panel widget widget_sow-image panel-first-child panel-last-child\" data-index=\"2\" ><div class=\"animate-69e0ca81735cc740943086 panels-animation-hide panel-widget-style panel-widget-style-for-41388-1-1-0\" data-so-animation=\"{&quot;selector&quot;:&quot;.animate-69e0ca81735cc740943086&quot;,&quot;animation&quot;:&quot;fadeInRight&quot;,&quot;breakpoint&quot;:&quot;780px&quot;,&quot;duration&quot;:1,&quot;repeat&quot;:0,&quot;hide&quot;:1,&quot;disableAnimationMobile&quot;:0,&quot;finalState&quot;:&quot;visible&quot;,&quot;delay&quot;:0,&quot;debounce&quot;:0.1,&quot;event&quot;:&quot;enter&quot;,&quot;offset&quot;:0}\" ><div\n\t\t\t\n\t\t\tclass=\"so-widget-sow-image so-widget-sow-image-default-8b5b6f678277-41388\"\n\t\t\t\n\t\t>\n<div class=\"sow-image-container\">\n\t\t<img \n\tsrc=\"https:\/\/camfilapc.com\/wp-content\/uploads\/2017\/11\/SPC-199-web.jpg\" width=\"550\" height=\"393\" srcset=\"https:\/\/camfilapc.com\/wp-content\/uploads\/2017\/11\/SPC-199-web.jpg 550w, https:\/\/camfilapc.com\/wp-content\/uploads\/2017\/11\/SPC-199-web-300x214.jpg 300w\" sizes=\"(max-width: 550px) 100vw, 550px\" alt=\"\" \t\tclass=\"so-widget-image\"\/>\n\t<\/div>\n\n<\/div><\/div><\/div><\/div><\/div><div id=\"pg-41388-2\"  class=\"panel-grid panel-has-style\" ><div id=\"product-category-heading\" class=\"panel-row-style panel-row-style-for-41388-2\" ><div id=\"pgc-41388-2-0\"  class=\"panel-grid-cell\" ><div id=\"panel-41388-2-0-0\" class=\"so-panel widget widget_text panel-first-child panel-last-child\" data-index=\"3\" ><div id=\"category-intro-txt\" class=\"panel-widget-style panel-widget-style-for-41388-2-0-0\" ><h3 class=\"widget-title\">Etapas de la Prueba ASHRAE Est\u00e1ndar 199<\/h3>\t\t\t<div class=\"textwidget\"><p>Las pruebas Est\u00e1ndar 199 tienen como objetivo desafiar a los colectores de polvo de manera que imiten el uso en la vida real. La metodolog\u00eda de prueba requiere el uso de polvo de carbonato de calcio con un tama\u00f1o de part\u00edcula, densidad aparente y contenido de humedad espec\u00edficos, como se describe en la norma. La metodolog\u00eda incluye seis etapas:<\/p>\n<ul>\n<li><strong>Etapa 1: Carga inicial de polvo.<\/strong> Introduzca polvo en el colector a la velocidad especificada, sin limpieza por pulsos, hasta que el sistema alcance la presi\u00f3n diferencial especificada.<\/li>\n<li><strong>Etapa 2: Carga inicial de polvo con limpieza por presi\u00f3n.<\/strong> Comience la limpieza por pulsos por diferencial de presi\u00f3n y contin\u00fae alimentando m\u00e1s polvo al mismo caudal de aire. Los puntos de ajuste de alta y baja presi\u00f3n diferencial determinan los intervalos de limpieza. La limpieza por pulsos de aire es el m\u00e9todo de limpieza de filtros mas com\u00fan de la industria.<\/li>\n<li><strong>Etapa 3: Carga de polvo con limpieza continua (por tiempo).<\/strong> Mantenga el caudal de aire y la alimentaci\u00f3n de polvo y contin\u00fae limpiando los filtros a intervalos determinados durante 24 horas o hasta que el sistema alcance la presi\u00f3n diferencial m\u00e1xima especificada.<\/li>\n<li><strong>Etapa 4: Carga final de polvo con limpieza por presi\u00f3n.<\/strong> Pruebe la carga de polvo final con limpieza por diferencial de presion manteniendo el caudal de aire y la alimentaci\u00f3n de polvo. Al igual que en la Etapa 2, los puntos de ajuste de presi\u00f3n diferencial alta y baja activan la limpieza del filtro, cuya frecuencia var\u00eda seg\u00fan el rendimiento del sistema y la presi\u00f3n acumulada.<\/li>\n<li><strong>Etapa 5: Condici\u00f3n Anormal.<\/strong> Mantenga la alimentaci\u00f3n de polvo mientras suspende la limpieza por impulsos para imitar c\u00f3mo funcionar\u00eda el colector de polvo en una condici\u00f3n anormal.<\/li>\n<li><strong>Etapa 6: Condici\u00f3n Post-Anormal.<\/strong> Replique el proceso de limpieza en apagado para simular un escenario posterior a la condici\u00f3n anormal para que el sistema vuelva a sus condiciones normales de operaci\u00f3n.<\/li>\n<\/ul>\n<\/div>\n\t\t<\/div><\/div><\/div><\/div><\/div><div id=\"pg-41388-3\"  class=\"panel-grid panel-no-style\" ><div id=\"pgc-41388-3-0\"  class=\"panel-grid-cell panel-grid-cell-mobile-last\" ><div id=\"panel-41388-3-0-0\" class=\"so-panel widget widget_sow-headline panel-first-child\" data-index=\"4\" ><div\n\t\t\t\n\t\t\tclass=\"so-widget-sow-headline so-widget-sow-headline-default-de014ab79bb5-41388\"\n\t\t\t\n\t\t><div class=\"sow-headline-container \">\n\t<\/div>\n<\/div><\/div><div id=\"panel-41388-3-0-1\" class=\"so-panel widget widget_sow-editor panel-last-child\" data-index=\"5\" ><div\n\t\t\t\n\t\t\tclass=\"so-widget-sow-editor so-widget-sow-editor-base\"\n\t\t\t\n\t\t><h3 class=\"widget-title\">EST\u00c1NDAR 199: PAR\u00c1METROS DE DESEMPE\u00d1O DEL COLECTOR DE POLVO<\/h3>\n<div class=\"siteorigin-widget-tinymce textwidget\">\n\t<\/div>\n<\/div><\/div><\/div><div id=\"pgc-41388-3-1\"  class=\"panel-grid-cell panel-grid-cell-empty\" ><\/div><\/div><div id=\"pg-41388-4\"  class=\"panel-grid panel-has-style\" ><div id=\"product-category-heading\" class=\"panel-row-style panel-row-style-for-41388-4\" ><div id=\"pgc-41388-4-0\"  class=\"panel-grid-cell\" ><div id=\"panel-41388-4-0-0\" class=\"so-panel widget widget_sow-editor panel-first-child\" data-index=\"6\" ><div id=\"general-txt-card\" class=\"panel-widget-style panel-widget-style-for-41388-4-0-0\" ><div\n\t\t\t\n\t\t\tclass=\"so-widget-sow-editor so-widget-sow-editor-base\"\n\t\t\t\n\t\t><h3 class=\"widget-title\">Presi\u00f3n diferencial<\/h3>\n<div class=\"siteorigin-widget-tinymce textwidget\">\n\t<p>Seg\u00fan lo medido en libras por pulgada cuadrada (Psig), la presi\u00f3n diferencial es la energ\u00eda requerida para mover un volumen dado de agua a trav\u00e9s de un sistema. Lecturas de presi\u00f3n diferencial m\u00e1s altas significan costos operativos m\u00e1s altos. Un filtro primario de colector de polvo bien dise\u00f1ado y fabricado correctamente, puede liberar mejor el polvo durante el ciclo de limpieza de por pulsos y reducir la frecuencia de limpiezas, lo que ayuda al sistema a mantener una baja ca\u00edda de presi\u00f3n durante toda la vida \u00fatil del filtro.<\/p>\n<\/div>\n<\/div><\/div><\/div><div id=\"panel-41388-4-0-1\" class=\"so-panel widget widget_sow-editor\" data-index=\"7\" ><div id=\"general-txt-card\" class=\"panel-widget-style panel-widget-style-for-41388-4-0-1\" ><div\n\t\t\t\n\t\t\tclass=\"so-widget-sow-editor so-widget-sow-editor-base\"\n\t\t\t\n\t\t><h3 class=\"widget-title\">Emisiones absolutas<\/h3>\n<div class=\"siteorigin-widget-tinymce textwidget\">\n\t<p>Medido en miligramos por metro c\u00fabico de aire o mg \/ m3, mide la cantidad de material que pasa a trav\u00e9s de los filtros del colector de polvo durante las operaciones normales. Medir las emisiones ayuda a cumplir con ciertas regulaciones de medio ambiente.<\/p>\n<\/div>\n<\/div><\/div><\/div><div id=\"panel-41388-4-0-2\" class=\"so-panel widget widget_sow-editor\" data-index=\"8\" ><div id=\"general-txt-card\" class=\"panel-widget-style panel-widget-style-for-41388-4-0-2\" ><div\n\t\t\t\n\t\t\tclass=\"so-widget-sow-editor so-widget-sow-editor-base\"\n\t\t\t\n\t\t><h3 class=\"widget-title\">Consumo de Aire Comprimido<\/h3>\n<div class=\"siteorigin-widget-tinymce textwidget\">\n\t<p>Se mide en ft3 o en m3, y representa la cantidad de aire comprimido consumido. Se puede usar como un indicador de la cantidad de energ\u00eda requerida para alimentar el sistema de limpieza por pulsos. Esta medici\u00f3n indica la efectividad del sistema de autolimpieza, una limpieza por pulsos m\u00e1s eficiente consume menos aire comprimido.<\/p>\n<\/div>\n<\/div><\/div><\/div><div id=\"panel-41388-4-0-3\" class=\"so-panel widget widget_sow-editor panel-last-child\" data-index=\"9\" ><div id=\"general-txt-card\" class=\"panel-widget-style panel-widget-style-for-41388-4-0-3\" ><div\n\t\t\t\n\t\t\tclass=\"so-widget-sow-editor so-widget-sow-editor-base\"\n\t\t\t\n\t\t><h3 class=\"widget-title\">Consumo Energ\u00e9tico General<\/h3>\n<div class=\"siteorigin-widget-tinymce textwidget\">\n\t<p>Seg\u00fan lo medido en kWh durante el tiempo de la prueba, menos energ\u00eda utilizada significa menores costos generales de energ\u00eda. Se requiere energ\u00eda para hacer funcionar el sistema de limpieza por pulsos, el ventilador que mueve el aire a trav\u00e9s del sistema y el variador de frecuencia que ayuda a mantener constante el caudal de aire y la presi\u00f3n est\u00e1tica. Una limpieza de pulsos m\u00e1s eficiente y una menor ca\u00edda de presi\u00f3n promedio en los filtros reduce la cantidad de energ\u00eda requerida por el ventilador, extiende la vida \u00fatil del filtro y reduce el consumo de energ\u00eda en general.<\/p>\n<\/div>\n<\/div><\/div><\/div><\/div><\/div><\/div><\/div>","protected":false},"excerpt":{"rendered":"<p>Los filtros saturados, altas emisiones y otros problemas del sistema son s\u00edntomas que los colectores de polvo que funcionan mal. Los expertos de la industria estiman que el 80% de todos los colectores de polvo no funcionan satisfactoriamente. Es una tarea compleja dise\u00f1ar y seleccionar equipos de colecci\u00f3n de polvo correctamente. Requiere un an\u00e1lisis exhaustivo del polvo y los contaminantes...<\/p>\n","protected":false},"author":12,"featured_media":0,"parent":41351,"menu_order":0,"comment_status":"closed","ping_status":"closed","template":"template-product-detail.php","meta":{"_acf_changed":false,"footnotes":""},"class_list":["post-41388","page","type-page","status-publish","hentry"],"acf":[],"_links":{"self":[{"href":"https:\/\/camfilapc.com\/es\/wp-json\/wp\/v2\/pages\/41388","targetHints":{"allow":["GET"]}}],"collection":[{"href":"https:\/\/camfilapc.com\/es\/wp-json\/wp\/v2\/pages"}],"about":[{"href":"https:\/\/camfilapc.com\/es\/wp-json\/wp\/v2\/types\/page"}],"author":[{"embeddable":true,"href":"https:\/\/camfilapc.com\/es\/wp-json\/wp\/v2\/users\/12"}],"replies":[{"embeddable":true,"href":"https:\/\/camfilapc.com\/es\/wp-json\/wp\/v2\/comments?post=41388"}],"version-history":[{"count":0,"href":"https:\/\/camfilapc.com\/es\/wp-json\/wp\/v2\/pages\/41388\/revisions"}],"up":[{"embeddable":true,"href":"https:\/\/camfilapc.com\/es\/wp-json\/wp\/v2\/pages\/41351"}],"wp:attachment":[{"href":"https:\/\/camfilapc.com\/es\/wp-json\/wp\/v2\/media?parent=41388"}],"curies":[{"name":"wp","href":"https:\/\/api.w.org\/{rel}","templated":true}]}}