{"id":41376,"date":"2017-08-17T11:33:21","date_gmt":"2017-08-17T15:33:21","guid":{"rendered":"https:\/\/camfilapc.com\/services\/dust-testing\/"},"modified":"2019-08-20T14:27:08","modified_gmt":"2019-08-20T18:27:08","slug":"dust-testing","status":"publish","type":"page","link":"https:\/\/camfilapc.com\/es\/services\/dust-testing\/","title":{"rendered":"Prueba de Polvo"},"content":{"rendered":"<div id=\"pl-41376\"  class=\"panel-layout\" ><div id=\"pg-41376-0\"  class=\"panel-grid panel-has-style\" ><div id=\"product-category-heading\" class=\"panel-row-style panel-row-style-for-41376-0\" ><div id=\"pgc-41376-0-0\"  class=\"panel-grid-cell\" ><div id=\"panel-41376-0-0-0\" class=\"so-panel widget widget_sow-headline panel-first-child panel-last-child\" data-index=\"0\" ><div class=\"dthead panel-widget-style panel-widget-style-for-41376-0-0-0\" ><div\n\t\t\t\n\t\t\tclass=\"so-widget-sow-headline so-widget-sow-headline-default-5968f6c64b1b-41376\"\n\t\t\t\n\t\t><div class=\"sow-headline-container \">\n\t\t\t\t\t\t\t<h2 class=\"sow-headline\">\n\t\t\t\t\t\tAyuda a cumplir las normativas y mejorar el rendimiento del colector de <br \/>polvo\t\t\t\t\t\t<\/h2>\n\t\t\t\t\t\t\t\t\t\t\t<div class=\"decoration\">\n\t\t\t\t\t\t<div class=\"decoration-inside\"><\/div>\n\t\t\t\t\t<\/div>\n\t\t\t\t\t<\/div>\n<\/div><\/div><\/div><\/div><\/div><\/div><div id=\"pg-41376-1\"  class=\"panel-grid panel-no-style\" ><div id=\"pgc-41376-1-0\"  class=\"panel-grid-cell\" ><div id=\"panel-41376-1-0-0\" class=\"so-panel widget widget_text panel-first-child panel-last-child\" data-index=\"1\" ><div id=\"category-intro-txt\" class=\"panel-widget-style panel-widget-style-for-41376-1-0-0\" >\t\t\t<div class=\"textwidget\"><p>Camfil APC reconoce que un sistema de colecci\u00f3n de polvo es una inversi\u00f3n de capital importante y puede convertirse en un gasto operativo importante cuando no funciona correctamente. Nuestro moderno laboratorio de colecci\u00f3n de polvo puede proporcionarle los datos que necesita para evitar conjeturas e invertir de manera inteligente.<\/p>\n<p>Podemos realizar una serie de pruebas a su muestra de polvo, incluyendo desaf\u00edos simulados. Analizamos sus requisitos de rendimiento y utilizamos esta informaci\u00f3n para desarrollar el mejor sistema de colecci\u00f3n de polvo para sus necesidades.<\/p>\n<\/div>\n\t\t<\/div><\/div><\/div><div id=\"pgc-41376-1-1\"  class=\"panel-grid-cell\" ><div id=\"panel-41376-1-1-0\" class=\"so-panel widget widget_sow-editor panel-first-child panel-last-child\" data-index=\"2\" ><div id=\"vimeo-page-embed\" class=\"panel-widget-style panel-widget-style-for-41376-1-1-0\" ><div\n\t\t\t\n\t\t\tclass=\"so-widget-sow-editor so-widget-sow-editor-base\"\n\t\t\t\n\t\t>\n<div class=\"siteorigin-widget-tinymce textwidget\">\n\t<p><iframe loading=\"lazy\" title=\"Lab Capabilities at Camfil APC\" src=\"https:\/\/player.vimeo.com\/video\/306255845?dnt=1&amp;app_id=122963\" width=\"500\" height=\"281\" frameborder=\"0\" allow=\"autoplay; fullscreen; picture-in-picture; clipboard-write; encrypted-media; web-share\" referrerpolicy=\"strict-origin-when-cross-origin\"><\/iframe><\/p>\n<\/div>\n<\/div><\/div><\/div><\/div><\/div><div id=\"pg-41376-2\"  class=\"panel-grid panel-no-style\" ><div id=\"pgc-41376-2-0\"  class=\"panel-grid-cell\" ><div id=\"panel-41376-2-0-0\" class=\"so-panel widget widget_sow-image panel-first-child panel-last-child\" data-index=\"3\" ><div\n\t\t\t\n\t\t\tclass=\"so-widget-sow-image so-widget-sow-image-default-8b5b6f678277-41376\"\n\t\t\t\n\t\t>\n<div class=\"sow-image-container\">\n\t\t<img \n\tsrc=\"https:\/\/camfilapc.com\/wp-content\/uploads\/2018\/12\/Dust-Lab-New1-1.jpg\" width=\"600\" height=\"338\" srcset=\"https:\/\/camfilapc.com\/wp-content\/uploads\/2018\/12\/Dust-Lab-New1-1.jpg 600w, https:\/\/camfilapc.com\/wp-content\/uploads\/2018\/12\/Dust-Lab-New1-1-300x169.jpg 300w\" sizes=\"(max-width: 600px) 100vw, 600px\" title=\"Dust-Lab-New1\" alt=\"\" \t\tclass=\"so-widget-image\"\/>\n\t<\/div>\n\n<\/div><\/div><\/div><div id=\"pgc-41376-2-1\"  class=\"panel-grid-cell\" ><div id=\"panel-41376-2-1-0\" class=\"so-panel widget widget_sow-image panel-first-child panel-last-child\" data-index=\"4\" ><div\n\t\t\t\n\t\t\tclass=\"so-widget-sow-image so-widget-sow-image-default-8b5b6f678277-41376\"\n\t\t\t\n\t\t>\n<div class=\"sow-image-container\">\n\t\t<img \n\tsrc=\"https:\/\/camfilapc.com\/wp-content\/uploads\/2018\/12\/Dust-Lab-New2-1.jpg\" width=\"600\" height=\"338\" srcset=\"https:\/\/camfilapc.com\/wp-content\/uploads\/2018\/12\/Dust-Lab-New2-1.jpg 600w, https:\/\/camfilapc.com\/wp-content\/uploads\/2018\/12\/Dust-Lab-New2-1-300x169.jpg 300w\" sizes=\"(max-width: 600px) 100vw, 600px\" title=\"Dust-Lab-New2\" alt=\"\" \t\tclass=\"so-widget-image\"\/>\n\t<\/div>\n\n<\/div><\/div><\/div><\/div><div id=\"pg-41376-3\"  class=\"panel-grid panel-has-style\" ><div id=\"product-category-heading\" class=\"panel-row-style panel-row-style-for-41376-3\" ><div id=\"pgc-41376-3-0\"  class=\"panel-grid-cell\" ><div id=\"panel-41376-3-0-0\" class=\"so-panel widget widget_sow-headline panel-first-child panel-last-child\" data-index=\"5\" ><div\n\t\t\t\n\t\t\tclass=\"so-widget-sow-headline so-widget-sow-headline-default-de014ab79bb5-41376\"\n\t\t\t\n\t\t><div class=\"sow-headline-container \">\n\t\t\t\t\t\t\t<h2 class=\"sow-headline\">\n\t\t\t\t\t\tM\u00e9todos de Prueba de Polvo\t\t\t\t\t\t<\/h2>\n\t\t\t\t\t\t<\/div>\n<\/div><\/div><\/div><\/div><\/div><div id=\"pg-41376-4\"  class=\"panel-grid panel-has-style\" ><div class=\"siteorigin-panels-stretch animate-69d8e2951f2d5820000306 panels-animation-hide panel-row-style panel-row-style-for-41376-4\" data-stretch-type=\"full\" data-so-animation=\"{&quot;selector&quot;:&quot;.animate-69d8e2951f2d5820000306&quot;,&quot;animation&quot;:&quot;fadeInLeft&quot;,&quot;breakpoint&quot;:&quot;780px&quot;,&quot;duration&quot;:1,&quot;repeat&quot;:0,&quot;hide&quot;:1,&quot;disableAnimationMobile&quot;:0,&quot;finalState&quot;:&quot;visible&quot;,&quot;delay&quot;:0,&quot;debounce&quot;:0,&quot;event&quot;:&quot;enter&quot;,&quot;offset&quot;:0}\" ><div id=\"pgc-41376-4-0\"  class=\"panel-grid-cell\" ><div id=\"panel-41376-4-0-0\" class=\"so-panel widget widget_sow-editor panel-first-child panel-last-child\" data-index=\"6\" ><div id=\"general-txt-card\" class=\"panel-widget-style panel-widget-style-for-41376-4-0-0\" ><div\n\t\t\t\n\t\t\tclass=\"so-widget-sow-editor so-widget-sow-editor-base\"\n\t\t\t\n\t\t><h3 class=\"widget-title\">An\u00e1lisis de Tama\u00f1o de Part\u00edculas<\/h3>\n<div class=\"siteorigin-widget-tinymce textwidget\">\n\t<p>Esto revela la distribuci\u00f3n del tama\u00f1o de part\u00edcula de polvo hasta el rango submicr\u00f3nico. Esta informaci\u00f3n ayuda a determinar la eficiencia de filtraci\u00f3n requerida para poder cumplir con los est\u00e1ndares de emisiones. El analizador de part\u00edculas l\u00e1ser permite identificar el n\u00famero de part\u00edculas de cada tama\u00f1o determinado, el volumen y la masa del polvo. Conocer ambos es importante porque la mayor\u00eda de polvos son mezclas de muchos polvos.<\/p>\n<p>Por ejemplo, el polvo generado en corte por plasma incluye part\u00edculas de carbono submicr\u00f3nicas mezcladas con part\u00edculas de acero mucho m\u00e1s grandes. Las pruebas cient\u00edficas son la \u00fanica forma de identificar las peque\u00f1as part\u00edculas de polvo de carbono, lo que le ayuda a elegir el equipo y los filtros adecuados. El an\u00e1lisis de clasificaci\u00f3n es una prueba relacionada que mide un tama\u00f1o de part\u00edcula mayor a 100 micr\u00f3metros.<\/p>\n<\/div>\n<\/div><\/div><\/div><\/div><\/div><\/div><div id=\"pg-41376-5\"  class=\"panel-grid panel-has-style\" ><div class=\"siteorigin-panels-stretch animate-69d8e2951f433895310986 panels-animation-hide panel-row-style panel-row-style-for-41376-5\" data-stretch-type=\"full\" data-so-animation=\"{&quot;selector&quot;:&quot;.animate-69d8e2951f433895310986&quot;,&quot;animation&quot;:&quot;fadeInRight&quot;,&quot;breakpoint&quot;:&quot;780px&quot;,&quot;duration&quot;:1,&quot;repeat&quot;:0,&quot;hide&quot;:1,&quot;disableAnimationMobile&quot;:0,&quot;finalState&quot;:&quot;visible&quot;,&quot;delay&quot;:0,&quot;debounce&quot;:0,&quot;event&quot;:&quot;enter&quot;,&quot;offset&quot;:0}\" ><div id=\"pgc-41376-5-0\"  class=\"panel-grid-cell\" ><div id=\"panel-41376-5-0-0\" class=\"so-panel widget widget_sow-editor panel-first-child panel-last-child\" data-index=\"7\" ><div id=\"general-txt-card\" class=\"panel-widget-style panel-widget-style-for-41376-5-0-0\" ><div\n\t\t\t\n\t\t\tclass=\"so-widget-sow-editor so-widget-sow-editor-base\"\n\t\t\t\n\t\t><h3 class=\"widget-title\">Video de Microscopio<\/h3>\n<div class=\"siteorigin-widget-tinymce textwidget\">\n\t<p><img loading=\"lazy\" decoding=\"async\" class=\"wp-image-4708 alignleft\" src=\"https:\/\/camfilapc.com\/wp-content\/uploads\/2017\/08\/content_SEM-4000x-view-web.jpg\" alt=\"\" width=\"321\" height=\"164\" \/><\/p>\n<p>Utilizamos un microscopio electr\u00f3nico de barrido (SEM) para el an\u00e1lisis visual de la forma y las caracter\u00edsticas del polvo. Por ejemplo, una inspecci\u00f3n detallada revelar\u00e1 si es una estructura cristalina con bordes irregulares como el humo de s\u00edlice o part\u00edculas met\u00e1licas esf\u00e9ricas.<\/p>\n<p>Junto con el an\u00e1lisis del tama\u00f1o de part\u00edcula, esta herramienta es vital para la selecci\u00f3n adecuada del equipo, ya que a menudo ayuda a determinar qu\u00e9 tipo de colector se debe usar.<\/p>\n<p>El aumento de 4000x de un microscopio electr\u00f3nico proporciona una visi\u00f3n clara de las nanofibras en los filtros.<\/p>\n<\/div>\n<\/div><\/div><\/div><\/div><\/div><\/div><div id=\"pg-41376-6\"  class=\"panel-grid panel-has-style\" ><div class=\"siteorigin-panels-stretch animate-69d8e2951fa7c698698897 panels-animation-hide panel-row-style panel-row-style-for-41376-6\" data-stretch-type=\"full\" data-so-animation=\"{&quot;selector&quot;:&quot;.animate-69d8e2951fa7c698698897&quot;,&quot;animation&quot;:&quot;fadeInLeft&quot;,&quot;breakpoint&quot;:&quot;780px&quot;,&quot;duration&quot;:1,&quot;repeat&quot;:0,&quot;hide&quot;:1,&quot;disableAnimationMobile&quot;:0,&quot;finalState&quot;:&quot;visible&quot;,&quot;delay&quot;:0,&quot;debounce&quot;:0,&quot;event&quot;:&quot;enter&quot;,&quot;offset&quot;:0}\" ><div id=\"pgc-41376-6-0\"  class=\"panel-grid-cell\" ><div id=\"panel-41376-6-0-0\" class=\"so-panel widget widget_sow-editor panel-first-child panel-last-child\" data-index=\"8\" ><div id=\"general-txt-card\" class=\"panel-widget-style panel-widget-style-for-41376-6-0-0\" ><div\n\t\t\t\n\t\t\tclass=\"so-widget-sow-editor so-widget-sow-editor-base\"\n\t\t\t\n\t\t><h3 class=\"widget-title\">Picn\u00f3metro<\/h3>\n<div class=\"siteorigin-widget-tinymce textwidget\">\n\t<p>Este aparato de prueba determina la verdadera gravedad espec\u00edfica del polvo en oposici\u00f3n a la densidad aparente. La gravedad espec\u00edfica es el peso de un material dado como un bloque s\u00f3lido. Por ejemplo, el aluminio pesa 165 libras por pie c\u00fabico. La densidad aparente es el peso del mismo material en forma de polvo. Por ejemplo, el polvo de aluminio proyectado por llama pesa solo de 1 a 2 libras por pie c\u00fabico. La prueba del picn\u00f3metro puede ayudar a determinar la eficiencia de los colectores de polvo de tipo cicl\u00f3nico.<\/p>\n<\/div>\n<\/div><\/div><\/div><\/div><\/div><\/div><div id=\"pg-41376-7\"  class=\"panel-grid panel-has-style\" ><div class=\"siteorigin-panels-stretch animate-69d8e2951fb98509174554 panels-animation-hide panel-row-style panel-row-style-for-41376-7\" data-stretch-type=\"full\" data-so-animation=\"{&quot;selector&quot;:&quot;.animate-69d8e2951fb98509174554&quot;,&quot;animation&quot;:&quot;fadeInLeft&quot;,&quot;breakpoint&quot;:&quot;780px&quot;,&quot;duration&quot;:1,&quot;repeat&quot;:0,&quot;hide&quot;:1,&quot;disableAnimationMobile&quot;:0,&quot;finalState&quot;:&quot;visible&quot;,&quot;delay&quot;:0,&quot;debounce&quot;:0,&quot;event&quot;:&quot;enter&quot;,&quot;offset&quot;:0}\" ><div id=\"pgc-41376-7-0\"  class=\"panel-grid-cell\" ><div id=\"panel-41376-7-0-0\" class=\"so-panel widget widget_sow-editor panel-first-child panel-last-child\" data-index=\"9\" ><div id=\"general-txt-card\" class=\"panel-widget-style panel-widget-style-for-41376-7-0-0\" ><div\n\t\t\t\n\t\t\tclass=\"so-widget-sow-editor so-widget-sow-editor-base\"\n\t\t\t\n\t\t><h3 class=\"widget-title\">Pruebas de Abrasi\u00f3n<\/h3>\n<div class=\"siteorigin-widget-tinymce textwidget\">\n\t<p>Esto mide la abrasividad relativa del polvo. Esto ayuda a determinar el dise\u00f1o \u00f3ptimo de los componentes de manejo de polvo, incluidas las v\u00e1lvulas rotativas, la entrada del colector de polvo y los ductos. Por ejemplo, al capturar un polvo altamente abrasivo como el esmerilado de hierro, el colector debe dise\u00f1arse con una baja velocidad de entrada. Si la velocidad de entrada es demasiado alta, el polvo erosionar\u00e1 los filtros y causar\u00e1 un desgaste prematuro.<\/p>\n<\/div>\n<\/div><\/div><\/div><\/div><\/div><\/div><div id=\"pg-41376-8\"  class=\"panel-grid panel-has-style\" ><div class=\"siteorigin-panels-stretch animate-69d8e2951fcb0743553476 panels-animation-hide panel-row-style panel-row-style-for-41376-8\" data-stretch-type=\"full\" data-so-animation=\"{&quot;selector&quot;:&quot;.animate-69d8e2951fcb0743553476&quot;,&quot;animation&quot;:&quot;fadeInRight&quot;,&quot;breakpoint&quot;:&quot;780px&quot;,&quot;duration&quot;:1,&quot;repeat&quot;:0,&quot;hide&quot;:1,&quot;disableAnimationMobile&quot;:0,&quot;finalState&quot;:&quot;visible&quot;,&quot;delay&quot;:0,&quot;debounce&quot;:0,&quot;event&quot;:&quot;enter&quot;,&quot;offset&quot;:0}\" ><div id=\"pgc-41376-8-0\"  class=\"panel-grid-cell\" ><div id=\"panel-41376-8-0-0\" class=\"so-panel widget widget_sow-editor panel-first-child panel-last-child\" data-index=\"10\" ><div id=\"general-txt-card\" class=\"panel-widget-style panel-widget-style-for-41376-8-0-0\" ><div\n\t\t\t\n\t\t\tclass=\"so-widget-sow-editor so-widget-sow-editor-base\"\n\t\t\t\n\t\t><h3 class=\"widget-title\">Pruebas de Velocidad Terminal<\/h3>\n<div class=\"siteorigin-widget-tinymce textwidget\">\n\t<p>Esto se\u00f1ala la velocidad del aire requerida para levantar el polvo (velocidad de captura). Esta informaci\u00f3n ayuda a determinar el tama\u00f1o correcto del colector de polvo. La prueba de velocidad de transporte revela la velocidad \u00f3ptima necesaria para mover el polvo horizontalmente, ayudando en el dise\u00f1o adecuado del sistema de ductos. El \u00e1ngulo de deslizamiento\/reposo determina el \u00e1ngulo en el que el polvo se desliza libremente, ayudando en el dise\u00f1o de la tolva y la descarga de polvo. Esta prueba identifica adem\u00e1s si el polvo tiende a adherirse o aglomerarse.<\/p>\n<\/div>\n<\/div><\/div><\/div><\/div><\/div><\/div><\/div>","protected":false},"excerpt":{"rendered":"<p>Camfil APC reconoce que un sistema de colecci\u00f3n de polvo es una inversi\u00f3n de capital importante y puede convertirse en un gasto operativo importante cuando no funciona correctamente. Nuestro moderno laboratorio de colecci\u00f3n de polvo puede proporcionarle los datos que necesita para evitar conjeturas e invertir de manera inteligente. Podemos realizar una serie de pruebas a su muestra de polvo,...<\/p>\n","protected":false},"author":1,"featured_media":0,"parent":41351,"menu_order":0,"comment_status":"closed","ping_status":"closed","template":"","meta":{"_acf_changed":false,"footnotes":""},"class_list":["post-41376","page","type-page","status-publish","hentry"],"acf":[],"_links":{"self":[{"href":"https:\/\/camfilapc.com\/es\/wp-json\/wp\/v2\/pages\/41376","targetHints":{"allow":["GET"]}}],"collection":[{"href":"https:\/\/camfilapc.com\/es\/wp-json\/wp\/v2\/pages"}],"about":[{"href":"https:\/\/camfilapc.com\/es\/wp-json\/wp\/v2\/types\/page"}],"author":[{"embeddable":true,"href":"https:\/\/camfilapc.com\/es\/wp-json\/wp\/v2\/users\/1"}],"replies":[{"embeddable":true,"href":"https:\/\/camfilapc.com\/es\/wp-json\/wp\/v2\/comments?post=41376"}],"version-history":[{"count":0,"href":"https:\/\/camfilapc.com\/es\/wp-json\/wp\/v2\/pages\/41376\/revisions"}],"up":[{"embeddable":true,"href":"https:\/\/camfilapc.com\/es\/wp-json\/wp\/v2\/pages\/41351"}],"wp:attachment":[{"href":"https:\/\/camfilapc.com\/es\/wp-json\/wp\/v2\/media?parent=41376"}],"curies":[{"name":"wp","href":"https:\/\/api.w.org\/{rel}","templated":true}]}}