{"id":41370,"date":"2017-08-17T11:33:04","date_gmt":"2017-08-17T15:33:04","guid":{"rendered":"https:\/\/camfilapc.com\/services\/regulation-compliance\/"},"modified":"2025-01-16T15:24:24","modified_gmt":"2025-01-16T20:24:24","slug":"regulation-compliance","status":"publish","type":"page","link":"https:\/\/camfilapc.com\/es\/services\/regulation-compliance\/","title":{"rendered":"Cumplimiento Normativo"},"content":{"rendered":"<div id=\"pl-41370\"  class=\"panel-layout\" ><div id=\"pg-41370-0\"  class=\"panel-grid panel-has-style\" ><div class=\"panel-row-style panel-row-style-for-41370-0\" ><div id=\"pgc-41370-0-0\"  class=\"panel-grid-cell\" ><div id=\"panel-41370-0-0-0\" class=\"so-panel widget widget_sow-headline panel-first-child panel-last-child\" data-index=\"0\" ><div\n\t\t\t\n\t\t\tclass=\"so-widget-sow-headline so-widget-sow-headline-default-4daa13cf9bf1-41370\"\n\t\t\t\n\t\t><div class=\"sow-headline-container \">\n\t\t\t\t\t\t\t<h2 class=\"sow-headline\">\n\t\t\t\t\t\t\u00bfESTA SU FABRICA PROTEGIDA DE UNA EXPLOSION EN SU COLECTOR DE POLVO?\t\t\t\t\t\t<\/h2>\n\t\t\t\t\t\t\t\t\t\t\t<div class=\"decoration\">\n\t\t\t\t\t\t<div class=\"decoration-inside\"><\/div>\n\t\t\t\t\t<\/div>\n\t\t\t\t\t<\/div>\n<\/div><\/div><\/div><\/div><\/div><div id=\"pg-41370-1\"  class=\"panel-grid panel-no-style\" ><div id=\"pgc-41370-1-0\"  class=\"panel-grid-cell\" ><div id=\"panel-41370-1-0-0\" class=\"so-panel widget widget_sow-editor panel-first-child panel-last-child\" data-index=\"1\" ><div class=\"panel-widget-style panel-widget-style-for-41370-1-0-0\" ><div\n\t\t\t\n\t\t\tclass=\"so-widget-sow-editor so-widget-sow-editor-base\"\n\t\t\t\n\t\t>\n<div class=\"siteorigin-widget-tinymce textwidget\">\n\t<div class=\"compliance_three_box\">\n<div class=\"compliance_three_box_inner\">\n<div class=\"icon\"><img decoding=\"async\" src=\"https:\/\/mk0camfilapcrljwv1wd.kinstacdn.com\/wp-content\/uploads\/2019\/02\/check.png\"\/><\/div>\n<div class=\"text\">\n<h2>OSHA<\/h2>\n<\/div>\n<\/div>\n<\/div>\n<\/div>\n<\/div><\/div><\/div><\/div><div id=\"pgc-41370-1-1\"  class=\"panel-grid-cell\" ><div id=\"panel-41370-1-1-0\" class=\"so-panel widget widget_sow-editor panel-first-child panel-last-child\" data-index=\"2\" ><div class=\"panel-widget-style panel-widget-style-for-41370-1-1-0\" ><div\n\t\t\t\n\t\t\tclass=\"so-widget-sow-editor so-widget-sow-editor-base\"\n\t\t\t\n\t\t>\n<div class=\"siteorigin-widget-tinymce textwidget\">\n\t<div class=\"compliance_three_box\">\n<div class=\"compliance_three_box_inner\">\n<div class=\"icon\"><img decoding=\"async\" src=\"https:\/\/mk0camfilapcrljwv1wd.kinstacdn.com\/wp-content\/uploads\/2019\/02\/check.png\"\/><\/div>\n<div class=\"text\">\n<h2>NFPA<\/h2>\n<\/div>\n<\/div>\n<\/div>\n<\/div>\n<\/div><\/div><\/div><\/div><div id=\"pgc-41370-1-2\"  class=\"panel-grid-cell\" ><div id=\"panel-41370-1-2-0\" class=\"so-panel widget widget_sow-editor panel-first-child panel-last-child\" data-index=\"3\" ><div class=\"panel-widget-style panel-widget-style-for-41370-1-2-0\" ><div\n\t\t\t\n\t\t\tclass=\"so-widget-sow-editor so-widget-sow-editor-base\"\n\t\t\t\n\t\t>\n<div class=\"siteorigin-widget-tinymce textwidget\">\n\t<div class=\"compliance_three_box\">\n<div class=\"compliance_three_box_inner\">\n<div class=\"icon\"><img decoding=\"async\" src=\"https:\/\/mk0camfilapcrljwv1wd.kinstacdn.com\/wp-content\/uploads\/2019\/02\/check.png\"\/><\/div>\n<div class=\"text\">\n<h2>ATEX<\/h2>\n<\/div>\n<\/div>\n<\/div>\n<\/div>\n<\/div><\/div><\/div><\/div><\/div><div id=\"pg-41370-2\"  class=\"panel-grid panel-no-style\" ><div id=\"pgc-41370-2-0\"  class=\"panel-grid-cell panel-grid-cell-mobile-last\" ><div id=\"panel-41370-2-0-0\" class=\"so-panel widget widget_text panel-first-child panel-last-child\" data-index=\"4\" ><div class=\"compliance_text panel-widget-style panel-widget-style-for-41370-2-0-0\" >\t\t\t<div class=\"textwidget\"><p>Existe un peligro real de explosiones de polvo combustible en muchas f\u00e1bricas e instalaciones de procesamiento. Y el sistema de colecci\u00f3n de polvo en s\u00ed mismo, si no est\u00e1 dise\u00f1ado adecuadamente para su operaci\u00f3n, puede ser la causa principal de las explosiones. Sus instalaciones y sus empleados podr\u00edan estar en riesgo. Muchos tipos de polvo son combustibles, incluidos los productos alimenticios, metales, papel, pulpa, pl\u00e1sticos, textiles, bios\u00f3lidos, madera, caucho, colorantes, productos farmac\u00e9uticos, qu\u00edmicos y pesticidas. Los entes reguladores como OSHA, ATEX, NFPA y las entidades equivalentes en su pa\u00eds esperan que usted cumpla con las regulaciones. Si no tiene documentos que verifiquen que su polvo no es combustible, debe completar un An\u00e1lisis de Riesgo de Polvo.<\/p>\n<p><strong>\u00a1Podemos ayudar!<\/strong><\/p>\n<\/div>\n\t\t<\/div><\/div><\/div><div id=\"pgc-41370-2-1\"  class=\"panel-grid-cell panel-grid-cell-empty\" ><\/div><\/div><div id=\"pg-41370-3\"  class=\"panel-grid panel-no-style\" ><div id=\"pgc-41370-3-0\"  class=\"panel-grid-cell\" ><div id=\"panel-41370-3-0-0\" class=\"so-panel widget widget_sow-headline panel-first-child panel-last-child\" data-index=\"5\" ><div\n\t\t\t\n\t\t\tclass=\"so-widget-sow-headline so-widget-sow-headline-default-4200a1b9d250-41370\"\n\t\t\t\n\t\t><div class=\"sow-headline-container \">\n\t\t\t\t\t\t\t<h1 class=\"sow-headline\">\n\t\t\t\t\t\tCamfil APC puede ayudar a resolver sus problemas de polvo combustible\t\t\t\t\t\t<\/h1>\n\t\t\t\t\t\t\t\t\t\t\t<div class=\"decoration\">\n\t\t\t\t\t\t<div class=\"decoration-inside\"><\/div>\n\t\t\t\t\t<\/div>\n\t\t\t\t\t<\/div>\n<\/div><\/div><\/div><\/div><div id=\"pg-41370-4\"  class=\"panel-grid panel-has-style\" ><div class=\"dust-problem-content-section siteorigin-panels-stretch panel-row-style panel-row-style-for-41370-4\" data-stretch-type=\"full\" ><div id=\"pgc-41370-4-0\"  class=\"panel-grid-cell\" ><div id=\"panel-41370-4-0-0\" class=\"so-panel widget widget_sow-editor panel-first-child panel-last-child\" data-index=\"6\" ><div class=\"panel-widget-style panel-widget-style-for-41370-4-0-0\" ><div\n\t\t\t\n\t\t\tclass=\"so-widget-sow-editor so-widget-sow-editor-base\"\n\t\t\t\n\t\t>\n<div class=\"siteorigin-widget-tinymce textwidget\">\n\t<div class=\"container-fluid\">\n<div class=\"row\">\n<div class=\"col-sm-6\"><\/div>\n<div class=\"col-sm-6\">\n<div class=\"tab-content\">\n<ul>\n<li><a href=\"\/es\/products\/dust-fume\/farr-gold-industrial-dust-collector\/\">Los colectores de polvo industriales Farr Gold\u00ae Series<\/a> se construyen seg\u00fan sus requisitos y exceden todas las normas de la calidad del aire.<\/li>\n<li><a href=\"\/es\/products\/explosion-prevention-systems\/\">Los accesorios de protecci\u00f3n contra explosiones<\/a> se fabrican de acuerdo con las normas NFPA y ATEX.<\/li>\n<li>Soporte de ingenier\u00eda y soporte t\u00e9cnico.<\/li>\n<li>Un laboratorio de pruebas totalmente equipado capaz de realizar un <a href=\"\/es\/services\/dust-testing\/\">an\u00e1lisis completo de polvo<\/a> y pruebas <a href=\"\/es\/services\/ashrae-standard-199-testing\/\">ASHRAE Est\u00e1ndar 199<\/a>.<\/li>\n<li>Distribuidores entrenados en cumplimiento de las normativas de seguridad ocupacional y medio ambiente.<\/li>\n<li>Los filtros ign\u00edfugos HemiPleat de pliegues uniformes ofrece una eficiencia y rendimiento superior a cualquier otro producto del mercado.<\/li>\n<li><a href=\"https:\/\/university.camfilapc.com\/\">Capacitaci\u00f3n<\/a> en normas NFPA.<\/li>\n<\/ul>\n<\/div>\n<\/div>\n<\/div>\n<\/div>\n<\/div>\n<\/div><\/div><\/div><\/div><\/div><\/div><div id=\"pg-41370-5\"  class=\"panel-grid panel-has-style\" ><div class=\"siteorigin-panels-stretch panel-row-style panel-row-style-for-41370-5\" data-stretch-type=\"full\" ><div id=\"pgc-41370-5-0\"  class=\"panel-grid-cell\" ><div id=\"panel-41370-5-0-0\" class=\"so-panel widget widget_sow-editor panel-first-child panel-last-child\" data-index=\"7\" ><div\n\t\t\t\n\t\t\tclass=\"so-widget-sow-editor so-widget-sow-editor-base\"\n\t\t\t\n\t\t>\n<div class=\"siteorigin-widget-tinymce textwidget\">\n\t<div class=\"dust-problem-content-sub-headline\">\u00bfNo est\u00e1s seguro por d\u00f3nde empezar? Realiza tu consulta sobre polvo combustible GRATIS.\n<\/div>\n<\/div>\n<\/div><\/div><\/div><div id=\"pgc-41370-5-1\"  class=\"panel-grid-cell\" ><div id=\"panel-41370-5-1-0\" class=\"so-panel widget widget_sow-button panel-first-child panel-last-child\" data-index=\"8\" ><div class=\"dust-problem-content-sub-headline-button panel-widget-style panel-widget-style-for-41370-5-1-0\" ><div\n\t\t\t\n\t\t\tclass=\"so-widget-sow-button so-widget-sow-button-flat-7d94a3f19886-41370\"\n\t\t\t\n\t\t><div class=\"ow-button-base ow-button-align-left\"\n>\n\t\t\t<a href=\"http:\/\/us-apc-forms.camfil.com\/cn\/alh89\/dust-consultation\" class=\"sowb-button ow-icon-placement-left ow-button-hover\" rel=\"noopener\">\n\t\t<span>\n\t\t\t\n\t\t\tSolicitud de Consulta\t\t<\/span>\n\t\t\t<\/a>\n\t<\/div>\n<\/div><\/div><\/div><\/div><\/div><\/div><div id=\"pg-41370-6\"  class=\"panel-grid panel-has-style\" ><div class=\"panel-row-style panel-row-style-for-41370-6\" ><div id=\"pgc-41370-6-0\"  class=\"panel-grid-cell\" ><div id=\"panel-41370-6-0-0\" class=\"so-panel widget widget_sow-headline panel-first-child\" data-index=\"9\" ><div class=\"panel-widget-style panel-widget-style-for-41370-6-0-0\" ><div\n\t\t\t\n\t\t\tclass=\"so-widget-sow-headline so-widget-sow-headline-default-f8f968cb4521-41370\"\n\t\t\t\n\t\t><div class=\"sow-headline-container \">\n\t\t\t\t\t\t\t<h2 class=\"sow-headline\">\n\t\t\t\t\t\tSISTEMAS DE PROTECCI\u00d3N DE EXPLOSIONES PARA COLECTORES DE POLVO\t\t\t\t\t\t<\/h2>\n\t\t\t\t\t\t<\/div>\n<\/div><\/div><\/div><div id=\"panel-41370-6-0-1\" class=\"widget_text so-panel widget widget_custom_html panel-last-child\" data-index=\"10\" ><div id=\"video-splash\" class=\"widget_text panel-widget-style panel-widget-style-for-41370-6-0-1\" ><div class=\"textwidget custom-html-widget\"><iframe loading=\"lazy\" src=\"https:\/\/player.vimeo.com\/video\/277458504?color=3e8d66&title=0&byline=0&portrait=0\" width=\"740\" height=\"400px\" frameborder=\"0\" webkitallowfullscreen mozallowfullscreen allowfullscreen><\/iframe><\/div><\/div><\/div><\/div><\/div><\/div><div id=\"pg-41370-7\"  class=\"panel-grid panel-has-style\" ><div class=\"dust-problem-carousel panel-row-style panel-row-style-for-41370-7\" ><div id=\"pgc-41370-7-0\"  class=\"panel-grid-cell\" ><div id=\"panel-41370-7-0-0\" class=\"widget_text so-panel widget widget_custom_html panel-first-child panel-last-child\" data-index=\"11\" ><div class=\"textwidget custom-html-widget\"><div class=\"sow-carousel-title\">\n\t\t<h3 class=\"widget-title\">VIDEOS<\/h3>\n\t\t\n<\/div>\n<style type=\"text\/css\" scoped>.rbs_gallery_69f727ea64a8bSpinner{\r\n\t\t\t\tmargin: 50px auto;\r\n\t\t\t\twidth: 50px;\r\n\t\t\t\theight: 40px;\r\n\t\t\t\ttext-align: center;\r\n\t\t\t\tfont-size: 10px;\r\n\t\t\t}\r\n\t\t\t.rbs_gallery_69f727ea64a8bSpinner > div{\r\n\t\t\t  background-color: #333;\r\n\t\t\t  height: 100%;\r\n\t\t\t  width: 6px;\r\n\t\t\t  display: inline-block;\r\n\t\t\t  -webkit-animation: rbs_gallery_69f727ea64a8b-stretchdelay 1.2s infinite ease-in-out;\r\n\t\t\t  animation: rbs_gallery_69f727ea64a8b-stretchdelay 1.2s infinite ease-in-out;\r\n\t\t\t}\r\n\t\t\t.rbs_gallery_69f727ea64a8bSpinner .rbs_gallery_69f727ea64a8bRect2 {\r\n\t\t\t  -webkit-animation-delay: -1.1s;\r\n\t\t\t  animation-delay: -1.1s;\r\n\t\t\t}\r\n\t\t\t.rbs_gallery_69f727ea64a8bSpinner .rbs_gallery_69f727ea64a8bRect3 {\r\n\t\t\t  -webkit-animation-delay: -1.0s;\r\n\t\t\t  animation-delay: -1.0s;\r\n\t\t\t}\r\n\t\t\t.rbs_gallery_69f727ea64a8bSpinner .rbs_gallery_69f727ea64a8bRect4 {\r\n\t\t\t  -webkit-animation-delay: -0.9s;\r\n\t\t\t  animation-delay: -0.9s;\r\n\t\t\t}\r\n\t\t\t.rbs_gallery_69f727ea64a8bSpinner .rbs_gallery_69f727ea64a8bRect5 {\r\n\t\t\t  -webkit-animation-delay: -0.8s;\r\n\t\t\t  animation-delay: -0.8s;\r\n\t\t\t}\r\n\t\t\t@-webkit-keyframes rbs_gallery_69f727ea64a8b-stretchdelay {\r\n\t\t\t  0%, 40%, 100% { -webkit-transform: scaleY(0.4) }  \r\n\t\t\t  20% { -webkit-transform: scaleY(1.0) }\r\n\t\t\t}\r\n\t\t\t@keyframes rbs_gallery_69f727ea64a8b-stretchdelay {\r\n\t\t\t  0%, 40%, 100% { \r\n\t\t\t    transform: scaleY(0.4);\r\n\t\t\t    -webkit-transform: scaleY(0.4);\r\n\t\t\t  }  20% { \r\n\t\t\t    transform: scaleY(1.0);\r\n\t\t\t    -webkit-transform: scaleY(1.0);\r\n\t\t\t  }\r\n\t\t\t}\r\n\t\t<\/style><div class=\"robo-gallery-wrap robo-gallery-wrap-id37282 robo-gallery-\" ><div id=\"rbs_gallery_69f727ea64a8b-block-loader\" class=\"rbs_gallery_69f727ea64a8bSpinner\"><div class=\"rbs_gallery_69f727ea64a8bRect1\"><\/div> <div class=\"rbs_gallery_69f727ea64a8bRect2\"><\/div> <div class=\"rbs_gallery_69f727ea64a8bRect3\"><\/div> <div class=\"rbs_gallery_69f727ea64a8bRect4\"><\/div> <div class=\"rbs_gallery_69f727ea64a8bRect5\"><\/div><\/div><div id=\"robo_gallery_main_block_rbs_gallery_69f727ea64a8b\" class=\"robogallery-gallery-37282\" style=\"width:100%;  display: none;\"><div id=\"rbs_gallery_69f727ea64a8b\" data-options=\"rbs_gallery_69f727ea64a8b\" style=\"width:100%;\" class=\"robo_gallery  \"><div class=\"rbs-img  category37282 \"  data-columns=\"1\" ><div class=\"rbs-img-image   rbs-lightbox \" ><div class=\"rbs-img-thumbs\"  data-thumbnail=\"https:\/\/camfilapc.com\/wp-content\/uploads\/2018\/09\/Combustible-Dust-An-Insidious-Hazard-e1557166723634.jpg\"  title=\"Combustible-Dust-An-Insidious-Hazard\"  data-width=\"1152\"  data-height=\"648\" ><\/div><div class=\"rbs-img-data-popup\"  data-popup=\"https:\/\/youtube.com\/v=3d37Ca3E4fA\"  data-type=\"iframe\"  title=\"Combustible-Dust-An-Insidious-Hazard\" ><\/div><div class=\"thumbnail-overlay\"><div class=\"rbsTitle \">Combustible-Dust-An-Insidious-Hazard<\/div><div class=\"rbsIcons\"><i class=\"fa fa-chain rbsZoomIcon \" ><\/i><\/div><\/div><\/div><\/div><div class=\"rbs-img  category37282 \"  data-columns=\"1\" ><div class=\"rbs-img-image   rbs-lightbox \" ><div class=\"rbs-img-thumbs\"  data-thumbnail=\"https:\/\/camfilapc.com\/wp-content\/uploads\/2018\/09\/Screenshotter-SafetyFeaturesfortheGoldSeriesXFlo-0\u201957\u201d-e1557158011229.png\"  title=\"Gold Series X-Flo Optional Safety Features\"  data-width=\"1280\"  data-height=\"720\" ><\/div><div class=\"rbs-img-data-popup\"  data-popup=\"https:\/\/vimeo.com\/333140829\"  data-type=\"iframe\"  title=\"Gold Series X-Flo Optional Safety Features\" ><\/div><div class=\"thumbnail-overlay\"><div class=\"rbsTitle \">Gold Series X-Flo Optional Safety Features<\/div><div class=\"rbsIcons\"><i class=\"fa fa-chain rbsZoomIcon \" ><\/i><\/div><\/div><\/div><\/div><div class=\"rbs-img  category37282 \"  data-columns=\"1\" ><div class=\"rbs-img-image   rbs-lightbox \" ><div class=\"rbs-img-thumbs\"  data-thumbnail=\"https:\/\/camfilapc.com\/wp-content\/uploads\/2018\/09\/Screenshotter-CombustibleDustSolutionsDelayed-0\u201904\u201d.png\"  title=\"Screenshotter--CombustibleDustSolutionsDelayed-0\u201904\u201d\"  data-width=\"1280\"  data-height=\"720\" ><\/div><div class=\"rbs-img-data-popup\"  data-popup=\"https:\/\/youtube.com\/v=ADK5doMk3-k\"  data-type=\"iframe\"  title=\"Screenshotter--CombustibleDustSolutionsDelayed-0\u201904\u201d\" ><\/div><div class=\"thumbnail-overlay\"><div class=\"rbsTitle \">Screenshotter--CombustibleDustSolutionsDelayed-0\u201904\u201d<\/div><div class=\"rbsIcons\"><i class=\"fa fa-chain rbsZoomIcon \" ><\/i><\/div><\/div><\/div><\/div><\/div><\/div><\/div><script>var rbs_gallery_69f727ea64a8b = {\"version\":\"5.1.4\",\"id\":37282,\"class\":\"id37282\",\"roboGalleryDelay\":1000,\"mainContainer\":\"#robo_gallery_main_block_rbs_gallery_69f727ea64a8b\",\"loadingContainer\":\"#rbs_gallery_69f727ea64a8b-block-loader\",\"loadingContainerObj\":\"rbs_gallery_69f727ea64a8b-block-loader\",\"columnWidth\":\"auto\",\"columns\":3,\"resolutions\":[{\"columnWidth\":\"auto\",\"columns\":3,\"maxWidth\":960},{\"columnWidth\":\"auto\",\"columns\":2,\"maxWidth\":650},{\"columnWidth\":\"auto\",\"columns\":1,\"maxWidth\":450}],\"lightboxOptions\":{\"gallery\":{\"enabled\":true,\"tCounter\":\"%curr% of %total%\"}},\"overlayEffect\":\"direction-aware-fade\",\"boxesToLoadStart\":12,\"boxesToLoad\":8,\"LoadingWord\":\"Loading...\",\"loadMoreWord\":\"Load More\",\"noMoreEntriesWord\":\"No More Entries\",\"horizontalSpaceBetweenBoxes\":5,\"verticalSpaceBetweenBoxes\":15,\"lazyLoad\":0,\"wrapContainer\":\"#robo-gallery-wrap-rbs_gallery_69f727ea64a8b\"};<\/script>\n<\/div><\/div><\/div><div id=\"pgc-41370-7-1\"  class=\"panel-grid-cell\" ><div id=\"panel-41370-7-1-0\" class=\"so-panel widget widget_sow-editor panel-first-child panel-last-child\" data-index=\"12\" ><div\n\t\t\t\n\t\t\tclass=\"so-widget-sow-editor so-widget-sow-editor-base\"\n\t\t\t\n\t\t>\n<div class=\"siteorigin-widget-tinymce textwidget\">\n\t<div class=\"sow-carousel-title\">\n<h3 class=\"widget-title\">Recursos<\/h3>\n<\/div>\n<div class=\"video-thb-holder\">\n<p><a href=\"https:\/\/camfilapc.com\/download\/mitigating-dust-collector-combustible-dust-hazards\/\"><img loading=\"lazy\" decoding=\"async\" class=\"alignleft wp-image-34484\" title=\"Mitigating Dust Collector Combustible Dust Hazards\" src=\"https:\/\/camfilapc.com\/wp-content\/uploads\/2018\/08\/mitigating-dust-collector-wp-v3.jpg\" alt=\"\" width=\"220\" height=\"270\" \/><\/a><\/p>\n<p>Mitigando los peligrosos polvos combustibles de los colectores de polvo<\/p>\n<p>&nbsp;<\/p>\n<\/div>\n<div class=\"video-thb-holder\">\n<p><a href=\"https:\/\/camfilapc.com\/download\/nfpa-652-countdown\/\"><img loading=\"lazy\" decoding=\"async\" class=\"alignleft wp-image-34490\" src=\"https:\/\/camfilapc.com\/wp-content\/uploads\/2018\/08\/eBookCoverNFPA652.v3.jpg\" alt=\"\" width=\"220\" height=\"270\" \/><\/a><\/p>\n<p>eBook: Aprenda qu\u00e9 incluir en su an\u00e1lisis de riesgo de polvo combustible<\/p>\n<p>&nbsp;<\/p>\n<\/div>\n<\/div>\n<\/div><\/div><\/div><\/div><\/div><div id=\"pg-41370-8\"  class=\"panel-grid panel-has-style\" ><div class=\"panel-row-style panel-row-style-for-41370-8\" ><div id=\"pgc-41370-8-0\"  class=\"panel-grid-cell\" ><div id=\"panel-41370-8-0-0\" class=\"so-panel widget widget_sow-editor panel-first-child panel-last-child\" data-index=\"13\" ><div class=\"panel-widget-style panel-widget-style-for-41370-8-0-0\" ><div\n\t\t\t\n\t\t\tclass=\"so-widget-sow-editor so-widget-sow-editor-base\"\n\t\t\t\n\t\t>\n<div class=\"siteorigin-widget-tinymce textwidget\">\n\t<div class=\"sow-carousel-title\">\n<h3 class=\"widget-title\">PRODUCTOS RECOMENDADOS<\/h3>\n<\/div>\n<\/div>\n<\/div><\/div><\/div><\/div><\/div><\/div><div id=\"pg-41370-9\"  class=\"panel-grid panel-has-style\" ><div class=\"dust-problem-carousel-product panel-row-style panel-row-style-for-41370-9\" ><div id=\"pgc-41370-9-0\"  class=\"panel-grid-cell\" ><div id=\"panel-41370-9-0-0\" class=\"so-panel widget widget_media_image panel-first-child\" data-index=\"14\" ><div class=\"panel-widget-style panel-widget-style-for-41370-9-0-0\" ><a href=\"\/products\/dust-fume\/farr-gold-industrial-dust-collector\/\"><img loading=\"lazy\" decoding=\"async\" width=\"166\" height=\"300\" src=\"https:\/\/camfilapc.com\/wp-content\/uploads\/2018\/10\/gold-series-xflo-sm-166x300.jpg\" class=\"image wp-image-38470  attachment-medium size-medium\" alt=\"Gold Series X Flo\" style=\"max-width: 100%; height: auto;\" srcset=\"https:\/\/camfilapc.com\/wp-content\/uploads\/2018\/10\/gold-series-xflo-sm-166x300.jpg 166w, https:\/\/camfilapc.com\/wp-content\/uploads\/2018\/10\/gold-series-xflo-sm.jpg 228w\" sizes=\"auto, (max-width: 166px) 100vw, 166px\" \/><\/a><\/div><\/div><div id=\"panel-41370-9-0-1\" class=\"so-panel widget widget_sow-editor panel-last-child\" data-index=\"15\" ><div class=\"panel-widget-style panel-widget-style-for-41370-9-0-1\" ><div\n\t\t\t\n\t\t\tclass=\"so-widget-sow-editor so-widget-sow-editor-base\"\n\t\t\t\n\t\t>\n<div class=\"siteorigin-widget-tinymce textwidget\">\n\t<p><a href=\"\/products\/dust-fume\/farr-gold-industrial-dust-collector\/\">Colector De Polvo Industrial Serie Gold<\/a><\/p>\n<\/div>\n<\/div><\/div><\/div><\/div><div id=\"pgc-41370-9-1\"  class=\"panel-grid-cell\" ><div id=\"panel-41370-9-1-0\" class=\"so-panel widget widget_media_image panel-first-child\" data-index=\"16\" ><div class=\"panel-widget-style panel-widget-style-for-41370-9-1-0\" ><a href=\"\/products\/accessories\/explosion-vents\/\"><img loading=\"lazy\" decoding=\"async\" width=\"200\" height=\"189\" src=\"https:\/\/camfilapc.com\/wp-content\/uploads\/2018\/02\/GS_Explosion-Vent-beauty-shot.jpg\" class=\"image wp-image-23288  attachment-200x189 size-200x189\" alt=\"\" style=\"max-width: 100%; height: auto;\" \/><\/a><\/div><\/div><div id=\"panel-41370-9-1-1\" class=\"so-panel widget widget_sow-editor panel-last-child\" data-index=\"17\" ><div class=\"panel-widget-style panel-widget-style-for-41370-9-1-1\" ><div\n\t\t\t\n\t\t\tclass=\"so-widget-sow-editor so-widget-sow-editor-base\"\n\t\t\t\n\t\t>\n<div class=\"siteorigin-widget-tinymce textwidget\">\n\t<p><a href=\"\/products\/accessories\/explosion-vents\/\">Ventanilla de Explosion<\/a><\/p>\n<\/div>\n<\/div><\/div><\/div><\/div><div id=\"pgc-41370-9-2\"  class=\"panel-grid-cell\" ><div id=\"panel-41370-9-2-0\" class=\"so-panel widget widget_media_image panel-first-child\" data-index=\"18\" ><div class=\"panel-widget-style panel-widget-style-for-41370-9-2-0\" ><a href=\"\/products\/accessories\/stinger\/\"><img loading=\"lazy\" decoding=\"async\" width=\"225\" height=\"300\" src=\"https:\/\/camfilapc.com\/wp-content\/uploads\/2017\/09\/stinger-product-225x300.jpg\" class=\"image wp-image-13724  attachment-medium size-medium\" alt=\"\" style=\"max-width: 100%; height: auto;\" srcset=\"https:\/\/camfilapc.com\/wp-content\/uploads\/2017\/09\/stinger-product-225x300.jpg 225w, https:\/\/camfilapc.com\/wp-content\/uploads\/2017\/09\/stinger-product.jpg 500w\" sizes=\"auto, (max-width: 225px) 100vw, 225px\" \/><\/a><\/div><\/div><div id=\"panel-41370-9-2-1\" class=\"so-panel widget widget_sow-editor panel-last-child\" data-index=\"19\" ><div class=\"panel-widget-style panel-widget-style-for-41370-9-2-1\" ><div\n\t\t\t\n\t\t\tclass=\"so-widget-sow-editor so-widget-sow-editor-base\"\n\t\t\t\n\t\t>\n<div class=\"siteorigin-widget-tinymce textwidget\">\n\t<p><a href=\"\/products\/accessories\/stinger\/\">Aislamiento de Explosiones<\/a><\/p>\n<\/div>\n<\/div><\/div><\/div><\/div><div id=\"pgc-41370-9-3\"  class=\"panel-grid-cell\" ><div id=\"panel-41370-9-3-0\" class=\"so-panel widget widget_media_image panel-first-child\" data-index=\"20\" ><div class=\"panel-widget-style panel-widget-style-for-41370-9-3-0\" ><a href=\"\/products\/accessories\/safety-monitoring-filters\/\"><img loading=\"lazy\" decoding=\"async\" width=\"228\" height=\"213\" src=\"https:\/\/camfilapc.com\/wp-content\/uploads\/2017\/12\/ismf-product-thumb.jpg\" class=\"image wp-image-17728  attachment-full size-full\" alt=\"\" style=\"max-width: 100%; height: auto;\" \/><\/a><\/div><\/div><div id=\"panel-41370-9-3-1\" class=\"so-panel widget widget_sow-editor panel-last-child\" data-index=\"21\" ><div class=\"panel-widget-style panel-widget-style-for-41370-9-3-1\" ><div\n\t\t\t\n\t\t\tclass=\"so-widget-sow-editor so-widget-sow-editor-base\"\n\t\t\t\n\t\t>\n<div class=\"siteorigin-widget-tinymce textwidget\">\n\t<p><a href=\"\/products\/accessories\/safety-monitoring-filters\/\">Filtros de Monitoreo de Seguridad<\/a><\/p>\n<\/div>\n<\/div><\/div><\/div><\/div><\/div><\/div><\/div>","protected":false},"excerpt":{"rendered":"<p>OSHA NFPA ATEX<\/p>\n","protected":false},"author":1,"featured_media":0,"parent":41351,"menu_order":0,"comment_status":"closed","ping_status":"closed","template":"","meta":{"_acf_changed":false,"footnotes":""},"class_list":["post-41370","page","type-page","status-publish","hentry"],"acf":[],"_links":{"self":[{"href":"https:\/\/camfilapc.com\/es\/wp-json\/wp\/v2\/pages\/41370","targetHints":{"allow":["GET"]}}],"collection":[{"href":"https:\/\/camfilapc.com\/es\/wp-json\/wp\/v2\/pages"}],"about":[{"href":"https:\/\/camfilapc.com\/es\/wp-json\/wp\/v2\/types\/page"}],"author":[{"embeddable":true,"href":"https:\/\/camfilapc.com\/es\/wp-json\/wp\/v2\/users\/1"}],"replies":[{"embeddable":true,"href":"https:\/\/camfilapc.com\/es\/wp-json\/wp\/v2\/comments?post=41370"}],"version-history":[{"count":0,"href":"https:\/\/camfilapc.com\/es\/wp-json\/wp\/v2\/pages\/41370\/revisions"}],"up":[{"embeddable":true,"href":"https:\/\/camfilapc.com\/es\/wp-json\/wp\/v2\/pages\/41351"}],"wp:attachment":[{"href":"https:\/\/camfilapc.com\/es\/wp-json\/wp\/v2\/media?parent=41370"}],"curies":[{"name":"wp","href":"https:\/\/api.w.org\/{rel}","templated":true}]}}