{"id":41356,"date":"2018-04-27T13:32:28","date_gmt":"2018-04-27T17:32:28","guid":{"rendered":"https:\/\/camfilapc.com\/services\/camfil-cares\/"},"modified":"2019-08-20T14:02:06","modified_gmt":"2019-08-20T18:02:06","slug":"camfil-cares","status":"publish","type":"page","link":"https:\/\/camfilapc.com\/es\/services\/camfil-cares\/","title":{"rendered":"Camfil Cares"},"content":{"rendered":"<div id=\"pl-41356\"  class=\"panel-layout\" ><div id=\"pg-41356-0\"  class=\"panel-grid panel-has-style\" ><div class=\"siteorigin-panels-stretch panel-row-style panel-row-style-for-41356-0\" id=\"camfil-cares-content-block\" data-stretch-type=\"full\" ><div id=\"pgc-41356-0-0\"  class=\"panel-grid-cell\" ><div id=\"panel-41356-0-0-0\" class=\"so-panel widget widget_siteorigin-panels-builder panel-first-child panel-last-child\" data-index=\"0\" ><div id=\"pl-w5d5c34118376b\"  class=\"panel-layout\" ><div id=\"pg-w5d5c34118376b-0\"  class=\"panel-grid panel-has-style\" ><div class=\"panel-row-style panel-row-style-for-w5d5c34118376b-0\" ><div id=\"pgc-w5d5c34118376b-0-0\"  class=\"panel-grid-cell\" ><div id=\"panel-w5d5c34118376b-0-0-0\" class=\"so-panel widget widget_sow-image panel-first-child panel-last-child\" data-index=\"0\" ><div\n\t\t\t\n\t\t\tclass=\"so-widget-sow-image so-widget-sow-image-default-8b5b6f678277\"\n\t\t\t\n\t\t>\n<div class=\"sow-image-container\">\n\t\t<img \n\tsrc=\"https:\/\/camfilapc.com\/wp-content\/uploads\/2018\/04\/machine-worker-2.jpg\" width=\"400\" height=\"267\" srcset=\"https:\/\/camfilapc.com\/wp-content\/uploads\/2018\/04\/machine-worker-2.jpg 400w, https:\/\/camfilapc.com\/wp-content\/uploads\/2018\/04\/machine-worker-2-300x200.jpg 300w, https:\/\/camfilapc.com\/wp-content\/uploads\/2018\/04\/machine-worker-2-272x182.jpg 272w\" sizes=\"(max-width: 400px) 100vw, 400px\" alt=\"\" \t\tclass=\"so-widget-image\"\/>\n\t<\/div>\n\n<\/div><\/div><\/div><div id=\"pgc-w5d5c34118376b-0-1\"  class=\"panel-grid-cell\" ><div id=\"panel-w5d5c34118376b-0-1-0\" class=\"so-panel widget widget_sow-image panel-first-child panel-last-child\" data-index=\"1\" ><div\n\t\t\t\n\t\t\tclass=\"so-widget-sow-image so-widget-sow-image-default-8b5b6f678277\"\n\t\t\t\n\t\t>\n<div class=\"sow-image-container\">\n\t\t<img \n\tsrc=\"https:\/\/camfilapc.com\/wp-content\/uploads\/2018\/04\/medical-worker-v2.jpg\" width=\"400\" height=\"267\" srcset=\"https:\/\/camfilapc.com\/wp-content\/uploads\/2018\/04\/medical-worker-v2.jpg 400w, https:\/\/camfilapc.com\/wp-content\/uploads\/2018\/04\/medical-worker-v2-300x200.jpg 300w, https:\/\/camfilapc.com\/wp-content\/uploads\/2018\/04\/medical-worker-v2-272x182.jpg 272w\" sizes=\"(max-width: 400px) 100vw, 400px\" alt=\"\" \t\tclass=\"so-widget-image\"\/>\n\t<\/div>\n\n<\/div><\/div><\/div><div id=\"pgc-w5d5c34118376b-0-2\"  class=\"panel-grid-cell\" ><div id=\"panel-w5d5c34118376b-0-2-0\" class=\"so-panel widget widget_sow-image panel-first-child panel-last-child\" data-index=\"2\" ><div\n\t\t\t\n\t\t\tclass=\"so-widget-sow-image so-widget-sow-image-default-8b5b6f678277\"\n\t\t\t\n\t\t>\n<div class=\"sow-image-container\">\n\t\t<img \n\tsrc=\"https:\/\/camfilapc.com\/wp-content\/uploads\/2018\/04\/welder-worker.jpg\" width=\"400\" height=\"267\" srcset=\"https:\/\/camfilapc.com\/wp-content\/uploads\/2018\/04\/welder-worker.jpg 400w, https:\/\/camfilapc.com\/wp-content\/uploads\/2018\/04\/welder-worker-300x200.jpg 300w, https:\/\/camfilapc.com\/wp-content\/uploads\/2018\/04\/welder-worker-272x182.jpg 272w\" sizes=\"(max-width: 400px) 100vw, 400px\" alt=\"\" \t\tclass=\"so-widget-image\"\/>\n\t<\/div>\n\n<\/div><\/div><\/div><\/div><\/div><div id=\"pg-w5d5c34118376b-1\"  class=\"panel-grid panel-no-style\" ><div id=\"pgc-w5d5c34118376b-1-0\"  class=\"panel-grid-cell\" ><div id=\"panel-w5d5c34118376b-1-0-0\" class=\"so-panel widget widget_sow-headline panel-first-child panel-last-child\" data-index=\"3\" ><div\n\t\t\t\n\t\t\tclass=\"so-widget-sow-headline so-widget-sow-headline-default-6937a927d7c0\"\n\t\t\t\n\t\t><div class=\"sow-headline-container \">\n\t\t\t\t\t\t\t<h2 class=\"sow-headline\">\n\t\t\t\t\t\tCreemos que respirar aire limpio <br \/> en el lugar de trabajo es un derecho humano.\t\t\t\t\t\t<\/h2>\n\t\t\t\t\t\t<\/div>\n<\/div><\/div><\/div><\/div><\/div><\/div><\/div><\/div><\/div><div id=\"pg-41356-1\"  class=\"panel-grid panel-has-style\" ><div class=\"margin-top-25 panel-row-style panel-row-style-for-41356-1\" ><div id=\"pgc-41356-1-0\"  class=\"panel-grid-cell\" ><div id=\"panel-41356-1-0-0\" class=\"so-panel widget widget_sow-headline panel-first-child panel-last-child\" data-index=\"1\" ><div class=\"center-heading panel-widget-style panel-widget-style-for-41356-1-0-0\" id=\"camfil-cares-side-heading\" ><div\n\t\t\t\n\t\t\tclass=\"so-widget-sow-headline so-widget-sow-headline-default-720d813fc26a-41356\"\n\t\t\t\n\t\t><div class=\"sow-headline-container \">\n\t\t\t\t\t\t\t<h3 class=\"sow-headline\">\n\t\t\t\t\t\tEL MEJOR SERVICIO AL CLIENTE\t\t\t\t\t\t<\/h3>\n\t\t\t\t\t\t<\/div>\n<\/div><\/div><\/div><\/div><div id=\"pgc-41356-1-1\"  class=\"panel-grid-cell\" ><div id=\"panel-41356-1-1-0\" class=\"so-panel widget widget_text panel-first-child panel-last-child\" data-index=\"2\" >\t\t\t<div class=\"textwidget\"><p>En Camfil APC, creemos que respirar aire puro en el lugar de trabajo es un derecho humano. As\u00ed que desarrollamos nuestro programa de atenci\u00f3n al cliente l\u00edder en la industria llamado Camfil Cares (Camfil Se Preocupa). Es nuestro compromiso ayudarlo a mantener el aire limpio en su f\u00e1brica.<\/p>\n<p>Nuestra funci\u00f3n va m\u00e1s all\u00e1 de tomar pedidos de sistemas de colecci\u00f3n de polvo, filtros y accesorios contra explosiones. Comenzamos con una visita al sitio. Le ayudamos a evaluar los polvos y otras part\u00edculas en el aire que se producen en sus procesos de fabricaci\u00f3n. Hacemos lo que sea necesario para evaluar sus necesidades y recomendamos el mejor equipo para resolver sus problemas de polvo y cumplir con las normas de salud ocupacional y medio ambiente (OSHA, ATEX, NFPA y sus normales locales).<\/p>\n<p>Obtendr\u00e1 su equipo nuevo R\u00c1PIDO. Con nuestro dise\u00f1o innovador y modular, podemos configurar, construir y entregar sus colectores de polvo en solo d\u00edas y no en semanas.<\/p>\n<\/div>\n\t\t<\/div><\/div><\/div><\/div><div id=\"pg-41356-2\"  class=\"panel-grid panel-has-style\" ><div class=\"margin-lol panel-row-style panel-row-style-for-41356-2\" ><div id=\"pgc-41356-2-0\"  class=\"panel-grid-cell\" ><div id=\"panel-41356-2-0-0\" class=\"so-panel widget widget_sow-headline panel-first-child panel-last-child\" data-index=\"3\" ><div class=\"center-heading panel-widget-style panel-widget-style-for-41356-2-0-0\" id=\"camfil-cares-side-heading\" ><div\n\t\t\t\n\t\t\tclass=\"so-widget-sow-headline so-widget-sow-headline-default-720d813fc26a-41356\"\n\t\t\t\n\t\t><div class=\"sow-headline-container \">\n\t\t\t\t\t\t\t<h3 class=\"sow-headline\">\n\t\t\t\t\t\tServicios del Programa \u201cCamfil Cares\u201d\t\t\t\t\t\t<\/h3>\n\t\t\t\t\t\t<\/div>\n<\/div><\/div><\/div><\/div><div id=\"pgc-41356-2-1\"  class=\"panel-grid-cell\" ><div id=\"panel-41356-2-1-0\" class=\"so-panel widget widget_text panel-first-child panel-last-child\" data-index=\"4\" >\t\t\t<div class=\"textwidget\"><ul>\n<li>Visitas a sitio.<\/li>\n<li>\u00c1gil respuesta a las llamadas y consultas.<\/li>\n<li>Proporcionar especificaciones para guiar su presupuesto y proceso de licitaci\u00f3n.<\/li>\n<li>Ingenier\u00eda, configuraci\u00f3n y dimensionamiento de colectores para aplicaciones espec\u00edficas.<\/li>\n<li>Prueba de polvo.<\/li>\n<li>Prueba ASHRAE para comparar las opciones de filtro y tipo de material filtratante.<\/li>\n<li>Experiencia con los reglamentos y normas de <a href=\"https:\/\/camfilapc.com\/es\/services\/regulation-compliance\/\">OSHA, EPA, ATEX y NFPA<\/a>.<\/li>\n<li>Entrenamiento para cumplimiento de NFPA y ATEX.<\/li>\n<\/ul>\n<\/div>\n\t\t<\/div><\/div><\/div><\/div><div id=\"pg-41356-3\"  class=\"panel-grid panel-has-style\" ><div id=\"have-question-cta\" class=\"panel-row-style panel-row-style-for-41356-3\" ><div id=\"pgc-41356-3-0\"  class=\"panel-grid-cell\" ><div id=\"panel-41356-3-0-0\" class=\"so-panel widget widget_text panel-first-child panel-last-child\" data-index=\"5\" ><div class=\"panel-widget-style panel-widget-style-for-41356-3-0-0\" >\t\t\t<div class=\"textwidget\"><div class=\"greenBoldText\">\n<h2>\u00bfTienes una pregunta?<\/h2>\n<p>Contacte a nuestros expertos en colecci\u00f3n de polvo hoy.<\/p>\n<\/div>\n<\/div>\n\t\t<\/div><\/div><\/div><div id=\"pgc-41356-3-1\"  class=\"panel-grid-cell\" ><div id=\"panel-41356-3-1-0\" class=\"so-panel widget widget_sow-button panel-first-child panel-last-child\" data-index=\"6\" ><div\n\t\t\t\n\t\t\tclass=\"so-widget-sow-button so-widget-sow-button-flat-981da45c3c55-41356\"\n\t\t\t\n\t\t><div class=\"ow-button-base ow-button-align-center\"\n>\n\t\t\t<a\n\t\t\t\t\thref=\"\/contact-us\/\"\n\t\t\t\t\tclass=\"sowb-button ow-icon-placement-left ow-button-hover\" \t>\n\t\t<span>\n\t\t\t\n\t\t\tCont\u00e1ctenos\t\t<\/span>\n\t\t\t<\/a>\n\t<\/div>\n<\/div><\/div><\/div><\/div><\/div><\/div>","protected":false},"excerpt":{"rendered":"<p>En Camfil APC, creemos que respirar aire puro en el lugar de trabajo es un derecho humano. As\u00ed que desarrollamos nuestro programa de atenci\u00f3n al cliente l\u00edder en la industria llamado Camfil Cares (Camfil Se Preocupa). Es nuestro compromiso ayudarlo a mantener el aire limpio en su f\u00e1brica. Nuestra funci\u00f3n va m\u00e1s all\u00e1 de tomar pedidos de sistemas de colecci\u00f3n...<\/p>\n","protected":false},"author":1,"featured_media":0,"parent":41351,"menu_order":0,"comment_status":"closed","ping_status":"closed","template":"template-product-detail.php","meta":{"_acf_changed":false,"footnotes":""},"class_list":["post-41356","page","type-page","status-publish","hentry"],"acf":[],"_links":{"self":[{"href":"https:\/\/camfilapc.com\/es\/wp-json\/wp\/v2\/pages\/41356","targetHints":{"allow":["GET"]}}],"collection":[{"href":"https:\/\/camfilapc.com\/es\/wp-json\/wp\/v2\/pages"}],"about":[{"href":"https:\/\/camfilapc.com\/es\/wp-json\/wp\/v2\/types\/page"}],"author":[{"embeddable":true,"href":"https:\/\/camfilapc.com\/es\/wp-json\/wp\/v2\/users\/1"}],"replies":[{"embeddable":true,"href":"https:\/\/camfilapc.com\/es\/wp-json\/wp\/v2\/comments?post=41356"}],"version-history":[{"count":0,"href":"https:\/\/camfilapc.com\/es\/wp-json\/wp\/v2\/pages\/41356\/revisions"}],"up":[{"embeddable":true,"href":"https:\/\/camfilapc.com\/es\/wp-json\/wp\/v2\/pages\/41351"}],"wp:attachment":[{"href":"https:\/\/camfilapc.com\/es\/wp-json\/wp\/v2\/media?parent=41356"}],"curies":[{"name":"wp","href":"https:\/\/api.w.org\/{rel}","templated":true}]}}