{"id":41347,"date":"2017-08-17T11:37:16","date_gmt":"2017-08-17T15:37:16","guid":{"rendered":"https:\/\/camfilapc.com\/about\/jobs-careers\/"},"modified":"2019-03-26T17:17:25","modified_gmt":"2019-03-26T21:17:25","slug":"jobs-careers","status":"publish","type":"page","link":"https:\/\/camfilapc.com\/es\/about\/jobs-careers\/","title":{"rendered":"Trabajos y carreras"},"content":{"rendered":"<div id=\"pl-41347\"  class=\"panel-layout\" ><div id=\"pg-41347-0\"  class=\"panel-grid panel-no-style\" ><div id=\"pgc-41347-0-0\"  class=\"panel-grid-cell\" ><div id=\"panel-41347-0-0-0\" class=\"so-panel widget widget_sow-headline panel-first-child\" data-index=\"0\" ><div id=\"product-name\" class=\"panel-widget-style panel-widget-style-for-41347-0-0-0\" ><div\n\t\t\t\n\t\t\tclass=\"so-widget-sow-headline so-widget-sow-headline-default-8913cd27cdbd-41347\"\n\t\t\t\n\t\t><div class=\"sow-headline-container \">\n\t\t\t\t\t\t\t<h2 class=\"sow-headline\">\n\t\t\t\t\t\t\u00danete a nuestro equipo\t\t\t\t\t\t<\/h2>\n\t\t\t\t\t\t\t\t\t\t\t<div class=\"decoration\">\n\t\t\t\t\t\t<div class=\"decoration-inside\"><\/div>\n\t\t\t\t\t<\/div>\n\t\t\t\t\t<\/div>\n<\/div><\/div><\/div><div id=\"panel-41347-0-0-1\" class=\"so-panel widget widget_text panel-last-child\" data-index=\"1\" ><div id=\"category-product-key-features\" class=\"panel-widget-style panel-widget-style-for-41347-0-0-1\" >\t\t\t<div class=\"textwidget\"><p>Camfil APC es un fabricante de equipos industriales de colecci\u00f3n de polvo, humo y niebla. Ofrecemos soluciones de aire limpio que protegen a las personas y los procesos. El crecimiento continuo de nuestro negocio y los objetivos agresivos nos est\u00e1n llevando a encontrar personas profesionales y h\u00e1biles para unirse a nuestro equipo.<\/p>\n<\/div>\n\t\t<\/div><\/div><\/div><\/div><div id=\"pg-41347-1\"  class=\"panel-grid panel-no-style\" ><div id=\"pgc-41347-1-0\"  class=\"panel-grid-cell\" ><div id=\"panel-41347-1-0-0\" class=\"so-panel widget widget_text panel-first-child panel-last-child\" data-index=\"2\" ><div id=\"category-product-key-features\" class=\"panel-widget-style panel-widget-style-for-41347-1-0-0\" >\t\t\t<div class=\"textwidget\"><p><strong>\u00c1merica del Norte<\/strong><\/p>\n<p>A menos que se especifique lo contrario, comun\u00edquese con el Gerente de Recursos Humanos Sandy Hogan al 800-933-8048 ext. 7107 o 870-910-7107 directo.<\/p>\n<p>Tambi\u00e9n puede enviarle un correo electr\u00f3nico a <a href=\"mailto:sandy.hogan@camfil.com\">sandy.hogan@camfil.com<\/a>.<\/p>\n<\/div>\n\t\t<\/div><\/div><\/div><div id=\"pgc-41347-1-1\"  class=\"panel-grid-cell\" ><div id=\"panel-41347-1-1-0\" class=\"so-panel widget widget_text panel-first-child panel-last-child\" data-index=\"3\" ><div id=\"category-product-key-features\" class=\"panel-widget-style panel-widget-style-for-41347-1-1-0\" >\t\t\t<div class=\"textwidget\"><p><strong>Europa<\/strong><\/p>\n<p>\u00danete a nuestro talentoso equipo en APC Europa y contacta a Caroline Miller al +49 (0) 7461 7011-121. Tambi\u00e9n puede enviarle un correo electr\u00f3nico a caroline.miller@camfil.com.<\/p>\n<p>Tambi\u00e9n estamos buscando distribuidores y revendedores, as\u00ed como ingenieros de ventas en toda Europa.<\/p>\n<\/div>\n\t\t<\/div><\/div><\/div><\/div><div id=\"pg-41347-2\"  class=\"panel-grid panel-no-style\" ><div id=\"pgc-41347-2-0\"  class=\"panel-grid-cell\" ><div id=\"panel-41347-2-0-0\" class=\"so-panel widget widget_sow-editor panel-first-child\" data-index=\"4\" ><div\n\t\t\t\n\t\t\tclass=\"so-widget-sow-editor so-widget-sow-editor-base\"\n\t\t\t\n\t\t>\n<div class=\"siteorigin-widget-tinymce textwidget\">\n\t<p><strong>Las siguientes posiciones est\u00e1n disponibles actualmente:<\/strong><\/p>\n<\/div>\n<\/div><\/div><div id=\"panel-41347-2-0-1\" class=\"so-panel widget widget_ink-accordion panel-last-child\" data-index=\"5\" ><div\n\t\t\t\n\t\t\tclass=\"so-widget-ink-accordion so-widget-ink-accordion-accordion-10a04738c185-41347\"\n\t\t\t\n\t\t>\n<div class=\"iw-so-accordion-plain iw-so-accordion iw-so-acc-singleExpand\">\n\n\t\n\t\t<div class=\"iw-so-acc-item\"  id=\"toggle-1-1\">\n\n\t\t\t<a href=\"#\" class=\"iw-so-acc-title iw-text-left\">\n\t\t\t\tIngeniero de Ventas Externo - Canad\u00e1 Occidental\t\t\t\t<span class=\"iw-so-tgl-open\"><\/span>\n\t\t\t\t<span class=\"iw-so-tgl-close\"><\/span>\n\t\t\t<\/a>\n\n\t\t\t<div class=\"iw-so-acc-content\">\n\t\t\t\t<div class=\"panel-body\">\n<dl class=\"dl-horizontal career-description\">\n<dt>Ubicaci\u00f3n<\/dt>\n<dd>Oeste de canad\u00e1<\/dd>\n<dd><\/dd>\n<dt>Calificaciones<\/dt>\n<dd>\u2022 Actitud positiva, sentido de urgencia, competitividad.\n<p>\u2022 Excelentes habilidades de gesti\u00f3n del tiempo<\/p>\n<p>\u2022 Buenas habilidades verbales y de lenguaje<\/p>\n<p>\u2022 Aptitud mec\u00e1nica<\/p>\n<p>\u2022 La experiencia previa en la industria es una ventaja, pero no es necesaria, lo capacitaremos para que tenga \u00e9xito<\/p>\n<p>\u2022 Competente con los productos de Microsoft<\/p>\n<p>\u2022 C\u00f3modo, amable y profesional por tel\u00e9fono y en persona.<\/p>\n<p>\u2022 Arrancador autom\u00e1tico orientado al equipo que funciona bien en un entorno acelerado.<\/p><\/dd>\n<dt>Descripci\u00f3n<\/dt>\n<dd>Posici\u00f3n de ventas local para equipos de control de la contaminaci\u00f3n del aire a trav\u00e9s de ventas directas o oportunidades de revendedor. El objetivo principal es aumentar las ventas de manera sostenible y rentable.\n<p>Camfil Air Pollution Control suministra equipos de recolecci\u00f3n de polvo a diversas industrias. Los productos de Camfil limpian el aire de la f\u00e1brica de polvo, humos y neblinas que hacen del lugar de trabajo un entorno m\u00e1s seguro y m\u00e1s productivo. La posici\u00f3n de Ingeniero de ventas es responsable de las ventas de equipos de recolecci\u00f3n de polvo y niebla en el territorio, con un enfoque en alcanzar y superar los objetivos de ventas a trav\u00e9s de llamadas de prospecci\u00f3n salientes y la administraci\u00f3n del territorio.<\/p>\n<p>Responsabilidades del ingeniero de ventas:<\/p>\n<p>\u2022 Desarrollar negocios para equipos de contaminaci\u00f3n del aire en un territorio de ventas dado<\/p>\n<p>\u2022 Desarrollar una base de contratistas de revendedores e instaladores para niveles m\u00e1s altos de potencial comercial<\/p>\n<p>\u2022 Gestionar los contactos proporcionados por la empresa.<\/p>\n<p>\u2022 Vender usando el m\u00e9todo de ventas de Sandler para vender soluciones.<\/p>\n<p>Relaciones y roles:<\/p>\n<p>\u2022 Oportunidades de ventas de negocio a negocio solamente<\/p>\n<p>\u2022 Interact\u00faa con la base de clientes y trabaja para construir relaciones con clientes potenciales<\/p>\n<p>\u2022 Brinda soporte a los revendedores en el territorio conformado por representantes de ventas, distribuidores, distribuidores y fabricantes de equipos originales.<\/p>\n<p>\u2022 Interact\u00faa con otros departamentos dentro de Camfil trabajando en equipo para brindar a nuestros clientes un servicio excelente<\/p><\/dd>\n<dt>Salario<\/dt>\n<dd>Basado en experiencia y habilidades.<\/dd>\n<dd><\/dd>\n<dt>Turno<\/dt>\n<dd>D\u00eda<\/dd>\n<\/dl>\n<\/div>\n\t\t\t<\/div>\n\n\t\t<\/div>\n\n\t\t\n\t\n\t\t<div class=\"iw-so-acc-item\"  id=\"toggle-1-2\">\n\n\t\t\t<a href=\"#\" class=\"iw-so-acc-title iw-text-left\">\n\t\t\t\tWelders - Jonesboro, AR\t\t\t\t<span class=\"iw-so-tgl-open\"><\/span>\n\t\t\t\t<span class=\"iw-so-tgl-close\"><\/span>\n\t\t\t<\/a>\n\n\t\t\t<div class=\"iw-so-acc-content\">\n\t\t\t\t<p><strong>Ubicaci\u00f3n - Jonesboro, AR<\/strong><\/p>\n<p>Camfil APC est\u00e1 buscando soldadores Mig \/ Tig, con turnos tanto en el d\u00eda como en la noche.<\/p>\n<p>Estas posiciones incluir\u00e1n salarios y beneficios competitivos con los est\u00e1ndares de la industria.<\/p>\n\t\t\t<\/div>\n\n\t\t<\/div>\n\n\t\t\n\t\n<\/div>\n<\/div><\/div><\/div><\/div><\/div>","protected":false},"excerpt":{"rendered":"<p>Camfil APC es un fabricante de equipos industriales de colecci\u00f3n de polvo, humo y niebla. Ofrecemos soluciones de aire limpio que protegen a las personas y los procesos. El crecimiento continuo de nuestro negocio y los objetivos agresivos nos est\u00e1n llevando a encontrar personas profesionales y h\u00e1biles para unirse a nuestro equipo. \u00c1merica del Norte A menos que se especifique...<\/p>\n","protected":false},"author":1,"featured_media":0,"parent":41292,"menu_order":0,"comment_status":"closed","ping_status":"closed","template":"template-product-detail.php","meta":{"_acf_changed":false,"footnotes":""},"class_list":["post-41347","page","type-page","status-publish","hentry"],"acf":[],"_links":{"self":[{"href":"https:\/\/camfilapc.com\/es\/wp-json\/wp\/v2\/pages\/41347","targetHints":{"allow":["GET"]}}],"collection":[{"href":"https:\/\/camfilapc.com\/es\/wp-json\/wp\/v2\/pages"}],"about":[{"href":"https:\/\/camfilapc.com\/es\/wp-json\/wp\/v2\/types\/page"}],"author":[{"embeddable":true,"href":"https:\/\/camfilapc.com\/es\/wp-json\/wp\/v2\/users\/1"}],"replies":[{"embeddable":true,"href":"https:\/\/camfilapc.com\/es\/wp-json\/wp\/v2\/comments?post=41347"}],"version-history":[{"count":0,"href":"https:\/\/camfilapc.com\/es\/wp-json\/wp\/v2\/pages\/41347\/revisions"}],"up":[{"embeddable":true,"href":"https:\/\/camfilapc.com\/es\/wp-json\/wp\/v2\/pages\/41292"}],"wp:attachment":[{"href":"https:\/\/camfilapc.com\/es\/wp-json\/wp\/v2\/media?parent=41347"}],"curies":[{"name":"wp","href":"https:\/\/api.w.org\/{rel}","templated":true}]}}