{"id":41335,"date":"2017-08-17T11:44:41","date_gmt":"2017-08-17T15:44:41","guid":{"rendered":"https:\/\/camfilapc.com\/about\/join-our-sales-force\/"},"modified":"2019-11-20T10:59:09","modified_gmt":"2019-11-20T15:59:09","slug":"join-our-sales-force","status":"publish","type":"page","link":"https:\/\/camfilapc.com\/es\/about\/join-our-sales-force\/","title":{"rendered":"\u00danete a nuestra fuerza de ventas"},"content":{"rendered":"<div id=\"pl-41335\"  class=\"panel-layout\" ><div id=\"pg-41335-0\"  class=\"panel-grid panel-no-style\" ><div id=\"pgc-41335-0-0\"  class=\"panel-grid-cell\" ><div id=\"panel-41335-0-0-0\" class=\"so-panel widget widget_sow-headline panel-first-child panel-last-child\" data-index=\"0\" ><div\n\t\t\t\n\t\t\tclass=\"so-widget-sow-headline so-widget-sow-headline-default-771b70f7f01f-41335\"\n\t\t\t\n\t\t><div class=\"sow-headline-container \">\n\t\t\t\t\t\t\t<h2 class=\"sow-headline\">\n\t\t\t\t\t\tRazones para ser un distribuidor de Camfil APC para las Am\u00e9ricas\t\t\t\t\t\t<\/h2>\n\t\t\t\t\t\t\t\t\t\t\t\t<h3 class=\"sow-sub-headline\">\n\t\t\t\t\t\tEsto es lo que podemos ofrecerle como representante de ventas de Camfil Air Pollution Control en Norte, Centro y Sur Am\u00e9rica:\t\t\t\t\t\t<\/h3>\n\t\t\t\t\t\t<\/div>\n<\/div><\/div><\/div><\/div><div id=\"pg-41335-1\"  class=\"panel-grid panel-no-style\" ><div id=\"pgc-41335-1-0\"  class=\"panel-grid-cell\" ><div id=\"panel-41335-1-0-0\" class=\"so-panel widget panel-first-child\" data-index=\"1\" ><div class=\"animate-69e22f3baab38488613206 panels-animation-hide panel-widget-style panel-widget-style-for-41335-1-0-0\" data-so-animation=\"{&quot;selector&quot;:&quot;.animate-69e22f3baab38488613206&quot;,&quot;animation&quot;:&quot;fadeInLeft&quot;,&quot;breakpoint&quot;:&quot;780px&quot;,&quot;duration&quot;:1,&quot;repeat&quot;:0,&quot;hide&quot;:1,&quot;disableAnimationMobile&quot;:0,&quot;finalState&quot;:&quot;visible&quot;,&quot;delay&quot;:0,&quot;debounce&quot;:0.1,&quot;event&quot;:&quot;enter&quot;,&quot;offset&quot;:0}\" ><\/div><\/div><div id=\"panel-41335-1-0-1\" class=\"so-panel widget panel-last-child\" data-index=\"2\" ><div class=\"animate-69e22f3baabe0936475492 panels-animation-hide panel-widget-style panel-widget-style-for-41335-1-0-1\" data-so-animation=\"{&quot;selector&quot;:&quot;.animate-69e22f3baabe0936475492&quot;,&quot;animation&quot;:&quot;fadeInUp&quot;,&quot;breakpoint&quot;:&quot;780px&quot;,&quot;duration&quot;:1,&quot;repeat&quot;:0,&quot;hide&quot;:1,&quot;disableAnimationMobile&quot;:0,&quot;finalState&quot;:&quot;visible&quot;,&quot;delay&quot;:0,&quot;debounce&quot;:0.1,&quot;event&quot;:&quot;in&quot;,&quot;offset&quot;:0}\" ><\/div><\/div><\/div><div id=\"pgc-41335-1-1\"  class=\"panel-grid-cell\" ><div id=\"panel-41335-1-1-0\" class=\"so-panel widget panel-first-child\" data-index=\"3\" ><div class=\"animate-69e22f3baac46722208586 panels-animation-hide panel-widget-style panel-widget-style-for-41335-1-1-0\" data-so-animation=\"{&quot;selector&quot;:&quot;.animate-69e22f3baac46722208586&quot;,&quot;animation&quot;:&quot;fadeInRight&quot;,&quot;breakpoint&quot;:&quot;780px&quot;,&quot;duration&quot;:1,&quot;repeat&quot;:0,&quot;hide&quot;:1,&quot;disableAnimationMobile&quot;:0,&quot;finalState&quot;:&quot;visible&quot;,&quot;delay&quot;:0,&quot;debounce&quot;:0.1,&quot;event&quot;:&quot;enter&quot;,&quot;offset&quot;:0}\" ><\/div><\/div><div id=\"panel-41335-1-1-1\" class=\"so-panel widget\" data-index=\"4\" ><div class=\"animate-69e22f3baac83328756763 panels-animation-hide panel-widget-style panel-widget-style-for-41335-1-1-1\" data-so-animation=\"{&quot;selector&quot;:&quot;.animate-69e22f3baac83328756763&quot;,&quot;animation&quot;:&quot;fadeInRight&quot;,&quot;breakpoint&quot;:&quot;780px&quot;,&quot;duration&quot;:1,&quot;repeat&quot;:0,&quot;hide&quot;:1,&quot;disableAnimationMobile&quot;:0,&quot;finalState&quot;:&quot;visible&quot;,&quot;delay&quot;:0,&quot;debounce&quot;:0.1,&quot;event&quot;:&quot;in&quot;,&quot;offset&quot;:0}\" ><\/div><\/div><div id=\"panel-41335-1-1-2\" class=\"so-panel widget panel-last-child\" data-index=\"5\" ><div class=\"animate-69e22f3baacba650811449 panels-animation-hide panel-widget-style panel-widget-style-for-41335-1-1-2\" data-so-animation=\"{&quot;selector&quot;:&quot;.animate-69e22f3baacba650811449&quot;,&quot;animation&quot;:&quot;fadeInRight&quot;,&quot;breakpoint&quot;:&quot;780px&quot;,&quot;duration&quot;:1,&quot;repeat&quot;:0,&quot;hide&quot;:1,&quot;disableAnimationMobile&quot;:0,&quot;finalState&quot;:&quot;visible&quot;,&quot;delay&quot;:0,&quot;debounce&quot;:0.1,&quot;event&quot;:&quot;in&quot;,&quot;offset&quot;:0}\" ><\/div><\/div><\/div><\/div><div id=\"pg-41335-2\"  class=\"panel-grid panel-no-style\" ><div id=\"pgc-41335-2-0\"  class=\"panel-grid-cell\" ><div id=\"panel-41335-2-0-0\" class=\"so-panel widget widget_ink-accordion panel-first-child panel-last-child\" data-index=\"6\" ><div\n\t\t\t\n\t\t\tclass=\"so-widget-ink-accordion so-widget-ink-accordion-accordion-f3628a85db15-41335\"\n\t\t\t\n\t\t>\n<div class=\"iw-so-accordion-plain iw-so-accordion iw-so-acc-singleExpand\">\n\n\t\n\t\t<div class=\"iw-so-acc-item\"  id=\"toggle-1-1\">\n\n\t\t\t<a href=\"#\" class=\"iw-so-acc-title iw-text-left\">\n\t\t\t\tTerritorio Exclusivo\t\t\t\t<span class=\"iw-so-tgl-open\"><\/span>\n\t\t\t\t<span class=\"iw-so-tgl-close\"><\/span>\n\t\t\t<\/a>\n\n\t\t\t<div class=\"iw-so-acc-content\">\n\t\t\t\t<p>Usted est\u00e1 en control de su propio destino. Como representante de Camfil APC, tendr\u00e1 su propio territorio que coincide con los clientes espec\u00edficos del mercado. En Camfil APC, no lo ponemos en competencia con otros representantes o distribuidores que venden Camfil APC. Tampoco tiene que competir con Camfil APC vendiendo directamente.<\/p>\n<p>Red de distribuidores: como representante de Camfil APC, tambi\u00e9n puede configurar su propia red de distribuidores dentro de su propio territorio exclusivo. Usted escoge su propia comisi\u00f3n sobre lo que venden sus distribuidores.<\/p>\n\t\t\t<\/div>\n\n\t\t<\/div>\n\n\t\t\n\t\n\t\t<div class=\"iw-so-acc-item\"  id=\"toggle-1-2\">\n\n\t\t\t<a href=\"#\" class=\"iw-so-acc-title iw-text-left\">\n\t\t\t\tSoftware de Presupuestos\t\t\t\t<span class=\"iw-so-tgl-open\"><\/span>\n\t\t\t\t<span class=\"iw-so-tgl-close\"><\/span>\n\t\t\t<\/a>\n\n\t\t\t<div class=\"iw-so-acc-content\">\n\t\t\t\t<p>\u00bfOdias escribir presupuestos? \u00a1No tienes que hacerlo! Tendr\u00e1 acceso exclusivo al sitio del equipo de APC, un portal seguro de soporte de ventas en l\u00ednea. Contiene literatura, dibujos, casos de estudio, hojas de datos, gu\u00edas de aplicaci\u00f3n, presentaciones, art\u00edculos, formularios, asistentes de cotizaci\u00f3n y procesamiento de \u00f3rdenes. Estas aplicaciones le permiten generar r\u00e1pida y f\u00e1cilmente documentos de cotizaci\u00f3n que se pueden imprimir o enviar por correo electr\u00f3nico a sus clientes. Las cotizaciones se pueden convertir en pedidos y enviarse r\u00e1pidamente a Camfil APC.<\/p>\n\t\t\t<\/div>\n\n\t\t<\/div>\n\n\t\t\n\t\n\t\t<div class=\"iw-so-acc-item\"  id=\"toggle-1-3\">\n\n\t\t\t<a href=\"#\" class=\"iw-so-acc-title iw-text-left\">\n\t\t\t\tGesti\u00f3n de pedidos\t\t\t\t<span class=\"iw-so-tgl-open\"><\/span>\n\t\t\t\t<span class=\"iw-so-tgl-close\"><\/span>\n\t\t\t<\/a>\n\n\t\t\t<div class=\"iw-so-acc-content\">\n\t\t\t\t<p>Hemos simplificado el proceso de ingreso de \u00f3rdenes de compra, para que pueda ingresar sus pedidos y hacer que el equipo llegue al cliente lo m\u00e1s r\u00e1pido posible. Las cotizaciones electr\u00f3nicas creadas con los asistentes de cotizaciones y procesamiento de \u00f3rdenes del sitio APC Teamsite pueden convertirse r\u00e1pidamente en \u00f3rdenes de compra y enviarse por correo electr\u00f3nico a Camfil APC. No es complicado, solamente toma 10 minutos. Se proporcionan todos los formularios necesarios.<\/p>\n<p>Cuando recibamos su orden de compra con toda la informaci\u00f3n requerida, lo pondremos de inmediato en producci\u00f3n y programaremos el env\u00edo. El personal de servicio al cliente est\u00e1 siempre disponible para ayudarlo a enviar y rastrear sus pedidos.<\/p>\n<p>Tenemos un equipo de soporte t\u00e9cnico dedicado a ayudarlo con las opciones de configuraci\u00f3n de cada producto.<\/p>\n\t\t\t<\/div>\n\n\t\t<\/div>\n\n\t\t\n\t\n\t\t<div class=\"iw-so-acc-item\"  id=\"toggle-1-4\">\n\n\t\t\t<a href=\"#\" class=\"iw-so-acc-title iw-text-left\">\n\t\t\t\tLiteratura gratis\t\t\t\t<span class=\"iw-so-tgl-open\"><\/span>\n\t\t\t\t<span class=\"iw-so-tgl-close\"><\/span>\n\t\t\t<\/a>\n\n\t\t\t<div class=\"iw-so-acc-content\">\n\t\t\t\tCamfil APC, a diferencia de otros fabricantes, le proporciona literatura impresa sin costo. Estos documentos tambi\u00e9n est\u00e1n disponibles en formato PDF en el sitio APC Teamsite.\t\t\t<\/div>\n\n\t\t<\/div>\n\n\t\t\n\t\n\t\t<div class=\"iw-so-acc-item\"  id=\"toggle-1-5\">\n\n\t\t\t<a href=\"#\" class=\"iw-so-acc-title iw-text-left\">\n\t\t\t\tProspectos de Ventas\t\t\t\t<span class=\"iw-so-tgl-open\"><\/span>\n\t\t\t\t<span class=\"iw-so-tgl-close\"><\/span>\n\t\t\t<\/a>\n\n\t\t\t<div class=\"iw-so-acc-content\">\n\t\t\t\t<p>Proporcionar a los representantes de Camfil APC con clientes potenciales de calidad es una prioridad, e invertimos mucho en los recursos para hacerlo. Vaya a cualquier motor de b\u00fasqueda y busque colectores de polvo, de niebla o de humo.<\/p>\n\t\t\t<\/div>\n\n\t\t<\/div>\n\n\t\t\n\t\n\t\t<div class=\"iw-so-acc-item\"  id=\"toggle-1-6\">\n\n\t\t\t<a href=\"#\" class=\"iw-so-acc-title iw-text-left\">\n\t\t\t\tBeneficios de facturaci\u00f3n\t\t\t\t<span class=\"iw-so-tgl-open\"><\/span>\n\t\t\t\t<span class=\"iw-so-tgl-close\"><\/span>\n\t\t\t<\/a>\n\n\t\t\t<div class=\"iw-so-acc-content\">\n\t\t\t\t<p>Podemos configurar al cliente para facturaci\u00f3n directa, por lo que asumimos el riesgo por usted, nuestro representante. Es f\u00e1cil trabajar con nosotros y seg\u00fan las condiciones del proyecto, podemos ofrecer condiciones de pago flexibles.<\/p>\n\t\t\t<\/div>\n\n\t\t<\/div>\n\n\t\t\n\t\n\t\t<div class=\"iw-so-acc-item\"  id=\"toggle-1-7\">\n\n\t\t\t<a href=\"#\" class=\"iw-so-acc-title iw-text-left\">\n\t\t\t\tComisiones Pagadas En 30 D\u00edas\t\t\t\t<span class=\"iw-so-tgl-open\"><\/span>\n\t\t\t\t<span class=\"iw-so-tgl-close\"><\/span>\n\t\t\t<\/a>\n\n\t\t\t<div class=\"iw-so-acc-content\">\n\t\t\t\t<p>\u00a1C\u00f3mo escuchaste! Los representantes de Camfil APC reciben su comisi\u00f3n 30 d\u00edas despu\u00e9s del env\u00edo, ya sea que Camfil APC haya recibido o no el pago del equipo por parte del cliente. S\u00ed, Camfil APC est\u00e1 asumiendo todos los riesgos y pagando a los representantes su comisi\u00f3n antes de que hayamos cobrado el pago a nuestros clientes. \u00bfCu\u00e1nto tiempo le toma cobrar a sus clientes?<\/p>\n\t\t\t<\/div>\n\n\t\t<\/div>\n\n\t\t\n\t\n\t\t<div class=\"iw-so-acc-item\"  id=\"toggle-1-8\">\n\n\t\t\t<a href=\"#\" class=\"iw-so-acc-title iw-text-left\">\n\t\t\t\tDEMOSTRACION DEL FARR GOLD SERIES\u00ae\t\t\t\t<span class=\"iw-so-tgl-open\"><\/span>\n\t\t\t\t<span class=\"iw-so-tgl-close\"><\/span>\n\t\t\t<\/a>\n\n\t\t\t<div class=\"iw-so-acc-content\">\n\t\t\t\t<p>\u00bfLlamadas de ventas con muestras? \u00a1Qu\u00e9 idea tan novedosa!<\/p>\n<p>Venta a la antigua! El Farr Gold Series es realmente un mejor producto que cualquier otro del mercado. Cuando los clientes lo ven, lo quieren! Ahora tenemos una <a href=\"https:\/\/camfilapc.com\/contact-us\/free-site-demonstrations\/\">flota de 52 remolques<\/a> con una unidad Farr Gold Series GS4 montada en cada uno, lista para demostraciones en su oficina.<\/p>\n<p>Esto ha sido ampliamente exitoso para todos los representantes y distribuidores de Camfil APC que lo han aprovechado. Estos tr\u00e1ilers de demostraci\u00f3n est\u00e1n repartidos por todo el continente americano, por lo que seguramente hay uno cerca de usted. La unidad de demostraci\u00f3n est\u00e1 equipada con una variedad de filtros distintos para que los pueda comparar.<br \/>\n\u00bfVentas con Equipos de Demostraci\u00f3n? \u00a1Qu\u00e9 idea tan novedosa!<\/p>\n\t\t\t<\/div>\n\n\t\t<\/div>\n\n\t\t\n\t\n<\/div>\n<\/div><\/div><\/div><\/div><div id=\"pg-41335-3\"  class=\"panel-grid panel-has-style\" ><div class=\"siteorigin-panels-stretch panel-row-style panel-row-style-for-41335-3\" data-stretch-type=\"full\" ><div id=\"pgc-41335-3-0\"  class=\"panel-grid-cell\" ><div id=\"panel-41335-3-0-0\" class=\"so-panel widget widget_sow-editor panel-first-child panel-last-child\" data-index=\"7\" ><div\n\t\t\t\n\t\t\tclass=\"so-widget-sow-editor so-widget-sow-editor-base\"\n\t\t\t\n\t\t>\n<div class=\"siteorigin-widget-tinymce textwidget\">\n\t<h3>\u00bf Ventas con Equipos de Demostraci\u00f3n? \u00a1Qu\u00e9 idea tan novedosa! <\/h3>\n<p>\u00bfSomos el uno para el otro? \u00bfSu organizaci\u00f3n de ventas y Camfil APC son adecuadas para hacer negocios juntos? \u00bfCu\u00e1les son exactamente los objetivos y expectativas de Camfil APC de un representante? Echemos un vistazo a la visi\u00f3n, misi\u00f3n y estrategia de mercado de Camfil APC para descubrirlo. Adem\u00e1s, le diremos claramente qu\u00e9 cualidades buscamos en el representante ideal de Camfil APC.<\/p>\n<\/div>\n<\/div><\/div><\/div><\/div><\/div><div id=\"pg-41335-4\"  class=\"panel-grid panel-has-style\" ><div id=\"outline-div\" class=\"panel-row-style panel-row-style-for-41335-4\" ><div id=\"pgc-41335-4-0\"  class=\"panel-grid-cell\" ><div id=\"panel-41335-4-0-0\" class=\"so-panel widget widget_sow-image panel-first-child panel-last-child\" data-index=\"8\" ><div id=\"border-img\" class=\"panel-widget-style panel-widget-style-for-41335-4-0-0\" ><div\n\t\t\t\n\t\t\tclass=\"so-widget-sow-image so-widget-sow-image-default-8b5b6f678277-41335\"\n\t\t\t\n\t\t>\n<div class=\"sow-image-container\">\n\t\t<img \n\tsrc=\"https:\/\/camfilapc.com\/wp-content\/uploads\/2017\/11\/vision-camfil-apc.jpg\" width=\"600\" height=\"600\" srcset=\"https:\/\/camfilapc.com\/wp-content\/uploads\/2017\/11\/vision-camfil-apc.jpg 600w, https:\/\/camfilapc.com\/wp-content\/uploads\/2017\/11\/vision-camfil-apc-150x150.jpg 150w, https:\/\/camfilapc.com\/wp-content\/uploads\/2017\/11\/vision-camfil-apc-300x300.jpg 300w\" sizes=\"(max-width: 600px) 100vw, 600px\" alt=\"\" \t\tclass=\"so-widget-image\"\/>\n\t<\/div>\n\n<\/div><\/div><\/div><\/div><div id=\"pgc-41335-4-1\"  class=\"panel-grid-cell\" ><div id=\"panel-41335-4-1-0\" class=\"so-panel widget widget_sow-editor panel-first-child panel-last-child\" data-index=\"9\" ><div id=\"category-product-applications\" class=\"panel-widget-style panel-widget-style-for-41335-4-1-0\" ><div\n\t\t\t\n\t\t\tclass=\"so-widget-sow-editor so-widget-sow-editor-base\"\n\t\t\t\n\t\t><h3 class=\"widget-title\">Visi\u00f3n de Camfil APC<\/h3>\n<div class=\"siteorigin-widget-tinymce textwidget\">\n\t<blockquote>\n<p><em>Dominar y liderar la industria siendo la marca preferida de colectores de polvo, humo y neblina en nuestros mercados elegidos.<\/em><\/p>\n<\/blockquote>\n<p class=\"p1\"><span class=\"s1\">\u00bfNuestros \"mercados elegidos\" encajan bien con el enfoque actual de su empresa? Camfil APC se ha desarrollado y enfocado en una estrategia para hacer crecer su negocio en mercados clave.<\/span><\/p>\n<p class=\"p1\"><span class=\"s1\"><b>Echemos un vistazo a estos mercados clave:<\/b><\/span><\/p>\n<ul>\n<li class=\"li1\"><span class=\"s1\"><a href=\"https:\/\/camfilapc.com\/es\/applications\/abrasive-blasting\/\"><span class=\"s2\">Granallado<\/span><\/a><\/span><\/li>\n<li class=\"li1\"><span class=\"s1\"><a href=\"https:\/\/camfilapc.com\/es\/applications\/chemical-processing\/\"><span class=\"s2\">Procesamiento qu\u00edmico<\/span><\/a><\/span><\/li>\n<li class=\"li1\"><span class=\"s1\"><a href=\"https:\/\/camfilapc.com\/es\/applications\/food-beverage\/\"><span class=\"s2\">Procesamiento de alimentos<\/span><\/a><\/span><\/li>\n<li class=\"li1\"><span class=\"s1\"><a href=\"https:\/\/camfilapc.com\/es\/applications\/laser-cutting\/\"><span class=\"s2\">Corte por L\u00e1ser<\/span><\/a><\/span><\/li>\n<li class=\"li1\"><span class=\"s1\"><a href=\"https:\/\/camfilapc.com\/es\/applications\/plasma-cutting\/\"><span class=\"s2\">Corte por Plasma<\/span><\/a><\/span><\/li>\n<li class=\"li1\"><span class=\"s1\"><a href=\"https:\/\/camfilapc.com\/es\/applications\/machining\/\"><span class=\"s2\">Metalmecanica<\/span><\/a><\/span><\/li>\n<li class=\"li1\"><span class=\"s1\"><a href=\"https:\/\/camfilapc.com\/es\/applications\/mining\/\"><span class=\"s2\">Mineria<\/span><\/a><\/span><\/li>\n<li class=\"li2\"><span class=\"s4\">Farmac\u00e9utiaca<\/span><\/li>\n<li class=\"li2\"><span class=\"s4\">Metalizado<\/span><\/li>\n<li class=\"li1\"><span class=\"s1\"><a href=\"https:\/\/camfilapc.com\/es\/applications\/welding\/\"><span class=\"s2\">Soldadura<\/span><\/a><\/span><\/li>\n<\/ul>\n<\/div>\n<\/div><\/div><\/div><\/div><\/div><\/div><div id=\"pg-41335-5\"  class=\"panel-grid panel-has-style\" ><div id=\"outline-div\" class=\"panel-row-style panel-row-style-for-41335-5\" ><div id=\"pgc-41335-5-0\"  class=\"panel-grid-cell\" ><div id=\"panel-41335-5-0-0\" class=\"so-panel widget widget_sow-editor panel-first-child panel-last-child\" data-index=\"10\" ><div\n\t\t\t\n\t\t\tclass=\"so-widget-sow-editor so-widget-sow-editor-base\"\n\t\t\t\n\t\t><h3 class=\"widget-title\">MISI\u00d3N DE CAMFIL APC<\/h3>\n<div class=\"siteorigin-widget-tinymce textwidget\">\n\t<ul>\n<li class=\"li1\"><span class=\"s2\">Limpiaremos el polvo, los humos y la neblina de las f\u00e1bricas, haci\u00e9ndolas seguras y m\u00e1s productivas.<\/span><\/li>\n<li class=\"li1\"><span class=\"s2\">Enviaremos los colectores r\u00e1pidamente y al mismo tiempo que le damos al cliente lo que requiere.<\/span><\/li>\n<li class=\"li1\"><span class=\"s2\">Seremos la empresa m\u00e1s amigable de la industria para los clientes y representantes de ventas.<\/span><\/li>\n<li class=\"li1\"><span class=\"s2\">Haremos los mejores colectores de polvo, humo y neblina de la industria desde el punto de vista de operaci\u00f3n y mantenimiento de un usuario final.<\/span><\/li>\n<\/ul>\n<p class=\"p1\"><span class=\"s1\">Este es nuestro compromiso con nuestros clientes, nuestros representantes y nosotros mismos. Con esto en mente, perm\u00edtanos decirle qu\u00e9 cualidades buscamos en el representante ideal de Camfil APC...<\/span><\/p>\n<\/div>\n<\/div><\/div><\/div><div id=\"pgc-41335-5-1\"  class=\"panel-grid-cell\" ><div id=\"panel-41335-5-1-0\" class=\"so-panel widget widget_sow-image panel-first-child panel-last-child\" data-index=\"11\" ><div id=\"border-img\" class=\"panel-widget-style panel-widget-style-for-41335-5-1-0\" ><div\n\t\t\t\n\t\t\tclass=\"so-widget-sow-image so-widget-sow-image-default-8b5b6f678277-41335\"\n\t\t\t\n\t\t>\n<div class=\"sow-image-container\">\n\t\t<img \n\tsrc=\"https:\/\/camfilapc.com\/wp-content\/uploads\/2017\/11\/Jonesboro-plant.jpg\" width=\"600\" height=\"600\" srcset=\"https:\/\/camfilapc.com\/wp-content\/uploads\/2017\/11\/Jonesboro-plant.jpg 600w, https:\/\/camfilapc.com\/wp-content\/uploads\/2017\/11\/Jonesboro-plant-150x150.jpg 150w, https:\/\/camfilapc.com\/wp-content\/uploads\/2017\/11\/Jonesboro-plant-300x300.jpg 300w\" sizes=\"(max-width: 600px) 100vw, 600px\" alt=\"\" \t\tclass=\"so-widget-image\"\/>\n\t<\/div>\n\n<\/div><\/div><\/div><\/div><\/div><\/div><div id=\"pg-41335-6\"  class=\"panel-grid panel-has-style\" ><div id=\"outline-div\" class=\"panel-row-style panel-row-style-for-41335-6\" ><div id=\"pgc-41335-6-0\"  class=\"panel-grid-cell\" ><div id=\"panel-41335-6-0-0\" class=\"so-panel widget widget_sow-image panel-first-child panel-last-child\" data-index=\"12\" ><div id=\"border-img\" class=\"panel-widget-style panel-widget-style-for-41335-6-0-0\" ><div\n\t\t\t\n\t\t\tclass=\"so-widget-sow-image so-widget-sow-image-default-8b5b6f678277-41335\"\n\t\t\t\n\t\t>\n<div class=\"sow-image-container\">\n\t\t<img \n\tsrc=\"https:\/\/camfilapc.com\/wp-content\/uploads\/2017\/11\/camfil-apc-rep.jpg\" width=\"600\" height=\"600\" srcset=\"https:\/\/camfilapc.com\/wp-content\/uploads\/2017\/11\/camfil-apc-rep.jpg 600w, https:\/\/camfilapc.com\/wp-content\/uploads\/2017\/11\/camfil-apc-rep-150x150.jpg 150w, https:\/\/camfilapc.com\/wp-content\/uploads\/2017\/11\/camfil-apc-rep-300x300.jpg 300w\" sizes=\"(max-width: 600px) 100vw, 600px\" alt=\"\" \t\tclass=\"so-widget-image\"\/>\n\t<\/div>\n\n<\/div><\/div><\/div><\/div><div id=\"pgc-41335-6-1\"  class=\"panel-grid-cell\" ><div id=\"panel-41335-6-1-0\" class=\"so-panel widget widget_sow-editor panel-first-child panel-last-child\" data-index=\"13\" ><div id=\"category-product-applications\" class=\"panel-widget-style panel-widget-style-for-41335-6-1-0\" ><div\n\t\t\t\n\t\t\tclass=\"so-widget-sow-editor so-widget-sow-editor-base\"\n\t\t\t\n\t\t><h3 class=\"widget-title\">Expectativas de Nuestra Fuerza de Ventas<\/h3>\n<div class=\"siteorigin-widget-tinymce textwidget\">\n\t<p class=\"p1\"><span class=\"s1\">\u00bfCu\u00e1les son las expectativas que Camfil APC tiene de su fuerza de ventas? Estas son las principales cualidades que buscamos en el representante de ventas ideal para Camfil APC:<\/span><\/p>\n<ul>\n<li class=\"li1\"><span class=\"s2\">Experto en colecci\u00f3n de polvo<\/span><\/li>\n<li class=\"li1\"><span class=\"s2\">Participa en nuestros mercados clave<\/span><\/li>\n<li class=\"li1\"><span class=\"s2\">L\u00edneas de productos complementarios<\/span><\/li>\n<li class=\"li1\"><span class=\"s2\">Independiente y eficiente<\/span><\/li>\n<li class=\"li1\"><span class=\"s2\">Tiene varios vendedores<\/span><\/li>\n<li class=\"li1\"><span class=\"s2\">Tiene distribuidores<\/span><\/li>\n<li class=\"li1\"><span class=\"s2\">Enfocado al servicio al cliente<\/span><\/li>\n<li class=\"li1\"><span class=\"s2\">Habilidades de Ventas Excepcionales<\/span><\/li>\n<\/ul>\n<\/div>\n<\/div><\/div><\/div><\/div><\/div><\/div><div id=\"pg-41335-7\"  class=\"panel-grid panel-has-style\" ><div class=\"animate-69e22f3bae1b9096070211 panels-animation-hide panel-row-style panel-row-style-for-41335-7\" data-so-animation=\"{&quot;selector&quot;:&quot;.animate-69e22f3bae1b9096070211&quot;,&quot;animation&quot;:&quot;fadeInUp&quot;,&quot;breakpoint&quot;:&quot;780px&quot;,&quot;duration&quot;:1,&quot;repeat&quot;:0,&quot;hide&quot;:1,&quot;disableAnimationMobile&quot;:0,&quot;finalState&quot;:&quot;visible&quot;,&quot;delay&quot;:0,&quot;debounce&quot;:0,&quot;event&quot;:&quot;enter&quot;,&quot;offset&quot;:0}\" ><div id=\"pgc-41335-7-0\"  class=\"panel-grid-cell\" ><div id=\"panel-41335-7-0-0\" class=\"so-panel widget widget_sow-editor panel-first-child\" data-index=\"14\" ><div\n\t\t\t\n\t\t\tclass=\"so-widget-sow-editor so-widget-sow-editor-base\"\n\t\t\t\n\t\t>\n<div class=\"siteorigin-widget-tinymce textwidget\">\n\t<h3 style=\"text-align: center;\">\u00bfInteresado?<\/h3>\n<p style=\"text-align: center;\">\u00a1Cont\u00e1ctenos para programar una cita con un gerente de ventas regional de Camfil APC y discutir la posibilidad de unirse a nuestro equipo!<\/p>\n<\/div>\n<\/div><\/div><div id=\"panel-41335-7-0-1\" class=\"so-panel widget widget_sow-button panel-last-child\" data-index=\"15\" ><div\n\t\t\t\n\t\t\tclass=\"so-widget-sow-button so-widget-sow-button-flat-ad1d4c94bf3f-41335\"\n\t\t\t\n\t\t><div class=\"ow-button-base ow-button-align-center\"\n>\n\t\t\t<a\n\t\t\t\t\thref=\"https:\/\/camfilapc.com\/contact-us\/\"\n\t\t\t\t\tclass=\"sowb-button ow-icon-placement-left ow-button-hover\" \t>\n\t\t<span>\n\t\t\t\n\t\t\tCont\u00e1ctanos ahora\t\t<\/span>\n\t\t\t<\/a>\n\t<\/div>\n<\/div><\/div><\/div><\/div><\/div><\/div>","protected":false},"excerpt":{"rendered":"<p>Razones para ser un distribuidor de Camfil APC para las Am\u00e9ricas Esto es lo que podemos ofrecerle como representante de ventas de Camfil Air Pollution Control en Norte, Centro y Sur Am\u00e9rica: Territorio Exclusivo Usted est\u00e1 en control de su propio destino. Como representante de Camfil APC, tendr\u00e1 su propio territorio que coincide con los clientes espec\u00edficos del mercado. En...<\/p>\n","protected":false},"author":1,"featured_media":0,"parent":41292,"menu_order":0,"comment_status":"closed","ping_status":"closed","template":"template-product-detail.php","meta":{"_acf_changed":false,"footnotes":""},"class_list":["post-41335","page","type-page","status-publish","hentry"],"acf":[],"_links":{"self":[{"href":"https:\/\/camfilapc.com\/es\/wp-json\/wp\/v2\/pages\/41335","targetHints":{"allow":["GET"]}}],"collection":[{"href":"https:\/\/camfilapc.com\/es\/wp-json\/wp\/v2\/pages"}],"about":[{"href":"https:\/\/camfilapc.com\/es\/wp-json\/wp\/v2\/types\/page"}],"author":[{"embeddable":true,"href":"https:\/\/camfilapc.com\/es\/wp-json\/wp\/v2\/users\/1"}],"replies":[{"embeddable":true,"href":"https:\/\/camfilapc.com\/es\/wp-json\/wp\/v2\/comments?post=41335"}],"version-history":[{"count":0,"href":"https:\/\/camfilapc.com\/es\/wp-json\/wp\/v2\/pages\/41335\/revisions"}],"up":[{"embeddable":true,"href":"https:\/\/camfilapc.com\/es\/wp-json\/wp\/v2\/pages\/41292"}],"wp:attachment":[{"href":"https:\/\/camfilapc.com\/es\/wp-json\/wp\/v2\/media?parent=41335"}],"curies":[{"name":"wp","href":"https:\/\/api.w.org\/{rel}","templated":true}]}}