{"id":41328,"date":"2017-08-17T11:45:06","date_gmt":"2017-08-17T15:45:06","guid":{"rendered":"https:\/\/camfilapc.com\/about\/sales-representatives\/"},"modified":"2019-02-08T10:57:12","modified_gmt":"2019-02-08T15:57:12","slug":"sales-representatives","status":"publish","type":"page","link":"https:\/\/camfilapc.com\/es\/about\/sales-representatives\/","title":{"rendered":"Representantes de Ventas"},"content":{"rendered":"<div id=\"pl-41328\"  class=\"panel-layout\" ><div id=\"pg-41328-0\"  class=\"panel-grid panel-no-style\" ><div id=\"pgc-41328-0-0\"  class=\"panel-grid-cell\" ><div id=\"panel-41328-0-0-0\" class=\"so-panel widget widget_sow-editor panel-first-child panel-last-child\" data-index=\"0\" ><div\n\t\t\t\n\t\t\tclass=\"so-widget-sow-editor so-widget-sow-editor-base\"\n\t\t\t\n\t\t>\n<div class=\"siteorigin-widget-tinymce textwidget\">\n\t<p>Los representantes de ventas de Camfil APC son expertos calificados en la recolecci\u00f3n industrial de polvo y niebla. Los a\u00f1os de experiencia en la aplicaci\u00f3n e instalaci\u00f3n de sistemas de recolecci\u00f3n de polvo se complementan con la capacitaci\u00f3n t\u00e9cnica continua de Camfil APC. Todos nuestros representantes tienen el m\u00e1s alto grado de conocimiento con respecto a las caracter\u00edsticas, los beneficios y la aplicaci\u00f3n adecuada de nuestros productos de recolecci\u00f3n de polvo, humo y neblina.<\/p>\n<\/div>\n<\/div><\/div><\/div><\/div><div id=\"pg-41328-1\"  class=\"panel-grid panel-no-style\" ><div id=\"pgc-41328-1-0\"  class=\"panel-grid-cell\" ><div id=\"panel-41328-1-0-0\" class=\"so-panel widget widget_sow-headline panel-first-child\" data-index=\"1\" ><div\n\t\t\t\n\t\t\tclass=\"so-widget-sow-headline so-widget-sow-headline-default-f6dd2a1933c1-41328\"\n\t\t\t\n\t\t><div class=\"sow-headline-container \">\n\t\t\t\t\t\t\t<h3 class=\"sow-headline\">\n\t\t\t\t\t\tUn representante de ventas cerca de usted\t\t\t\t\t\t<\/h3>\n\t\t\t\t\t\t\t\t\t\t\t<div class=\"decoration\">\n\t\t\t\t\t\t<div class=\"decoration-inside\"><\/div>\n\t\t\t\t\t<\/div>\n\t\t\t\t\t<\/div>\n<\/div><\/div><div id=\"panel-41328-1-0-1\" class=\"so-panel widget widget_sow-editor panel-last-child\" data-index=\"2\" ><div\n\t\t\t\n\t\t\tclass=\"so-widget-sow-editor so-widget-sow-editor-base\"\n\t\t\t\n\t\t>\n<div class=\"siteorigin-widget-tinymce textwidget\">\n\t<p>P\u00f3ngase en contacto con nosotros aqu\u00ed en Camfil APC y r\u00e1pidamente lo pondremos en contacto con uno de nuestros representantes de ventas en su \u00e1rea. Camfil APC tiene una red de representantes de ventas de colectores de polvo que cubren todas las \u00e1reas de Am\u00e9rica del Norte, incluido Canad\u00e1. Vendemos en todo el mundo y tenemos instalaciones en Europa, Australia, el sudeste de Asia, Am\u00e9rica del Sur y Central, M\u00e9xico, Puerto Rico y la Rep\u00fablica Dominicana.<\/p>\n<\/div>\n<\/div><\/div><\/div><\/div><div id=\"pg-41328-2\"  class=\"panel-grid panel-no-style\" ><div id=\"pgc-41328-2-0\"  class=\"panel-grid-cell\" ><div id=\"panel-41328-2-0-0\" class=\"so-panel widget widget_sow-editor panel-first-child panel-last-child\" data-index=\"3\" ><div id=\"list-three-column-generic\" class=\"panel-widget-style panel-widget-style-for-41328-2-0-0\" ><div\n\t\t\t\n\t\t\tclass=\"so-widget-sow-editor so-widget-sow-editor-base\"\n\t\t\t\n\t\t>\n<div class=\"siteorigin-widget-tinymce textwidget\">\n\t<p>Alabama<\/p>\n<p>Alaska<\/p>\n<p>Alberta<\/p>\n<p>American Samoa<\/p>\n<p>Arizona<\/p>\n<p>Arkansas<\/p>\n<p>British Columbia<\/p>\n<p>California<\/p>\n<p>Colorado<\/p>\n<p>Connecticut<\/p>\n<p>Delaware<\/p>\n<p>District of Columbia<\/p>\n<p>Florida<\/p>\n<p>Georgia<\/p>\n<p>Hawaii<\/p>\n<p>Idaho<\/p>\n<p>Illinois<\/p>\n<p>Indiana<\/p>\n<p>Iowa<\/p>\n<p>Kansas<\/p>\n<p>Kentucky<\/p>\n<p>Labrador<\/p>\n<p>Louisiana<\/p>\n<p>Maine<\/p>\n<p>Manitoba<\/p>\n<p>Maryland<\/p>\n<p>Massachusetts<\/p>\n<p>Michigan<\/p>\n<p>Minnesota<\/p>\n<p>Mississippi<\/p>\n<p>Missouri<\/p>\n<p>Montana<\/p>\n<p>Nebraska<\/p>\n<p>Nevada<\/p>\n<p>New Brunswick<\/p>\n<p>Newfoundland<\/p>\n<p>New Hampshire<\/p>\n<p>New Jersey<\/p>\n<p>New Mexico<\/p>\n<p>New York<\/p>\n<p>North Carolina<\/p>\n<p>North Dakota<\/p>\n<p>Nova Scotia<\/p>\n<p>Ohio<\/p>\n<p>Oklahoma<\/p>\n<p>Ontario<\/p>\n<p>Oregon<\/p>\n<p>Pennsylvania<\/p>\n<p>Puerto Rico<\/p>\n<p>Quebec<\/p>\n<p>Rhode Island<\/p>\n<p>Saskatchewan<\/p>\n<p>South Carolina<\/p>\n<p>South Dakota<\/p>\n<p>Tennessee<\/p>\n<p>Texas<\/p>\n<p>Utah<\/p>\n<p>Vermont<\/p>\n<p>Virginia<\/p>\n<p>Washington<\/p>\n<p>West Virginia<\/p>\n<p>Wisconsin<\/p>\n<p>Wyoming<\/p>\n<\/div>\n<\/div><\/div><\/div><\/div><\/div><div id=\"pg-41328-3\"  class=\"panel-grid panel-no-style\" ><div id=\"pgc-41328-3-0\"  class=\"panel-grid-cell\" ><div id=\"panel-41328-3-0-0\" class=\"so-panel widget widget_sow-editor panel-first-child panel-last-child\" data-index=\"4\" ><div\n\t\t\t\n\t\t\tclass=\"so-widget-sow-editor so-widget-sow-editor-base\"\n\t\t\t\n\t\t>\n<div class=\"siteorigin-widget-tinymce textwidget\">\n\t<p>Nuevamente, <a href=\"https:\/\/camfilapc.com\/es\/contact-us\/\">cont\u00e1ctenos aqu\u00ed<\/a> en Camfil APC y lo contactaremos con el representante de ventas adecuado.<\/p>\n<\/div>\n<\/div><\/div><\/div><\/div><\/div>","protected":false},"excerpt":{"rendered":"<p>Los representantes de ventas de Camfil APC son expertos calificados en la recolecci\u00f3n industrial de polvo y niebla. Los a\u00f1os de experiencia en la aplicaci\u00f3n e instalaci\u00f3n de sistemas de recolecci\u00f3n de polvo se complementan con la capacitaci\u00f3n t\u00e9cnica continua de Camfil APC. Todos nuestros representantes tienen el m\u00e1s alto grado de conocimiento con respecto a las caracter\u00edsticas, los beneficios...<\/p>\n","protected":false},"author":1,"featured_media":0,"parent":41292,"menu_order":0,"comment_status":"closed","ping_status":"closed","template":"template-product-detail.php","meta":{"_acf_changed":false,"footnotes":""},"class_list":["post-41328","page","type-page","status-publish","hentry"],"acf":[],"_links":{"self":[{"href":"https:\/\/camfilapc.com\/es\/wp-json\/wp\/v2\/pages\/41328","targetHints":{"allow":["GET"]}}],"collection":[{"href":"https:\/\/camfilapc.com\/es\/wp-json\/wp\/v2\/pages"}],"about":[{"href":"https:\/\/camfilapc.com\/es\/wp-json\/wp\/v2\/types\/page"}],"author":[{"embeddable":true,"href":"https:\/\/camfilapc.com\/es\/wp-json\/wp\/v2\/users\/1"}],"replies":[{"embeddable":true,"href":"https:\/\/camfilapc.com\/es\/wp-json\/wp\/v2\/comments?post=41328"}],"version-history":[{"count":0,"href":"https:\/\/camfilapc.com\/es\/wp-json\/wp\/v2\/pages\/41328\/revisions"}],"up":[{"embeddable":true,"href":"https:\/\/camfilapc.com\/es\/wp-json\/wp\/v2\/pages\/41292"}],"wp:attachment":[{"href":"https:\/\/camfilapc.com\/es\/wp-json\/wp\/v2\/media?parent=41328"}],"curies":[{"name":"wp","href":"https:\/\/api.w.org\/{rel}","templated":true}]}}