{"id":41323,"date":"2017-10-05T09:02:40","date_gmt":"2017-10-05T13:02:40","guid":{"rendered":"https:\/\/camfilapc.com\/about\/why-camfil-products-collect-dust-better\/"},"modified":"2019-11-20T10:39:50","modified_gmt":"2019-11-20T15:39:50","slug":"why-camfil-products-collect-dust-better","status":"publish","type":"page","link":"https:\/\/camfilapc.com\/es\/about\/why-camfil-products-collect-dust-better\/","title":{"rendered":"\u00bfPor qu\u00e9 los productos Camfil colectan mejor el polvo?"},"content":{"rendered":"<div id=\"pl-41323\"  class=\"panel-layout\" ><div id=\"pg-41323-0\"  class=\"panel-grid panel-no-style\" ><div id=\"pgc-41323-0-0\"  class=\"panel-grid-cell\" ><div id=\"panel-41323-0-0-0\" class=\"so-panel widget widget_text panel-first-child panel-last-child\" data-index=\"0\" ><div id=\"category-intro-txt\" class=\"panel-widget-style panel-widget-style-for-41323-0-0-0\" >\t\t\t<div class=\"textwidget\"><p>Servimos a una variedad de industrias, desde operaciones mineras a gran escala y talleres de metalmec\u00e1nica, hasta instalaciones de procesamiento de alimentos, farmac\u00e9uticas y qu\u00edmicas.<\/p>\n<\/div>\n\t\t<\/div><\/div><\/div><\/div><div id=\"pg-41323-1\"  class=\"panel-grid panel-no-style\" ><div id=\"pgc-41323-1-0\"  class=\"panel-grid-cell\" ><div id=\"panel-41323-1-0-0\" class=\"so-panel widget widget_sow-editor panel-first-child\" data-index=\"1\" ><div\n\t\t\t\n\t\t\tclass=\"so-widget-sow-editor so-widget-sow-editor-base\"\n\t\t\t\n\t\t>\n<div class=\"siteorigin-widget-tinymce textwidget\">\n\t<p>Lo que mejor hacemos es abordar el desaf\u00edo \u00fanico de cada cliente: proporcionar la soluci\u00f3n ideal para controlar el polvo peligroso, proporcionar aire limpio, mantener un entorno de trabajo seguro, maximizar el tiempo productivo de producci\u00f3n y cumplir con el cumplimiento normativo. He aqu\u00ed por qu\u00e9 Camfil APC colecta mejor el polvo:<\/p>\n<\/div>\n<\/div><\/div><div id=\"panel-41323-1-0-1\" class=\"so-panel widget widget_sow-editor panel-last-child\" data-index=\"2\" ><div\n\t\t\t\n\t\t\tclass=\"so-widget-sow-editor so-widget-sow-editor-base\"\n\t\t\t\n\t\t>\n<div class=\"siteorigin-widget-tinymce textwidget\">\n\t<p><strong>Colector de Polvo con un Dise\u00f1o Superior <\/strong><br \/>\nEl dise\u00f1o vertical de los filtros de Camfil APC en el colector de polvo Gold Series X-Flo (GSX) proporciona una limpieza m\u00e1s eficiente de los filtros en aplicaciones de alta concentraci\u00f3n de polvo. Esto elimina una distribuci\u00f3n desigual del aire y el polvo dentro del equipo, asociada normalmente a equipos con filtros montados horizontalmente en aplicaciones con una alta concentraci\u00f3n de polvo. El GSX est\u00e1 equipado con un dise\u00f1o de entrada de aire especial y deflectores que crea un caudal de aire m\u00e1s uniforme, lo que extiende la vida \u00fatil de los filtros. Cuando los filtros se limpian, m\u00e1s polvo cae directamente a la tolva en lugar de a los filtros adyacentes. La puerta m\u00e1s grande y liviana proporciona una entrada m\u00e1s grande para el acceso a los filtros y un mantenimiento sencillo que no requiere de entrar al colector, creando una situaci\u00f3n de espacio confinado y no requiere herramientas.<\/p>\n<p><strong> Tecnolog\u00eda de filtros<\/strong><br \/>\nEl colector GSX utiliza filtros de cartucho Gold ConeTM X-Flo (GCX) para la colecci\u00f3n de polvo industrial de alta eficiencia. Gracias al rendimiento comprobado de la tecnolog\u00eda HemiPleat\u00ae Gold ConeTM, los filtros GCX permanecen limpios durante mas tiempo y duran m\u00e1s que los filtros de plisado \u200b\u200bconvencional. Los filtros GCX utilizan un sistema patentados con un cono interno de fondo abierto que aumenta significativamente la superficie \u00fatil de filtrado. Debido a que el dise\u00f1o de HemiPleat expone una mayor \u00e1rea del filtro a la corriente de aire, permite una retener una mayor carga de polvo en los filtro que se libera de manera efectiva durante la limpieza por pulsos.<\/p>\n<p>La ubicaci\u00f3n \u00fanica del filtro GCX en el colector GSX proporciona una mayor \u00e1rea filtrante orientada hacia abajo. El cono est\u00e1 configurado de modo que el aire pulsado se distribuye uniformemente de arriba a abajo y a lo largo de la cara exterior del filtro y hacia abajo a trav\u00e9s del cono interior. Eso significa que, con cada pulso, el cartucho Gold Cone GCX expulsa m\u00e1s polvo de los filtros directamente hacia la tolva. Este dise\u00f1o ofrece una ventaja sobre los filtros de estilo horizontal que pulsan la mayor parte del polvo hacia los filtros adyacentes. Incluso si ya tiene un colector de polvo, Camfil APC puede ayudarlo a elegir el filtro HemiPleat correcto para mejorar la eficiencia y el rendimiento de su colector actual, ayud\u00e1ndolo a operar de manera m\u00e1s confiable, reducir su consumo de energ\u00eda y el mantenimiento requerido.<\/p>\n<p><strong> Pericia Regulatoria<\/strong><br \/>\nCamfil APC se mantiene al tanto de las \u00faltimas regulaciones y est\u00e1ndares sobre calidad del aire interior y seguridad de los trabajadores de OSHA (Administraci\u00f3n de Seguridad y Salud Ocupacional) y protecci\u00f3n contra explosiones de NFPA (National Fire Protection Association). Los clientes reciben soporte t\u00e9cnico y de ingenier\u00eda completo de parte de nuestros representantes de ventas con experiencia en la industria. Y todos nuestros distribuidores est\u00e1n capacitados en el cumplimiento de OSHA, ATEX y NFPA. Nuestros colectores de polvo est\u00e1n disponibles con muchas opciones de protecci\u00f3n contra explosiones, que incluyen ventilas de explosi\u00f3n, v\u00e1lvulas de aislamiento, filtros de seguridad y filtros ign\u00edfugos.<\/p>\n<p><strong> An\u00e1lisis de Polvo<\/strong><br \/>\nCamfil APC tiene un laboratorio de pruebas de colecci\u00f3n de polvo de \u00faltima generaci\u00f3n que puede realizar pruebas a gran escala de su polvo. Al identificar correctamente las caracter\u00edsticas del polvo, podemos determinar el tipo correcto de colector, el filtro adecuado para su aplicaci\u00f3n y el tama\u00f1o del equipo que necesita para lograr un ahorro energ\u00e9tico \u00f3ptimo y alta eficiencia operativa. Con el equipo adecuado, puede minimizar el mantenimiento y reducir las emisiones mientras extiende la vida \u00fatil de sus filtros.<\/p>\n<p><strong>Consejero de confianza<\/strong><br \/>\nLos problemas relacionados con el polvo son complejos, y los colectores de polvo generalmente no son dispositivos \u201cplug and play\u201d. El tama\u00f1o y la configuraci\u00f3n, el tama\u00f1o y el tipo de filtro, los ductos y los equipos de protecci\u00f3n contra explosiones deben especificarse para cada aplicaci\u00f3n \u00fanica. Elegir el mejor sistema para una aplicaci\u00f3n dada implica investigaci\u00f3n y atenci\u00f3n al detalle. Nuestros expertos pueden ayudarlo a determinar el mejor sistema de colecci\u00f3n de polvo para su aplicaci\u00f3n, el tipo de ductos necesarios, el filtro adecuado, d\u00f3nde ubicar el colector y si el aire puede recircularse de manera segura para ahorrar en calefacci\u00f3n y\/o aire acondicionado.<\/p>\n<p>Finalmente, creemos que \"colectar mejor el polvo\" incluye un servicio insuperable desde su primera llamada telef\u00f3nica hasta el inicio del sistema. <a href=\"\/es\/contact-us\/\">P\u00f3ngase en contacto con nosotros<\/a> hoy mismo y descubra c\u00f3mo podemos ayudarlo a controlar el polvo en sus instalaciones.<\/p>\n<\/div>\n<\/div><\/div><\/div><div id=\"pgc-41323-1-1\"  class=\"panel-grid-cell\" ><div id=\"panel-41323-1-1-0\" class=\"so-panel widget widget_sow-image panel-first-child\" data-index=\"3\" ><div class=\"panel-widget-style panel-widget-style-for-41323-1-1-0\" ><div\n\t\t\t\n\t\t\tclass=\"so-widget-sow-image so-widget-sow-image-default-c67d20f9f743-41323\"\n\t\t\t\n\t\t>\n<div class=\"sow-image-container\">\n\t\t<img \n\tsrc=\"https:\/\/camfilapc.com\/wp-content\/uploads\/2017\/10\/content_why-before.jpg\" width=\"300\" height=\"225\" sizes=\"(max-width: 300px) 100vw, 300px\" title=\"Before the Gold Series collector was installed, smoke and dust from the laser cutting operation filled the facility.\" alt=\"\" \t\tclass=\"so-widget-image\"\/>\n\t<\/div>\n\n<\/div><\/div><\/div><div id=\"panel-41323-1-1-1\" class=\"so-panel widget widget_sow-editor\" data-index=\"4\" ><div class=\"panel-widget-style panel-widget-style-for-41323-1-1-1\" ><div\n\t\t\t\n\t\t\tclass=\"so-widget-sow-editor so-widget-sow-editor-base\"\n\t\t\t\n\t\t>\n<div class=\"siteorigin-widget-tinymce textwidget\">\n\t<p style=\"text-align: center;\"><strong>Antes de instalar el colector Gold Series, el humo y el polvo de la operaci\u00f3n de corte con l\u00e1ser llenaban las instalaciones.<\/strong><\/p>\n<\/div>\n<\/div><\/div><\/div><div id=\"panel-41323-1-1-2\" class=\"so-panel widget widget_sow-image\" data-index=\"5\" ><div class=\"panel-widget-style panel-widget-style-for-41323-1-1-2\" ><div\n\t\t\t\n\t\t\tclass=\"so-widget-sow-image so-widget-sow-image-default-c67d20f9f743-41323\"\n\t\t\t\n\t\t>\n<div class=\"sow-image-container\">\n\t\t<img \n\tsrc=\"https:\/\/camfilapc.com\/wp-content\/uploads\/2017\/10\/content_why-after.jpg\" width=\"346\" height=\"225\" srcset=\"https:\/\/camfilapc.com\/wp-content\/uploads\/2017\/10\/content_why-after.jpg 346w, https:\/\/camfilapc.com\/wp-content\/uploads\/2017\/10\/content_why-after-300x195.jpg 300w\" sizes=\"(max-width: 346px) 100vw, 346px\" title=\"After the Gold Series replaced a competitor&#039;s unit, laser smoke and dust is well-controlled, maintaining clean operating conditions and ensuring worker safety.\" alt=\"\" \t\tclass=\"so-widget-image\"\/>\n\t<\/div>\n\n<\/div><\/div><\/div><div id=\"panel-41323-1-1-3\" class=\"so-panel widget widget_sow-editor panel-last-child\" data-index=\"6\" ><div class=\"panel-widget-style panel-widget-style-for-41323-1-1-3\" ><div\n\t\t\t\n\t\t\tclass=\"so-widget-sow-editor so-widget-sow-editor-base\"\n\t\t\t\n\t\t>\n<div class=\"siteorigin-widget-tinymce textwidget\">\n\t<p style=\"text-align: center;\"><strong> Despu\u00e9s de que el Gold Series reemplaz\u00f3 la unidad de otra marca, el humo y el polvo del l\u00e1ser est\u00e1n bien controlados, manteniendo las condiciones de operaci\u00f3n limpias y garantizando la seguridad de los trabajadores<\/strong><\/p>\n<\/div>\n<\/div><\/div><\/div><\/div><\/div><\/div>","protected":false},"excerpt":{"rendered":"<p>Servimos a una variedad de industrias, desde operaciones mineras a gran escala y talleres de metalmec\u00e1nica, hasta instalaciones de procesamiento de alimentos, farmac\u00e9uticas y qu\u00edmicas. Lo que mejor hacemos es abordar el desaf\u00edo \u00fanico de cada cliente: proporcionar la soluci\u00f3n ideal para controlar el polvo peligroso, proporcionar aire limpio, mantener un entorno de trabajo seguro, maximizar el tiempo productivo de...<\/p>\n","protected":false},"author":1,"featured_media":0,"parent":41292,"menu_order":0,"comment_status":"closed","ping_status":"closed","template":"","meta":{"_acf_changed":false,"footnotes":""},"class_list":["post-41323","page","type-page","status-publish","hentry"],"acf":[],"_links":{"self":[{"href":"https:\/\/camfilapc.com\/es\/wp-json\/wp\/v2\/pages\/41323","targetHints":{"allow":["GET"]}}],"collection":[{"href":"https:\/\/camfilapc.com\/es\/wp-json\/wp\/v2\/pages"}],"about":[{"href":"https:\/\/camfilapc.com\/es\/wp-json\/wp\/v2\/types\/page"}],"author":[{"embeddable":true,"href":"https:\/\/camfilapc.com\/es\/wp-json\/wp\/v2\/users\/1"}],"replies":[{"embeddable":true,"href":"https:\/\/camfilapc.com\/es\/wp-json\/wp\/v2\/comments?post=41323"}],"version-history":[{"count":0,"href":"https:\/\/camfilapc.com\/es\/wp-json\/wp\/v2\/pages\/41323\/revisions"}],"up":[{"embeddable":true,"href":"https:\/\/camfilapc.com\/es\/wp-json\/wp\/v2\/pages\/41292"}],"wp:attachment":[{"href":"https:\/\/camfilapc.com\/es\/wp-json\/wp\/v2\/media?parent=41323"}],"curies":[{"name":"wp","href":"https:\/\/api.w.org\/{rel}","templated":true}]}}