{"id":41307,"date":"2017-08-17T11:44:14","date_gmt":"2017-08-17T15:44:14","guid":{"rendered":"https:\/\/camfilapc.com\/about\/awards\/"},"modified":"2019-11-20T10:09:46","modified_gmt":"2019-11-20T15:09:46","slug":"awards","status":"publish","type":"page","link":"https:\/\/camfilapc.com\/es\/about\/awards\/","title":{"rendered":"Premios"},"content":{"rendered":"<div id=\"pl-41307\"  class=\"panel-layout\" ><div id=\"pg-41307-0\"  class=\"panel-grid panel-no-style\" ><div id=\"pgc-41307-0-0\"  class=\"panel-grid-cell\" ><div id=\"panel-41307-0-0-0\" class=\"so-panel widget widget_sow-image panel-first-child\" data-index=\"0\" ><div\n\t\t\t\n\t\t\tclass=\"so-widget-sow-image so-widget-sow-image-default-c67d20f9f743-41307\"\n\t\t\t\n\t\t>\n<div class=\"sow-image-container\">\n\t\t<img \n\tsrc=\"https:\/\/camfilapc.com\/wp-content\/uploads\/2017\/08\/content_Handte_EM_Profi_doorsopen_POY2015_web-207x300.png\" width=\"207\" height=\"300\" srcset=\"https:\/\/camfilapc.com\/wp-content\/uploads\/2017\/08\/content_Handte_EM_Profi_doorsopen_POY2015_web-207x300.png 207w, https:\/\/camfilapc.com\/wp-content\/uploads\/2017\/08\/content_Handte_EM_Profi_doorsopen_POY2015_web.png 553w\" sizes=\"(max-width: 207px) 100vw, 207px\" alt=\"\" \t\tclass=\"so-widget-image\"\/>\n\t<\/div>\n\n<\/div><\/div><div id=\"panel-41307-0-0-1\" class=\"so-panel widget widget_sow-editor panel-last-child\" data-index=\"1\" ><div id=\"awards\" class=\"panel-widget-style panel-widget-style-for-41307-0-0-1\" ><div\n\t\t\t\n\t\t\tclass=\"so-widget-sow-editor so-widget-sow-editor-base\"\n\t\t\t\n\t\t>\n<div class=\"siteorigin-widget-tinymce textwidget\">\n\t<ul>\n<li>Producto finalista del a\u00f1o 2016 de la revista Plant Engineering para el <a href=\"\/es\/products\/dust-fume\/handte-wet-scrubbers\/\">Handte Vortex\u00a0<\/a><\/li>\n<li>Ganador del concurso ISHN Reader's Choice 2016 para Handte Vortex<\/li>\n<li>Producto del a\u00f1o de la revista Plant Engineering 2015 en salud ambiental para <a href=\"\/es\/products\/machining-mist-collectors\/handte-em-profi\/\">Handte EM Profi<\/a><\/li>\n<li>Producto Revelaci\u00f3n del a\u00f1o 2015 de la revista Processing para el Quad <a href=\"\/es\/products\/dust-fume\/quad-pulse-package\/\">Pulse Package PX<\/a><\/li>\n<\/ul>\n<\/div>\n<\/div><\/div><\/div><\/div><div id=\"pgc-41307-0-1\"  class=\"panel-grid-cell\" ><div id=\"panel-41307-0-1-0\" class=\"so-panel widget widget_sow-image panel-first-child\" data-index=\"2\" ><div\n\t\t\t\n\t\t\tclass=\"so-widget-sow-image so-widget-sow-image-default-c67d20f9f743-41307\"\n\t\t\t\n\t\t>\n<div class=\"sow-image-container\">\n\t\t<img \n\tsrc=\"https:\/\/camfilapc.com\/wp-content\/uploads\/2017\/08\/content_gold-series-updated-240x300.jpg\" width=\"240\" height=\"300\" srcset=\"https:\/\/camfilapc.com\/wp-content\/uploads\/2017\/08\/content_gold-series-updated-240x300.jpg 240w, https:\/\/camfilapc.com\/wp-content\/uploads\/2017\/08\/content_gold-series-updated.jpg 288w\" sizes=\"(max-width: 240px) 100vw, 240px\" alt=\"\" \t\tclass=\"so-widget-image\"\/>\n\t<\/div>\n\n<\/div><\/div><div id=\"panel-41307-0-1-1\" class=\"so-panel widget widget_sow-editor panel-last-child\" data-index=\"3\" ><div id=\"awards\" class=\"panel-widget-style panel-widget-style-for-41307-0-1-1\" ><div\n\t\t\t\n\t\t\tclass=\"so-widget-sow-editor so-widget-sow-editor-base\"\n\t\t\t\n\t\t>\n<div class=\"siteorigin-widget-tinymce textwidget\">\n\t<ul>\n<li>Premio de \u201cOro\u201d al Producto del a\u00f1o de la revista Plant Engineering 2014 para los filtros HemiPleat eXtreme.\n<\/li>\n<li>Premio de \u201cPlata\u201d al Producto del a\u00f1o de la revista New Equipment Digest 2012 de para el HEPA integrado iSMF.\n<\/li>\n<li>Premio de \u201cOro\u201d al Producto del a\u00f1o 2011 de la revista Plant Engineering para el Farr Gold Series con filtro HEPA de seguridad integrado al equipo (iSMF).\n<\/li>\n<\/ul>\n<\/div>\n<\/div><\/div><\/div><\/div><div id=\"pgc-41307-0-2\"  class=\"panel-grid-cell\" ><div id=\"panel-41307-0-2-0\" class=\"so-panel widget widget_sow-image panel-first-child\" data-index=\"4\" ><div\n\t\t\t\n\t\t\tclass=\"so-widget-sow-image so-widget-sow-image-default-c67d20f9f743-41307\"\n\t\t\t\n\t\t>\n<div class=\"sow-image-container\">\n\t\t<img \n\tsrc=\"https:\/\/camfilapc.com\/wp-content\/uploads\/2017\/08\/content_qpp-175x300.png\" width=\"175\" height=\"300\" srcset=\"https:\/\/camfilapc.com\/wp-content\/uploads\/2017\/08\/content_qpp-175x300.png 175w, https:\/\/camfilapc.com\/wp-content\/uploads\/2017\/08\/content_qpp.png 316w\" sizes=\"(max-width: 175px) 100vw, 175px\" alt=\"\" \t\tclass=\"so-widget-image\"\/>\n\t<\/div>\n\n<\/div><\/div><div id=\"panel-41307-0-2-1\" class=\"so-panel widget widget_sow-editor panel-last-child\" data-index=\"5\" ><div id=\"awards\" class=\"panel-widget-style panel-widget-style-for-41307-0-2-1\" ><div\n\t\t\t\n\t\t\tclass=\"so-widget-sow-editor so-widget-sow-editor-base\"\n\t\t\t\n\t\t>\n<div class=\"siteorigin-widget-tinymce textwidget\">\n\t<ul>\n<li>Premio Elecci\u00f3n de Los lectores de la revista Powder & Bulk Engineering 2010 para el Colector de Polvo GS4M.<\/li>\n<li>Producto Revelaci\u00f3n del a\u00f1o 2009 de la revista Processing Magazine, para el colector de polvo GS4M.<\/li>\n<li>Ganador del Premio m\u00e1ximo de la revista Powder and Bulk Engineering 2009 para el controlador para colectores de polvo FDC.<\/li>\n<\/ul>\n<\/div>\n<\/div><\/div><\/div><\/div><\/div><div id=\"pg-41307-1\"  class=\"panel-grid panel-no-style\" ><div id=\"pgc-41307-1-0\"  class=\"panel-grid-cell\" ><div id=\"panel-41307-1-0-0\" class=\"so-panel widget widget_sow-editor panel-first-child\" data-index=\"6\" ><div id=\"awards\" class=\"panel-widget-style panel-widget-style-for-41307-1-0-0\" ><div\n\t\t\t\n\t\t\tclass=\"so-widget-sow-editor so-widget-sow-editor-base\"\n\t\t\t\n\t\t>\n<div class=\"siteorigin-widget-tinymce textwidget\">\n\t<ul>\n<li>Premio Elecci\u00f3n de los Lectores de la revista Powder &amp; Bulk Engineering 2007. 1er lugar en Equipos de Proceso para el <a href=\"https:\/\/camfilapc.com\/products\/filters\/hemipleat\/\">HemiPleat<\/a>.<\/li>\n<li>Premio Elecci\u00f3n de los Lectores de la revista Powder &amp; Bulk Engineering 2007. Ganador en todas las categor\u00edas para el <a href=\"https:\/\/camfilapc.com\/products\/filters\/hemipleat\/\">HemiPleat<\/a>.<\/li>\n<li>inalista de la revista Plant Engineering 2006. Producto del a\u00f1o para Medio Ambiente, Seguridad y Salud para el <a href=\"\/es\/products\/dust-fume\/x-flo-industrial-dust-collector\/\">Farr Serie Gold<\/a> tipo Cabina.<\/li>\n<\/ul>\n<\/div>\n<\/div><\/div><\/div><div id=\"panel-41307-1-0-1\" class=\"so-panel widget widget_sow-image panel-last-child\" data-index=\"7\" ><div\n\t\t\t\n\t\t\tclass=\"so-widget-sow-image so-widget-sow-image-default-c67d20f9f743-41307\"\n\t\t\t\n\t\t>\n<div class=\"sow-image-container\">\n\t\t<img \n\tsrc=\"https:\/\/camfilapc.com\/wp-content\/uploads\/2017\/08\/content_fisher-hemipleat-300x289.jpg\" width=\"300\" height=\"289\" srcset=\"https:\/\/camfilapc.com\/wp-content\/uploads\/2017\/08\/content_fisher-hemipleat-300x289.jpg 300w, https:\/\/camfilapc.com\/wp-content\/uploads\/2017\/08\/content_fisher-hemipleat.jpg 325w\" sizes=\"(max-width: 300px) 100vw, 300px\" alt=\"\" \t\tclass=\"so-widget-image\"\/>\n\t<\/div>\n\n<\/div><\/div><\/div><div id=\"pgc-41307-1-1\"  class=\"panel-grid-cell\" ><div id=\"panel-41307-1-1-0\" class=\"so-panel widget widget_sow-editor panel-first-child\" data-index=\"8\" ><div id=\"awards\" class=\"panel-widget-style panel-widget-style-for-41307-1-1-0\" ><div\n\t\t\t\n\t\t\tclass=\"so-widget-sow-editor so-widget-sow-editor-base\"\n\t\t\t\n\t\t>\n<div class=\"siteorigin-widget-tinymce textwidget\">\n\t<ul>\n<li>Finalista de Producto del a\u00f1o para Medio Ambiente, Seguridad y Salud de la revista Plant Engineering 2005. Para la tecnologia HemiPleat.<\/li>\n<li> Producto Revelaci\u00f3n del a\u00f1o 2005 de la revista Processing Magazine, para el filtro y la tecnolog\u00eda de plisado HemiPleat.<\/li>\n<li>Premio Elecci\u00f3n de los Lectores de la revista Powder and Bulk Engineering 2004 para el Zephyr II.<\/li>\n<\/ul>\n<\/div>\n<\/div><\/div><\/div><div id=\"panel-41307-1-1-1\" class=\"so-panel widget widget_sow-image panel-last-child\" data-index=\"9\" ><div\n\t\t\t\n\t\t\tclass=\"so-widget-sow-image so-widget-sow-image-default-c67d20f9f743-41307\"\n\t\t\t\n\t\t>\n<div class=\"sow-image-container\">\n\t\t<img \n\tsrc=\"https:\/\/camfilapc.com\/wp-content\/uploads\/2017\/08\/content_gs4m-205x300.jpg\" width=\"205\" height=\"300\" srcset=\"https:\/\/camfilapc.com\/wp-content\/uploads\/2017\/08\/content_gs4m-205x300.jpg 205w, https:\/\/camfilapc.com\/wp-content\/uploads\/2017\/08\/content_gs4m.jpg 206w\" sizes=\"(max-width: 205px) 100vw, 205px\" alt=\"\" \t\tclass=\"so-widget-image\"\/>\n\t<\/div>\n\n<\/div><\/div><\/div><div id=\"pgc-41307-1-2\"  class=\"panel-grid-cell\" ><div id=\"panel-41307-1-2-0\" class=\"so-panel widget widget_sow-editor panel-first-child\" data-index=\"10\" ><div id=\"awards\" class=\"panel-widget-style panel-widget-style-for-41307-1-2-0\" ><div\n\t\t\t\n\t\t\tclass=\"so-widget-sow-editor so-widget-sow-editor-base\"\n\t\t\t\n\t\t>\n<div class=\"siteorigin-widget-tinymce textwidget\">\n\t<ul>\n<li>Premio al programa \"What\u2019s New\" del a\u00f1o 2000 The Grain Elevator & Processing Society Idea Exchange para el filtro de mangas BRF.<\/li>\n<li>Ganador del Producto Revelaci\u00f3n del a\u00f1o 2000 de la revista Powder Bulk and Solids, para el filtro de mangas BRF.<\/li>\n<li>Ganador del Producto Revelaci\u00f3n del a\u00f1o 1999 de la revista Powder Bulk and Solids, para el colector Farr Gold Series.<\/li>\n<\/ul>\n<\/div>\n<\/div><\/div><\/div><div id=\"panel-41307-1-2-1\" class=\"so-panel widget widget_sow-image panel-last-child\" data-index=\"11\" ><div\n\t\t\t\n\t\t\tclass=\"so-widget-sow-image so-widget-sow-image-default-c67d20f9f743-41307\"\n\t\t\t\n\t\t>\n<div class=\"sow-image-container\">\n\t\t<img \n\tsrc=\"https:\/\/camfilapc.com\/wp-content\/uploads\/2017\/08\/content_zephyr3-180x300.jpg\" width=\"180\" height=\"300\" srcset=\"https:\/\/camfilapc.com\/wp-content\/uploads\/2017\/08\/content_zephyr3-180x300.jpg 180w, https:\/\/camfilapc.com\/wp-content\/uploads\/2017\/08\/content_zephyr3.jpg 200w\" sizes=\"(max-width: 180px) 100vw, 180px\" alt=\"\" \t\tclass=\"so-widget-image\"\/>\n\t<\/div>\n\n<\/div><\/div><\/div><\/div><div id=\"pg-41307-2\"  class=\"panel-grid panel-no-style\" ><div id=\"pgc-41307-2-0\"  class=\"panel-grid-cell\" ><div id=\"panel-41307-2-0-0\" class=\"so-panel widget widget_sow-editor panel-first-child panel-last-child\" data-index=\"12\" ><div class=\"panel-widget-style panel-widget-style-for-41307-2-0-0\" ><div\n\t\t\t\n\t\t\tclass=\"so-widget-sow-editor so-widget-sow-editor-base\"\n\t\t\t\n\t\t>\n<div class=\"siteorigin-widget-tinymce textwidget\">\n\t<p><strong>Adem\u00e1s de los premios mencionados anteriormente, Camfil APC ha tenido el honor de aparecer en varias revistas industriales con art\u00edculos t\u00e9cnicos, casos de estudio, productos, noticias de la compa\u00f1\u00eda y otros art\u00edculos.<br \/>\n<\/strong><\/p>\n<\/div>\n<\/div><\/div><\/div><\/div><\/div><\/div>","protected":false},"excerpt":{"rendered":"<p>Producto finalista del a\u00f1o 2016 de la revista Plant Engineering para el Handte Vortex\u00a0 Ganador del concurso ISHN Reader's Choice 2016 para Handte Vortex Producto del a\u00f1o de la revista Plant Engineering 2015 en salud ambiental para Handte EM Profi Producto Revelaci\u00f3n del a\u00f1o 2015 de la revista Processing para el Quad Pulse Package PX Premio de \u201cOro\u201d al Producto...<\/p>\n","protected":false},"author":1,"featured_media":0,"parent":41292,"menu_order":0,"comment_status":"closed","ping_status":"closed","template":"template-product-detail.php","meta":{"_acf_changed":false,"footnotes":""},"class_list":["post-41307","page","type-page","status-publish","hentry"],"acf":[],"_links":{"self":[{"href":"https:\/\/camfilapc.com\/es\/wp-json\/wp\/v2\/pages\/41307","targetHints":{"allow":["GET"]}}],"collection":[{"href":"https:\/\/camfilapc.com\/es\/wp-json\/wp\/v2\/pages"}],"about":[{"href":"https:\/\/camfilapc.com\/es\/wp-json\/wp\/v2\/types\/page"}],"author":[{"embeddable":true,"href":"https:\/\/camfilapc.com\/es\/wp-json\/wp\/v2\/users\/1"}],"replies":[{"embeddable":true,"href":"https:\/\/camfilapc.com\/es\/wp-json\/wp\/v2\/comments?post=41307"}],"version-history":[{"count":0,"href":"https:\/\/camfilapc.com\/es\/wp-json\/wp\/v2\/pages\/41307\/revisions"}],"up":[{"embeddable":true,"href":"https:\/\/camfilapc.com\/es\/wp-json\/wp\/v2\/pages\/41292"}],"wp:attachment":[{"href":"https:\/\/camfilapc.com\/es\/wp-json\/wp\/v2\/media?parent=41307"}],"curies":[{"name":"wp","href":"https:\/\/api.w.org\/{rel}","templated":true}]}}