{"id":41302,"date":"2017-08-17T11:37:56","date_gmt":"2017-08-17T15:37:56","guid":{"rendered":"https:\/\/camfilapc.com\/about\/cleanairmatters\/"},"modified":"2019-11-20T09:53:55","modified_gmt":"2019-11-20T14:53:55","slug":"cleanairmatters","status":"publish","type":"page","link":"https:\/\/camfilapc.com\/es\/about\/cleanairmatters\/","title":{"rendered":"\u00bfPor qu\u00e9 lo hacemos?"},"content":{"rendered":"<div id=\"pl-41302\"  class=\"panel-layout\" ><div id=\"pg-41302-0\"  class=\"panel-grid panel-no-style\" ><div id=\"pgc-41302-0-0\"  class=\"panel-grid-cell\" ><div id=\"panel-41302-0-0-0\" class=\"so-panel widget widget_sow-editor panel-first-child panel-last-child\" data-index=\"0\" ><div id=\"human-right\" class=\"panel-widget-style panel-widget-style-for-41302-0-0-0\" ><div\n\t\t\t\n\t\t\tclass=\"so-widget-sow-editor so-widget-sow-editor-base\"\n\t\t\t\n\t\t><h3 class=\"widget-title\">UN DERECHO HUMANO<\/h3>\n<div class=\"siteorigin-widget-tinymce textwidget\">\n\t<p>En Camfil APC, creemos que respirar aire puro es un derecho humano. Al ofrecer una amplia gama de colectores de polvo, humo y neblinas, podemos proporcionar aire limpio al lugar de trabajo, mejorando la salud y la seguridad de los empleados. Adem\u00e1s de mejorar la vida de los trabajadores de las f\u00e1bricas, nuestros productos pueden mejorar la calidad del aire exterior local, contribuyendo a un ambiente m\u00e1s saludable para nuestros seres queridos.<\/p>\n<\/div>\n<\/div><\/div><\/div><\/div><div id=\"pgc-41302-0-1\"  class=\"panel-grid-cell\" ><div id=\"panel-41302-0-1-0\" class=\"so-panel widget widget_sow-image panel-first-child\" data-index=\"1\" ><div\n\t\t\t\n\t\t\tclass=\"so-widget-sow-image so-widget-sow-image-default-8b5b6f678277-41302\"\n\t\t\t\n\t\t>\n<div class=\"sow-image-container\">\n\t\t<img \n\tsrc=\"https:\/\/camfilapc.com\/wp-content\/uploads\/2017\/08\/man-welding-tl-db140ac63453a4ec1f3c114d7f994ae2677b31605246b9f944e49423a433c201.jpg\" width=\"500\" height=\"500\" srcset=\"https:\/\/camfilapc.com\/wp-content\/uploads\/2017\/08\/man-welding-tl-db140ac63453a4ec1f3c114d7f994ae2677b31605246b9f944e49423a433c201.jpg 500w, https:\/\/camfilapc.com\/wp-content\/uploads\/2017\/08\/man-welding-tl-db140ac63453a4ec1f3c114d7f994ae2677b31605246b9f944e49423a433c201-150x150.jpg 150w, https:\/\/camfilapc.com\/wp-content\/uploads\/2017\/08\/man-welding-tl-db140ac63453a4ec1f3c114d7f994ae2677b31605246b9f944e49423a433c201-300x300.jpg 300w\" sizes=\"(max-width: 500px) 100vw, 500px\" alt=\"\" \t\tclass=\"so-widget-image\"\/>\n\t<\/div>\n\n<\/div><\/div><div id=\"panel-41302-0-1-1\" class=\"so-panel widget widget_sow-image panel-last-child\" data-index=\"2\" ><div\n\t\t\t\n\t\t\tclass=\"so-widget-sow-image so-widget-sow-image-default-8b5b6f678277-41302\"\n\t\t\t\n\t\t>\n<div class=\"sow-image-container\">\n\t\t<img \n\tsrc=\"https:\/\/camfilapc.com\/wp-content\/uploads\/2017\/08\/pharmaceutical-lady-bl-51edbf243a60d29180d6160134ee137deafd9ac84d092b0664a5c5295a1920e4.jpg\" width=\"500\" height=\"500\" srcset=\"https:\/\/camfilapc.com\/wp-content\/uploads\/2017\/08\/pharmaceutical-lady-bl-51edbf243a60d29180d6160134ee137deafd9ac84d092b0664a5c5295a1920e4.jpg 500w, https:\/\/camfilapc.com\/wp-content\/uploads\/2017\/08\/pharmaceutical-lady-bl-51edbf243a60d29180d6160134ee137deafd9ac84d092b0664a5c5295a1920e4-150x150.jpg 150w, https:\/\/camfilapc.com\/wp-content\/uploads\/2017\/08\/pharmaceutical-lady-bl-51edbf243a60d29180d6160134ee137deafd9ac84d092b0664a5c5295a1920e4-300x300.jpg 300w\" sizes=\"(max-width: 500px) 100vw, 500px\" alt=\"\" \t\tclass=\"so-widget-image\"\/>\n\t<\/div>\n\n<\/div><\/div><\/div><div id=\"pgc-41302-0-2\"  class=\"panel-grid-cell\" ><div id=\"panel-41302-0-2-0\" class=\"so-panel widget widget_sow-image panel-first-child\" data-index=\"3\" ><div\n\t\t\t\n\t\t\tclass=\"so-widget-sow-image so-widget-sow-image-default-8b5b6f678277-41302\"\n\t\t\t\n\t\t>\n<div class=\"sow-image-container\">\n\t\t<img \n\tsrc=\"https:\/\/camfilapc.com\/wp-content\/uploads\/2017\/08\/man-standing-factory-tr-bafc42a2b4924d5584e8e79fbd4d0b3603549b9d2f69c27603ca781a5c9a31c4.jpg\" width=\"500\" height=\"500\" srcset=\"https:\/\/camfilapc.com\/wp-content\/uploads\/2017\/08\/man-standing-factory-tr-bafc42a2b4924d5584e8e79fbd4d0b3603549b9d2f69c27603ca781a5c9a31c4.jpg 500w, https:\/\/camfilapc.com\/wp-content\/uploads\/2017\/08\/man-standing-factory-tr-bafc42a2b4924d5584e8e79fbd4d0b3603549b9d2f69c27603ca781a5c9a31c4-150x150.jpg 150w, https:\/\/camfilapc.com\/wp-content\/uploads\/2017\/08\/man-standing-factory-tr-bafc42a2b4924d5584e8e79fbd4d0b3603549b9d2f69c27603ca781a5c9a31c4-300x300.jpg 300w\" sizes=\"(max-width: 500px) 100vw, 500px\" alt=\"\" \t\tclass=\"so-widget-image\"\/>\n\t<\/div>\n\n<\/div><\/div><div id=\"panel-41302-0-2-1\" class=\"so-panel widget widget_sow-image panel-last-child\" data-index=\"4\" ><div\n\t\t\t\n\t\t\tclass=\"so-widget-sow-image so-widget-sow-image-default-8b5b6f678277-41302\"\n\t\t\t\n\t\t>\n<div class=\"sow-image-container\">\n\t\t<img \n\tsrc=\"https:\/\/camfilapc.com\/wp-content\/uploads\/2017\/08\/man-sitting-br-c353ee794484130d53d2a7e0c88cc0a133262f7f08c07a2e1f73cd5bc0b90401.jpg\" width=\"500\" height=\"500\" srcset=\"https:\/\/camfilapc.com\/wp-content\/uploads\/2017\/08\/man-sitting-br-c353ee794484130d53d2a7e0c88cc0a133262f7f08c07a2e1f73cd5bc0b90401.jpg 500w, https:\/\/camfilapc.com\/wp-content\/uploads\/2017\/08\/man-sitting-br-c353ee794484130d53d2a7e0c88cc0a133262f7f08c07a2e1f73cd5bc0b90401-150x150.jpg 150w, https:\/\/camfilapc.com\/wp-content\/uploads\/2017\/08\/man-sitting-br-c353ee794484130d53d2a7e0c88cc0a133262f7f08c07a2e1f73cd5bc0b90401-300x300.jpg 300w\" sizes=\"(max-width: 500px) 100vw, 500px\" alt=\"\" \t\tclass=\"so-widget-image\"\/>\n\t<\/div>\n\n<\/div><\/div><\/div><\/div><div id=\"pg-41302-1\"  class=\"panel-grid panel-no-style\" ><div id=\"pgc-41302-1-0\"  class=\"panel-grid-cell\" ><div id=\"panel-41302-1-0-0\" class=\"so-panel widget widget_sow-editor panel-first-child panel-last-child\" data-index=\"5\" ><div id=\"content-highlight\" class=\"panel-widget-style panel-widget-style-for-41302-1-0-0\" ><div\n\t\t\t\n\t\t\tclass=\"so-widget-sow-editor so-widget-sow-editor-base\"\n\t\t\t\n\t\t>\n<div class=\"siteorigin-widget-tinymce textwidget\">\n\t<div class=\"container hero-slogan-container\">\n<div class=\"col-xs-12 hero-slogan text-center nopad\">\n<h2>\u00bfQUIERES HACER M\u00c1S?<\/h2>\n<\/div>\n<div class=\"col-xs-12 hero-controls-container nopad\"><\/div>\n<\/div>\n<\/div>\n<\/div><\/div><\/div><\/div><\/div><div id=\"pg-41302-2\"  class=\"panel-grid panel-has-style\" ><div class=\"siteorigin-panels-stretch panel-row-style panel-row-style-for-41302-2\" data-stretch-type=\"full-stretched\" ><div id=\"pgc-41302-2-0\"  class=\"panel-grid-cell\" ><div id=\"panel-41302-2-0-0\" class=\"so-panel widget widget_sow-headline panel-first-child panel-last-child\" data-index=\"6\" ><div id=\"heading-bkg\" class=\"panel-widget-style panel-widget-style-for-41302-2-0-0\" ><div\n\t\t\t\n\t\t\tclass=\"so-widget-sow-headline so-widget-sow-headline-default-771b70f7f01f-41302\"\n\t\t\t\n\t\t><div class=\"sow-headline-container \">\n\t\t\t\t\t\t\t<h2 class=\"sow-headline\">\n\t\t\t\t\t\tTU VIAJE\t\t\t\t\t\t<\/h2>\n\t\t\t\t\t\t<\/div>\n<\/div><\/div><\/div><\/div><div id=\"pgc-41302-2-1\"  class=\"panel-grid-cell\" ><div id=\"panel-41302-2-1-0\" class=\"so-panel widget widget_sow-headline panel-first-child panel-last-child\" data-index=\"7\" ><div id=\"heading-bkg\" class=\"panel-widget-style panel-widget-style-for-41302-2-1-0\" ><div\n\t\t\t\n\t\t\tclass=\"so-widget-sow-headline so-widget-sow-headline-default-771b70f7f01f-41302\"\n\t\t\t\n\t\t><div class=\"sow-headline-container \">\n\t\t\t\t\t\t\t<h2 class=\"sow-headline\">\n\t\t\t\t\t\tTU LUGAR DE TRABAJO\t\t\t\t\t\t<\/h2>\n\t\t\t\t\t\t<\/div>\n<\/div><\/div><\/div><\/div><div id=\"pgc-41302-2-2\"  class=\"panel-grid-cell\" ><div id=\"panel-41302-2-2-0\" class=\"so-panel widget widget_sow-headline panel-first-child panel-last-child\" data-index=\"8\" ><div id=\"heading-bkg\" class=\"panel-widget-style panel-widget-style-for-41302-2-2-0\" ><div\n\t\t\t\n\t\t\tclass=\"so-widget-sow-headline so-widget-sow-headline-default-771b70f7f01f-41302\"\n\t\t\t\n\t\t><div class=\"sow-headline-container \">\n\t\t\t\t\t\t\t<h2 class=\"sow-headline\">\n\t\t\t\t\t\tTU HOGAR\t\t\t\t\t\t<\/h2>\n\t\t\t\t\t\t<\/div>\n<\/div><\/div><\/div><\/div><\/div><\/div><div id=\"pg-41302-3\"  class=\"panel-grid panel-no-style\" ><div id=\"pgc-41302-3-0\"  class=\"panel-grid-cell\" ><div id=\"panel-41302-3-0-0\" class=\"so-panel widget widget_sow-editor panel-first-child panel-last-child\" data-index=\"9\" ><div class=\"panel-widget-style panel-widget-style-for-41302-3-0-0\" ><div\n\t\t\t\n\t\t\tclass=\"so-widget-sow-editor so-widget-sow-editor-base\"\n\t\t\t\n\t\t>\n<div class=\"siteorigin-widget-tinymce textwidget\">\n\t<p>En esta \u00e9poca, todos estamos en constante movimiento. Desafortunadamente, todo movimiento entre el trabajo, la escuela, los mandados y el hogar causa contaminaci\u00f3n del aire. Seg\u00fan la Uni\u00f3n de Cient\u00edficos Preocupados, el transporte contribuy\u00f3 a m\u00e1s de la mitad del mon\u00f3xido de carbono y el \u00f3xido de nitr\u00f3geno y casi una cuarta parte de los hidrocarburos emitidos al aire en 2013. Estos contaminantes pueden causar irritaci\u00f3n de los pulmones, debilitar las defensas del cuerpo contra las infecciones respiratorias e incluso bloquear el ox\u00edgeno al cerebro. Afortunadamente, hay medidas que todos podemos tomar para reducir esta contaminaci\u00f3n del aire. Compartir viajes y compartir el autom\u00f3vil son formas simples de ir al trabajo o la escuela, as\u00ed como el transporte p\u00fablico, autobuses y trenes. Muchas empresas, incluida Camfil APC, se est\u00e1n promoviendo el uso de medios de transporte amigables como las bicicletas, al proporcionar estantes para bicicletas y alentar a los empleados a pedalear para trabajar. Por \u00faltimo, a trav\u00e9s de veh\u00edculos limpios y tecnolog\u00eda de combustible, estamos viendo una reducci\u00f3n en la contaminaci\u00f3n del aire de autom\u00f3viles y camiones. \u00bfC\u00f3mo puedes ayudar a limpiar el aire durante tu viaje?<\/p>\n<\/div>\n<\/div><\/div><\/div><\/div><div id=\"pgc-41302-3-1\"  class=\"panel-grid-cell\" ><div id=\"panel-41302-3-1-0\" class=\"so-panel widget widget_sow-editor panel-first-child panel-last-child\" data-index=\"10\" ><div class=\"panel-widget-style panel-widget-style-for-41302-3-1-0\" ><div\n\t\t\t\n\t\t\tclass=\"so-widget-sow-editor so-widget-sow-editor-base\"\n\t\t\t\n\t\t>\n<div class=\"siteorigin-widget-tinymce textwidget\">\n\t<p>Camfil APC se especializa en la coleccion de polvo, humos y neblinas en los procesos de fabricaci\u00f3n. Sin embargo, no solo las f\u00e1bricas producen contaminaci\u00f3n del aire. La calidad del aire dentro de las oficinas y otros lugares de trabajo es importante para la comodidad y la salud de los empleados. Estos contaminantes del aire pueden ser causados \u200b\u200bpor una mala ventilaci\u00f3n, ambientes h\u00famedos, control de temperatura, asbesto, rad\u00f3n o remodelaciones recientes. Como empleado, puede asegurarse de que el aire en su oficina circule libremente manteniendo abiertos los orificios de ventilaci\u00f3n y preguntando si los sistemas de calefacci\u00f3n, aire acondicionado y ventilaci\u00f3n del edificio se est\u00e1n manteniendo y operando adecuadamente. Almacene los alimentos y la basura adecuadamente y no traiga productos qu\u00edmicos que tengan olores fuertes o que puedan emitir emisiones da\u00f1inas. Y siempre h\u00e1gale saber a su supervisor o al mantenimiento del edificio las inquietudes que pueda tener.<\/p>\n<\/div>\n<\/div><\/div><\/div><\/div><div id=\"pgc-41302-3-2\"  class=\"panel-grid-cell\" ><div id=\"panel-41302-3-2-0\" class=\"so-panel widget widget_sow-editor panel-first-child panel-last-child\" data-index=\"11\" ><div class=\"panel-widget-style panel-widget-style-for-41302-3-2-0\" ><div\n\t\t\t\n\t\t\tclass=\"so-widget-sow-editor so-widget-sow-editor-base\"\n\t\t\t\n\t\t>\n<div class=\"siteorigin-widget-tinymce textwidget\">\n\t<p>La contaminaci\u00f3n del aire en su hogar puede ser la m\u00e1s dif\u00edcil de reconocer porque a menudo no hay signos reveladores. \u00bfTus s\u00edntomas de salud mejoran cuando te vas? \u00bfRegresan cuando vuelves a casa? El moho, el moho, los aparatos que queman combustible, los garajes adjuntos y los s\u00f3tanos donde se almacenan los veh\u00edculos motorizados, los productos qu\u00edmicos y pinturas del hogar, los dispositivos para refrescar el aire, la basura, los alimentos vencidos, los pesticidas y la humedad pueden alterar la calidad del aire interior. Para mejorar el aire en su hogar para su familia, intente mantener los niveles de humedad por debajo del 50 por ciento, limpie el equipo y los aparatos con regularidad, guarde los alimentos, cubra los botes de basura o los cebos para el control de plagas y evite las velas o los ambientadores que puedan cubrir los olores nocivos. Para obtener m\u00e1s informaci\u00f3n sobre c\u00f3mo mantener seguro el aire en su hogar, comun\u00edquese con recursos como la American Lung Association.<\/p>\n<\/div>\n<\/div><\/div><\/div><\/div><\/div><div id=\"pg-41302-4\"  class=\"panel-grid panel-no-style\" ><div id=\"pgc-41302-4-0\"  class=\"panel-grid-cell\" ><div id=\"panel-41302-4-0-0\" class=\"so-panel widget widget_media_video panel-first-child panel-last-child\" data-index=\"12\" ><div style=\"width:100%;\" class=\"wp-video\"><video class=\"wp-video-shortcode\" id=\"video-41302-1\" preload=\"metadata\" controls=\"controls\"><source type=\"video\/youtube\" src=\"https:\/\/youtu.be\/q2v6kdCUmUg?_=1\" \/><a href=\"https:\/\/youtu.be\/q2v6kdCUmUg\" rel=\"noopener\">https:\/\/youtu.be\/q2v6kdCUmUg<\/a><\/video><\/div><\/div><\/div><\/div><div id=\"pg-41302-5\"  class=\"panel-grid panel-has-style\" ><div id=\"recommended-products\" class=\"panel-row-style panel-row-style-for-41302-5\" ><div id=\"pgc-41302-5-0\"  class=\"panel-grid-cell\" ><div id=\"panel-41302-5-0-0\" class=\"so-panel widget widget_sow-editor panel-first-child panel-last-child\" data-index=\"13\" ><div\n\t\t\t\n\t\t\tclass=\"so-widget-sow-editor so-widget-sow-editor-base\"\n\t\t\t\n\t\t>\n<div class=\"siteorigin-widget-tinymce textwidget\">\n\t<p><a href=\"https:\/\/camfilapc.com\/es\/products\/dust-fume\/x-flo-industrial-dust-collector\/\"><img loading=\"lazy\" decoding=\"async\" class=\"alignnone wp-image-9639\" src=\"https:\/\/camfilapc.com\/wp-content\/uploads\/2017\/08\/farr-gold-series-thumb-1.jpg\" alt=\"\" width=\"192\" height=\"300\" srcset=\"https:\/\/camfilapc.com\/wp-content\/uploads\/2017\/08\/farr-gold-series-thumb-1.jpg 228w, https:\/\/camfilapc.com\/wp-content\/uploads\/2017\/08\/farr-gold-series-thumb-1-192x300.jpg 192w\" sizes=\"auto, (max-width: 192px) 100vw, 192px\" \/><\/a><\/p>\n<p><a href=\"https:\/\/camfilapc.com\/es\/products\/dust-fume\/x-flo-industrial-dust-collector\/\"><strong>FARR SERIE GOLD<\/strong><\/a><\/p>\n<p class=\"p1\"><span class=\"s1\">Colector de Polvos y Humos<\/span><\/p>\n<\/div>\n<\/div><\/div><\/div><div id=\"pgc-41302-5-1\"  class=\"panel-grid-cell\" ><div id=\"panel-41302-5-1-0\" class=\"so-panel widget widget_sow-editor panel-first-child panel-last-child\" data-index=\"14\" ><div\n\t\t\t\n\t\t\tclass=\"so-widget-sow-editor so-widget-sow-editor-base\"\n\t\t\t\n\t\t>\n<div class=\"siteorigin-widget-tinymce textwidget\">\n\t<p><a href=\"https:\/\/camfilapc.com\/es\/products\/dust-fume\/quad-pulse-package\/\"><img loading=\"lazy\" decoding=\"async\" class=\"alignnone wp-image-5306 size-medium\" src=\"https:\/\/camfilapc.com\/wp-content\/uploads\/2017\/08\/quad-pulse-package-42a33e298937b3d67594136f75c2007cc81178c7832acc65dc80f92b399551ae-172x300.png\" alt=\"\" width=\"172\" height=\"300\" srcset=\"https:\/\/camfilapc.com\/wp-content\/uploads\/2017\/08\/quad-pulse-package-42a33e298937b3d67594136f75c2007cc81178c7832acc65dc80f92b399551ae-172x300.png 172w, https:\/\/camfilapc.com\/wp-content\/uploads\/2017\/08\/quad-pulse-package-42a33e298937b3d67594136f75c2007cc81178c7832acc65dc80f92b399551ae.png 265w\" sizes=\"auto, (max-width: 172px) 100vw, 172px\" \/><\/a><\/p>\n<p><a href=\"https:\/\/camfilapc.com\/es\/products\/dust-fume\/quad-pulse-package\/\"><strong>QUAD PULSE PACKAGE<\/strong><\/a><\/p>\n<p>Colector para Polvos Peligrosos<\/p>\n<\/div>\n<\/div><\/div><\/div><div id=\"pgc-41302-5-2\"  class=\"panel-grid-cell\" ><div id=\"panel-41302-5-2-0\" class=\"so-panel widget widget_sow-editor panel-first-child panel-last-child\" data-index=\"15\" ><div\n\t\t\t\n\t\t\tclass=\"so-widget-sow-editor so-widget-sow-editor-base\"\n\t\t\t\n\t\t>\n<div class=\"siteorigin-widget-tinymce textwidget\">\n\t<p><a href=\"https:\/\/camfilapc.com\/es\/products\/dust-fume\/handte-wet-scrubbers\/\"><img loading=\"lazy\" decoding=\"async\" class=\"alignnone wp-image-5309 size-medium\" src=\"https:\/\/camfilapc.com\/wp-content\/uploads\/2017\/08\/handte-venturi-887d13937a5ec27f70b0278214886e033c6a1af161260601a60888bcd8d5d9ea-151x300.png\" alt=\"\" width=\"151\" height=\"300\" srcset=\"https:\/\/camfilapc.com\/wp-content\/uploads\/2017\/08\/handte-venturi-887d13937a5ec27f70b0278214886e033c6a1af161260601a60888bcd8d5d9ea-151x300.png 151w, https:\/\/camfilapc.com\/wp-content\/uploads\/2017\/08\/handte-venturi-887d13937a5ec27f70b0278214886e033c6a1af161260601a60888bcd8d5d9ea.png 216w\" sizes=\"auto, (max-width: 151px) 100vw, 151px\" \/><\/a><\/p>\n<p><a href=\"https:\/\/camfilapc.com\/es\/products\/dust-fume\/handte-wet-scrubbers\/\"><strong>HANDTE VENTURI<\/strong><\/a><\/p>\n<p>Colector H\u00famedo<\/p>\n<\/div>\n<\/div><\/div><\/div><div id=\"pgc-41302-5-3\"  class=\"panel-grid-cell\" ><div id=\"panel-41302-5-3-0\" class=\"so-panel widget widget_sow-editor panel-first-child panel-last-child\" data-index=\"16\" ><div\n\t\t\t\n\t\t\tclass=\"so-widget-sow-editor so-widget-sow-editor-base\"\n\t\t\t\n\t\t>\n<div class=\"siteorigin-widget-tinymce textwidget\">\n\t<p><a href=\"https:\/\/camfilapc.com\/es\/products\/dust-fume\/handte-wet-scrubbers\/\"><img loading=\"lazy\" decoding=\"async\" class=\"alignnone wp-image-5314 size-medium\" src=\"https:\/\/camfilapc.com\/wp-content\/uploads\/2017\/08\/handte-vortex-a45f7220a4ae224c47902828c6d780d569ed6921dcb424384571ef0fcfcbd99c-191x300.png\" alt=\"\" width=\"191\" height=\"300\" srcset=\"https:\/\/camfilapc.com\/wp-content\/uploads\/2017\/08\/handte-vortex-a45f7220a4ae224c47902828c6d780d569ed6921dcb424384571ef0fcfcbd99c-191x300.png 191w, https:\/\/camfilapc.com\/wp-content\/uploads\/2017\/08\/handte-vortex-a45f7220a4ae224c47902828c6d780d569ed6921dcb424384571ef0fcfcbd99c.png 308w\" sizes=\"auto, (max-width: 191px) 100vw, 191px\" \/><\/a><\/p>\n<p><a href=\"https:\/\/camfilapc.com\/es\/products\/dust-fume\/handte-wet-scrubbers\/\"><strong>HANDTE VORTEX<\/strong><\/a><\/p>\n<p>Depurador H\u00famedo<\/p>\n<\/div>\n<\/div><\/div><\/div><div id=\"pgc-41302-5-4\"  class=\"panel-grid-cell\" ><div id=\"panel-41302-5-4-0\" class=\"so-panel widget widget_sow-editor panel-first-child panel-last-child\" data-index=\"17\" ><div\n\t\t\t\n\t\t\tclass=\"so-widget-sow-editor so-widget-sow-editor-base\"\n\t\t\t\n\t\t>\n<div class=\"siteorigin-widget-tinymce textwidget\">\n\t<p><a href=\"https:\/\/camfilapc.com\/es\/products\/machining-mist-collectors\/handte-oil-expert\/\"><img loading=\"lazy\" decoding=\"async\" class=\"alignnone wp-image-5317 size-medium\" src=\"https:\/\/camfilapc.com\/wp-content\/uploads\/2017\/08\/handte-oil-expert-3617efa3fdb7502a2fd4be6be08ca4153ba4af00d4a004e8a6b626191a20a45b-122x300.png\" alt=\"\" width=\"122\" height=\"300\" srcset=\"https:\/\/camfilapc.com\/wp-content\/uploads\/2017\/08\/handte-oil-expert-3617efa3fdb7502a2fd4be6be08ca4153ba4af00d4a004e8a6b626191a20a45b-122x300.png 122w, https:\/\/camfilapc.com\/wp-content\/uploads\/2017\/08\/handte-oil-expert-3617efa3fdb7502a2fd4be6be08ca4153ba4af00d4a004e8a6b626191a20a45b.png 192w\" sizes=\"auto, (max-width: 122px) 100vw, 122px\" \/><\/a><\/p>\n<p><a href=\"https:\/\/camfilapc.com\/es\/products\/machining-mist-collectors\/handte-oil-expert\/\"><strong>HANDTE OIL EXPERT<\/strong><\/a><\/p>\n<p>Colector de Neblinas de Aceite<\/p>\n<\/div>\n<\/div><\/div><\/div><div id=\"pgc-41302-5-5\"  class=\"panel-grid-cell\" ><div id=\"panel-41302-5-5-0\" class=\"so-panel widget widget_sow-editor panel-first-child panel-last-child\" data-index=\"18\" ><div\n\t\t\t\n\t\t\tclass=\"so-widget-sow-editor so-widget-sow-editor-base\"\n\t\t\t\n\t\t>\n<div class=\"siteorigin-widget-tinymce textwidget\">\n\t<p><a href=\"https:\/\/camfilapc.com\/es\/products\/machining-mist-collectors\/handte-em-profi\/\"><img loading=\"lazy\" decoding=\"async\" class=\"alignnone wp-image-5317 size-medium\" src=\"https:\/\/camfilapc.com\/wp-content\/uploads\/2017\/08\/handte-oil-expert-3617efa3fdb7502a2fd4be6be08ca4153ba4af00d4a004e8a6b626191a20a45b-122x300.png\" alt=\"\" width=\"122\" height=\"300\" srcset=\"https:\/\/camfilapc.com\/wp-content\/uploads\/2017\/08\/handte-oil-expert-3617efa3fdb7502a2fd4be6be08ca4153ba4af00d4a004e8a6b626191a20a45b-122x300.png 122w, https:\/\/camfilapc.com\/wp-content\/uploads\/2017\/08\/handte-oil-expert-3617efa3fdb7502a2fd4be6be08ca4153ba4af00d4a004e8a6b626191a20a45b.png 192w\" sizes=\"auto, (max-width: 122px) 100vw, 122px\" \/><\/a><\/p>\n<p><a href=\"https:\/\/camfilapc.com\/es\/products\/machining-mist-collectors\/handte-em-profi\/\"><strong>HANDTE EM PROFI<\/strong><\/a><\/p>\n<p>Colector de Neblinas de Emulsi\u00f3n<\/p>\n<\/div>\n<\/div><\/div><\/div><\/div><\/div><\/div>","protected":false},"excerpt":{"rendered":"<p>En Camfil APC, creemos que respirar aire puro es un derecho humano. Al ofrecer una amplia gama de colectores de polvo, humo y neblinas, podemos proporcionar aire limpio al lugar de trabajo, mejorando la salud y la seguridad de los empleados. Adem\u00e1s de mejorar la vida de los trabajadores de las f\u00e1bricas, nuestros productos pueden mejorar la calidad del aire...<\/p>\n","protected":false},"author":1,"featured_media":0,"parent":41292,"menu_order":0,"comment_status":"closed","ping_status":"closed","template":"template-product-detail.php","meta":{"_acf_changed":false,"footnotes":""},"class_list":["post-41302","page","type-page","status-publish","hentry"],"acf":[],"_links":{"self":[{"href":"https:\/\/camfilapc.com\/es\/wp-json\/wp\/v2\/pages\/41302","targetHints":{"allow":["GET"]}}],"collection":[{"href":"https:\/\/camfilapc.com\/es\/wp-json\/wp\/v2\/pages"}],"about":[{"href":"https:\/\/camfilapc.com\/es\/wp-json\/wp\/v2\/types\/page"}],"author":[{"embeddable":true,"href":"https:\/\/camfilapc.com\/es\/wp-json\/wp\/v2\/users\/1"}],"replies":[{"embeddable":true,"href":"https:\/\/camfilapc.com\/es\/wp-json\/wp\/v2\/comments?post=41302"}],"version-history":[{"count":0,"href":"https:\/\/camfilapc.com\/es\/wp-json\/wp\/v2\/pages\/41302\/revisions"}],"up":[{"embeddable":true,"href":"https:\/\/camfilapc.com\/es\/wp-json\/wp\/v2\/pages\/41292"}],"wp:attachment":[{"href":"https:\/\/camfilapc.com\/es\/wp-json\/wp\/v2\/media?parent=41302"}],"curies":[{"name":"wp","href":"https:\/\/api.w.org\/{rel}","templated":true}]}}