{"id":41292,"date":"2017-08-17T11:36:44","date_gmt":"2017-08-17T15:36:44","guid":{"rendered":"https:\/\/camfilapc.com\/about\/"},"modified":"2019-11-20T09:43:52","modified_gmt":"2019-11-20T14:43:52","slug":"about","status":"publish","type":"page","link":"https:\/\/camfilapc.com\/es\/about\/","title":{"rendered":"Acerca"},"content":{"rendered":"<div id=\"pl-41292\"  class=\"panel-layout\" ><div id=\"pg-41292-0\"  class=\"panel-grid panel-has-style\" ><div class=\"video panel-row-style panel-row-style-for-41292-0\" ><div id=\"pgc-41292-0-0\"  class=\"panel-grid-cell\" ><div id=\"panel-41292-0-0-0\" class=\"so-panel widget widget_sow-headline panel-first-child\" data-index=\"0\" ><div id=\"product-category-heading\" class=\"panel-widget-style panel-widget-style-for-41292-0-0-0\" ><div\n\t\t\t\n\t\t\tclass=\"so-widget-sow-headline so-widget-sow-headline-default-b7615e695e56-41292\"\n\t\t\t\n\t\t><div class=\"sow-headline-container \">\n\t\t\t\t\t\t\t<h2 class=\"sow-headline\">\n\t\t\t\t\t\tColectores de polvo, humo y niebla limpian su f\u00e1brica\t\t\t\t\t\t<\/h2>\n\t\t\t\t\t\t\t\t\t\t\t<div class=\"decoration\">\n\t\t\t\t\t\t<div class=\"decoration-inside\"><\/div>\n\t\t\t\t\t<\/div>\n\t\t\t\t\t<\/div>\n<\/div><\/div><\/div><div id=\"panel-41292-0-0-1\" class=\"so-panel widget widget_text panel-last-child\" data-index=\"1\" ><div id=\"category-intro-txt\" class=\"panel-widget-style panel-widget-style-for-41292-0-0-1\" >\t\t\t<div class=\"textwidget\"><p>En Camfil APC, nos enorgullecemos de nuestra excepcional l\u00ednea de productos. Desde la colecci\u00f3n de polvo y humo hasta la extracci\u00f3n de neblinas, cubrimos una amplia variedad de aplicaciones. Adem\u00e1s de equipos recolectores, ofrecemos una gama completa de filtros de reemplazo para nuestra l\u00ednea de productos, as\u00ed como filtros de reemplazo para colectores de otras marcas. <\/p>\n<\/div>\n\t\t<\/div><\/div><\/div><\/div><\/div><div id=\"pg-41292-1\"  class=\"panel-grid panel-has-style\" ><div class=\"siteorigin-panels-stretch panel-row-style panel-row-style-for-41292-1\" id=\"border-div\" data-stretch-type=\"full\" ><div id=\"pgc-41292-1-0\"  class=\"panel-grid-cell\" ><div id=\"panel-41292-1-0-0\" class=\"so-panel widget widget_sow-headline panel-first-child panel-last-child\" data-index=\"2\" ><div class=\"animate-69f37cfe8a873236183283 panels-animation-hide panel-widget-style panel-widget-style-for-41292-1-0-0\" data-so-animation=\"{&quot;selector&quot;:&quot;.animate-69f37cfe8a873236183283&quot;,&quot;animation&quot;:&quot;fadeIn&quot;,&quot;breakpoint&quot;:&quot;780px&quot;,&quot;duration&quot;:1,&quot;repeat&quot;:0,&quot;hide&quot;:1,&quot;disableAnimationMobile&quot;:0,&quot;finalState&quot;:&quot;visible&quot;,&quot;delay&quot;:0,&quot;debounce&quot;:0.1,&quot;event&quot;:&quot;in&quot;,&quot;offset&quot;:0}\" ><div\n\t\t\t\n\t\t\tclass=\"so-widget-sow-headline so-widget-sow-headline-default-e4050b04ede6-41292 so-widget-fittext-wrapper\"\n\t\t\t data-fit-text-compressor=\"0.85\"\n\t\t><div class=\"sow-headline-container \">\n\t\t\t\t\t\t\t<h1 class=\"sow-headline\">\n\t\t\t\t\t\tNUESTRA MISI\u00d3N\t\t\t\t\t\t<\/h1>\n\t\t\t\t\t\t\t\t\t\t\t<div class=\"decoration\">\n\t\t\t\t\t\t<div class=\"decoration-inside\"><\/div>\n\t\t\t\t\t<\/div>\n\t\t\t\t\t\t\t\t\t\t\t<h3 class=\"sow-sub-headline\">\n\t\t\t\t\t\tLimpiaremos el polvo, la niebla y los humos de las f\u00e1bricas, haci\u00e9ndolas m\u00e1s seguras y m\u00e1s productivas.\t\t\t\t\t\t<\/h3>\n\t\t\t\t\t\t<\/div>\n<\/div><\/div><\/div><\/div><div id=\"pgc-41292-1-1\"  class=\"panel-grid-cell\" ><div id=\"panel-41292-1-1-0\" class=\"so-panel widget widget_sow-video panel-first-child panel-last-child\" data-index=\"3\" ><div\n\t\t\t\n\t\t\tclass=\"so-widget-sow-video so-widget-sow-video-default-c08170c47cfb-41292\"\n\t\t\t\n\t\t>\n<div class=\"sow-video-wrapper\n\">\n\t\t\t<iframe loading=\"lazy\" title=\"Camfil APC Mission Statement\" width=\"640\" height=\"360\" src=\"https:\/\/www.youtube.com\/embed\/mWV2rhG31J0?feature=oembed&enablejsapi=1\" frameborder=\"0\" allow=\"accelerometer; autoplay; clipboard-write; encrypted-media; gyroscope; picture-in-picture; web-share\" referrerpolicy=\"strict-origin-when-cross-origin\" allowfullscreen allowfullscreen mozallowfullscreen webkitallowfullscreen sandbox=\"allow-scripts allow-same-origin allow-presentation\"><\/iframe>\t<\/div>\n<\/div><\/div><\/div><\/div><\/div><div id=\"pg-41292-2\"  class=\"panel-grid panel-has-style\" ><div class=\"so-parallax animate-69f37cfe8aef5710648915 panels-animation-hide panel-row-style panel-row-style-for-41292-2\" id=\"fullwidth-container\" data-so-animation=\"{&quot;selector&quot;:&quot;.animate-69f37cfe8aef5710648915&quot;,&quot;animation&quot;:&quot;fadeInUp&quot;,&quot;breakpoint&quot;:&quot;780px&quot;,&quot;duration&quot;:1,&quot;repeat&quot;:0,&quot;hide&quot;:1,&quot;disableAnimationMobile&quot;:0,&quot;finalState&quot;:&quot;visible&quot;,&quot;delay&quot;:0,&quot;debounce&quot;:0,&quot;event&quot;:&quot;enter&quot;,&quot;offset&quot;:0}\" ><img fetchpriority=\"high\" decoding=\"async\" width=\"1257\" height=\"782\" src=\"https:\/\/camfilapc.com\/wp-content\/uploads\/2017\/08\/Aerial-photo-Camfil-APC-Campus-Jonesboro.jpg\" class=\"attachment-full size-full\" alt=\"\" data-siteorigin-parallax=\"true\" loading=\"eager\" srcset=\"https:\/\/camfilapc.com\/wp-content\/uploads\/2017\/08\/Aerial-photo-Camfil-APC-Campus-Jonesboro.jpg 1257w, https:\/\/camfilapc.com\/wp-content\/uploads\/2017\/08\/Aerial-photo-Camfil-APC-Campus-Jonesboro-300x187.jpg 300w, https:\/\/camfilapc.com\/wp-content\/uploads\/2017\/08\/Aerial-photo-Camfil-APC-Campus-Jonesboro-768x478.jpg 768w, https:\/\/camfilapc.com\/wp-content\/uploads\/2017\/08\/Aerial-photo-Camfil-APC-Campus-Jonesboro-1024x637.jpg 1024w\" sizes=\"(max-width: 1257px) 100vw, 1257px\" \/><div id=\"pgc-41292-2-0\"  class=\"panel-grid-cell\" ><div id=\"panel-41292-2-0-0\" class=\"so-panel widget widget_sow-editor panel-first-child panel-last-child\" data-index=\"4\" ><div class=\"div-background-image panel-widget-style panel-widget-style-for-41292-2-0-0\" id=\"parallax-row\" ><div\n\t\t\t\n\t\t\tclass=\"so-widget-sow-editor so-widget-sow-editor-base\"\n\t\t\t\n\t\t>\n<div class=\"siteorigin-widget-tinymce textwidget\">\n\t<h2>Fabricaci\u00f3n de \u00faltima generaci\u00f3n<\/h2>\n<ul>\n<li>Instalaciones de <a href=\"https:\/\/camfilapc.com\/resources\/dust-testing-capabilities\/\">prueba de polvo<\/a> de primera l\u00ednea.<\/li>\n<li>Los equipos y filtros de Camfil APC se fabrican en nuestras instalaciones con certificaci\u00f3n ISO 9001 en Jonesboro, AR. Tambi\u00e9n tenemos instalaciones de fabricaci\u00f3n en Tuttlingen, Alemania y Taicang, China.<\/li>\n<li>Fabricaci\u00f3n optimizada a trav\u00e9s de equipos de producci\u00f3n CNC y soldadores certificados.<\/li>\n<\/ul>\n<\/div>\n<\/div><\/div><\/div><\/div><\/div><\/div><div id=\"pg-41292-3\"  class=\"panel-grid panel-has-style\" ><div id=\"fullwidth-container\" class=\"panel-row-style panel-row-style-for-41292-3\" ><div id=\"pgc-41292-3-0\"  class=\"panel-grid-cell\" ><div id=\"panel-41292-3-0-0\" class=\"so-panel widget widget_sow-editor panel-first-child panel-last-child\" data-index=\"5\" ><div class=\"animate-69f37cfe8b56e544455897 panels-animation-hide panel-widget-style panel-widget-style-for-41292-3-0-0\" id=\"fullwidth-text-two-col\" data-so-animation=\"{&quot;selector&quot;:&quot;.animate-69f37cfe8b56e544455897&quot;,&quot;animation&quot;:&quot;fadeInRight&quot;,&quot;breakpoint&quot;:&quot;780px&quot;,&quot;duration&quot;:1,&quot;repeat&quot;:0,&quot;hide&quot;:1,&quot;disableAnimationMobile&quot;:0,&quot;finalState&quot;:&quot;visible&quot;,&quot;delay&quot;:0,&quot;debounce&quot;:0.1,&quot;event&quot;:&quot;enter&quot;,&quot;offset&quot;:0}\" ><div\n\t\t\t\n\t\t\tclass=\"so-widget-sow-editor so-widget-sow-editor-base\"\n\t\t\t\n\t\t>\n<div class=\"siteorigin-widget-tinymce textwidget\">\n\t<h3>Las instalaciones de Camfil APC<\/h3>\n<p><a href=\"https:\/\/www.bbb.org\/arkansas\/business-reviews\/air-purifying-and-cleaning-systems-and-equipment\/camfil-usa-in-jonesboro-ar-90255697\" target=\"_blank\" rel=\"noopener\"><img loading=\"lazy\" decoding=\"async\" class=\"txt-img-right alignnone wp-image-4940 size-full\" src=\"https:\/\/camfilapc.com\/wp-content\/uploads\/2017\/08\/content_bbb_rating.png\" alt=\"\" width=\"343\" height=\"147\" srcset=\"https:\/\/camfilapc.com\/wp-content\/uploads\/2017\/08\/content_bbb_rating.png 343w, https:\/\/camfilapc.com\/wp-content\/uploads\/2017\/08\/content_bbb_rating-300x129.png 300w\" sizes=\"auto, (max-width: 343px) 100vw, 343px\" \/><\/a><\/p>\n<p>Las instalaciones de Camfil APC en Jonesboro, Arkansas es un negocio acreditado por el Better Business Bureau (BBB), que ha recibido la calificaci\u00f3n m\u00e1s alta de A + (Vea nuestro informe de confiabilidad haciendo clic en el logotipo de BBB). Tenemos oficinas regionales en varias ciudades de las Am\u00e9ricas.<\/p>\n<p>Estamos respaldados por una red de representantes altamente capacitados para resolver problemas y ayudarlo a limpiar su f\u00e1brica. Comun\u00edquese con nosotros sobre su solicitud y haremos que una persona local lo llame y ayude a convertir su aire sucio en aire limpio.<\/p>\n<\/div>\n<\/div><\/div><\/div><\/div><\/div><\/div><div id=\"pg-41292-4\"  class=\"panel-grid panel-has-style\" ><div class=\"so-parallax animate-69f37cfe8baf0446360779 panels-animation-hide panel-row-style panel-row-style-for-41292-4\" id=\"fullwidth-container\" data-so-animation=\"{&quot;selector&quot;:&quot;.animate-69f37cfe8baf0446360779&quot;,&quot;animation&quot;:&quot;fadeInUp&quot;,&quot;breakpoint&quot;:&quot;780px&quot;,&quot;duration&quot;:1,&quot;repeat&quot;:0,&quot;hide&quot;:1,&quot;disableAnimationMobile&quot;:0,&quot;finalState&quot;:&quot;visible&quot;,&quot;delay&quot;:0,&quot;debounce&quot;:0,&quot;event&quot;:&quot;enter&quot;,&quot;offset&quot;:0}\" ><img decoding=\"async\" width=\"2000\" height=\"1333\" src=\"https:\/\/camfilapc.com\/wp-content\/uploads\/2017\/11\/camfil-is-green.jpg\" class=\"attachment-full size-full\" alt=\"\" data-siteorigin-parallax=\"true\" loading=\"eager\" srcset=\"https:\/\/camfilapc.com\/wp-content\/uploads\/2017\/11\/camfil-is-green.jpg 2000w, https:\/\/camfilapc.com\/wp-content\/uploads\/2017\/11\/camfil-is-green-300x200.jpg 300w, https:\/\/camfilapc.com\/wp-content\/uploads\/2017\/11\/camfil-is-green-768x512.jpg 768w, https:\/\/camfilapc.com\/wp-content\/uploads\/2017\/11\/camfil-is-green-1024x682.jpg 1024w, https:\/\/camfilapc.com\/wp-content\/uploads\/2017\/11\/camfil-is-green-600x400.jpg 600w, https:\/\/camfilapc.com\/wp-content\/uploads\/2017\/11\/camfil-is-green-272x182.jpg 272w\" sizes=\"(max-width: 2000px) 100vw, 2000px\" \/><div id=\"pgc-41292-4-0\"  class=\"panel-grid-cell\" ><div id=\"panel-41292-4-0-0\" class=\"so-panel widget widget_sow-editor panel-first-child panel-last-child\" data-index=\"6\" ><div class=\"our-goal panel-widget-style panel-widget-style-for-41292-4-0-0\" id=\"parallax-row\" ><div\n\t\t\t\n\t\t\tclass=\"so-widget-sow-editor so-widget-sow-editor-base\"\n\t\t\t\n\t\t>\n<div class=\"siteorigin-widget-tinymce textwidget\">\n\t<h2>Nuestro objetivo en Camfil APC es ser Verdes<\/h2>\n<p>Nuestro objetivo en Camfil APC es ser verdes, comenzando con los beneficios ambientales de nuestros productos. Ayudamos a nuestros clientes a ser ecol\u00f3gicos al evitar que miles de contaminantes diferentes entren al de ambiente de trabajo y sean expulsados al ambiente exterior. Tambi\u00e9n construimos nuestros equipos para durar, por lo que se generan menos residuos con el tiempo. Nuestra tecnolog\u00eda HemiPleat\u00ae ha revolucionado la industria del control de contaminaci\u00f3n del aire al ofrecer una alta eficiencia en un filtro que dura dos veces m\u00e1s que los productos de la competencia. Contribuye a la sostenibilidad al tiempo que ahorra energ\u00eda. Incluso la pintura de nuestro <a href=\"\/es\/products\/dust-fume\/farr-gold-series\/\">colector de polvo Farr Gold\u00ae Series<\/a> es verde y no solo el color. Utilizamos un proceso de pintura en polvo respetuoso con el medio ambiente, por lo que no se emiten COV. Adem\u00e1s, los motores de eficiencia premium son est\u00e1ndar en los ventiladores que suministramos. Estamos constantemente lanzando iniciativas verdes.<\/p>\n<p><strong>Camfil APC es una divisi\u00f3n de Camfil, con sede en Trosa, Suecia, una compa\u00f1\u00eda mundial de filtraci\u00f3n de aire.<\/strong> Camfil tiene divisiones de filtraci\u00f3n que se especializan en filtros HVAC, filtros HEPA, salas limpias, filtraci\u00f3n para turbinas de gas, filtraci\u00f3n para hospitales, filtros de locomotoras de ferrocarril y filtros de carb\u00f3n para gases y olores. Con oficinas y f\u00e1bricas en pr\u00e1cticamente todas las regiones del mundo, Camfil puede ocuparse de sus necesidades de filtraci\u00f3n de aire.<\/p>\n<p style=\"text-align: center;\"><strong>Visita\u00a0<a href=\"https:\/\/www.camfil.com\" target=\"_blank\" rel=\"noopener\">Camfil.com<\/a><\/strong><\/p>\n<\/div>\n<\/div><\/div><\/div><\/div><\/div><\/div><div id=\"pg-41292-5\"  class=\"panel-grid panel-no-style\" ><div id=\"pgc-41292-5-0\"  class=\"panel-grid-cell\" ><div id=\"panel-41292-5-0-0\" class=\"so-panel widget widget_sow-editor panel-first-child panel-last-child\" data-index=\"7\" ><div class=\"animate-69f37cfe8be51349678310 panels-animation-hide panel-widget-style panel-widget-style-for-41292-5-0-0\" id=\"highlight-txt-block\" data-so-animation=\"{&quot;selector&quot;:&quot;.animate-69f37cfe8be51349678310&quot;,&quot;animation&quot;:&quot;slideInUp&quot;,&quot;breakpoint&quot;:&quot;780px&quot;,&quot;duration&quot;:1,&quot;repeat&quot;:0,&quot;hide&quot;:1,&quot;disableAnimationMobile&quot;:0,&quot;finalState&quot;:&quot;visible&quot;,&quot;delay&quot;:0,&quot;debounce&quot;:0.1,&quot;event&quot;:&quot;enter&quot;,&quot;offset&quot;:0}\" ><div\n\t\t\t\n\t\t\tclass=\"so-widget-sow-editor so-widget-sow-editor-base\"\n\t\t\t\n\t\t>\n<div class=\"siteorigin-widget-tinymce textwidget\">\n\t<p>Camfil es la primera empresa de filtraci\u00f3n de aire del mundo en publicar un Informe de sostenibilidad corporativo. El informe describe las acciones de sostenibilidad, los objetivos y los indicadores de rendimiento iniciales de la empresa y est\u00e1 disponible para descargar en <a href=\"http:\/\/camfil.com\" rel=\"noopener\">camfil.com<\/a> en una versi\u00f3n en l\u00ednea f\u00e1cil de leer y ecol\u00f3gica.<\/p>\n<\/div>\n<\/div><\/div><\/div><\/div><\/div><\/div>","protected":false},"excerpt":{"rendered":"<p>En Camfil APC, nos enorgullecemos de nuestra excepcional l\u00ednea de productos. Desde la colecci\u00f3n de polvo y humo hasta la extracci\u00f3n de neblinas, cubrimos una amplia variedad de aplicaciones. Adem\u00e1s de equipos recolectores, ofrecemos una gama completa de filtros de reemplazo para nuestra l\u00ednea de productos, as\u00ed como filtros de reemplazo para colectores de otras marcas.<\/p>\n","protected":false},"author":1,"featured_media":0,"parent":0,"menu_order":0,"comment_status":"closed","ping_status":"closed","template":"","meta":{"_acf_changed":false,"footnotes":""},"class_list":["post-41292","page","type-page","status-publish","hentry"],"acf":[],"_links":{"self":[{"href":"https:\/\/camfilapc.com\/es\/wp-json\/wp\/v2\/pages\/41292","targetHints":{"allow":["GET"]}}],"collection":[{"href":"https:\/\/camfilapc.com\/es\/wp-json\/wp\/v2\/pages"}],"about":[{"href":"https:\/\/camfilapc.com\/es\/wp-json\/wp\/v2\/types\/page"}],"author":[{"embeddable":true,"href":"https:\/\/camfilapc.com\/es\/wp-json\/wp\/v2\/users\/1"}],"replies":[{"embeddable":true,"href":"https:\/\/camfilapc.com\/es\/wp-json\/wp\/v2\/comments?post=41292"}],"version-history":[{"count":0,"href":"https:\/\/camfilapc.com\/es\/wp-json\/wp\/v2\/pages\/41292\/revisions"}],"wp:attachment":[{"href":"https:\/\/camfilapc.com\/es\/wp-json\/wp\/v2\/media?parent=41292"}],"curies":[{"name":"wp","href":"https:\/\/api.w.org\/{rel}","templated":true}]}}