{"id":41284,"date":"2017-09-22T13:10:17","date_gmt":"2017-09-22T17:10:17","guid":{"rendered":"https:\/\/camfilapc.com\/products\/accessories\/clean-sweep-vacuum\/"},"modified":"2023-03-21T15:31:16","modified_gmt":"2023-03-21T19:31:16","slug":"clean-sweep-vacuum","status":"publish","type":"page","link":"https:\/\/camfilapc.com\/es\/products\/accessories\/clean-sweep-vacuum\/","title":{"rendered":"ASPIRADOR DE LIMPIEZA \u201cCLEAN SWEEP\u201d"},"content":{"rendered":"<div id=\"pl-41284\"  class=\"panel-layout\" ><div id=\"pg-41284-0\"  class=\"panel-grid panel-no-style\" ><div id=\"pgc-41284-0-0\"  class=\"panel-grid-cell\" ><div id=\"panel-41284-0-0-0\" class=\"so-panel widget widget_sow-headline panel-first-child\" data-index=\"0\" ><div id=\"product-name\" class=\"panel-widget-style panel-widget-style-for-41284-0-0-0\" ><div\n\t\t\t\n\t\t\tclass=\"so-widget-sow-headline so-widget-sow-headline-default-8913cd27cdbd-41284\"\n\t\t\t\n\t\t><div class=\"sow-headline-container \">\n\t\t\t\t\t\t\t<h2 class=\"sow-headline\">\n\t\t\t\t\t\tACCESORIO ASPIRADOR DE LIMPIEZA \u201cCLEAN SWEEP\u201d\t\t\t\t\t\t<\/h2>\n\t\t\t\t\t\t\t\t\t\t\t<div class=\"decoration\">\n\t\t\t\t\t\t<div class=\"decoration-inside\"><\/div>\n\t\t\t\t\t<\/div>\n\t\t\t\t\t<\/div>\n<\/div><\/div><\/div><div id=\"panel-41284-0-0-1\" class=\"widget_text so-panel widget widget_custom_html\" data-index=\"1\" ><div class=\"textwidget custom-html-widget\"><span class=\"content-lead\">Construido para:<\/span><a href=\"\/products\/dust-fume\/\">Polvos Fugitivos Acumulados<\/a><\/div><\/div><div id=\"panel-41284-0-0-2\" class=\"so-panel widget widget_sow-button panel-last-child\" data-index=\"2\" ><div\n\t\t\t\n\t\t\tclass=\"so-widget-sow-button so-widget-sow-button-flat-f54c0409268f-41284\"\n\t\t\t\n\t\t><div class=\"ow-button-base ow-button-align-center\"\n>\n\t\t\t<a\n\t\t\t\t\thref=\"https:\/\/camfilapc.com\/es\/clean-sweep-vacuum-request-quote-es\/\"\n\t\t\t\t\tclass=\"button-content sowb-button ow-icon-placement-left ow-button-hover\" id=\"btn-request-quote\" \t>\n\t\t<span>\n\t\t\t\n\t\t\tSolicitar Presupuesto\t\t<\/span>\n\t\t\t<\/a>\n\t<\/div>\n<\/div><\/div><\/div><div id=\"pgc-41284-0-1\"  class=\"panel-grid-cell\" ><div id=\"panel-41284-0-1-0\" class=\"so-panel widget panel-first-child panel-last-child\" data-index=\"3\" ><\/div><\/div><\/div><div id=\"pg-41284-1\"  class=\"panel-grid panel-has-style\" ><div id=\"product-full-detail\" class=\"panel-row-style panel-row-style-for-41284-1\" ><div id=\"pgc-41284-1-0\"  class=\"panel-grid-cell\" ><div id=\"panel-41284-1-0-0\" class=\"so-panel widget widget_sow-headline panel-first-child\" data-index=\"4\" ><div\n\t\t\t\n\t\t\tclass=\"so-widget-sow-headline so-widget-sow-headline-default-4d59ec8983cb-41284\"\n\t\t\t\n\t\t><div class=\"sow-headline-container \">\n\t\t\t\t\t\t\t<h3 class=\"sow-headline\">\n\t\t\t\t\t\tMANTIENE LIMPIAS LAS \u00c1REAS DE TRABAJO\t\t\t\t\t\t<\/h3>\n\t\t\t\t\t\t<\/div>\n<\/div><\/div><div id=\"panel-41284-1-0-1\" class=\"so-panel widget widget_sow-editor panel-last-child\" data-index=\"5\" ><div id=\"main-p-column\" class=\"panel-widget-style panel-widget-style-for-41284-1-0-1\" ><div\n\t\t\t\n\t\t\tclass=\"so-widget-sow-editor so-widget-sow-editor-base\"\n\t\t\t\n\t\t>\n<div class=\"siteorigin-widget-tinymce textwidget\">\n\t<p>El accesorio de aspiraci\u00f3n \"Clean Sweep\" proporciona una soluci\u00f3n econ\u00f3mica para limpieza de \u00e1reas de trabajo al agregar una aspiradora de alto vac\u00edo a un colector de polvo de baja presi\u00f3n, como un <a href=\"https:\/\/camfilapc.com\/es\/products\/dust-fume\/x-flo-industrial-dust-collector\/\">colector de polvo industrial Gold Series\u00ae<\/a>. Este accesorio aspirador elimina el polvo fugitivo del \u00e1rea de trabajo adyacente al colector de polvo y lo env\u00eda directamente al mismo.<\/p>\n<p>El Clean Sweep utiliza una bomba neum\u00e1tica de vac\u00edo que arrastra el polvo al colector a trav\u00e9s de un sistema de mangueras de alto vac\u00edo. La bomba funciona con la misma l\u00ednea de aire comprimido que se utiliza para limpiar los filtros de su colector de polvo, por lo que no se requiere electricidad adicional. Con una presi\u00f3n de aire comprimido de 90psig crear\u00e1 un vac\u00edo de hasta 40 \"w.g.<\/p>\n<p>El polvo ingresa en la entrada del colector antes del deflector, de modo que las part\u00edculas grandes no entren en contacto los filtros. Las v\u00e1lvulas de cierre aseguran que el sistema Clean Sweep est\u00e9 aislado del colector cuando no est\u00e9 en uso y que la bomba de vac\u00edo suministre aire comprimido solo cuando el sistema est\u00e9 en funcionamiento.<\/p>\n<p>La aspiradora Clean Sweep no requiere mantenimiento y viene con una manguera flexible, un accesorio para aspiraci\u00f3n de pisos y una boquilla para grietas, una bomba neum\u00e1tica y todos los dem\u00e1s componentes necesarios. Es f\u00e1cil de instalar utilizando un simple video de instalaci\u00f3n paso a paso.<\/p>\n<\/div>\n<\/div><\/div><\/div><\/div><div id=\"pgc-41284-1-1\"  class=\"panel-grid-cell\" ><div id=\"panel-41284-1-1-0\" class=\"so-panel widget widget_ink-tabs panel-first-child\" data-index=\"6\" ><div\n\t\t\t\n\t\t\tclass=\"so-widget-ink-tabs so-widget-ink-tabs-tabs-a3eed0b39013-41284\"\n\t\t\t\n\t\t>\n<div class=\"iw-so-tabs iw-so-tabs-horizontal iw-so-tabs-default\">\n\n\t<ul class=\"iw-so-tabs-nav\">\n\n\t\t\t\t\t<li class=\"iw-so-tab-title iw-so-tab-active\" id=\"ink-tabs-4128410006-1\">\n\t\t\t\t<a href=\"#ink-tabs-4128410006-1-content\">\n\t\t\t\t\t\t\t\t\t\t<span class=\"iw-so-tab-text\">Fotos<\/span>\n\t\t\t\t<\/a>\n\t\t\t<\/li>\n\t\t\t\t\t\t\t\t\t\t\t<li class=\"iw-so-tab-title\" id=\"ink-tabs-4128410006-2\">\n\t\t\t\t<a href=\"#ink-tabs-4128410006-2-content\">\n\t\t\t\t\t\t\t\t\t\t<span class=\"iw-so-tab-text\">Videos<\/span>\n\t\t\t\t<\/a>\n\t\t\t<\/li>\n\t\t\t\t\t\t\t\t\n\t<\/ul>\n\n\t<div class=\"iw-so-tabs-content\">\n\n\t\t\t\t\t<div class=\"iw-so-tabs-panel iw-so-tab-active\" id=\"ink-tabs-4128410006-1-content\">\n\t\t\t\t<p><div>      <\/div><style type=\"text\/css\" scoped>.rbs_gallery_69da1c42e7667Spinner{\r\n\t\t\t\tmargin: 50px auto;\r\n\t\t\t\twidth: 50px;\r\n\t\t\t\theight: 40px;\r\n\t\t\t\ttext-align: center;\r\n\t\t\t\tfont-size: 10px;\r\n\t\t\t}\r\n\t\t\t.rbs_gallery_69da1c42e7667Spinner > div{\r\n\t\t\t  background-color: #333;\r\n\t\t\t  height: 100%;\r\n\t\t\t  width: 6px;\r\n\t\t\t  display: inline-block;\r\n\t\t\t  -webkit-animation: rbs_gallery_69da1c42e7667-stretchdelay 1.2s infinite ease-in-out;\r\n\t\t\t  animation: rbs_gallery_69da1c42e7667-stretchdelay 1.2s infinite ease-in-out;\r\n\t\t\t}\r\n\t\t\t.rbs_gallery_69da1c42e7667Spinner .rbs_gallery_69da1c42e7667Rect2 {\r\n\t\t\t  -webkit-animation-delay: -1.1s;\r\n\t\t\t  animation-delay: -1.1s;\r\n\t\t\t}\r\n\t\t\t.rbs_gallery_69da1c42e7667Spinner .rbs_gallery_69da1c42e7667Rect3 {\r\n\t\t\t  -webkit-animation-delay: -1.0s;\r\n\t\t\t  animation-delay: -1.0s;\r\n\t\t\t}\r\n\t\t\t.rbs_gallery_69da1c42e7667Spinner .rbs_gallery_69da1c42e7667Rect4 {\r\n\t\t\t  -webkit-animation-delay: -0.9s;\r\n\t\t\t  animation-delay: -0.9s;\r\n\t\t\t}\r\n\t\t\t.rbs_gallery_69da1c42e7667Spinner .rbs_gallery_69da1c42e7667Rect5 {\r\n\t\t\t  -webkit-animation-delay: -0.8s;\r\n\t\t\t  animation-delay: -0.8s;\r\n\t\t\t}\r\n\t\t\t@-webkit-keyframes rbs_gallery_69da1c42e7667-stretchdelay {\r\n\t\t\t  0%, 40%, 100% { -webkit-transform: scaleY(0.4) }  \r\n\t\t\t  20% { -webkit-transform: scaleY(1.0) }\r\n\t\t\t}\r\n\t\t\t@keyframes rbs_gallery_69da1c42e7667-stretchdelay {\r\n\t\t\t  0%, 40%, 100% { \r\n\t\t\t    transform: scaleY(0.4);\r\n\t\t\t    -webkit-transform: scaleY(0.4);\r\n\t\t\t  }  20% { \r\n\t\t\t    transform: scaleY(1.0);\r\n\t\t\t    -webkit-transform: scaleY(1.0);\r\n\t\t\t  }\r\n\t\t\t}\r\n\t\t<\/style><div class=\"robo-gallery-wrap robo-gallery-wrap-id13750 robo-gallery-\" ><div id=\"rbs_gallery_69da1c42e7667-block-loader\" class=\"rbs_gallery_69da1c42e7667Spinner\"><div class=\"rbs_gallery_69da1c42e7667Rect1\"><\/div> <div class=\"rbs_gallery_69da1c42e7667Rect2\"><\/div> <div class=\"rbs_gallery_69da1c42e7667Rect3\"><\/div> <div class=\"rbs_gallery_69da1c42e7667Rect4\"><\/div> <div class=\"rbs_gallery_69da1c42e7667Rect5\"><\/div><\/div><div id=\"robo_gallery_main_block_rbs_gallery_69da1c42e7667\" class=\"robogallery-gallery-13750\" style=\"width:100%;margin:0 auto;  display: none;\"><div id=\"rbs_gallery_69da1c42e7667\" data-options=\"rbs_gallery_69da1c42e7667\" style=\"width:100%;\" class=\"robo_gallery  \"><div class=\"rbs-img  category13750 \" ><div class=\"rbs-img-image   rbs-lightbox \" ><div class=\"rbs-img-thumbs\"  data-thumbnail=\"https:\/\/camfilapc.com\/wp-content\/uploads\/2017\/09\/clean-sweep-vac-192x300.jpg\"  title=\"clean-sweep-vac\"  data-width=\"225\"  data-height=\"140\" ><\/div><div class=\"rbs-img-data-popup\"  data-popup=\"https:\/\/camfilapc.com\/wp-content\/uploads\/2017\/09\/clean-sweep-vac.jpg\"  title=\"clean-sweep-vac\" ><\/div><div class=\"thumbnail-overlay\"><div class=\"rbsIcons\"><i class=\"fa fa-search-plus rbsZoomIcon \" ><\/i><\/div><\/div><\/div><\/div><div class=\"rbs-img  category13750 \" ><div class=\"rbs-img-image   rbs-lightbox \" ><div class=\"rbs-img-thumbs\"  data-thumbnail=\"https:\/\/camfilapc.com\/wp-content\/uploads\/2017\/11\/CleanSweepExample-300x120.jpg\"  title=\"CleanSweepExample\"  data-width=\"225\"  data-height=\"140\" ><\/div><div class=\"rbs-img-data-popup\"  data-popup=\"https:\/\/camfilapc.com\/wp-content\/uploads\/2017\/11\/CleanSweepExample.jpg\"  title=\"CleanSweepExample\" ><\/div><div class=\"thumbnail-overlay\"><div class=\"rbsIcons\"><i class=\"fa fa-search-plus rbsZoomIcon \" ><\/i><\/div><\/div><\/div><\/div><div class=\"rbs-img  category13750 \" ><div class=\"rbs-img-image   rbs-lightbox \" ><div class=\"rbs-img-thumbs\"  data-thumbnail=\"https:\/\/camfilapc.com\/wp-content\/uploads\/2017\/11\/CleanSweep_PneumaticVac2-300x234.jpg\"  title=\"CleanSweep_PneumaticVac2\"  data-width=\"225\"  data-height=\"140\" ><\/div><div class=\"rbs-img-data-popup\"  data-popup=\"https:\/\/camfilapc.com\/wp-content\/uploads\/2017\/11\/CleanSweep_PneumaticVac2.jpg\"  title=\"CleanSweep_PneumaticVac2\" ><\/div><div class=\"thumbnail-overlay\"><div class=\"rbsIcons\"><i class=\"fa fa-search-plus rbsZoomIcon \" ><\/i><\/div><\/div><\/div><\/div><div class=\"rbs-img  category13750 \" ><div class=\"rbs-img-image   rbs-lightbox \" ><div class=\"rbs-img-thumbs\"  data-thumbnail=\"https:\/\/camfilapc.com\/wp-content\/uploads\/2017\/11\/CleanSweep_Silo_2-186x300.jpg\"  title=\"CleanSweep_Silo_2\"  data-width=\"225\"  data-height=\"140\" ><\/div><div class=\"rbs-img-data-popup\"  data-popup=\"https:\/\/camfilapc.com\/wp-content\/uploads\/2017\/11\/CleanSweep_Silo_2.jpg\"  title=\"CleanSweep_Silo_2\" ><\/div><div class=\"thumbnail-overlay\"><div class=\"rbsIcons\"><i class=\"fa fa-search-plus rbsZoomIcon \" ><\/i><\/div><\/div><\/div><\/div><\/div><\/div><\/div><script>var rbs_gallery_69da1c42e7667 = {\"version\":\"5.1.4\",\"id\":13750,\"class\":\"id13750\",\"roboGalleryDelay\":1000,\"mainContainer\":\"#robo_gallery_main_block_rbs_gallery_69da1c42e7667\",\"loadingContainer\":\"#rbs_gallery_69da1c42e7667-block-loader\",\"loadingContainerObj\":\"rbs_gallery_69da1c42e7667-block-loader\",\"columnWidth\":\"auto\",\"columns\":3,\"resolutions\":[{\"columnWidth\":\"auto\",\"columns\":3,\"maxWidth\":960},{\"columnWidth\":\"auto\",\"columns\":2,\"maxWidth\":650},{\"columnWidth\":\"auto\",\"columns\":1,\"maxWidth\":450}],\"descBox\":true,\"descBoxClass\":\"rbs_desc_panel_light\",\"hideTitle\":true,\"lightboxOptions\":{\"gallery\":{\"enabled\":true,\"tCounter\":\"%curr% of %total%\"}},\"borderSize\":1,\"overlayEffect\":\"fade\",\"boxesToLoadStart\":12,\"boxesToLoad\":8,\"LoadingWord\":\"Loading...\",\"loadMoreWord\":\"Load More\",\"noMoreEntriesWord\":\"No More Entries\",\"horizontalSpaceBetweenBoxes\":15,\"verticalSpaceBetweenBoxes\":15,\"lazyLoad\":0,\"wrapContainer\":\"#robo-gallery-wrap-rbs_gallery_69da1c42e7667\"};<\/script><div>      <\/div><\/p>\n\t\t\t<\/div>\n\t\t\t\t\t\t\t\t\t\t\t<div class=\"iw-so-tabs-panel\" id=\"ink-tabs-4128410006-2-content\">\n\t\t\t\t<p><div>     <\/div><style type=\"text\/css\" scoped>.rbs_gallery_69da1c42eb00eSpinner{\r\n\t\t\t\tmargin: 50px auto;\r\n\t\t\t\twidth: 50px;\r\n\t\t\t\theight: 40px;\r\n\t\t\t\ttext-align: center;\r\n\t\t\t\tfont-size: 10px;\r\n\t\t\t}\r\n\t\t\t.rbs_gallery_69da1c42eb00eSpinner > div{\r\n\t\t\t  background-color: #333;\r\n\t\t\t  height: 100%;\r\n\t\t\t  width: 6px;\r\n\t\t\t  display: inline-block;\r\n\t\t\t  -webkit-animation: rbs_gallery_69da1c42eb00e-stretchdelay 1.2s infinite ease-in-out;\r\n\t\t\t  animation: rbs_gallery_69da1c42eb00e-stretchdelay 1.2s infinite ease-in-out;\r\n\t\t\t}\r\n\t\t\t.rbs_gallery_69da1c42eb00eSpinner .rbs_gallery_69da1c42eb00eRect2 {\r\n\t\t\t  -webkit-animation-delay: -1.1s;\r\n\t\t\t  animation-delay: -1.1s;\r\n\t\t\t}\r\n\t\t\t.rbs_gallery_69da1c42eb00eSpinner .rbs_gallery_69da1c42eb00eRect3 {\r\n\t\t\t  -webkit-animation-delay: -1.0s;\r\n\t\t\t  animation-delay: -1.0s;\r\n\t\t\t}\r\n\t\t\t.rbs_gallery_69da1c42eb00eSpinner .rbs_gallery_69da1c42eb00eRect4 {\r\n\t\t\t  -webkit-animation-delay: -0.9s;\r\n\t\t\t  animation-delay: -0.9s;\r\n\t\t\t}\r\n\t\t\t.rbs_gallery_69da1c42eb00eSpinner .rbs_gallery_69da1c42eb00eRect5 {\r\n\t\t\t  -webkit-animation-delay: -0.8s;\r\n\t\t\t  animation-delay: -0.8s;\r\n\t\t\t}\r\n\t\t\t@-webkit-keyframes rbs_gallery_69da1c42eb00e-stretchdelay {\r\n\t\t\t  0%, 40%, 100% { -webkit-transform: scaleY(0.4) }  \r\n\t\t\t  20% { -webkit-transform: scaleY(1.0) }\r\n\t\t\t}\r\n\t\t\t@keyframes rbs_gallery_69da1c42eb00e-stretchdelay {\r\n\t\t\t  0%, 40%, 100% { \r\n\t\t\t    transform: scaleY(0.4);\r\n\t\t\t    -webkit-transform: scaleY(0.4);\r\n\t\t\t  }  20% { \r\n\t\t\t    transform: scaleY(1.0);\r\n\t\t\t    -webkit-transform: scaleY(1.0);\r\n\t\t\t  }\r\n\t\t\t}\r\n\t\t<\/style><div class=\"robo-gallery-wrap robo-gallery-wrap-id15718 robo-gallery-\" ><div id=\"rbs_gallery_69da1c42eb00e-block-loader\" class=\"rbs_gallery_69da1c42eb00eSpinner\"><div class=\"rbs_gallery_69da1c42eb00eRect1\"><\/div> <div class=\"rbs_gallery_69da1c42eb00eRect2\"><\/div> <div class=\"rbs_gallery_69da1c42eb00eRect3\"><\/div> <div class=\"rbs_gallery_69da1c42eb00eRect4\"><\/div> <div class=\"rbs_gallery_69da1c42eb00eRect5\"><\/div><\/div><div id=\"robo_gallery_main_block_rbs_gallery_69da1c42eb00e\" class=\"robogallery-gallery-15718\" style=\"width:100%;  display: none;\"><div id=\"rbs_gallery_69da1c42eb00e\" data-options=\"rbs_gallery_69da1c42eb00e\" style=\"width:100%;\" class=\"robo_gallery  \"><div class=\"rbs-img  category15718 \"  data-columns=\"1\" ><div class=\"rbs-img-image   rbs-lightbox \" ><div class=\"rbs-img-thumbs\"  data-thumbnail=\"https:\/\/camfilapc.com\/wp-content\/uploads\/2017\/11\/clean-sweep-video-thumb.jpg\"  title=\"clean-sweep-video-thumb\"  data-width=\"300\"  data-height=\"169\" ><\/div><div class=\"rbs-img-data-popup\"  data-popup=\"https:\/\/youtube.com\/v=oTnEkfho0AE\"  data-type=\"iframe\"  title=\"\" ><\/div><div class=\"thumbnail-overlay\"><div class=\"rbsIcons\"><i class=\"fa fa-search-plus rbsZoomIcon \" ><\/i><\/div><\/div><\/div><\/div><\/div><\/div><\/div><script>var rbs_gallery_69da1c42eb00e = {\"version\":\"5.1.4\",\"id\":15718,\"class\":\"id15718\",\"roboGalleryDelay\":1000,\"mainContainer\":\"#robo_gallery_main_block_rbs_gallery_69da1c42eb00e\",\"loadingContainer\":\"#rbs_gallery_69da1c42eb00e-block-loader\",\"loadingContainerObj\":\"rbs_gallery_69da1c42eb00e-block-loader\",\"columnWidth\":\"auto\",\"columns\":2,\"resolutions\":[{\"columnWidth\":\"auto\",\"columns\":3,\"maxWidth\":960},{\"columnWidth\":\"auto\",\"columns\":2,\"maxWidth\":650},{\"columnWidth\":\"auto\",\"columns\":1,\"maxWidth\":450}],\"lightboxOptions\":{\"gallery\":{\"enabled\":true,\"tCounter\":\"%curr% of %total%\"}},\"borderSize\":2,\"overlayEffect\":\"fade\",\"boxesToLoadStart\":5,\"boxesToLoad\":5,\"LoadingWord\":\"Loading...\",\"loadMoreWord\":\"Load More\",\"noMoreEntriesWord\":\"No More Entries\",\"horizontalSpaceBetweenBoxes\":10,\"verticalSpaceBetweenBoxes\":10,\"lazyLoad\":0,\"wrapContainer\":\"#robo-gallery-wrap-rbs_gallery_69da1c42eb00e\"};<\/script><div>     <\/div><\/p>\n\t\t\t<\/div>\n\t\t\t\t\t\t\t\t\n\t<\/div>\n\n<\/div>\n<\/div><\/div><div id=\"panel-41284-1-1-1\" class=\"so-panel widget widget_sow-headline\" data-index=\"7\" ><div id=\"heading-sidebar\" class=\"panel-widget-style panel-widget-style-for-41284-1-1-1\" ><div\n\t\t\t\n\t\t\tclass=\"so-widget-sow-headline so-widget-sow-headline-default-3be16cc9aca1-41284\"\n\t\t\t\n\t\t><div class=\"sow-headline-container \">\n\t\t\t\t\t\t\t<h3 class=\"sow-headline\">\n\t\t\t\t\t\tInformaci\u00f3n Adicional\t\t\t\t\t\t<\/h3>\n\t\t\t\t\t\t\t\t\t\t\t<div class=\"decoration\">\n\t\t\t\t\t\t<div class=\"decoration-inside\"><\/div>\n\t\t\t\t\t<\/div>\n\t\t\t\t\t<\/div>\n<\/div><\/div><\/div><div id=\"panel-41284-1-1-2\" class=\"so-panel widget widget_sow-post-carousel panel-last-child\" data-index=\"8\" ><div id=\"sidebar-carousel\" class=\"panel-widget-style panel-widget-style-for-41284-1-1-2\" ><div\n\t\t\t\n\t\t\tclass=\"so-widget-sow-post-carousel so-widget-sow-post-carousel-base-c7dbb92dd929-41284\"\n\t\t\t\n\t\t>\t<div\n\t\tclass=\"sow-post-carousel-wrapper sow-post-carousel-theme-base\"\n\t\tstyle=\"overflow: hidden; max-width: 100%; min-height: 150px\"\n\t>\n\t\t<div class=\"sow-carousel-title\">\n\t\t\t<div class=\"sow-carousel-navigation \">\n\t\t\t\t\t\t<a href=\"#\" class=\"sow-carousel-next\" title=\"Siguiente\" aria-label=\"Entradas siguientes\" role=\"button\"><\/a>\n\t\t\t\t\t\t<a href=\"#\" class=\"sow-carousel-previous\" title=\"Anterior\" aria-label=\"Entradas anteriores\" role=\"button\"><\/a>\n\t\t\t\t\t<\/div>\n\t<\/div>\n\n<div class=\"sow-carousel-container \">\n\t\t<div class=\"sow-carousel-wrapper\"\n\t\tdata-dir=\"ltr\"\n\t\tstyle=\"opacity: 0;\"\n\t\tdata-widget=\"post\" data-fetching=\"false\" data-page=\"1\" data-ajax-url=\"https:\/\/camfilapc.com\/wp-admin\/admin-ajax.php?_widgets_nonce=2f7f05a2e3\" data-item_count=\"1\" data-carousel_settings=\"{&quot;loop&quot;:true,&quot;animation&quot;:&quot;Ease&quot;,&quot;animation_speed&quot;:400,&quot;autoplay&quot;:&quot;&quot;,&quot;pauseOnHover&quot;:&quot;&quot;,&quot;autoplaySpeed&quot;:8000,&quot;item_overflow&quot;:true,&quot;autoplay_continuous_scroll&quot;:false}\" data-responsive=\"{&quot;desktop_slides_to_scroll&quot;:1,&quot;tablet_landscape_breakpoint&quot;:1366,&quot;tablet_landscape_slides_to_scroll&quot;:2,&quot;tablet_portrait_breakpoint&quot;:1025,&quot;tablet_portrait_slides_to_scroll&quot;:2,&quot;mobile_breakpoint&quot;:480,&quot;mobile_slides_to_scroll&quot;:1}\" data-variable_width=\"true\" \t>\n\t\t<div\n\t\t\tclass=\"sow-carousel-items\"\n\t\t\t\t\t>\n\t\t\t\t<div class=\"sow-carousel-item\" tabindex=\"-1\" style=\"float: left;\">\n\t\t<div class=\"sow-carousel-thumbnail\">\n\t\t\t\t\t\t\t<a\n\t\t\t\t\thref=\"https:\/\/camfilapc.com\/es\/download\/clean-sweep\/\"\n\t\t\t\t\t\t\t\t\t\tstyle=\"background-image: url( https:\/\/camfilapc.com\/wp-content\/uploads\/2017\/12\/clean-sweep-thumb-2020-150x150.jpg )\"\n\t\t\t\t\taria-labelledby=\"sow-carousel-id-46810\"\n\t\t\t\t\ttabindex=\"-1\"\n\t\t\t\t>\n\t\t\t\t\t<span class=\"overlay\"><\/span>\n\t\t\t\t<\/a>\n\t\t\t\t\t<\/div>\n\t\t<h3 class=\"sow-carousel-item-title\">\n\t\t\t<a\n\t\t\t\thref=\"https:\/\/camfilapc.com\/es\/download\/clean-sweep\/\"\n\t\t\t\tid=\"sow-carousel-id-46810\"\n\t\t\t\t\t\t\t\ttabindex=\"-1\"\n\t\t\t>\n\n\t\t\t\tClean Sweep\t\t\t<\/a>\n\t\t<\/h3>\n\t<\/div>\n\t\t\t<\/div>\n\t\t\t<\/div>\n\n\t<\/div>\n\t\t<input type=\"hidden\" name=\"instance_hash\" value=\"73ffd049\"\/>\n\t<\/div>\n<\/div><\/div><\/div><\/div><\/div><\/div><\/div>","protected":false},"excerpt":{"rendered":"<p>El accesorio de aspiraci\u00f3n \"Clean Sweep\" proporciona una soluci\u00f3n econ\u00f3mica para limpieza de \u00e1reas de trabajo al agregar una aspiradora de alto vac\u00edo a un colector de polvo de baja presi\u00f3n, como un colector de polvo industrial Gold Series\u00ae. Este accesorio aspirador elimina el polvo fugitivo del \u00e1rea de trabajo adyacente al colector de polvo y lo env\u00eda directamente al...<\/p>\n","protected":false},"author":1,"featured_media":0,"parent":41161,"menu_order":0,"comment_status":"closed","ping_status":"closed","template":"template-product-detail.php","meta":{"_acf_changed":false,"footnotes":""},"class_list":["post-41284","page","type-page","status-publish","hentry"],"acf":[],"_links":{"self":[{"href":"https:\/\/camfilapc.com\/es\/wp-json\/wp\/v2\/pages\/41284","targetHints":{"allow":["GET"]}}],"collection":[{"href":"https:\/\/camfilapc.com\/es\/wp-json\/wp\/v2\/pages"}],"about":[{"href":"https:\/\/camfilapc.com\/es\/wp-json\/wp\/v2\/types\/page"}],"author":[{"embeddable":true,"href":"https:\/\/camfilapc.com\/es\/wp-json\/wp\/v2\/users\/1"}],"replies":[{"embeddable":true,"href":"https:\/\/camfilapc.com\/es\/wp-json\/wp\/v2\/comments?post=41284"}],"version-history":[{"count":0,"href":"https:\/\/camfilapc.com\/es\/wp-json\/wp\/v2\/pages\/41284\/revisions"}],"up":[{"embeddable":true,"href":"https:\/\/camfilapc.com\/es\/wp-json\/wp\/v2\/pages\/41161"}],"wp:attachment":[{"href":"https:\/\/camfilapc.com\/es\/wp-json\/wp\/v2\/media?parent=41284"}],"curies":[{"name":"wp","href":"https:\/\/api.w.org\/{rel}","templated":true}]}}