{"id":41278,"date":"2017-12-14T12:38:14","date_gmt":"2017-12-14T17:38:14","guid":{"rendered":"https:\/\/camfilapc.com\/products\/accessories\/farr-gold-series-fans\/"},"modified":"2023-03-21T15:27:50","modified_gmt":"2023-03-21T19:27:50","slug":"farr-gold-series-fans","status":"publish","type":"page","link":"https:\/\/camfilapc.com\/es\/products\/accessories\/farr-gold-series-fans\/","title":{"rendered":"VENTILADORES FARR GOLD SERIES\u00ae"},"content":{"rendered":"<div id=\"pl-41278\"  class=\"panel-layout\" ><div id=\"pg-41278-0\"  class=\"panel-grid panel-no-style\" ><div id=\"pgc-41278-0-0\"  class=\"panel-grid-cell\" ><div id=\"panel-41278-0-0-0\" class=\"so-panel widget widget_sow-headline panel-first-child\" data-index=\"0\" ><div id=\"product-name\" class=\"panel-widget-style panel-widget-style-for-41278-0-0-0\" ><div\n\t\t\t\n\t\t\tclass=\"so-widget-sow-headline so-widget-sow-headline-default-8913cd27cdbd-41278\"\n\t\t\t\n\t\t><div class=\"sow-headline-container \">\n\t\t\t\t\t\t\t<h2 class=\"sow-headline\">\n\t\t\t\t\t\tLOS VENTILADORES CENTR\u00cdFUGOS PARA TRABAJO PESADO CON MOTORES DE ALTA EFICIENCIA PROPORCIONAN UN \u00d3PTIMO DESEMPE\u00d1O ENERG\u00c9TICO\t\t\t\t\t\t<\/h2>\n\t\t\t\t\t\t\t\t\t\t\t<div class=\"decoration\">\n\t\t\t\t\t\t<div class=\"decoration-inside\"><\/div>\n\t\t\t\t\t<\/div>\n\t\t\t\t\t<\/div>\n<\/div><\/div><\/div><div id=\"panel-41278-0-0-1\" class=\"widget_text so-panel widget widget_custom_html\" data-index=\"1\" ><div class=\"textwidget custom-html-widget\"><span class=\"content-lead\">Construido para:<\/span><a href=\"\/products\/dust-fume\/\">Polvos & Humos<\/a><\/div><\/div><div id=\"panel-41278-0-0-2\" class=\"so-panel widget widget_sow-button panel-last-child\" data-index=\"2\" ><div\n\t\t\t\n\t\t\tclass=\"so-widget-sow-button so-widget-sow-button-flat-f54c0409268f-41278\"\n\t\t\t\n\t\t><div class=\"ow-button-base ow-button-align-center\"\n>\n\t\t\t<a\n\t\t\t\t\thref=\"https:\/\/camfilapc.com\/es\/gold-series-fans-request-quote-es\/\"\n\t\t\t\t\tclass=\"button-content sowb-button ow-icon-placement-left ow-button-hover\" id=\"btn-request-quote\" \t>\n\t\t<span>\n\t\t\t\n\t\t\tSolicitar Presupuesto\t\t<\/span>\n\t\t\t<\/a>\n\t<\/div>\n<\/div><\/div><\/div><div id=\"pgc-41278-0-1\"  class=\"panel-grid-cell\" ><div id=\"panel-41278-0-1-0\" class=\"so-panel widget panel-first-child panel-last-child\" data-index=\"3\" ><\/div><\/div><\/div><div id=\"pg-41278-1\"  class=\"panel-grid panel-has-style\" ><div id=\"product-full-detail\" class=\"panel-row-style panel-row-style-for-41278-1\" ><div id=\"pgc-41278-1-0\"  class=\"panel-grid-cell\" ><div id=\"panel-41278-1-0-0\" class=\"so-panel widget widget_sow-headline panel-first-child\" data-index=\"4\" ><div\n\t\t\t\n\t\t\tclass=\"so-widget-sow-headline so-widget-sow-headline-default-4d59ec8983cb-41278\"\n\t\t\t\n\t\t><div class=\"sow-headline-container \">\n\t\t\t\t\t\t\t<h3 class=\"sow-headline\">\n\t\t\t\t\t\tMotores Baldor\u00ae de Eficiencia Premium\t\t\t\t\t\t<\/h3>\n\t\t\t\t\t\t<\/div>\n<\/div><\/div><div id=\"panel-41278-1-0-1\" class=\"so-panel widget widget_sow-editor panel-last-child\" data-index=\"5\" ><div id=\"main-p-column\" class=\"panel-widget-style panel-widget-style-for-41278-1-0-1\" ><div\n\t\t\t\n\t\t\tclass=\"so-widget-sow-editor so-widget-sow-editor-base\"\n\t\t\t\n\t\t>\n<div class=\"siteorigin-widget-tinymce textwidget\">\n\t<div id=\"attachment_17782\" style=\"width: 230px\" class=\"wp-caption alignright\"><img aria-describedby=\"caption-attachment-17782\" loading=\"lazy\" decoding=\"async\" class=\"size-full wp-image-17782\" src=\"https:\/\/camfilapc.com\/wp-content\/uploads\/2017\/12\/fans-graph.jpg\" alt=\"\" width=\"220\" height=\"236\" \/><p id=\"caption-attachment-17782\" class=\"wp-caption-text\">Ahorros por usar un Baldor Super-E de 40 Hp con una eficiencia del 94.5 por ciento en comparaci\u00f3n con un motor industrial promedio con una eficiencia del 88 por ciento.<\/p><\/div>\n<p>Todos los ventiladores de los Farr Gold Series utilizan motores de eficiencia premium Baldor Super-E\u00ae o equivalente como est\u00e1ndar. El problema de la eficiencia energ\u00e9tica de los motores el\u00e9ctricos y los accionamientos es cada vez m\u00e1s relevante a medida que los costos de la electricidad contin\u00faan aumentando. Las empresas ahora est\u00e1n compitiendo en un entorno de costos energ\u00e9ticos crecientes e incertidumbre de electricidad disponible. Estas din\u00e1micas requieren un proveedor de motores industriales con visi\u00f3n de futuro que anticipe las necesidades del cliente y ofrezca productos que ahorran dinero y mejoran la productividad. Es por eso que Camfil APC ha elegido lo mejor: los motores Baldor.<\/p>\n<p><strong>\u00bfPor qu\u00e9 es importante la eficiencia energ\u00e9tica?<\/strong><br \/>\nDe acuerdo con un informe del Departamento de Energ\u00eda de Estados Unidos (DOE por sus siglas en ingl\u00e9s) publicado en 1998, los sistemas impulsados por motores el\u00e9ctricos utilizados en procesos industriales consumen alrededor de 679mil millones de kWh o el 63% de toda la electricidad utilizada en la industria de los Estados Unidos. El reporte revela que el consumo se podr\u00eda reducir en hasta un 18% si las compa\u00f1\u00edas aplicaran \"tecnolog\u00edas y buenas pr\u00e1cticas de eficiencia energ\u00e9tica\". Espec\u00edficamente, el DOE recomienda actualizar la eficiencia de los motores el\u00e9ctricos y mejorar su aplicacion.<\/p>\n<p><img loading=\"lazy\" decoding=\"async\" class=\"size-full wp-image-17783 alignleft\" src=\"https:\/\/camfilapc.com\/wp-content\/uploads\/2017\/12\/fans-drive.jpg\" alt=\"\" width=\"209\" height=\"189\" \/><\/p>\n<p>La Ley de Independencia y Seguridad Energ\u00e9tica (\"EISA\" por sus siglas en ingles), que se convirti\u00f3 en ley en Estados Unidos en el 2007, entr\u00f3 en vigencia a partir del 19 de diciembre de 2010. Esta ley ampl\u00eda el rango de motores industriales que deben cumplir con los est\u00e1ndares de eficiencia energ\u00e9tica exigidos en la Ley de Pol\u00edtica Energ\u00e9tica de 1992 (EPAct).<\/p>\n<p><img loading=\"lazy\" decoding=\"async\" class=\"size-full wp-image-17784 alignright\" src=\"https:\/\/camfilapc.com\/wp-content\/uploads\/2017\/12\/fans-he.jpg\" alt=\"\" width=\"209\" height=\"163\" \/><\/p>\n<p>Alambre de cobre de primera calidad, m\u00e1s hierro, laminados con acero de primera calidad y recubrimiento anti\u00f3xido aislados, rodamientos de alta calidad, anillos de gran tama\u00f1o, ventiladores de alta eficiencia y la experiencia que permite que los motores Super-E funcionen m\u00e1s fr\u00edos y por m\u00e1s tiempo, siendo mas confiables que cualquier otro motor industrial del mercado.<\/p>\n<\/div>\n<\/div><\/div><\/div><\/div><div id=\"pgc-41278-1-1\"  class=\"panel-grid-cell\" ><div id=\"panel-41278-1-1-0\" class=\"so-panel widget widget_ink-tabs panel-first-child\" data-index=\"6\" ><div\n\t\t\t\n\t\t\tclass=\"so-widget-ink-tabs so-widget-ink-tabs-tabs-a3eed0b39013-41278\"\n\t\t\t\n\t\t>\n<div class=\"iw-so-tabs iw-so-tabs-horizontal iw-so-tabs-default\">\n\n\t<ul class=\"iw-so-tabs-nav\">\n\n\t\t\t\t\t<li class=\"iw-so-tab-title iw-so-tab-active\" id=\"ink-tabs-4127810006-1\">\n\t\t\t\t<a href=\"#ink-tabs-4127810006-1-content\">\n\t\t\t\t\t\t\t\t\t\t<span class=\"iw-so-tab-text\">Fotos<\/span>\n\t\t\t\t<\/a>\n\t\t\t<\/li>\n\t\t\t\t\t\t\t\t\n\t<\/ul>\n\n\t<div class=\"iw-so-tabs-content\">\n\n\t\t\t\t\t<div class=\"iw-so-tabs-panel iw-so-tab-active\" id=\"ink-tabs-4127810006-1-content\">\n\t\t\t\t<div>     <\/div><style type=\"text\/css\" scoped>.rbs_gallery_69dfd1afaa3daSpinner{\r\n\t\t\t\tmargin: 50px auto;\r\n\t\t\t\twidth: 50px;\r\n\t\t\t\theight: 40px;\r\n\t\t\t\ttext-align: center;\r\n\t\t\t\tfont-size: 10px;\r\n\t\t\t}\r\n\t\t\t.rbs_gallery_69dfd1afaa3daSpinner > div{\r\n\t\t\t  background-color: #333;\r\n\t\t\t  height: 100%;\r\n\t\t\t  width: 6px;\r\n\t\t\t  display: inline-block;\r\n\t\t\t  -webkit-animation: rbs_gallery_69dfd1afaa3da-stretchdelay 1.2s infinite ease-in-out;\r\n\t\t\t  animation: rbs_gallery_69dfd1afaa3da-stretchdelay 1.2s infinite ease-in-out;\r\n\t\t\t}\r\n\t\t\t.rbs_gallery_69dfd1afaa3daSpinner .rbs_gallery_69dfd1afaa3daRect2 {\r\n\t\t\t  -webkit-animation-delay: -1.1s;\r\n\t\t\t  animation-delay: -1.1s;\r\n\t\t\t}\r\n\t\t\t.rbs_gallery_69dfd1afaa3daSpinner .rbs_gallery_69dfd1afaa3daRect3 {\r\n\t\t\t  -webkit-animation-delay: -1.0s;\r\n\t\t\t  animation-delay: -1.0s;\r\n\t\t\t}\r\n\t\t\t.rbs_gallery_69dfd1afaa3daSpinner .rbs_gallery_69dfd1afaa3daRect4 {\r\n\t\t\t  -webkit-animation-delay: -0.9s;\r\n\t\t\t  animation-delay: -0.9s;\r\n\t\t\t}\r\n\t\t\t.rbs_gallery_69dfd1afaa3daSpinner .rbs_gallery_69dfd1afaa3daRect5 {\r\n\t\t\t  -webkit-animation-delay: -0.8s;\r\n\t\t\t  animation-delay: -0.8s;\r\n\t\t\t}\r\n\t\t\t@-webkit-keyframes rbs_gallery_69dfd1afaa3da-stretchdelay {\r\n\t\t\t  0%, 40%, 100% { -webkit-transform: scaleY(0.4) }  \r\n\t\t\t  20% { -webkit-transform: scaleY(1.0) }\r\n\t\t\t}\r\n\t\t\t@keyframes rbs_gallery_69dfd1afaa3da-stretchdelay {\r\n\t\t\t  0%, 40%, 100% { \r\n\t\t\t    transform: scaleY(0.4);\r\n\t\t\t    -webkit-transform: scaleY(0.4);\r\n\t\t\t  }  20% { \r\n\t\t\t    transform: scaleY(1.0);\r\n\t\t\t    -webkit-transform: scaleY(1.0);\r\n\t\t\t  }\r\n\t\t\t}\r\n\t\t<\/style><div class=\"robo-gallery-wrap robo-gallery-wrap-id17803 robo-gallery-\" ><div id=\"rbs_gallery_69dfd1afaa3da-block-loader\" class=\"rbs_gallery_69dfd1afaa3daSpinner\"><div class=\"rbs_gallery_69dfd1afaa3daRect1\"><\/div> <div class=\"rbs_gallery_69dfd1afaa3daRect2\"><\/div> <div class=\"rbs_gallery_69dfd1afaa3daRect3\"><\/div> <div class=\"rbs_gallery_69dfd1afaa3daRect4\"><\/div> <div class=\"rbs_gallery_69dfd1afaa3daRect5\"><\/div><\/div><div id=\"robo_gallery_main_block_rbs_gallery_69dfd1afaa3da\" class=\"robogallery-gallery-17803\" style=\"width:100%;margin:0 auto;  display: none;\"><div id=\"rbs_gallery_69dfd1afaa3da\" data-options=\"rbs_gallery_69dfd1afaa3da\" style=\"width:100%;\" class=\"robo_gallery  \"><div class=\"rbs-img  category17803 \" ><div class=\"rbs-img-image   rbs-lightbox \" ><div class=\"rbs-img-thumbs\"  data-thumbnail=\"https:\/\/camfilapc.com\/wp-content\/uploads\/2017\/12\/efficiency-fan-product-exp-view-300x97.jpg\"  title=\"efficiency-fan-product-exp-view\"  data-width=\"225\"  data-height=\"140\" ><\/div><div class=\"rbs-img-data-popup\"  data-popup=\"https:\/\/camfilapc.com\/wp-content\/uploads\/2017\/12\/efficiency-fan-product-exp-view.jpg\"  title=\"efficiency-fan-product-exp-view\" ><\/div><div class=\"thumbnail-overlay\"><div class=\"rbsIcons\"><i class=\"fa fa-search-plus rbsZoomIcon \" ><\/i><\/div><\/div><\/div><\/div><div class=\"rbs-img  category17803 \" ><div class=\"rbs-img-image   rbs-lightbox \" ><div class=\"rbs-img-thumbs\"  data-thumbnail=\"https:\/\/camfilapc.com\/wp-content\/uploads\/2017\/12\/High_Efficiency_Fan_Motors-4-300x203.jpg\"  title=\"High_Efficiency_Fan_Motors-4\"  data-width=\"225\"  data-height=\"140\" ><\/div><div class=\"rbs-img-data-popup\"  data-popup=\"https:\/\/camfilapc.com\/wp-content\/uploads\/2017\/12\/High_Efficiency_Fan_Motors-4.jpg\"  title=\"High_Efficiency_Fan_Motors-4\" ><\/div><div class=\"thumbnail-overlay\"><div class=\"rbsIcons\"><i class=\"fa fa-search-plus rbsZoomIcon \" ><\/i><\/div><\/div><\/div><\/div><div class=\"rbs-img  category17803 \" ><div class=\"rbs-img-image   rbs-lightbox \" ><div class=\"rbs-img-thumbs\"  data-thumbnail=\"https:\/\/camfilapc.com\/wp-content\/uploads\/2017\/12\/efficiency-fan-product2-300x244.jpg\"  title=\"efficiency-fan-product2\"  data-width=\"225\"  data-height=\"140\" ><\/div><div class=\"rbs-img-data-popup\"  data-popup=\"https:\/\/camfilapc.com\/wp-content\/uploads\/2017\/12\/efficiency-fan-product2.jpg\"  title=\"efficiency-fan-product2\" ><\/div><div class=\"thumbnail-overlay\"><div class=\"rbsIcons\"><i class=\"fa fa-search-plus rbsZoomIcon \" ><\/i><\/div><\/div><\/div><\/div><div class=\"rbs-img  category17803 \" ><div class=\"rbs-img-image   rbs-lightbox \" ><div class=\"rbs-img-thumbs\"  data-thumbnail=\"https:\/\/camfilapc.com\/wp-content\/uploads\/2017\/12\/efficiency-fan-product3-300x161.jpg\"  title=\"efficiency-fan-product3\"  data-width=\"225\"  data-height=\"140\" ><\/div><div class=\"rbs-img-data-popup\"  data-popup=\"https:\/\/camfilapc.com\/wp-content\/uploads\/2017\/12\/efficiency-fan-product3.jpg\"  title=\"efficiency-fan-product3\" ><\/div><div class=\"thumbnail-overlay\"><div class=\"rbsIcons\"><i class=\"fa fa-search-plus rbsZoomIcon \" ><\/i><\/div><\/div><\/div><\/div><div class=\"rbs-img  category17803 \" ><div class=\"rbs-img-image   rbs-lightbox \"  data-descbox=\"Ground mount fan\" ><div class=\"rbs-img-thumbs\"  data-thumbnail=\"https:\/\/camfilapc.com\/wp-content\/uploads\/2017\/12\/Ground-Mount-Fan-284x300.jpg\"  title=\"Ground Mount Fan\"  data-width=\"225\"  data-height=\"140\" ><\/div><div class=\"rbs-img-data-popup\"  data-popup=\"https:\/\/camfilapc.com\/wp-content\/uploads\/2017\/12\/Ground-Mount-Fan.jpg\"  title=\"Ground Mount Fan\"  data-alt=\"Industrial Dust Collector Ground Mount Fan\" ><\/div><div class=\"thumbnail-overlay\"><div class=\"rbsIcons\"><i class=\"fa fa-search-plus rbsZoomIcon \" ><\/i><\/div><\/div><\/div><\/div><\/div><\/div><\/div><script>var rbs_gallery_69dfd1afaa3da = {\"version\":\"5.1.4\",\"id\":17803,\"class\":\"id17803\",\"roboGalleryDelay\":1000,\"mainContainer\":\"#robo_gallery_main_block_rbs_gallery_69dfd1afaa3da\",\"loadingContainer\":\"#rbs_gallery_69dfd1afaa3da-block-loader\",\"loadingContainerObj\":\"rbs_gallery_69dfd1afaa3da-block-loader\",\"columnWidth\":\"auto\",\"columns\":3,\"resolutions\":[{\"columnWidth\":\"auto\",\"columns\":3,\"maxWidth\":960},{\"columnWidth\":\"auto\",\"columns\":2,\"maxWidth\":650},{\"columnWidth\":\"auto\",\"columns\":1,\"maxWidth\":450}],\"descBox\":true,\"descBoxClass\":\"rbs_desc_panel_light\",\"hideTitle\":true,\"lightboxOptions\":{\"gallery\":{\"enabled\":true,\"tCounter\":\"%curr% of %total%\"}},\"borderSize\":1,\"overlayEffect\":\"fade\",\"boxesToLoadStart\":12,\"boxesToLoad\":8,\"LoadingWord\":\"Loading...\",\"loadMoreWord\":\"Load More\",\"noMoreEntriesWord\":\"No More Entries\",\"horizontalSpaceBetweenBoxes\":15,\"verticalSpaceBetweenBoxes\":15,\"lazyLoad\":0,\"wrapContainer\":\"#robo-gallery-wrap-rbs_gallery_69dfd1afaa3da\"};<\/script><div>     <\/div>\n\t\t\t<\/div>\n\t\t\t\t\t\t\t\t\n\t<\/div>\n\n<\/div>\n<\/div><\/div><div id=\"panel-41278-1-1-1\" class=\"so-panel widget widget_sow-headline\" data-index=\"7\" ><div id=\"heading-sidebar\" class=\"panel-widget-style panel-widget-style-for-41278-1-1-1\" ><div\n\t\t\t\n\t\t\tclass=\"so-widget-sow-headline so-widget-sow-headline-default-3be16cc9aca1-41278\"\n\t\t\t\n\t\t><div class=\"sow-headline-container \">\n\t\t\t\t\t\t\t<h3 class=\"sow-headline\">\n\t\t\t\t\t\tInformaci\u00f3n Adicional\t\t\t\t\t\t<\/h3>\n\t\t\t\t\t\t\t\t\t\t\t<div class=\"decoration\">\n\t\t\t\t\t\t<div class=\"decoration-inside\"><\/div>\n\t\t\t\t\t<\/div>\n\t\t\t\t\t<\/div>\n<\/div><\/div><\/div><div id=\"panel-41278-1-1-2\" class=\"so-panel widget widget_sow-post-carousel panel-last-child\" data-index=\"8\" ><div id=\"sidebar-carousel\" class=\"panel-widget-style panel-widget-style-for-41278-1-1-2\" ><div\n\t\t\t\n\t\t\tclass=\"so-widget-sow-post-carousel so-widget-sow-post-carousel-base-c7dbb92dd929-41278\"\n\t\t\t\n\t\t>\t<div\n\t\tclass=\"sow-post-carousel-wrapper sow-post-carousel-theme-base\"\n\t\tstyle=\"overflow: hidden; max-width: 100%; min-height: 150px\"\n\t>\n\t\t<div class=\"sow-carousel-title has-title\">\n\t<h3 class=\"widget-title\">Literatura Descargable<\/h3>\t\t<div class=\"sow-carousel-navigation \">\n\t\t\t\t\t\t<a href=\"#\" class=\"sow-carousel-next\" title=\"Siguiente\" aria-label=\"Entradas siguientes\" role=\"button\"><\/a>\n\t\t\t\t\t\t<a href=\"#\" class=\"sow-carousel-previous\" title=\"Anterior\" aria-label=\"Entradas anteriores\" role=\"button\"><\/a>\n\t\t\t\t\t<\/div>\n\t<\/div>\n\n<div class=\"sow-carousel-container \">\n\t\t<div class=\"sow-carousel-wrapper\"\n\t\tdata-dir=\"ltr\"\n\t\tstyle=\"opacity: 0;\"\n\t\tdata-widget=\"post\" data-fetching=\"false\" data-page=\"1\" data-ajax-url=\"https:\/\/camfilapc.com\/wp-admin\/admin-ajax.php?_widgets_nonce=f2b96a482d\" data-item_count=\"1\" data-carousel_settings=\"{&quot;loop&quot;:true,&quot;animation&quot;:&quot;Ease&quot;,&quot;animation_speed&quot;:400,&quot;autoplay&quot;:&quot;&quot;,&quot;pauseOnHover&quot;:&quot;&quot;,&quot;autoplaySpeed&quot;:8000,&quot;item_overflow&quot;:true,&quot;autoplay_continuous_scroll&quot;:false}\" data-responsive=\"{&quot;desktop_slides_to_scroll&quot;:1,&quot;tablet_landscape_breakpoint&quot;:1366,&quot;tablet_landscape_slides_to_scroll&quot;:2,&quot;tablet_portrait_breakpoint&quot;:1025,&quot;tablet_portrait_slides_to_scroll&quot;:2,&quot;mobile_breakpoint&quot;:480,&quot;mobile_slides_to_scroll&quot;:1}\" data-variable_width=\"true\" \t>\n\t\t<div\n\t\t\tclass=\"sow-carousel-items\"\n\t\t\t\t\t>\n\t\t\t\t<div class=\"sow-carousel-item\" tabindex=\"-1\" style=\"float: left;\">\n\t\t<div class=\"sow-carousel-thumbnail\">\n\t\t\t\t\t\t\t<a\n\t\t\t\t\thref=\"https:\/\/camfilapc.com\/es\/download\/premium-efficiency-fan-motors\/\"\n\t\t\t\t\t\t\t\t\t\tstyle=\"background-image: url( https:\/\/camfilapc.com\/wp-content\/uploads\/2017\/12\/efficiency-fan-wp-thumb-150x150.jpg )\"\n\t\t\t\t\taria-labelledby=\"sow-carousel-id-46802\"\n\t\t\t\t\ttabindex=\"-1\"\n\t\t\t\t>\n\t\t\t\t\t<span class=\"overlay\"><\/span>\n\t\t\t\t<\/a>\n\t\t\t\t\t<\/div>\n\t\t<h3 class=\"sow-carousel-item-title\">\n\t\t\t<a\n\t\t\t\thref=\"https:\/\/camfilapc.com\/es\/download\/premium-efficiency-fan-motors\/\"\n\t\t\t\tid=\"sow-carousel-id-46802\"\n\t\t\t\t\t\t\t\ttabindex=\"-1\"\n\t\t\t>\n\n\t\t\t\tPremium Efficiency Fan Motors\t\t\t<\/a>\n\t\t<\/h3>\n\t<\/div>\n\t\t\t<\/div>\n\t\t\t<\/div>\n\n\t<\/div>\n\t\t<input type=\"hidden\" name=\"instance_hash\" value=\"6e9df17b\"\/>\n\t<\/div>\n<\/div><\/div><\/div><\/div><\/div><\/div><\/div>","protected":false},"excerpt":{"rendered":"<p>Todos los ventiladores de los Farr Gold Series utilizan motores de eficiencia premium Baldor Super-E\u00ae o equivalente como est\u00e1ndar. El problema de la eficiencia energ\u00e9tica de los motores el\u00e9ctricos y los accionamientos es cada vez m\u00e1s relevante a medida que los costos de la electricidad contin\u00faan aumentando. Las empresas ahora est\u00e1n compitiendo en un entorno de costos energ\u00e9ticos crecientes e...<\/p>\n","protected":false},"author":1,"featured_media":0,"parent":41161,"menu_order":0,"comment_status":"closed","ping_status":"closed","template":"template-product-detail.php","meta":{"_acf_changed":false,"footnotes":""},"class_list":["post-41278","page","type-page","status-publish","hentry"],"acf":[],"_links":{"self":[{"href":"https:\/\/camfilapc.com\/es\/wp-json\/wp\/v2\/pages\/41278","targetHints":{"allow":["GET"]}}],"collection":[{"href":"https:\/\/camfilapc.com\/es\/wp-json\/wp\/v2\/pages"}],"about":[{"href":"https:\/\/camfilapc.com\/es\/wp-json\/wp\/v2\/types\/page"}],"author":[{"embeddable":true,"href":"https:\/\/camfilapc.com\/es\/wp-json\/wp\/v2\/users\/1"}],"replies":[{"embeddable":true,"href":"https:\/\/camfilapc.com\/es\/wp-json\/wp\/v2\/comments?post=41278"}],"version-history":[{"count":0,"href":"https:\/\/camfilapc.com\/es\/wp-json\/wp\/v2\/pages\/41278\/revisions"}],"up":[{"embeddable":true,"href":"https:\/\/camfilapc.com\/es\/wp-json\/wp\/v2\/pages\/41161"}],"wp:attachment":[{"href":"https:\/\/camfilapc.com\/es\/wp-json\/wp\/v2\/media?parent=41278"}],"curies":[{"name":"wp","href":"https:\/\/api.w.org\/{rel}","templated":true}]}}