{"id":41267,"date":"2018-06-14T16:49:12","date_gmt":"2018-06-14T20:49:12","guid":{"rendered":"https:\/\/camfilapc.com\/products\/accessories\/farr-arm-hf\/"},"modified":"2023-03-21T15:17:56","modified_gmt":"2023-03-21T19:17:56","slug":"farr-arm-hf","status":"publish","type":"page","link":"https:\/\/camfilapc.com\/es\/products\/accessories\/farr-arm-hf\/","title":{"rendered":"Brazos Farr HF"},"content":{"rendered":"<div id=\"pl-41267\"  class=\"panel-layout\" ><div id=\"pg-41267-0\"  class=\"panel-grid panel-no-style\" ><div id=\"pgc-41267-0-0\"  class=\"panel-grid-cell\" ><div id=\"panel-41267-0-0-0\" class=\"so-panel widget widget_sow-headline panel-first-child\" data-index=\"0\" ><div id=\"product-name\" class=\"panel-widget-style panel-widget-style-for-41267-0-0-0\" ><div\n\t\t\t\n\t\t\tclass=\"so-widget-sow-headline so-widget-sow-headline-default-8913cd27cdbd-41267\"\n\t\t\t\n\t\t><div class=\"sow-headline-container \">\n\t\t\t\t\t\t\t<h2 class=\"sow-headline\">\n\t\t\t\t\t\tBrazo Farr HF\t\t\t\t\t\t<\/h2>\n\t\t\t\t\t\t\t\t\t\t\t<div class=\"decoration\">\n\t\t\t\t\t\t<div class=\"decoration-inside\"><\/div>\n\t\t\t\t\t<\/div>\n\t\t\t\t\t<\/div>\n<\/div><\/div><\/div><div id=\"panel-41267-0-0-1\" class=\"so-panel widget widget_sow-button\" data-index=\"1\" ><div\n\t\t\t\n\t\t\tclass=\"so-widget-sow-button so-widget-sow-button-flat-f54c0409268f-41267\"\n\t\t\t\n\t\t><div class=\"ow-button-base ow-button-align-center\"\n>\n\t\t\t<a\n\t\t\t\t\thref=\"https:\/\/camfilapc.com\/es\/fume-arm-hf-request-quote-es\/\"\n\t\t\t\t\tclass=\"button-content sowb-button ow-icon-placement-left ow-button-hover\" id=\"btn-request-quote\" \t>\n\t\t<span>\n\t\t\t\n\t\t\tSolicitar Presupuesto\t\t<\/span>\n\t\t\t<\/a>\n\t<\/div>\n<\/div><\/div><div id=\"panel-41267-0-0-2\" class=\"widget_text so-panel widget widget_custom_html\" data-index=\"2\" ><div class=\"textwidget custom-html-widget\"><span class=\"content-lead\">Construido para:<\/span><a href=\"\/es\/products\/dust-fume\/\">Humos & Polvos<\/a><\/div><\/div><div id=\"panel-41267-0-0-3\" class=\"so-panel widget widget_text\" data-index=\"3\" ><div id=\"category-product-applications\" class=\"panel-widget-style panel-widget-style-for-41267-0-0-3\" >\t\t\t<div class=\"textwidget\"><p><span class=\"content-lead\">Aplicaciones:<\/span><\/p>\n<ul>\n<li>Soldadura pesada<\/li>\n<li>Corte plasma manual<\/li>\n<li>Molienda<\/li>\n<\/ul>\n<\/div>\n\t\t<\/div><\/div><div id=\"panel-41267-0-0-4\" class=\"so-panel widget widget_text panel-last-child\" data-index=\"4\" ><div id=\"category-product-key-features\" class=\"panel-widget-style panel-widget-style-for-41267-0-0-4\" >\t\t\t<div class=\"textwidget\"><p><span class=\"content-lead\">Caracteristicas Clave:<\/span><\/p>\n<ul>\n<li>Mayor Capacidad que un Brazo Farr Com\u00fan.<\/span><\/li>\n<li><span class=\"s2\">Brazo Flexible de construcci\u00f3n externa autosoportante.<\/span><\/li>\n<li><span class=\"s2\">Mecanismo de soporte encapsulado cubierto por secciones para proteger contra la suciedad.<\/span><\/li>\n<li><span class=\"s2\">La maniobrabilidad es ligera y precisa.<\/span><\/li>\n<li><span class=\"s2\">Se puede Fijar en una sola posici\u00f3n.<\/span><\/li>\n<li><span class=\"s2\">La manguera se monta paralela a los brazos de soporte mediante correas o fajas, que se pueden desmontar f\u00e1cilmente para la limpieza.<\/span><\/li>\n<li><span class=\"s2\">La manguera est\u00e1 libre de componentes internos para maximizar el caudal de aire y minimizar la ca\u00edda de presi\u00f3n.<\/span><\/li>\n<li><span class=\"s2\">Bajo nivel de ruido.<\/span><\/li>\n<li><span class=\"s2\">Acumulaci\u00f3n m\u00ednima de polvo \/ part\u00edculas dentro de la manguera.<\/span><\/li>\n<li><span class=\"s2\">La primera secci\u00f3n de la manguera (0,61 metros) unida a la campana de captaci\u00f3n est\u00e1 dise\u00f1ada para resistir chispas, salpicaduras y calor.<\/span><\/li>\n<li><span class=\"s2\">Gracias a una articulaci\u00f3n giratoria de doble bola la campana de captaci\u00f3n se puede colocar en m\u00faltiples posiciones.<\/span><\/li>\n<li><span class=\"s2\">Capacidad de captura mejorada por la forma de la abertura y la brida rectangular.<\/span><\/li>\n<li><span class=\"s2\">Malla o Reja de Protecci\u00f3n<\/span><\/li>\n<\/ul>\n<\/div>\n\t\t<\/div><\/div><\/div><div id=\"pgc-41267-0-1\"  class=\"panel-grid-cell\" ><div id=\"panel-41267-0-1-0\" class=\"so-panel widget panel-first-child panel-last-child\" data-index=\"5\" ><\/div><\/div><\/div><div id=\"pg-41267-1\"  class=\"panel-grid panel-has-style\" ><div id=\"product-full-detail\" class=\"panel-row-style panel-row-style-for-41267-1\" ><div id=\"pgc-41267-1-0\"  class=\"panel-grid-cell\" ><div id=\"panel-41267-1-0-0\" class=\"so-panel widget widget_sow-headline panel-first-child\" data-index=\"6\" ><div\n\t\t\t\n\t\t\tclass=\"so-widget-sow-headline so-widget-sow-headline-default-4d59ec8983cb-41267\"\n\t\t\t\n\t\t><div class=\"sow-headline-container \">\n\t\t\t\t\t\t\t<h3 class=\"sow-headline\">\n\t\t\t\t\t\tBrazo de extracci\u00f3n de trabajo pesado para aplicaciones dif\u00edciles\t\t\t\t\t\t<\/h3>\n\t\t\t\t\t\t<\/div>\n<\/div><\/div><div id=\"panel-41267-1-0-1\" class=\"so-panel widget widget_sow-editor panel-last-child\" data-index=\"7\" ><div id=\"main-p-column\" class=\"panel-widget-style panel-widget-style-for-41267-1-0-1\" ><div\n\t\t\t\n\t\t\tclass=\"so-widget-sow-editor so-widget-sow-editor-base\"\n\t\t\t\n\t\t>\n<div class=\"siteorigin-widget-tinymce textwidget\">\n\t<div id=\"attachment_10304\" style=\"width: 420px\" class=\"wp-caption alignright\"><img aria-describedby=\"caption-attachment-10304\" loading=\"lazy\" decoding=\"async\" class=\"size-full wp-image-10304\" src=\"https:\/\/camfilapc.com\/wp-content\/uploads\/2017\/10\/farr-arm-hf.png\" alt=\"\" width=\"410\" height=\"690\" srcset=\"https:\/\/camfilapc.com\/wp-content\/uploads\/2017\/10\/farr-arm-hf.png 410w, https:\/\/camfilapc.com\/wp-content\/uploads\/2017\/10\/farr-arm-hf-178x300.png 178w\" sizes=\"auto, (max-width: 410px) 100vw, 410px\" \/><p id=\"caption-attachment-10304\" class=\"wp-caption-text\">Farr Arm \u2122, un dise\u00f1o con amplia capacidad, ha limpiado el aire en miles de espacios de trabajo durante m\u00e1s de 20 a\u00f1os. Sus juntas flexibles hacen que el cap\u00f3 sea f\u00e1cil de maniobrar y ubicarse en la posici\u00f3n correcta.<\/p><\/div>\n<p>El Farr Arm High Flow \u2122 es un brazo de extracci\u00f3n f\u00e1cil de usar, hecho para aplicaciones dif\u00edciles que incluyen soldadura de alta resistencia, pulverizaci\u00f3n de metales, esmerilado y otras situaciones donde se generan muchos humos, chispas y salpicaduras.<\/p>\n<h3 class=\"p1\"><span class=\"s1\">APARIENCIA<\/span><\/h3>\n<p class=\"p1\"><span class=\"s1\">El FA-HF est\u00e1 equipado con soporte rotativo horizontal, un pivote giratorio y un brazo de soporte vertical para darle la m\u00e1xima movilidad en todo el rango de trabajo. El brazo se apoya de forma equilibrado y se siente sin peso cuando se ajusta la campana, que se fija a una articulaci\u00f3n de r\u00f3tula de doble acci\u00f3n para facilitar el posicionamiento. El brazo de soporte incluido, el ducto de aire separado y una cubierta de aluminio significan que el brazo FA-HF requiere poco mantenimiento.<\/span><\/p>\n<h3>Segmentos<\/h3>\n<p>Industria de la soldadura y la fabricaci\u00f3n de metales, tales como talleres, construcci\u00f3n naval, etc.<\/p>\n<h3 class=\"p1\"><span class=\"s1\">Aplicaciones<\/span><\/h3>\n<p class=\"p1\"><span class=\"s1\">Para soldaduras pesadas, corte con plasma manual, esmerilado donde se generan muchas salpicaduras, aplicaciones con altas temperaturas o donde se requiere un alto flujo de aire.<\/span><\/p>\n<\/div>\n<\/div><\/div><\/div><\/div><div id=\"pgc-41267-1-1\"  class=\"panel-grid-cell\" ><div id=\"panel-41267-1-1-0\" class=\"so-panel widget widget_sow-headline panel-first-child\" data-index=\"8\" ><div id=\"heading-sidebar\" class=\"panel-widget-style panel-widget-style-for-41267-1-1-0\" ><div\n\t\t\t\n\t\t\tclass=\"so-widget-sow-headline so-widget-sow-headline-default-3be16cc9aca1-41267\"\n\t\t\t\n\t\t><div class=\"sow-headline-container \">\n\t\t\t\t\t\t\t<h3 class=\"sow-headline\">\n\t\t\t\t\t\tInformaci\u00f3n Adicional\t\t\t\t\t\t<\/h3>\n\t\t\t\t\t\t\t\t\t\t\t<div class=\"decoration\">\n\t\t\t\t\t\t<div class=\"decoration-inside\"><\/div>\n\t\t\t\t\t<\/div>\n\t\t\t\t\t<\/div>\n<\/div><\/div><\/div><div id=\"panel-41267-1-1-1\" class=\"so-panel widget widget_sow-post-carousel panel-last-child\" data-index=\"9\" ><div id=\"sidebar-carousel\" class=\"panel-widget-style panel-widget-style-for-41267-1-1-1\" ><div\n\t\t\t\n\t\t\tclass=\"so-widget-sow-post-carousel so-widget-sow-post-carousel-base-c7dbb92dd929-41267\"\n\t\t\t\n\t\t>\t<div\n\t\tclass=\"sow-post-carousel-wrapper sow-post-carousel-theme-base\"\n\t\tstyle=\"overflow: hidden; max-width: 100%; min-height: 150px\"\n\t>\n\t\t<div class=\"sow-carousel-title has-title\">\n\t<h3 class=\"widget-title\">Literatura Descargable<\/h3>\t\t<div class=\"sow-carousel-navigation \">\n\t\t\t\t\t\t<a href=\"#\" class=\"sow-carousel-next\" title=\"Siguiente\" aria-label=\"Entradas siguientes\" role=\"button\"><\/a>\n\t\t\t\t\t\t<a href=\"#\" class=\"sow-carousel-previous\" title=\"Anterior\" aria-label=\"Entradas anteriores\" role=\"button\"><\/a>\n\t\t\t\t\t<\/div>\n\t<\/div>\n\n<div class=\"sow-carousel-container \">\n\t\t<div class=\"sow-carousel-wrapper\"\n\t\tdata-dir=\"ltr\"\n\t\tstyle=\"opacity: 0;\"\n\t\tdata-widget=\"post\" data-fetching=\"false\" data-page=\"1\" data-ajax-url=\"https:\/\/camfilapc.com\/wp-admin\/admin-ajax.php?_widgets_nonce=2ba409919f\" data-item_count=\"1\" data-carousel_settings=\"{&quot;loop&quot;:true,&quot;animation&quot;:&quot;Ease&quot;,&quot;animation_speed&quot;:400,&quot;autoplay&quot;:&quot;&quot;,&quot;pauseOnHover&quot;:&quot;&quot;,&quot;autoplaySpeed&quot;:8000,&quot;item_overflow&quot;:true,&quot;autoplay_continuous_scroll&quot;:false}\" data-responsive=\"{&quot;desktop_slides_to_scroll&quot;:1,&quot;tablet_landscape_breakpoint&quot;:1366,&quot;tablet_landscape_slides_to_scroll&quot;:2,&quot;tablet_portrait_breakpoint&quot;:1025,&quot;tablet_portrait_slides_to_scroll&quot;:2,&quot;mobile_breakpoint&quot;:480,&quot;mobile_slides_to_scroll&quot;:1}\" data-variable_width=\"true\" \t>\n\t\t<div\n\t\t\tclass=\"sow-carousel-items\"\n\t\t\t\t\t>\n\t\t\t\t<div class=\"sow-carousel-item\" tabindex=\"-1\" style=\"float: left;\">\n\t\t<div class=\"sow-carousel-thumbnail\">\n\t\t\t\t\t\t\t<a\n\t\t\t\t\thref=\"https:\/\/camfilapc.com\/es\/download\/farr-arm-hf-heavy-duty-extraction-arm-tough-applications\/\"\n\t\t\t\t\t\t\t\t\t\tstyle=\"background-image: url( https:\/\/camfilapc.com\/wp-content\/uploads\/2017\/12\/fume-arm-hf-thumb-2020-150x150.jpg )\"\n\t\t\t\t\taria-labelledby=\"sow-carousel-id-46806\"\n\t\t\t\t\ttabindex=\"-1\"\n\t\t\t\t>\n\t\t\t\t\t<span class=\"overlay\"><\/span>\n\t\t\t\t<\/a>\n\t\t\t\t\t<\/div>\n\t\t<h3 class=\"sow-carousel-item-title\">\n\t\t\t<a\n\t\t\t\thref=\"https:\/\/camfilapc.com\/es\/download\/farr-arm-hf-heavy-duty-extraction-arm-tough-applications\/\"\n\t\t\t\tid=\"sow-carousel-id-46806\"\n\t\t\t\t\t\t\t\ttabindex=\"-1\"\n\t\t\t>\n\n\t\t\t\tFUME ARM HF\u2122 Heavy Duty Extraction Arm For Tough Applications\t\t\t<\/a>\n\t\t<\/h3>\n\t<\/div>\n\t\t\t<\/div>\n\t\t\t<\/div>\n\n\t<\/div>\n\t\t<input type=\"hidden\" name=\"instance_hash\" value=\"20adf213\"\/>\n\t<\/div>\n<\/div><\/div><\/div><\/div><\/div><\/div><\/div>","protected":false},"excerpt":{"rendered":"<p>Aplicaciones: Soldadura pesada Corte plasma manual Molienda Caracteristicas Clave: Mayor Capacidad que un Brazo Farr Com\u00fan. Brazo Flexible de construcci\u00f3n externa autosoportante. Mecanismo de soporte encapsulado cubierto por secciones para proteger contra la suciedad. La maniobrabilidad es ligera y precisa. Se puede Fijar en una sola posici\u00f3n. La manguera se monta paralela a los brazos de soporte mediante correas o...<\/p>\n","protected":false},"author":1,"featured_media":0,"parent":41161,"menu_order":0,"comment_status":"closed","ping_status":"closed","template":"template-product-detail.php","meta":{"_acf_changed":false,"footnotes":""},"class_list":["post-41267","page","type-page","status-publish","hentry"],"acf":[],"_links":{"self":[{"href":"https:\/\/camfilapc.com\/es\/wp-json\/wp\/v2\/pages\/41267","targetHints":{"allow":["GET"]}}],"collection":[{"href":"https:\/\/camfilapc.com\/es\/wp-json\/wp\/v2\/pages"}],"about":[{"href":"https:\/\/camfilapc.com\/es\/wp-json\/wp\/v2\/types\/page"}],"author":[{"embeddable":true,"href":"https:\/\/camfilapc.com\/es\/wp-json\/wp\/v2\/users\/1"}],"replies":[{"embeddable":true,"href":"https:\/\/camfilapc.com\/es\/wp-json\/wp\/v2\/comments?post=41267"}],"version-history":[{"count":0,"href":"https:\/\/camfilapc.com\/es\/wp-json\/wp\/v2\/pages\/41267\/revisions"}],"up":[{"embeddable":true,"href":"https:\/\/camfilapc.com\/es\/wp-json\/wp\/v2\/pages\/41161"}],"wp:attachment":[{"href":"https:\/\/camfilapc.com\/es\/wp-json\/wp\/v2\/media?parent=41267"}],"curies":[{"name":"wp","href":"https:\/\/api.w.org\/{rel}","templated":true}]}}