{"id":41257,"date":"2017-09-22T13:10:47","date_gmt":"2017-09-22T17:10:47","guid":{"rendered":"https:\/\/camfilapc.com\/products\/accessories\/farr-arm\/"},"modified":"2023-03-21T15:12:38","modified_gmt":"2023-03-21T19:12:38","slug":"farr-arm","status":"publish","type":"page","link":"https:\/\/camfilapc.com\/es\/products\/accessories\/farr-arm\/","title":{"rendered":"Brazos Farr"},"content":{"rendered":"<div id=\"pl-41257\"  class=\"panel-layout\" ><div id=\"pg-41257-0\"  class=\"panel-grid panel-no-style\" ><div id=\"pgc-41257-0-0\"  class=\"panel-grid-cell\" ><div id=\"panel-41257-0-0-0\" class=\"so-panel widget widget_sow-headline panel-first-child\" data-index=\"0\" ><div id=\"product-name\" class=\"panel-widget-style panel-widget-style-for-41257-0-0-0\" ><div\n\t\t\t\n\t\t\tclass=\"so-widget-sow-headline so-widget-sow-headline-default-8913cd27cdbd-41257\"\n\t\t\t\n\t\t><div class=\"sow-headline-container \">\n\t\t\t\t\t\t\t<h2 class=\"sow-headline\">\n\t\t\t\t\t\tBrazos Farr<sup>\u2122<\/sup>\t\t\t\t\t\t<\/h2>\n\t\t\t\t\t\t\t\t\t\t\t<div class=\"decoration\">\n\t\t\t\t\t\t<div class=\"decoration-inside\"><\/div>\n\t\t\t\t\t<\/div>\n\t\t\t\t\t<\/div>\n<\/div><\/div><\/div><div id=\"panel-41257-0-0-1\" class=\"widget_text so-panel widget widget_custom_html\" data-index=\"1\" ><div class=\"textwidget custom-html-widget\"><span class=\"content-lead\">Construido para:<\/span><a href=\"\/es\/products\/dust-fume\/\"> Humos y Polvos Finos<\/a><\/div><\/div><div id=\"panel-41257-0-0-2\" class=\"so-panel widget widget_text\" data-index=\"2\" ><div id=\"category-product-key-features\" class=\"panel-widget-style panel-widget-style-for-41257-0-0-2\" >\t\t\t<div class=\"textwidget\"><p><span class=\"content-lead\">Caracteristicas Clave:<\/span><\/p>\n<ul>\n<li>Las articulaciones f\u00e1cilmente flexionadas hacen que la campana de captura sea f\u00e1cil de maniobrar<\/li>\n<li>Disponible en 5 modelos.<\/li>\n<li>Ofreciendo una amplia gama de accesorios.<\/li>\n<li>Montaje en techo, pared, banco o soporte de extensi\u00f3n.<\/li>\n<li>Utilizar en combinaci\u00f3n con filtros de aire fijos o m\u00f3viles.<\/li>\n<li>Las campanas de captaci\u00f3n de todos los modelos se pueden inclinar hacia adelante, hacia atr\u00e1s y hacia los lados.<\/li>\n<\/ul>\n<\/div>\n\t\t<\/div><\/div><div id=\"panel-41257-0-0-3\" class=\"so-panel widget widget_sow-button panel-last-child\" data-index=\"3\" ><div\n\t\t\t\n\t\t\tclass=\"so-widget-sow-button so-widget-sow-button-flat-f54c0409268f-41257\"\n\t\t\t\n\t\t><div class=\"ow-button-base ow-button-align-center\"\n>\n\t\t\t<a\n\t\t\t\t\thref=\"https:\/\/camfilapc.com\/es\/fume-arm-request-quote-es\/\"\n\t\t\t\t\tclass=\"button-content sowb-button ow-icon-placement-left ow-button-hover\" id=\"btn-request-quote\" \t>\n\t\t<span>\n\t\t\t\n\t\t\tSolicitar Presupuesto\t\t<\/span>\n\t\t\t<\/a>\n\t<\/div>\n<\/div><\/div><\/div><div id=\"pgc-41257-0-1\"  class=\"panel-grid-cell\" ><div id=\"panel-41257-0-1-0\" class=\"so-panel widget panel-first-child panel-last-child\" data-index=\"4\" ><\/div><\/div><\/div><div id=\"pg-41257-1\"  class=\"panel-grid panel-has-style\" ><div id=\"product-full-detail\" class=\"panel-row-style panel-row-style-for-41257-1\" ><div id=\"pgc-41257-1-0\"  class=\"panel-grid-cell\" ><div id=\"panel-41257-1-0-0\" class=\"so-panel widget widget_sow-headline panel-first-child\" data-index=\"5\" ><div\n\t\t\t\n\t\t\tclass=\"so-widget-sow-headline so-widget-sow-headline-default-4d59ec8983cb-41257\"\n\t\t\t\n\t\t><div class=\"sow-headline-container \">\n\t\t\t\t\t\t\t<h3 class=\"sow-headline\">\n\t\t\t\t\t\tEL BRAZO FARR EST\u00c1 DISPONIBLE EN CINCO MODELOS QUE, JUNTO CON UNA AMPLIA GAMA DE ACCESORIOS, LE BRINDAN OPORTUNIDADES CASI ILIMITADAS PARA ADAPTAR SUS CAPACIDADES DE CAPTURA NECESIDADES.\t\t\t\t\t\t<\/h3>\n\t\t\t\t\t\t<\/div>\n<\/div><\/div><div id=\"panel-41257-1-0-1\" class=\"so-panel widget widget_sow-editor panel-last-child\" data-index=\"6\" ><div id=\"main-p-column\" class=\"panel-widget-style panel-widget-style-for-41257-1-0-1\" ><div\n\t\t\t\n\t\t\tclass=\"so-widget-sow-editor so-widget-sow-editor-base\"\n\t\t\t\n\t\t>\n<div class=\"siteorigin-widget-tinymce textwidget\">\n\t<h3><span class=\"s1\">UN EXTRACTOR POTENTE, PROBADO Y ALTAMENTE FLEXIBLE<\/span><\/h3>\n<p>Sus juntas flexibles hacen que la campana de captura sea f\u00e1cil de maniobrar y ubicarse en la posici\u00f3n correcta. Puede ser montado de en un techo, pared o banco, o con un soporte de extensi\u00f3n. El brazo Farr tambi\u00e9n se usa a menudo en combinaci\u00f3n con filtros de aire fijos o m\u00f3viles y se le puede colocar una extensi\u00f3n.<\/p>\n<h3>Caracter\u00edsticas y beneficios est\u00e1ndar<\/h3>\n<ul>\n<li>Las articulaciones f\u00e1cilmente flexionadas hacen que la capucha sea f\u00e1cil de maniobrar<\/li>\n<li>Disponible en 5 modelos.<\/li>\n<li>Ofreciendo una amplia gama de accesorios.<\/li>\n<li>Montaje en techo, pared, banco o soporte de extensi\u00f3n.<\/li>\n<li>Utilizar en combinaci\u00f3n con filtros de aire fijos o m\u00f3viles.<\/li>\n<li>Las capuchas de todos los modelos se pueden inclinar hacia adelante, hacia atr\u00e1s y hacia los lados.<\/li>\n<\/ul>\n<h3>Cinco modelos<\/h3>\n<table style=\"height: 152px;\" border=\"0\" width=\"399\" cellspacing=\"1\" cellpadding=\"1\">\n<thead>\n<tr>\n<th scope=\"col\"><u>Farr Arm Model<\/u><\/th>\n<th scope=\"col\"><u>Part No.<\/u><\/th>\n<\/tr>\n<\/thead>\n<tbody>\n<tr>\n<td>1,5 m (5 ft)<\/td>\n<td>010522135<\/td>\n<\/tr>\n<tr>\n<td>2 m (6.7 ft)<\/td>\n<td>010522235<\/td>\n<\/tr>\n<tr>\n<td>3 m (10 ft)<\/td>\n<td>010522535<\/td>\n<\/tr>\n<tr>\n<td>4 m H (13 ft)<\/td>\n<td>010522435<\/td>\n<\/tr>\n<tr>\n<td>4 m V (13 ft)<\/td>\n<td>010522335<\/td>\n<\/tr>\n<\/tbody>\n<\/table>\n<div><\/div>\n<\/div>\n<\/div><\/div><\/div><\/div><div id=\"pgc-41257-1-1\"  class=\"panel-grid-cell\" ><div id=\"panel-41257-1-1-0\" class=\"so-panel widget widget_sow-headline panel-first-child\" data-index=\"7\" ><div id=\"heading-sidebar\" class=\"panel-widget-style panel-widget-style-for-41257-1-1-0\" ><div\n\t\t\t\n\t\t\tclass=\"so-widget-sow-headline so-widget-sow-headline-default-3be16cc9aca1-41257\"\n\t\t\t\n\t\t><div class=\"sow-headline-container \">\n\t\t\t\t\t\t\t<h3 class=\"sow-headline\">\n\t\t\t\t\t\tInformaci\u00f3n Adicional\t\t\t\t\t\t<\/h3>\n\t\t\t\t\t\t\t\t\t\t\t<div class=\"decoration\">\n\t\t\t\t\t\t<div class=\"decoration-inside\"><\/div>\n\t\t\t\t\t<\/div>\n\t\t\t\t\t<\/div>\n<\/div><\/div><\/div><div id=\"panel-41257-1-1-1\" class=\"so-panel widget widget_sow-post-carousel panel-last-child\" data-index=\"8\" ><div id=\"sidebar-carousel\" class=\"panel-widget-style panel-widget-style-for-41257-1-1-1\" ><div\n\t\t\t\n\t\t\tclass=\"so-widget-sow-post-carousel so-widget-sow-post-carousel-base-c7dbb92dd929-41257\"\n\t\t\t\n\t\t>\t<div\n\t\tclass=\"sow-post-carousel-wrapper sow-post-carousel-theme-base\"\n\t\tstyle=\"overflow: hidden; max-width: 100%; min-height: 150px\"\n\t>\n\t\t<div class=\"sow-carousel-title\">\n\t\t\t<div class=\"sow-carousel-navigation \">\n\t\t\t\t\t\t<a href=\"#\" class=\"sow-carousel-next\" title=\"Siguiente\" aria-label=\"Entradas siguientes\" role=\"button\"><\/a>\n\t\t\t\t\t\t<a href=\"#\" class=\"sow-carousel-previous\" title=\"Anterior\" aria-label=\"Entradas anteriores\" role=\"button\"><\/a>\n\t\t\t\t\t<\/div>\n\t<\/div>\n\n<div class=\"sow-carousel-container \">\n\t\t<div class=\"sow-carousel-wrapper\"\n\t\tdata-dir=\"ltr\"\n\t\tstyle=\"opacity: 0;\"\n\t\tdata-widget=\"post\" data-fetching=\"false\" data-page=\"1\" data-ajax-url=\"https:\/\/camfilapc.com\/wp-admin\/admin-ajax.php?_widgets_nonce=e0ccd0eb5c\" data-item_count=\"2\" data-carousel_settings=\"{&quot;loop&quot;:true,&quot;animation&quot;:&quot;Ease&quot;,&quot;animation_speed&quot;:400,&quot;autoplay&quot;:&quot;&quot;,&quot;pauseOnHover&quot;:&quot;&quot;,&quot;autoplaySpeed&quot;:8000,&quot;item_overflow&quot;:true,&quot;autoplay_continuous_scroll&quot;:false}\" data-responsive=\"{&quot;desktop_slides_to_scroll&quot;:1,&quot;tablet_landscape_breakpoint&quot;:1366,&quot;tablet_landscape_slides_to_scroll&quot;:2,&quot;tablet_portrait_breakpoint&quot;:1025,&quot;tablet_portrait_slides_to_scroll&quot;:2,&quot;mobile_breakpoint&quot;:480,&quot;mobile_slides_to_scroll&quot;:1}\" data-variable_width=\"true\" \t>\n\t\t<div\n\t\t\tclass=\"sow-carousel-items\"\n\t\t\t\t\t>\n\t\t\t\t<div class=\"sow-carousel-item\" tabindex=\"-1\" style=\"float: left;\">\n\t\t<div class=\"sow-carousel-thumbnail\">\n\t\t\t\t\t\t\t<a\n\t\t\t\t\thref=\"https:\/\/camfilapc.com\/es\/download\/farr-arm-hf-heavy-duty-extraction-arm-tough-applications\/\"\n\t\t\t\t\t\t\t\t\t\tstyle=\"background-image: url( https:\/\/camfilapc.com\/wp-content\/uploads\/2017\/12\/fume-arm-hf-thumb-2020-150x150.jpg )\"\n\t\t\t\t\taria-labelledby=\"sow-carousel-id-46806\"\n\t\t\t\t\ttabindex=\"-1\"\n\t\t\t\t>\n\t\t\t\t\t<span class=\"overlay\"><\/span>\n\t\t\t\t<\/a>\n\t\t\t\t\t<\/div>\n\t\t<h3 class=\"sow-carousel-item-title\">\n\t\t\t<a\n\t\t\t\thref=\"https:\/\/camfilapc.com\/es\/download\/farr-arm-hf-heavy-duty-extraction-arm-tough-applications\/\"\n\t\t\t\tid=\"sow-carousel-id-46806\"\n\t\t\t\t\t\t\t\ttabindex=\"-1\"\n\t\t\t>\n\n\t\t\t\tFUME ARM HF\u2122 Heavy Duty Extraction Arm For Tough Applications\t\t\t<\/a>\n\t\t<\/h3>\n\t<\/div>\n\t\t<div class=\"sow-carousel-item\" tabindex=\"-1\" style=\"float: left;\">\n\t\t<div class=\"sow-carousel-thumbnail\">\n\t\t\t\t\t\t\t<a\n\t\t\t\t\thref=\"https:\/\/camfilapc.com\/es\/download\/farr-arm-powerful-proven-highly-flexible-extractor\/\"\n\t\t\t\t\t\t\t\t\t\tstyle=\"background-image: url( https:\/\/camfilapc.com\/wp-content\/uploads\/2017\/12\/fume-arm-thumb-2020-150x150.jpg )\"\n\t\t\t\t\taria-labelledby=\"sow-carousel-id-46808\"\n\t\t\t\t\ttabindex=\"-1\"\n\t\t\t\t>\n\t\t\t\t\t<span class=\"overlay\"><\/span>\n\t\t\t\t<\/a>\n\t\t\t\t\t<\/div>\n\t\t<h3 class=\"sow-carousel-item-title\">\n\t\t\t<a\n\t\t\t\thref=\"https:\/\/camfilapc.com\/es\/download\/farr-arm-powerful-proven-highly-flexible-extractor\/\"\n\t\t\t\tid=\"sow-carousel-id-46808\"\n\t\t\t\t\t\t\t\ttabindex=\"-1\"\n\t\t\t>\n\n\t\t\t\tFUME ARM\u2122 - A Powerful, Proven and Highly Flexible Extractor\t\t\t<\/a>\n\t\t<\/h3>\n\t<\/div>\n\t\t\t<\/div>\n\t\t\t<\/div>\n\n\t<\/div>\n\t\t<input type=\"hidden\" name=\"instance_hash\" value=\"44ee6212\"\/>\n\t<\/div>\n<\/div><\/div><\/div><\/div><\/div><\/div><\/div>","protected":false},"excerpt":{"rendered":"<p>Caracteristicas Clave: Las articulaciones f\u00e1cilmente flexionadas hacen que la campana de captura sea f\u00e1cil de maniobrar Disponible en 5 modelos. Ofreciendo una amplia gama de accesorios. Montaje en techo, pared, banco o soporte de extensi\u00f3n. Utilizar en combinaci\u00f3n con filtros de aire fijos o m\u00f3viles. Las campanas de captaci\u00f3n de todos los modelos se pueden inclinar hacia adelante, hacia atr\u00e1s...<\/p>\n","protected":false},"author":1,"featured_media":0,"parent":41161,"menu_order":0,"comment_status":"closed","ping_status":"closed","template":"template-product-detail.php","meta":{"_acf_changed":false,"footnotes":""},"class_list":["post-41257","page","type-page","status-publish","hentry"],"acf":[],"_links":{"self":[{"href":"https:\/\/camfilapc.com\/es\/wp-json\/wp\/v2\/pages\/41257","targetHints":{"allow":["GET"]}}],"collection":[{"href":"https:\/\/camfilapc.com\/es\/wp-json\/wp\/v2\/pages"}],"about":[{"href":"https:\/\/camfilapc.com\/es\/wp-json\/wp\/v2\/types\/page"}],"author":[{"embeddable":true,"href":"https:\/\/camfilapc.com\/es\/wp-json\/wp\/v2\/users\/1"}],"replies":[{"embeddable":true,"href":"https:\/\/camfilapc.com\/es\/wp-json\/wp\/v2\/comments?post=41257"}],"version-history":[{"count":0,"href":"https:\/\/camfilapc.com\/es\/wp-json\/wp\/v2\/pages\/41257\/revisions"}],"up":[{"embeddable":true,"href":"https:\/\/camfilapc.com\/es\/wp-json\/wp\/v2\/pages\/41161"}],"wp:attachment":[{"href":"https:\/\/camfilapc.com\/es\/wp-json\/wp\/v2\/media?parent=41257"}],"curies":[{"name":"wp","href":"https:\/\/api.w.org\/{rel}","templated":true}]}}