{"id":41238,"date":"2017-09-22T13:07:43","date_gmt":"2017-09-22T17:07:43","guid":{"rendered":"https:\/\/camfilapc.com\/products\/accessories\/self-dumping-hoppers\/"},"modified":"2023-03-21T14:59:39","modified_gmt":"2023-03-21T18:59:39","slug":"self-dumping-hoppers","status":"publish","type":"page","link":"https:\/\/camfilapc.com\/es\/products\/accessories\/self-dumping-hoppers\/","title":{"rendered":"TOLVA AUTOVOLCABLE"},"content":{"rendered":"<div id=\"pl-41238\"  class=\"panel-layout\" ><div id=\"pg-41238-0\"  class=\"panel-grid panel-no-style\" ><div id=\"pgc-41238-0-0\"  class=\"panel-grid-cell\" ><div id=\"panel-41238-0-0-0\" class=\"so-panel widget widget_sow-headline panel-first-child\" data-index=\"0\" ><div id=\"product-name\" class=\"panel-widget-style panel-widget-style-for-41238-0-0-0\" ><div\n\t\t\t\n\t\t\tclass=\"so-widget-sow-headline so-widget-sow-headline-default-8913cd27cdbd-41238\"\n\t\t\t\n\t\t><div class=\"sow-headline-container \">\n\t\t\t\t\t\t\t<h2 class=\"sow-headline\">\n\t\t\t\t\t\tTOLVA AUTOVOLCABLE\t\t\t\t\t\t<\/h2>\n\t\t\t\t\t\t\t\t\t\t\t<div class=\"decoration\">\n\t\t\t\t\t\t<div class=\"decoration-inside\"><\/div>\n\t\t\t\t\t<\/div>\n\t\t\t\t\t<\/div>\n<\/div><\/div><\/div><div id=\"panel-41238-0-0-1\" class=\"widget_text so-panel widget widget_custom_html\" data-index=\"1\" ><div class=\"textwidget custom-html-widget\"><span class=\"content-lead\">Construido para:<\/span><a href=\"\/products\/dust-fume\/\">Polvos & Humos<\/a><\/div><\/div><div id=\"panel-41238-0-0-2\" class=\"so-panel widget widget_sow-button panel-last-child\" data-index=\"2\" ><div\n\t\t\t\n\t\t\tclass=\"so-widget-sow-button so-widget-sow-button-flat-f54c0409268f-41238\"\n\t\t\t\n\t\t><div class=\"ow-button-base ow-button-align-center\"\n>\n\t\t\t<a\n\t\t\t\t\thref=\"https:\/\/camfilapc.com\/es\/self-dumping-hopper-request-quote-es\/\"\n\t\t\t\t\tclass=\"button-content sowb-button ow-icon-placement-left ow-button-hover\" id=\"btn-request-quote\" \t>\n\t\t<span>\n\t\t\t\n\t\t\tSolicitar Presupuesto\t\t<\/span>\n\t\t\t<\/a>\n\t<\/div>\n<\/div><\/div><\/div><div id=\"pgc-41238-0-1\"  class=\"panel-grid-cell\" ><div id=\"panel-41238-0-1-0\" class=\"so-panel widget panel-first-child panel-last-child\" data-index=\"3\" ><\/div><\/div><\/div><div id=\"pg-41238-1\"  class=\"panel-grid panel-has-style\" ><div id=\"product-full-detail\" class=\"panel-row-style panel-row-style-for-41238-1\" ><div id=\"pgc-41238-1-0\"  class=\"panel-grid-cell\" ><div id=\"panel-41238-1-0-0\" class=\"so-panel widget widget_sow-headline panel-first-child\" data-index=\"4\" ><div\n\t\t\t\n\t\t\tclass=\"so-widget-sow-headline so-widget-sow-headline-default-4d59ec8983cb-41238\"\n\t\t\t\n\t\t><div class=\"sow-headline-container \">\n\t\t\t\t\t\t\t<h3 class=\"sow-headline\">\n\t\t\t\t\t\tLA TOLVA AUTOVOLCABLE SIMPLIFICA LA ACUMULACI\u00d3N Y ELIMINACI\u00d3N DEL POLVO CAPTURADO POR LOS SISTEMAS DE COLECCI\u00d3N DE POLVO.\t\t\t\t\t\t<\/h3>\n\t\t\t\t\t\t<\/div>\n<\/div><\/div><div id=\"panel-41238-1-0-1\" class=\"so-panel widget widget_sow-editor panel-last-child\" data-index=\"5\" ><div id=\"main-p-column\" class=\"panel-widget-style panel-widget-style-for-41238-1-0-1\" ><div\n\t\t\t\n\t\t\tclass=\"so-widget-sow-editor so-widget-sow-editor-base\"\n\t\t\t\n\t\t>\n<div class=\"siteorigin-widget-tinymce textwidget\">\n\t<h3>ACUMULACION Y ELIMINACI\u00d3N DE POLVO SIMPLIFICADA<\/h3>\n<p>La tolva autovolcable simplifica la eliminaci\u00f3n del polvo capturado por los <a href=\"\/es\/products\/dust-fume\/x-flo-industrial-dust-collector\/\">sistemas de colecci\u00f3n de polvo<\/a>. M\u00e1s f\u00e1cil de usar que los barriles o tambores acumuladores convencionales, este accesorio se ofrece en dos capacidades (0.75m3 y 1.5m3) y es ideal para una amplia gama de polvos secos, incluidos aquellos que deben ser recuperados o reciclados despu\u00e9s de ser recolectados.<\/p>\n<p>El conjunto completo de la tolva autovolcable est\u00e1 dise\u00f1ado para proporcionar una eliminaci\u00f3n f\u00e1cil del polvo y una acumulaci\u00f3n libre de fugas de polvo entre el colector y la tolva. Una compuerta deslizante y una manguera flexible de desconexi\u00f3n r\u00e1pida mantienen unidos a los dos componentes y la tapa de la tolva sujeta con abrazaderas de goma crea un sello para evitar que el polvo se escape.<\/p>\n<p>Cuando la tolva est\u00e1 llena, el usuario la retira de la parte inferior del colector, levanta la tolva con un montacargas y simplemente tira de una palanca para abrir la tapa y verter el contenido en un contenedor m\u00e1s grande o directamente hacia el proceso de recuperaci\u00f3n.<\/p>\n<\/div>\n<\/div><\/div><\/div><\/div><div id=\"pgc-41238-1-1\"  class=\"panel-grid-cell\" ><div id=\"panel-41238-1-1-0\" class=\"so-panel widget widget_sow-headline panel-first-child\" data-index=\"6\" ><div id=\"heading-sidebar\" class=\"panel-widget-style panel-widget-style-for-41238-1-1-0\" ><div\n\t\t\t\n\t\t\tclass=\"so-widget-sow-headline so-widget-sow-headline-default-078bf9dc1030-41238\"\n\t\t\t\n\t\t><div class=\"sow-headline-container \">\n\t\t\t\t\t\t\t<h3 class=\"sow-headline\">\n\t\t\t\t\t\tInformaci\u00f3n Adicional\t\t\t\t\t\t<\/h3>\n\t\t\t\t\t\t\t\t\t\t\t<div class=\"decoration\">\n\t\t\t\t\t\t<div class=\"decoration-inside\"><\/div>\n\t\t\t\t\t<\/div>\n\t\t\t\t\t<\/div>\n<\/div><\/div><\/div><div id=\"panel-41238-1-1-1\" class=\"so-panel widget widget_sow-post-carousel panel-last-child\" data-index=\"7\" ><div\n\t\t\t\n\t\t\tclass=\"so-widget-sow-post-carousel so-widget-sow-post-carousel-base-c7dbb92dd929-41238\"\n\t\t\t\n\t\t>\t<div\n\t\tclass=\"sow-post-carousel-wrapper sow-post-carousel-theme-base\"\n\t\tstyle=\"overflow: hidden; max-width: 100%; min-height: 150px\"\n\t>\n\t\t<div class=\"sow-carousel-title\">\n\t\t\t<div class=\"sow-carousel-navigation \">\n\t\t\t\t\t\t<a href=\"#\" class=\"sow-carousel-next\" title=\"Siguiente\" aria-label=\"Entradas siguientes\" role=\"button\"><\/a>\n\t\t\t\t\t\t<a href=\"#\" class=\"sow-carousel-previous\" title=\"Anterior\" aria-label=\"Entradas anteriores\" role=\"button\"><\/a>\n\t\t\t\t\t<\/div>\n\t<\/div>\n\n<div class=\"sow-carousel-container \">\n\t\t<div class=\"sow-carousel-wrapper\"\n\t\tdata-dir=\"ltr\"\n\t\tstyle=\"opacity: 0;\"\n\t\tdata-widget=\"post\" data-fetching=\"false\" data-page=\"1\" data-ajax-url=\"https:\/\/camfilapc.com\/wp-admin\/admin-ajax.php?_widgets_nonce=84238eefb4\" data-item_count=\"1\" data-carousel_settings=\"{&quot;loop&quot;:true,&quot;animation&quot;:&quot;Ease&quot;,&quot;animation_speed&quot;:400,&quot;autoplay&quot;:&quot;&quot;,&quot;pauseOnHover&quot;:&quot;&quot;,&quot;autoplaySpeed&quot;:8000,&quot;item_overflow&quot;:true,&quot;autoplay_continuous_scroll&quot;:false}\" data-responsive=\"{&quot;desktop_slides_to_scroll&quot;:1,&quot;tablet_landscape_breakpoint&quot;:1366,&quot;tablet_landscape_slides_to_scroll&quot;:2,&quot;tablet_portrait_breakpoint&quot;:1025,&quot;tablet_portrait_slides_to_scroll&quot;:2,&quot;mobile_breakpoint&quot;:480,&quot;mobile_slides_to_scroll&quot;:1}\" data-variable_width=\"true\" \t>\n\t\t<div\n\t\t\tclass=\"sow-carousel-items\"\n\t\t\t\t\t>\n\t\t\t\t<div class=\"sow-carousel-item\" tabindex=\"-1\" style=\"float: left;\">\n\t\t<div class=\"sow-carousel-thumbnail\">\n\t\t\t\t\t\t\t<a\n\t\t\t\t\thref=\"https:\/\/camfilapc.com\/es\/download\/self-dumping-hopper-sdh\/\"\n\t\t\t\t\t\t\t\t\t\tstyle=\"background-image: url( https:\/\/camfilapc.com\/wp-content\/uploads\/2017\/12\/self-dumping-hopper-wp-thumb-150x150.jpg )\"\n\t\t\t\t\taria-labelledby=\"sow-carousel-id-46812\"\n\t\t\t\t\ttabindex=\"-1\"\n\t\t\t\t>\n\t\t\t\t\t<span class=\"overlay\"><\/span>\n\t\t\t\t<\/a>\n\t\t\t\t\t<\/div>\n\t\t<h3 class=\"sow-carousel-item-title\">\n\t\t\t<a\n\t\t\t\thref=\"https:\/\/camfilapc.com\/es\/download\/self-dumping-hopper-sdh\/\"\n\t\t\t\tid=\"sow-carousel-id-46812\"\n\t\t\t\t\t\t\t\ttabindex=\"-1\"\n\t\t\t>\n\n\t\t\t\tSelf Dumping Hopper (SDH)\t\t\t<\/a>\n\t\t<\/h3>\n\t<\/div>\n\t\t\t<\/div>\n\t\t\t<\/div>\n\n\t<\/div>\n\t\t<input type=\"hidden\" name=\"instance_hash\" value=\"95faff7d\"\/>\n\t<\/div>\n<\/div><\/div><\/div><\/div><\/div><\/div>","protected":false},"excerpt":{"rendered":"<p>ACUMULACION Y ELIMINACI\u00d3N DE POLVO SIMPLIFICADA La tolva autovolcable simplifica la eliminaci\u00f3n del polvo capturado por los sistemas de colecci\u00f3n de polvo. M\u00e1s f\u00e1cil de usar que los barriles o tambores acumuladores convencionales, este accesorio se ofrece en dos capacidades (0.75m3 y 1.5m3) y es ideal para una amplia gama de polvos secos, incluidos aquellos que deben ser recuperados o...<\/p>\n","protected":false},"author":1,"featured_media":0,"parent":41161,"menu_order":0,"comment_status":"closed","ping_status":"closed","template":"template-product-detail.php","meta":{"_acf_changed":false,"footnotes":""},"class_list":["post-41238","page","type-page","status-publish","hentry"],"acf":[],"_links":{"self":[{"href":"https:\/\/camfilapc.com\/es\/wp-json\/wp\/v2\/pages\/41238","targetHints":{"allow":["GET"]}}],"collection":[{"href":"https:\/\/camfilapc.com\/es\/wp-json\/wp\/v2\/pages"}],"about":[{"href":"https:\/\/camfilapc.com\/es\/wp-json\/wp\/v2\/types\/page"}],"author":[{"embeddable":true,"href":"https:\/\/camfilapc.com\/es\/wp-json\/wp\/v2\/users\/1"}],"replies":[{"embeddable":true,"href":"https:\/\/camfilapc.com\/es\/wp-json\/wp\/v2\/comments?post=41238"}],"version-history":[{"count":0,"href":"https:\/\/camfilapc.com\/es\/wp-json\/wp\/v2\/pages\/41238\/revisions"}],"up":[{"embeddable":true,"href":"https:\/\/camfilapc.com\/es\/wp-json\/wp\/v2\/pages\/41161"}],"wp:attachment":[{"href":"https:\/\/camfilapc.com\/es\/wp-json\/wp\/v2\/media?parent=41238"}],"curies":[{"name":"wp","href":"https:\/\/api.w.org\/{rel}","templated":true}]}}