{"id":41230,"date":"2017-09-22T13:06:15","date_gmt":"2017-09-22T17:06:15","guid":{"rendered":"https:\/\/camfilapc.com\/products\/accessories\/goldlink-diagnostics\/"},"modified":"2023-03-21T14:51:56","modified_gmt":"2023-03-21T18:51:56","slug":"goldlink-diagnostics","status":"publish","type":"page","link":"https:\/\/camfilapc.com\/es\/products\/accessories\/goldlink-diagnostics\/","title":{"rendered":"Diagn\u00f3sticos GoldLink"},"content":{"rendered":"<div id=\"pl-41230\"  class=\"panel-layout\" ><div id=\"pg-41230-0\"  class=\"panel-grid panel-no-style\" ><div id=\"pgc-41230-0-0\"  class=\"panel-grid-cell\" ><div id=\"panel-41230-0-0-0\" class=\"so-panel widget widget_sow-headline panel-first-child\" data-index=\"0\" ><div id=\"product-name\" class=\"panel-widget-style panel-widget-style-for-41230-0-0-0\" ><div\n\t\t\t\n\t\t\tclass=\"so-widget-sow-headline so-widget-sow-headline-default-8913cd27cdbd-41230\"\n\t\t\t\n\t\t><div class=\"sow-headline-container \">\n\t\t\t\t\t\t\t<h2 class=\"sow-headline\">\n\t\t\t\t\t\tGoldLink<sup>\u2122<\/sup>\t\t\t\t\t\t<\/h2>\n\t\t\t\t\t\t\t\t\t\t\t<div class=\"decoration\">\n\t\t\t\t\t\t<div class=\"decoration-inside\"><\/div>\n\t\t\t\t\t<\/div>\n\t\t\t\t\t<\/div>\n<\/div><\/div><\/div><div id=\"panel-41230-0-0-1\" class=\"widget_text so-panel widget widget_custom_html\" data-index=\"1\" ><div class=\"textwidget custom-html-widget\"><span class=\"content-lead\">Construido para:<\/span><a href=\"\/products\/dust-fume\/\">Polvos & Humos<\/a><\/div><\/div><div id=\"panel-41230-0-0-2\" class=\"so-panel widget widget_sow-button panel-last-child\" data-index=\"2\" ><div\n\t\t\t\n\t\t\tclass=\"so-widget-sow-button so-widget-sow-button-flat-f54c0409268f-41230\"\n\t\t\t\n\t\t><div class=\"ow-button-base ow-button-align-center\"\n>\n\t\t\t<a\n\t\t\t\t\thref=\"https:\/\/camfilapc.com\/es\/diagnosticos-goldlink-request-quote-es\/\"\n\t\t\t\t\tclass=\"button-content sowb-button ow-icon-placement-left ow-button-hover\" id=\"btn-request-quote\" \t>\n\t\t<span>\n\t\t\t\n\t\t\tSolicitar Presupuesto\t\t<\/span>\n\t\t\t<\/a>\n\t<\/div>\n<\/div><\/div><\/div><div id=\"pgc-41230-0-1\"  class=\"panel-grid-cell\" ><div id=\"panel-41230-0-1-0\" class=\"so-panel widget panel-first-child panel-last-child\" data-index=\"3\" ><\/div><\/div><\/div><div id=\"pg-41230-1\"  class=\"panel-grid panel-has-style\" ><div id=\"product-full-detail\" class=\"panel-row-style panel-row-style-for-41230-1\" ><div id=\"pgc-41230-1-0\"  class=\"panel-grid-cell\" ><div id=\"panel-41230-1-0-0\" class=\"so-panel widget widget_sow-headline panel-first-child\" data-index=\"4\" ><div\n\t\t\t\n\t\t\tclass=\"so-widget-sow-headline so-widget-sow-headline-default-4d59ec8983cb-41230\"\n\t\t\t\n\t\t><div class=\"sow-headline-container \">\n\t\t\t\t\t\t\t<h3 class=\"sow-headline\">\n\t\t\t\t\t\tEL GOLDLINK \u2122 DE CAMFIL APC ES SU HERRAMIENTA DE ACCESO EN TIEMPO REAL AL DIAGN\u00d3STICO DE SU SISTEMA DE COLECCI\u00d3N DE POLVO\t\t\t\t\t\t<\/h3>\n\t\t\t\t\t\t<\/div>\n<\/div><\/div><div id=\"panel-41230-1-0-1\" class=\"so-panel widget widget_sow-editor panel-last-child\" data-index=\"5\" ><div id=\"main-p-column\" class=\"panel-widget-style panel-widget-style-for-41230-1-0-1\" ><div\n\t\t\t\n\t\t\tclass=\"so-widget-sow-editor so-widget-sow-editor-base\"\n\t\t\t\n\t\t>\n<div class=\"siteorigin-widget-tinymce textwidget\">\n\t<p>El GoldLink es su herramienta de acceso en tiempo real para el monitoreo de su sistema de colecci\u00f3n de polvo industrial, el Goldlink tiene la capacidad de monitorear 4 entradas anal\u00f3gica y 16 entradas digitales (predeterminadas) para mantenerlo informado sobre su operaci\u00f3n. Env\u00eda mensajes a m\u00faltiples usuarios cuando se detectan puntos de referencia cr\u00edticos garantizando que sus instalaciones sean m\u00e1s seguras y productivas. El GoldLink puede incluirse en cualquier\u00a0<span class=\"s2\">panel de control integrado<\/span>\u00a0de Camfil o adaptarse a sistemas existentes.<br \/>\n<img loading=\"lazy\" decoding=\"async\" class=\" wp-image-16697 alignright\" src=\"https:\/\/camfilapc.com\/wp-content\/uploads\/2017\/12\/goldlink-diagram.jpg\" alt=\"\" width=\"305\" height=\"347\" \/><\/p>\n<h3>\u00bfComo funciona?<\/h3>\n<ul>\n<li>El GoldLink se enviar\u00e1 pre-programado<\/li>\n<li>Instale y conecte a internet<\/li>\n<li>El GoldLink crea un t\u00fanel para que los datos se env\u00eden de manera segura al servidor de Camfil APC Los datos est\u00e1n empaquetados en un formato utilizable<\/li>\n<li>Los clientes, representantes y Camfil APC pueden monitorear el estado del sistema de filtraci\u00f3n a trav\u00e9s del sitio web seguro\n<ul>\n<li style=\"list-style-type: none;\"><\/li>\n<\/ul>\n<\/li>\n<\/ul>\n<h3>Puntos cr\u00edticos que pueden ser monitoreados.<\/h3>\n<ul>\n<li>Ca\u00edda de presi\u00f3n del filtro primario y secundario<\/li>\n<li>Velocidad y\/o caudal de aire<\/li>\n<li>Emisiones (by-pass de polvo)<\/li>\n<li class=\"li1\"><span class=\"s2\">Estado del Ventilador, V\u00e1lvula Rotativa, VFD y m\u00e1s<\/span><\/li>\n<li>Dispositivos de seguridad contra explosiones<\/li>\n<\/ul>\n<h3>\u00bfQU\u00c9 ES GOLDLINK?<\/h3>\n<p class=\"p1\"><span class=\"s1\">No importa d\u00f3nde se encuentre, el GoldLink garantiza que su sistema de colecci\u00f3n de polvo funciona correctamente. Monitorea los puntos cr\u00edticos de su sistema de colecci\u00f3n de polvo, como el diferencial de presi\u00f3n atreves de los filtros, el caudal de aire, las emisiones, el estado de funcionamiento de los ventiladores, los variadores de frecuencia y sus dispositivos de seguridad contra explosiones. El GoldLink le enviar\u00e1 mensajes directamente cuando estos dispositivos alcancen puntos cr\u00edticos programados. Esto asegura que usted pueda tomar medidas preventivas cuando su sistema lo requiera, manteniendo su operaci\u00f3n m\u00e1s segura y productiva.<\/span><\/p>\n<p class=\"p1\"><span class=\"s1\">Sea el primero en saber cu\u00e1ndo surgen problemas (emergencias) con su sistema de colecci\u00f3n de polvo. GoldLink monitorea los puntos de ajuste cr\u00edticos de su colector de polvo para el correcto funcionamiento. GoldLink env\u00eda mensajes a personas designadas como responsables de mantener el funcionamiento de su colector de polvo y el proceso que mantiene seguro y productivo.<\/span><\/p>\n<p>Est\u00e9 preparado para lo inesperado (explosiones e incendios). Cuando ocurren accidentes y emergencias, usted ser\u00e1 el primero en saber y responder. El GoldLink env\u00eda mensajes cuando ocurren incidentes cr\u00edticos en sus instalaciones. Aseg\u00farese de ser el primero en responder en caso de accidentes en su proceso de fabricaci\u00f3n.<\/p>\n<p>Genere informes para inspectores locales de salud y medio ambiente con solo un \u201cclick\u201d. Los datos de 3 meses, 6 meses o incluso 1 a\u00f1o est\u00e1n disponibles con solo un par de \u201cclicks\u201d. Los informes son f\u00e1ciles de imprimir y se pueden generar seg\u00fan sea necesario.<\/p>\n<p>Siempre est\u00e1 conectado en tiempo real con un solo click. La p\u00e1gina de inicio de GoldLink mantendr\u00e1 informaci\u00f3n gr\u00e1fica sobre la ca\u00edda de presi\u00f3n del filtro de su colector de polvo, asegur\u00e1ndose de que solo reemplace los filtros cuando sea necesario, los sensores de velocidad y caudal de aire aseguran que su sistema est\u00e9 trabajando de manera eficiente y los datos de emisiones aseguran que su sistema est\u00e1 protegiendo su planta y el medio ambiente de condiciones indeseadas. Permite monitorear m\u00faltiples colectores de polvo y tener m\u00faltiples usuarios a trav\u00e9s de sus instalaciones, asegurando que los usuarios vean y sean notificados cuando ocurran problemas con su sistema.<\/p>\n<p>Los diagn\u00f3sticos ayudan a mantener su sistema de colecci\u00f3n de polvo. Su sistema GoldLink controla la ca\u00edda de presi\u00f3n de sus filtros y enviar\u00e1 alarmas en puntos cr\u00edticos. Esto asegurar\u00e1 que compre consumibles para el proceso de mantenimiento justo a tiempo (JIT).<\/p>\n<ul>\n<li>Est\u00e9 preparado para problemas de mantenimiento inminentes<\/li>\n<li>Aseg\u00farese de que haya stock disponible para sus requisitos de mantenimiento preventivo<\/li>\n<li>Reduzca inventario y compre justo a tiempo (JIT)<\/li>\n<\/ul>\n<p>Configure su GoldLink para enviar informes peri\u00f3dicos del estado de su sistema. Los informes diarios, semanales, mensuales o trimestrales se pueden generar cuando lo desee. Esto garantiza que obtiene informaci\u00f3n \u00fanicamente cuando la requiere.<\/p>\n<div id=\"attachment_16702\" style=\"width: 660px\" class=\"wp-caption aligncenter\"><img aria-describedby=\"caption-attachment-16702\" loading=\"lazy\" decoding=\"async\" class=\"wp-image-16702 size-full\" src=\"https:\/\/camfilapc.com\/wp-content\/uploads\/2017\/12\/goldlink-screenshot.jpg\" alt=\"\" width=\"650\" height=\"285\" srcset=\"https:\/\/camfilapc.com\/wp-content\/uploads\/2017\/12\/goldlink-screenshot.jpg 650w, https:\/\/camfilapc.com\/wp-content\/uploads\/2017\/12\/goldlink-screenshot-300x132.jpg 300w\" sizes=\"auto, (max-width: 650px) 100vw, 650px\" \/><p id=\"caption-attachment-16702\" class=\"wp-caption-text\">Captura de Pantalla del Sistema GoldLink<\/p><\/div>\n<p><strong>4 Puntos de Monitoreo An\u00e1logo Disponibles<\/strong><\/p>\n<ul>\n<li>Filtro primario<\/li>\n<li>Filtro secundario*<\/li>\n<li>Caudal de aire*<\/li>\n<li>Emisiones*<\/li>\n<\/ul>\n<p>*Se requiere sensor adicional<\/p>\n<\/div>\n<\/div><\/div><\/div><\/div><div id=\"pgc-41230-1-1\"  class=\"panel-grid-cell\" ><div id=\"panel-41230-1-1-0\" class=\"so-panel widget widget_sow-headline panel-first-child\" data-index=\"6\" ><div id=\"heading-sidebar\" class=\"panel-widget-style panel-widget-style-for-41230-1-1-0\" ><div\n\t\t\t\n\t\t\tclass=\"so-widget-sow-headline so-widget-sow-headline-default-3be16cc9aca1-41230\"\n\t\t\t\n\t\t><div class=\"sow-headline-container \">\n\t\t\t\t\t\t\t<h3 class=\"sow-headline\">\n\t\t\t\t\t\tInformaci\u00f3n Adicional\t\t\t\t\t\t<\/h3>\n\t\t\t\t\t\t\t\t\t\t\t<div class=\"decoration\">\n\t\t\t\t\t\t<div class=\"decoration-inside\"><\/div>\n\t\t\t\t\t<\/div>\n\t\t\t\t\t<\/div>\n<\/div><\/div><\/div><div id=\"panel-41230-1-1-1\" class=\"so-panel widget widget_sow-post-carousel panel-last-child\" data-index=\"7\" ><div id=\"sidebar-carousel\" class=\"panel-widget-style panel-widget-style-for-41230-1-1-1\" ><div\n\t\t\t\n\t\t\tclass=\"so-widget-sow-post-carousel so-widget-sow-post-carousel-base-c7dbb92dd929-41230\"\n\t\t\t\n\t\t>\t<div\n\t\tclass=\"sow-post-carousel-wrapper sow-post-carousel-theme-base\"\n\t\tstyle=\"overflow: hidden; max-width: 100%; min-height: 150px\"\n\t>\n\t\t<div class=\"sow-carousel-title has-title\">\n\t<h3 class=\"widget-title\">Literatura Descargable<\/h3>\t\t<div class=\"sow-carousel-navigation \">\n\t\t\t\t\t\t<a href=\"#\" class=\"sow-carousel-next\" title=\"Siguiente\" aria-label=\"Entradas siguientes\" role=\"button\"><\/a>\n\t\t\t\t\t\t<a href=\"#\" class=\"sow-carousel-previous\" title=\"Anterior\" aria-label=\"Entradas anteriores\" role=\"button\"><\/a>\n\t\t\t\t\t<\/div>\n\t<\/div>\n\n<div class=\"sow-carousel-container \">\n\t\t<div class=\"sow-carousel-wrapper\"\n\t\tdata-dir=\"ltr\"\n\t\tstyle=\"opacity: 0;\"\n\t\tdata-widget=\"post\" data-fetching=\"false\" data-page=\"1\" data-ajax-url=\"https:\/\/camfilapc.com\/wp-admin\/admin-ajax.php?_widgets_nonce=59fe7de849\" data-item_count=\"1\" data-carousel_settings=\"{&quot;loop&quot;:true,&quot;animation&quot;:&quot;Ease&quot;,&quot;animation_speed&quot;:400,&quot;autoplay&quot;:&quot;&quot;,&quot;pauseOnHover&quot;:&quot;&quot;,&quot;autoplaySpeed&quot;:8000,&quot;item_overflow&quot;:true,&quot;autoplay_continuous_scroll&quot;:false}\" data-responsive=\"{&quot;desktop_slides_to_scroll&quot;:1,&quot;tablet_landscape_breakpoint&quot;:1366,&quot;tablet_landscape_slides_to_scroll&quot;:2,&quot;tablet_portrait_breakpoint&quot;:1025,&quot;tablet_portrait_slides_to_scroll&quot;:2,&quot;mobile_breakpoint&quot;:480,&quot;mobile_slides_to_scroll&quot;:1}\" data-variable_width=\"true\" \t>\n\t\t<div\n\t\t\tclass=\"sow-carousel-items\"\n\t\t\t\t\t>\n\t\t\t\t<div class=\"sow-carousel-item\" tabindex=\"-1\" style=\"float: left;\">\n\t\t<div class=\"sow-carousel-thumbnail\">\n\t\t\t\t\t\t\t<a\n\t\t\t\t\thref=\"https:\/\/camfilapc.com\/es\/download\/brochure-goldlink\/\"\n\t\t\t\t\t\t\t\t\t\tstyle=\"background-image: url( https:\/\/camfilapc.com\/wp-content\/uploads\/2017\/11\/Gold_Link_Product_Sheet_US-150x150.jpg )\"\n\t\t\t\t\taria-labelledby=\"sow-carousel-id-47039\"\n\t\t\t\t\ttabindex=\"-1\"\n\t\t\t\t>\n\t\t\t\t\t<span class=\"overlay\"><\/span>\n\t\t\t\t<\/a>\n\t\t\t\t\t<\/div>\n\t\t<h3 class=\"sow-carousel-item-title\">\n\t\t\t<a\n\t\t\t\thref=\"https:\/\/camfilapc.com\/es\/download\/brochure-goldlink\/\"\n\t\t\t\tid=\"sow-carousel-id-47039\"\n\t\t\t\t\t\t\t\ttabindex=\"-1\"\n\t\t\t>\n\n\t\t\t\tBrochure - Gold Link\t\t\t<\/a>\n\t\t<\/h3>\n\t<\/div>\n\t\t\t<\/div>\n\t\t\t<\/div>\n\n\t<\/div>\n\t\t<input type=\"hidden\" name=\"instance_hash\" value=\"cb843aac\"\/>\n\t<\/div>\n<\/div><\/div><\/div><\/div><\/div><\/div><\/div>","protected":false},"excerpt":{"rendered":"<p>El GoldLink es su herramienta de acceso en tiempo real para el monitoreo de su sistema de colecci\u00f3n de polvo industrial, el Goldlink tiene la capacidad de monitorear 4 entradas anal\u00f3gica y 16 entradas digitales (predeterminadas) para mantenerlo informado sobre su operaci\u00f3n. Env\u00eda mensajes a m\u00faltiples usuarios cuando se detectan puntos de referencia cr\u00edticos garantizando que sus instalaciones sean m\u00e1s...<\/p>\n","protected":false},"author":1,"featured_media":41232,"parent":41161,"menu_order":0,"comment_status":"closed","ping_status":"closed","template":"","meta":{"_acf_changed":false,"footnotes":""},"class_list":["post-41230","page","type-page","status-publish","has-post-thumbnail","hentry"],"acf":[],"_links":{"self":[{"href":"https:\/\/camfilapc.com\/es\/wp-json\/wp\/v2\/pages\/41230","targetHints":{"allow":["GET"]}}],"collection":[{"href":"https:\/\/camfilapc.com\/es\/wp-json\/wp\/v2\/pages"}],"about":[{"href":"https:\/\/camfilapc.com\/es\/wp-json\/wp\/v2\/types\/page"}],"author":[{"embeddable":true,"href":"https:\/\/camfilapc.com\/es\/wp-json\/wp\/v2\/users\/1"}],"replies":[{"embeddable":true,"href":"https:\/\/camfilapc.com\/es\/wp-json\/wp\/v2\/comments?post=41230"}],"version-history":[{"count":0,"href":"https:\/\/camfilapc.com\/es\/wp-json\/wp\/v2\/pages\/41230\/revisions"}],"up":[{"embeddable":true,"href":"https:\/\/camfilapc.com\/es\/wp-json\/wp\/v2\/pages\/41161"}],"wp:featuredmedia":[{"embeddable":true,"href":"https:\/\/camfilapc.com\/es\/wp-json\/wp\/v2\/media\/41232"}],"wp:attachment":[{"href":"https:\/\/camfilapc.com\/es\/wp-json\/wp\/v2\/media?parent=41230"}],"curies":[{"name":"wp","href":"https:\/\/api.w.org\/{rel}","templated":true}]}}