{"id":41225,"date":"2017-10-10T11:12:47","date_gmt":"2017-10-10T15:12:47","guid":{"rendered":"https:\/\/camfilapc.com\/products\/accessories\/smart-solenoid-controller\/"},"modified":"2023-03-21T14:45:32","modified_gmt":"2023-03-21T18:45:32","slug":"smart-solenoid-controller","status":"publish","type":"page","link":"https:\/\/camfilapc.com\/es\/products\/accessories\/smart-solenoid-controller\/","title":{"rendered":"CONTROL INTELIGENTE DE SOLENOIDES"},"content":{"rendered":"<div id=\"pl-41225\"  class=\"panel-layout\" ><div id=\"pg-41225-0\"  class=\"panel-grid panel-no-style\" ><div id=\"pgc-41225-0-0\"  class=\"panel-grid-cell\" ><div id=\"panel-41225-0-0-0\" class=\"so-panel widget widget_sow-headline panel-first-child\" data-index=\"0\" ><div id=\"product-name\" class=\"panel-widget-style panel-widget-style-for-41225-0-0-0\" ><div\n\t\t\t\n\t\t\tclass=\"so-widget-sow-headline so-widget-sow-headline-default-8913cd27cdbd-41225\"\n\t\t\t\n\t\t><div class=\"sow-headline-container \">\n\t\t\t\t\t\t\t<h2 class=\"sow-headline\">\n\t\t\t\t\t\tControlador de solenoide inteligente para colectores de polvo industriales\t\t\t\t\t\t<\/h2>\n\t\t\t\t\t\t\t\t\t\t\t<div class=\"decoration\">\n\t\t\t\t\t\t<div class=\"decoration-inside\"><\/div>\n\t\t\t\t\t<\/div>\n\t\t\t\t\t<\/div>\n<\/div><\/div><\/div><div id=\"panel-41225-0-0-1\" class=\"widget_text so-panel widget widget_custom_html\" data-index=\"1\" ><div class=\"textwidget custom-html-widget\"><span class=\"content-lead\">Construido para:<\/span><a href=\"\/es\/products\/dust-fume\/\">Polvo y Humos<\/a><\/div><\/div><div id=\"panel-41225-0-0-2\" class=\"so-panel widget widget_text\" data-index=\"2\" ><div id=\"category-product-key-features\" class=\"panel-widget-style panel-widget-style-for-41225-0-0-2\" >\t\t\t<div class=\"textwidget\"><p>Caracter\u00edsticas Clave:<\/p>\n<ul>\n<li>4 entradas anal\u00f3gicas y 6 digitales.<\/li>\n<li>Monitoreo de tensi\u00f3n para irregularidades de fase y potencia.<\/li>\n<li>Monitoreo actual del consumo de energ\u00eda.<\/li>\n<li>Salida anal\u00f3gica (1) para monitoreo de presi\u00f3n remota o paso de entrada anal\u00f3gica.<\/li>\n<li>4 salidas de rel\u00e9 para operar alarmas remotas.<\/li>\n<li>Puertos: 1 USB, 1 RS232, 1 RS485<\/li>\n<li>Registro de datos de rendimiento del sistema.<\/li>\n<li>Las conexiones de solenoide solamente requieren dos cables, independientemente del n\u00famero de solenoides.<\/li>\n<li>M\u00faltiples idiomas y unidades.<\/li>\n<li>La estructura plana del men\u00fa permite un acceso r\u00e1pido para ver y modificar par\u00e1metros.<\/li>\n<\/ul>\n<\/div>\n\t\t<\/div><\/div><div id=\"panel-41225-0-0-3\" class=\"so-panel widget widget_sow-button panel-last-child\" data-index=\"3\" ><div\n\t\t\t\n\t\t\tclass=\"so-widget-sow-button so-widget-sow-button-flat-f54c0409268f-41225\"\n\t\t\t\n\t\t><div class=\"ow-button-base ow-button-align-center\"\n>\n\t\t\t<a\n\t\t\t\t\thref=\"https:\/\/camfilapc.com\/es\/smart-solenoid-controller-request-quote-es\/\"\n\t\t\t\t\tclass=\"button-content sowb-button ow-icon-placement-left ow-button-hover\" id=\"btn-request-quote\" \t>\n\t\t<span>\n\t\t\t\n\t\t\tSolicitar Presupuesto\t\t<\/span>\n\t\t\t<\/a>\n\t<\/div>\n<\/div><\/div><\/div><div id=\"pgc-41225-0-1\"  class=\"panel-grid-cell\" ><div id=\"panel-41225-0-1-0\" class=\"so-panel widget panel-first-child panel-last-child\" data-index=\"4\" ><\/div><\/div><\/div><div id=\"pg-41225-1\"  class=\"panel-grid panel-has-style\" ><div id=\"product-full-detail\" class=\"panel-row-style panel-row-style-for-41225-1\" ><div id=\"pgc-41225-1-0\"  class=\"panel-grid-cell\" ><div id=\"panel-41225-1-0-0\" class=\"so-panel widget widget_sow-headline panel-first-child\" data-index=\"5\" ><div\n\t\t\t\n\t\t\tclass=\"so-widget-sow-headline so-widget-sow-headline-default-4d59ec8983cb-41225\"\n\t\t\t\n\t\t><div class=\"sow-headline-container \">\n\t\t\t\t\t\t\t<h3 class=\"sow-headline\">\n\t\t\t\t\t\tSIMPLIFICA LA LIMPIEZA DE FILTROS POR PULSOS\t\t\t\t\t\t<\/h3>\n\t\t\t\t\t\t<\/div>\n<\/div><\/div><div id=\"panel-41225-1-0-1\" class=\"so-panel widget widget_sow-editor panel-last-child\" data-index=\"6\" ><div id=\"main-p-column\" class=\"panel-widget-style panel-widget-style-for-41225-1-0-1\" ><div\n\t\t\t\n\t\t\tclass=\"so-widget-sow-editor so-widget-sow-editor-base\"\n\t\t\t\n\t\t>\n<div class=\"siteorigin-widget-tinymce textwidget\">\n\t<p><img loading=\"lazy\" decoding=\"async\" class=\"wp-image-10198 alignright\" src=\"https:\/\/camfilapc.com\/wp-content\/uploads\/2017\/10\/solenoid-timer.jpg\" alt=\"\" width=\"179\" height=\"244\" \/>El control inteligente solenoide (STR) ahorra costos, es para aplicaciones en donde los\u00a0filtros del colector de polvo\u00a0se pueden limpiar por pulsos en funci\u00f3n de los intervalos de tiempo. Los controles del temporizador que regulan los pulsos est\u00e1n integrados dentro de los solenoides, lo que elimina la necesidad de conectar una tarjeta con un temporizador remoto.<\/p>\n<p>Los ciclos de \"encendido\" y \"apagado\" se ajustan f\u00e1cilmente a trav\u00e9s de los botones integrados en la bandeja del solenoide. Los ajustes de f\u00e1brica son 150 milisegundos \"encendido\" y un tiempo de ciclo de \"apagado\" de 30 segundos entre pulsos. El dispositivo est\u00e1 provisto de m\u00faltiples v\u00e1lvulas de solenoide que var\u00edan de dos a seis.<\/p>\n<p>El controlador est\u00e1 certificado seg\u00fan la normativa europea ATEX (94\/9\/EC) Categor\u00eda II 3D y se puede usar con cualquier tipo de sistema de colecci\u00f3n de polvo que utilice v\u00e1lvulas de diafragma.<\/p>\n<p>Cuando se compra para usar con un\u00a0colector de polvo industrial Farr Gold Serie\u00ae, se incluye un medidor Magnahelic\u00ae para monitorear la presi\u00f3n diferencial en los filtros.<\/p>\n<\/div>\n<\/div><\/div><\/div><\/div><div id=\"pgc-41225-1-1\"  class=\"panel-grid-cell\" ><div id=\"panel-41225-1-1-0\" class=\"so-panel widget widget_sow-headline panel-first-child\" data-index=\"7\" ><div id=\"heading-sidebar\" class=\"panel-widget-style panel-widget-style-for-41225-1-1-0\" ><div\n\t\t\t\n\t\t\tclass=\"so-widget-sow-headline so-widget-sow-headline-default-3be16cc9aca1-41225\"\n\t\t\t\n\t\t><div class=\"sow-headline-container \">\n\t\t\t\t\t\t\t<h3 class=\"sow-headline\">\n\t\t\t\t\t\tInformaci\u00f3n Adicional\t\t\t\t\t\t<\/h3>\n\t\t\t\t\t\t\t\t\t\t\t<div class=\"decoration\">\n\t\t\t\t\t\t<div class=\"decoration-inside\"><\/div>\n\t\t\t\t\t<\/div>\n\t\t\t\t\t<\/div>\n<\/div><\/div><\/div><div id=\"panel-41225-1-1-1\" class=\"so-panel widget widget_sow-post-carousel panel-last-child\" data-index=\"8\" ><div id=\"sidebar-carousel\" class=\"panel-widget-style panel-widget-style-for-41225-1-1-1\" ><div\n\t\t\t\n\t\t\tclass=\"so-widget-sow-post-carousel so-widget-sow-post-carousel-base-c7dbb92dd929-41225\"\n\t\t\t\n\t\t>\t<div\n\t\tclass=\"sow-post-carousel-wrapper sow-post-carousel-theme-base\"\n\t\tstyle=\"overflow: hidden; max-width: 100%; min-height: 150px\"\n\t>\n\t\t<div class=\"sow-carousel-title\">\n\t\t\t<div class=\"sow-carousel-navigation \">\n\t\t\t\t\t\t<a href=\"#\" class=\"sow-carousel-next\" title=\"Siguiente\" aria-label=\"Entradas siguientes\" role=\"button\"><\/a>\n\t\t\t\t\t\t<a href=\"#\" class=\"sow-carousel-previous\" title=\"Anterior\" aria-label=\"Entradas anteriores\" role=\"button\"><\/a>\n\t\t\t\t\t<\/div>\n\t<\/div>\n\n<div class=\"sow-carousel-container \">\n\t\t<div class=\"sow-carousel-wrapper\"\n\t\tdata-dir=\"ltr\"\n\t\tstyle=\"opacity: 0;\"\n\t\tdata-widget=\"post\" data-fetching=\"false\" data-page=\"1\" data-ajax-url=\"https:\/\/camfilapc.com\/wp-admin\/admin-ajax.php?_widgets_nonce=84238eefb4\" data-item_count=\"1\" data-carousel_settings=\"{&quot;loop&quot;:true,&quot;animation&quot;:&quot;Ease&quot;,&quot;animation_speed&quot;:400,&quot;autoplay&quot;:&quot;&quot;,&quot;pauseOnHover&quot;:&quot;&quot;,&quot;autoplaySpeed&quot;:8000,&quot;item_overflow&quot;:true,&quot;autoplay_continuous_scroll&quot;:false}\" data-responsive=\"{&quot;desktop_slides_to_scroll&quot;:1,&quot;tablet_landscape_breakpoint&quot;:1366,&quot;tablet_landscape_slides_to_scroll&quot;:2,&quot;tablet_portrait_breakpoint&quot;:1025,&quot;tablet_portrait_slides_to_scroll&quot;:2,&quot;mobile_breakpoint&quot;:480,&quot;mobile_slides_to_scroll&quot;:1}\" data-variable_width=\"true\" \t>\n\t\t<div\n\t\t\tclass=\"sow-carousel-items\"\n\t\t\t\t\t>\n\t\t\t\t<div class=\"sow-carousel-item\" tabindex=\"-1\" style=\"float: left;\">\n\t\t<div class=\"sow-carousel-thumbnail\">\n\t\t\t\t\t\t\t<a\n\t\t\t\t\thref=\"https:\/\/camfilapc.com\/es\/download\/smart-solenoid\/\"\n\t\t\t\t\t\t\t\t\t\tstyle=\"background-image: url( https:\/\/camfilapc.com\/wp-content\/uploads\/2017\/12\/smart-solenoid-wp-thumb-150x150.jpg )\"\n\t\t\t\t\taria-labelledby=\"sow-carousel-id-46814\"\n\t\t\t\t\ttabindex=\"-1\"\n\t\t\t\t>\n\t\t\t\t\t<span class=\"overlay\"><\/span>\n\t\t\t\t<\/a>\n\t\t\t\t\t<\/div>\n\t\t<h3 class=\"sow-carousel-item-title\">\n\t\t\t<a\n\t\t\t\thref=\"https:\/\/camfilapc.com\/es\/download\/smart-solenoid\/\"\n\t\t\t\tid=\"sow-carousel-id-46814\"\n\t\t\t\t\t\t\t\ttabindex=\"-1\"\n\t\t\t>\n\n\t\t\t\tSmart Solenoid\t\t\t<\/a>\n\t\t<\/h3>\n\t<\/div>\n\t\t\t<\/div>\n\t\t\t<\/div>\n\n\t<\/div>\n\t\t<input type=\"hidden\" name=\"instance_hash\" value=\"89729377\"\/>\n\t<\/div>\n<\/div><\/div><\/div><\/div><\/div><\/div><\/div>","protected":false},"excerpt":{"rendered":"<p>Caracter\u00edsticas Clave: 4 entradas anal\u00f3gicas y 6 digitales. Monitoreo de tensi\u00f3n para irregularidades de fase y potencia. Monitoreo actual del consumo de energ\u00eda. Salida anal\u00f3gica (1) para monitoreo de presi\u00f3n remota o paso de entrada anal\u00f3gica. 4 salidas de rel\u00e9 para operar alarmas remotas. Puertos: 1 USB, 1 RS232, 1 RS485 Registro de datos de rendimiento del sistema. Las conexiones...<\/p>\n","protected":false},"author":1,"featured_media":0,"parent":41161,"menu_order":0,"comment_status":"closed","ping_status":"closed","template":"template-product-detail.php","meta":{"_acf_changed":false,"footnotes":""},"class_list":["post-41225","page","type-page","status-publish","hentry"],"acf":[],"_links":{"self":[{"href":"https:\/\/camfilapc.com\/es\/wp-json\/wp\/v2\/pages\/41225","targetHints":{"allow":["GET"]}}],"collection":[{"href":"https:\/\/camfilapc.com\/es\/wp-json\/wp\/v2\/pages"}],"about":[{"href":"https:\/\/camfilapc.com\/es\/wp-json\/wp\/v2\/types\/page"}],"author":[{"embeddable":true,"href":"https:\/\/camfilapc.com\/es\/wp-json\/wp\/v2\/users\/1"}],"replies":[{"embeddable":true,"href":"https:\/\/camfilapc.com\/es\/wp-json\/wp\/v2\/comments?post=41225"}],"version-history":[{"count":0,"href":"https:\/\/camfilapc.com\/es\/wp-json\/wp\/v2\/pages\/41225\/revisions"}],"up":[{"embeddable":true,"href":"https:\/\/camfilapc.com\/es\/wp-json\/wp\/v2\/pages\/41161"}],"wp:attachment":[{"href":"https:\/\/camfilapc.com\/es\/wp-json\/wp\/v2\/media?parent=41225"}],"curies":[{"name":"wp","href":"https:\/\/api.w.org\/{rel}","templated":true}]}}