{"id":41209,"date":"2017-10-10T11:00:53","date_gmt":"2017-10-10T15:00:53","guid":{"rendered":"https:\/\/camfilapc.com\/products\/accessories\/dct1000-dust-collector-controller\/"},"modified":"2023-03-21T14:33:15","modified_gmt":"2023-03-21T18:33:15","slug":"dct1000-dust-collector-controller","status":"publish","type":"page","link":"https:\/\/camfilapc.com\/es\/products\/accessories\/dct1000-dust-collector-controller\/","title":{"rendered":"Control de Colectores de Polvo DCT1000"},"content":{"rendered":"<div id=\"pl-41209\"  class=\"panel-layout\" ><div id=\"pg-41209-0\"  class=\"panel-grid panel-no-style\" ><div id=\"pgc-41209-0-0\"  class=\"panel-grid-cell\" ><div id=\"panel-41209-0-0-0\" class=\"so-panel widget widget_sow-headline panel-first-child\" data-index=\"0\" ><div id=\"product-name\" class=\"panel-widget-style panel-widget-style-for-41209-0-0-0\" ><div\n\t\t\t\n\t\t\tclass=\"so-widget-sow-headline so-widget-sow-headline-default-8913cd27cdbd-41209\"\n\t\t\t\n\t\t><div class=\"sow-headline-container \">\n\t\t\t\t\t\t\t<h2 class=\"sow-headline\">\n\t\t\t\t\t\tControl de Colectores de Polvo DCT1000\t\t\t\t\t\t<\/h2>\n\t\t\t\t\t\t\t\t\t\t\t<div class=\"decoration\">\n\t\t\t\t\t\t<div class=\"decoration-inside\"><\/div>\n\t\t\t\t\t<\/div>\n\t\t\t\t\t<\/div>\n<\/div><\/div><\/div><div id=\"panel-41209-0-0-1\" class=\"widget_text so-panel widget widget_custom_html\" data-index=\"1\" ><div class=\"textwidget custom-html-widget\"><span class=\"content-lead\">Construido Para:<\/span><a href=\"\/es\/products\/dust-fume\/\">Polvo & Humos<\/a><\/div><\/div><div id=\"panel-41209-0-0-2\" class=\"so-panel widget widget_text\" data-index=\"2\" ><div id=\"category-product-key-features\" class=\"panel-widget-style panel-widget-style-for-41209-0-0-2\" >\t\t\t<div class=\"textwidget\"><p><span class=\"content-lead\">Caracteristicas Clave:<\/span><\/p>\n<ul>\n<li>Gabinete NEMA 4X con limpieza continua bajo demanda y apagado.<\/li>\n<li>La fuente de alimentaci\u00f3n universal acepta 85-270 VCA \/ VCC a 50 a 60 Hz.<\/li>\n<li>Su dise\u00f1o modular permite su uso como control de limpieza continuo o bajo demanda<\/li>\n<li>Cquipamiento compatible con otros colectores de polvo industriales.<\/li>\n<li>Mismo tama\u00f1o para 6, 20 y 22 canales. El tama\u00f1o de una tabla significa que se estandariza en un gabinete.<\/li>\n<li>Los rel\u00e9s de alarma que forman parte del m\u00f3dulo de presi\u00f3n opcional eliminan el costo adicional de un interruptor de presi\u00f3n.<\/li>\n<li>Salidas de 4-20mA. No requiere un transmisor de se\u00f1ales adicional.<\/li>\n<li>Los rel\u00e9s de bloqueo y los cables de puente se eliminan en instalaciones grandes que requieren m\u00f3dulos adicionales. Cada m\u00f3dulo conectado es detectado autom\u00e1ticamente por el DCT 1000.<\/li>\n<\/ul>\n<\/div>\n\t\t<\/div><\/div><div id=\"panel-41209-0-0-3\" class=\"so-panel widget widget_sow-button panel-last-child\" data-index=\"3\" ><div\n\t\t\t\n\t\t\tclass=\"so-widget-sow-button so-widget-sow-button-flat-f54c0409268f-41209\"\n\t\t\t\n\t\t><div class=\"ow-button-base ow-button-align-center\"\n>\n\t\t\t<a\n\t\t\t\t\thref=\"https:\/\/camfilapc.com\/es\/dct1000-dust-collector-controller-request-quote-es\/\"\n\t\t\t\t\tclass=\"button-content sowb-button ow-icon-placement-left ow-button-hover\" id=\"btn-request-quote\" \t>\n\t\t<span>\n\t\t\t\n\t\t\tSolicitar Presupuesto\t\t<\/span>\n\t\t\t<\/a>\n\t<\/div>\n<\/div><\/div><\/div><div id=\"pgc-41209-0-1\"  class=\"panel-grid-cell\" ><div id=\"panel-41209-0-1-0\" class=\"so-panel widget panel-first-child panel-last-child\" data-index=\"4\" ><\/div><\/div><\/div><div id=\"pg-41209-1\"  class=\"panel-grid panel-has-style\" ><div id=\"product-full-detail\" class=\"panel-row-style panel-row-style-for-41209-1\" ><div id=\"pgc-41209-1-0\"  class=\"panel-grid-cell\" ><div id=\"panel-41209-1-0-0\" class=\"so-panel widget widget_sow-headline panel-first-child\" data-index=\"5\" ><div\n\t\t\t\n\t\t\tclass=\"so-widget-sow-headline so-widget-sow-headline-default-4d59ec8983cb-41209\"\n\t\t\t\n\t\t><div class=\"sow-headline-container \">\n\t\t\t\t\t\t\t<h3 class=\"sow-headline\">\n\t\t\t\t\t\tEl control para colector de polvo DCT1000 fue dise\u00f1ado para ser utilizado con colectores de polvo industriales tipo \u201cPulse-Jet\u201d para aplicaciones de limpieza continua o bajo demanda.\t\t\t\t\t\t<\/h3>\n\t\t\t\t\t\t<\/div>\n<\/div><\/div><div id=\"panel-41209-1-0-1\" class=\"so-panel widget widget_sow-editor panel-last-child\" data-index=\"6\" ><div id=\"main-p-column\" class=\"panel-widget-style panel-widget-style-for-41209-1-0-1\" ><div\n\t\t\t\n\t\t\tclass=\"so-widget-sow-editor so-widget-sow-editor-base\"\n\t\t\t\n\t\t>\n<div class=\"siteorigin-widget-tinymce textwidget\">\n\t<p>Las aplicaciones de limpieza continua no requieren entradas externas y se pueden utilizar para la limpieza \"On-Demand\" basada en el tiempo mediante el uso de la funci\u00f3n por ciclos.<\/p>\n<p>Para aplicaciones bajo demanda, los m\u00f3dulos expansi\u00f3n se pueden usar para aprovechar al m\u00e1ximo todas las funciones que ofrece el DCT1000, o un interruptor de presi\u00f3n externo (como el Dwyer Photohelic\u00ae) para el control de l\u00edmite Alto \/ Bajo.<\/p>\n<p>El DCT1000 fue dise\u00f1ado para que sea f\u00e1cil de usar, lo que permite un inicio r\u00e1pido y f\u00e1cil para sus aplicaciones de control de polvo.<\/p>\n<p><img loading=\"lazy\" decoding=\"async\" class=\"alignnone size-full wp-image-10167\" src=\"https:\/\/camfilapc.com\/wp-content\/uploads\/2017\/10\/dct-1000-features.jpg\" alt=\"\" width=\"625\" height=\"336\" srcset=\"https:\/\/camfilapc.com\/wp-content\/uploads\/2017\/10\/dct-1000-features.jpg 625w, https:\/\/camfilapc.com\/wp-content\/uploads\/2017\/10\/dct-1000-features-300x161.jpg 300w\" sizes=\"auto, (max-width: 625px) 100vw, 625px\" \/><\/p>\n<\/div>\n<\/div><\/div><\/div><\/div><div id=\"pgc-41209-1-1\"  class=\"panel-grid-cell\" ><div id=\"panel-41209-1-1-0\" class=\"so-panel widget widget_sow-headline panel-first-child\" data-index=\"7\" ><div id=\"heading-sidebar\" class=\"panel-widget-style panel-widget-style-for-41209-1-1-0\" ><div\n\t\t\t\n\t\t\tclass=\"so-widget-sow-headline so-widget-sow-headline-default-3be16cc9aca1-41209\"\n\t\t\t\n\t\t><div class=\"sow-headline-container \">\n\t\t\t\t\t\t\t<h3 class=\"sow-headline\">\n\t\t\t\t\t\tInformaci\u00f3n Adicional\t\t\t\t\t\t<\/h3>\n\t\t\t\t\t\t\t\t\t\t\t<div class=\"decoration\">\n\t\t\t\t\t\t<div class=\"decoration-inside\"><\/div>\n\t\t\t\t\t<\/div>\n\t\t\t\t\t<\/div>\n<\/div><\/div><\/div><div id=\"panel-41209-1-1-1\" class=\"so-panel widget widget_sow-post-carousel panel-last-child\" data-index=\"8\" ><div id=\"sidebar-carousel\" class=\"panel-widget-style panel-widget-style-for-41209-1-1-1\" ><div\n\t\t\t\n\t\t\tclass=\"so-widget-sow-post-carousel so-widget-sow-post-carousel-base-c7dbb92dd929-41209\"\n\t\t\t\n\t\t>\t<div\n\t\tclass=\"sow-post-carousel-wrapper sow-post-carousel-theme-base\"\n\t\tstyle=\"overflow: hidden; max-width: 100%; min-height: 150px\"\n\t>\n\t\t<div class=\"sow-carousel-title has-title\">\n\t<h3 class=\"widget-title\">Literatura Descargable<\/h3>\t\t<div class=\"sow-carousel-navigation \">\n\t\t\t\t\t\t<a href=\"#\" class=\"sow-carousel-next\" title=\"Siguiente\" aria-label=\"Entradas siguientes\" role=\"button\"><\/a>\n\t\t\t\t\t\t<a href=\"#\" class=\"sow-carousel-previous\" title=\"Anterior\" aria-label=\"Entradas anteriores\" role=\"button\"><\/a>\n\t\t\t\t\t<\/div>\n\t<\/div>\n\n<div class=\"sow-carousel-container \">\n\t\t<div class=\"sow-carousel-wrapper\"\n\t\tdata-dir=\"ltr\"\n\t\tstyle=\"opacity: 0;\"\n\t\tdata-widget=\"post\" data-fetching=\"false\" data-page=\"1\" data-ajax-url=\"https:\/\/camfilapc.com\/wp-admin\/admin-ajax.php?_widgets_nonce=2f7f05a2e3\" data-item_count=\"1\" data-carousel_settings=\"{&quot;loop&quot;:true,&quot;animation&quot;:&quot;Ease&quot;,&quot;animation_speed&quot;:400,&quot;autoplay&quot;:&quot;&quot;,&quot;pauseOnHover&quot;:&quot;&quot;,&quot;autoplaySpeed&quot;:8000,&quot;item_overflow&quot;:true,&quot;autoplay_continuous_scroll&quot;:false}\" data-responsive=\"{&quot;desktop_slides_to_scroll&quot;:1,&quot;tablet_landscape_breakpoint&quot;:1366,&quot;tablet_landscape_slides_to_scroll&quot;:2,&quot;tablet_portrait_breakpoint&quot;:1025,&quot;tablet_portrait_slides_to_scroll&quot;:2,&quot;mobile_breakpoint&quot;:480,&quot;mobile_slides_to_scroll&quot;:1}\" data-variable_width=\"true\" \t>\n\t\t<div\n\t\t\tclass=\"sow-carousel-items\"\n\t\t\t\t\t>\n\t\t\t\t<div class=\"sow-carousel-item\" tabindex=\"-1\" style=\"float: left;\">\n\t\t<div class=\"sow-carousel-thumbnail\">\n\t\t\t\t\t\t\t<a\n\t\t\t\t\thref=\"https:\/\/camfilapc.com\/es\/download\/dct1000-dust-collector-controller\/\"\n\t\t\t\t\t\t\t\t\t\tstyle=\"background-image: url( https:\/\/camfilapc.com\/wp-content\/uploads\/2017\/12\/dct1000-thumb-2020-150x150.jpg )\"\n\t\t\t\t\taria-labelledby=\"sow-carousel-id-46818\"\n\t\t\t\t\ttabindex=\"-1\"\n\t\t\t\t>\n\t\t\t\t\t<span class=\"overlay\"><\/span>\n\t\t\t\t<\/a>\n\t\t\t\t\t<\/div>\n\t\t<h3 class=\"sow-carousel-item-title\">\n\t\t\t<a\n\t\t\t\thref=\"https:\/\/camfilapc.com\/es\/download\/dct1000-dust-collector-controller\/\"\n\t\t\t\tid=\"sow-carousel-id-46818\"\n\t\t\t\t\t\t\t\ttabindex=\"-1\"\n\t\t\t>\n\n\t\t\t\tDCT1000 Dust Collector Controller\t\t\t<\/a>\n\t\t<\/h3>\n\t<\/div>\n\t\t\t<\/div>\n\t\t\t<\/div>\n\n\t<\/div>\n\t\t<input type=\"hidden\" name=\"instance_hash\" value=\"72ac3dbf\"\/>\n\t<\/div>\n<\/div><\/div><\/div><\/div><\/div><\/div><\/div>","protected":false},"excerpt":{"rendered":"<p>Caracteristicas Clave: Gabinete NEMA 4X con limpieza continua bajo demanda y apagado. La fuente de alimentaci\u00f3n universal acepta 85-270 VCA \/ VCC a 50 a 60 Hz. Su dise\u00f1o modular permite su uso como control de limpieza continuo o bajo demanda Cquipamiento compatible con otros colectores de polvo industriales. Mismo tama\u00f1o para 6, 20 y 22 canales. El tama\u00f1o de...<\/p>\n","protected":false},"author":1,"featured_media":0,"parent":41161,"menu_order":0,"comment_status":"closed","ping_status":"closed","template":"template-product-detail.php","meta":{"_acf_changed":false,"footnotes":""},"class_list":["post-41209","page","type-page","status-publish","hentry"],"acf":[],"_links":{"self":[{"href":"https:\/\/camfilapc.com\/es\/wp-json\/wp\/v2\/pages\/41209","targetHints":{"allow":["GET"]}}],"collection":[{"href":"https:\/\/camfilapc.com\/es\/wp-json\/wp\/v2\/pages"}],"about":[{"href":"https:\/\/camfilapc.com\/es\/wp-json\/wp\/v2\/types\/page"}],"author":[{"embeddable":true,"href":"https:\/\/camfilapc.com\/es\/wp-json\/wp\/v2\/users\/1"}],"replies":[{"embeddable":true,"href":"https:\/\/camfilapc.com\/es\/wp-json\/wp\/v2\/comments?post=41209"}],"version-history":[{"count":0,"href":"https:\/\/camfilapc.com\/es\/wp-json\/wp\/v2\/pages\/41209\/revisions"}],"up":[{"embeddable":true,"href":"https:\/\/camfilapc.com\/es\/wp-json\/wp\/v2\/pages\/41161"}],"wp:attachment":[{"href":"https:\/\/camfilapc.com\/es\/wp-json\/wp\/v2\/media?parent=41209"}],"curies":[{"name":"wp","href":"https:\/\/api.w.org\/{rel}","templated":true}]}}