{"id":41200,"date":"2017-10-10T10:51:48","date_gmt":"2017-10-10T14:51:48","guid":{"rendered":"https:\/\/camfilapc.com\/products\/accessories\/fdc-controller\/"},"modified":"2019-11-20T08:57:16","modified_gmt":"2019-11-20T13:57:16","slug":"fdc-controller","status":"publish","type":"page","link":"https:\/\/camfilapc.com\/es\/products\/accessories\/fdc-controller\/","title":{"rendered":"Control FDC"},"content":{"rendered":"<div id=\"pl-41200\"  class=\"panel-layout\" ><div id=\"pg-41200-0\"  class=\"panel-grid panel-no-style\" ><div id=\"pgc-41200-0-0\"  class=\"panel-grid-cell\" ><div id=\"panel-41200-0-0-0\" class=\"so-panel widget widget_sow-headline panel-first-child\" data-index=\"0\" ><div id=\"product-name\" class=\"panel-widget-style panel-widget-style-for-41200-0-0-0\" ><div\n\t\t\t\n\t\t\tclass=\"so-widget-sow-headline so-widget-sow-headline-default-8913cd27cdbd-41200\"\n\t\t\t\n\t\t><div class=\"sow-headline-container \">\n\t\t\t\t\t\t\t<h2 class=\"sow-headline\">\n\t\t\t\t\t\tControlador FDC\t\t\t\t\t\t<\/h2>\n\t\t\t\t\t\t\t\t\t\t\t<div class=\"decoration\">\n\t\t\t\t\t\t<div class=\"decoration-inside\"><\/div>\n\t\t\t\t\t<\/div>\n\t\t\t\t\t<\/div>\n<\/div><\/div><\/div><div id=\"panel-41200-0-0-1\" class=\"widget_text so-panel widget widget_custom_html\" data-index=\"1\" ><div class=\"textwidget custom-html-widget\"><span class=\"content-lead\">Construido para:<\/span><a href=\"\/es\/products\/dust-fume\/\">Polvo & Humos<\/a><\/div><\/div><div id=\"panel-41200-0-0-2\" class=\"so-panel widget widget_text\" data-index=\"2\" ><div id=\"category-product-applications\" class=\"panel-widget-style panel-widget-style-for-41200-0-0-2\" >\t\t\t<div class=\"textwidget\"><p><span class=\"content-lead\">Aplicaciones:<\/span><\/p>\n<ul>\n<li>Para colectores de polvo industriales estilo \u201cPulse-Jet\u201d.<\/li>\n<\/ul>\n<\/div>\n\t\t<\/div><\/div><div id=\"panel-41200-0-0-3\" class=\"so-panel widget widget_text\" data-index=\"3\" ><div id=\"category-product-key-features\" class=\"panel-widget-style panel-widget-style-for-41200-0-0-3\" >\t\t\t<div class=\"textwidget\"><p><span class=\"content-lead\">Caracter\u00edsticas Clave:<\/span><\/p>\n<ul>\n<li>Gabinete NEMA 4X<\/li>\n<li>Voltaje de entrada universal 100-240 VAC, 50\/60 Hz<\/li>\n<li>Hasta 20 salidas en la tarjeta, expandible a 990 salidas (con tarjetas de expansi\u00f3n)<\/li>\n<li>Indicadores LED de diagn\u00f3stico\/programaci\u00f3n que indica el estado del sistema \u00abde un vistazo\u00bb<\/li>\n<li>Terminaciones seguras para los dedos.<\/li>\n<li>Programaci\u00f3n simple a trav\u00e9s de un bot\u00f3n y una perilla.<\/li>\n<li>Clave de Acceso programable.<\/li>\n<li>Selector para Operaci\u00f3n por Presi\u00f3n Diferencial o por Tiempo.<\/li>\n<\/ul>\n<\/div>\n\t\t<\/div><\/div><div id=\"panel-41200-0-0-4\" class=\"so-panel widget widget_sow-button panel-last-child\" data-index=\"4\" ><div\n\t\t\t\n\t\t\tclass=\"so-widget-sow-button so-widget-sow-button-flat-f54c0409268f-41200\"\n\t\t\t\n\t\t><div class=\"ow-button-base ow-button-align-center\"\n>\n\t\t\t<a\n\t\t\t\t\thref=\"\"\n\t\t\t\t\tclass=\"button-content sowb-button ow-icon-placement-left ow-button-hover\" id=\"btn-request-quote\" \t>\n\t\t<span>\n\t\t\t\n\t\t\tSolicitar Presupuesto\t\t<\/span>\n\t\t\t<\/a>\n\t<\/div>\n<\/div><\/div><\/div><div id=\"pgc-41200-0-1\"  class=\"panel-grid-cell\" ><div id=\"panel-41200-0-1-0\" class=\"so-panel widget panel-first-child\" data-index=\"5\" ><\/div><div id=\"panel-41200-0-1-1\" class=\"so-panel widget widget_ink-tabs panel-last-child\" data-index=\"6\" ><div\n\t\t\t\n\t\t\tclass=\"so-widget-ink-tabs so-widget-ink-tabs-tabs-85deb0136c8d-41200\"\n\t\t\t\n\t\t>\n<div class=\"iw-so-tabs iw-so-tabs-horizontal iw-so-tabs-default\">\n\n\t<ul class=\"iw-so-tabs-nav\">\n\n\t\t\t\t\t<li class=\"iw-so-tab-title iw-so-tab-active\" id=\"ink-tabs-4120010006-1\">\n\t\t\t\t<a href=\"#ink-tabs-4120010006-1-content\">\n\t\t\t\t\t\t\t\t\t\t<span class=\"iw-so-tab-text\">Fotos<\/span>\n\t\t\t\t<\/a>\n\t\t\t<\/li>\n\t\t\t\t\t\t\t\t\n\t<\/ul>\n\n\t<div class=\"iw-so-tabs-content\">\n\n\t\t\t\t\t<div class=\"iw-so-tabs-panel iw-so-tab-active\" id=\"ink-tabs-4120010006-1-content\">\n\t\t\t\t<p><div>    <\/div><style type=\"text\/css\" scoped>.rbs_gallery_69da37042da09Spinner{\r\n\t\t\t\tmargin: 50px auto;\r\n\t\t\t\twidth: 50px;\r\n\t\t\t\theight: 40px;\r\n\t\t\t\ttext-align: center;\r\n\t\t\t\tfont-size: 10px;\r\n\t\t\t}\r\n\t\t\t.rbs_gallery_69da37042da09Spinner > div{\r\n\t\t\t  background-color: #333;\r\n\t\t\t  height: 100%;\r\n\t\t\t  width: 6px;\r\n\t\t\t  display: inline-block;\r\n\t\t\t  -webkit-animation: rbs_gallery_69da37042da09-stretchdelay 1.2s infinite ease-in-out;\r\n\t\t\t  animation: rbs_gallery_69da37042da09-stretchdelay 1.2s infinite ease-in-out;\r\n\t\t\t}\r\n\t\t\t.rbs_gallery_69da37042da09Spinner .rbs_gallery_69da37042da09Rect2 {\r\n\t\t\t  -webkit-animation-delay: -1.1s;\r\n\t\t\t  animation-delay: -1.1s;\r\n\t\t\t}\r\n\t\t\t.rbs_gallery_69da37042da09Spinner .rbs_gallery_69da37042da09Rect3 {\r\n\t\t\t  -webkit-animation-delay: -1.0s;\r\n\t\t\t  animation-delay: -1.0s;\r\n\t\t\t}\r\n\t\t\t.rbs_gallery_69da37042da09Spinner .rbs_gallery_69da37042da09Rect4 {\r\n\t\t\t  -webkit-animation-delay: -0.9s;\r\n\t\t\t  animation-delay: -0.9s;\r\n\t\t\t}\r\n\t\t\t.rbs_gallery_69da37042da09Spinner .rbs_gallery_69da37042da09Rect5 {\r\n\t\t\t  -webkit-animation-delay: -0.8s;\r\n\t\t\t  animation-delay: -0.8s;\r\n\t\t\t}\r\n\t\t\t@-webkit-keyframes rbs_gallery_69da37042da09-stretchdelay {\r\n\t\t\t  0%, 40%, 100% { -webkit-transform: scaleY(0.4) }  \r\n\t\t\t  20% { -webkit-transform: scaleY(1.0) }\r\n\t\t\t}\r\n\t\t\t@keyframes rbs_gallery_69da37042da09-stretchdelay {\r\n\t\t\t  0%, 40%, 100% { \r\n\t\t\t    transform: scaleY(0.4);\r\n\t\t\t    -webkit-transform: scaleY(0.4);\r\n\t\t\t  }  20% { \r\n\t\t\t    transform: scaleY(1.0);\r\n\t\t\t    -webkit-transform: scaleY(1.0);\r\n\t\t\t  }\r\n\t\t\t}\r\n\t\t<\/style><div class=\"robo-gallery-wrap robo-gallery-wrap-id13733 robo-gallery-\" ><div id=\"rbs_gallery_69da37042da09-block-loader\" class=\"rbs_gallery_69da37042da09Spinner\"><div class=\"rbs_gallery_69da37042da09Rect1\"><\/div> <div class=\"rbs_gallery_69da37042da09Rect2\"><\/div> <div class=\"rbs_gallery_69da37042da09Rect3\"><\/div> <div class=\"rbs_gallery_69da37042da09Rect4\"><\/div> <div class=\"rbs_gallery_69da37042da09Rect5\"><\/div><\/div><div id=\"robo_gallery_main_block_rbs_gallery_69da37042da09\" class=\"robogallery-gallery-13733\" style=\"width:100%;margin:0 auto;  display: none;\"><div id=\"rbs_gallery_69da37042da09\" data-options=\"rbs_gallery_69da37042da09\" style=\"width:100%;\" class=\"robo_gallery  \"><div class=\"rbs-img  category13733 \" ><div class=\"rbs-img-image   rbs-lightbox \" ><div class=\"rbs-img-thumbs\"  data-thumbnail=\"https:\/\/camfilapc.com\/wp-content\/uploads\/2017\/11\/fdc-controller-225x300.jpg\"  title=\"fdc-controller\"  data-width=\"225\"  data-height=\"140\" ><\/div><div class=\"rbs-img-data-popup\"  data-popup=\"https:\/\/camfilapc.com\/wp-content\/uploads\/2017\/11\/fdc-controller.jpg\"  title=\"fdc-controller\" ><\/div><div class=\"thumbnail-overlay\"><div class=\"rbsIcons\"><i class=\"fa fa-search-plus rbsZoomIcon \" ><\/i><\/div><\/div><\/div><\/div><div class=\"rbs-img  category13733 \" ><div class=\"rbs-img-image   rbs-lightbox \" ><div class=\"rbs-img-thumbs\"  data-thumbnail=\"https:\/\/camfilapc.com\/wp-content\/uploads\/2017\/10\/fdc-controller-side-225x300.jpg\"  title=\"fdc-controller-side\"  data-width=\"225\"  data-height=\"140\" ><\/div><div class=\"rbs-img-data-popup\"  data-popup=\"https:\/\/camfilapc.com\/wp-content\/uploads\/2017\/10\/fdc-controller-side.jpg\"  title=\"fdc-controller-side\" ><\/div><div class=\"thumbnail-overlay\"><div class=\"rbsIcons\"><i class=\"fa fa-search-plus rbsZoomIcon \" ><\/i><\/div><\/div><\/div><\/div><\/div><\/div><\/div><script>var rbs_gallery_69da37042da09 = {\"version\":\"5.1.4\",\"id\":13733,\"class\":\"id13733\",\"roboGalleryDelay\":1000,\"mainContainer\":\"#robo_gallery_main_block_rbs_gallery_69da37042da09\",\"loadingContainer\":\"#rbs_gallery_69da37042da09-block-loader\",\"loadingContainerObj\":\"rbs_gallery_69da37042da09-block-loader\",\"columnWidth\":\"auto\",\"columns\":3,\"resolutions\":[{\"columnWidth\":\"auto\",\"columns\":3,\"maxWidth\":960},{\"columnWidth\":\"auto\",\"columns\":2,\"maxWidth\":650},{\"columnWidth\":\"auto\",\"columns\":1,\"maxWidth\":450}],\"descBox\":true,\"descBoxClass\":\"rbs_desc_panel_light\",\"hideTitle\":true,\"lightboxOptions\":{\"gallery\":{\"enabled\":true,\"tCounter\":\"%curr% of %total%\"}},\"borderSize\":1,\"overlayEffect\":\"fade\",\"boxesToLoadStart\":12,\"boxesToLoad\":8,\"LoadingWord\":\"Loading...\",\"loadMoreWord\":\"Load More\",\"noMoreEntriesWord\":\"No More Entries\",\"horizontalSpaceBetweenBoxes\":15,\"verticalSpaceBetweenBoxes\":15,\"lazyLoad\":0,\"wrapContainer\":\"#robo-gallery-wrap-rbs_gallery_69da37042da09\"};<\/script><div>    <\/div><\/p>\n\t\t\t<\/div>\n\t\t\t\t\t\t\t\t\n\t<\/div>\n\n<\/div>\n<\/div><\/div><\/div><\/div><div id=\"pg-41200-1\"  class=\"panel-grid panel-has-style\" ><div id=\"product-full-detail\" class=\"panel-row-style panel-row-style-for-41200-1\" ><div id=\"pgc-41200-1-0\"  class=\"panel-grid-cell\" ><div id=\"panel-41200-1-0-0\" class=\"so-panel widget widget_sow-headline panel-first-child\" data-index=\"7\" ><div\n\t\t\t\n\t\t\tclass=\"so-widget-sow-headline so-widget-sow-headline-default-4d59ec8983cb-41200\"\n\t\t\t\n\t\t><div class=\"sow-headline-container \">\n\t\t\t\t\t\t\t<h3 class=\"sow-headline\">\n\t\t\t\t\t\tControles F\u00e1ciles de Usar para Colectores de Polvo\t\t\t\t\t\t<\/h3>\n\t\t\t\t\t\t<\/div>\n<\/div><\/div><div id=\"panel-41200-1-0-1\" class=\"so-panel widget widget_sow-video\" data-index=\"8\" ><div class=\"animate-69da3704300f8354601216 panels-animation-hide panel-widget-style panel-widget-style-for-41200-1-0-1\" data-so-animation=\"{&quot;selector&quot;:&quot;.animate-69da3704300f8354601216&quot;,&quot;animation&quot;:&quot;slideInLeft&quot;,&quot;breakpoint&quot;:&quot;780px&quot;,&quot;duration&quot;:1,&quot;repeat&quot;:0,&quot;hide&quot;:1,&quot;disableAnimationMobile&quot;:0,&quot;finalState&quot;:&quot;visible&quot;,&quot;delay&quot;:0,&quot;debounce&quot;:0.1,&quot;event&quot;:&quot;enter&quot;,&quot;offset&quot;:0}\" ><div\n\t\t\t\n\t\t\tclass=\"so-widget-sow-video so-widget-sow-video-default-c08170c47cfb-41200\"\n\t\t\t\n\t\t>\n<div class=\"sow-video-wrapper\n\">\n\t\t\t<iframe loading=\"lazy\" title=\"FDC Controller Introduction\" width=\"640\" height=\"360\" src=\"https:\/\/www.youtube.com\/embed\/kcmf5LWpo1I?feature=oembed&enablejsapi=1\" frameborder=\"0\" allow=\"accelerometer; autoplay; clipboard-write; encrypted-media; gyroscope; picture-in-picture; web-share\" referrerpolicy=\"strict-origin-when-cross-origin\" allowfullscreen allowfullscreen mozallowfullscreen webkitallowfullscreen sandbox=\"allow-scripts allow-same-origin allow-presentation\"><\/iframe>\t<\/div>\n<\/div><\/div><\/div><div id=\"panel-41200-1-0-2\" class=\"so-panel widget widget_sow-editor panel-last-child\" data-index=\"9\" ><div id=\"main-p-column\" class=\"panel-widget-style panel-widget-style-for-41200-1-0-2\" ><div\n\t\t\t\n\t\t\tclass=\"so-widget-sow-editor so-widget-sow-editor-base\"\n\t\t\t\n\t\t>\n<div class=\"siteorigin-widget-tinymce textwidget\">\n\t<p>El dise\u00f1o flexible del control FDC (FDC) permite que se adapte a las distintas configuraciones de colectores de polvo industriales. El m\u00f3dulo de control del temporizador emitir\u00e1 pulsos secuenciales hasta diez salidas en modo \"On Demand\", basado en los valores que indique el medidor de presi\u00f3n diferencial. Si se necesita una mayor capacidad en el n\u00famero de salidas, se pueden controlar hasta 980 salidas adicionales con varios m\u00f3dulos de expansi\u00f3n conectados al controlador. Adem\u00e1s, este control cuenta con una capacidad de detecci\u00f3n de corriente, que permite el monitoreo de fallas el\u00e9ctricas para hasta tres solenoides por salida. Esta capacidad hace posible controlar y monitorear hasta 2,997 solenoides individuales desde un m\u00f3dulo de control, adicional tiene la conveniencia de proporcionar una opci\u00f3n de configuraci\u00f3n autom\u00e1tica para facilitar la configuraci\u00f3n inicial.<\/p>\n<p><img loading=\"lazy\" decoding=\"async\" class=\"alignnone size-full wp-image-10148\" src=\"https:\/\/camfilapc.com\/wp-content\/uploads\/2017\/10\/fdc-controller-inside.jpg\" alt=\"\" width=\"607\" height=\"530\" srcset=\"https:\/\/camfilapc.com\/wp-content\/uploads\/2017\/10\/fdc-controller-inside.jpg 607w, https:\/\/camfilapc.com\/wp-content\/uploads\/2017\/10\/fdc-controller-inside-300x262.jpg 300w\" sizes=\"auto, (max-width: 607px) 100vw, 607px\" \/><\/p>\n<p>El medidor de presi\u00f3n diferencial (\u0394P), est\u00e1 dise\u00f1ado para interactuar con el m\u00f3dulo de control del temporizador. El control es capaz de medir la presi\u00f3n diferencial y mostrar ese valor tanto en el gr\u00e1fico de barras anal\u00f3gico como en las pantallas digitales. Se pueden programar los puntos de ajuste de limpieza Alto\/Bajo y alarmas.<\/p>\n<p>El m\u00f3dulo de expansi\u00f3n es el m\u00f3dulo de salida de expansi\u00f3n en el controlador FDC. El m\u00f3dulo de expansi\u00f3n funciona junto con el temporizador central con hasta 98 \u200b\u200btarjetas de expansi\u00f3n de direcciones \u00fanicas para un total de 990 salidas.<\/p>\n<p>Adem\u00e1s, el sencillo procedimiento de programaci\u00f3n intuitiva de cinco pasos facilita la configuraci\u00f3n o el cambio de cualquier elemento del programa. Usando solamente una perilla con 19 LED y una pantalla de 3 d\u00edgitos, el procedimiento de programaci\u00f3n puede ser autodidacta en menos de un minuto. A continuaci\u00f3n, se muestra una lista de las funciones del control programables por el usuario:<\/p>\n<ul>\n<li>Modo de Ciclos de Apagado<\/li>\n<li>Temporizador para Pulsos de Solenoides<\/li>\n<li>Configuraci\u00f3n de salida autom\u00e1tica o manual<\/li>\n<li>Modo de funcionamiento \/ espera<\/li>\n<li>Puntos de ajuste de control de presi\u00f3n<\/li>\n<li>Puntos de ajuste de alarma de presi\u00f3n<\/li>\n<li>Configuraci\u00f3n de contacto de alarma de falla de solenoide<\/li>\n<li>Opciones de pulsos de salida<\/li>\n<\/ul>\n<p>Una fuente de alimentaci\u00f3n de entrada universal le permite aplicar un voltaje de entrada nominal de 100 a 240 VAC, 50\/60 Hz al control y el voltaje suministrado se conmutar\u00e1 de manera correspondiente a las salidas.<\/p>\n<\/div>\n<\/div><\/div><\/div><\/div><div id=\"pgc-41200-1-1\"  class=\"panel-grid-cell\" ><div id=\"panel-41200-1-1-0\" class=\"so-panel widget widget_sow-headline panel-first-child\" data-index=\"10\" ><div id=\"heading-sidebar\" class=\"panel-widget-style panel-widget-style-for-41200-1-1-0\" ><div\n\t\t\t\n\t\t\tclass=\"so-widget-sow-headline so-widget-sow-headline-default-3be16cc9aca1-41200\"\n\t\t\t\n\t\t><div class=\"sow-headline-container \">\n\t\t\t\t\t\t\t<h3 class=\"sow-headline\">\n\t\t\t\t\t\tInformaci\u00f3n Adicional\t\t\t\t\t\t<\/h3>\n\t\t\t\t\t\t\t\t\t\t\t<div class=\"decoration\">\n\t\t\t\t\t\t<div class=\"decoration-inside\"><\/div>\n\t\t\t\t\t<\/div>\n\t\t\t\t\t<\/div>\n<\/div><\/div><\/div><div id=\"panel-41200-1-1-1\" class=\"so-panel widget widget_sow-post-carousel panel-last-child\" data-index=\"11\" ><div id=\"sidebar-carousel\" class=\"panel-widget-style panel-widget-style-for-41200-1-1-1\" ><div\n\t\t\t\n\t\t\tclass=\"so-widget-sow-post-carousel so-widget-sow-post-carousel-base-c7dbb92dd929-41200\"\n\t\t\t\n\t\t>\t<div\n\t\tclass=\"sow-post-carousel-wrapper sow-post-carousel-theme-base\"\n\t\tstyle=\"overflow: hidden; max-width: 100%; min-height: 150px\"\n\t>\n\t\t<div class=\"sow-carousel-title has-title\">\n\t<h3 class=\"widget-title\">Literatura Descargable<\/h3>\t\t<div class=\"sow-carousel-navigation \">\n\t\t\t\t\t\t<a href=\"#\" class=\"sow-carousel-next\" title=\"Siguiente\" aria-label=\"Entradas siguientes\" role=\"button\"><\/a>\n\t\t\t\t\t\t<a href=\"#\" class=\"sow-carousel-previous\" title=\"Anterior\" aria-label=\"Entradas anteriores\" role=\"button\"><\/a>\n\t\t\t\t\t<\/div>\n\t<\/div>\n\n<div class=\"sow-carousel-container \">\n\t\t<div class=\"sow-carousel-wrapper\"\n\t\tdata-dir=\"ltr\"\n\t\tstyle=\"opacity: 0;\"\n\t\tdata-widget=\"post\" data-fetching=\"false\" data-page=\"1\" data-ajax-url=\"https:\/\/camfilapc.com\/wp-admin\/admin-ajax.php?_widgets_nonce=2f7f05a2e3\" data-item_count=\"1\" data-carousel_settings=\"{&quot;loop&quot;:true,&quot;animation&quot;:&quot;Ease&quot;,&quot;animation_speed&quot;:400,&quot;autoplay&quot;:&quot;&quot;,&quot;pauseOnHover&quot;:&quot;&quot;,&quot;autoplaySpeed&quot;:8000,&quot;item_overflow&quot;:true,&quot;autoplay_continuous_scroll&quot;:false}\" data-responsive=\"{&quot;desktop_slides_to_scroll&quot;:1,&quot;tablet_landscape_breakpoint&quot;:1366,&quot;tablet_landscape_slides_to_scroll&quot;:2,&quot;tablet_portrait_breakpoint&quot;:1025,&quot;tablet_portrait_slides_to_scroll&quot;:2,&quot;mobile_breakpoint&quot;:480,&quot;mobile_slides_to_scroll&quot;:1}\" data-variable_width=\"true\" \t>\n\t\t<div\n\t\t\tclass=\"sow-carousel-items\"\n\t\t\t\t\t>\n\t\t\t\t<div class=\"sow-carousel-item\" tabindex=\"-1\" style=\"float: left;\">\n\t\t<div class=\"sow-carousel-thumbnail\">\n\t\t\t\t\t\t\t<a\n\t\t\t\t\thref=\"https:\/\/camfilapc.com\/es\/download\/fdc-controller-user-friendly-controls-dust-collectors\/\"\n\t\t\t\t\t\t\t\t\t\tstyle=\"background-image: url( https:\/\/camfilapc.com\/wp-content\/uploads\/2017\/12\/fdc-controller-wp-thumb-150x150.jpg )\"\n\t\t\t\t\taria-labelledby=\"sow-carousel-id-46820\"\n\t\t\t\t\ttabindex=\"-1\"\n\t\t\t\t>\n\t\t\t\t\t<span class=\"overlay\"><\/span>\n\t\t\t\t<\/a>\n\t\t\t\t\t<\/div>\n\t\t<h3 class=\"sow-carousel-item-title\">\n\t\t\t<a\n\t\t\t\thref=\"https:\/\/camfilapc.com\/es\/download\/fdc-controller-user-friendly-controls-dust-collectors\/\"\n\t\t\t\tid=\"sow-carousel-id-46820\"\n\t\t\t\t\t\t\t\ttabindex=\"-1\"\n\t\t\t>\n\n\t\t\t\tFDC Controller User Friendly Controls for Dust Collectors\t\t\t<\/a>\n\t\t<\/h3>\n\t<\/div>\n\t\t\t<\/div>\n\t\t\t<\/div>\n\n\t<\/div>\n\t\t<input type=\"hidden\" name=\"instance_hash\" value=\"fcd38624\"\/>\n\t<\/div>\n<\/div><\/div><\/div><\/div><\/div><\/div><\/div>","protected":false},"excerpt":{"rendered":"<p>Aplicaciones: Para colectores de polvo industriales estilo \u201cPulse-Jet\u201d. Caracter\u00edsticas Clave: Gabinete NEMA 4X Voltaje de entrada universal 100-240 VAC, 50\/60 Hz Hasta 20 salidas en la tarjeta, expandible a 990 salidas (con tarjetas de expansi\u00f3n) Indicadores LED de diagn\u00f3stico\/programaci\u00f3n que indica el estado del sistema \u00abde un vistazo\u00bb Terminaciones seguras para los dedos. Programaci\u00f3n simple a trav\u00e9s de un bot\u00f3n...<\/p>\n","protected":false},"author":1,"featured_media":41202,"parent":41161,"menu_order":0,"comment_status":"closed","ping_status":"closed","template":"template-product-detail.php","meta":{"_acf_changed":false,"footnotes":""},"class_list":["post-41200","page","type-page","status-publish","has-post-thumbnail","hentry"],"acf":[],"_links":{"self":[{"href":"https:\/\/camfilapc.com\/es\/wp-json\/wp\/v2\/pages\/41200","targetHints":{"allow":["GET"]}}],"collection":[{"href":"https:\/\/camfilapc.com\/es\/wp-json\/wp\/v2\/pages"}],"about":[{"href":"https:\/\/camfilapc.com\/es\/wp-json\/wp\/v2\/types\/page"}],"author":[{"embeddable":true,"href":"https:\/\/camfilapc.com\/es\/wp-json\/wp\/v2\/users\/1"}],"replies":[{"embeddable":true,"href":"https:\/\/camfilapc.com\/es\/wp-json\/wp\/v2\/comments?post=41200"}],"version-history":[{"count":0,"href":"https:\/\/camfilapc.com\/es\/wp-json\/wp\/v2\/pages\/41200\/revisions"}],"up":[{"embeddable":true,"href":"https:\/\/camfilapc.com\/es\/wp-json\/wp\/v2\/pages\/41161"}],"wp:featuredmedia":[{"embeddable":true,"href":"https:\/\/camfilapc.com\/es\/wp-json\/wp\/v2\/media\/41202"}],"wp:attachment":[{"href":"https:\/\/camfilapc.com\/es\/wp-json\/wp\/v2\/media?parent=41200"}],"curies":[{"name":"wp","href":"https:\/\/api.w.org\/{rel}","templated":true}]}}