{"id":41173,"date":"2017-09-22T13:05:03","date_gmt":"2017-09-22T17:05:03","guid":{"rendered":"https:\/\/camfilapc.com\/products\/accessories\/controllers\/"},"modified":"2023-03-21T14:28:03","modified_gmt":"2023-03-21T18:28:03","slug":"controllers","status":"publish","type":"page","link":"https:\/\/camfilapc.com\/es\/products\/accessories\/controllers\/","title":{"rendered":"Controles"},"content":{"rendered":"<div id=\"pl-41173\"  class=\"panel-layout\" ><div id=\"pg-41173-0\"  class=\"panel-grid panel-no-style\" ><div id=\"pgc-41173-0-0\"  class=\"panel-grid-cell\" ><div id=\"panel-41173-0-0-0\" class=\"so-panel widget widget_sow-headline panel-first-child\" data-index=\"0\" ><div id=\"product-name\" class=\"panel-widget-style panel-widget-style-for-41173-0-0-0\" ><div\n\t\t\t\n\t\t\tclass=\"so-widget-sow-headline so-widget-sow-headline-default-8913cd27cdbd-41173\"\n\t\t\t\n\t\t><div class=\"sow-headline-container \">\n\t\t\t\t\t\t\t<h2 class=\"sow-headline\">\n\t\t\t\t\t\tControlador de Pantalla Tactil Para Colectores de Polvo Industriales\t\t\t\t\t\t<\/h2>\n\t\t\t\t\t\t\t\t\t\t\t<div class=\"decoration\">\n\t\t\t\t\t\t<div class=\"decoration-inside\"><\/div>\n\t\t\t\t\t<\/div>\n\t\t\t\t\t<\/div>\n<\/div><\/div><\/div><div id=\"panel-41173-0-0-1\" class=\"widget_text so-panel widget widget_custom_html\" data-index=\"1\" ><div class=\"textwidget custom-html-widget\"><span class=\"content-lead\">Construido para:<\/span><a href=\"\/products\/dust-fume\/\">Polvo Y Vapores<\/a><\/div><\/div><div id=\"panel-41173-0-0-2\" class=\"so-panel widget widget_text\" data-index=\"2\" ><div id=\"category-product-key-features\" class=\"panel-widget-style panel-widget-style-for-41173-0-0-2\" >\t\t\t<div class=\"textwidget\"><p><span class=\"content-lead\">Caracteristicas Clave:<\/span><\/p>\n<ul>\n<li>4 entradas anal\u00f3gicas y 6 digitales.<\/li>\n<li>Moniteo de tensi\u00f3n para detectar irregularidades de fase y potencia.<\/li>\n<li>Monitoreo actual del consumo de energ\u00eda.<\/li>\n<li>Salida Anal\u00f3gica, para monitoreo remoto de la presi\u00f3n o para pasar a trav\u00e9s de una entrada anal\u00f3gica.<\/li>\n<li>4 Rel\u00e9s para operar alarmas remotas.<\/li>\n<li>Puertos: 1 USB, 1 RS232, 1 RS485<\/li>\n<li>Registro de datos de rendimiento del sistema.<\/li>\n<li>Las conexiones de solenoide solo requieren dos cables, independientemente del n\u00famero de solenoides<\/li>\n<li>M\u00faltiples idiomas y unidades<\/li>\n<li>La estructura plana del men\u00fa permite un acceso r\u00e1pido para ver y cambiar par\u00e1metros<\/li>\n<\/ul>\n<\/div>\n\t\t<\/div><\/div><div id=\"panel-41173-0-0-3\" class=\"so-panel widget widget_sow-button panel-last-child\" data-index=\"3\" ><div\n\t\t\t\n\t\t\tclass=\"so-widget-sow-button so-widget-sow-button-flat-f54c0409268f-41173\"\n\t\t\t\n\t\t><div class=\"ow-button-base ow-button-align-center\"\n>\n\t\t\t<a\n\t\t\t\t\thref=\"https:\/\/camfilapc.com\/es\/controllers-vacuum-request-quote-es\/\"\n\t\t\t\t\tclass=\"button-content sowb-button ow-icon-placement-left ow-button-hover\" id=\"btn-request-quote\" \t>\n\t\t<span>\n\t\t\t\n\t\t\tSolicitar Presupuesto\t\t<\/span>\n\t\t\t<\/a>\n\t<\/div>\n<\/div><\/div><\/div><div id=\"pgc-41173-0-1\"  class=\"panel-grid-cell\" ><div id=\"panel-41173-0-1-0\" class=\"so-panel widget panel-first-child panel-last-child\" data-index=\"4\" ><\/div><\/div><\/div><div id=\"pg-41173-1\"  class=\"panel-grid panel-has-style\" ><div id=\"product-full-detail\" class=\"panel-row-style panel-row-style-for-41173-1\" ><div id=\"pgc-41173-1-0\"  class=\"panel-grid-cell\" ><div id=\"panel-41173-1-0-0\" class=\"so-panel widget widget_sow-headline panel-first-child\" data-index=\"5\" ><div\n\t\t\t\n\t\t\tclass=\"so-widget-sow-headline so-widget-sow-headline-default-4d59ec8983cb-41173\"\n\t\t\t\n\t\t><div class=\"sow-headline-container \">\n\t\t\t\t\t\t\t<h3 class=\"sow-headline\">\n\t\t\t\t\t\tEL CONTROL GOLD SERIES CON PANTALLA T\u00c1CTIL EST\u00c1 DISE\u00d1ADO PARA SER AMIGABLE CON EL USUARIO, OFRECER MONITOREO Y CONTROL TOTAL DE TODAS LAS FUNCIONES DE SU COLECTOR DE POLVO Y EQUIPO ASOCIADO.\t\t\t\t\t\t<\/h3>\n\t\t\t\t\t\t<\/div>\n<\/div><\/div><div id=\"panel-41173-1-0-1\" class=\"so-panel widget widget_sow-editor panel-last-child\" data-index=\"6\" ><div id=\"main-p-column\" class=\"panel-widget-style panel-widget-style-for-41173-1-0-1\" ><div\n\t\t\t\n\t\t\tclass=\"so-widget-sow-editor so-widget-sow-editor-base\"\n\t\t\t\n\t\t>\n<div class=\"siteorigin-widget-tinymce textwidget\">\n\t<div id=\"attachment_9975\" style=\"width: 330px\" class=\"wp-caption alignright\"><img aria-describedby=\"caption-attachment-9975\" loading=\"lazy\" decoding=\"async\" class=\"wp-image-9975 size-full\" src=\"https:\/\/camfilapc.com\/wp-content\/uploads\/2017\/09\/TouchScreenController.jpg\" alt=\"\" width=\"320\" height=\"180\" srcset=\"https:\/\/camfilapc.com\/wp-content\/uploads\/2017\/09\/TouchScreenController.jpg 320w, https:\/\/camfilapc.com\/wp-content\/uploads\/2017\/09\/TouchScreenController-300x169.jpg 300w\" sizes=\"auto, (max-width: 320px) 100vw, 320px\" \/><p id=\"caption-attachment-9975\" class=\"wp-caption-text\">La vida es m\u00e1s f\u00e1cil con el control de pantalla t\u00e1ctil del Gold Series<\/p><\/div>\n<p>El dispositivo est\u00e1 equipado con una interfaz de usuario de pantalla t\u00e1ctil que permite acceder a todas sus funciones. Un sensor de presi\u00f3n diferencial incorporado controla la ca\u00edda de presi\u00f3n del filtro primario. Se pueden usar cuatro entradas anal\u00f3gicas para monitorear el filtro secundario junto con otros dispositivos como detectores de fugas, medidores de caudal y monitores de presi\u00f3n de aire comprimido.<\/p>\n<p>Esta unidad tambi\u00e9n contiene seis entradas digitales para entradas importantes como el nivel de la tolva, la detecci\u00f3n de humo, la limpieza remota y otras. Se proporcionan cuatro salidas de rel\u00e9 que se pueden usar para se\u00f1alar fallas desde cualquiera de las entradas digitales o anal\u00f3gicas y desde fallas internas del dispositivo.<\/p>\n<p>La salida de 4\u201320 miliamperios se puede usar para controlar de forma remota el caudal de aire o pasar a trav\u00e9s de cualquier entrada anal\u00f3gica a una ubicaci\u00f3n remota. El controlador tambi\u00e9n puede controlar el consumo de energ\u00eda de su ventilador.<\/p>\n<p><iframe loading=\"lazy\" title=\"Touch Screen Controller Setup Tutorial\" width=\"500\" height=\"281\" src=\"https:\/\/www.youtube.com\/embed\/tFpPXvsqNsw?feature=oembed\" frameborder=\"0\" allow=\"accelerometer; autoplay; clipboard-write; encrypted-media; gyroscope; picture-in-picture; web-share\" referrerpolicy=\"strict-origin-when-cross-origin\" allowfullscreen><\/iframe><\/p>\n<div id=\"sVim-command\" style=\"bottom: 0px; display: none;\">-- NORMAL --<\/div>\n<\/div>\n<\/div><\/div><\/div><\/div><div id=\"pgc-41173-1-1\"  class=\"panel-grid-cell\" ><div id=\"panel-41173-1-1-0\" class=\"so-panel widget widget_sow-headline panel-first-child\" data-index=\"7\" ><div id=\"heading-sidebar\" class=\"panel-widget-style panel-widget-style-for-41173-1-1-0\" ><div\n\t\t\t\n\t\t\tclass=\"so-widget-sow-headline so-widget-sow-headline-default-3be16cc9aca1-41173\"\n\t\t\t\n\t\t><div class=\"sow-headline-container \">\n\t\t\t\t\t\t\t<h3 class=\"sow-headline\">\n\t\t\t\t\t\tM\u00e1s Informaci\u00f3n\t\t\t\t\t\t<\/h3>\n\t\t\t\t\t\t\t\t\t\t\t<div class=\"decoration\">\n\t\t\t\t\t\t<div class=\"decoration-inside\"><\/div>\n\t\t\t\t\t<\/div>\n\t\t\t\t\t<\/div>\n<\/div><\/div><\/div><div id=\"panel-41173-1-1-1\" class=\"so-panel widget widget_sow-post-carousel panel-last-child\" data-index=\"8\" ><div id=\"sidebar-carousel\" class=\"panel-widget-style panel-widget-style-for-41173-1-1-1\" ><div\n\t\t\t\n\t\t\tclass=\"so-widget-sow-post-carousel so-widget-sow-post-carousel-base-c7dbb92dd929-41173\"\n\t\t\t\n\t\t>\t<div\n\t\tclass=\"sow-post-carousel-wrapper sow-post-carousel-theme-base\"\n\t\tstyle=\"overflow: hidden; max-width: 100%; min-height: 150px\"\n\t>\n\t\t<div class=\"sow-carousel-title has-title\">\n\t<h3 class=\"widget-title\">Literatura Descargable<\/h3>\t\t<div class=\"sow-carousel-navigation \">\n\t\t\t\t\t\t<a href=\"#\" class=\"sow-carousel-next\" title=\"Siguiente\" aria-label=\"Entradas siguientes\" role=\"button\"><\/a>\n\t\t\t\t\t\t<a href=\"#\" class=\"sow-carousel-previous\" title=\"Anterior\" aria-label=\"Entradas anteriores\" role=\"button\"><\/a>\n\t\t\t\t\t<\/div>\n\t<\/div>\n\n<div class=\"sow-carousel-container \">\n\t\t<div class=\"sow-carousel-wrapper\"\n\t\tdata-dir=\"ltr\"\n\t\tstyle=\"opacity: 0;\"\n\t\tdata-widget=\"post\" data-fetching=\"false\" data-page=\"1\" data-ajax-url=\"https:\/\/camfilapc.com\/wp-admin\/admin-ajax.php?_widgets_nonce=e6957e35b6\" data-item_count=\"1\" data-carousel_settings=\"{&quot;loop&quot;:true,&quot;animation&quot;:&quot;Ease&quot;,&quot;animation_speed&quot;:400,&quot;autoplay&quot;:&quot;&quot;,&quot;pauseOnHover&quot;:&quot;&quot;,&quot;autoplaySpeed&quot;:8000,&quot;item_overflow&quot;:true,&quot;autoplay_continuous_scroll&quot;:false}\" data-responsive=\"{&quot;desktop_slides_to_scroll&quot;:1,&quot;tablet_landscape_breakpoint&quot;:1366,&quot;tablet_landscape_slides_to_scroll&quot;:2,&quot;tablet_portrait_breakpoint&quot;:1025,&quot;tablet_portrait_slides_to_scroll&quot;:2,&quot;mobile_breakpoint&quot;:480,&quot;mobile_slides_to_scroll&quot;:1}\" data-variable_width=\"true\" \t>\n\t\t<div\n\t\t\tclass=\"sow-carousel-items\"\n\t\t\t\t\t>\n\t\t\t\t<div class=\"sow-carousel-item\" tabindex=\"-1\" style=\"float: left;\">\n\t\t<div class=\"sow-carousel-thumbnail\">\n\t\t\t\t\t\t\t<a\n\t\t\t\t\thref=\"https:\/\/camfilapc.com\/es\/download\/touch-screen-controller-farr-gold-series\/\"\n\t\t\t\t\t\t\t\t\t\tstyle=\"background-image: url( https:\/\/camfilapc.com\/wp-content\/uploads\/2017\/12\/touch-screen-controller-wp-thumb-150x150.jpg )\"\n\t\t\t\t\taria-labelledby=\"sow-carousel-id-46839\"\n\t\t\t\t\ttabindex=\"-1\"\n\t\t\t\t>\n\t\t\t\t\t<span class=\"overlay\"><\/span>\n\t\t\t\t<\/a>\n\t\t\t\t\t<\/div>\n\t\t<h3 class=\"sow-carousel-item-title\">\n\t\t\t<a\n\t\t\t\thref=\"https:\/\/camfilapc.com\/es\/download\/touch-screen-controller-farr-gold-series\/\"\n\t\t\t\tid=\"sow-carousel-id-46839\"\n\t\t\t\t\t\t\t\ttabindex=\"-1\"\n\t\t\t>\n\n\t\t\t\tTouch Screen Controller for the Gold Series \u00ae\t\t\t<\/a>\n\t\t<\/h3>\n\t<\/div>\n\t\t\t<\/div>\n\t\t\t<\/div>\n\n\t<\/div>\n\t\t<input type=\"hidden\" name=\"instance_hash\" value=\"12282859\"\/>\n\t<\/div>\n<\/div><\/div><\/div><\/div><\/div><\/div><\/div>","protected":false},"excerpt":{"rendered":"<p>Caracteristicas Clave: 4 entradas anal\u00f3gicas y 6 digitales. Moniteo de tensi\u00f3n para detectar irregularidades de fase y potencia. Monitoreo actual del consumo de energ\u00eda. Salida Anal\u00f3gica, para monitoreo remoto de la presi\u00f3n o para pasar a trav\u00e9s de una entrada anal\u00f3gica. 4 Rel\u00e9s para operar alarmas remotas. Puertos: 1 USB, 1 RS232, 1 RS485 Registro de datos de rendimiento del...<\/p>\n","protected":false},"author":1,"featured_media":0,"parent":41161,"menu_order":0,"comment_status":"closed","ping_status":"closed","template":"template-product-detail.php","meta":{"_acf_changed":false,"footnotes":""},"class_list":["post-41173","page","type-page","status-publish","hentry"],"acf":[],"_links":{"self":[{"href":"https:\/\/camfilapc.com\/es\/wp-json\/wp\/v2\/pages\/41173","targetHints":{"allow":["GET"]}}],"collection":[{"href":"https:\/\/camfilapc.com\/es\/wp-json\/wp\/v2\/pages"}],"about":[{"href":"https:\/\/camfilapc.com\/es\/wp-json\/wp\/v2\/types\/page"}],"author":[{"embeddable":true,"href":"https:\/\/camfilapc.com\/es\/wp-json\/wp\/v2\/users\/1"}],"replies":[{"embeddable":true,"href":"https:\/\/camfilapc.com\/es\/wp-json\/wp\/v2\/comments?post=41173"}],"version-history":[{"count":0,"href":"https:\/\/camfilapc.com\/es\/wp-json\/wp\/v2\/pages\/41173\/revisions"}],"up":[{"embeddable":true,"href":"https:\/\/camfilapc.com\/es\/wp-json\/wp\/v2\/pages\/41161"}],"wp:attachment":[{"href":"https:\/\/camfilapc.com\/es\/wp-json\/wp\/v2\/media?parent=41173"}],"curies":[{"name":"wp","href":"https:\/\/api.w.org\/{rel}","templated":true}]}}