{"id":41125,"date":"2017-09-22T13:09:46","date_gmt":"2017-09-22T17:09:46","guid":{"rendered":"https:\/\/camfilapc.com\/stinger\/"},"modified":"2023-03-21T14:14:53","modified_gmt":"2023-03-21T18:14:53","slug":"stinger","status":"publish","type":"page","link":"https:\/\/camfilapc.com\/es\/products\/accessories\/stinger\/","title":{"rendered":"V\u00e1lvulas de aislamiento de explosi\u00f3n Stinger"},"content":{"rendered":"<div id=\"pl-41125\"  class=\"panel-layout\" ><div id=\"pg-41125-0\"  class=\"panel-grid panel-no-style\" ><div id=\"pgc-41125-0-0\"  class=\"panel-grid-cell\" ><div id=\"panel-41125-0-0-0\" class=\"so-panel widget widget_sow-headline panel-first-child\" data-index=\"0\" ><div id=\"product-name\" class=\"panel-widget-style panel-widget-style-for-41125-0-0-0\" ><div\n\t\t\t\n\t\t\tclass=\"so-widget-sow-headline so-widget-sow-headline-default-8913cd27cdbd-41125\"\n\t\t\t\n\t\t><div class=\"sow-headline-container \">\n\t\t\t\t\t\t\t<h2 class=\"sow-headline\">\n\t\t\t\t\t\tValvulas de Aislamiento de Explosi\u00f3n Stinger<sup>TM<\/sup>\t\t\t\t\t\t<\/h2>\n\t\t\t\t\t\t\t\t\t\t\t<div class=\"decoration\">\n\t\t\t\t\t\t<div class=\"decoration-inside\"><\/div>\n\t\t\t\t\t<\/div>\n\t\t\t\t\t<\/div>\n<\/div><\/div><\/div><div id=\"panel-41125-0-0-1\" class=\"widget_text so-panel widget widget_custom_html\" data-index=\"1\" ><div class=\"textwidget custom-html-widget\"><span class=\"content-lead\">Construido para:<\/span><a href=\"\/products\/dust-fume\/\">Polvos & Humos Explosivos<\/a><\/div><\/div><div id=\"panel-41125-0-0-2\" class=\"so-panel widget widget_text\" data-index=\"2\" ><div id=\"category-product-key-features\" class=\"panel-widget-style panel-widget-style-for-41125-0-0-2\" >\t\t\t<div class=\"textwidget\"><p><span class=\"content-lead\">PRINCIPALES CARACTER\u00cdSTICAS:<\/span><\/p>\n<ul>\n<li>Sometida a Pruebas en laboratorios independientes seg\u00fan EN16447 para cumplir con NFPA 69<\/li>\n<li>M\u00ednimo mantenimiento requerido gracias al dise\u00f1o de activaci\u00f3n pasiva <\/li>\n<li>Una compuerta ligera reduce la ca\u00edda en presi\u00f3n y el consumo de energ\u00eda<\/li>\n<li>Dise\u00f1o de acero soldado resistente a la presi\u00f3n generada por la explosi\u00f3n<\/li>\n<li>Mecanismo de bloqueo autoajustable<\/li>\n<li>Puerta de inspecci\u00f3n de f\u00e1cil acceso<\/li>\n<li>Sensor de activaci\u00f3n (opcional)<\/li>\n<\/ul>\n<\/div>\n\t\t<\/div><\/div><div id=\"panel-41125-0-0-3\" class=\"so-panel widget widget_sow-button panel-last-child\" data-index=\"3\" ><div\n\t\t\t\n\t\t\tclass=\"so-widget-sow-button so-widget-sow-button-flat-f54c0409268f-41125\"\n\t\t\t\n\t\t><div class=\"ow-button-base ow-button-align-center\"\n>\n\t\t\t<a\n\t\t\t\t\thref=\"https:\/\/camfilapc.com\/es\/stinger-explosion-isolation-valves-request-quote-es\/\"\n\t\t\t\t\tclass=\"button-content sowb-button ow-icon-placement-left ow-button-hover\" id=\"btn-request-quote\" \t>\n\t\t<span>\n\t\t\t\n\t\t\tSolicitar Presupuesto\t\t<\/span>\n\t\t\t<\/a>\n\t<\/div>\n<\/div><\/div><\/div><div id=\"pgc-41125-0-1\"  class=\"panel-grid-cell\" ><div id=\"panel-41125-0-1-0\" class=\"so-panel widget panel-first-child panel-last-child\" data-index=\"4\" ><\/div><\/div><\/div><div id=\"pg-41125-1\"  class=\"panel-grid panel-has-style\" ><div id=\"product-full-detail\" class=\"panel-row-style panel-row-style-for-41125-1\" ><div id=\"pgc-41125-1-0\"  class=\"panel-grid-cell\" ><div id=\"panel-41125-1-0-0\" class=\"so-panel widget widget_sow-headline panel-first-child\" data-index=\"5\" ><div\n\t\t\t\n\t\t\tclass=\"so-widget-sow-headline so-widget-sow-headline-default-4d59ec8983cb-41125\"\n\t\t\t\n\t\t><div class=\"sow-headline-container \">\n\t\t\t\t\t\t\t<h3 class=\"sow-headline\">\n\t\t\t\t\t\tV\u00c1LVULA DE OPERACI\u00d3N PASIVA\t\t\t\t\t\t<\/h3>\n\t\t\t\t\t\t<\/div>\n<\/div><\/div><div id=\"panel-41125-1-0-1\" class=\"so-panel widget widget_sow-editor\" data-index=\"6\" ><div id=\"main-p-column\" class=\"panel-widget-style panel-widget-style-for-41125-1-0-1\" ><div\n\t\t\t\n\t\t\tclass=\"so-widget-sow-editor so-widget-sow-editor-base\"\n\t\t\t\n\t\t>\n<div class=\"siteorigin-widget-tinymce textwidget\">\n\t<p>La v\u00e1lvula de aislamiento Stinger previene que la llama y la presi\u00f3n de una explosi\u00f3n se propaguen a trav\u00e9s de los ductos hacia el \u00e1rea de proceso.<\/p>\n<h4>COMPUERTA ACTIVADA POR FLUJO<\/h4>\n<p><img loading=\"lazy\" decoding=\"async\" class=\" wp-image-17663 alignright\" src=\"https:\/\/camfilapc.com\/wp-content\/uploads\/2017\/12\/stinger-how-it-works-v2.jpg\" alt=\"\" width=\"455\" height=\"317\" \/><\/p>\n<p>El caudal de aire del proceso abre la compuerta de la v\u00e1lvula. La presi\u00f3n de explosi\u00f3n cierra y bloquea la compuerta, aislando la llama y la presi\u00f3n de la explosi\u00f3n del personal y de los equipo conectados al colector de Polvo.<\/p>\n<\/div>\n<\/div><\/div><\/div><div id=\"panel-41125-1-0-2\" class=\"so-panel widget widget_sow-editor panel-last-child\" data-index=\"7\" ><div id=\"main-p-column\" class=\"panel-widget-style panel-widget-style-for-41125-1-0-2\" ><div\n\t\t\t\n\t\t\tclass=\"so-widget-sow-editor so-widget-sow-editor-base\"\n\t\t\t\n\t\t>\n<div class=\"siteorigin-widget-tinymce textwidget\">\n\t<h4>VENTAJAS DE NUESTRA COMPUERTA PATENTADA<\/h4>\n<p><img loading=\"lazy\" decoding=\"async\" class=\" wp-image-14045 alignright\" src=\"https:\/\/camfilapc.com\/wp-content\/uploads\/2017\/09\/stinger_blade.jpg\" alt=\"\" width=\"297\" height=\"251\" srcset=\"https:\/\/camfilapc.com\/wp-content\/uploads\/2017\/09\/stinger_blade.jpg 500w, https:\/\/camfilapc.com\/wp-content\/uploads\/2017\/09\/stinger_blade-300x255.jpg 300w\" sizes=\"auto, (max-width: 297px) 100vw, 297px\" \/><\/p>\n<ul>\n<li>Ligera<\/li>\n<li>Genera m\u00ednima ca\u00edda de presi\u00f3n<\/li>\n<li>Cobertura retardante y antiest\u00e1tica de 3mm<\/li>\n<li>Alta resistencia<\/li>\n<li>Superficie lisa que reduce la posibilidad de acular polvo<\/li>\n<li>F\u00e1cil reemplazo<\/li>\n<li>Absorbe las fuerzas del impacto de una explosi\u00f3n<\/li>\n<\/ul>\n<\/div>\n<\/div><\/div><\/div><\/div><div id=\"pgc-41125-1-1\"  class=\"panel-grid-cell\" ><div id=\"panel-41125-1-1-0\" class=\"so-panel widget widget_ink-tabs panel-first-child\" data-index=\"8\" ><div\n\t\t\t\n\t\t\tclass=\"so-widget-ink-tabs so-widget-ink-tabs-tabs-a3eed0b39013-41125\"\n\t\t\t\n\t\t>\n<div class=\"iw-so-tabs iw-so-tabs-horizontal iw-so-tabs-default\">\n\n\t<ul class=\"iw-so-tabs-nav\">\n\n\t\t\t\t\t<li class=\"iw-so-tab-title iw-so-tab-active\" id=\"ink-tabs-4112510008-1\">\n\t\t\t\t<a href=\"#ink-tabs-4112510008-1-content\">\n\t\t\t\t\t\t\t\t\t\t<span class=\"iw-so-tab-text\">Fotos<\/span>\n\t\t\t\t<\/a>\n\t\t\t<\/li>\n\t\t\t\t\t\t\t\t\t\t\t<li class=\"iw-so-tab-title\" id=\"ink-tabs-4112510008-2\">\n\t\t\t\t<a href=\"#ink-tabs-4112510008-2-content\">\n\t\t\t\t\t\t\t\t\t\t<span class=\"iw-so-tab-text\">Videos<\/span>\n\t\t\t\t<\/a>\n\t\t\t<\/li>\n\t\t\t\t\t\t\t\t\n\t<\/ul>\n\n\t<div class=\"iw-so-tabs-content\">\n\n\t\t\t\t\t<div class=\"iw-so-tabs-panel iw-so-tab-active\" id=\"ink-tabs-4112510008-1-content\">\n\t\t\t\t<p><style type=\"text\/css\" scoped>.rbs_gallery_69d5ded065ac6Spinner{\r\n\t\t\t\tmargin: 50px auto;\r\n\t\t\t\twidth: 50px;\r\n\t\t\t\theight: 40px;\r\n\t\t\t\ttext-align: center;\r\n\t\t\t\tfont-size: 10px;\r\n\t\t\t}\r\n\t\t\t.rbs_gallery_69d5ded065ac6Spinner > div{\r\n\t\t\t  background-color: #333;\r\n\t\t\t  height: 100%;\r\n\t\t\t  width: 6px;\r\n\t\t\t  display: inline-block;\r\n\t\t\t  -webkit-animation: rbs_gallery_69d5ded065ac6-stretchdelay 1.2s infinite ease-in-out;\r\n\t\t\t  animation: rbs_gallery_69d5ded065ac6-stretchdelay 1.2s infinite ease-in-out;\r\n\t\t\t}\r\n\t\t\t.rbs_gallery_69d5ded065ac6Spinner .rbs_gallery_69d5ded065ac6Rect2 {\r\n\t\t\t  -webkit-animation-delay: -1.1s;\r\n\t\t\t  animation-delay: -1.1s;\r\n\t\t\t}\r\n\t\t\t.rbs_gallery_69d5ded065ac6Spinner .rbs_gallery_69d5ded065ac6Rect3 {\r\n\t\t\t  -webkit-animation-delay: -1.0s;\r\n\t\t\t  animation-delay: -1.0s;\r\n\t\t\t}\r\n\t\t\t.rbs_gallery_69d5ded065ac6Spinner .rbs_gallery_69d5ded065ac6Rect4 {\r\n\t\t\t  -webkit-animation-delay: -0.9s;\r\n\t\t\t  animation-delay: -0.9s;\r\n\t\t\t}\r\n\t\t\t.rbs_gallery_69d5ded065ac6Spinner .rbs_gallery_69d5ded065ac6Rect5 {\r\n\t\t\t  -webkit-animation-delay: -0.8s;\r\n\t\t\t  animation-delay: -0.8s;\r\n\t\t\t}\r\n\t\t\t@-webkit-keyframes rbs_gallery_69d5ded065ac6-stretchdelay {\r\n\t\t\t  0%, 40%, 100% { -webkit-transform: scaleY(0.4) }  \r\n\t\t\t  20% { -webkit-transform: scaleY(1.0) }\r\n\t\t\t}\r\n\t\t\t@keyframes rbs_gallery_69d5ded065ac6-stretchdelay {\r\n\t\t\t  0%, 40%, 100% { \r\n\t\t\t    transform: scaleY(0.4);\r\n\t\t\t    -webkit-transform: scaleY(0.4);\r\n\t\t\t  }  20% { \r\n\t\t\t    transform: scaleY(1.0);\r\n\t\t\t    -webkit-transform: scaleY(1.0);\r\n\t\t\t  }\r\n\t\t\t}\r\n\t\t<\/style><div class=\"robo-gallery-wrap robo-gallery-wrap-id13760 robo-gallery-\" ><div id=\"rbs_gallery_69d5ded065ac6-block-loader\" class=\"rbs_gallery_69d5ded065ac6Spinner\"><div class=\"rbs_gallery_69d5ded065ac6Rect1\"><\/div> <div class=\"rbs_gallery_69d5ded065ac6Rect2\"><\/div> <div class=\"rbs_gallery_69d5ded065ac6Rect3\"><\/div> <div class=\"rbs_gallery_69d5ded065ac6Rect4\"><\/div> <div class=\"rbs_gallery_69d5ded065ac6Rect5\"><\/div><\/div><div id=\"robo_gallery_main_block_rbs_gallery_69d5ded065ac6\" class=\"robogallery-gallery-13760\" style=\"width:100%;margin:0 auto;  display: none;\"><div id=\"rbs_gallery_69d5ded065ac6\" data-options=\"rbs_gallery_69d5ded065ac6\" style=\"width:100%;\" class=\"robo_gallery  \"><div class=\"rbs-img  category13760 \" ><div class=\"rbs-img-image   rbs-lightbox \" ><div class=\"rbs-img-thumbs\"  data-thumbnail=\"https:\/\/camfilapc.com\/wp-content\/uploads\/2017\/11\/1.-Main-Product-Image-Stinger-Camfil-APC-300x224.png\"  title=\"1. Main Product Image Stinger Camfil APC\"  data-width=\"225\"  data-height=\"140\" ><\/div><div class=\"rbs-img-data-popup\"  data-popup=\"https:\/\/camfilapc.com\/wp-content\/uploads\/2017\/11\/1.-Main-Product-Image-Stinger-Camfil-APC.png\"  title=\"1. Main Product Image Stinger Camfil APC\" ><\/div><div class=\"thumbnail-overlay\"><div class=\"rbsIcons\"><i class=\"fa fa-search-plus rbsZoomIcon \" ><\/i><\/div><\/div><\/div><\/div><div class=\"rbs-img  category13760 \" ><div class=\"rbs-img-image   rbs-lightbox \" ><div class=\"rbs-img-thumbs\"  data-thumbnail=\"https:\/\/camfilapc.com\/wp-content\/uploads\/2017\/11\/4.-Valve_Flap-Stinger-Camfil-APC-300x296.png\"  title=\"4. Valve_Flap Stinger Camfil APC\"  data-width=\"225\"  data-height=\"140\" ><\/div><div class=\"rbs-img-data-popup\"  data-popup=\"https:\/\/camfilapc.com\/wp-content\/uploads\/2017\/11\/4.-Valve_Flap-Stinger-Camfil-APC.png\"  title=\"4. Valve_Flap Stinger Camfil APC\" ><\/div><div class=\"thumbnail-overlay\"><div class=\"rbsIcons\"><i class=\"fa fa-search-plus rbsZoomIcon \" ><\/i><\/div><\/div><\/div><\/div><div class=\"rbs-img  category13760 \" ><div class=\"rbs-img-image   rbs-lightbox \" ><div class=\"rbs-img-thumbs\"  data-thumbnail=\"https:\/\/camfilapc.com\/wp-content\/uploads\/2017\/11\/3.-Flag-Stinger-Camfil-APC-300x255.png\"  title=\"3. Flag Stinger Camfil APC\"  data-width=\"225\"  data-height=\"140\" ><\/div><div class=\"rbs-img-data-popup\"  data-popup=\"https:\/\/camfilapc.com\/wp-content\/uploads\/2017\/11\/3.-Flag-Stinger-Camfil-APC.png\"  title=\"3. Flag Stinger Camfil APC\" ><\/div><div class=\"thumbnail-overlay\"><div class=\"rbsIcons\"><i class=\"fa fa-search-plus rbsZoomIcon \" ><\/i><\/div><\/div><\/div><\/div><div class=\"rbs-img  category13760 \" ><div class=\"rbs-img-image   rbs-lightbox \" ><div class=\"rbs-img-thumbs\"  data-thumbnail=\"https:\/\/camfilapc.com\/wp-content\/uploads\/2017\/11\/2.1-Function-Principle-Sitnger-Camfil-APC-300x197.png\"  title=\"2.1 Function Principle Sitnger Camfil APC\"  data-width=\"225\"  data-height=\"140\" ><\/div><div class=\"rbs-img-data-popup\"  data-popup=\"https:\/\/camfilapc.com\/wp-content\/uploads\/2017\/11\/2.1-Function-Principle-Sitnger-Camfil-APC.png\"  title=\"2.1 Function Principle Sitnger Camfil APC\" ><\/div><div class=\"thumbnail-overlay\"><div class=\"rbsIcons\"><i class=\"fa fa-search-plus rbsZoomIcon \" ><\/i><\/div><\/div><\/div><\/div><div class=\"rbs-img  category13760 \" ><div class=\"rbs-img-image   rbs-lightbox \" ><div class=\"rbs-img-thumbs\"  data-thumbnail=\"https:\/\/camfilapc.com\/wp-content\/uploads\/2017\/11\/2.2-Function-Principle-Stinger-Camfil-APC-300x197.png\"  title=\"2.2 Function Principle Stinger Camfil APC\"  data-width=\"225\"  data-height=\"140\" ><\/div><div class=\"rbs-img-data-popup\"  data-popup=\"https:\/\/camfilapc.com\/wp-content\/uploads\/2017\/11\/2.2-Function-Principle-Stinger-Camfil-APC.png\"  title=\"2.2 Function Principle Stinger Camfil APC\" ><\/div><div class=\"thumbnail-overlay\"><div class=\"rbsIcons\"><i class=\"fa fa-search-plus rbsZoomIcon \" ><\/i><\/div><\/div><\/div><\/div><div class=\"rbs-img  category13760 \" ><div class=\"rbs-img-image   rbs-lightbox \" ><div class=\"rbs-img-thumbs\"  data-thumbnail=\"https:\/\/camfilapc.com\/wp-content\/uploads\/2017\/11\/2.3-Function-Principle-Stinger-Camfil-APC-300x197.png\"  title=\"2.3 Function Principle Stinger Camfil APC\"  data-width=\"225\"  data-height=\"140\" ><\/div><div class=\"rbs-img-data-popup\"  data-popup=\"https:\/\/camfilapc.com\/wp-content\/uploads\/2017\/11\/2.3-Function-Principle-Stinger-Camfil-APC.png\"  title=\"2.3 Function Principle Stinger Camfil APC\" ><\/div><div class=\"thumbnail-overlay\"><div class=\"rbsIcons\"><i class=\"fa fa-search-plus rbsZoomIcon \" ><\/i><\/div><\/div><\/div><\/div><div class=\"rbs-img  category13760 \" ><div class=\"rbs-img-image   rbs-lightbox \" ><div class=\"rbs-img-thumbs\"  data-thumbnail=\"https:\/\/camfilapc.com\/wp-content\/uploads\/2017\/11\/2.4-Function-Principle-Stinger-Camfil-APC-300x197.png\"  title=\"2.4 Function Principle Stinger Camfil APC\"  data-width=\"225\"  data-height=\"140\" ><\/div><div class=\"rbs-img-data-popup\"  data-popup=\"https:\/\/camfilapc.com\/wp-content\/uploads\/2017\/11\/2.4-Function-Principle-Stinger-Camfil-APC.png\"  title=\"2.4 Function Principle Stinger Camfil APC\" ><\/div><div class=\"thumbnail-overlay\"><div class=\"rbsIcons\"><i class=\"fa fa-search-plus rbsZoomIcon \" ><\/i><\/div><\/div><\/div><\/div><\/div><\/div><\/div><script>var rbs_gallery_69d5ded065ac6 = {\"version\":\"5.1.4\",\"id\":13760,\"class\":\"id13760\",\"roboGalleryDelay\":1000,\"mainContainer\":\"#robo_gallery_main_block_rbs_gallery_69d5ded065ac6\",\"loadingContainer\":\"#rbs_gallery_69d5ded065ac6-block-loader\",\"loadingContainerObj\":\"rbs_gallery_69d5ded065ac6-block-loader\",\"columnWidth\":\"auto\",\"columns\":3,\"resolutions\":[{\"columnWidth\":\"auto\",\"columns\":3,\"maxWidth\":960},{\"columnWidth\":\"auto\",\"columns\":2,\"maxWidth\":650},{\"columnWidth\":\"auto\",\"columns\":1,\"maxWidth\":450}],\"descBox\":true,\"descBoxClass\":\"rbs_desc_panel_light\",\"hideTitle\":true,\"lightboxOptions\":{\"gallery\":{\"enabled\":true,\"tCounter\":\"%curr% of %total%\"}},\"borderSize\":1,\"overlayEffect\":\"fade\",\"boxesToLoadStart\":12,\"boxesToLoad\":8,\"LoadingWord\":\"Loading...\",\"loadMoreWord\":\"Load More\",\"noMoreEntriesWord\":\"No More Entries\",\"horizontalSpaceBetweenBoxes\":15,\"verticalSpaceBetweenBoxes\":15,\"lazyLoad\":0,\"wrapContainer\":\"#robo-gallery-wrap-rbs_gallery_69d5ded065ac6\"};<\/script><\/p>\n\t\t\t<\/div>\n\t\t\t\t\t\t\t\t\t\t\t<div class=\"iw-so-tabs-panel\" id=\"ink-tabs-4112510008-2-content\">\n\t\t\t\t<div>       <\/div><style type=\"text\/css\" scoped>.rbs_gallery_69d5ded06e6baSpinner{\r\n\t\t\t\tmargin: 50px auto;\r\n\t\t\t\twidth: 50px;\r\n\t\t\t\theight: 40px;\r\n\t\t\t\ttext-align: center;\r\n\t\t\t\tfont-size: 10px;\r\n\t\t\t}\r\n\t\t\t.rbs_gallery_69d5ded06e6baSpinner > div{\r\n\t\t\t  background-color: #333;\r\n\t\t\t  height: 100%;\r\n\t\t\t  width: 6px;\r\n\t\t\t  display: inline-block;\r\n\t\t\t  -webkit-animation: rbs_gallery_69d5ded06e6ba-stretchdelay 1.2s infinite ease-in-out;\r\n\t\t\t  animation: rbs_gallery_69d5ded06e6ba-stretchdelay 1.2s infinite ease-in-out;\r\n\t\t\t}\r\n\t\t\t.rbs_gallery_69d5ded06e6baSpinner .rbs_gallery_69d5ded06e6baRect2 {\r\n\t\t\t  -webkit-animation-delay: -1.1s;\r\n\t\t\t  animation-delay: -1.1s;\r\n\t\t\t}\r\n\t\t\t.rbs_gallery_69d5ded06e6baSpinner .rbs_gallery_69d5ded06e6baRect3 {\r\n\t\t\t  -webkit-animation-delay: -1.0s;\r\n\t\t\t  animation-delay: -1.0s;\r\n\t\t\t}\r\n\t\t\t.rbs_gallery_69d5ded06e6baSpinner .rbs_gallery_69d5ded06e6baRect4 {\r\n\t\t\t  -webkit-animation-delay: -0.9s;\r\n\t\t\t  animation-delay: -0.9s;\r\n\t\t\t}\r\n\t\t\t.rbs_gallery_69d5ded06e6baSpinner .rbs_gallery_69d5ded06e6baRect5 {\r\n\t\t\t  -webkit-animation-delay: -0.8s;\r\n\t\t\t  animation-delay: -0.8s;\r\n\t\t\t}\r\n\t\t\t@-webkit-keyframes rbs_gallery_69d5ded06e6ba-stretchdelay {\r\n\t\t\t  0%, 40%, 100% { -webkit-transform: scaleY(0.4) }  \r\n\t\t\t  20% { -webkit-transform: scaleY(1.0) }\r\n\t\t\t}\r\n\t\t\t@keyframes rbs_gallery_69d5ded06e6ba-stretchdelay {\r\n\t\t\t  0%, 40%, 100% { \r\n\t\t\t    transform: scaleY(0.4);\r\n\t\t\t    -webkit-transform: scaleY(0.4);\r\n\t\t\t  }  20% { \r\n\t\t\t    transform: scaleY(1.0);\r\n\t\t\t    -webkit-transform: scaleY(1.0);\r\n\t\t\t  }\r\n\t\t\t}\r\n\t\t<\/style><div class=\"robo-gallery-wrap robo-gallery-wrap-id27436 robo-gallery-\" ><div id=\"rbs_gallery_69d5ded06e6ba-block-loader\" class=\"rbs_gallery_69d5ded06e6baSpinner\"><div class=\"rbs_gallery_69d5ded06e6baRect1\"><\/div> <div class=\"rbs_gallery_69d5ded06e6baRect2\"><\/div> <div class=\"rbs_gallery_69d5ded06e6baRect3\"><\/div> <div class=\"rbs_gallery_69d5ded06e6baRect4\"><\/div> <div class=\"rbs_gallery_69d5ded06e6baRect5\"><\/div><\/div><div id=\"robo_gallery_main_block_rbs_gallery_69d5ded06e6ba\" class=\"robogallery-gallery-27436\" style=\"width:100%;  display: none;\"><div id=\"rbs_gallery_69d5ded06e6ba\" data-options=\"rbs_gallery_69d5ded06e6ba\" style=\"width:100%;\" class=\"robo_gallery  \"><div class=\"rbs-img  category27436 \"  data-columns=\"1\" ><div class=\"rbs-img-image   rbs-lightbox \" ><div class=\"rbs-img-thumbs\"  data-thumbnail=\"https:\/\/camfilapc.com\/wp-content\/uploads\/2018\/04\/stinger-video-thumb.jpg\"  title=\"stinger-video-thumb\"  data-width=\"300\"  data-height=\"169\" ><\/div><div class=\"rbs-img-data-popup\"  data-popup=\"https:\/\/youtube.com\/v=VXyAba_fJw0\"  data-type=\"iframe\"  title=\"\" ><\/div><div class=\"thumbnail-overlay\"><div class=\"rbsIcons\"><i class=\"fa fa-search-plus rbsZoomIcon \" ><\/i><\/div><\/div><\/div><\/div><\/div><\/div><\/div><script>var rbs_gallery_69d5ded06e6ba = {\"version\":\"5.1.4\",\"id\":27436,\"class\":\"id27436\",\"roboGalleryDelay\":1000,\"mainContainer\":\"#robo_gallery_main_block_rbs_gallery_69d5ded06e6ba\",\"loadingContainer\":\"#rbs_gallery_69d5ded06e6ba-block-loader\",\"loadingContainerObj\":\"rbs_gallery_69d5ded06e6ba-block-loader\",\"columnWidth\":\"auto\",\"columns\":2,\"resolutions\":[{\"columnWidth\":\"auto\",\"columns\":3,\"maxWidth\":960},{\"columnWidth\":\"auto\",\"columns\":2,\"maxWidth\":650},{\"columnWidth\":\"auto\",\"columns\":1,\"maxWidth\":450}],\"lightboxOptions\":{\"gallery\":{\"enabled\":true,\"tCounter\":\"%curr% of %total%\"}},\"borderSize\":2,\"overlayEffect\":\"fade\",\"boxesToLoadStart\":5,\"boxesToLoad\":5,\"LoadingWord\":\"Loading...\",\"loadMoreWord\":\"Load More\",\"noMoreEntriesWord\":\"No More Entries\",\"horizontalSpaceBetweenBoxes\":10,\"verticalSpaceBetweenBoxes\":10,\"lazyLoad\":0,\"wrapContainer\":\"#robo-gallery-wrap-rbs_gallery_69d5ded06e6ba\"};<\/script><div>       <\/div>\t\t\t<\/div>\n\t\t\t\t\t\t\t\t\n\t<\/div>\n\n<\/div>\n<\/div><\/div><div id=\"panel-41125-1-1-1\" class=\"so-panel widget widget_sow-headline\" data-index=\"9\" ><div id=\"heading-sidebar\" class=\"panel-widget-style panel-widget-style-for-41125-1-1-1\" ><div\n\t\t\t\n\t\t\tclass=\"so-widget-sow-headline so-widget-sow-headline-default-3be16cc9aca1-41125\"\n\t\t\t\n\t\t><div class=\"sow-headline-container \">\n\t\t\t\t\t\t\t<h3 class=\"sow-headline\">\n\t\t\t\t\t\tInformaci\u00f3n Adicional\t\t\t\t\t\t<\/h3>\n\t\t\t\t\t\t\t\t\t\t\t<div class=\"decoration\">\n\t\t\t\t\t\t<div class=\"decoration-inside\"><\/div>\n\t\t\t\t\t<\/div>\n\t\t\t\t\t<\/div>\n<\/div><\/div><\/div><div id=\"panel-41125-1-1-2\" class=\"so-panel widget widget_sow-post-carousel\" data-index=\"10\" ><div id=\"sidebar-carousel\" class=\"panel-widget-style panel-widget-style-for-41125-1-1-2\" ><div\n\t\t\t\n\t\t\tclass=\"so-widget-sow-post-carousel so-widget-sow-post-carousel-base-c7dbb92dd929-41125\"\n\t\t\t\n\t\t>\t<div\n\t\tclass=\"sow-post-carousel-wrapper sow-post-carousel-theme-base\"\n\t\tstyle=\"overflow: hidden; max-width: 100%; min-height: 150px\"\n\t>\n\t\t<div class=\"sow-carousel-title has-title\">\n\t<h3 class=\"widget-title\">Literatura Descargable<\/h3>\t\t<div class=\"sow-carousel-navigation \">\n\t\t\t\t\t\t<a href=\"#\" class=\"sow-carousel-next\" title=\"Siguiente\" aria-label=\"Entradas siguientes\" role=\"button\"><\/a>\n\t\t\t\t\t\t<a href=\"#\" class=\"sow-carousel-previous\" title=\"Anterior\" aria-label=\"Entradas anteriores\" role=\"button\"><\/a>\n\t\t\t\t\t<\/div>\n\t<\/div>\n\n<div class=\"sow-carousel-container \">\n\t\t<div class=\"sow-carousel-wrapper\"\n\t\tdata-dir=\"ltr\"\n\t\tstyle=\"opacity: 0;\"\n\t\tdata-widget=\"post\" data-fetching=\"false\" data-page=\"1\" data-ajax-url=\"https:\/\/camfilapc.com\/wp-admin\/admin-ajax.php?_widgets_nonce=5f0d44c761\" data-item_count=\"3\" data-carousel_settings=\"{&quot;loop&quot;:true,&quot;animation&quot;:&quot;Ease&quot;,&quot;animation_speed&quot;:400,&quot;autoplay&quot;:&quot;&quot;,&quot;pauseOnHover&quot;:&quot;&quot;,&quot;autoplaySpeed&quot;:8000,&quot;item_overflow&quot;:true,&quot;autoplay_continuous_scroll&quot;:false}\" data-responsive=\"{&quot;desktop_slides_to_scroll&quot;:1,&quot;tablet_landscape_breakpoint&quot;:1366,&quot;tablet_landscape_slides_to_scroll&quot;:2,&quot;tablet_portrait_breakpoint&quot;:1025,&quot;tablet_portrait_slides_to_scroll&quot;:2,&quot;mobile_breakpoint&quot;:480,&quot;mobile_slides_to_scroll&quot;:1}\" data-variable_width=\"true\" \t>\n\t\t<div\n\t\t\tclass=\"sow-carousel-items\"\n\t\t\t\t\t>\n\t\t\t\t<div class=\"sow-carousel-item\" tabindex=\"-1\" style=\"float: left;\">\n\t\t<div class=\"sow-carousel-thumbnail\">\n\t\t\t\t\t\t\t<a\n\t\t\t\t\thref=\"https:\/\/camfilapc.com\/es\/download\/brochure-stinger-explosion-isolation-valve\/\"\n\t\t\t\t\t\t\t\t\t\tstyle=\"background-image: url( https:\/\/camfilapc.com\/wp-content\/uploads\/2017\/11\/stinger-brochure-150x150.jpg )\"\n\t\t\t\t\taria-labelledby=\"sow-carousel-id-47029\"\n\t\t\t\t\ttabindex=\"-1\"\n\t\t\t\t>\n\t\t\t\t\t<span class=\"overlay\"><\/span>\n\t\t\t\t<\/a>\n\t\t\t\t\t<\/div>\n\t\t<h3 class=\"sow-carousel-item-title\">\n\t\t\t<a\n\t\t\t\thref=\"https:\/\/camfilapc.com\/es\/download\/brochure-stinger-explosion-isolation-valve\/\"\n\t\t\t\tid=\"sow-carousel-id-47029\"\n\t\t\t\t\t\t\t\ttabindex=\"-1\"\n\t\t\t>\n\n\t\t\t\tBrochure - Stinger Explosion Isolation Valve\t\t\t<\/a>\n\t\t<\/h3>\n\t<\/div>\n\t\t<div class=\"sow-carousel-item\" tabindex=\"-1\" style=\"float: left;\">\n\t\t<div class=\"sow-carousel-thumbnail\">\n\t\t\t\t\t\t\t<a\n\t\t\t\t\thref=\"https:\/\/camfilapc.com\/es\/download\/stinger-application-verification-form\/\"\n\t\t\t\t\t\t\t\t\t\tstyle=\"background-image: url( https:\/\/camfilapc.com\/wp-content\/uploads\/2017\/11\/stinger-app-form-150x150.jpg )\"\n\t\t\t\t\taria-labelledby=\"sow-carousel-id-47031\"\n\t\t\t\t\ttabindex=\"-1\"\n\t\t\t\t>\n\t\t\t\t\t<span class=\"overlay\"><\/span>\n\t\t\t\t<\/a>\n\t\t\t\t\t<\/div>\n\t\t<h3 class=\"sow-carousel-item-title\">\n\t\t\t<a\n\t\t\t\thref=\"https:\/\/camfilapc.com\/es\/download\/stinger-application-verification-form\/\"\n\t\t\t\tid=\"sow-carousel-id-47031\"\n\t\t\t\t\t\t\t\ttabindex=\"-1\"\n\t\t\t>\n\n\t\t\t\tStinger Application Verification Form\t\t\t<\/a>\n\t\t<\/h3>\n\t<\/div>\n\t\t<div class=\"sow-carousel-item\" tabindex=\"-1\" style=\"float: left;\">\n\t\t<div class=\"sow-carousel-thumbnail\">\n\t\t\t\t\t\t\t<a\n\t\t\t\t\thref=\"https:\/\/camfilapc.com\/es\/download\/instruction-manual-stinger-isolation-valves\/\"\n\t\t\t\t\t\t\t\t\t\tstyle=\"background-image: url( https:\/\/camfilapc.com\/wp-content\/uploads\/2017\/11\/stinger-IOM-150x150.jpg )\"\n\t\t\t\t\taria-labelledby=\"sow-carousel-id-47033\"\n\t\t\t\t\ttabindex=\"-1\"\n\t\t\t\t>\n\t\t\t\t\t<span class=\"overlay\"><\/span>\n\t\t\t\t<\/a>\n\t\t\t\t\t<\/div>\n\t\t<h3 class=\"sow-carousel-item-title\">\n\t\t\t<a\n\t\t\t\thref=\"https:\/\/camfilapc.com\/es\/download\/instruction-manual-stinger-isolation-valves\/\"\n\t\t\t\tid=\"sow-carousel-id-47033\"\n\t\t\t\t\t\t\t\ttabindex=\"-1\"\n\t\t\t>\n\n\t\t\t\tInstruction Manual - Stinger Isolation Valves\t\t\t<\/a>\n\t\t<\/h3>\n\t<\/div>\n\t\t\t<\/div>\n\t\t\t<\/div>\n\n\t<\/div>\n\t\t<input type=\"hidden\" name=\"instance_hash\" value=\"6b22ddf8\"\/>\n\t<\/div>\n<\/div><\/div><\/div><div id=\"panel-41125-1-1-3\" class=\"widget_text so-panel widget widget_custom_html panel-last-child\" data-index=\"11\" ><div id=\"btn-view-all\" class=\"widget_text panel-widget-style panel-widget-style-for-41125-1-1-3\" ><div class=\"textwidget custom-html-widget\"><a class=\"spu-open-47436\" href=\"#\">Ver toda la literatura para <\/a><\/div><\/div><\/div><\/div><\/div><\/div><\/div>","protected":false},"excerpt":{"rendered":"<p>PRINCIPALES CARACTER\u00cdSTICAS: Sometida a Pruebas en laboratorios independientes seg\u00fan EN16447 para cumplir con NFPA 69 M\u00ednimo mantenimiento requerido gracias al dise\u00f1o de activaci\u00f3n pasiva Una compuerta ligera reduce la ca\u00edda en presi\u00f3n y el consumo de energ\u00eda Dise\u00f1o de acero soldado resistente a la presi\u00f3n generada por la explosi\u00f3n Mecanismo de bloqueo autoajustable Puerta de inspecci\u00f3n de f\u00e1cil acceso Sensor...<\/p>\n","protected":false},"author":1,"featured_media":41128,"parent":41161,"menu_order":0,"comment_status":"closed","ping_status":"closed","template":"","meta":{"_acf_changed":false,"footnotes":""},"class_list":["post-41125","page","type-page","status-publish","has-post-thumbnail","hentry"],"acf":[],"_links":{"self":[{"href":"https:\/\/camfilapc.com\/es\/wp-json\/wp\/v2\/pages\/41125","targetHints":{"allow":["GET"]}}],"collection":[{"href":"https:\/\/camfilapc.com\/es\/wp-json\/wp\/v2\/pages"}],"about":[{"href":"https:\/\/camfilapc.com\/es\/wp-json\/wp\/v2\/types\/page"}],"author":[{"embeddable":true,"href":"https:\/\/camfilapc.com\/es\/wp-json\/wp\/v2\/users\/1"}],"replies":[{"embeddable":true,"href":"https:\/\/camfilapc.com\/es\/wp-json\/wp\/v2\/comments?post=41125"}],"version-history":[{"count":0,"href":"https:\/\/camfilapc.com\/es\/wp-json\/wp\/v2\/pages\/41125\/revisions"}],"up":[{"embeddable":true,"href":"https:\/\/camfilapc.com\/es\/wp-json\/wp\/v2\/pages\/41161"}],"wp:featuredmedia":[{"embeddable":true,"href":"https:\/\/camfilapc.com\/es\/wp-json\/wp\/v2\/media\/41128"}],"wp:attachment":[{"href":"https:\/\/camfilapc.com\/es\/wp-json\/wp\/v2\/media?parent=41125"}],"curies":[{"name":"wp","href":"https:\/\/api.w.org\/{rel}","templated":true}]}}