{"id":41102,"date":"2017-09-22T13:07:09","date_gmt":"2017-09-22T17:07:09","guid":{"rendered":"https:\/\/camfilapc.com\/explosion-vents\/"},"modified":"2023-03-21T13:56:57","modified_gmt":"2023-03-21T17:56:57","slug":"explosion-vents","status":"publish","type":"page","link":"https:\/\/camfilapc.com\/es\/products\/accessories\/explosion-vents\/","title":{"rendered":"VENTILAS DE EXPLOSI\u00d3N"},"content":{"rendered":"<div id=\"pl-41102\"  class=\"panel-layout\" ><div id=\"pg-41102-0\"  class=\"panel-grid panel-no-style\" ><div id=\"pgc-41102-0-0\"  class=\"panel-grid-cell\" ><div id=\"panel-41102-0-0-0\" class=\"so-panel widget widget_sow-headline panel-first-child\" data-index=\"0\" ><div id=\"product-name\" class=\"panel-widget-style panel-widget-style-for-41102-0-0-0\" ><div\n\t\t\t\n\t\t\tclass=\"so-widget-sow-headline so-widget-sow-headline-default-8913cd27cdbd-41102\"\n\t\t\t\n\t\t><div class=\"sow-headline-container \">\n\t\t\t\t\t\t\t<h2 class=\"sow-headline\">\n\t\t\t\t\t\tVENTILAS DE EXPLOSION PARA COLECTORES DE POLVO\t\t\t\t\t\t<\/h2>\n\t\t\t\t\t\t\t\t\t\t\t<div class=\"decoration\">\n\t\t\t\t\t\t<div class=\"decoration-inside\"><\/div>\n\t\t\t\t\t<\/div>\n\t\t\t\t\t<\/div>\n<\/div><\/div><\/div><div id=\"panel-41102-0-0-1\" class=\"widget_text so-panel widget widget_custom_html\" data-index=\"1\" ><div class=\"textwidget custom-html-widget\"><span class=\"content-lead\">Construido para:<\/span><a href=\"\/products\/dust-fume\/\">Polvos y Humos Explosivos<\/a><\/div><\/div><div id=\"panel-41102-0-0-2\" class=\"so-panel widget widget_sow-editor panel-last-child\" data-index=\"2\" ><div id=\"category-product-applications\" class=\"panel-widget-style panel-widget-style-for-41102-0-0-2\" ><div\n\t\t\t\n\t\t\tclass=\"so-widget-sow-editor so-widget-sow-editor-base\"\n\t\t\t\n\t\t>\n<div class=\"siteorigin-widget-tinymce textwidget\">\n\t<p><span class=\"content-lead\">Aplicaciones:<\/span><\/p>\n<ul>\n<li><a href=\"https:\/\/camfilapc.com\/applications\/abrasive-blasting\/\">Granallado<\/a><\/li>\n<li><a href=\"https:\/\/camfilapc.com\/applications\/thermal-spray\/\">Metalizado<\/a><\/li>\n<li><a href=\"https:\/\/camfilapc.com\/applications\/chemical-processing\/\">Qu\u00edmicos<\/a><\/li>\n<li><a href=\"https:\/\/camfilapc.com\/applications\/food-beverage\/\">Procesamiento de alimentos<\/a><\/li>\n<li><a href=\"https:\/\/camfilapc.com\/products\/accessories\/pharmaceutical\/\">Farmac\u00e9utica<\/a><\/li>\n<li>Carpinter\u00eda<\/li>\n<li>Procesamiento de granos<\/li>\n<li>Rectificado de aluminio<\/li>\n<li><a href=\"https:\/\/camfilapc.com\/applications\/laser-plasma-cutting\/\">Corte de Metales<\/a><\/li>\n<\/ul>\n<\/div>\n<\/div><\/div><\/div><\/div><div id=\"pgc-41102-0-1\"  class=\"panel-grid-cell\" ><div id=\"panel-41102-0-1-0\" class=\"so-panel widget panel-first-child panel-last-child\" data-index=\"3\" ><\/div><\/div><\/div><div id=\"pg-41102-1\"  class=\"panel-grid panel-has-style\" ><div id=\"product-full-detail\" class=\"panel-row-style panel-row-style-for-41102-1\" ><div id=\"pgc-41102-1-0\"  class=\"panel-grid-cell\" ><div id=\"panel-41102-1-0-0\" class=\"so-panel widget widget_sow-headline panel-first-child\" data-index=\"4\" ><div\n\t\t\t\n\t\t\tclass=\"so-widget-sow-headline so-widget-sow-headline-default-4d59ec8983cb-41102\"\n\t\t\t\n\t\t><div class=\"sow-headline-container \">\n\t\t\t\t\t\t\t<h3 class=\"sow-headline\">\n\t\t\t\t\t\tEL COLECTOR GOLD SERIES PROTEGE SUS INSTALACIONES DE EXPLOSIONES DE POLVO POTENCIALMENTE LETALES\t\t\t\t\t\t<\/h3>\n\t\t\t\t\t\t<\/div>\n<\/div><\/div><div id=\"panel-41102-1-0-1\" class=\"so-panel widget widget_sow-editor\" data-index=\"5\" ><div id=\"main-p-column\" class=\"panel-widget-style panel-widget-style-for-41102-1-0-1\" ><div\n\t\t\t\n\t\t\tclass=\"so-widget-sow-editor so-widget-sow-editor-base\"\n\t\t\t\n\t\t>\n<div class=\"siteorigin-widget-tinymce textwidget\">\n\t<div id=\"attachment_23288\" style=\"width: 289px\" class=\"wp-caption alignright\"><img aria-describedby=\"caption-attachment-23288\" loading=\"lazy\" decoding=\"async\" class=\"wp-image-23288 size-full\" src=\"https:\/\/camfilapc.com\/wp-content\/uploads\/2018\/02\/GS_Explosion-Vent-beauty-shot.jpg\" alt=\"\" width=\"279\" height=\"264\" \/><p id=\"caption-attachment-23288\" class=\"wp-caption-text\">Ventila de Explosion de alto desempe\u00f1o<\/p><\/div>\n<p>La seguridad de los empleados es siempre una prioridad en el dise\u00f1o de los colectores de polvo Camfil APC; desde nuestro sistema patentado de puertas Cambar que permite cambios de filtro r\u00e1pidos, seguros y sin problemas (sin herramientas) hasta una construcci\u00f3n duradera con el acero calibres 7 y10, que lo hacen el colector de polvo m\u00e1s resistente del mercado.<\/p>\n<p>No permita que sus empleados corran riesgos debido a factores de costo! El equipo de expertos de Camfil APC puede adaptar el \"X-vent\" a su colector de polvo Camfil APC existente, brindando as\u00ed una soluci\u00f3n rentable y tambi\u00e9n puede proporcionarle una gu\u00eda experta sobre los requisitos necesarios en su sistema de ductos.<\/p>\n<p>A continuaci\u00f3n, encontrara algunos enlaces relacionados con explosiones y regulaciones ambientales en Europa y Estados Unidos:<\/p>\n<ul>\n<li><a href=\"http:\/\/www.hse.gov.uk\/lev\/index.htm\" rel=\"noopener\">Health &amp; Safety Executive: Local Exhaust Ventilation Systems<\/a><\/li>\n<li><a href=\"http:\/\/ec.europa.eu\/growth\/sectors\/mechanical-engineering\/\" rel=\"noopener\">European Commission: Equipment Intended for Use in Potentially Explosive Atmospheres<\/a><\/li>\n<li><a href=\"http:\/\/www.hse.gov.uk\/food\/dustexplosion.htm\" rel=\"noopener\">Health &amp; Safety Executive: Prevention of Dust Explosions in the Food Industry<\/a><\/li>\n<li><a href=\"http:\/\/www.hse.gov.uk\/comah\/sragtech\/techmeasexplosio.htm\" rel=\"noopener\">Health &amp; Safety Executive: Explosion Relief<\/a><\/li>\n<\/ul>\n<\/div>\n<\/div><\/div><\/div><div id=\"panel-41102-1-0-2\" class=\"so-panel widget widget_sow-editor panel-last-child\" data-index=\"6\" ><div id=\"main-p-column\" class=\"panel-widget-style panel-widget-style-for-41102-1-0-2\" ><div\n\t\t\t\n\t\t\tclass=\"so-widget-sow-editor so-widget-sow-editor-base\"\n\t\t\t\n\t\t>\n<div class=\"siteorigin-widget-tinymce textwidget\">\n\t<div id=\"attachment_10253\" style=\"width: 250px\" class=\"wp-caption alignright\"><img aria-describedby=\"caption-attachment-10253\" loading=\"lazy\" decoding=\"async\" class=\"wp-image-10253\" src=\"https:\/\/camfilapc.com\/wp-content\/uploads\/2017\/09\/high-performance-flameless-x-vent.jpg\" alt=\"\" width=\"240\" height=\"202\" \/><p id=\"caption-attachment-10253\" class=\"wp-caption-text\">Accesorio arrestallama para Ventilas de Explosi\u00f3n<\/p><\/div>\n<p>Los\u00a0<a href=\"https:\/\/camfilapc.com\/products\/dust-fume\/farr-gold-series\/\">colectores de polvo Gold<\/a> Series\u00a0de Camfil APC siempre han tenido un excelente rendimiento (comprobado, que excede las normas de salud ocupacional) en la prevenci\u00f3n de la acumulaci\u00f3n de polvo combustible peligroso y ahora, con la adici\u00f3n de la ventila de explosi\u00f3n, ayudan a proteger el ambientes de trabajo al reducir la posibilidad de una explosi\u00f3n de polvo.<\/p>\n<p>\u00a1<a href=\"https:\/\/camfilapc.com\/contact-us\/\">Cont\u00e1ctenos<\/a> hoy para una <a href=\"https:\/\/camfilapc.com\/contact-us\/free-site-demonstrations\/\">demostraci\u00f3n en vivo<\/a>!<\/p>\n<\/div>\n<\/div><\/div><\/div><\/div><div id=\"pgc-41102-1-1\"  class=\"panel-grid-cell\" ><div id=\"panel-41102-1-1-0\" class=\"so-panel widget widget_sow-button panel-first-child\" data-index=\"7\" ><div\n\t\t\t\n\t\t\tclass=\"so-widget-sow-button so-widget-sow-button-flat-f54c0409268f-41102\"\n\t\t\t\n\t\t><div class=\"ow-button-base ow-button-align-center\"\n>\n\t\t\t<a href=\"https:\/\/camfilapc.com\/es\/explosion-vents-request-quote-es\/\" class=\"button-content sowb-button ow-icon-placement-left ow-button-hover\" id=\"btn-request-quote\">\n\t\t<span>\n\t\t\t\n\t\t\tSolicitar Presupuesto\t\t<\/span>\n\t\t\t<\/a>\n\t<\/div>\n<\/div><\/div><div id=\"panel-41102-1-1-1\" class=\"so-panel widget widget_sow-post-carousel panel-last-child\" data-index=\"8\" ><div\n\t\t\t\n\t\t\tclass=\"so-widget-sow-post-carousel so-widget-sow-post-carousel-base-c7dbb92dd929-41102\"\n\t\t\t\n\t\t>\t<div\n\t\tclass=\"sow-post-carousel-wrapper sow-post-carousel-theme-base\"\n\t\tstyle=\"overflow: hidden; max-width: 100%; min-height: 150px\"\n\t>\n\t\t<div class=\"sow-carousel-title\">\n\t\t\t<div class=\"sow-carousel-navigation \">\n\t\t\t\t\t\t<a href=\"#\" class=\"sow-carousel-next\" title=\"Siguiente\" aria-label=\"Entradas siguientes\" role=\"button\"><\/a>\n\t\t\t\t\t\t<a href=\"#\" class=\"sow-carousel-previous\" title=\"Anterior\" aria-label=\"Entradas anteriores\" role=\"button\"><\/a>\n\t\t\t\t\t<\/div>\n\t<\/div>\n\n<div class=\"sow-carousel-container \">\n\t\t<div class=\"sow-carousel-wrapper\"\n\t\tdata-dir=\"ltr\"\n\t\tstyle=\"opacity: 0;\"\n\t\tdata-widget=\"post\" data-fetching=\"false\" data-page=\"1\" data-ajax-url=\"https:\/\/camfilapc.com\/wp-admin\/admin-ajax.php?_widgets_nonce=cf2b00ce87\" data-item_count=\"1\" data-carousel_settings=\"{&quot;loop&quot;:true,&quot;animation&quot;:&quot;Ease&quot;,&quot;animation_speed&quot;:400,&quot;autoplay&quot;:&quot;&quot;,&quot;pauseOnHover&quot;:&quot;&quot;,&quot;autoplaySpeed&quot;:8000,&quot;item_overflow&quot;:true,&quot;autoplay_continuous_scroll&quot;:false}\" data-responsive=\"{&quot;desktop_slides_to_scroll&quot;:1,&quot;tablet_landscape_breakpoint&quot;:1366,&quot;tablet_landscape_slides_to_scroll&quot;:2,&quot;tablet_portrait_breakpoint&quot;:1025,&quot;tablet_portrait_slides_to_scroll&quot;:2,&quot;mobile_breakpoint&quot;:480,&quot;mobile_slides_to_scroll&quot;:1}\" data-variable_width=\"true\" \t>\n\t\t<div\n\t\t\tclass=\"sow-carousel-items\"\n\t\t\t\t\t>\n\t\t\t\t<div class=\"sow-carousel-item\" tabindex=\"-1\" style=\"float: left;\">\n\t\t<div class=\"sow-carousel-thumbnail\">\n\t\t\t\t\t\t\t<a href=\"https:\/\/camfilapc.com\/es\/download\/explosion-protection-solutions\/\" style=\"background-image: url( https:\/\/camfilapc.com\/wp-content\/uploads\/2017\/10\/Explosion-Protection-Solutions-cover-150x150.jpg )\" aria-labelledby=\"sow-carousel-id-47055\" tabindex=\"-1\">\n\t\t\t\t\t<span class=\"overlay\"><\/span>\n\t\t\t\t<\/a>\n\t\t\t\t\t<\/div>\n\t\t<h3 class=\"sow-carousel-item-title\">\n\t\t\t<a href=\"https:\/\/camfilapc.com\/es\/download\/explosion-protection-solutions\/\" id=\"sow-carousel-id-47055\" tabindex=\"-1\">\n\n\t\t\t\tExplosion Protection Solutions\t\t\t<\/a>\n\t\t<\/h3>\n\t<\/div>\n\t\t\t<\/div>\n\t\t\t<\/div>\n\n\t<\/div>\n\t\t<input type=\"hidden\" name=\"instance_hash\" value=\"8750a7d8\"\/>\n\t<\/div>\n<\/div><\/div><\/div><\/div><\/div><\/div>","protected":false},"excerpt":{"rendered":"<p>Aplicaciones: Granallado Metalizado Qu\u00edmicos Procesamiento de alimentos Farmac\u00e9utica Carpinter\u00eda Procesamiento de granos Rectificado de aluminio Corte de Metales La seguridad de los empleados es siempre una prioridad en el dise\u00f1o de los colectores de polvo Camfil APC; desde nuestro sistema patentado de puertas Cambar que permite cambios de filtro r\u00e1pidos, seguros y sin problemas (sin herramientas) hasta una construcci\u00f3n duradera...<\/p>\n","protected":false},"author":1,"featured_media":0,"parent":41161,"menu_order":0,"comment_status":"closed","ping_status":"closed","template":"template-product-detail.php","meta":{"_acf_changed":false,"footnotes":""},"class_list":["post-41102","page","type-page","status-publish","hentry"],"acf":[],"_links":{"self":[{"href":"https:\/\/camfilapc.com\/es\/wp-json\/wp\/v2\/pages\/41102","targetHints":{"allow":["GET"]}}],"collection":[{"href":"https:\/\/camfilapc.com\/es\/wp-json\/wp\/v2\/pages"}],"about":[{"href":"https:\/\/camfilapc.com\/es\/wp-json\/wp\/v2\/types\/page"}],"author":[{"embeddable":true,"href":"https:\/\/camfilapc.com\/es\/wp-json\/wp\/v2\/users\/1"}],"replies":[{"embeddable":true,"href":"https:\/\/camfilapc.com\/es\/wp-json\/wp\/v2\/comments?post=41102"}],"version-history":[{"count":0,"href":"https:\/\/camfilapc.com\/es\/wp-json\/wp\/v2\/pages\/41102\/revisions"}],"up":[{"embeddable":true,"href":"https:\/\/camfilapc.com\/es\/wp-json\/wp\/v2\/pages\/41161"}],"wp:attachment":[{"href":"https:\/\/camfilapc.com\/es\/wp-json\/wp\/v2\/media?parent=41102"}],"curies":[{"name":"wp","href":"https:\/\/api.w.org\/{rel}","templated":true}]}}