{"id":41099,"date":"2018-03-16T14:54:14","date_gmt":"2018-03-16T18:54:14","guid":{"rendered":"https:\/\/camfilapc.com\/products\/explosion-prevention-systems\/"},"modified":"2019-09-12T13:32:46","modified_gmt":"2019-09-12T17:32:46","slug":"explosion-prevention-systems","status":"publish","type":"page","link":"https:\/\/camfilapc.com\/es\/products\/explosion-prevention-systems\/","title":{"rendered":"Sistemas de Protecci\u00f3n de Explosiones"},"content":{"rendered":"<div id=\"pl-41099\"  class=\"panel-layout\" ><div id=\"pg-41099-0\"  class=\"panel-grid panel-no-style\" ><div id=\"pgc-41099-0-0\"  class=\"panel-grid-cell\" ><div id=\"panel-41099-0-0-0\" class=\"so-panel widget widget_sow-editor panel-first-child\" data-index=\"0\" ><div id=\"product-thumb\" class=\"panel-widget-style panel-widget-style-for-41099-0-0-0\" ><div\n\t\t\t\n\t\t\tclass=\"so-widget-sow-editor so-widget-sow-editor-base\"\n\t\t\t\n\t\t>\n<div class=\"siteorigin-widget-tinymce textwidget\">\n\t<p><a href=\"https:\/\/camfilapc.com\/es\/products\/accessories\/explosion-vents\/\"><img loading=\"lazy\" decoding=\"async\" class=\"so-widget-image alignnone\" src=\"https:\/\/camfilapc.com\/wp-content\/uploads\/2017\/08\/explosion-vents-thumb.jpg\" sizes=\"auto, (max-width: 228px) 100vw, 228px\" srcset=\"https:\/\/camfilapc.com\/wp-content\/uploads\/2017\/08\/explosion-vents-thumb.jpg 228w, https:\/\/camfilapc.com\/wp-content\/uploads\/2017\/08\/explosion-vents-thumb-192x300.jpg 192w\" alt=\"Explosion Vents\" width=\"228\" height=\"356\" \/><\/a><\/p>\n<\/div>\n<\/div><\/div><\/div><div id=\"panel-41099-0-0-1\" class=\"so-panel widget widget_sow-editor\" data-index=\"1\" ><div id=\"product-short-description\" class=\"panel-widget-style panel-widget-style-for-41099-0-0-1\" ><div\n\t\t\t\n\t\t\tclass=\"so-widget-sow-editor so-widget-sow-editor-base\"\n\t\t\t\n\t\t>\n<div class=\"siteorigin-widget-tinymce textwidget\">\n\t<p class=\"sow-headline\">VENTILAS DE EXPLOSI\u00d3N<\/p>\n<p class=\"sow-sub-headline\">Ventilas de explosi\u00f3n de alto rendimiento para colectores de polvo que cumplen con las normas ATEX y NFPA.<\/p><\/div>\n<\/div><\/div><\/div><div id=\"panel-41099-0-0-2\" class=\"so-panel widget widget_sow-button panel-last-child\" data-index=\"2\" ><div\n\t\t\t\n\t\t\tclass=\"so-widget-sow-button so-widget-sow-button-flat-f54c0409268f-41099\"\n\t\t\t\n\t\t><div class=\"ow-button-base ow-button-align-center\"\n>\n\t\t\t<a\n\t\t\t\t\thref=\"https:\/\/camfilapc.com\/products\/explosion-prevention-systems\/explosion-vents\/\"\n\t\t\t\t\tclass=\"button-content sowb-button ow-icon-placement-left ow-button-hover\" id=\"btn-learn-more\" \t>\n\t\t<span>\n\t\t\t\n\t\t\tM\u00e1s Informaci\u00f3n\t\t<\/span>\n\t\t\t<\/a>\n\t<\/div>\n<\/div><\/div><\/div><div id=\"pgc-41099-0-1\"  class=\"panel-grid-cell\" ><div id=\"panel-41099-0-1-0\" class=\"so-panel widget widget_sow-editor panel-first-child\" data-index=\"3\" ><div id=\"product-thumb\" class=\"panel-widget-style panel-widget-style-for-41099-0-1-0\" ><div\n\t\t\t\n\t\t\tclass=\"so-widget-sow-editor so-widget-sow-editor-base\"\n\t\t\t\n\t\t>\n<div class=\"siteorigin-widget-tinymce textwidget\">\n\t<p><a href=\"\/es\/products\/accessories\/stinger\/\"><img loading=\"lazy\" decoding=\"async\" class=\"alignnone wp-image-13719 size-full\" src=\"https:\/\/camfilapc.com\/wp-content\/uploads\/2017\/08\/stinger-thumb.jpg\" alt=\"\" width=\"228\" height=\"356\" srcset=\"https:\/\/camfilapc.com\/wp-content\/uploads\/2017\/08\/stinger-thumb.jpg 228w, https:\/\/camfilapc.com\/wp-content\/uploads\/2017\/08\/stinger-thumb-192x300.jpg 192w\" sizes=\"auto, (max-width: 228px) 100vw, 228px\" \/><\/a><\/p>\n<\/div>\n<\/div><\/div><\/div><div id=\"panel-41099-0-1-1\" class=\"so-panel widget widget_sow-editor\" data-index=\"4\" ><div id=\"product-short-description\" class=\"panel-widget-style panel-widget-style-for-41099-0-1-1\" ><div\n\t\t\t\n\t\t\tclass=\"so-widget-sow-editor so-widget-sow-editor-base\"\n\t\t\t\n\t\t>\n<div class=\"siteorigin-widget-tinymce textwidget\">\n\t<p class=\"sow-headline\">V\u00e1lvulas de aislamiento<\/p>\n<p class=\"sow-sub-headline\">V\u00e1lvula de aislamiento de explosi\u00f3n StingerTM<\/p>\n<\/div>\n<\/div><\/div><\/div><div id=\"panel-41099-0-1-2\" class=\"so-panel widget widget_sow-button panel-last-child\" data-index=\"5\" ><div\n\t\t\t\n\t\t\tclass=\"so-widget-sow-button so-widget-sow-button-flat-f54c0409268f-41099\"\n\t\t\t\n\t\t><div class=\"ow-button-base ow-button-align-center\"\n>\n\t\t\t<a\n\t\t\t\t\thref=\"https:\/\/camfilapc.com\/stinger\/\"\n\t\t\t\t\tclass=\"button-content sowb-button ow-icon-placement-left ow-button-hover\" id=\"btn-learn-more\" \t>\n\t\t<span>\n\t\t\t\n\t\t\tM\u00e1s Informaci\u00f3n\t\t<\/span>\n\t\t\t<\/a>\n\t<\/div>\n<\/div><\/div><\/div><div id=\"pgc-41099-0-2\"  class=\"panel-grid-cell panel-grid-cell-mobile-last\" ><div id=\"panel-41099-0-2-0\" class=\"so-panel widget widget_sow-editor panel-first-child\" data-index=\"6\" ><div id=\"product-thumb\" class=\"panel-widget-style panel-widget-style-for-41099-0-2-0\" ><div\n\t\t\t\n\t\t\tclass=\"so-widget-sow-editor so-widget-sow-editor-base\"\n\t\t\t\n\t\t>\n<div class=\"siteorigin-widget-tinymce textwidget\">\n\t<p><a href=\"https:\/\/camfilapc.com\/es\/products\/accessories\/safety-monitoring-filters\/\"><img loading=\"lazy\" decoding=\"async\" class=\"alignnone wp-image-17728 size-full\" src=\"https:\/\/camfilapc.com\/wp-content\/uploads\/2017\/12\/ismf-product-thumb.jpg\" alt=\"\" width=\"228\" height=\"213\" \/><\/a><\/p>\n<\/div>\n<\/div><\/div><\/div><div id=\"panel-41099-0-2-1\" class=\"so-panel widget widget_sow-editor\" data-index=\"7\" ><div id=\"product-short-description\" class=\"panel-widget-style panel-widget-style-for-41099-0-2-1\" ><div\n\t\t\t\n\t\t\tclass=\"so-widget-sow-editor so-widget-sow-editor-base\"\n\t\t\t\n\t\t>\n<div class=\"siteorigin-widget-tinymce textwidget\">\n\t<p class=\"sow-headline\">FILTROS DE SEGURIDAD<\/p>\nSe ha comprobado que evita la propagaci\u00f3n de llamas durante una explosi\u00f3n.<\/div>\n<\/div><\/div><\/div><div id=\"panel-41099-0-2-2\" class=\"so-panel widget widget_sow-button panel-last-child\" data-index=\"8\" ><div\n\t\t\t\n\t\t\tclass=\"so-widget-sow-button so-widget-sow-button-flat-f54c0409268f-41099\"\n\t\t\t\n\t\t><div class=\"ow-button-base ow-button-align-center\"\n>\n\t\t\t<a\n\t\t\t\t\thref=\"https:\/\/camfilapc.com\/safety-monitoring-filters\/\"\n\t\t\t\t\tclass=\"button-content sowb-button ow-icon-placement-left ow-button-hover\" id=\"btn-learn-more\" \t>\n\t\t<span>\n\t\t\t\n\t\t\tM\u00e1s Informaci\u00f3n\t\t<\/span>\n\t\t\t<\/a>\n\t<\/div>\n<\/div><\/div><\/div><div id=\"pgc-41099-0-3\"  class=\"panel-grid-cell panel-grid-cell-empty\" ><\/div><\/div><\/div>","protected":false},"excerpt":{"rendered":"<p>VENTILAS DE EXPLOSI\u00d3N Ventilas de explosi\u00f3n de alto rendimiento para colectores de polvo que cumplen con las normas ATEX y NFPA. V\u00e1lvulas de aislamiento V\u00e1lvula de aislamiento de explosi\u00f3n StingerTM FILTROS DE SEGURIDAD Se ha comprobado que evita la propagaci\u00f3n de llamas durante una explosi\u00f3n.<\/p>\n","protected":false},"author":1,"featured_media":0,"parent":40822,"menu_order":0,"comment_status":"closed","ping_status":"closed","template":"","meta":{"_acf_changed":false,"footnotes":""},"class_list":["post-41099","page","type-page","status-publish","hentry"],"acf":[],"_links":{"self":[{"href":"https:\/\/camfilapc.com\/es\/wp-json\/wp\/v2\/pages\/41099","targetHints":{"allow":["GET"]}}],"collection":[{"href":"https:\/\/camfilapc.com\/es\/wp-json\/wp\/v2\/pages"}],"about":[{"href":"https:\/\/camfilapc.com\/es\/wp-json\/wp\/v2\/types\/page"}],"author":[{"embeddable":true,"href":"https:\/\/camfilapc.com\/es\/wp-json\/wp\/v2\/users\/1"}],"replies":[{"embeddable":true,"href":"https:\/\/camfilapc.com\/es\/wp-json\/wp\/v2\/comments?post=41099"}],"version-history":[{"count":0,"href":"https:\/\/camfilapc.com\/es\/wp-json\/wp\/v2\/pages\/41099\/revisions"}],"up":[{"embeddable":true,"href":"https:\/\/camfilapc.com\/es\/wp-json\/wp\/v2\/pages\/40822"}],"wp:attachment":[{"href":"https:\/\/camfilapc.com\/es\/wp-json\/wp\/v2\/media?parent=41099"}],"curies":[{"name":"wp","href":"https:\/\/api.w.org\/{rel}","templated":true}]}}