{"id":41054,"date":"2017-08-16T17:40:13","date_gmt":"2017-08-16T21:40:13","guid":{"rendered":"https:\/\/camfilapc.com\/products\/filters\/part-number-filter-search\/"},"modified":"2019-09-12T14:10:12","modified_gmt":"2019-09-12T18:10:12","slug":"part-number-filter-search","status":"publish","type":"page","link":"https:\/\/camfilapc.com\/es\/products\/filters\/part-number-filter-search\/","title":{"rendered":"FILTROS \u201cRETROFIT\u201c PARA COLECTOR DE POLVO"},"content":{"rendered":"<div id=\"pl-41054\"  class=\"panel-layout\" ><div id=\"pg-41054-0\"  class=\"panel-grid panel-no-style\" ><div id=\"pgc-41054-0-0\"  class=\"panel-grid-cell\" ><div id=\"panel-41054-0-0-0\" class=\"so-panel widget widget_sow-editor panel-first-child\" data-index=\"0\" ><div class=\"panel-widget-style panel-widget-style-for-41054-0-0-0\" ><div\n\t\t\t\n\t\t\tclass=\"so-widget-sow-editor so-widget-sow-editor-base\"\n\t\t\t\n\t\t>\n<div class=\"siteorigin-widget-tinymce textwidget\">\n\t<p>HemiPleat\u00ae es la tecnolog\u00eda exclusiva y patentada que utilizamos para crear filtros plisados altamente eficientes que superan a la competencia y mejoran el rendimiento de su colector de polvo. Disponemos de filtros HemiPleat que se adaptan a sus colectores de polvo y garantizamos que tendr\u00e1n una vida \u00fatil m\u00e1s larga que cualquier otro filtro de la industria. Muchos clientes duplican la vida \u00fatil del filtro con nuestra tecnolog\u00eda HemiPleat\u00ae. Los filtros de repuesto est\u00e1n disponibles en las siguientes medias filtrantes:<\/p>\n<ul>\n<li><a href=\"https:\/\/camfilapc.com\/products\/filters\/part-number-filter-search\/hemipleat-conductive\/\">Conductivo (Anti-Est\u00e1tica)<\/a><\/li>\n<li><a href=\"https:\/\/camfilapc.com\/products\/filters\/part-number-filter-search\/hemipleat-extreme-media\">eXtreme de alta eficiencia<\/a><\/li>\n<li><a href=\"https:\/\/camfilapc.com\/products\/filters\/part-number-filter-search\/hemipleat-synthetic-media-filter-cartridges\">Sint\u00e9tico <\/a><\/li>\n<li><a href=\"https:\/\/camfilapc.com\/products\/filters\/part-number-filter-search\/ hemipleat-fr-ptfe-cartridges\">PTFE<\/a><\/li>\n<li>DuraPleat Poli\u00e9ster Lavable<\/li>\n<\/ul>\n<p>&nbsp;<\/p>\n<\/div>\n<\/div><\/div><\/div><div id=\"panel-41054-0-0-1\" class=\"so-panel widget widget_sow-editor\" data-index=\"1\" ><div\n\t\t\t\n\t\t\tclass=\"so-widget-sow-editor so-widget-sow-editor-base\"\n\t\t\t\n\t\t>\n<div class=\"siteorigin-widget-tinymce textwidget\">\n\t<p><img loading=\"lazy\" decoding=\"async\" class=\"any-fit-filter-industry-app alignright wp-image-24233\" src=\"\/wp-content\/uploads\/2018\/04\/HemiPLeatANYLogo-mod.svg\" alt=\"Any Fit, Ant Filter, Any Industry, Any Application\" width=\"328\" height=\"241\" \/><\/p>\n<p><strong>Tenemos filtros HemiPleat que se ajustan a estas marcas y muchas m\u00e1s:<\/strong><\/p>\n<ul>\n<li><a href=\"\/retrofit-filters\/farr\/\">FARR<\/a><\/li>\n<li><a href=\"\/retrofit-filters\/donaldson-torit\/\">Donaldson torit<\/a><\/li>\n<li>American Air Filter<\/li>\n<li><a href=\"\/retrofit-filters\/clarcor-clark-2\/\">Clarcor - Clark<\/a><\/li>\n<li><a href=\"\/retrofit-filters\/nordson\/\">Nordson<\/a><\/li>\n<li>UAS<\/li>\n<li>MAC<\/li>\n<li><a href=\"\/retrofit-filters\/plymovent\/\">Plymovent<\/a><\/li>\n<\/ul>\n<\/div>\n<\/div><\/div><div id=\"panel-41054-0-0-2\" class=\"so-panel widget widget_sow-editor panel-last-child\" data-index=\"2\" ><div class=\"panel-widget-style panel-widget-style-for-41054-0-0-2\" ><div\n\t\t\t\n\t\t\tclass=\"so-widget-sow-editor so-widget-sow-editor-base\"\n\t\t\t\n\t\t>\n<div class=\"siteorigin-widget-tinymce textwidget\">\n\t<p><span style=\"color: #00673e; font-size: 28px; letter-spacing: -.051rem;\"><strong>Llame a nuestros expertos en filtros de colectores de polvo para obtener m\u00e1s informaci\u00f3n: 800-479-6801<\/strong><\/span><\/p>\n<\/div>\n<\/div><\/div><\/div><\/div><div id=\"pgc-41054-0-1\"  class=\"panel-grid-cell\" ><div class=\"panel-cell-style panel-cell-style-for-41054-0-1\" ><div id=\"panel-41054-0-1-0\" class=\"widget_text so-panel widget widget_custom_html panel-first-child\" data-index=\"3\" ><div id=\"filter-select\" class=\"widget_text panel-widget-style panel-widget-style-for-41054-0-1-0\" ><div class=\"textwidget custom-html-widget\"><span style=\"color: #00673e; font-size: 25px; text-align:center;\"><strong>Encuentra el filtro que se adapta a tu colector de polvo.<\/strong><\/span><\/div><\/div><\/div><div id=\"panel-41054-0-1-1\" class=\"so-panel widget\" data-index=\"4\" ><\/div><div id=\"panel-41054-0-1-2\" class=\"so-panel widget widget_sow-editor\" data-index=\"5\" ><div\n\t\t\t\n\t\t\tclass=\"so-widget-sow-editor so-widget-sow-editor-base\"\n\t\t\t\n\t\t>\n<div class=\"siteorigin-widget-tinymce textwidget\">\n\t<p class=\"style-title\"><a href=\"https:\/\/camfilapc.com\/wp-content\/uploads\/2019\/09\/or-filter-select-es.svg\"><img loading=\"lazy\" decoding=\"async\" class=\"alignright wp-image-48413\" src=\"https:\/\/camfilapc.com\/wp-content\/uploads\/2019\/09\/or-filter-select-es.svg\" alt=\"\" width=\"43\" height=\"44\" \/><\/a><\/p>\n<\/div>\n<\/div><\/div><div id=\"panel-41054-0-1-3\" class=\"widget_text so-panel widget widget_custom_html\" data-index=\"6\" ><div id=\"filter-select\" class=\"widget_text panel-widget-style panel-widget-style-for-41054-0-1-3\" ><div class=\"textwidget custom-html-widget\"><span style=\"color: #00673e; font-size: 25px;text-align:center;\"><strong>Seleccione una Marca<\/strong><\/span><\/div><\/div><\/div><div id=\"panel-41054-0-1-4\" class=\"widget_text so-panel widget widget_custom_html panel-last-child\" data-index=\"7\" ><div id=\"manu-drop-menu\" class=\"widget_text panel-widget-style panel-widget-style-for-41054-0-1-4\" ><div class=\"textwidget custom-html-widget\">[add-manufacture-dropdown]<\/div><\/div><\/div><\/div><\/div><\/div><div id=\"pg-41054-1\"  class=\"panel-grid panel-has-style\" ><div id=\"performance-gua\" class=\"panel-row-style panel-row-style-for-41054-1\" ><div id=\"pgc-41054-1-0\"  class=\"panel-grid-cell\" ><div id=\"panel-41054-1-0-0\" class=\"so-panel widget widget_sow-editor panel-first-child\" data-index=\"8\" ><div\n\t\t\t\n\t\t\tclass=\"so-widget-sow-editor so-widget-sow-editor-base\"\n\t\t\t\n\t\t>\n<div class=\"siteorigin-widget-tinymce textwidget\">\n\t<h3 class=\"pull-heading\">La garant\u00eda de rendimiento<\/h3>\n<\/div>\n<\/div><\/div><div id=\"panel-41054-1-0-1\" class=\"so-panel widget widget_siteorigin-panels-builder panel-last-child\" data-index=\"9\" ><div id=\"focus-content\" class=\"panel-widget-style panel-widget-style-for-41054-1-0-1\" ><div id=\"pl-w5d7a89281cc2b\"  class=\"panel-layout\" ><div id=\"pg-w5d7a89281cc2b-0\"  class=\"panel-grid panel-no-style\" ><div id=\"pgc-w5d7a89281cc2b-0-0\"  class=\"panel-grid-cell\" ><div id=\"panel-w5d7a89281cc2b-0-0-0\" class=\"so-panel widget widget_sow-image panel-first-child panel-last-child\" data-index=\"0\" ><div\n\t\t\t\n\t\t\tclass=\"so-widget-sow-image so-widget-sow-image-default-8b5b6f678277\"\n\t\t\t\n\t\t>\n<div class=\"sow-image-container\">\n\t\t\t<a href=\"https:\/\/camfilapc.com\/wp-content\/uploads\/2017\/12\/camfil-performance-guarantee-thumb.jpg\"\n\t\t\tdata-lightbox=\"14699564425ac3af7486c0d126264312\" data-lightbox-options=\"{&quot;alwaysShowNavOnTouchDevices&quot;:false,&quot;disabledOnTablet&quot;:false,&quot;disabledOnMobile&quot;:false,&quot;disableScrolling&quot;:false,&quot;overlayColor&quot;:&quot;#000&quot;,&quot;overlayOpacity&quot;:0.8,&quot;fadeDuration&quot;:600,&quot;fitImagesInViewport&quot;:true,&quot;imageFadeDuration&quot;:600,&quot;maxHeight&quot;:&quot;&quot;,&quot;maxWidth&quot;:&quot;&quot;,&quot;positionFromTop&quot;:50,&quot;resizeDuration&quot;:700,&quot;showImageNumberLabel&quot;:true,&quot;disableCaption&quot;:&quot;&quot;,&quot;wrapAround&quot;:true,&quot;albumLabel&quot;:&quot; %1 of %2&quot;}\" \t\t>\n\t\t\t<img \n\tsrc=\"https:\/\/camfilapc.com\/wp-content\/uploads\/2017\/12\/camfil-performance-guarantee-thumb-230x300.jpg\" width=\"230\" height=\"300\" srcset=\"https:\/\/camfilapc.com\/wp-content\/uploads\/2017\/12\/camfil-performance-guarantee-thumb-230x300.jpg 230w, https:\/\/camfilapc.com\/wp-content\/uploads\/2017\/12\/camfil-performance-guarantee-thumb.jpg 300w\" sizes=\"(max-width: 230px) 100vw, 230px\" alt=\"Camfil APC Performance Guarantee\" \t\tclass=\"so-widget-image\"\/>\n\t\t\t<\/a><\/div>\n\n<\/div><\/div><\/div><div id=\"pgc-w5d7a89281cc2b-0-1\"  class=\"panel-grid-cell\" ><div id=\"panel-w5d7a89281cc2b-0-1-0\" class=\"so-panel widget widget_sow-editor panel-first-child panel-last-child\" data-index=\"1\" ><div id=\"performance-p\" class=\"panel-widget-style panel-widget-style-for-w5d7a89281cc2b-0-1-0\" ><div\n\t\t\t\n\t\t\tclass=\"so-widget-sow-editor so-widget-sow-editor-base\"\n\t\t\t\n\t\t>\n<div class=\"siteorigin-widget-tinymce textwidget\">\n\t<p>Los cartuchos de filtro HemiPleat funcionar\u00e1n con una ca\u00edda de presi\u00f3n m\u00e1s baja (para ahorrar energ\u00eda), cumplir\u00e1n o superar\u00e1n las eficiencias de filtrado actuales y durar\u00e1n m\u00e1s tiempo, o le devolveremos su dinero. Le garantizamos que recibir\u00e1 un 30% m\u00e1s de vida \u00fatil que cualquier filtro de la competencia al cambiarse a un HemiPleat.<\/p>\n<\/div>\n<\/div><\/div><\/div><\/div><div id=\"pgc-w5d7a89281cc2b-0-2\"  class=\"panel-grid-cell\" ><div id=\"panel-w5d7a89281cc2b-0-2-0\" class=\"so-panel widget widget_sow-image panel-first-child panel-last-child\" data-index=\"2\" ><div\n\t\t\t\n\t\t\tclass=\"so-widget-sow-image so-widget-sow-image-default-8b5b6f678277\"\n\t\t\t\n\t\t>\n<div class=\"sow-image-container\">\n\t\t<img \n\tsrc=\"https:\/\/camfilapc.com\/wp-content\/uploads\/2018\/04\/money-back-guarantee.svg\" width=\"446\" height=\"449\" sizes=\"(max-width: 446px) 100vw, 446px\" alt=\"\" \t\tclass=\"so-widget-image\"\/>\n\t<\/div>\n\n<\/div><\/div><\/div><\/div><\/div><\/div><\/div><\/div><\/div><\/div><div id=\"pg-41054-2\"  class=\"panel-grid panel-has-style\" ><div class=\"panel-row-style panel-row-style-for-41054-2\" ><div id=\"pgc-41054-2-0\"  class=\"panel-grid-cell\" ><div id=\"panel-41054-2-0-0\" class=\"so-panel widget widget_sow-editor panel-first-child panel-last-child\" data-index=\"10\" ><div\n\t\t\t\n\t\t\tclass=\"so-widget-sow-editor so-widget-sow-editor-base\"\n\t\t\t\n\t\t>\n<div class=\"siteorigin-widget-tinymce textwidget\">\n\t<div class=\"sow-carousel-title\">\n<h3 class=\"widget-title\">Hemipleat VS. Filtros Tradicionales<\/h3>\n<\/div>\n<p><iframe loading=\"lazy\" title=\"HemiPleat\u00ae Dust Collector Filter Pulse Cleaning\" src=\"https:\/\/player.vimeo.com\/video\/282568587?dnt=1&amp;app_id=122963\" width=\"500\" height=\"281\" frameborder=\"0\" allow=\"autoplay; fullscreen; picture-in-picture; clipboard-write; encrypted-media; web-share\" referrerpolicy=\"strict-origin-when-cross-origin\"><\/iframe><\/p>\n<p>Los pliegues de los filtros con tecnolog\u00eda HemiPleat\u00ae son uniformes y se mantienen abiertos en lugar de estar presionados entre ellos. Abrir los pliegues exponen una mayor \u00e1rea superficial del filtro a la corriente de aire. La diferencia en la calidad de plisado se puede ver f\u00e1cilmente cuando se compara lado a lado con otros filtros plisados t\u00edpicos en la industria.<\/p>\n<\/div>\n<\/div><\/div><\/div><div id=\"pgc-41054-2-1\"  class=\"panel-grid-cell\" ><div id=\"panel-41054-2-1-0\" class=\"so-panel widget widget_sow-post-carousel panel-first-child panel-last-child\" data-index=\"11\" ><div id=\"retrofit-carousel\" class=\"panel-widget-style panel-widget-style-for-41054-2-1-0\" ><div\n\t\t\t\n\t\t\tclass=\"so-widget-sow-post-carousel so-widget-sow-post-carousel-base-8f12771271ab-41054\"\n\t\t\t\n\t\t>\t<div\n\t\tclass=\"sow-post-carousel-wrapper sow-post-carousel-theme-base\"\n\t\tstyle=\"overflow: hidden; max-width: 100%; min-height: 300px\"\n\t>\n\t\t<div class=\"sow-carousel-title has-title\">\n\t<h3 class=\"widget-title\">Recursos<\/h3>\t\t<div class=\"sow-carousel-navigation \">\n\t\t\t\t\t\t<a href=\"#\" class=\"sow-carousel-next\" title=\"Siguiente\" aria-label=\"Entradas siguientes\" role=\"button\"><\/a>\n\t\t\t\t\t\t<a href=\"#\" class=\"sow-carousel-previous\" title=\"Anterior\" aria-label=\"Entradas anteriores\" role=\"button\"><\/a>\n\t\t\t\t\t<\/div>\n\t<\/div>\n\n<div class=\"sow-carousel-container \">\n\t\t<div class=\"sow-carousel-wrapper\"\n\t\tdata-dir=\"ltr\"\n\t\tstyle=\"opacity: 0;\"\n\t\tdata-widget=\"post\" data-fetching=\"false\" data-page=\"1\" data-ajax-url=\"https:\/\/camfilapc.com\/wp-admin\/admin-ajax.php?_widgets_nonce=ef8e5e4c4d\" data-item_count=\"3\" data-carousel_settings=\"{&quot;loop&quot;:true,&quot;animation&quot;:&quot;Ease&quot;,&quot;animation_speed&quot;:400,&quot;autoplay&quot;:&quot;&quot;,&quot;pauseOnHover&quot;:&quot;&quot;,&quot;autoplaySpeed&quot;:8000,&quot;item_overflow&quot;:true,&quot;autoplay_continuous_scroll&quot;:false}\" data-responsive=\"{&quot;desktop_slides_to_scroll&quot;:1,&quot;tablet_landscape_breakpoint&quot;:1366,&quot;tablet_landscape_slides_to_scroll&quot;:2,&quot;tablet_portrait_breakpoint&quot;:1025,&quot;tablet_portrait_slides_to_scroll&quot;:2,&quot;mobile_breakpoint&quot;:480,&quot;mobile_slides_to_scroll&quot;:1}\" data-variable_width=\"true\" \t>\n\t\t<div\n\t\t\tclass=\"sow-carousel-items\"\n\t\t\t\t\t>\n\t\t\t\t<div class=\"sow-carousel-item\" tabindex=\"-1\" style=\"float: left;\">\n\t\t<div class=\"sow-carousel-thumbnail\">\n\t\t\t\t\t\t\t<a\n\t\t\t\t\thref=\"https:\/\/camfilapc.com\/es\/download\/hemipleat-performance-guarantee\/\"\n\t\t\t\t\t\t\t\t\t\tstyle=\"background-image: url( https:\/\/camfilapc.com\/wp-content\/uploads\/2017\/11\/hemipleat-performance-guarantee-2025-1-232x300.webp )\"\n\t\t\t\t\taria-labelledby=\"sow-carousel-id-47027\"\n\t\t\t\t\ttabindex=\"-1\"\n\t\t\t\t>\n\t\t\t\t\t<span class=\"overlay\"><\/span>\n\t\t\t\t<\/a>\n\t\t\t\t\t<\/div>\n\t\t<h3 class=\"sow-carousel-item-title\">\n\t\t\t<a\n\t\t\t\thref=\"https:\/\/camfilapc.com\/es\/download\/hemipleat-performance-guarantee\/\"\n\t\t\t\tid=\"sow-carousel-id-47027\"\n\t\t\t\t\t\t\t\ttabindex=\"-1\"\n\t\t\t>\n\n\t\t\t\tHemiPleat Performance Guarantee\t\t\t<\/a>\n\t\t<\/h3>\n\t<\/div>\n\t\t<div class=\"sow-carousel-item\" tabindex=\"-1\" style=\"float: left;\">\n\t\t<div class=\"sow-carousel-thumbnail\">\n\t\t\t\t\t\t\t<a\n\t\t\t\t\thref=\"https:\/\/camfilapc.com\/es\/download\/how-to-reduce-operating-costs-with-dust-collector-filters\/\"\n\t\t\t\t\t\t\t\t\t\tstyle=\"background-image: url( https:\/\/camfilapc.com\/wp-content\/uploads\/2018\/04\/Screenshot-2025-01-06-at-2.22.28\u202fPM-231x300.png )\"\n\t\t\t\t\taria-labelledby=\"sow-carousel-id-46790\"\n\t\t\t\t\ttabindex=\"-1\"\n\t\t\t\t>\n\t\t\t\t\t<span class=\"overlay\"><\/span>\n\t\t\t\t<\/a>\n\t\t\t\t\t<\/div>\n\t\t<h3 class=\"sow-carousel-item-title\">\n\t\t\t<a\n\t\t\t\thref=\"https:\/\/camfilapc.com\/es\/download\/how-to-reduce-operating-costs-with-dust-collector-filters\/\"\n\t\t\t\tid=\"sow-carousel-id-46790\"\n\t\t\t\t\t\t\t\ttabindex=\"-1\"\n\t\t\t>\n\n\t\t\t\tHow to Select Dust Collector Filters that Reduce Operating Costs\t\t\t<\/a>\n\t\t<\/h3>\n\t<\/div>\n\t\t<div class=\"sow-carousel-item\" tabindex=\"-1\" style=\"float: left;\">\n\t\t<div class=\"sow-carousel-thumbnail\">\n\t\t\t\t\t\t\t<a\n\t\t\t\t\thref=\"https:\/\/camfilapc.com\/es\/download\/hemipleat-retrofit-datasheet\/\"\n\t\t\t\t\t\t\t\t\t\tstyle=\"background-image: url( https:\/\/camfilapc.com\/wp-content\/uploads\/2018\/04\/hemipleat-retrofit-ds-img-opt2-231x300.png )\"\n\t\t\t\t\taria-labelledby=\"sow-carousel-id-46789\"\n\t\t\t\t\ttabindex=\"-1\"\n\t\t\t\t>\n\t\t\t\t\t<span class=\"overlay\"><\/span>\n\t\t\t\t<\/a>\n\t\t\t\t\t<\/div>\n\t\t<h3 class=\"sow-carousel-item-title\">\n\t\t\t<a\n\t\t\t\thref=\"https:\/\/camfilapc.com\/es\/download\/hemipleat-retrofit-datasheet\/\"\n\t\t\t\tid=\"sow-carousel-id-46789\"\n\t\t\t\t\t\t\t\ttabindex=\"-1\"\n\t\t\t>\n\n\t\t\t\tHemipleat\u00ae  Retrofit Datasheet\t\t\t<\/a>\n\t\t<\/h3>\n\t<\/div>\n\t\t\t<\/div>\n\t\t\t<\/div>\n\n\t<\/div>\n\t\t<input type=\"hidden\" name=\"instance_hash\" value=\"5a371ba9\"\/>\n\t<\/div>\n<\/div><\/div><\/div><\/div><\/div><\/div><\/div>","protected":false},"excerpt":{"rendered":"<p>HemiPleat\u00ae es la tecnolog\u00eda exclusiva y patentada que utilizamos para crear filtros plisados altamente eficientes que superan a la competencia y mejoran el rendimiento de su colector de polvo. Disponemos de filtros HemiPleat que se adaptan a sus colectores de polvo y garantizamos que tendr\u00e1n una vida \u00fatil m\u00e1s larga que cualquier otro filtro de la industria. Muchos clientes duplican...<\/p>\n","protected":false},"author":1,"featured_media":0,"parent":41017,"menu_order":0,"comment_status":"closed","ping_status":"closed","template":"template-product-detail.php","meta":{"_acf_changed":false,"footnotes":""},"class_list":["post-41054","page","type-page","status-publish","hentry"],"acf":[],"_links":{"self":[{"href":"https:\/\/camfilapc.com\/es\/wp-json\/wp\/v2\/pages\/41054","targetHints":{"allow":["GET"]}}],"collection":[{"href":"https:\/\/camfilapc.com\/es\/wp-json\/wp\/v2\/pages"}],"about":[{"href":"https:\/\/camfilapc.com\/es\/wp-json\/wp\/v2\/types\/page"}],"author":[{"embeddable":true,"href":"https:\/\/camfilapc.com\/es\/wp-json\/wp\/v2\/users\/1"}],"replies":[{"embeddable":true,"href":"https:\/\/camfilapc.com\/es\/wp-json\/wp\/v2\/comments?post=41054"}],"version-history":[{"count":0,"href":"https:\/\/camfilapc.com\/es\/wp-json\/wp\/v2\/pages\/41054\/revisions"}],"up":[{"embeddable":true,"href":"https:\/\/camfilapc.com\/es\/wp-json\/wp\/v2\/pages\/41017"}],"wp:attachment":[{"href":"https:\/\/camfilapc.com\/es\/wp-json\/wp\/v2\/media?parent=41054"}],"curies":[{"name":"wp","href":"https:\/\/api.w.org\/{rel}","templated":true}]}}