{"id":41046,"date":"2017-08-17T11:14:02","date_gmt":"2017-08-17T15:14:02","guid":{"rendered":"https:\/\/camfilapc.com\/products\/filters\/dura-pleat-filters\/"},"modified":"2023-03-21T13:49:40","modified_gmt":"2023-03-21T17:49:40","slug":"dura-pleat-filters","status":"publish","type":"page","link":"https:\/\/camfilapc.com\/es\/products\/filters\/dura-pleat-filters\/","title":{"rendered":"Filtros Lavables Dura-Pleat Gold Cone \u2122"},"content":{"rendered":"<div id=\"pl-41046\"  class=\"panel-layout\" ><div id=\"pg-41046-0\"  class=\"panel-grid panel-no-style\" ><div id=\"pgc-41046-0-0\"  class=\"panel-grid-cell\" ><div id=\"panel-41046-0-0-0\" class=\"so-panel widget widget_sow-headline panel-first-child\" data-index=\"0\" ><div id=\"product-name\" class=\"panel-widget-style panel-widget-style-for-41046-0-0-0\" ><div\n\t\t\t\n\t\t\tclass=\"so-widget-sow-headline so-widget-sow-headline-default-8913cd27cdbd-41046\"\n\t\t\t\n\t\t><div class=\"sow-headline-container \">\n\t\t\t\t\t\t\t<h2 class=\"sow-headline\">\n\t\t\t\t\t\tFILTROS DE POLIESTER LAVABLES PARA COLECTORES DE POLVO GOLD SERIES\t\t\t\t\t\t<\/h2>\n\t\t\t\t\t\t\t\t\t\t\t<div class=\"decoration\">\n\t\t\t\t\t\t<div class=\"decoration-inside\"><\/div>\n\t\t\t\t\t<\/div>\n\t\t\t\t\t<\/div>\n<\/div><\/div><\/div><div id=\"panel-41046-0-0-1\" class=\"so-panel widget widget_text\" data-index=\"1\" ><div id=\"category-product-key-features\" class=\"panel-widget-style panel-widget-style-for-41046-0-0-1\" >\t\t\t<div class=\"textwidget\"><p><span class=\"content-lead\">Caracteristicas Clave:<\/span><\/p>\n<ul>\n<li>Lavable y reutilizable<\/li>\n<li>Vida excepcionalmente larga<\/li>\n<li>Junta de doble sello para menos fugas y cambios de filtro m\u00e1s f\u00e1ciles<\/li>\n<\/ul>\n<\/div>\n\t\t<\/div><\/div><div id=\"panel-41046-0-0-2\" class=\"so-panel widget widget_sow-button panel-last-child\" data-index=\"2\" ><div class=\"animate-69d29295c1725803374331 panels-animation-hide panel-widget-style panel-widget-style-for-41046-0-0-2\" data-so-animation=\"{&quot;selector&quot;:&quot;.animate-69d29295c1725803374331&quot;,&quot;animation&quot;:&quot;fadeInUp&quot;,&quot;breakpoint&quot;:&quot;780px&quot;,&quot;duration&quot;:1,&quot;repeat&quot;:0,&quot;hide&quot;:1,&quot;disableAnimationMobile&quot;:0,&quot;finalState&quot;:&quot;visible&quot;,&quot;delay&quot;:0,&quot;debounce&quot;:0.1,&quot;event&quot;:&quot;enter&quot;,&quot;offset&quot;:0}\" ><div\n\t\t\t\n\t\t\tclass=\"so-widget-sow-button so-widget-sow-button-flat-f54c0409268f-41046\"\n\t\t\t\n\t\t><div class=\"ow-button-base ow-button-align-center\"\n>\n\t\t\t<a\n\t\t\t\t\thref=\"https:\/\/camfilapc.com\/es\/dura-pleat-washable-gold-cone-filters-request-quote-es\/\"\n\t\t\t\t\tclass=\"button-content sowb-button ow-icon-placement-left ow-button-hover\" id=\"btn-request-quote\" \t>\n\t\t<span>\n\t\t\t\n\t\t\tSolicitar Presupuesto\t\t<\/span>\n\t\t\t<\/a>\n\t<\/div>\n<\/div><\/div><\/div><\/div><div id=\"pgc-41046-0-1\"  class=\"panel-grid-cell\" ><div id=\"panel-41046-0-1-0\" class=\"so-panel widget panel-first-child panel-last-child\" data-index=\"3\" ><\/div><\/div><\/div><div id=\"pg-41046-1\"  class=\"panel-grid panel-has-style\" ><div id=\"product-full-detail\" class=\"panel-row-style panel-row-style-for-41046-1\" ><div id=\"pgc-41046-1-0\"  class=\"panel-grid-cell\" ><div id=\"panel-41046-1-0-0\" class=\"so-panel widget widget_sow-editor panel-first-child\" data-index=\"4\" ><div id=\"main-p-column\" class=\"panel-widget-style panel-widget-style-for-41046-1-0-0\" ><div\n\t\t\t\n\t\t\tclass=\"so-widget-sow-editor so-widget-sow-editor-base\"\n\t\t\t\n\t\t>\n<div class=\"siteorigin-widget-tinymce textwidget\">\n\t<p><img loading=\"lazy\" decoding=\"async\" class=\"wp-image-9954 alignright\" src=\"https:\/\/camfilapc.com\/wp-content\/uploads\/2017\/08\/DURA-Pleat.png\" alt=\"\" width=\"205\" height=\"113\" \/><\/p>\n<p class=\"p1\"><span class=\"s1\">Los filtros Dura-Pleat est\u00e1n echos 100% de poli\u00e9ster hilado tipo SPUNBOND con un dise\u00f1o plisado que combina lo mejor de ambos mundos: la alta eficiencia de los filtros plisados \u200b\u200by la versatilidad de los materiales sint\u00e9ticos. Los filtros Dura-Pleat son para los colectores de polvo Farr Gold Series, para aplicaciones est\u00e1ndar y de mediana temperatura.<\/span><\/p>\n<p class=\"p1\"><span class=\"s1\"><b>Los filtros originales de Camfil APC ofrecen:<\/b><\/span><\/p>\n<ul>\n<li class=\"li1\"><span class=\"s2\">Doble Empaque<\/span><\/li>\n<li class=\"li1\"><span class=\"s2\">Seguro a\u00f1adido contra fugas<\/span><\/li>\n<li class=\"li1\"><span class=\"s2\">No se acumula polvo encima del filtro<\/span><\/li>\n<li class=\"li1\"><span class=\"s2\">Manijas o asas incorporadas<\/span><\/li>\n<li class=\"li1\"><span class=\"s2\">Desmontaje y reemplazo ergon\u00f3mico<\/span><\/li>\n<li class=\"li1\"><span class=\"s2\">Material lavable<\/span><\/li>\n<li class=\"li1\"><span class=\"s2\">Materiales duraderos y reutilizables<\/span><\/li>\n<\/ul>\n<p class=\"p1\"><span class=\"s1\"><b>Opciones de Media Filtrante:<\/b><\/span><\/p>\n<div id=\"attachment_9958\" style=\"width: 225px\" class=\"wp-caption alignright\"><img aria-describedby=\"caption-attachment-9958\" loading=\"lazy\" decoding=\"async\" class=\"wp-image-9958 size-medium\" src=\"https:\/\/camfilapc.com\/wp-content\/uploads\/2017\/08\/DuraPleatGold-Cone-Cutaway-215x300.jpg\" alt=\"\" width=\"215\" height=\"300\" srcset=\"https:\/\/camfilapc.com\/wp-content\/uploads\/2017\/08\/DuraPleatGold-Cone-Cutaway-215x300.jpg 215w, https:\/\/camfilapc.com\/wp-content\/uploads\/2017\/08\/DuraPleatGold-Cone-Cutaway.jpg 573w\" sizes=\"auto, (max-width: 215px) 100vw, 215px\" \/><p id=\"caption-attachment-9958\" class=\"wp-caption-text\">No usar los filtros de Camfil anular\u00e1 la garant\u00eda de 12 a\u00f1os de su serie Gold, as\u00ed como el cumplimiento de la protecci\u00f3n contra explosiones con las pautas de la NFPA.<\/p><\/div>\n<p class=\"p1\"><span class=\"s1\">Los filtros de Camfil APC con tecnolog\u00eda Dura-Pleat utilizan cuatro tipos de media filtrante:<\/span><\/p>\n<ul>\n<li class=\"li1\"><span class=\"s2\"><b>DPS - Dura-Pleat<br \/>\n<\/b><\/span><span class=\"s2\">Media filtrante de poli\u00e9ster multiproposito y de uso pesado.<\/span><\/li>\n<li class=\"li1\"><span class=\"s2\"><b>DPA - Aluminized<br \/>\n<\/b><\/span><span class=\"s2\">Filtro Dura-Pleat con un acabado conductivo aluminizado para disipaci\u00f3n de est\u00e1tica.<\/span><\/li>\n<li class=\"li1\"><span class=\"s2\"><b>DPO - Hydro-Oleophobic<br \/>\n<\/b><\/span><span class=\"s2\">Filtro Dura-Pleat con un acabado repelente al aceite y al agua.<\/span><\/li>\n<li><strong>DPT - PTFE<\/strong><br \/>\n<span class=\"s2\">Filtro Dura-Pleat con una membrana de politetrafluoroetileno (PTFE) laminado para una eficiencia muy alta de part\u00edculas finas y f\u00e1cil liberaci\u00f3n del polvo acumulado.<\/span><\/li>\n<\/ul>\n<div id=\"sVim-command\" style=\"bottom: 0px; display: none;\">-- NORMAL --<\/div>\n<\/div>\n<\/div><\/div><\/div><div id=\"panel-41046-1-0-1\" class=\"so-panel widget widget_sow-editor panel-last-child\" data-index=\"5\" ><div id=\"main-p-column\" class=\"panel-widget-style panel-widget-style-for-41046-1-0-1\" ><div\n\t\t\t\n\t\t\tclass=\"so-widget-sow-editor so-widget-sow-editor-base\"\n\t\t\t\n\t\t>\n<div class=\"siteorigin-widget-tinymce textwidget\">\n\t<p><img loading=\"lazy\" decoding=\"async\" class=\"wp-image-9954 alignright\" src=\"https:\/\/camfilapc.com\/wp-content\/uploads\/2017\/08\/DURA-Pleat.png\" alt=\"\" width=\"205\" height=\"113\" \/><\/p>\n<h3><strong>Tecnolog\u00eda Gold Cone\u00a0<\/strong><\/h3>\n<p class=\"p1\"><span class=\"s1\">La tecnolog\u00eda Gold Cone solo se puede encontrar en lo filtros de Cartucho marca CAMFIL APC<\/span><\/p>\n<p class=\"p2\"><span class=\"s2\">La tecnolog\u00eda Gold Cone en nuestros filtros Dura-Pleat agrega un 30% m\u00e1s de \u00e1rea filtrante y dispersa el aire de manera uniforme en todo el filtro cuando se limpia con el pulso de aire comprimido. La estructura \u00fanica del filtro Dura-Pleat Gold Cone est\u00e1 dise\u00f1ada para una mejor limpieza, mayor duraci\u00f3n del filtro y menor mantenimiento.<\/span><\/p>\n<h3><strong>Especificaciones<\/strong><\/h3>\n<p class=\"p1\"><span class=\"s1\"><b>Eficiencia<\/b><\/span><\/p>\n<ul>\n<li class=\"li1\"><span class=\"s2\">Hasta 99.995% en part\u00edculas sobre 0.5 \u03bcm (eficiencia gravim\u00e9trica) <\/span><\/li>\n<\/ul>\n<p class=\"p1\"><span class=\"s1\"><b>Maxima Temperatura Operativa<\/b><\/span><\/p>\n<ul>\n<li class=\"li1\"><span class=\"s2\">Est\u00e1ndar 200\u00baF (93\u00baC) y disponibles filtros para 250\u00baF (212 \u00baC)<\/span><\/li>\n<li class=\"li1\"><span class=\"s2\">Los filtros Dura-Pleat tienen una clasificaci\u00f3n de hasta MERV 16.<\/span><\/li>\n<\/ul>\n<\/div>\n<\/div><\/div><\/div><\/div><div id=\"pgc-41046-1-1\"  class=\"panel-grid-cell\" ><div id=\"panel-41046-1-1-0\" class=\"so-panel widget widget_ink-tabs panel-first-child panel-last-child\" data-index=\"6\" ><div\n\t\t\t\n\t\t\tclass=\"so-widget-ink-tabs so-widget-ink-tabs-tabs-85deb0136c8d-41046\"\n\t\t\t\n\t\t>\n<div class=\"iw-so-tabs iw-so-tabs-horizontal iw-so-tabs-default\">\n\n\t<ul class=\"iw-so-tabs-nav\">\n\n\t\t\t\t\t<li class=\"iw-so-tab-title iw-so-tab-active\" id=\"ink-tabs-4104610006-1\">\n\t\t\t\t<a href=\"#ink-tabs-4104610006-1-content\">\n\t\t\t\t\t\t\t\t\t\t<span class=\"iw-so-tab-text\">Fotos<\/span>\n\t\t\t\t<\/a>\n\t\t\t<\/li>\n\t\t\t\t\t\t\t\t\n\t<\/ul>\n\n\t<div class=\"iw-so-tabs-content\">\n\n\t\t\t\t\t<div class=\"iw-so-tabs-panel iw-so-tab-active\" id=\"ink-tabs-4104610006-1-content\">\n\t\t\t\t<p><div>           <\/div><style type=\"text\/css\" scoped>.rbs_gallery_69d29295c2545Spinner{\r\n\t\t\t\tmargin: 50px auto;\r\n\t\t\t\twidth: 50px;\r\n\t\t\t\theight: 40px;\r\n\t\t\t\ttext-align: center;\r\n\t\t\t\tfont-size: 10px;\r\n\t\t\t}\r\n\t\t\t.rbs_gallery_69d29295c2545Spinner > div{\r\n\t\t\t  background-color: #333;\r\n\t\t\t  height: 100%;\r\n\t\t\t  width: 6px;\r\n\t\t\t  display: inline-block;\r\n\t\t\t  -webkit-animation: rbs_gallery_69d29295c2545-stretchdelay 1.2s infinite ease-in-out;\r\n\t\t\t  animation: rbs_gallery_69d29295c2545-stretchdelay 1.2s infinite ease-in-out;\r\n\t\t\t}\r\n\t\t\t.rbs_gallery_69d29295c2545Spinner .rbs_gallery_69d29295c2545Rect2 {\r\n\t\t\t  -webkit-animation-delay: -1.1s;\r\n\t\t\t  animation-delay: -1.1s;\r\n\t\t\t}\r\n\t\t\t.rbs_gallery_69d29295c2545Spinner .rbs_gallery_69d29295c2545Rect3 {\r\n\t\t\t  -webkit-animation-delay: -1.0s;\r\n\t\t\t  animation-delay: -1.0s;\r\n\t\t\t}\r\n\t\t\t.rbs_gallery_69d29295c2545Spinner .rbs_gallery_69d29295c2545Rect4 {\r\n\t\t\t  -webkit-animation-delay: -0.9s;\r\n\t\t\t  animation-delay: -0.9s;\r\n\t\t\t}\r\n\t\t\t.rbs_gallery_69d29295c2545Spinner .rbs_gallery_69d29295c2545Rect5 {\r\n\t\t\t  -webkit-animation-delay: -0.8s;\r\n\t\t\t  animation-delay: -0.8s;\r\n\t\t\t}\r\n\t\t\t@-webkit-keyframes rbs_gallery_69d29295c2545-stretchdelay {\r\n\t\t\t  0%, 40%, 100% { -webkit-transform: scaleY(0.4) }  \r\n\t\t\t  20% { -webkit-transform: scaleY(1.0) }\r\n\t\t\t}\r\n\t\t\t@keyframes rbs_gallery_69d29295c2545-stretchdelay {\r\n\t\t\t  0%, 40%, 100% { \r\n\t\t\t    transform: scaleY(0.4);\r\n\t\t\t    -webkit-transform: scaleY(0.4);\r\n\t\t\t  }  20% { \r\n\t\t\t    transform: scaleY(1.0);\r\n\t\t\t    -webkit-transform: scaleY(1.0);\r\n\t\t\t  }\r\n\t\t\t}\r\n\t\t<\/style><div class=\"robo-gallery-wrap robo-gallery-wrap-id9907 robo-gallery-\" ><div id=\"rbs_gallery_69d29295c2545-block-loader\" class=\"rbs_gallery_69d29295c2545Spinner\"><div class=\"rbs_gallery_69d29295c2545Rect1\"><\/div> <div class=\"rbs_gallery_69d29295c2545Rect2\"><\/div> <div class=\"rbs_gallery_69d29295c2545Rect3\"><\/div> <div class=\"rbs_gallery_69d29295c2545Rect4\"><\/div> <div class=\"rbs_gallery_69d29295c2545Rect5\"><\/div><\/div><div id=\"robo_gallery_main_block_rbs_gallery_69d29295c2545\" class=\"robogallery-gallery-9907\" style=\"width:100%;margin:0 auto;  display: none;\"><div id=\"rbs_gallery_69d29295c2545\" data-options=\"rbs_gallery_69d29295c2545\" style=\"width:100%;\" class=\"robo_gallery  \"><div class=\"rbs-img  category9907 \" ><div class=\"rbs-img-image   rbs-lightbox \" ><div class=\"rbs-img-thumbs\"  data-thumbnail=\"https:\/\/camfilapc.com\/wp-content\/uploads\/2017\/08\/durapleat_rectangle_gasket_cutaway-225x300.jpg\"  title=\"durapleat_rectangle_gasket_cutaway\"  data-width=\"225\"  data-height=\"140\" ><\/div><div class=\"rbs-img-data-popup\"  data-popup=\"https:\/\/camfilapc.com\/wp-content\/uploads\/2017\/08\/durapleat_rectangle_gasket_cutaway.jpg\"  title=\"durapleat_rectangle_gasket_cutaway\" ><\/div><div class=\"thumbnail-overlay\"><div class=\"rbsIcons\"><i class=\"fa fa-search-plus rbsZoomIcon \" ><\/i><\/div><\/div><\/div><\/div><div class=\"rbs-img  category9907 \" ><div class=\"rbs-img-image   rbs-lightbox \" ><div class=\"rbs-img-thumbs\"  data-thumbnail=\"https:\/\/camfilapc.com\/wp-content\/uploads\/2017\/10\/GoldCone_Cutaway_RectangleGasket-225x300.jpg\"  title=\"GoldCone_Cutaway_RectangleGasket\"  data-width=\"225\"  data-height=\"140\" ><\/div><div class=\"rbs-img-data-popup\"  data-popup=\"https:\/\/camfilapc.com\/wp-content\/uploads\/2017\/10\/GoldCone_Cutaway_RectangleGasket.jpg\"  title=\"GoldCone_Cutaway_RectangleGasket\" ><\/div><div class=\"thumbnail-overlay\"><div class=\"rbsIcons\"><i class=\"fa fa-search-plus rbsZoomIcon \" ><\/i><\/div><\/div><\/div><\/div><div class=\"rbs-img  category9907 \" ><div class=\"rbs-img-image   rbs-lightbox \" ><div class=\"rbs-img-thumbs\"  data-thumbnail=\"https:\/\/camfilapc.com\/wp-content\/uploads\/2017\/08\/hemipleat-sync-product-225x300.jpg\"  title=\"hemipleat-sync-product\"  data-width=\"225\"  data-height=\"140\" ><\/div><div class=\"rbs-img-data-popup\"  data-popup=\"https:\/\/camfilapc.com\/wp-content\/uploads\/2017\/08\/hemipleat-sync-product.jpg\"  title=\"hemipleat-sync-product\" ><\/div><div class=\"thumbnail-overlay\"><div class=\"rbsIcons\"><i class=\"fa fa-search-plus rbsZoomIcon \" ><\/i><\/div><\/div><\/div><\/div><\/div><\/div><\/div><script>var rbs_gallery_69d29295c2545 = {\"version\":\"5.1.4\",\"id\":9907,\"class\":\"id9907\",\"roboGalleryDelay\":1000,\"mainContainer\":\"#robo_gallery_main_block_rbs_gallery_69d29295c2545\",\"loadingContainer\":\"#rbs_gallery_69d29295c2545-block-loader\",\"loadingContainerObj\":\"rbs_gallery_69d29295c2545-block-loader\",\"columnWidth\":\"auto\",\"columns\":3,\"resolutions\":[{\"columnWidth\":\"auto\",\"columns\":3,\"maxWidth\":960},{\"columnWidth\":\"auto\",\"columns\":2,\"maxWidth\":650},{\"columnWidth\":\"auto\",\"columns\":1,\"maxWidth\":450}],\"descBox\":true,\"descBoxClass\":\"rbs_desc_panel_light\",\"hideTitle\":true,\"lightboxOptions\":{\"gallery\":{\"enabled\":true,\"tCounter\":\"%curr% of %total%\"}},\"borderSize\":1,\"overlayEffect\":\"fade\",\"boxesToLoadStart\":12,\"boxesToLoad\":8,\"LoadingWord\":\"Loading...\",\"loadMoreWord\":\"Load More\",\"noMoreEntriesWord\":\"No More Entries\",\"horizontalSpaceBetweenBoxes\":15,\"verticalSpaceBetweenBoxes\":15,\"lazyLoad\":0,\"wrapContainer\":\"#robo-gallery-wrap-rbs_gallery_69d29295c2545\"};<\/script><div>           <\/div><\/p>\n\t\t\t<\/div>\n\t\t\t\t\t\t\t\t\n\t<\/div>\n\n<\/div>\n<\/div><\/div><\/div><\/div><\/div><div id=\"pg-41046-2\"  class=\"panel-grid panel-no-style\" ><div id=\"pgc-41046-2-0\"  class=\"panel-grid-cell\" ><div id=\"panel-41046-2-0-0\" class=\"so-panel widget widget_sow-editor panel-first-child\" data-index=\"7\" ><div id=\"main-p-column\" class=\"panel-widget-style panel-widget-style-for-41046-2-0-0\" ><div\n\t\t\t\n\t\t\tclass=\"so-widget-sow-editor so-widget-sow-editor-base\"\n\t\t\t\n\t\t>\n<div class=\"siteorigin-widget-tinymce textwidget\">\n\t<h3><strong>Dura-Pleat Temperatura Media<\/strong><\/h3>\n<div id=\"attachment_9960\" style=\"width: 246px\" class=\"wp-caption alignright\"><img aria-describedby=\"caption-attachment-9960\" loading=\"lazy\" decoding=\"async\" class=\"wp-image-9960 size-medium\" src=\"https:\/\/camfilapc.com\/wp-content\/uploads\/2017\/08\/Dura-Pleat-Medium-Temperature-236x300.jpg\" alt=\"\" width=\"236\" height=\"300\" srcset=\"https:\/\/camfilapc.com\/wp-content\/uploads\/2017\/08\/Dura-Pleat-Medium-Temperature-236x300.jpg 236w, https:\/\/camfilapc.com\/wp-content\/uploads\/2017\/08\/Dura-Pleat-Medium-Temperature.jpg 629w\" sizes=\"auto, (max-width: 236px) 100vw, 236px\" \/><p id=\"caption-attachment-9960\" class=\"wp-caption-text\">Si no utiliza filtros Camfil, se anular\u00e1 la garant\u00eda de 12 a\u00f1os de su Gold Series y el cumplimiento de la protecci\u00f3n contra explosiones seg\u00fan las pautas de la NFPA.<\/p><\/div>\n<p class=\"p1\"><span class=\"s1\"><b>Caracteristicas Clave<\/b><\/span><\/p>\n<ul>\n<li class=\"li1\"><span class=\"s2\">Maneja polvos dif\u00edciles<\/span><\/li>\n<li class=\"li1\"><span class=\"s2\">Lavable<\/span><\/li>\n<li class=\"li1\"><span class=\"s2\">Excepcionalmente duradero<\/span><\/li>\n<\/ul>\n<p class=\"p1\"><span class=\"s1\"><b>Los filtros originales de Camfil APC ofrecen:<\/b><\/span><\/p>\n<ul>\n<li>Doble Empaque<br \/>\nPara mayor seguridad contra fugas<\/li>\n<li>No se acumula polvo en la parte superior del filtro<br \/>\nEl polvo cae y se deposita en un contenedor de recolecci\u00f3n en lugar de en otros filtros.<\/li>\n<li>Manijas o asas incorporadas<br \/>\nFacilita extracci\u00f3n y reemplazo de los filtros.<\/li>\n<li>Filtros lavables<br \/>\nDuraderos y reutilizables.<\/li>\n<\/ul>\n<p class=\"p1\"><span class=\"s1\">Los filtros Dura-Pleat tienen una clasificaci\u00f3n de hasta MERV 16.<\/span><\/p>\n<\/div>\n<\/div><\/div><\/div><div id=\"panel-41046-2-0-1\" class=\"so-panel widget widget_sow-editor panel-last-child\" data-index=\"8\" ><div id=\"main-p-column\" class=\"panel-widget-style panel-widget-style-for-41046-2-0-1\" ><div\n\t\t\t\n\t\t\tclass=\"so-widget-sow-editor so-widget-sow-editor-base\"\n\t\t\t\n\t\t>\n<div class=\"siteorigin-widget-tinymce textwidget\">\n\t<p><img loading=\"lazy\" decoding=\"async\" class=\"wp-image-9961 size-medium alignright\" src=\"https:\/\/camfilapc.com\/wp-content\/uploads\/2017\/08\/Risk-Free-300x239.png\" alt=\"\" width=\"300\" height=\"239\" srcset=\"https:\/\/camfilapc.com\/wp-content\/uploads\/2017\/08\/Risk-Free-300x239.png 300w, https:\/\/camfilapc.com\/wp-content\/uploads\/2017\/08\/Risk-Free.png 603w\" sizes=\"auto, (max-width: 300px) 100vw, 300px\" \/><\/p>\n<h3>Mejor para aplicaciones dif\u00edciles<\/h3>\n<p class=\"p1\"><span class=\"s1\">Este cartucho de mediana temperatura est\u00e1 hecho para funcionar a temperaturas de hasta 250 \u00b0 F (121 \u00b0 C).<\/span><\/p>\n<p class=\"p1\"><span class=\"s1\">Es ideal para aplicaciones que son calientes y secas o h\u00famedas, como sistemas de pulverizaci\u00f3n, secadores de lecho fluidizado, polvo de cemento, producci\u00f3n de fertilizantes y corte con soplete.<\/span><\/p>\n<h3>Especificaciones<\/h3>\n<p class=\"p1\"><span class=\"s1\"><b>Eficiencia<\/b><\/span><\/p>\n<ul>\n<li class=\"li1\"><span class=\"s2\">Hasta 99.995% en part\u00edculas sobre 0.5 \u03bcm (eficiencia gravim\u00e9trica) <\/span><\/li>\n<\/ul>\n<p class=\"p1\"><span class=\"s1\"><b>Temperatura Maxima Operativa<\/b><\/span><\/p>\n<ul>\n<li class=\"li1\"><span class=\"s2\">250\u00ba F (121\u00ba C) de condici\u00f3n operativa y picos de hasta 265\u00ba F (130\u00ba C)<\/span><\/li>\n<\/ul>\n<\/div>\n<\/div><\/div><\/div><\/div><\/div><\/div>","protected":false},"excerpt":{"rendered":"<p>Caracteristicas Clave: Lavable y reutilizable Vida excepcionalmente larga Junta de doble sello para menos fugas y cambios de filtro m\u00e1s f\u00e1ciles Los filtros Dura-Pleat est\u00e1n echos 100% de poli\u00e9ster hilado tipo SPUNBOND con un dise\u00f1o plisado que combina lo mejor de ambos mundos: la alta eficiencia de los filtros plisados \u200b\u200by la versatilidad de los materiales sint\u00e9ticos. Los filtros Dura-Pleat...<\/p>\n","protected":false},"author":1,"featured_media":0,"parent":41017,"menu_order":0,"comment_status":"closed","ping_status":"closed","template":"","meta":{"_acf_changed":false,"footnotes":""},"class_list":["post-41046","page","type-page","status-publish","hentry"],"acf":[],"_links":{"self":[{"href":"https:\/\/camfilapc.com\/es\/wp-json\/wp\/v2\/pages\/41046","targetHints":{"allow":["GET"]}}],"collection":[{"href":"https:\/\/camfilapc.com\/es\/wp-json\/wp\/v2\/pages"}],"about":[{"href":"https:\/\/camfilapc.com\/es\/wp-json\/wp\/v2\/types\/page"}],"author":[{"embeddable":true,"href":"https:\/\/camfilapc.com\/es\/wp-json\/wp\/v2\/users\/1"}],"replies":[{"embeddable":true,"href":"https:\/\/camfilapc.com\/es\/wp-json\/wp\/v2\/comments?post=41046"}],"version-history":[{"count":0,"href":"https:\/\/camfilapc.com\/es\/wp-json\/wp\/v2\/pages\/41046\/revisions"}],"up":[{"embeddable":true,"href":"https:\/\/camfilapc.com\/es\/wp-json\/wp\/v2\/pages\/41017"}],"wp:attachment":[{"href":"https:\/\/camfilapc.com\/es\/wp-json\/wp\/v2\/media?parent=41046"}],"curies":[{"name":"wp","href":"https:\/\/api.w.org\/{rel}","templated":true}]}}