{"id":41041,"date":"2017-12-08T14:43:44","date_gmt":"2017-12-08T19:43:44","guid":{"rendered":"https:\/\/camfilapc.com\/products\/filters\/gold-cone-filters\/"},"modified":"2023-03-21T13:06:09","modified_gmt":"2023-03-21T17:06:09","slug":"gold-cone-filters","status":"publish","type":"page","link":"https:\/\/camfilapc.com\/es\/products\/filters\/gold-cone-filters\/","title":{"rendered":"Cartuchos de filtro HemiPleat\u00ae Gold Cone \u2122"},"content":{"rendered":"<div id=\"pl-41041\"  class=\"panel-layout\" ><div id=\"pg-41041-0\"  class=\"panel-grid panel-no-style\" ><div id=\"pgc-41041-0-0\"  class=\"panel-grid-cell\" ><div id=\"panel-41041-0-0-0\" class=\"so-panel widget widget_sow-headline panel-first-child\" data-index=\"0\" ><div id=\"product-name\" class=\"panel-widget-style panel-widget-style-for-41041-0-0-0\" ><div\n\t\t\t\n\t\t\tclass=\"so-widget-sow-headline so-widget-sow-headline-default-8913cd27cdbd-41041\"\n\t\t\t\n\t\t><div class=\"sow-headline-container \">\n\t\t\t\t\t\t\t<h2 class=\"sow-headline\">\n\t\t\t\t\t\tHecho para colectores de polvo de la serie Gold\t\t\t\t\t\t<\/h2>\n\t\t\t\t\t\t\t\t\t\t\t<div class=\"decoration\">\n\t\t\t\t\t\t<div class=\"decoration-inside\"><\/div>\n\t\t\t\t\t<\/div>\n\t\t\t\t\t<\/div>\n<\/div><\/div><\/div><div id=\"panel-41041-0-0-1\" class=\"widget_text so-panel widget widget_custom_html\" data-index=\"1\" ><div class=\"textwidget custom-html-widget\"><span class=\"content-lead\">Construido para:<\/span> <\/div><\/div><div id=\"panel-41041-0-0-2\" class=\"so-panel widget widget_text\" data-index=\"2\" ><div id=\"category-product-key-features\" class=\"panel-widget-style panel-widget-style-for-41041-0-0-2\" >\t\t\t<div class=\"textwidget\"><p><span class=\"content-lead\">Caracteristicas Clave:<\/span><\/p>\n<ul>\n<li>Capacidad ampliada debido al cono interno patentado de los medios de filtraci\u00f3n.<\/li>\n<li>El cono interno proporciona una dispersi\u00f3n uniforme del aire pulsante y abre m\u00e1s espacio utilizable para el flujo de aire en el extractor de polvo.<\/li>\n<li>El medio PolyTech \u2122 de Camfil es el medio de limpieza por pulsos m\u00e1s avanzado que se haya fabricado.<\/li>\n<li>Todas las ofertas de medios de filtraci\u00f3n Camfil APC eXtreme ofrecen una eficiencia de separaci\u00f3n m\u00ednima de 99.999% hasta 0,5 micrones por peso.<\/li>\n<li>Las juntas de doble sello continuo proporcionan un seguro adicional contra las fugas. Ning\u00fan otro dise\u00f1o de filtro le da una barrera de doble sello.<\/li>\n<li>La tecnolog\u00eda de filtro HemiPleat\u00ae garantiza un espaciado uniforme de los pliegues con peque\u00f1as esferas sint\u00e9ticas que mantienen los pliegues del cartucho del filtro completamente abiertos.<\/li>\n<\/ul>\n<\/div>\n\t\t<\/div><\/div><div id=\"panel-41041-0-0-3\" class=\"so-panel widget widget_sow-button panel-last-child\" data-index=\"3\" ><div class=\"animate-69e74e461ebec445304064 panels-animation-hide panel-widget-style panel-widget-style-for-41041-0-0-3\" data-so-animation=\"{&quot;selector&quot;:&quot;.animate-69e74e461ebec445304064&quot;,&quot;animation&quot;:&quot;slideInUp&quot;,&quot;breakpoint&quot;:&quot;780px&quot;,&quot;duration&quot;:1,&quot;repeat&quot;:0,&quot;hide&quot;:1,&quot;disableAnimationMobile&quot;:0,&quot;finalState&quot;:&quot;visible&quot;,&quot;delay&quot;:0,&quot;debounce&quot;:0.1,&quot;event&quot;:&quot;enter&quot;,&quot;offset&quot;:0}\" ><div\n\t\t\t\n\t\t\tclass=\"so-widget-sow-button so-widget-sow-button-flat-f54c0409268f-41041\"\n\t\t\t\n\t\t><div class=\"ow-button-base ow-button-align-center\"\n>\n\t\t\t<a\n\t\t\t\t\thref=\"https:\/\/camfilapc.com\/es\/hemipleat-gold-cone-filter-cartridge-request-quote-es\/\"\n\t\t\t\t\tclass=\"button-content sowb-button ow-icon-placement-left ow-button-hover\" id=\"btn-request-quote\" \t>\n\t\t<span>\n\t\t\t\n\t\t\tSolicitar Presupuesto\t\t<\/span>\n\t\t\t<\/a>\n\t<\/div>\n<\/div><\/div><\/div><\/div><div id=\"pgc-41041-0-1\"  class=\"panel-grid-cell\" ><div id=\"panel-41041-0-1-0\" class=\"so-panel widget panel-first-child\" data-index=\"4\" ><\/div><div id=\"panel-41041-0-1-1\" class=\"so-panel widget widget_ink-tabs panel-last-child\" data-index=\"5\" ><div\n\t\t\t\n\t\t\tclass=\"so-widget-ink-tabs so-widget-ink-tabs-tabs-f071d93df8ef-41041\"\n\t\t\t\n\t\t>\n<div class=\"iw-so-tabs iw-so-tabs-horizontal iw-so-tabs-default\">\n\n\t<ul class=\"iw-so-tabs-nav\">\n\n\t\t\t\t\t<li class=\"iw-so-tab-title iw-so-tab-active\" id=\"ink-tabs-4104110005-1\">\n\t\t\t\t<a href=\"#ink-tabs-4104110005-1-content\">\n\t\t\t\t\t\t\t\t\t\t<span class=\"iw-so-tab-text\">Fotos<\/span>\n\t\t\t\t<\/a>\n\t\t\t<\/li>\n\t\t\t\t\t\t\t\t\t\t\t<li class=\"iw-so-tab-title\" id=\"ink-tabs-4104110005-2\">\n\t\t\t\t<a href=\"#ink-tabs-4104110005-2-content\">\n\t\t\t\t\t\t\t\t\t\t<span class=\"iw-so-tab-text\">Videos<\/span>\n\t\t\t\t<\/a>\n\t\t\t<\/li>\n\t\t\t\t\t\t\t\t\n\t<\/ul>\n\n\t<div class=\"iw-so-tabs-content\">\n\n\t\t\t\t\t<div class=\"iw-so-tabs-panel iw-so-tab-active\" id=\"ink-tabs-4104110005-1-content\">\n\t\t\t\t<style type=\"text\/css\" scoped>.rbs_gallery_69e74e46231bbSpinner{\r\n\t\t\t\tmargin: 50px auto;\r\n\t\t\t\twidth: 50px;\r\n\t\t\t\theight: 40px;\r\n\t\t\t\ttext-align: center;\r\n\t\t\t\tfont-size: 10px;\r\n\t\t\t}\r\n\t\t\t.rbs_gallery_69e74e46231bbSpinner > div{\r\n\t\t\t  background-color: #333;\r\n\t\t\t  height: 100%;\r\n\t\t\t  width: 6px;\r\n\t\t\t  display: inline-block;\r\n\t\t\t  -webkit-animation: rbs_gallery_69e74e46231bb-stretchdelay 1.2s infinite ease-in-out;\r\n\t\t\t  animation: rbs_gallery_69e74e46231bb-stretchdelay 1.2s infinite ease-in-out;\r\n\t\t\t}\r\n\t\t\t.rbs_gallery_69e74e46231bbSpinner .rbs_gallery_69e74e46231bbRect2 {\r\n\t\t\t  -webkit-animation-delay: -1.1s;\r\n\t\t\t  animation-delay: -1.1s;\r\n\t\t\t}\r\n\t\t\t.rbs_gallery_69e74e46231bbSpinner .rbs_gallery_69e74e46231bbRect3 {\r\n\t\t\t  -webkit-animation-delay: -1.0s;\r\n\t\t\t  animation-delay: -1.0s;\r\n\t\t\t}\r\n\t\t\t.rbs_gallery_69e74e46231bbSpinner .rbs_gallery_69e74e46231bbRect4 {\r\n\t\t\t  -webkit-animation-delay: -0.9s;\r\n\t\t\t  animation-delay: -0.9s;\r\n\t\t\t}\r\n\t\t\t.rbs_gallery_69e74e46231bbSpinner .rbs_gallery_69e74e46231bbRect5 {\r\n\t\t\t  -webkit-animation-delay: -0.8s;\r\n\t\t\t  animation-delay: -0.8s;\r\n\t\t\t}\r\n\t\t\t@-webkit-keyframes rbs_gallery_69e74e46231bb-stretchdelay {\r\n\t\t\t  0%, 40%, 100% { -webkit-transform: scaleY(0.4) }  \r\n\t\t\t  20% { -webkit-transform: scaleY(1.0) }\r\n\t\t\t}\r\n\t\t\t@keyframes rbs_gallery_69e74e46231bb-stretchdelay {\r\n\t\t\t  0%, 40%, 100% { \r\n\t\t\t    transform: scaleY(0.4);\r\n\t\t\t    -webkit-transform: scaleY(0.4);\r\n\t\t\t  }  20% { \r\n\t\t\t    transform: scaleY(1.0);\r\n\t\t\t    -webkit-transform: scaleY(1.0);\r\n\t\t\t  }\r\n\t\t\t}\r\n\t\t<\/style><div class=\"robo-gallery-wrap robo-gallery-wrap-id17335 robo-gallery-\" ><div id=\"rbs_gallery_69e74e46231bb-block-loader\" class=\"rbs_gallery_69e74e46231bbSpinner\"><div class=\"rbs_gallery_69e74e46231bbRect1\"><\/div> <div class=\"rbs_gallery_69e74e46231bbRect2\"><\/div> <div class=\"rbs_gallery_69e74e46231bbRect3\"><\/div> <div class=\"rbs_gallery_69e74e46231bbRect4\"><\/div> <div class=\"rbs_gallery_69e74e46231bbRect5\"><\/div><\/div><div id=\"robo_gallery_main_block_rbs_gallery_69e74e46231bb\" class=\"robogallery-gallery-17335\" style=\"width:100%;margin:0 auto;  display: none;\"><div id=\"rbs_gallery_69e74e46231bb\" data-options=\"rbs_gallery_69e74e46231bb\" style=\"width:100%;\" class=\"robo_gallery  \"><div class=\"rbs-img  category17335 \" ><div class=\"rbs-img-image   rbs-lightbox \"  data-descbox=\"Not Using Camfil Filters will void the 12-year warranty on your Farr Gold Series as well as your explosion protection compliance with NFPA guidelines.\" ><div class=\"rbs-img-thumbs\"  data-thumbnail=\"https:\/\/camfilapc.com\/wp-content\/uploads\/2017\/08\/DuraPleatGold-Cone-Cutaway-215x300.jpg\"  title=\"DuraPleatGold-Cone-Cutaway\"  data-width=\"225\"  data-height=\"140\" ><\/div><div class=\"rbs-img-data-popup\"  data-popup=\"https:\/\/camfilapc.com\/wp-content\/uploads\/2017\/08\/DuraPleatGold-Cone-Cutaway.jpg\"  title=\"DuraPleatGold-Cone-Cutaway\" ><\/div><div class=\"thumbnail-overlay\"><div class=\"rbsIcons\"><i class=\"fa fa-search-plus rbsZoomIcon \" ><\/i><\/div><\/div><\/div><\/div><div class=\"rbs-img  category17335 \" ><div class=\"rbs-img-image   rbs-lightbox \" ><div class=\"rbs-img-thumbs\"  data-thumbnail=\"https:\/\/camfilapc.com\/wp-content\/uploads\/2017\/10\/GoldCone_Cutaway_RectangleGasket-225x300.jpg\"  title=\"GoldCone_Cutaway_RectangleGasket\"  data-width=\"225\"  data-height=\"140\" ><\/div><div class=\"rbs-img-data-popup\"  data-popup=\"https:\/\/camfilapc.com\/wp-content\/uploads\/2017\/10\/GoldCone_Cutaway_RectangleGasket.jpg\"  title=\"GoldCone_Cutaway_RectangleGasket\" ><\/div><div class=\"thumbnail-overlay\"><div class=\"rbsIcons\"><i class=\"fa fa-search-plus rbsZoomIcon \" ><\/i><\/div><\/div><\/div><\/div><\/div><\/div><\/div><script>var rbs_gallery_69e74e46231bb = {\"version\":\"5.1.4\",\"id\":17335,\"class\":\"id17335\",\"roboGalleryDelay\":1000,\"mainContainer\":\"#robo_gallery_main_block_rbs_gallery_69e74e46231bb\",\"loadingContainer\":\"#rbs_gallery_69e74e46231bb-block-loader\",\"loadingContainerObj\":\"rbs_gallery_69e74e46231bb-block-loader\",\"columnWidth\":\"auto\",\"columns\":3,\"resolutions\":[{\"columnWidth\":\"auto\",\"columns\":3,\"maxWidth\":960},{\"columnWidth\":\"auto\",\"columns\":2,\"maxWidth\":650},{\"columnWidth\":\"auto\",\"columns\":1,\"maxWidth\":450}],\"descBox\":true,\"descBoxClass\":\"rbs_desc_panel_light\",\"hideTitle\":true,\"lightboxOptions\":{\"gallery\":{\"enabled\":true,\"tCounter\":\"%curr% of %total%\"}},\"borderSize\":1,\"overlayEffect\":\"fade\",\"boxesToLoadStart\":12,\"boxesToLoad\":8,\"LoadingWord\":\"Loading...\",\"loadMoreWord\":\"Load More\",\"noMoreEntriesWord\":\"No More Entries\",\"horizontalSpaceBetweenBoxes\":15,\"verticalSpaceBetweenBoxes\":15,\"lazyLoad\":0,\"wrapContainer\":\"#robo-gallery-wrap-rbs_gallery_69e74e46231bb\"};<\/script>\n\t\t\t<\/div>\n\t\t\t\t\t\t\t\t\t\t\t<div class=\"iw-so-tabs-panel\" id=\"ink-tabs-4104110005-2-content\">\n\t\t\t\t<style type=\"text\/css\" scoped>.rbs_gallery_69e74e46258f1Spinner{\r\n\t\t\t\tmargin: 50px auto;\r\n\t\t\t\twidth: 50px;\r\n\t\t\t\theight: 40px;\r\n\t\t\t\ttext-align: center;\r\n\t\t\t\tfont-size: 10px;\r\n\t\t\t}\r\n\t\t\t.rbs_gallery_69e74e46258f1Spinner > div{\r\n\t\t\t  background-color: #333;\r\n\t\t\t  height: 100%;\r\n\t\t\t  width: 6px;\r\n\t\t\t  display: inline-block;\r\n\t\t\t  -webkit-animation: rbs_gallery_69e74e46258f1-stretchdelay 1.2s infinite ease-in-out;\r\n\t\t\t  animation: rbs_gallery_69e74e46258f1-stretchdelay 1.2s infinite ease-in-out;\r\n\t\t\t}\r\n\t\t\t.rbs_gallery_69e74e46258f1Spinner .rbs_gallery_69e74e46258f1Rect2 {\r\n\t\t\t  -webkit-animation-delay: -1.1s;\r\n\t\t\t  animation-delay: -1.1s;\r\n\t\t\t}\r\n\t\t\t.rbs_gallery_69e74e46258f1Spinner .rbs_gallery_69e74e46258f1Rect3 {\r\n\t\t\t  -webkit-animation-delay: -1.0s;\r\n\t\t\t  animation-delay: -1.0s;\r\n\t\t\t}\r\n\t\t\t.rbs_gallery_69e74e46258f1Spinner .rbs_gallery_69e74e46258f1Rect4 {\r\n\t\t\t  -webkit-animation-delay: -0.9s;\r\n\t\t\t  animation-delay: -0.9s;\r\n\t\t\t}\r\n\t\t\t.rbs_gallery_69e74e46258f1Spinner .rbs_gallery_69e74e46258f1Rect5 {\r\n\t\t\t  -webkit-animation-delay: -0.8s;\r\n\t\t\t  animation-delay: -0.8s;\r\n\t\t\t}\r\n\t\t\t@-webkit-keyframes rbs_gallery_69e74e46258f1-stretchdelay {\r\n\t\t\t  0%, 40%, 100% { -webkit-transform: scaleY(0.4) }  \r\n\t\t\t  20% { -webkit-transform: scaleY(1.0) }\r\n\t\t\t}\r\n\t\t\t@keyframes rbs_gallery_69e74e46258f1-stretchdelay {\r\n\t\t\t  0%, 40%, 100% { \r\n\t\t\t    transform: scaleY(0.4);\r\n\t\t\t    -webkit-transform: scaleY(0.4);\r\n\t\t\t  }  20% { \r\n\t\t\t    transform: scaleY(1.0);\r\n\t\t\t    -webkit-transform: scaleY(1.0);\r\n\t\t\t  }\r\n\t\t\t}\r\n\t\t<\/style><div class=\"robo-gallery-wrap robo-gallery-wrap-id17338 robo-gallery-\" ><div id=\"rbs_gallery_69e74e46258f1-block-loader\" class=\"rbs_gallery_69e74e46258f1Spinner\"><div class=\"rbs_gallery_69e74e46258f1Rect1\"><\/div> <div class=\"rbs_gallery_69e74e46258f1Rect2\"><\/div> <div class=\"rbs_gallery_69e74e46258f1Rect3\"><\/div> <div class=\"rbs_gallery_69e74e46258f1Rect4\"><\/div> <div class=\"rbs_gallery_69e74e46258f1Rect5\"><\/div><\/div><div id=\"robo_gallery_main_block_rbs_gallery_69e74e46258f1\" class=\"robogallery-gallery-17338\" style=\"width:100%;  display: none;\"><div id=\"rbs_gallery_69e74e46258f1\" data-options=\"rbs_gallery_69e74e46258f1\" style=\"width:100%;\" class=\"robo_gallery  \"><div class=\"rbs-img  category17338 \"  data-columns=\"1\" ><div class=\"rbs-img-image   rbs-lightbox \" ><div class=\"rbs-img-thumbs\"  data-thumbnail=\"https:\/\/camfilapc.com\/wp-content\/uploads\/2017\/12\/hemipleat-pulsing-video2.jpg\"  title=\"hemipleat-pulsing-video2\"  data-width=\"300\"  data-height=\"169\" ><\/div><div class=\"rbs-img-data-popup\"  data-popup=\"https:\/\/player.vimeo.com\/video\/313019156\"  data-type=\"iframe\"  title=\"\" ><\/div><div class=\"thumbnail-overlay\"><div class=\"rbsIcons\"><i class=\"fa fa-search-plus rbsZoomIcon \" ><\/i><\/div><\/div><\/div><\/div><\/div><\/div><\/div><script>var rbs_gallery_69e74e46258f1 = {\"version\":\"5.1.4\",\"id\":17338,\"class\":\"id17338\",\"roboGalleryDelay\":1000,\"mainContainer\":\"#robo_gallery_main_block_rbs_gallery_69e74e46258f1\",\"loadingContainer\":\"#rbs_gallery_69e74e46258f1-block-loader\",\"loadingContainerObj\":\"rbs_gallery_69e74e46258f1-block-loader\",\"columnWidth\":\"auto\",\"columns\":2,\"resolutions\":[{\"columnWidth\":\"auto\",\"columns\":3,\"maxWidth\":960},{\"columnWidth\":\"auto\",\"columns\":2,\"maxWidth\":650},{\"columnWidth\":\"auto\",\"columns\":1,\"maxWidth\":450}],\"lightboxOptions\":{\"gallery\":{\"enabled\":true,\"tCounter\":\"%curr% of %total%\"}},\"borderSize\":2,\"overlayEffect\":\"fade\",\"boxesToLoadStart\":5,\"boxesToLoad\":5,\"LoadingWord\":\"Loading...\",\"loadMoreWord\":\"Load More\",\"noMoreEntriesWord\":\"No More Entries\",\"horizontalSpaceBetweenBoxes\":10,\"verticalSpaceBetweenBoxes\":10,\"lazyLoad\":0,\"wrapContainer\":\"#robo-gallery-wrap-rbs_gallery_69e74e46258f1\"};<\/script>\n\t\t\t<\/div>\n\t\t\t\t\t\t\t\t\n\t<\/div>\n\n<\/div>\n<\/div><\/div><\/div><\/div><div id=\"pg-41041-1\"  class=\"panel-grid panel-has-style\" ><div id=\"product-full-detail\" class=\"panel-row-style panel-row-style-for-41041-1\" ><div id=\"pgc-41041-1-0\"  class=\"panel-grid-cell\" ><div id=\"panel-41041-1-0-0\" class=\"so-panel widget widget_sow-headline panel-first-child\" data-index=\"6\" ><div\n\t\t\t\n\t\t\tclass=\"so-widget-sow-headline so-widget-sow-headline-default-4d59ec8983cb-41041\"\n\t\t\t\n\t\t><div class=\"sow-headline-container \">\n\t\t\t\t\t\t\t<h3 class=\"sow-headline\">\n\t\t\t\t\t\tEl exclusivo y patentado Gold Cone en el centro del cartucho ofrece beneficios que no est\u00e1n disponibles con los cartuchos de filtro de la competencia.\t\t\t\t\t\t<\/h3>\n\t\t\t\t\t\t<\/div>\n<\/div><\/div><div id=\"panel-41041-1-0-1\" class=\"so-panel widget widget_sow-editor panel-last-child\" data-index=\"7\" ><div id=\"main-p-column\" class=\"panel-widget-style panel-widget-style-for-41041-1-0-1\" ><div\n\t\t\t\n\t\t\tclass=\"so-widget-sow-editor so-widget-sow-editor-base\"\n\t\t\t\n\t\t>\n<div class=\"siteorigin-widget-tinymce textwidget\">\n\t<p><strong>Limpieza de Pulso Inverso<\/strong><\/p>\n<ul>\n<li>Con un cono interno moldeado por inyecci\u00f3n en el centro del cartucho, la limpieza se realiza mediante ondas de pulso que emanan de este cono interior. La limpieza avanzada proporciona un funcionamiento m\u00e1s eficiente, una vida \u00fatil m\u00e1s larga del cartucho y requisitos de servicio reducidos.<\/li>\n<li>Los resultados de las pruebas indican que este nuevo m\u00e9todo de distribuci\u00f3n de impulsos proporciona una mejor eficiencia de limpieza y recolecci\u00f3n de polvo.<\/li>\n<\/ul>\n<p><strong>Medias filtrantes\u00a0<\/strong><\/p>\n<ul>\n<li>Media filtrante de 30.2 pies cuadrados - 82 \u00b0 C M\u00e1x.<\/li>\n<li>HMPTS - HemiPleat PolyTech Estandard<\/li>\n<li>HMPTC - HemiPleat PolyTech Carbon Impregnado<\/li>\n<li>HMPTF - HemiPleat PolyTech Fuego retardante<\/li>\n<li>HMPTU - HemiPleat PolyTech Alta eficiencia<\/li>\n<li>HMPTUF - HemiPleat PolyTech Alta eficiencia y fuego retardante<\/li>\n<li>Media filtrante de 20.9 pies cuadrados - 121 \u00b0 C m\u00e1x., Lavables<\/li>\n<\/ul>\n<\/div>\n<\/div><\/div><\/div><\/div><div id=\"pgc-41041-1-1\"  class=\"panel-grid-cell\" ><\/div><\/div><\/div><\/div>","protected":false},"excerpt":{"rendered":"<p>Caracteristicas Clave: Capacidad ampliada debido al cono interno patentado de los medios de filtraci\u00f3n. El cono interno proporciona una dispersi\u00f3n uniforme del aire pulsante y abre m\u00e1s espacio utilizable para el flujo de aire en el extractor de polvo. El medio PolyTech \u2122 de Camfil es el medio de limpieza por pulsos m\u00e1s avanzado que se haya fabricado. Todas las...<\/p>\n","protected":false},"author":1,"featured_media":41024,"parent":41017,"menu_order":0,"comment_status":"closed","ping_status":"closed","template":"","meta":{"_acf_changed":false,"footnotes":""},"class_list":["post-41041","page","type-page","status-publish","has-post-thumbnail","hentry"],"acf":[],"_links":{"self":[{"href":"https:\/\/camfilapc.com\/es\/wp-json\/wp\/v2\/pages\/41041","targetHints":{"allow":["GET"]}}],"collection":[{"href":"https:\/\/camfilapc.com\/es\/wp-json\/wp\/v2\/pages"}],"about":[{"href":"https:\/\/camfilapc.com\/es\/wp-json\/wp\/v2\/types\/page"}],"author":[{"embeddable":true,"href":"https:\/\/camfilapc.com\/es\/wp-json\/wp\/v2\/users\/1"}],"replies":[{"embeddable":true,"href":"https:\/\/camfilapc.com\/es\/wp-json\/wp\/v2\/comments?post=41041"}],"version-history":[{"count":0,"href":"https:\/\/camfilapc.com\/es\/wp-json\/wp\/v2\/pages\/41041\/revisions"}],"up":[{"embeddable":true,"href":"https:\/\/camfilapc.com\/es\/wp-json\/wp\/v2\/pages\/41017"}],"wp:featuredmedia":[{"embeddable":true,"href":"https:\/\/camfilapc.com\/es\/wp-json\/wp\/v2\/media\/41024"}],"wp:attachment":[{"href":"https:\/\/camfilapc.com\/es\/wp-json\/wp\/v2\/media?parent=41041"}],"curies":[{"name":"wp","href":"https:\/\/api.w.org\/{rel}","templated":true}]}}