{"id":41017,"date":"2017-08-17T11:12:34","date_gmt":"2017-08-17T15:12:34","guid":{"rendered":"https:\/\/camfilapc.com\/products\/filters\/"},"modified":"2019-09-12T13:41:12","modified_gmt":"2019-09-12T17:41:12","slug":"filters","status":"publish","type":"page","link":"https:\/\/camfilapc.com\/es\/products\/filters\/","title":{"rendered":"Filtros de cartucho"},"content":{"rendered":"<div id=\"pl-41017\"  class=\"panel-layout\" ><div id=\"pg-41017-0\"  class=\"panel-grid panel-no-style\" ><div id=\"pgc-41017-0-0\"  class=\"panel-grid-cell\" ><div id=\"panel-41017-0-0-0\" class=\"so-panel widget widget_sow-image panel-first-child\" data-index=\"0\" ><div id=\"product-thumb\" class=\"panel-widget-style panel-widget-style-for-41017-0-0-0\" ><div\n\t\t\t\n\t\t\tclass=\"so-widget-sow-image so-widget-sow-image-default-8b5b6f678277-41017\"\n\t\t\t\n\t\t>\n<div class=\"sow-image-container\">\n\t\t\t<a href=\"\"\n\t\t\t\t\t>\n\t\t\t<img \n\tsrc=\"https:\/\/camfilapc.com\/wp-content\/uploads\/2018\/01\/hemipleat-retrofit-filter-cartridge-collage-group-beauty-shot-e1516048519838.jpg\" width=\"271\" height=\"210\" sizes=\"(max-width: 271px) 100vw, 271px\" title=\"hemipleat-retrofit-filter-cartridge-collage-group-beauty-shot\" alt=\"\" \t\tclass=\"so-widget-image\"\/>\n\t\t\t<\/a><\/div>\n\n<\/div><\/div><\/div><div id=\"panel-41017-0-0-1\" class=\"so-panel widget widget_sow-headline\" data-index=\"1\" ><div\n\t\t\t\n\t\t\tclass=\"so-widget-sow-headline so-widget-sow-headline-default-0de49b95b459-41017\"\n\t\t\t\n\t\t><div class=\"sow-headline-container \">\n\t\t\t\t\t\t\t<p class=\"sow-headline\">\n\t\t\t\t\t\tFiltros HemiPleat\u00ae \t\t\t\t\t\t<\/p>\n\t\t\t\t\t\t<\/div>\n<\/div><\/div><div id=\"panel-41017-0-0-2\" class=\"so-panel widget widget_sow-editor\" data-index=\"2\" ><div\n\t\t\t\n\t\t\tclass=\"so-widget-sow-editor so-widget-sow-editor-base\"\n\t\t\t\n\t\t>\n<div class=\"siteorigin-widget-tinymce textwidget\">\n\t<p>El rendimiento comprobado de nuestros filtros de \u00faltima generaci\u00f3n:<\/p>\n<ul>\n<li>Ahorra tiempo.<\/li>\n<li>Ahorra energ\u00eda.<\/li>\n<li>Ahorra dinero.<\/li>\n<\/ul>\n<\/div>\n<\/div><\/div><div id=\"panel-41017-0-0-3\" class=\"so-panel widget widget_sow-button panel-last-child\" data-index=\"3\" ><div\n\t\t\t\n\t\t\tclass=\"so-widget-sow-button so-widget-sow-button-flat-f54c0409268f-41017\"\n\t\t\t\n\t\t><div class=\"ow-button-base ow-button-align-center\"\n>\n\t\t\t<a\n\t\t\t\t\thref=\"\"\n\t\t\t\t\tclass=\"button-content sowb-button ow-icon-placement-left ow-button-hover\" id=\"btn-learn-more\" \t>\n\t\t<span>\n\t\t\t\n\t\t\tM\u00e1s Informaci\u00f3n\t\t<\/span>\n\t\t\t<\/a>\n\t<\/div>\n<\/div><\/div><\/div><div id=\"pgc-41017-0-1\"  class=\"panel-grid-cell\" ><div id=\"panel-41017-0-1-0\" class=\"so-panel widget widget_sow-image panel-first-child\" data-index=\"4\" ><div id=\"product-thumb\" class=\"panel-widget-style panel-widget-style-for-41017-0-1-0\" ><div\n\t\t\t\n\t\t\tclass=\"so-widget-sow-image so-widget-sow-image-default-8b5b6f678277-41017\"\n\t\t\t\n\t\t>\n<div class=\"sow-image-container\">\n\t\t\t<a href=\"https:\/\/camfilapc.com\/products\/filters\/replacement-filters\/\"\n\t\t\t\t\t>\n\t\t\t<img \n\tsrc=\"https:\/\/camfilapc.com\/wp-content\/uploads\/2018\/01\/2017-01-15-retrofit-filter-collage-customer-site-1-e1516031247872.jpg\" width=\"331\" height=\"210\" sizes=\"(max-width: 331px) 100vw, 331px\" title=\"Retrofit HemiPleat Filter\" alt=\"Retrofit HemiPleat Industrial Dust Filter\" \t\tclass=\"so-widget-image\"\/>\n\t\t\t<\/a><\/div>\n\n<\/div><\/div><\/div><div id=\"panel-41017-0-1-1\" class=\"so-panel widget widget_sow-headline\" data-index=\"5\" ><div id=\"product-short-description\" class=\"panel-widget-style panel-widget-style-for-41017-0-1-1\" ><div\n\t\t\t\n\t\t\tclass=\"so-widget-sow-headline so-widget-sow-headline-default-0de49b95b459-41017\"\n\t\t\t\n\t\t><div class=\"sow-headline-container \">\n\t\t\t\t\t\t\t<p class=\"sow-headline\">\n\t\t\t\t\t\tHemiPleat\u00ae Retrofits\t\t\t\t\t\t<\/p>\n\t\t\t\t\t\t\t\t\t\t\t\t<p class=\"sow-sub-headline\">\n\t\t\t\t\t\tCualquier medida. Cualquier sujeci\u00f3n. Cualquier industria. Cambi\u00e1ndose a un HemiPleat mejorar\u00e1 el rendimiento de CUALQUIER colector de polvo. Vea nuestra garant\u00eda libre de riesgo.\t\t\t\t\t\t<\/p>\n\t\t\t\t\t\t<\/div>\n<\/div><\/div><\/div><div id=\"panel-41017-0-1-2\" class=\"so-panel widget widget_sow-button panel-last-child\" data-index=\"6\" ><div\n\t\t\t\n\t\t\tclass=\"so-widget-sow-button so-widget-sow-button-flat-f54c0409268f-41017\"\n\t\t\t\n\t\t><div class=\"ow-button-base ow-button-align-center\"\n>\n\t\t\t<a\n\t\t\t\t\thref=\"https:\/\/camfilapc.com\/products\/filters\/replacement-filters\/\"\n\t\t\t\t\tclass=\"button-content sowb-button ow-icon-placement-left ow-button-hover\" id=\"btn-learn-more\" \t>\n\t\t<span>\n\t\t\t\n\t\t\tM\u00e1s Informaci\u00f3n\t\t<\/span>\n\t\t\t<\/a>\n\t<\/div>\n<\/div><\/div><\/div><div id=\"pgc-41017-0-2\"  class=\"panel-grid-cell\" ><div id=\"panel-41017-0-2-0\" class=\"so-panel widget widget_sow-image panel-first-child\" data-index=\"7\" ><div id=\"product-thumb\" class=\"panel-widget-style panel-widget-style-for-41017-0-2-0\" ><div\n\t\t\t\n\t\t\tclass=\"so-widget-sow-image so-widget-sow-image-default-8b5b6f678277-41017\"\n\t\t\t\n\t\t>\n<div class=\"sow-image-container\">\n\t\t\t<a href=\"\"\n\t\t\t\t\t>\n\t\t\t<img \n\tsrc=\"https:\/\/camfilapc.com\/wp-content\/uploads\/2017\/11\/durapleat-thumb-4.jpg\" width=\"152\" height=\"210\" sizes=\"(max-width: 152px) 100vw, 152px\" title=\"durapleat-thumb\" alt=\"\" \t\tclass=\"so-widget-image\"\/>\n\t\t\t<\/a><\/div>\n\n<\/div><\/div><\/div><div id=\"panel-41017-0-2-1\" class=\"so-panel widget widget_sow-headline\" data-index=\"8\" ><div id=\"product-short-description\" class=\"panel-widget-style panel-widget-style-for-41017-0-2-1\" ><div\n\t\t\t\n\t\t\tclass=\"so-widget-sow-headline so-widget-sow-headline-default-0de49b95b459-41017\"\n\t\t\t\n\t\t><div class=\"sow-headline-container \">\n\t\t\t\t\t\t\t<p class=\"sow-headline\">\n\t\t\t\t\t\tFiltros Dura-Pleat\u00ae\t\t\t\t\t\t<\/p>\n\t\t\t\t\t\t\t\t\t\t\t\t<p class=\"sow-sub-headline\">\n\t\t\t\t\t\tCombina la alta eficiencia de los filtros plisados con la versatilidad de los sint\u00e9ticos.\t\t\t\t\t\t<\/p>\n\t\t\t\t\t\t<\/div>\n<\/div><\/div><\/div><div id=\"panel-41017-0-2-2\" class=\"so-panel widget widget_sow-button panel-last-child\" data-index=\"9\" ><div\n\t\t\t\n\t\t\tclass=\"so-widget-sow-button so-widget-sow-button-flat-f54c0409268f-41017\"\n\t\t\t\n\t\t><div class=\"ow-button-base ow-button-align-center\"\n>\n\t\t\t<a\n\t\t\t\t\thref=\"\"\n\t\t\t\t\tclass=\"button-content sowb-button ow-icon-placement-left ow-button-hover\" id=\"btn-learn-more\" \t>\n\t\t<span>\n\t\t\t\n\t\t\tM\u00e1s Informaci\u00f3n\t\t<\/span>\n\t\t\t<\/a>\n\t<\/div>\n<\/div><\/div><\/div><\/div><\/div>","protected":false},"excerpt":{"rendered":"<p>El rendimiento comprobado de nuestros filtros de \u00faltima generaci\u00f3n: Ahorra tiempo. Ahorra energ\u00eda. Ahorra dinero.<\/p>\n","protected":false},"author":1,"featured_media":0,"parent":40822,"menu_order":0,"comment_status":"closed","ping_status":"closed","template":"","meta":{"_acf_changed":false,"footnotes":""},"class_list":["post-41017","page","type-page","status-publish","hentry"],"acf":[],"_links":{"self":[{"href":"https:\/\/camfilapc.com\/es\/wp-json\/wp\/v2\/pages\/41017","targetHints":{"allow":["GET"]}}],"collection":[{"href":"https:\/\/camfilapc.com\/es\/wp-json\/wp\/v2\/pages"}],"about":[{"href":"https:\/\/camfilapc.com\/es\/wp-json\/wp\/v2\/types\/page"}],"author":[{"embeddable":true,"href":"https:\/\/camfilapc.com\/es\/wp-json\/wp\/v2\/users\/1"}],"replies":[{"embeddable":true,"href":"https:\/\/camfilapc.com\/es\/wp-json\/wp\/v2\/comments?post=41017"}],"version-history":[{"count":0,"href":"https:\/\/camfilapc.com\/es\/wp-json\/wp\/v2\/pages\/41017\/revisions"}],"up":[{"embeddable":true,"href":"https:\/\/camfilapc.com\/es\/wp-json\/wp\/v2\/pages\/40822"}],"wp:attachment":[{"href":"https:\/\/camfilapc.com\/es\/wp-json\/wp\/v2\/media?parent=41017"}],"curies":[{"name":"wp","href":"https:\/\/api.w.org\/{rel}","templated":true}]}}