{"id":40982,"date":"2018-08-28T08:35:18","date_gmt":"2018-08-28T12:35:18","guid":{"rendered":"https:\/\/camfilapc.com\/products\/machining-mist-collectors\/em-o-compact-mist-collector\/"},"modified":"2023-03-21T12:35:53","modified_gmt":"2023-03-21T16:35:53","slug":"em-o-compact-mist-collector","status":"publish","type":"page","link":"https:\/\/camfilapc.com\/es\/products\/machining-mist-collectors\/em-o-compact-mist-collector\/","title":{"rendered":"EM-O Compact"},"content":{"rendered":"<div id=\"pl-40982\"  class=\"panel-layout\" ><div id=\"pg-40982-0\"  class=\"panel-grid panel-no-style\" ><div id=\"pgc-40982-0-0\"  class=\"panel-grid-cell\" ><div id=\"panel-40982-0-0-0\" class=\"so-panel widget widget_sow-headline panel-first-child\" data-index=\"0\" ><div id=\"product-name\" class=\"panel-widget-style panel-widget-style-for-40982-0-0-0\" ><div\n\t\t\t\n\t\t\tclass=\"so-widget-sow-headline so-widget-sow-headline-default-8913cd27cdbd-40982\"\n\t\t\t\n\t\t><div class=\"sow-headline-container \">\n\t\t\t\t\t\t\t<h2 class=\"sow-headline\">\n\t\t\t\t\t\tCOLECTOR COMPACTO DE NEBLINAS PARA ACEITES Y EMULSIONES\t\t\t\t\t\t<\/h2>\n\t\t\t\t\t\t\t\t\t\t\t<div class=\"decoration\">\n\t\t\t\t\t\t<div class=\"decoration-inside\"><\/div>\n\t\t\t\t\t<\/div>\n\t\t\t\t\t<\/div>\n<\/div><\/div><\/div><div id=\"panel-40982-0-0-1\" class=\"widget_text so-panel widget widget_custom_html\" data-index=\"1\" ><div class=\"textwidget custom-html-widget\"><span class=\"content-lead\">Dise\u00f1ado para:<\/span>\n<a href=\"\/products\/machining-mist-collectors\/\">Una F\u00e1cil integraci\u00f3n a sus centros de Maquinado y Herramientas.<\/a><\/div><\/div><div id=\"panel-40982-0-0-2\" class=\"so-panel widget widget_text\" data-index=\"2\" ><div id=\"category-product-applications\" class=\"panel-widget-style panel-widget-style-for-40982-0-0-2\" >\t\t\t<div class=\"textwidget\"><p>El compacto colector de neblina EM-0 es una opci\u00f3n accesible para talleres peque\u00f1os que desean un ambiente de operaci\u00f3n limpio y seguro. Este peque\u00f1o y vers\u00e1til colector de niebla, es f\u00e1cil de integrar a los centros de maquinado. Se puede montar en la parte superior del equipo o en el piso junto al equipo como un dispositivo independiente. Se puede usar tanto para aplicaciones de aceite como aplicaciones con refrigerante sint\u00e9tico, solo con unos peque\u00f1os ajustes.<\/p>\n<\/div>\n\t\t<\/div><\/div><div id=\"panel-40982-0-0-3\" class=\"so-panel widget widget_sow-editor\" data-index=\"3\" ><div id=\"vimeo-page-embed\" class=\"panel-widget-style panel-widget-style-for-40982-0-0-3\" ><div\n\t\t\t\n\t\t\tclass=\"so-widget-sow-editor so-widget-sow-editor-base\"\n\t\t\t\n\t\t><h3 class=\"widget-title\">Caracteristicas Clave del Colector Compacto para Niebla EM-O<\/h3>\n<div class=\"siteorigin-widget-tinymce textwidget\">\n\t<p><iframe loading=\"lazy\" title=\"EM-O Compact Mist Collector\" src=\"https:\/\/player.vimeo.com\/video\/294169974?dnt=1&amp;app_id=122963\" width=\"500\" height=\"281\" frameborder=\"0\" allow=\"autoplay; fullscreen; picture-in-picture; clipboard-write; encrypted-media; web-share\" referrerpolicy=\"strict-origin-when-cross-origin\"><\/iframe><\/p>\n<\/div>\n<\/div><\/div><\/div><div id=\"panel-40982-0-0-4\" class=\"so-panel widget widget_text\" data-index=\"4\" ><div id=\"category-product-key-features\" class=\"panel-widget-style panel-widget-style-for-40982-0-0-4\" >\t\t\t<div class=\"textwidget\"><p>Caracter\u00edsticas:<\/p>\n<ul>\n<li>Construcci\u00f3n compacta<\/li>\n<li>Maximo \u00c1rea de filtrado<\/li>\n<li>Aplicaciones de m\u00e1xima lubricaci\u00f3n<\/li>\n<li>Algunas aplicaciones de lubricaci\u00f3n m\u00ednima con volumen de aire entre 470-700 CFM<\/li>\n<li>Separaci\u00f3n eficiente de filtraci\u00f3n &gt; F9 con filtro HEPA opcional<\/li>\n<li>Larga vida \u00fatil<\/li>\n<li>Operaci\u00f3n silenciosa<\/li>\n<li>F\u00e1cil reemplazo del filtro sin herramientas<\/li>\n<li>Eficiente en uso de Energ\u00eda<\/li>\n<\/ul>\n<\/div>\n\t\t<\/div><\/div><div id=\"panel-40982-0-0-5\" class=\"so-panel widget widget_sow-button\" data-index=\"5\" ><div class=\"animate-69dccd02c530b687805165 panels-animation-hide panel-widget-style panel-widget-style-for-40982-0-0-5\" data-so-animation=\"{&quot;selector&quot;:&quot;.animate-69dccd02c530b687805165&quot;,&quot;animation&quot;:&quot;fadeInUp&quot;,&quot;breakpoint&quot;:&quot;780px&quot;,&quot;duration&quot;:1,&quot;repeat&quot;:0,&quot;hide&quot;:1,&quot;disableAnimationMobile&quot;:0,&quot;finalState&quot;:&quot;visible&quot;,&quot;delay&quot;:0,&quot;debounce&quot;:0.1,&quot;event&quot;:&quot;enter&quot;,&quot;offset&quot;:0}\" ><div\n\t\t\t\n\t\t\tclass=\"so-widget-sow-button so-widget-sow-button-flat-f54c0409268f-40982\"\n\t\t\t\n\t\t><div class=\"ow-button-base ow-button-align-center\"\n>\n\t\t\t<a\n\t\t\t\t\thref=\"https:\/\/camfilapc.com\/es\/em-o-compact-request-quote-es\/\"\n\t\t\t\t\tclass=\"button-content sowb-button ow-icon-placement-left ow-button-hover\" id=\"btn-request-quote\" \t>\n\t\t<span>\n\t\t\t\n\t\t\tSolicitar Prsupuesto\t\t<\/span>\n\t\t\t<\/a>\n\t<\/div>\n<\/div><\/div><\/div><div id=\"panel-40982-0-0-6\" class=\"so-panel widget widget_sow-headline\" data-index=\"6\" ><div\n\t\t\t\n\t\t\tclass=\"so-widget-sow-headline so-widget-sow-headline-default-4d59ec8983cb-40982\"\n\t\t\t\n\t\t><div class=\"sow-headline-container \">\n\t\t\t\t\t\t\t<h3 class=\"sow-headline\">\n\t\t\t\t\t\tFLEXIBLE. COMPACTO. TIPO \u201cPLUG AND PLAY\u201d\t\t\t\t\t\t<\/h3>\n\t\t\t\t\t\t<\/div>\n<\/div><\/div><div id=\"panel-40982-0-0-7\" class=\"so-panel widget widget_ink-accordion\" data-index=\"7\" ><div\n\t\t\t\n\t\t\tclass=\"so-widget-ink-accordion so-widget-ink-accordion-accordion-c6a79b8c362b-40982\"\n\t\t\t\n\t\t>\n<div class=\"iw-so-accordion-plain iw-so-accordion iw-so-acc-singleExpand\">\n\n\t\n\t\t<div class=\"iw-so-acc-item\"  id=\"plus-1\">\n\n\t\t\t<a href=\"#\" class=\"iw-so-acc-title iw-text-left\">\n\t\t\t\tDispositivo con un dise\u00f1o compacto con m\u00e1xima superficie de filtrado\t\t\t\t<span class=\"iw-so-tgl-open\"><span class=\"sow-icon-fontawesome sow-fas\" data-sow-icon=\"&#x2b;\"\n\t\tstyle=\"font-size: 2em; color: right\" \n\t\taria-hidden=\"true\"><\/span><\/span>\n\t\t\t\t<span class=\"iw-so-tgl-close\"><span class=\"sow-icon-fontawesome sow-fas\" data-sow-icon=\"&#xf068;\"\n\t\tstyle=\"font-size: 2em; color: right\" \n\t\taria-hidden=\"true\"><\/span><\/span>\n\t\t\t<\/a>\n\n\t\t\t<div class=\"iw-so-acc-content\">\n\t\t\t\t<ul>\n<li>Aire mas Limpio: Eficiencia de filtrado &gt; F9.<\/li>\n<li>Larga vida \u00fatil de los filtros: hasta un a\u00f1o.<\/li>\n<li>Bajo consumo de energ\u00eda debido a la poca ca\u00edda en presi\u00f3n.<\/li>\n<\/ul>\n\t\t\t<\/div>\n\n\t\t<\/div>\n\n\t\t\n\t\n\t\t<div class=\"iw-so-acc-item\"  id=\"plus-2\">\n\n\t\t\t<a href=\"#\" class=\"iw-so-acc-title iw-text-left\">\n\t\t\t\tELEMENTOS FILTRANTES OPTIMIZADOS\t\t\t\t<span class=\"iw-so-tgl-open\"><span class=\"sow-icon-fontawesome sow-fas\" data-sow-icon=\"&#x2b;\"\n\t\tstyle=\"font-size: 2em; color: right\" \n\t\taria-hidden=\"true\"><\/span><\/span>\n\t\t\t\t<span class=\"iw-so-tgl-close\"><span class=\"sow-icon-fontawesome sow-fas\" data-sow-icon=\"&#xf068;\"\n\t\tstyle=\"font-size: 2em; color: right\" \n\t\taria-hidden=\"true\"><\/span><\/span>\n\t\t\t<\/a>\n\n\t\t\t<div class=\"iw-so-acc-content\">\n\t\t\t\tLos filtros son f\u00e1ciles de reemplazar, no se requiere de herramientas y son livianos. El filtro met\u00e1lico tambi\u00e9n se puede lavar y reutilizar. Los filtros est\u00e1n dise\u00f1ados para drenar mejor durante la operaci\u00f3n.\t\t\t<\/div>\n\n\t\t<\/div>\n\n\t\t\n\t\n\t\t<div class=\"iw-so-acc-item\"  id=\"plus-3\">\n\n\t\t\t<a href=\"#\" class=\"iw-so-acc-title iw-text-left\">\n\t\t\t\tPEQUE\u00d1O REQUISITO DE ESPACIO Y BAJO NIVEL DE RUIDO\t\t\t\t<span class=\"iw-so-tgl-open\"><span class=\"sow-icon-fontawesome sow-fas\" data-sow-icon=\"&#x2b;\"\n\t\tstyle=\"font-size: 2em; color: right\" \n\t\taria-hidden=\"true\"><\/span><\/span>\n\t\t\t\t<span class=\"iw-so-tgl-close\"><span class=\"sow-icon-fontawesome sow-fas\" data-sow-icon=\"&#xf068;\"\n\t\tstyle=\"font-size: 2em; color: right\" \n\t\taria-hidden=\"true\"><\/span><\/span>\n\t\t\t<\/a>\n\n\t\t\t<div class=\"iw-so-acc-content\">\n\t\t\t\t<p>Debido a su tama\u00f1o reducido y su funcionamiento silencioso, el EM-O Compact se puede integrar f\u00e1cilmente a su maquinaria o l\u00ednea de producci\u00f3n.<\/p>\n\t\t\t<\/div>\n\n\t\t<\/div>\n\n\t\t\n\t\n\t\t<div class=\"iw-so-acc-item\"  id=\"plus-4\">\n\n\t\t\t<a href=\"#\" class=\"iw-so-acc-title iw-text-left\">\n\t\t\t\tFLEXIBILIDAD\t\t\t\t<span class=\"iw-so-tgl-open\"><span class=\"sow-icon-fontawesome sow-fas\" data-sow-icon=\"&#x2b;\"\n\t\tstyle=\"font-size: 2em; color: right\" \n\t\taria-hidden=\"true\"><\/span><\/span>\n\t\t\t\t<span class=\"iw-so-tgl-close\"><span class=\"sow-icon-fontawesome sow-fas\" data-sow-icon=\"&#xf068;\"\n\t\tstyle=\"font-size: 2em; color: right\" \n\t\taria-hidden=\"true\"><\/span><\/span>\n\t\t\t<\/a>\n\n\t\t\t<div class=\"iw-so-acc-content\">\n\t\t\t\t<p>El EM-O se puede usar tanto para colectar neblinas producidas por aceite como neblinas producidas por sint\u00e9tico sin grandes modificaciones. La mayor ventaja radica en que se utilizan los mismos filtros para ambas aplicaciones. Tiene la opci\u00f3n de montar un filtro terminal HEPA en la parte superior de la unidad para la colecci\u00f3n de neblina de aceite.<\/p>\n\t\t\t<\/div>\n\n\t\t<\/div>\n\n\t\t\n\t\n\t\t<div class=\"iw-so-acc-item\"  id=\"plus-5\">\n\n\t\t\t<a href=\"#\" class=\"iw-so-acc-title iw-text-left\">\n\t\t\t\tINSTALACI\u00d3N FLEXIBLE\t\t\t\t<span class=\"iw-so-tgl-open\"><span class=\"sow-icon-fontawesome sow-fas\" data-sow-icon=\"&#x2b;\"\n\t\tstyle=\"font-size: 2em; color: right\" \n\t\taria-hidden=\"true\"><\/span><\/span>\n\t\t\t\t<span class=\"iw-so-tgl-close\"><span class=\"sow-icon-fontawesome sow-fas\" data-sow-icon=\"&#xf068;\"\n\t\tstyle=\"font-size: 2em; color: right\" \n\t\taria-hidden=\"true\"><\/span><\/span>\n\t\t\t<\/a>\n\n\t\t\t<div class=\"iw-so-acc-content\">\n\t\t\t\t<p>Este colector de niebla se puede integrar en su equipo como un dispositivo de montaje superior o independiente, con opciones de conexi\u00f3n izquierda o derecha. Se entrega listo para funcionar, pero tambi\u00e9n hay accesorios opcionales disponibles para adaptar la unidad a sus necesidades espec\u00edficas.<\/p>\n\t\t\t<\/div>\n\n\t\t<\/div>\n\n\t\t\n\t\n\t\t<div class=\"iw-so-acc-item\"  id=\"plus-6\">\n\n\t\t\t<a href=\"#\" class=\"iw-so-acc-title iw-text-left\">\n\t\t\t\tDATOS TECNICOS\/TAMA\u00d1O\t\t\t\t<span class=\"iw-so-tgl-open\"><span class=\"sow-icon-fontawesome sow-fas\" data-sow-icon=\"&#x2b;\"\n\t\tstyle=\"font-size: 2em; color: right\" \n\t\taria-hidden=\"true\"><\/span><\/span>\n\t\t\t\t<span class=\"iw-so-tgl-close\"><span class=\"sow-icon-fontawesome sow-fas\" data-sow-icon=\"&#xf068;\"\n\t\tstyle=\"font-size: 2em; color: right\" \n\t\taria-hidden=\"true\"><\/span><\/span>\n\t\t\t<\/a>\n\n\t\t\t<div class=\"iw-so-acc-content\">\n\t\t\t\t<ul>\n<li>Caudal de aire: 470-706 CFM<\/li>\n<li>Potencia: 1,1 kW<\/li>\n<li>Eficiencia del Filtro: &gt; F9<\/li>\n<li>Manejo del refrigerante: preparado para retroalimentaci\u00f3n<\/li>\n<li>Nivel de ruido: &lt;65-70 dB (A)<\/li>\n<li>Peso: desde 214 lbs (dependiendo de la configuraci\u00f3n)<\/li>\n<li>Dimensiones (ver tabla)<\/li>\n<\/ul>\n<ul>\n<li style=\"list-style-type: none;\">\n<ul>\n<li style=\"list-style-type: none;\"><\/li>\n<\/ul>\n<\/li>\n<\/ul>\n\t\t\t<\/div>\n\n\t\t<\/div>\n\n\t\t\n\t\n\t\t<div class=\"iw-so-acc-item\"  id=\"plus-7\">\n\n\t\t\t<a href=\"#\" class=\"iw-so-acc-title iw-text-left\">\n\t\t\t\tOPCIONES DISPONIBLES\t\t\t\t<span class=\"iw-so-tgl-open\"><span class=\"sow-icon-fontawesome sow-fas\" data-sow-icon=\"&#x2b;\"\n\t\tstyle=\"font-size: 2em; color: right\" \n\t\taria-hidden=\"true\"><\/span><\/span>\n\t\t\t\t<span class=\"iw-so-tgl-close\"><span class=\"sow-icon-fontawesome sow-fas\" data-sow-icon=\"&#xf068;\"\n\t\tstyle=\"font-size: 2em; color: right\" \n\t\taria-hidden=\"true\"><\/span><\/span>\n\t\t\t<\/a>\n\n\t\t\t<div class=\"iw-so-acc-content\">\n\t\t\t\t<ul>\n<li>Motor EC con control de caudal.<\/li>\n<li>Post Filtro HEPA.<\/li>\n<li>Monitoreo electr\u00f3nico con alarma.<\/li>\n<li>Retroalimentaci\u00f3n v\u00eda sif\u00f3n con manguera.<\/li>\n<\/ul>\n\t\t\t<\/div>\n\n\t\t<\/div>\n\n\t\t\n\t\n<\/div>\n<\/div><\/div><div id=\"panel-40982-0-0-8\" class=\"so-panel widget widget_siteorigin-panels-builder panel-last-child\" data-index=\"8\" ><div id=\"pl-w5c50dd5f8eae9\"  class=\"panel-layout\" ><div id=\"pg-w5c50dd5f8eae9-0\"  class=\"panel-grid panel-no-style\" ><div id=\"pgc-w5c50dd5f8eae9-0-0\"  class=\"panel-grid-cell\" ><div id=\"panel-w5c50dd5f8eae9-0-0-0\" class=\"so-panel widget widget_sow-image panel-first-child panel-last-child\" data-index=\"0\" ><div\n\t\t\t\n\t\t\tclass=\"so-widget-sow-image so-widget-sow-image-default-4e6925654b7a\"\n\t\t\t\n\t\t>\n<div class=\"sow-image-container\">\n\t\t<img \n\tsrc=\"https:\/\/camfilapc.com\/wp-content\/uploads\/2018\/09\/EM-O_Compact_stand_alone.jpg\" width=\"500\" height=\"364\" srcset=\"https:\/\/camfilapc.com\/wp-content\/uploads\/2018\/09\/EM-O_Compact_stand_alone.jpg 500w, https:\/\/camfilapc.com\/wp-content\/uploads\/2018\/09\/EM-O_Compact_stand_alone-300x218.jpg 300w\" sizes=\"(max-width: 500px) 100vw, 500px\" alt=\"\" \t\tclass=\"so-widget-image\"\/>\n\t<\/div>\n\n<\/div><\/div><\/div><div id=\"pgc-w5c50dd5f8eae9-0-1\"  class=\"panel-grid-cell\" ><div id=\"panel-w5c50dd5f8eae9-0-1-0\" class=\"so-panel widget widget_sow-image panel-first-child panel-last-child\" data-index=\"1\" ><div\n\t\t\t\n\t\t\tclass=\"so-widget-sow-image so-widget-sow-image-default-e4c2d9f6c920\"\n\t\t\t\n\t\t>\n<div class=\"sow-image-container\">\n\t\t<img \n\tsrc=\"https:\/\/camfilapc.com\/wp-content\/uploads\/2018\/09\/EM-O_Compact_topmount.jpg\" width=\"500\" height=\"379\" srcset=\"https:\/\/camfilapc.com\/wp-content\/uploads\/2018\/09\/EM-O_Compact_topmount.jpg 500w, https:\/\/camfilapc.com\/wp-content\/uploads\/2018\/09\/EM-O_Compact_topmount-300x227.jpg 300w\" sizes=\"(max-width: 500px) 100vw, 500px\" alt=\"\" \t\tclass=\"so-widget-image\"\/>\n\t<\/div>\n\n<\/div><\/div><\/div><\/div><\/div><\/div><\/div><div id=\"pgc-40982-0-1\"  class=\"panel-grid-cell\" ><div id=\"panel-40982-0-1-0\" class=\"so-panel widget panel-first-child\" data-index=\"9\" ><\/div><div id=\"panel-40982-0-1-1\" class=\"so-panel widget widget_ink-tabs\" data-index=\"10\" ><div\n\t\t\t\n\t\t\tclass=\"so-widget-ink-tabs so-widget-ink-tabs-tabs-f071d93df8ef-40982\"\n\t\t\t\n\t\t>\n<div class=\"iw-so-tabs iw-so-tabs-horizontal iw-so-tabs-default\">\n\n\t<ul class=\"iw-so-tabs-nav\">\n\n\t\t\t\t\t<li class=\"iw-so-tab-title iw-so-tab-active\" id=\"ink-tabs-4098220010-1\">\n\t\t\t\t<a href=\"#ink-tabs-4098220010-1-content\">\n\t\t\t\t\t\t\t\t\t\t<span class=\"iw-so-tab-text\">Fotos<\/span>\n\t\t\t\t<\/a>\n\t\t\t<\/li>\n\t\t\t\t\t\t\t\t\t\t\t<li class=\"iw-so-tab-title\" id=\"ink-tabs-4098220010-2\">\n\t\t\t\t<a href=\"#ink-tabs-4098220010-2-content\">\n\t\t\t\t\t\t\t\t\t\t<span class=\"iw-so-tab-text\">Videos<\/span>\n\t\t\t\t<\/a>\n\t\t\t<\/li>\n\t\t\t\t\t\t\t\t\n\t<\/ul>\n\n\t<div class=\"iw-so-tabs-content\">\n\n\t\t\t\t\t<div class=\"iw-so-tabs-panel iw-so-tab-active\" id=\"ink-tabs-4098220010-1-content\">\n\t\t\t\t<p><strong>No Images.<\/strong><br\/>Please upload images in images manager section. Click on Manage Images button on the right side of the gallery settings.<br \/><strong>Please make sure that you didn't enabled option: Images of the Current Gallery. Option should have Show value to show images.<\/strong><\/p>\n\t\t\t<\/div>\n\t\t\t\t\t\t\t\t\t\t\t<div class=\"iw-so-tabs-panel\" id=\"ink-tabs-4098220010-2-content\">\n\t\t\t\t<div class=\"rbs_shortcode\"><div>      <\/div><style type=\"text\/css\" scoped>.rbs_gallery_69dccd02d17b2Spinner{\r\n\t\t\t\tmargin: 50px auto;\r\n\t\t\t\twidth: 50px;\r\n\t\t\t\theight: 40px;\r\n\t\t\t\ttext-align: center;\r\n\t\t\t\tfont-size: 10px;\r\n\t\t\t}\r\n\t\t\t.rbs_gallery_69dccd02d17b2Spinner > div{\r\n\t\t\t  background-color: #333;\r\n\t\t\t  height: 100%;\r\n\t\t\t  width: 6px;\r\n\t\t\t  display: inline-block;\r\n\t\t\t  -webkit-animation: rbs_gallery_69dccd02d17b2-stretchdelay 1.2s infinite ease-in-out;\r\n\t\t\t  animation: rbs_gallery_69dccd02d17b2-stretchdelay 1.2s infinite ease-in-out;\r\n\t\t\t}\r\n\t\t\t.rbs_gallery_69dccd02d17b2Spinner .rbs_gallery_69dccd02d17b2Rect2 {\r\n\t\t\t  -webkit-animation-delay: -1.1s;\r\n\t\t\t  animation-delay: -1.1s;\r\n\t\t\t}\r\n\t\t\t.rbs_gallery_69dccd02d17b2Spinner .rbs_gallery_69dccd02d17b2Rect3 {\r\n\t\t\t  -webkit-animation-delay: -1.0s;\r\n\t\t\t  animation-delay: -1.0s;\r\n\t\t\t}\r\n\t\t\t.rbs_gallery_69dccd02d17b2Spinner .rbs_gallery_69dccd02d17b2Rect4 {\r\n\t\t\t  -webkit-animation-delay: -0.9s;\r\n\t\t\t  animation-delay: -0.9s;\r\n\t\t\t}\r\n\t\t\t.rbs_gallery_69dccd02d17b2Spinner .rbs_gallery_69dccd02d17b2Rect5 {\r\n\t\t\t  -webkit-animation-delay: -0.8s;\r\n\t\t\t  animation-delay: -0.8s;\r\n\t\t\t}\r\n\t\t\t@-webkit-keyframes rbs_gallery_69dccd02d17b2-stretchdelay {\r\n\t\t\t  0%, 40%, 100% { -webkit-transform: scaleY(0.4) }  \r\n\t\t\t  20% { -webkit-transform: scaleY(1.0) }\r\n\t\t\t}\r\n\t\t\t@keyframes rbs_gallery_69dccd02d17b2-stretchdelay {\r\n\t\t\t  0%, 40%, 100% { \r\n\t\t\t    transform: scaleY(0.4);\r\n\t\t\t    -webkit-transform: scaleY(0.4);\r\n\t\t\t  }  20% { \r\n\t\t\t    transform: scaleY(1.0);\r\n\t\t\t    -webkit-transform: scaleY(1.0);\r\n\t\t\t  }\r\n\t\t\t}\r\n\t\t<\/style><div class=\"robo-gallery-wrap robo-gallery-wrap-id37490 robo-gallery-\" ><div id=\"rbs_gallery_69dccd02d17b2-block-loader\" class=\"rbs_gallery_69dccd02d17b2Spinner\"><div class=\"rbs_gallery_69dccd02d17b2Rect1\"><\/div> <div class=\"rbs_gallery_69dccd02d17b2Rect2\"><\/div> <div class=\"rbs_gallery_69dccd02d17b2Rect3\"><\/div> <div class=\"rbs_gallery_69dccd02d17b2Rect4\"><\/div> <div class=\"rbs_gallery_69dccd02d17b2Rect5\"><\/div><\/div><div id=\"robo_gallery_main_block_rbs_gallery_69dccd02d17b2\" class=\"robogallery-gallery-37490\" style=\"width:100%;  display: none;\"><div id=\"rbs_gallery_69dccd02d17b2\" data-options=\"rbs_gallery_69dccd02d17b2\" style=\"width:100%;\" class=\"robo_gallery  \"><div class=\"rbs-img  category37490 \"  data-columns=\"1\" ><div class=\"rbs-img-image   rbs-lightbox \" ><div class=\"rbs-img-thumbs\"  data-thumbnail=\"https:\/\/camfilapc.com\/wp-content\/uploads\/2018\/09\/emo-compact-video-thumb-usa.jpg\"  title=\"emo-compact-video-thumb-usa\"  data-width=\"233\"  data-height=\"132\" ><\/div><div class=\"rbs-img-data-popup\"  data-popup=\"https:\/\/vimeo.com\/294169974\"  data-type=\"iframe\"  title=\"\" ><\/div><div class=\"thumbnail-overlay\"><div class=\"rbsIcons\"><i class=\"fa fa-search-plus rbsZoomIcon \" ><\/i><\/div><\/div><\/div><\/div><\/div><\/div><\/div><script>var rbs_gallery_69dccd02d17b2 = {\"version\":\"5.1.4\",\"id\":37490,\"class\":\"id37490\",\"roboGalleryDelay\":1000,\"mainContainer\":\"#robo_gallery_main_block_rbs_gallery_69dccd02d17b2\",\"loadingContainer\":\"#rbs_gallery_69dccd02d17b2-block-loader\",\"loadingContainerObj\":\"rbs_gallery_69dccd02d17b2-block-loader\",\"columnWidth\":\"auto\",\"columns\":2,\"resolutions\":[{\"columnWidth\":\"auto\",\"columns\":3,\"maxWidth\":960},{\"columnWidth\":\"auto\",\"columns\":2,\"maxWidth\":650},{\"columnWidth\":\"auto\",\"columns\":1,\"maxWidth\":450}],\"lightboxOptions\":{\"gallery\":{\"enabled\":true,\"tCounter\":\"%curr% of %total%\"}},\"borderSize\":2,\"overlayEffect\":\"fade\",\"boxesToLoadStart\":5,\"boxesToLoad\":5,\"LoadingWord\":\"Loading...\",\"loadMoreWord\":\"Load More\",\"noMoreEntriesWord\":\"No More Entries\",\"horizontalSpaceBetweenBoxes\":10,\"verticalSpaceBetweenBoxes\":10,\"lazyLoad\":0,\"wrapContainer\":\"#robo-gallery-wrap-rbs_gallery_69dccd02d17b2\"};<\/script><div>      <\/div><\/div>\t\t\t<\/div>\n\t\t\t\t\t\t\t\t\n\t<\/div>\n\n<\/div>\n<\/div><\/div><div id=\"panel-40982-0-1-2\" class=\"so-panel widget widget_sow-headline\" data-index=\"11\" ><div id=\"heading-sidebar\" class=\"panel-widget-style panel-widget-style-for-40982-0-1-2\" ><div\n\t\t\t\n\t\t\tclass=\"so-widget-sow-headline so-widget-sow-headline-default-3be16cc9aca1-40982\"\n\t\t\t\n\t\t><div class=\"sow-headline-container \">\n\t\t\t\t\t\t\t<h3 class=\"sow-headline\">\n\t\t\t\t\t\tInformaci\u00f3n Adicional\t\t\t\t\t\t<\/h3>\n\t\t\t\t\t\t\t\t\t\t\t<div class=\"decoration\">\n\t\t\t\t\t\t<div class=\"decoration-inside\"><\/div>\n\t\t\t\t\t<\/div>\n\t\t\t\t\t<\/div>\n<\/div><\/div><\/div><div id=\"panel-40982-0-1-3\" class=\"so-panel widget widget_sow-post-carousel\" data-index=\"12\" ><div id=\"sidebar-carousel\" class=\"panel-widget-style panel-widget-style-for-40982-0-1-3\" ><div\n\t\t\t\n\t\t\tclass=\"so-widget-sow-post-carousel so-widget-sow-post-carousel-base-c7dbb92dd929-40982\"\n\t\t\t\n\t\t>\t<div\n\t\tclass=\"sow-post-carousel-wrapper sow-post-carousel-theme-base\"\n\t\tstyle=\"overflow: hidden; max-width: 100%; min-height: 150px\"\n\t>\n\t\t<div class=\"sow-carousel-title has-title\">\n\t<h3 class=\"widget-title\">Literatura Descargable<\/h3>\t\t<div class=\"sow-carousel-navigation \">\n\t\t\t\t\t\t<a href=\"#\" class=\"sow-carousel-next\" title=\"Siguiente\" aria-label=\"Entradas siguientes\" role=\"button\"><\/a>\n\t\t\t\t\t\t<a href=\"#\" class=\"sow-carousel-previous\" title=\"Anterior\" aria-label=\"Entradas anteriores\" role=\"button\"><\/a>\n\t\t\t\t\t<\/div>\n\t<\/div>\n\n<div class=\"sow-carousel-container \">\n\t\t<div class=\"sow-carousel-wrapper\"\n\t\tdata-dir=\"ltr\"\n\t\tstyle=\"opacity: 0;\"\n\t\tdata-widget=\"post\" data-fetching=\"false\" data-page=\"1\" data-ajax-url=\"https:\/\/camfilapc.com\/wp-admin\/admin-ajax.php?_widgets_nonce=a43493d76d\" data-item_count=\"3\" data-carousel_settings=\"{&quot;loop&quot;:true,&quot;animation&quot;:&quot;Ease&quot;,&quot;animation_speed&quot;:400,&quot;autoplay&quot;:&quot;&quot;,&quot;pauseOnHover&quot;:&quot;&quot;,&quot;autoplaySpeed&quot;:8000,&quot;item_overflow&quot;:true,&quot;autoplay_continuous_scroll&quot;:false}\" data-responsive=\"{&quot;desktop_slides_to_scroll&quot;:1,&quot;tablet_landscape_breakpoint&quot;:1366,&quot;tablet_landscape_slides_to_scroll&quot;:2,&quot;tablet_portrait_breakpoint&quot;:1025,&quot;tablet_portrait_slides_to_scroll&quot;:2,&quot;mobile_breakpoint&quot;:480,&quot;mobile_slides_to_scroll&quot;:1}\" data-variable_width=\"true\" \t>\n\t\t<div\n\t\t\tclass=\"sow-carousel-items\"\n\t\t\t\t\t>\n\t\t\t\t<div class=\"sow-carousel-item\" tabindex=\"-1\" style=\"float: left;\">\n\t\t<div class=\"sow-carousel-thumbnail\">\n\t\t\t\t\t\t\t<a\n\t\t\t\t\thref=\"https:\/\/camfilapc.com\/es\/download\/em-o-compact-product-sheet\/\"\n\t\t\t\t\t\t\t\t\t\tstyle=\"background-image: url( https:\/\/camfilapc.com\/wp-content\/uploads\/2018\/10\/EM-O-Compact-Product-Sheet-150x150.jpg )\"\n\t\t\t\t\taria-labelledby=\"sow-carousel-id-46774\"\n\t\t\t\t\ttabindex=\"-1\"\n\t\t\t\t>\n\t\t\t\t\t<span class=\"overlay\"><\/span>\n\t\t\t\t<\/a>\n\t\t\t\t\t<\/div>\n\t\t<h3 class=\"sow-carousel-item-title\">\n\t\t\t<a\n\t\t\t\thref=\"https:\/\/camfilapc.com\/es\/download\/em-o-compact-product-sheet\/\"\n\t\t\t\tid=\"sow-carousel-id-46774\"\n\t\t\t\t\t\t\t\ttabindex=\"-1\"\n\t\t\t>\n\n\t\t\t\tEM-O Compact Product Sheet\t\t\t<\/a>\n\t\t<\/h3>\n\t<\/div>\n\t\t<div class=\"sow-carousel-item\" tabindex=\"-1\" style=\"float: left;\">\n\t\t<div class=\"sow-carousel-thumbnail\">\n\t\t\t\t\t\t\t<a\n\t\t\t\t\thref=\"https:\/\/camfilapc.com\/es\/download\/em-o-compact-1-0-guideline\/\"\n\t\t\t\t\t\t\t\t\t\tstyle=\"background-image: url( https:\/\/camfilapc.com\/wp-content\/uploads\/2018\/10\/EM-O-Compact-1.0-Guideline-150x150.jpg )\"\n\t\t\t\t\taria-labelledby=\"sow-carousel-id-46780\"\n\t\t\t\t\ttabindex=\"-1\"\n\t\t\t\t>\n\t\t\t\t\t<span class=\"overlay\"><\/span>\n\t\t\t\t<\/a>\n\t\t\t\t\t<\/div>\n\t\t<h3 class=\"sow-carousel-item-title\">\n\t\t\t<a\n\t\t\t\thref=\"https:\/\/camfilapc.com\/es\/download\/em-o-compact-1-0-guideline\/\"\n\t\t\t\tid=\"sow-carousel-id-46780\"\n\t\t\t\t\t\t\t\ttabindex=\"-1\"\n\t\t\t>\n\n\t\t\t\tEM-O Compact 1.0 - Guideline\t\t\t<\/a>\n\t\t<\/h3>\n\t<\/div>\n\t\t<div class=\"sow-carousel-item\" tabindex=\"-1\" style=\"float: left;\">\n\t\t<div class=\"sow-carousel-thumbnail\">\n\t\t\t\t\t\t\t<a\n\t\t\t\t\thref=\"https:\/\/camfilapc.com\/es\/download\/em-o-compact-mist-collector-for-both-machining-oil-and-coolant\/\"\n\t\t\t\t\t\t\t\t\t\tstyle=\"background-image: url( https:\/\/camfilapc.com\/wp-content\/uploads\/2018\/10\/em-o-compact-mist-collector-for-machining-150x150.jpg )\"\n\t\t\t\t\taria-labelledby=\"sow-carousel-id-46781\"\n\t\t\t\t\ttabindex=\"-1\"\n\t\t\t\t>\n\t\t\t\t\t<span class=\"overlay\"><\/span>\n\t\t\t\t<\/a>\n\t\t\t\t\t<\/div>\n\t\t<h3 class=\"sow-carousel-item-title\">\n\t\t\t<a\n\t\t\t\thref=\"https:\/\/camfilapc.com\/es\/download\/em-o-compact-mist-collector-for-both-machining-oil-and-coolant\/\"\n\t\t\t\tid=\"sow-carousel-id-46781\"\n\t\t\t\t\t\t\t\ttabindex=\"-1\"\n\t\t\t>\n\n\t\t\t\tEM-O Compact Brochure\t\t\t<\/a>\n\t\t<\/h3>\n\t<\/div>\n\t\t\t<\/div>\n\t\t\t<\/div>\n\n\t<\/div>\n\t\t<input type=\"hidden\" name=\"instance_hash\" value=\"63f8708e\"\/>\n\t<\/div>\n<\/div><\/div><\/div><div id=\"panel-40982-0-1-4\" class=\"widget_text so-panel widget widget_custom_html panel-last-child\" data-index=\"13\" ><div id=\"btn-view-all\" class=\"widget_text panel-widget-style panel-widget-style-for-40982-0-1-4\" ><div class=\"textwidget custom-html-widget\"><a class=\"spu-open-47415\" href=\"#\">Ver toda la literatura para: <\/a><\/div><\/div><\/div><\/div><\/div><\/div>","protected":false},"excerpt":{"rendered":"<p>El compacto colector de neblina EM-0 es una opci\u00f3n accesible para talleres peque\u00f1os que desean un ambiente de operaci\u00f3n limpio y seguro. Este peque\u00f1o y vers\u00e1til colector de niebla, es f\u00e1cil de integrar a los centros de maquinado. Se puede montar en la parte superior del equipo o en el piso junto al equipo como un dispositivo independiente. Se puede...<\/p>\n","protected":false},"author":1,"featured_media":37462,"parent":40978,"menu_order":0,"comment_status":"closed","ping_status":"closed","template":"","meta":{"_acf_changed":false,"footnotes":""},"class_list":["post-40982","page","type-page","status-publish","has-post-thumbnail","hentry"],"acf":[],"_links":{"self":[{"href":"https:\/\/camfilapc.com\/es\/wp-json\/wp\/v2\/pages\/40982","targetHints":{"allow":["GET"]}}],"collection":[{"href":"https:\/\/camfilapc.com\/es\/wp-json\/wp\/v2\/pages"}],"about":[{"href":"https:\/\/camfilapc.com\/es\/wp-json\/wp\/v2\/types\/page"}],"author":[{"embeddable":true,"href":"https:\/\/camfilapc.com\/es\/wp-json\/wp\/v2\/users\/1"}],"replies":[{"embeddable":true,"href":"https:\/\/camfilapc.com\/es\/wp-json\/wp\/v2\/comments?post=40982"}],"version-history":[{"count":0,"href":"https:\/\/camfilapc.com\/es\/wp-json\/wp\/v2\/pages\/40982\/revisions"}],"up":[{"embeddable":true,"href":"https:\/\/camfilapc.com\/es\/wp-json\/wp\/v2\/pages\/40978"}],"wp:featuredmedia":[{"embeddable":true,"href":"https:\/\/camfilapc.com\/es\/wp-json\/wp\/v2\/media\/37462"}],"wp:attachment":[{"href":"https:\/\/camfilapc.com\/es\/wp-json\/wp\/v2\/media?parent=40982"}],"curies":[{"name":"wp","href":"https:\/\/api.w.org\/{rel}","templated":true}]}}