{"id":40978,"date":"2017-08-17T11:10:48","date_gmt":"2017-08-17T15:10:48","guid":{"rendered":"https:\/\/camfilapc.com\/products\/machining-mist-collectors\/"},"modified":"2019-09-03T13:30:46","modified_gmt":"2019-09-03T17:30:46","slug":"machining-mist-collectors","status":"publish","type":"page","link":"https:\/\/camfilapc.com\/es\/products\/machining-mist-collectors\/","title":{"rendered":"Colectores de neblina para procesos de mecanizado"},"content":{"rendered":"<div id=\"pl-40978\"  class=\"panel-layout\" ><div id=\"pg-40978-0\"  class=\"panel-grid panel-no-style\" ><div id=\"pgc-40978-0-0\"  class=\"panel-grid-cell\" ><div id=\"panel-40978-0-0-0\" class=\"so-panel widget widget_sow-image panel-first-child\" data-index=\"0\" ><div id=\"product-thumb\" class=\"panel-widget-style panel-widget-style-for-40978-0-0-0\" ><div\n\t\t\t\n\t\t\tclass=\"so-widget-sow-image so-widget-sow-image-default-c67d20f9f743-40978\"\n\t\t\t\n\t\t>\n<div class=\"sow-image-container\">\n\t\t\t<a href=\"\/es\/products\/machining-mist-collectors\/em-o-compact-mist-collector\/\"\n\t\t\t\t\t>\n\t\t\t<img \n\tsrc=\"https:\/\/camfilapc.com\/wp-content\/uploads\/2018\/09\/EM-O-Compact_closed-no-hepa-290x300.jpg\" width=\"290\" height=\"300\" srcset=\"https:\/\/camfilapc.com\/wp-content\/uploads\/2018\/09\/EM-O-Compact_closed-no-hepa-290x300.jpg 290w, https:\/\/camfilapc.com\/wp-content\/uploads\/2018\/09\/EM-O-Compact_closed-no-hepa.jpg 709w\" sizes=\"(max-width: 290px) 100vw, 290px\" title=\"EM-O-Compact_closed-no-hepa\" alt=\"EM-O Compact Mist Collector\" \t\tclass=\"so-widget-image\"\/>\n\t\t\t<\/a><\/div>\n\n<\/div><\/div><\/div><div id=\"panel-40978-0-0-1\" class=\"so-panel widget widget_sow-headline\" data-index=\"1\" ><div id=\"product-short-description\" class=\"panel-widget-style panel-widget-style-for-40978-0-0-1\" ><div\n\t\t\t\n\t\t\tclass=\"so-widget-sow-headline so-widget-sow-headline-default-0de49b95b459-40978\"\n\t\t\t\n\t\t><div class=\"sow-headline-container \">\n\t\t\t\t\t\t\t<p class=\"sow-headline\">\n\t\t\t\t\t\t\t\t\t\t\t\t\t<a href=\"\" >\n\t\t\t\t\t\t\t\tEM-O Compacto<\/a>\t\t\t\t\t\t<\/p>\n\t\t\t\t\t\t\t\t\t\t\t\t<p class=\"sow-sub-headline\">\n\t\t\t\t\t\tColector de aceite y niebla Plug &amp; Play para talleres de m\u00e1quinas m\u00e1s peque\u00f1os.\t\t\t\t\t\t<\/p>\n\t\t\t\t\t\t<\/div>\n<\/div><\/div><\/div><div id=\"panel-40978-0-0-2\" class=\"so-panel widget widget_sow-button panel-last-child\" data-index=\"2\" ><div\n\t\t\t\n\t\t\tclass=\"so-widget-sow-button so-widget-sow-button-flat-f54c0409268f-40978\"\n\t\t\t\n\t\t><div class=\"ow-button-base ow-button-align-center\"\n>\n\t\t\t<a\n\t\t\t\t\thref=\"\/es\/products\/machining-mist-collectors\/em-o-compact-mist-collector\/\"\n\t\t\t\t\tclass=\"button-content sowb-button ow-icon-placement-left ow-button-hover\" id=\"btn-learn-more\" \t>\n\t\t<span>\n\t\t\t\n\t\t\tM\u00e1s Informaci\u00f3n\t\t<\/span>\n\t\t\t<\/a>\n\t<\/div>\n<\/div><\/div><\/div><div id=\"pgc-40978-0-1\"  class=\"panel-grid-cell\" ><div id=\"panel-40978-0-1-0\" class=\"so-panel widget widget_sow-image panel-first-child\" data-index=\"3\" ><div id=\"product-thumb\" class=\"panel-widget-style panel-widget-style-for-40978-0-1-0\" ><div\n\t\t\t\n\t\t\tclass=\"so-widget-sow-image so-widget-sow-image-default-8b5b6f678277-40978\"\n\t\t\t\n\t\t>\n<div class=\"sow-image-container\">\n\t\t\t<a href=\"https:\/\/camfilapc.com\/products\/machining-mist-collector\/oil-expert\/\"\n\t\t\t\t\t>\n\t\t\t<img \n\tsrc=\"https:\/\/camfilapc.com\/wp-content\/uploads\/2017\/08\/handte-oil-expert-thumb.jpg\" width=\"228\" height=\"356\" srcset=\"https:\/\/camfilapc.com\/wp-content\/uploads\/2017\/08\/handte-oil-expert-thumb.jpg 228w, https:\/\/camfilapc.com\/wp-content\/uploads\/2017\/08\/handte-oil-expert-thumb-192x300.jpg 192w\" sizes=\"(max-width: 228px) 100vw, 228px\" alt=\"Handte Oil Expert\" \t\tclass=\"so-widget-image\"\/>\n\t\t\t<\/a><\/div>\n\n<\/div><\/div><\/div><div id=\"panel-40978-0-1-1\" class=\"so-panel widget widget_sow-headline\" data-index=\"4\" ><div id=\"product-short-description\" class=\"panel-widget-style panel-widget-style-for-40978-0-1-1\" ><div\n\t\t\t\n\t\t\tclass=\"so-widget-sow-headline so-widget-sow-headline-default-0de49b95b459-40978\"\n\t\t\t\n\t\t><div class=\"sow-headline-container \">\n\t\t\t\t\t\t\t<p class=\"sow-headline\">\n\t\t\t\t\t\t\t\t\t\t\t\t\t<a href=\"https:\/\/camfilapc.com\/products\/machining-mist-collector\/oil-expert\/\" >\n\t\t\t\t\t\t\t\tOil Expert<\/a>\t\t\t\t\t\t<\/p>\n\t\t\t\t\t\t\t\t\t\t\t\t<p class=\"sow-sub-headline\">\n\t\t\t\t\t\tRecoge la niebla de aceites simples de las aplicaciones de mecanizado.\t\t\t\t\t\t<\/p>\n\t\t\t\t\t\t<\/div>\n<\/div><\/div><\/div><div id=\"panel-40978-0-1-2\" class=\"so-panel widget widget_sow-button panel-last-child\" data-index=\"5\" ><div\n\t\t\t\n\t\t\tclass=\"so-widget-sow-button so-widget-sow-button-flat-f54c0409268f-40978\"\n\t\t\t\n\t\t><div class=\"ow-button-base ow-button-align-center\"\n>\n\t\t\t<a\n\t\t\t\t\thref=\"https:\/\/camfilapc.com\/products\/machining-mist-collector\/oil-expert\/\"\n\t\t\t\t\tclass=\"button-content sowb-button ow-icon-placement-left ow-button-hover\" id=\"btn-learn-more\" \t>\n\t\t<span>\n\t\t\t\n\t\t\tM\u00e1s Informaci\u00f3n\t\t<\/span>\n\t\t\t<\/a>\n\t<\/div>\n<\/div><\/div><\/div><div id=\"pgc-40978-0-2\"  class=\"panel-grid-cell\" ><div id=\"panel-40978-0-2-0\" class=\"so-panel widget widget_sow-image panel-first-child\" data-index=\"6\" ><div id=\"product-thumb\" class=\"panel-widget-style panel-widget-style-for-40978-0-2-0\" ><div\n\t\t\t\n\t\t\tclass=\"so-widget-sow-image so-widget-sow-image-default-8b5b6f678277-40978\"\n\t\t\t\n\t\t>\n<div class=\"sow-image-container\">\n\t\t\t<a href=\"https:\/\/camfilapc.com\/products\/machining-mist-collector\/em-profi\/\"\n\t\t\t\t\t>\n\t\t\t<img \n\tsrc=\"https:\/\/camfilapc.com\/wp-content\/uploads\/2017\/08\/handte-em-profi-thumb.jpg\" width=\"228\" height=\"356\" srcset=\"https:\/\/camfilapc.com\/wp-content\/uploads\/2017\/08\/handte-em-profi-thumb.jpg 228w, https:\/\/camfilapc.com\/wp-content\/uploads\/2017\/08\/handte-em-profi-thumb-192x300.jpg 192w\" sizes=\"(max-width: 228px) 100vw, 228px\" alt=\"Handte EM Profi\" \t\tclass=\"so-widget-image\"\/>\n\t\t\t<\/a><\/div>\n\n<\/div><\/div><\/div><div id=\"panel-40978-0-2-1\" class=\"so-panel widget widget_sow-headline\" data-index=\"7\" ><div id=\"product-short-description\" class=\"panel-widget-style panel-widget-style-for-40978-0-2-1\" ><div\n\t\t\t\n\t\t\tclass=\"so-widget-sow-headline so-widget-sow-headline-default-0de49b95b459-40978\"\n\t\t\t\n\t\t><div class=\"sow-headline-container \">\n\t\t\t\t\t\t\t<p class=\"sow-headline\">\n\t\t\t\t\t\t\t\t\t\t\t\t\t<a href=\"https:\/\/camfilapc.com\/products\/machining-mist-collector\/em-profi\/\" >\n\t\t\t\t\t\t\t\tEM Profi<\/a>\t\t\t\t\t\t<\/p>\n\t\t\t\t\t\t\t\t\t\t\t\t<p class=\"sow-sub-headline\">\n\t\t\t\t\t\tRecoge la neblina de refrigerante de aplicaciones de mecanizado de baja velocidad \/ baja presi\u00f3n\t\t\t\t\t\t<\/p>\n\t\t\t\t\t\t<\/div>\n<\/div><\/div><\/div><div id=\"panel-40978-0-2-2\" class=\"so-panel widget widget_sow-button panel-last-child\" data-index=\"8\" ><div\n\t\t\t\n\t\t\tclass=\"so-widget-sow-button so-widget-sow-button-flat-f54c0409268f-40978\"\n\t\t\t\n\t\t><div class=\"ow-button-base ow-button-align-center\"\n>\n\t\t\t<a\n\t\t\t\t\thref=\"https:\/\/camfilapc.com\/products\/machining-mist-collector\/em-profi\/\"\n\t\t\t\t\tclass=\"button-content sowb-button ow-icon-placement-left ow-button-hover\" id=\"btn-learn-more\" \t>\n\t\t<span>\n\t\t\t\n\t\t\tM\u00e1s Informaci\u00f3n\t\t<\/span>\n\t\t\t<\/a>\n\t<\/div>\n<\/div><\/div><\/div><div id=\"pgc-40978-0-3\"  class=\"panel-grid-cell\" ><div id=\"panel-40978-0-3-0\" class=\"so-panel widget widget_sow-image panel-first-child\" data-index=\"9\" ><div id=\"product-thumb\" class=\"panel-widget-style panel-widget-style-for-40978-0-3-0\" ><div\n\t\t\t\n\t\t\tclass=\"so-widget-sow-image so-widget-sow-image-default-8b5b6f678277-40978\"\n\t\t\t\n\t\t>\n<div class=\"sow-image-container\">\n\t\t\t<a href=\"\/es\/products\/machining-mist-collectors\/handte-em-expert\/\"\n\t\t\t\t\t>\n\t\t\t<img \n\tsrc=\"https:\/\/camfilapc.com\/wp-content\/uploads\/2018\/05\/handte-em-expert-sm-e1527776726564.jpg\" width=\"228\" height=\"356\" sizes=\"(max-width: 228px) 100vw, 228px\" title=\"Handte EM Expert Mist Collector\" alt=\"Handte EM Expert Mist Collector\" \t\tclass=\"so-widget-image\"\/>\n\t\t\t<\/a><\/div>\n\n<\/div><\/div><\/div><div id=\"panel-40978-0-3-1\" class=\"so-panel widget widget_sow-headline\" data-index=\"10\" ><div id=\"product-short-description\" class=\"panel-widget-style panel-widget-style-for-40978-0-3-1\" ><div\n\t\t\t\n\t\t\tclass=\"so-widget-sow-headline so-widget-sow-headline-default-0de49b95b459-40978\"\n\t\t\t\n\t\t><div class=\"sow-headline-container \">\n\t\t\t\t\t\t\t<p class=\"sow-headline\">\n\t\t\t\t\t\t\t\t\t\t\t\t\t<a href=\"https:\/\/camfilapc.com\/products\/machining-mist-collector\/em-expert\/\" >\n\t\t\t\t\t\t\t\tEM Expert<\/a>\t\t\t\t\t\t<\/p>\n\t\t\t\t\t\t\t\t\t\t\t\t<p class=\"sow-sub-headline\">\n\t\t\t\t\t\tRecoge la neblina de refrigerante de aplicaciones de mecanizado de alta velocidad \/ alta presi\u00f3n\t\t\t\t\t\t<\/p>\n\t\t\t\t\t\t<\/div>\n<\/div><\/div><\/div><div id=\"panel-40978-0-3-2\" class=\"so-panel widget widget_sow-button panel-last-child\" data-index=\"11\" ><div\n\t\t\t\n\t\t\tclass=\"so-widget-sow-button so-widget-sow-button-flat-f54c0409268f-40978\"\n\t\t\t\n\t\t><div class=\"ow-button-base ow-button-align-center\"\n>\n\t\t\t<a\n\t\t\t\t\thref=\"http:\/\/es\/products\/machining-mist-collectors\/handte-em-expert\/\"\n\t\t\t\t\tclass=\"button-content sowb-button ow-icon-placement-left ow-button-hover\" id=\"btn-learn-more\" \t>\n\t\t<span>\n\t\t\t\n\t\t\tM\u00e1s Informaci\u00f3n\t\t<\/span>\n\t\t\t<\/a>\n\t<\/div>\n<\/div><\/div><\/div><\/div><\/div>","protected":false},"excerpt":{"rendered":"<p>EM-O Compacto Colector de aceite y niebla Plug &amp; Play para talleres de m\u00e1quinas m\u00e1s peque\u00f1os. M\u00e1s Informaci\u00f3n Oil Expert Recoge la niebla de aceites simples de las aplicaciones de mecanizado. M\u00e1s Informaci\u00f3n EM Profi Recoge la neblina de refrigerante de aplicaciones de mecanizado de baja velocidad \/ baja presi\u00f3n M\u00e1s Informaci\u00f3n EM Expert Recoge la neblina de refrigerante de...<\/p>\n","protected":false},"author":1,"featured_media":0,"parent":40822,"menu_order":0,"comment_status":"closed","ping_status":"closed","template":"template-product-detail.php","meta":{"_acf_changed":false,"footnotes":""},"class_list":["post-40978","page","type-page","status-publish","hentry"],"acf":[],"_links":{"self":[{"href":"https:\/\/camfilapc.com\/es\/wp-json\/wp\/v2\/pages\/40978","targetHints":{"allow":["GET"]}}],"collection":[{"href":"https:\/\/camfilapc.com\/es\/wp-json\/wp\/v2\/pages"}],"about":[{"href":"https:\/\/camfilapc.com\/es\/wp-json\/wp\/v2\/types\/page"}],"author":[{"embeddable":true,"href":"https:\/\/camfilapc.com\/es\/wp-json\/wp\/v2\/users\/1"}],"replies":[{"embeddable":true,"href":"https:\/\/camfilapc.com\/es\/wp-json\/wp\/v2\/comments?post=40978"}],"version-history":[{"count":0,"href":"https:\/\/camfilapc.com\/es\/wp-json\/wp\/v2\/pages\/40978\/revisions"}],"up":[{"embeddable":true,"href":"https:\/\/camfilapc.com\/es\/wp-json\/wp\/v2\/pages\/40822"}],"wp:attachment":[{"href":"https:\/\/camfilapc.com\/es\/wp-json\/wp\/v2\/media?parent=40978"}],"curies":[{"name":"wp","href":"https:\/\/api.w.org\/{rel}","templated":true}]}}