{"id":40970,"date":"2017-10-12T08:25:18","date_gmt":"2017-10-12T12:25:18","guid":{"rendered":"https:\/\/camfilapc.com\/products\/dust-fume\/handte-wet-scrubbers\/"},"modified":"2023-03-21T12:25:03","modified_gmt":"2023-03-21T16:25:03","slug":"handte-wet-scrubbers","status":"publish","type":"page","link":"https:\/\/camfilapc.com\/es\/products\/dust-fume\/handte-wet-scrubbers\/","title":{"rendered":"\u201cWet Scrubbers\u201d Colectores H\u00famedos para Polvo"},"content":{"rendered":"<div id=\"pl-40970\"  class=\"panel-layout\" ><div id=\"pg-40970-0\"  class=\"panel-grid panel-no-style\" ><div id=\"pgc-40970-0-0\"  class=\"panel-grid-cell\" ><div id=\"panel-40970-0-0-0\" class=\"so-panel widget widget_sow-headline panel-first-child\" data-index=\"0\" ><div id=\"product-name\" class=\"panel-widget-style panel-widget-style-for-40970-0-0-0\" ><div\n\t\t\t\n\t\t\tclass=\"so-widget-sow-headline so-widget-sow-headline-default-8913cd27cdbd-40970\"\n\t\t\t\n\t\t><div class=\"sow-headline-container \">\n\t\t\t\t\t\t\t<h2 class=\"sow-headline\">\n\t\t\t\t\t\tDepuradores humedos Handte Vortex y Handte Venturi \t\t\t\t\t\t<\/h2>\n\t\t\t\t\t\t\t\t\t\t\t<div class=\"decoration\">\n\t\t\t\t\t\t<div class=\"decoration-inside\"><\/div>\n\t\t\t\t\t<\/div>\n\t\t\t\t\t<\/div>\n<\/div><\/div><\/div><div id=\"panel-40970-0-0-1\" class=\"widget_text so-panel widget widget_custom_html\" data-index=\"1\" ><div class=\"textwidget custom-html-widget\"><span class=\"content-lead\">Construidos para:<\/span> <a href=\"https:\/\/camfilapc.com\/es\/products\/dust-fume\/\">Polvos industriales <\/a><\/div><\/div><div id=\"panel-40970-0-0-2\" class=\"so-panel widget widget_text\" data-index=\"2\" ><div id=\"category-product-applications\" class=\"panel-widget-style panel-widget-style-for-40970-0-0-2\" >\t\t\t<div class=\"textwidget\"><p>Aplicaciones:<\/p>\n<ul>\n<li>Manejo seguro de Polvos inflamables y\/o combustibles<\/li>\n<\/ul>\n<\/div>\n\t\t<\/div><\/div><div id=\"panel-40970-0-0-3\" class=\"so-panel widget widget_text\" data-index=\"3\" ><div id=\"category-product-key-features\" class=\"panel-widget-style panel-widget-style-for-40970-0-0-3\" >\t\t\t<div class=\"textwidget\"><p>Caracter\u00edsticas Principales:<\/p>\n<ul>\n<li>Sin elementos filtrantes.<\/li>\n<li>Bajo Mantenimiento.<\/li>\n<li>Usa la acci\u00f3n de la fuerza centr\u00edfuga para remover los contaminantes del aire.<\/li>\n<\/ul>\n<\/div>\n\t\t<\/div><\/div><div id=\"panel-40970-0-0-4\" class=\"so-panel widget widget_sow-button\" data-index=\"4\" ><div class=\"animate-69d7794721f3f316041881 panels-animation-hide panel-widget-style panel-widget-style-for-40970-0-0-4\" data-so-animation=\"{&quot;selector&quot;:&quot;.animate-69d7794721f3f316041881&quot;,&quot;animation&quot;:&quot;fadeInUp&quot;,&quot;breakpoint&quot;:&quot;780px&quot;,&quot;duration&quot;:1,&quot;repeat&quot;:0,&quot;hide&quot;:1,&quot;disableAnimationMobile&quot;:0,&quot;finalState&quot;:&quot;visible&quot;,&quot;delay&quot;:0,&quot;debounce&quot;:0.1,&quot;event&quot;:&quot;enter&quot;,&quot;offset&quot;:0}\" ><div\n\t\t\t\n\t\t\tclass=\"so-widget-sow-button so-widget-sow-button-flat-f54c0409268f-40970\"\n\t\t\t\n\t\t><div class=\"ow-button-base ow-button-align-center\"\n>\n\t\t\t<a\n\t\t\t\t\thref=\"https:\/\/camfilapc.com\/es\/wet-scrubbers-request-a-quote-es\/\"\n\t\t\t\t\tclass=\"button-content sowb-button ow-icon-placement-left ow-button-hover\" id=\"btn-request-quote\" \t>\n\t\t<span>\n\t\t\t\n\t\t\tSolicitar Presupuesto\t\t<\/span>\n\t\t\t<\/a>\n\t<\/div>\n<\/div><\/div><\/div><div id=\"panel-40970-0-0-5\" class=\"so-panel widget widget_sow-editor panel-last-child\" data-index=\"5\" ><div id=\"main-p-column\" class=\"panel-widget-style panel-widget-style-for-40970-0-0-5\" ><div\n\t\t\t\n\t\t\tclass=\"so-widget-sow-editor so-widget-sow-editor-base\"\n\t\t\t\n\t\t>\n<div class=\"siteorigin-widget-tinymce textwidget\">\n\t<h3>TECNOLOGIA DE LOS COLECTORES H\u00daMEDOS PARA POLVO \u201cWET SCRUBBER\u201d<\/h3>\n<p>Las part\u00edculas de polvo localizadas en la corriente de aire son forzadas a entrar en contacto con el agua y de esta manera incrementar el peso y tama\u00f1o de cada part\u00edcula. Luego La acci\u00f3n centr\u00edfuga del Colector H\u00famedo separa estas gotas de agua cargadas con las part\u00edculas de polvo de la corriente de aire, decant\u00e1ndolas a al fondo de la unidad donde las part\u00edculas se asientan y forman un lodo.<\/p>\n<h3>SELECCI\u00d3N EL MEJOR COLECTOR H\u00daMEDO PARA SU APLICACI\u00d3N<\/h3>\n<p><img loading=\"lazy\" decoding=\"async\" class=\"wp-image-9864 size-full alignright\" src=\"https:\/\/camfilapc.com\/wp-content\/uploads\/2017\/08\/HANDTE-VORTEX.jpg\" alt=\"\" width=\"102\" height=\"200\" \/><\/p>\n<p><strong>Modelo Vortex: un compacto y vers\u00e1til colector h\u00famedo para varias aplicaciones.<\/strong><\/p>\n<p>Para polvos pegajosos y polvos que contienen fibras, El Vortex ofrece una soluci\u00f3n altamente efectiva. El aire cargado de part\u00edculas de polvo impacta o roza la superficie del agua (el l\u00edquido de lavado). Parte del l\u00edquido fluye a trav\u00e9s de una zona de v\u00f3rtice dentro de la unidad que crea turbulencia y atomiza el l\u00edquido en gotas finas. Estas gotas finas se mezclan con la corriente de aire cargada de part\u00edculas de polvo y luego se eliminan por la acci\u00f3n de la fuerza centr\u00edfuga.<\/p>\n<p><img loading=\"lazy\" decoding=\"async\" class=\"wp-image-9866 alignleft\" src=\"https:\/\/camfilapc.com\/wp-content\/uploads\/2017\/08\/Handte-Venturi-High-Performance-Wet-Collector.jpg\" alt=\"\" width=\"118\" height=\"255\" \/><\/p>\n<p><strong>Colector h\u00famedo Handte Venturi de alto desempe\u00f1o<\/strong><\/p>\n<p>Para las aplicaciones m\u00e1s exigentes con una alta carga de polvo fino, el Venturi es la unidad de alta eficiencia m\u00e1s utilizada. El Venturi inyecta agua en la entrada de la unidad utilizando una bomba. En este punto, se generan velocidades extremadamente altas que crean superficies de contacto con el l\u00edquido de lavado y la corriente de aire. El resultado es una mezcla efectiva del l\u00edquido de lavado y la corriente de aire contaminada. Luego las peque\u00f1as gotas cargadas de part\u00edculas de polvo se separan de la corriente de aire por medio de la fuerza centr\u00edfuga.<\/p>\n<\/div>\n<\/div><\/div><\/div><\/div><div id=\"pgc-40970-0-1\"  class=\"panel-grid-cell\" ><div id=\"panel-40970-0-1-0\" class=\"so-panel widget panel-first-child\" data-index=\"6\" ><\/div><div id=\"panel-40970-0-1-1\" class=\"so-panel widget widget_ink-tabs\" data-index=\"7\" ><div\n\t\t\t\n\t\t\tclass=\"so-widget-ink-tabs so-widget-ink-tabs-tabs-f071d93df8ef-40970\"\n\t\t\t\n\t\t>\n<div class=\"iw-so-tabs iw-so-tabs-horizontal iw-so-tabs-default\">\n\n\t<ul class=\"iw-so-tabs-nav\">\n\n\t\t\t\t\t<li class=\"iw-so-tab-title iw-so-tab-active\" id=\"ink-tabs-4097010007-1\">\n\t\t\t\t<a href=\"#ink-tabs-4097010007-1-content\">\n\t\t\t\t\t\t\t\t\t\t<span class=\"iw-so-tab-text\">Fotos<\/span>\n\t\t\t\t<\/a>\n\t\t\t<\/li>\n\t\t\t\t\t\t\t\t\n\t<\/ul>\n\n\t<div class=\"iw-so-tabs-content\">\n\n\t\t\t\t\t<div class=\"iw-so-tabs-panel iw-so-tab-active\" id=\"ink-tabs-4097010007-1-content\">\n\t\t\t\t<p><style type=\"text\/css\" scoped>.rbs_gallery_69d779472721bSpinner{\r\n\t\t\t\tmargin: 50px auto;\r\n\t\t\t\twidth: 50px;\r\n\t\t\t\theight: 40px;\r\n\t\t\t\ttext-align: center;\r\n\t\t\t\tfont-size: 10px;\r\n\t\t\t}\r\n\t\t\t.rbs_gallery_69d779472721bSpinner > div{\r\n\t\t\t  background-color: #333;\r\n\t\t\t  height: 100%;\r\n\t\t\t  width: 6px;\r\n\t\t\t  display: inline-block;\r\n\t\t\t  -webkit-animation: rbs_gallery_69d779472721b-stretchdelay 1.2s infinite ease-in-out;\r\n\t\t\t  animation: rbs_gallery_69d779472721b-stretchdelay 1.2s infinite ease-in-out;\r\n\t\t\t}\r\n\t\t\t.rbs_gallery_69d779472721bSpinner .rbs_gallery_69d779472721bRect2 {\r\n\t\t\t  -webkit-animation-delay: -1.1s;\r\n\t\t\t  animation-delay: -1.1s;\r\n\t\t\t}\r\n\t\t\t.rbs_gallery_69d779472721bSpinner .rbs_gallery_69d779472721bRect3 {\r\n\t\t\t  -webkit-animation-delay: -1.0s;\r\n\t\t\t  animation-delay: -1.0s;\r\n\t\t\t}\r\n\t\t\t.rbs_gallery_69d779472721bSpinner .rbs_gallery_69d779472721bRect4 {\r\n\t\t\t  -webkit-animation-delay: -0.9s;\r\n\t\t\t  animation-delay: -0.9s;\r\n\t\t\t}\r\n\t\t\t.rbs_gallery_69d779472721bSpinner .rbs_gallery_69d779472721bRect5 {\r\n\t\t\t  -webkit-animation-delay: -0.8s;\r\n\t\t\t  animation-delay: -0.8s;\r\n\t\t\t}\r\n\t\t\t@-webkit-keyframes rbs_gallery_69d779472721b-stretchdelay {\r\n\t\t\t  0%, 40%, 100% { -webkit-transform: scaleY(0.4) }  \r\n\t\t\t  20% { -webkit-transform: scaleY(1.0) }\r\n\t\t\t}\r\n\t\t\t@keyframes rbs_gallery_69d779472721b-stretchdelay {\r\n\t\t\t  0%, 40%, 100% { \r\n\t\t\t    transform: scaleY(0.4);\r\n\t\t\t    -webkit-transform: scaleY(0.4);\r\n\t\t\t  }  20% { \r\n\t\t\t    transform: scaleY(1.0);\r\n\t\t\t    -webkit-transform: scaleY(1.0);\r\n\t\t\t  }\r\n\t\t\t}\r\n\t\t<\/style><div class=\"robo-gallery-wrap robo-gallery-wrap-id13062 robo-gallery-\" ><div id=\"rbs_gallery_69d779472721b-block-loader\" class=\"rbs_gallery_69d779472721bSpinner\"><div class=\"rbs_gallery_69d779472721bRect1\"><\/div> <div class=\"rbs_gallery_69d779472721bRect2\"><\/div> <div class=\"rbs_gallery_69d779472721bRect3\"><\/div> <div class=\"rbs_gallery_69d779472721bRect4\"><\/div> <div class=\"rbs_gallery_69d779472721bRect5\"><\/div><\/div><div id=\"robo_gallery_main_block_rbs_gallery_69d779472721b\" class=\"robogallery-gallery-13062\" style=\"width:100%;margin:0 auto;  display: none;\"><div id=\"rbs_gallery_69d779472721b\" data-options=\"rbs_gallery_69d779472721b\" style=\"width:100%;\" class=\"robo_gallery  \"><div class=\"rbs-img  category13062 \" ><div class=\"rbs-img-image   rbs-lightbox \" ><div class=\"rbs-img-thumbs\"  data-thumbnail=\"https:\/\/camfilapc.com\/wp-content\/uploads\/2017\/10\/handte-vortex-cutaway2-225x300.jpg\"  title=\"handte-vortex-cutaway2\"  data-width=\"225\"  data-height=\"140\" ><\/div><div class=\"rbs-img-data-popup\"  data-popup=\"https:\/\/camfilapc.com\/wp-content\/uploads\/2017\/10\/handte-vortex-cutaway2.jpg\"  title=\"handte-vortex-cutaway2\" ><\/div><div class=\"thumbnail-overlay\"><div class=\"rbsIcons\"><i class=\"fa fa-search-plus rbsZoomIcon \" ><\/i><\/div><\/div><\/div><\/div><\/div><\/div><\/div><script>var rbs_gallery_69d779472721b = {\"version\":\"5.1.4\",\"id\":13062,\"class\":\"id13062\",\"roboGalleryDelay\":1000,\"mainContainer\":\"#robo_gallery_main_block_rbs_gallery_69d779472721b\",\"loadingContainer\":\"#rbs_gallery_69d779472721b-block-loader\",\"loadingContainerObj\":\"rbs_gallery_69d779472721b-block-loader\",\"columnWidth\":\"auto\",\"columns\":3,\"resolutions\":[{\"columnWidth\":\"auto\",\"columns\":3,\"maxWidth\":960},{\"columnWidth\":\"auto\",\"columns\":2,\"maxWidth\":650},{\"columnWidth\":\"auto\",\"columns\":1,\"maxWidth\":450}],\"descBox\":true,\"descBoxClass\":\"rbs_desc_panel_light\",\"hideTitle\":true,\"lightboxOptions\":{\"gallery\":{\"enabled\":true,\"tCounter\":\"%curr% of %total%\"}},\"borderSize\":1,\"overlayEffect\":\"fade\",\"boxesToLoadStart\":12,\"boxesToLoad\":8,\"LoadingWord\":\"Loading...\",\"loadMoreWord\":\"Load More\",\"noMoreEntriesWord\":\"No More Entries\",\"horizontalSpaceBetweenBoxes\":15,\"verticalSpaceBetweenBoxes\":15,\"lazyLoad\":0,\"wrapContainer\":\"#robo-gallery-wrap-rbs_gallery_69d779472721b\"};<\/script><\/p>\n\t\t\t<\/div>\n\t\t\t\t\t\t\t\t\n\t<\/div>\n\n<\/div>\n<\/div><\/div><div id=\"panel-40970-0-1-2\" class=\"so-panel widget widget_sow-headline\" data-index=\"8\" ><div id=\"heading-sidebar\" class=\"panel-widget-style panel-widget-style-for-40970-0-1-2\" ><div\n\t\t\t\n\t\t\tclass=\"so-widget-sow-headline so-widget-sow-headline-default-3be16cc9aca1-40970\"\n\t\t\t\n\t\t><div class=\"sow-headline-container \">\n\t\t\t\t\t\t\t<h3 class=\"sow-headline\">\n\t\t\t\t\t\tInformaci\u00f3n Adicional\t\t\t\t\t\t<\/h3>\n\t\t\t\t\t\t\t\t\t\t\t<div class=\"decoration\">\n\t\t\t\t\t\t<div class=\"decoration-inside\"><\/div>\n\t\t\t\t\t<\/div>\n\t\t\t\t\t<\/div>\n<\/div><\/div><\/div><div id=\"panel-40970-0-1-3\" class=\"so-panel widget widget_sow-post-carousel\" data-index=\"9\" ><div\n\t\t\t\n\t\t\tclass=\"so-widget-sow-post-carousel so-widget-sow-post-carousel-base-c7dbb92dd929-40970\"\n\t\t\t\n\t\t>\t<div\n\t\tclass=\"sow-post-carousel-wrapper sow-post-carousel-theme-base\"\n\t\tstyle=\"overflow: hidden; max-width: 100%; min-height: 150px\"\n\t>\n\t\t<div class=\"sow-carousel-title has-title\">\n\t<h3 class=\"widget-title\">Literatura Descargable<\/h3>\t\t<div class=\"sow-carousel-navigation \">\n\t\t\t\t\t\t<a href=\"#\" class=\"sow-carousel-next\" title=\"Siguiente\" aria-label=\"Entradas siguientes\" role=\"button\"><\/a>\n\t\t\t\t\t\t<a href=\"#\" class=\"sow-carousel-previous\" title=\"Anterior\" aria-label=\"Entradas anteriores\" role=\"button\"><\/a>\n\t\t\t\t\t<\/div>\n\t<\/div>\n\n<div class=\"sow-carousel-container \">\n\t\t<div class=\"sow-carousel-wrapper\"\n\t\tdata-dir=\"ltr\"\n\t\tstyle=\"opacity: 0;\"\n\t\tdata-widget=\"post\" data-fetching=\"false\" data-page=\"1\" data-ajax-url=\"https:\/\/camfilapc.com\/wp-admin\/admin-ajax.php?_widgets_nonce=e0ccd0eb5c\" data-item_count=\"1\" data-carousel_settings=\"{&quot;loop&quot;:true,&quot;animation&quot;:&quot;Ease&quot;,&quot;animation_speed&quot;:400,&quot;autoplay&quot;:&quot;&quot;,&quot;pauseOnHover&quot;:&quot;&quot;,&quot;autoplaySpeed&quot;:8000,&quot;item_overflow&quot;:true,&quot;autoplay_continuous_scroll&quot;:false}\" data-responsive=\"{&quot;desktop_slides_to_scroll&quot;:1,&quot;tablet_landscape_breakpoint&quot;:1366,&quot;tablet_landscape_slides_to_scroll&quot;:2,&quot;tablet_portrait_breakpoint&quot;:1025,&quot;tablet_portrait_slides_to_scroll&quot;:2,&quot;mobile_breakpoint&quot;:480,&quot;mobile_slides_to_scroll&quot;:1}\" data-variable_width=\"true\" \t>\n\t\t<div\n\t\t\tclass=\"sow-carousel-items\"\n\t\t\t\t\t>\n\t\t\t\t<div class=\"sow-carousel-item\" tabindex=\"-1\" style=\"float: left;\">\n\t\t<div class=\"sow-carousel-thumbnail\">\n\t\t\t\t\t\t\t<a\n\t\t\t\t\thref=\"https:\/\/camfilapc.com\/es\/download\/brochure-handte-vortex-handte-venturi\/\"\n\t\t\t\t\t\t\t\t\t\tstyle=\"background-image: url( https:\/\/camfilapc.com\/wp-content\/uploads\/2017\/10\/Brochure-Handte-Vortex-Handte-Venturi-150x150.jpg )\"\n\t\t\t\t\taria-labelledby=\"sow-carousel-id-47087\"\n\t\t\t\t\ttabindex=\"-1\"\n\t\t\t\t>\n\t\t\t\t\t<span class=\"overlay\"><\/span>\n\t\t\t\t<\/a>\n\t\t\t\t\t<\/div>\n\t\t<h3 class=\"sow-carousel-item-title\">\n\t\t\t<a\n\t\t\t\thref=\"https:\/\/camfilapc.com\/es\/download\/brochure-handte-vortex-handte-venturi\/\"\n\t\t\t\tid=\"sow-carousel-id-47087\"\n\t\t\t\t\t\t\t\ttabindex=\"-1\"\n\t\t\t>\n\n\t\t\t\tBrochure - Handte Vortex Handte Venturi\t\t\t<\/a>\n\t\t<\/h3>\n\t<\/div>\n\t\t\t<\/div>\n\t\t\t<\/div>\n\n\t<\/div>\n\t\t<input type=\"hidden\" name=\"instance_hash\" value=\"4fa9338f\"\/>\n\t<\/div>\n<\/div><\/div><div id=\"panel-40970-0-1-4\" class=\"widget_text so-panel widget widget_custom_html panel-last-child\" data-index=\"10\" ><div id=\"btn-view-all\" class=\"widget_text panel-widget-style panel-widget-style-for-40970-0-1-4\" ><div class=\"textwidget custom-html-widget\"><a class=\"spu-open-47412\" href=\"#\">Ver toda la literatura para el <\/a><\/div><\/div><\/div><\/div><\/div><\/div>","protected":false},"excerpt":{"rendered":"<p>Aplicaciones: Manejo seguro de Polvos inflamables y\/o combustibles Caracter\u00edsticas Principales: Sin elementos filtrantes. Bajo Mantenimiento. Usa la acci\u00f3n de la fuerza centr\u00edfuga para remover los contaminantes del aire. TECNOLOGIA DE LOS COLECTORES H\u00daMEDOS PARA POLVO \u201cWET SCRUBBER\u201d Las part\u00edculas de polvo localizadas en la corriente de aire son forzadas a entrar en contacto con el agua y de esta manera...<\/p>\n","protected":false},"author":1,"featured_media":22299,"parent":40829,"menu_order":0,"comment_status":"closed","ping_status":"closed","template":"","meta":{"_acf_changed":false,"footnotes":""},"class_list":["post-40970","page","type-page","status-publish","has-post-thumbnail","hentry"],"acf":[],"_links":{"self":[{"href":"https:\/\/camfilapc.com\/es\/wp-json\/wp\/v2\/pages\/40970","targetHints":{"allow":["GET"]}}],"collection":[{"href":"https:\/\/camfilapc.com\/es\/wp-json\/wp\/v2\/pages"}],"about":[{"href":"https:\/\/camfilapc.com\/es\/wp-json\/wp\/v2\/types\/page"}],"author":[{"embeddable":true,"href":"https:\/\/camfilapc.com\/es\/wp-json\/wp\/v2\/users\/1"}],"replies":[{"embeddable":true,"href":"https:\/\/camfilapc.com\/es\/wp-json\/wp\/v2\/comments?post=40970"}],"version-history":[{"count":0,"href":"https:\/\/camfilapc.com\/es\/wp-json\/wp\/v2\/pages\/40970\/revisions"}],"up":[{"embeddable":true,"href":"https:\/\/camfilapc.com\/es\/wp-json\/wp\/v2\/pages\/40829"}],"wp:featuredmedia":[{"embeddable":true,"href":"https:\/\/camfilapc.com\/es\/wp-json\/wp\/v2\/media\/22299"}],"wp:attachment":[{"href":"https:\/\/camfilapc.com\/es\/wp-json\/wp\/v2\/media?parent=40970"}],"curies":[{"name":"wp","href":"https:\/\/api.w.org\/{rel}","templated":true}]}}