{"id":40944,"date":"2017-08-17T11:06:19","date_gmt":"2017-08-17T15:06:19","guid":{"rendered":"https:\/\/camfilapc.com\/products\/dust-fume\/gold-series-gs4m-mini\/"},"modified":"2023-03-21T11:44:54","modified_gmt":"2023-03-21T15:44:54","slug":"gold-series-gs4m-mini","status":"publish","type":"page","link":"https:\/\/camfilapc.com\/es\/products\/dust-fume\/gold-series-gs4m-mini\/","title":{"rendered":"GOLD SERIES GS4M"},"content":{"rendered":"<div id=\"pl-40944\"  class=\"panel-layout\" ><div id=\"pg-40944-0\"  class=\"panel-grid panel-no-style\" ><div id=\"pgc-40944-0-0\"  class=\"panel-grid-cell\" ><div id=\"panel-40944-0-0-0\" class=\"so-panel widget widget_sow-headline panel-first-child\" data-index=\"0\" ><div id=\"product-name\" class=\"panel-widget-style panel-widget-style-for-40944-0-0-0\" ><div\n\t\t\t\n\t\t\tclass=\"so-widget-sow-headline so-widget-sow-headline-default-8913cd27cdbd-40944\"\n\t\t\t\n\t\t><div class=\"sow-headline-container \">\n\t\t\t\t\t\t\t<h2 class=\"sow-headline\">\n\t\t\t\t\t\tCOLECTOR DE POLVO Y HUMOS GS4M \t\t\t\t\t\t<\/h2>\n\t\t\t\t\t\t\t\t\t\t\t<div class=\"decoration\">\n\t\t\t\t\t\t<div class=\"decoration-inside\"><\/div>\n\t\t\t\t\t<\/div>\n\t\t\t\t\t<\/div>\n<\/div><\/div><\/div><div id=\"panel-40944-0-0-1\" class=\"so-panel widget widget_sow-headline\" data-index=\"1\" ><div\n\t\t\t\n\t\t\tclass=\"so-widget-sow-headline so-widget-sow-headline-default-4d59ec8983cb-40944\"\n\t\t\t\n\t\t><div class=\"sow-headline-container \">\n\t\t\t\t\t\t\t<h3 class=\"sow-headline\">\n\t\t\t\t\t\tEL GS4M ES PARA APLICACIONES DE POLVO Y HUMOS DE HASTA 2,000 CFM. ESTA UNIDAD SE ENTREGA TOTALMENTE ENSAMBLADA Y PRECABLEADA CON VENTILADOR, CONTROLES, ARRANCADOR Y SISTEMA DE LIMPIEZA\t\t\t\t\t\t<\/h3>\n\t\t\t\t\t\t<\/div>\n<\/div><\/div><div id=\"panel-40944-0-0-2\" class=\"so-panel widget widget_text\" data-index=\"2\" ><div id=\"category-product-applications\" class=\"panel-widget-style panel-widget-style-for-40944-0-0-2\" >\t\t\t<div class=\"textwidget\"><p><span class=\"content-lead\">Aplicaciones:<\/span><\/p>\n<ul>\n<li>Aplicaciones en interiores, especialmente donde las restricciones de ruido y \/ o espacio son una preocupaci\u00f3n<\/li>\n<li>Recirculaci\u00f3n de aire en las instalaciones para polvos no peligrosos<\/li>\n<\/ul>\n<\/div>\n\t\t<\/div><\/div><div id=\"panel-40944-0-0-3\" class=\"so-panel widget widget_text\" data-index=\"3\" ><div id=\"category-product-key-features\" class=\"panel-widget-style panel-widget-style-for-40944-0-0-3\" >\t\t\t<div class=\"textwidget\"><p><span class=\"content-lead\">Caracteristicas Clave:<\/span><\/p>\n<ul>\n<li>La unidad totalmente ensamblada y precableada incluye ventilador, controles, arrancador de motor, filtros de cartucho y sistema de limpieza<\/li>\n<li>Trampa de chispa integrada<\/li>\n<li>Gaveta o caj\u00f3n recolector de f\u00e1cil acceso<\/li>\n<li>F\u00e1cil de cambiar filtros, sin necesidad de herramientas<\/li>\n<li>Filtro de seguridad incorporado<\/li>\n<\/ul>\n<\/div>\n\t\t<\/div><\/div><div id=\"panel-40944-0-0-4\" class=\"so-panel widget widget_sow-button panel-last-child\" data-index=\"4\" ><div class=\"animate-69f4918db2534087040907 panels-animation-hide panel-widget-style panel-widget-style-for-40944-0-0-4\" data-so-animation=\"{&quot;selector&quot;:&quot;.animate-69f4918db2534087040907&quot;,&quot;animation&quot;:&quot;fadeInUp&quot;,&quot;breakpoint&quot;:&quot;780px&quot;,&quot;duration&quot;:1,&quot;repeat&quot;:0,&quot;hide&quot;:1,&quot;disableAnimationMobile&quot;:0,&quot;finalState&quot;:&quot;visible&quot;,&quot;delay&quot;:0,&quot;debounce&quot;:0.1,&quot;event&quot;:&quot;enter&quot;,&quot;offset&quot;:0}\" ><div\n\t\t\t\n\t\t\tclass=\"so-widget-sow-button so-widget-sow-button-flat-f54c0409268f-40944\"\n\t\t\t\n\t\t><div class=\"ow-button-base ow-button-align-center\"\n>\n\t\t\t<a\n\t\t\t\t\thref=\"https:\/\/camfilapc.com\/es\/gold-series-gs4m-request-quote-es\/\"\n\t\t\t\t\tclass=\"button-content sowb-button ow-icon-placement-left ow-button-hover\" id=\"btn-request-quote\" \t>\n\t\t<span>\n\t\t\t\n\t\t\tSolicitar Presupuesto\t\t<\/span>\n\t\t\t<\/a>\n\t<\/div>\n<\/div><\/div><\/div><\/div><div id=\"pgc-40944-0-1\"  class=\"panel-grid-cell\" ><div id=\"panel-40944-0-1-0\" class=\"so-panel widget panel-first-child\" data-index=\"5\" ><\/div><div id=\"panel-40944-0-1-1\" class=\"so-panel widget widget_ink-tabs panel-last-child\" data-index=\"6\" ><div\n\t\t\t\n\t\t\tclass=\"so-widget-ink-tabs so-widget-ink-tabs-tabs-f071d93df8ef-40944\"\n\t\t\t\n\t\t>\n<div class=\"iw-so-tabs iw-so-tabs-horizontal iw-so-tabs-default\">\n\n\t<ul class=\"iw-so-tabs-nav\">\n\n\t\t\t\t\t<li class=\"iw-so-tab-title iw-so-tab-active\" id=\"ink-tabs-4094410006-1\">\n\t\t\t\t<a href=\"#ink-tabs-4094410006-1-content\">\n\t\t\t\t\t\t\t\t\t\t<span class=\"iw-so-tab-text\">Fotos<\/span>\n\t\t\t\t<\/a>\n\t\t\t<\/li>\n\t\t\t\t\t\t\t\t\t\t\t<li class=\"iw-so-tab-title\" id=\"ink-tabs-4094410006-2\">\n\t\t\t\t<a href=\"#ink-tabs-4094410006-2-content\">\n\t\t\t\t\t\t\t\t\t\t<span class=\"iw-so-tab-text\">Videos<\/span>\n\t\t\t\t<\/a>\n\t\t\t<\/li>\n\t\t\t\t\t\t\t\t\n\t<\/ul>\n\n\t<div class=\"iw-so-tabs-content\">\n\n\t\t\t\t\t<div class=\"iw-so-tabs-panel iw-so-tab-active\" id=\"ink-tabs-4094410006-1-content\">\n\t\t\t\t<p><div>  <\/div><style type=\"text\/css\" scoped>.rbs_gallery_69f4918db2c4dSpinner{\r\n\t\t\t\tmargin: 50px auto;\r\n\t\t\t\twidth: 50px;\r\n\t\t\t\theight: 40px;\r\n\t\t\t\ttext-align: center;\r\n\t\t\t\tfont-size: 10px;\r\n\t\t\t}\r\n\t\t\t.rbs_gallery_69f4918db2c4dSpinner > div{\r\n\t\t\t  background-color: #333;\r\n\t\t\t  height: 100%;\r\n\t\t\t  width: 6px;\r\n\t\t\t  display: inline-block;\r\n\t\t\t  -webkit-animation: rbs_gallery_69f4918db2c4d-stretchdelay 1.2s infinite ease-in-out;\r\n\t\t\t  animation: rbs_gallery_69f4918db2c4d-stretchdelay 1.2s infinite ease-in-out;\r\n\t\t\t}\r\n\t\t\t.rbs_gallery_69f4918db2c4dSpinner .rbs_gallery_69f4918db2c4dRect2 {\r\n\t\t\t  -webkit-animation-delay: -1.1s;\r\n\t\t\t  animation-delay: -1.1s;\r\n\t\t\t}\r\n\t\t\t.rbs_gallery_69f4918db2c4dSpinner .rbs_gallery_69f4918db2c4dRect3 {\r\n\t\t\t  -webkit-animation-delay: -1.0s;\r\n\t\t\t  animation-delay: -1.0s;\r\n\t\t\t}\r\n\t\t\t.rbs_gallery_69f4918db2c4dSpinner .rbs_gallery_69f4918db2c4dRect4 {\r\n\t\t\t  -webkit-animation-delay: -0.9s;\r\n\t\t\t  animation-delay: -0.9s;\r\n\t\t\t}\r\n\t\t\t.rbs_gallery_69f4918db2c4dSpinner .rbs_gallery_69f4918db2c4dRect5 {\r\n\t\t\t  -webkit-animation-delay: -0.8s;\r\n\t\t\t  animation-delay: -0.8s;\r\n\t\t\t}\r\n\t\t\t@-webkit-keyframes rbs_gallery_69f4918db2c4d-stretchdelay {\r\n\t\t\t  0%, 40%, 100% { -webkit-transform: scaleY(0.4) }  \r\n\t\t\t  20% { -webkit-transform: scaleY(1.0) }\r\n\t\t\t}\r\n\t\t\t@keyframes rbs_gallery_69f4918db2c4d-stretchdelay {\r\n\t\t\t  0%, 40%, 100% { \r\n\t\t\t    transform: scaleY(0.4);\r\n\t\t\t    -webkit-transform: scaleY(0.4);\r\n\t\t\t  }  20% { \r\n\t\t\t    transform: scaleY(1.0);\r\n\t\t\t    -webkit-transform: scaleY(1.0);\r\n\t\t\t  }\r\n\t\t\t}\r\n\t\t<\/style><div class=\"robo-gallery-wrap robo-gallery-wrap-id13816 robo-gallery-\" ><div id=\"rbs_gallery_69f4918db2c4d-block-loader\" class=\"rbs_gallery_69f4918db2c4dSpinner\"><div class=\"rbs_gallery_69f4918db2c4dRect1\"><\/div> <div class=\"rbs_gallery_69f4918db2c4dRect2\"><\/div> <div class=\"rbs_gallery_69f4918db2c4dRect3\"><\/div> <div class=\"rbs_gallery_69f4918db2c4dRect4\"><\/div> <div class=\"rbs_gallery_69f4918db2c4dRect5\"><\/div><\/div><div id=\"robo_gallery_main_block_rbs_gallery_69f4918db2c4d\" class=\"robogallery-gallery-13816\" style=\"width:100%;margin:0 auto;  display: none;\"><div id=\"rbs_gallery_69f4918db2c4d\" data-options=\"rbs_gallery_69f4918db2c4d\" style=\"width:100%;\" class=\"robo_gallery  \"><div class=\"rbs-img  category13816 \" ><div class=\"rbs-img-image   rbs-lightbox \" ><div class=\"rbs-img-thumbs\"  data-thumbnail=\"https:\/\/camfilapc.com\/wp-content\/uploads\/2017\/08\/gs4-product-225x300.jpg\"  title=\"gs4-product\"  data-width=\"225\"  data-height=\"140\" ><\/div><div class=\"rbs-img-data-popup\"  data-popup=\"https:\/\/camfilapc.com\/wp-content\/uploads\/2017\/08\/gs4-product.jpg\"  title=\"gs4-product\" ><\/div><div class=\"thumbnail-overlay\"><div class=\"rbsIcons\"><i class=\"fa fa-search-plus rbsZoomIcon \" ><\/i><\/div><\/div><\/div><\/div><\/div><\/div><\/div><script>var rbs_gallery_69f4918db2c4d = {\"version\":\"5.1.4\",\"id\":13816,\"class\":\"id13816\",\"roboGalleryDelay\":1000,\"mainContainer\":\"#robo_gallery_main_block_rbs_gallery_69f4918db2c4d\",\"loadingContainer\":\"#rbs_gallery_69f4918db2c4d-block-loader\",\"loadingContainerObj\":\"rbs_gallery_69f4918db2c4d-block-loader\",\"columnWidth\":\"auto\",\"columns\":3,\"resolutions\":[{\"columnWidth\":\"auto\",\"columns\":3,\"maxWidth\":960},{\"columnWidth\":\"auto\",\"columns\":2,\"maxWidth\":650},{\"columnWidth\":\"auto\",\"columns\":1,\"maxWidth\":450}],\"descBox\":true,\"descBoxClass\":\"rbs_desc_panel_light\",\"hideTitle\":true,\"lightboxOptions\":{\"gallery\":{\"enabled\":true,\"tCounter\":\"%curr% of %total%\"}},\"borderSize\":1,\"overlayEffect\":\"fade\",\"boxesToLoadStart\":12,\"boxesToLoad\":8,\"LoadingWord\":\"Loading...\",\"loadMoreWord\":\"Load More\",\"noMoreEntriesWord\":\"No More Entries\",\"horizontalSpaceBetweenBoxes\":15,\"verticalSpaceBetweenBoxes\":15,\"lazyLoad\":0,\"wrapContainer\":\"#robo-gallery-wrap-rbs_gallery_69f4918db2c4d\"};<\/script><div>  <\/div><\/p>\n\t\t\t<\/div>\n\t\t\t\t\t\t\t\t\t\t\t<div class=\"iw-so-tabs-panel\" id=\"ink-tabs-4094410006-2-content\">\n\t\t\t\t<p><style type=\"text\/css\" scoped>.rbs_gallery_69f4918dbe9a7Spinner{\r\n\t\t\t\tmargin: 50px auto;\r\n\t\t\t\twidth: 50px;\r\n\t\t\t\theight: 40px;\r\n\t\t\t\ttext-align: center;\r\n\t\t\t\tfont-size: 10px;\r\n\t\t\t}\r\n\t\t\t.rbs_gallery_69f4918dbe9a7Spinner > div{\r\n\t\t\t  background-color: #333;\r\n\t\t\t  height: 100%;\r\n\t\t\t  width: 6px;\r\n\t\t\t  display: inline-block;\r\n\t\t\t  -webkit-animation: rbs_gallery_69f4918dbe9a7-stretchdelay 1.2s infinite ease-in-out;\r\n\t\t\t  animation: rbs_gallery_69f4918dbe9a7-stretchdelay 1.2s infinite ease-in-out;\r\n\t\t\t}\r\n\t\t\t.rbs_gallery_69f4918dbe9a7Spinner .rbs_gallery_69f4918dbe9a7Rect2 {\r\n\t\t\t  -webkit-animation-delay: -1.1s;\r\n\t\t\t  animation-delay: -1.1s;\r\n\t\t\t}\r\n\t\t\t.rbs_gallery_69f4918dbe9a7Spinner .rbs_gallery_69f4918dbe9a7Rect3 {\r\n\t\t\t  -webkit-animation-delay: -1.0s;\r\n\t\t\t  animation-delay: -1.0s;\r\n\t\t\t}\r\n\t\t\t.rbs_gallery_69f4918dbe9a7Spinner .rbs_gallery_69f4918dbe9a7Rect4 {\r\n\t\t\t  -webkit-animation-delay: -0.9s;\r\n\t\t\t  animation-delay: -0.9s;\r\n\t\t\t}\r\n\t\t\t.rbs_gallery_69f4918dbe9a7Spinner .rbs_gallery_69f4918dbe9a7Rect5 {\r\n\t\t\t  -webkit-animation-delay: -0.8s;\r\n\t\t\t  animation-delay: -0.8s;\r\n\t\t\t}\r\n\t\t\t@-webkit-keyframes rbs_gallery_69f4918dbe9a7-stretchdelay {\r\n\t\t\t  0%, 40%, 100% { -webkit-transform: scaleY(0.4) }  \r\n\t\t\t  20% { -webkit-transform: scaleY(1.0) }\r\n\t\t\t}\r\n\t\t\t@keyframes rbs_gallery_69f4918dbe9a7-stretchdelay {\r\n\t\t\t  0%, 40%, 100% { \r\n\t\t\t    transform: scaleY(0.4);\r\n\t\t\t    -webkit-transform: scaleY(0.4);\r\n\t\t\t  }  20% { \r\n\t\t\t    transform: scaleY(1.0);\r\n\t\t\t    -webkit-transform: scaleY(1.0);\r\n\t\t\t  }\r\n\t\t\t}\r\n\t\t<\/style><div class=\"robo-gallery-wrap robo-gallery-wrap-id9253 robo-gallery-\" ><div id=\"rbs_gallery_69f4918dbe9a7-block-loader\" class=\"rbs_gallery_69f4918dbe9a7Spinner\"><div class=\"rbs_gallery_69f4918dbe9a7Rect1\"><\/div> <div class=\"rbs_gallery_69f4918dbe9a7Rect2\"><\/div> <div class=\"rbs_gallery_69f4918dbe9a7Rect3\"><\/div> <div class=\"rbs_gallery_69f4918dbe9a7Rect4\"><\/div> <div class=\"rbs_gallery_69f4918dbe9a7Rect5\"><\/div><\/div><div id=\"robo_gallery_main_block_rbs_gallery_69f4918dbe9a7\" class=\"robogallery-gallery-9253\" style=\"width:100%;  display: none;\"><div id=\"rbs_gallery_69f4918dbe9a7\" data-options=\"rbs_gallery_69f4918dbe9a7\" style=\"width:100%;\" class=\"robo_gallery  \"><div class=\"rbs-img  category9253 \"  data-columns=\"1\" ><div class=\"rbs-img-image   rbs-lightbox \" ><div class=\"rbs-img-thumbs\"  data-thumbnail=\"https:\/\/camfilapc.com\/wp-content\/uploads\/2017\/10\/xflo-video-thumbnail-2020-1.png\"  title=\"xflo-video-thumbnail-2020\"  data-width=\"300\"  data-height=\"160\" ><\/div><div class=\"rbs-img-data-popup\"  data-popup=\"https:\/\/vimeo.com\/295589955\"  data-type=\"iframe\"  title=\"\" ><\/div><div class=\"thumbnail-overlay\"><div class=\"rbsIcons\"><i class=\"fa fa-search-plus rbsZoomIcon \" ><\/i><\/div><\/div><\/div><\/div><div class=\"rbs-img  category9253 \"  data-columns=\"1\" ><div class=\"rbs-img-image   rbs-lightbox \" ><div class=\"rbs-img-thumbs\"  data-thumbnail=\"https:\/\/camfilapc.com\/wp-content\/uploads\/2017\/10\/x-flo-safety-features.jpg\"  title=\"x-flo-safety-features\"  data-width=\"300\"  data-height=\"160\" ><\/div><div class=\"rbs-img-data-popup\"  data-popup=\"https:\/\/vimeo.com\/333140829\"  data-type=\"iframe\"  title=\"\" ><\/div><div class=\"thumbnail-overlay\"><div class=\"rbsIcons\"><i class=\"fa fa-search-plus rbsZoomIcon \" ><\/i><\/div><\/div><\/div><\/div><div class=\"rbs-img  category9253 \"  data-columns=\"1\" ><div class=\"rbs-img-image   rbs-lightbox \" ><div class=\"rbs-img-thumbs\"  data-thumbnail=\"https:\/\/camfilapc.com\/wp-content\/uploads\/2017\/10\/GoldSeries-AssemblyVideo.jpg\"  title=\"GoldSeries-AssemblyVideo\"  data-width=\"300\"  data-height=\"160\" ><\/div><div class=\"rbs-img-data-popup\"  data-popup=\"https:\/\/vimeo.com\/296713870\"  data-type=\"iframe\"  title=\"\" ><\/div><div class=\"thumbnail-overlay\"><div class=\"rbsIcons\"><i class=\"fa fa-search-plus rbsZoomIcon \" ><\/i><\/div><\/div><\/div><\/div><div class=\"rbs-img  category9253 \"  data-columns=\"1\" ><div class=\"rbs-img-image   rbs-lightbox \" ><div class=\"rbs-img-thumbs\"  data-thumbnail=\"https:\/\/camfilapc.com\/wp-content\/uploads\/2017\/10\/gold-series-xflo-filter-changeout.jpg\"  title=\"gold-series-xflo-filter-changeout\"  data-width=\"300\"  data-height=\"169\" ><\/div><div class=\"rbs-img-data-popup\"  data-popup=\"https:\/\/vimeo.com\/421695361\"  data-type=\"iframe\"  title=\"\" ><\/div><div class=\"thumbnail-overlay\"><div class=\"rbsIcons\"><i class=\"fa fa-search-plus rbsZoomIcon \" ><\/i><\/div><\/div><\/div><\/div><\/div><\/div><\/div><script>var rbs_gallery_69f4918dbe9a7 = {\"version\":\"5.1.4\",\"id\":9253,\"class\":\"id9253\",\"roboGalleryDelay\":1000,\"mainContainer\":\"#robo_gallery_main_block_rbs_gallery_69f4918dbe9a7\",\"loadingContainer\":\"#rbs_gallery_69f4918dbe9a7-block-loader\",\"loadingContainerObj\":\"rbs_gallery_69f4918dbe9a7-block-loader\",\"columnWidth\":\"auto\",\"columns\":2,\"resolutions\":[{\"columnWidth\":\"auto\",\"columns\":3,\"maxWidth\":960},{\"columnWidth\":\"auto\",\"columns\":2,\"maxWidth\":650},{\"columnWidth\":\"auto\",\"columns\":1,\"maxWidth\":450}],\"lightboxOptions\":{\"gallery\":{\"enabled\":true,\"tCounter\":\"%curr% of %total%\"}},\"borderSize\":2,\"overlayEffect\":\"fade\",\"boxesToLoadStart\":5,\"boxesToLoad\":5,\"LoadingWord\":\"Loading...\",\"loadMoreWord\":\"Load More\",\"noMoreEntriesWord\":\"No More Entries\",\"horizontalSpaceBetweenBoxes\":10,\"verticalSpaceBetweenBoxes\":10,\"lazyLoad\":0,\"wrapContainer\":\"#robo-gallery-wrap-rbs_gallery_69f4918dbe9a7\"};<\/script><\/p>\n\t\t\t<\/div>\n\t\t\t\t\t\t\t\t\n\t<\/div>\n\n<\/div>\n<\/div><\/div><\/div><\/div><div id=\"pg-40944-1\"  class=\"panel-grid panel-has-style\" ><div id=\"product-full-detail\" class=\"panel-row-style panel-row-style-for-40944-1\" ><div id=\"pgc-40944-1-0\"  class=\"panel-grid-cell\" ><div id=\"panel-40944-1-0-0\" class=\"so-panel widget widget_sow-editor panel-first-child panel-last-child\" data-index=\"7\" ><div id=\"main-p-column\" class=\"panel-widget-style panel-widget-style-for-40944-1-0-0\" ><div\n\t\t\t\n\t\t\tclass=\"so-widget-sow-editor so-widget-sow-editor-base\"\n\t\t\t\n\t\t>\n<div class=\"siteorigin-widget-tinymce textwidget\">\n\t<p>Ya sea que necesite un peque\u00f1o colector de polvo o un colector de humos compacto para su negocio, el Gold Series GS4M ofrece un alto rendimiento. Incorpora <a href=\"https:\/\/camfilapc.com\/es\/products\/dust-fume\/x-flo-industrial-dust-collector\/\">las mejores caracter\u00edsticas del Gold Series<\/a> en una unidad compacta y con un precio competitivo.<\/p>\n<p>Equipado con puerta de f\u00e1cil apertura para un mejor acceso a los filtros, toda la unidad est\u00e1 construida con acero de calibre 10 y est\u00e1 recubierta con pintura en polvo por dentro y por fuera para mayor resistencia a la corrosi\u00f3n.<\/p>\n<ul>\n<li>3 HP, 1,000 CFM a 9 \"w.c. o 2,000 CFM a 5\" w.c.<\/li>\n<li>Sistema autom\u00e1tico de limpieza por pulsos de aire comprimido para una larga vida \u00fatil del cartucho, precableado a un panel de control y potencia.<\/li>\n<li>Filtros Ignifugos.<\/li>\n<li>Entrada de trampa de chispas incorporada para proteger filtros.<\/li>\n<li>Gaveta o caj\u00f3n recolector de f\u00e1cil acceso.<\/li>\n<li>F\u00e1cil de cambiar filtros, sin necesidad de herramientas.<\/li>\n<li>Filtro de seguridad incorporado.<\/li>\n<\/ul>\n<p>El rendimiento extremadamente silencioso del colector y su tama\u00f1o reducido lo hacen ideal para aplicaciones en interiores, especialmente donde las restricciones de ruido y\/o espacio son una preocupaci\u00f3n.<\/p>\n<h3>OPCIONES<\/h3>\n<p>El GS4M tiene diferentes opciones de configuraci\u00f3n de entrada para acomodar distintos tipos de polvo. En lugar de los cajones para el polvo, la unidad se puede pedir con una tolva y una estructura de soporte de patas opcionales para descargar el polvo en un Barril de 55 galones u otro dispositivo de eliminaci\u00f3n.<\/p>\n<p>Las opciones adicionales incluyen una ventila de explosi\u00f3n, ductos flexibles de aluminio o acero inoxidable, una manguera flexible resistente a las chispas, filtro HEPA y cubierta especial para climas severos.<\/p>\n<\/div>\n<\/div><\/div><\/div><\/div><div id=\"pgc-40944-1-1\"  class=\"panel-grid-cell\" ><div id=\"panel-40944-1-1-0\" class=\"so-panel widget widget_sow-headline panel-first-child\" data-index=\"8\" ><div id=\"heading-sidebar\" class=\"panel-widget-style panel-widget-style-for-40944-1-1-0\" ><div\n\t\t\t\n\t\t\tclass=\"so-widget-sow-headline so-widget-sow-headline-default-3be16cc9aca1-40944\"\n\t\t\t\n\t\t><div class=\"sow-headline-container \">\n\t\t\t\t\t\t\t<h3 class=\"sow-headline\">\n\t\t\t\t\t\tInformaci\u00f3n Adicional\t\t\t\t\t\t<\/h3>\n\t\t\t\t\t\t\t\t\t\t\t<div class=\"decoration\">\n\t\t\t\t\t\t<div class=\"decoration-inside\"><\/div>\n\t\t\t\t\t<\/div>\n\t\t\t\t\t<\/div>\n<\/div><\/div><\/div><div id=\"panel-40944-1-1-1\" class=\"so-panel widget widget_sow-post-carousel\" data-index=\"9\" ><div id=\"sidebar-carousel\" class=\"panel-widget-style panel-widget-style-for-40944-1-1-1\" ><div\n\t\t\t\n\t\t\tclass=\"so-widget-sow-post-carousel so-widget-sow-post-carousel-base-c7dbb92dd929-40944\"\n\t\t\t\n\t\t>\t<div\n\t\tclass=\"sow-post-carousel-wrapper sow-post-carousel-theme-base\"\n\t\tstyle=\"overflow: hidden; max-width: 100%; min-height: 150px\"\n\t>\n\t\t<div class=\"sow-carousel-title has-title\">\n\t<h3 class=\"widget-title\">Literatura Descargable<\/h3>\t\t<div class=\"sow-carousel-navigation \">\n\t\t\t\t\t\t<a href=\"#\" class=\"sow-carousel-next\" title=\"Siguiente\" aria-label=\"Entradas siguientes\" role=\"button\"><\/a>\n\t\t\t\t\t\t<a href=\"#\" class=\"sow-carousel-previous\" title=\"Anterior\" aria-label=\"Entradas anteriores\" role=\"button\"><\/a>\n\t\t\t\t\t<\/div>\n\t<\/div>\n\n<div class=\"sow-carousel-container \">\n\t\t<div class=\"sow-carousel-wrapper\"\n\t\tdata-dir=\"ltr\"\n\t\tstyle=\"opacity: 0;\"\n\t\tdata-widget=\"post\" data-fetching=\"false\" data-page=\"1\" data-ajax-url=\"https:\/\/camfilapc.com\/wp-admin\/admin-ajax.php?_widgets_nonce=ef8e5e4c4d\" data-item_count=\"3\" data-carousel_settings=\"{&quot;loop&quot;:true,&quot;animation&quot;:&quot;Ease&quot;,&quot;animation_speed&quot;:400,&quot;autoplay&quot;:&quot;&quot;,&quot;pauseOnHover&quot;:&quot;&quot;,&quot;autoplaySpeed&quot;:8000,&quot;item_overflow&quot;:true,&quot;autoplay_continuous_scroll&quot;:false}\" data-responsive=\"{&quot;desktop_slides_to_scroll&quot;:1,&quot;tablet_landscape_breakpoint&quot;:1366,&quot;tablet_landscape_slides_to_scroll&quot;:2,&quot;tablet_portrait_breakpoint&quot;:1025,&quot;tablet_portrait_slides_to_scroll&quot;:2,&quot;mobile_breakpoint&quot;:480,&quot;mobile_slides_to_scroll&quot;:1}\" data-variable_width=\"true\" \t>\n\t\t<div\n\t\t\tclass=\"sow-carousel-items\"\n\t\t\t\t\t>\n\t\t\t\t<div class=\"sow-carousel-item\" tabindex=\"-1\" style=\"float: left;\">\n\t\t<div class=\"sow-carousel-thumbnail\">\n\t\t\t\t\t\t\t<a\n\t\t\t\t\thref=\"https:\/\/camfilapc.com\/es\/download\/farr-gold-series-air-pollution-control-mini-gs4m\/\"\n\t\t\t\t\t\t\t\t\t\tstyle=\"background-image: url( https:\/\/camfilapc.com\/wp-content\/uploads\/2017\/10\/gs4-mini-brochure-150x150.jpg )\"\n\t\t\t\t\taria-labelledby=\"sow-carousel-id-47120\"\n\t\t\t\t\ttabindex=\"-1\"\n\t\t\t\t>\n\t\t\t\t\t<span class=\"overlay\"><\/span>\n\t\t\t\t<\/a>\n\t\t\t\t\t<\/div>\n\t\t<h3 class=\"sow-carousel-item-title\">\n\t\t\t<a\n\t\t\t\thref=\"https:\/\/camfilapc.com\/es\/download\/farr-gold-series-air-pollution-control-mini-gs4m\/\"\n\t\t\t\tid=\"sow-carousel-id-47120\"\n\t\t\t\t\t\t\t\ttabindex=\"-1\"\n\t\t\t>\n\n\t\t\t\tGold Series\u00ae Mini - GS4M\t\t\t<\/a>\n\t\t<\/h3>\n\t<\/div>\n\t\t<div class=\"sow-carousel-item\" tabindex=\"-1\" style=\"float: left;\">\n\t\t<div class=\"sow-carousel-thumbnail\">\n\t\t\t\t\t\t\t<a\n\t\t\t\t\thref=\"https:\/\/camfilapc.com\/es\/download\/gs4m-fan-spec-sheet\/\"\n\t\t\t\t\t\t\t\t\t\tstyle=\"background-image: url( https:\/\/camfilapc.com\/wp-content\/uploads\/2017\/10\/gs4m-fan-spec-sheet-150x150.jpg )\"\n\t\t\t\t\taria-labelledby=\"sow-carousel-id-47122\"\n\t\t\t\t\ttabindex=\"-1\"\n\t\t\t\t>\n\t\t\t\t\t<span class=\"overlay\"><\/span>\n\t\t\t\t<\/a>\n\t\t\t\t\t<\/div>\n\t\t<h3 class=\"sow-carousel-item-title\">\n\t\t\t<a\n\t\t\t\thref=\"https:\/\/camfilapc.com\/es\/download\/gs4m-fan-spec-sheet\/\"\n\t\t\t\tid=\"sow-carousel-id-47122\"\n\t\t\t\t\t\t\t\ttabindex=\"-1\"\n\t\t\t>\n\n\t\t\t\tGS4M Fan Spec Sheet\t\t\t<\/a>\n\t\t<\/h3>\n\t<\/div>\n\t\t<div class=\"sow-carousel-item\" tabindex=\"-1\" style=\"float: left;\">\n\t\t<div class=\"sow-carousel-thumbnail\">\n\t\t\t\t\t\t\t<a\n\t\t\t\t\thref=\"https:\/\/camfilapc.com\/es\/download\/gs4m-fan-curve\/\"\n\t\t\t\t\t\t\t\t\t\tstyle=\"background-image: url( https:\/\/camfilapc.com\/wp-content\/uploads\/2017\/10\/gs4m-fan-curve-1-150x150.jpg )\"\n\t\t\t\t\taria-labelledby=\"sow-carousel-id-47124\"\n\t\t\t\t\ttabindex=\"-1\"\n\t\t\t\t>\n\t\t\t\t\t<span class=\"overlay\"><\/span>\n\t\t\t\t<\/a>\n\t\t\t\t\t<\/div>\n\t\t<h3 class=\"sow-carousel-item-title\">\n\t\t\t<a\n\t\t\t\thref=\"https:\/\/camfilapc.com\/es\/download\/gs4m-fan-curve\/\"\n\t\t\t\tid=\"sow-carousel-id-47124\"\n\t\t\t\t\t\t\t\ttabindex=\"-1\"\n\t\t\t>\n\n\t\t\t\tGS4M Fan Curve\t\t\t<\/a>\n\t\t<\/h3>\n\t<\/div>\n\t\t\t<\/div>\n\t\t\t<\/div>\n\n\t<\/div>\n\t\t<input type=\"hidden\" name=\"instance_hash\" value=\"362b195b\"\/>\n\t<\/div>\n<\/div><\/div><\/div><div id=\"panel-40944-1-1-2\" class=\"widget_text so-panel widget widget_custom_html\" data-index=\"10\" ><div id=\"btn-view-all\" class=\"widget_text panel-widget-style panel-widget-style-for-40944-1-1-2\" ><div class=\"textwidget custom-html-widget\"><a class=\"spu-open-47404\" href=\"#\">Ver toda la litratura para el <\/a><\/div><\/div><\/div><div id=\"panel-40944-1-1-3\" class=\"so-panel widget widget_sow-post-carousel panel-last-child\" data-index=\"11\" ><div id=\"sidebar-carousel\" class=\"panel-widget-style panel-widget-style-for-40944-1-1-3\" ><div\n\t\t\t\n\t\t\tclass=\"so-widget-sow-post-carousel so-widget-sow-post-carousel-base-c7dbb92dd929-47124\"\n\t\t\t\n\t\t><\/div><\/div><\/div><\/div><\/div><\/div><div id=\"pg-40944-2\"  class=\"panel-grid panel-has-style\" ><div id=\"main-p-column-cta\" class=\"panel-row-style panel-row-style-for-40944-2\" ><div id=\"pgc-40944-2-0\"  class=\"panel-grid-cell\" ><div id=\"panel-40944-2-0-0\" class=\"so-panel widget widget_sow-image panel-first-child panel-last-child\" data-index=\"12\" ><div class=\"animate-69f4918dc7303133409465 panels-animation-hide panel-widget-style panel-widget-style-for-40944-2-0-0\" data-so-animation=\"{&quot;selector&quot;:&quot;.animate-69f4918dc7303133409465&quot;,&quot;animation&quot;:&quot;fadeInUp&quot;,&quot;breakpoint&quot;:&quot;780px&quot;,&quot;duration&quot;:1,&quot;repeat&quot;:0,&quot;hide&quot;:1,&quot;disableAnimationMobile&quot;:0,&quot;finalState&quot;:&quot;visible&quot;,&quot;delay&quot;:0,&quot;debounce&quot;:0,&quot;event&quot;:&quot;enter&quot;,&quot;offset&quot;:0}\" ><div\n\t\t\t\n\t\t\tclass=\"so-widget-sow-image so-widget-sow-image-default-8b5b6f678277-47124\"\n\t\t\t\n\t\t>\n<div class=\"sow-image-container\">\n\t\t\t<a href=\"https:\/\/camfilapc.com\/whitepapers\/safety-10-tips-wp\/\"\n\t\t\t\t\t>\n\t\t\t<img \n\tsrc=\"https:\/\/camfilapc.com\/wp-content\/uploads\/2017\/08\/10-ways-safe-wp-thumb-245x300.jpg\" width=\"245\" height=\"300\" srcset=\"https:\/\/camfilapc.com\/wp-content\/uploads\/2017\/08\/10-ways-safe-wp-thumb-245x300.jpg 245w, https:\/\/camfilapc.com\/wp-content\/uploads\/2017\/08\/10-ways-safe-wp-thumb.jpg 450w\" sizes=\"(max-width: 245px) 100vw, 245px\" alt=\"\" \t\tclass=\"so-widget-image\"\/>\n\t\t\t<\/a><\/div>\n\n<\/div><\/div><\/div><\/div><div id=\"pgc-40944-2-1\"  class=\"panel-grid-cell\" ><div id=\"panel-40944-2-1-0\" class=\"so-panel widget widget_sow-editor panel-first-child panel-last-child\" data-index=\"13\" ><div\n\t\t\t\n\t\t\tclass=\"so-widget-sow-editor so-widget-sow-editor-base\"\n\t\t\t\n\t\t>\n<div class=\"siteorigin-widget-tinymce textwidget\">\n\t<p class=\"highlight-download\">Descarga:<\/p>\n<p><a href=\"https:\/\/camfilapc.com\/whitepapers\/safety-10-tips-wp\/\">10 Tips for Making Your Dust Collector as Safe as Possible<\/a><\/p>\n<\/div>\n<\/div><\/div><\/div><\/div><\/div><\/div>","protected":false},"excerpt":{"rendered":"<p>Aplicaciones: Aplicaciones en interiores, especialmente donde las restricciones de ruido y \/ o espacio son una preocupaci\u00f3n Recirculaci\u00f3n de aire en las instalaciones para polvos no peligrosos Caracteristicas Clave: La unidad totalmente ensamblada y precableada incluye ventilador, controles, arrancador de motor, filtros de cartucho y sistema de limpieza Trampa de chispa integrada Gaveta o caj\u00f3n recolector de f\u00e1cil acceso F\u00e1cil...<\/p>\n","protected":false},"author":1,"featured_media":40946,"parent":40829,"menu_order":0,"comment_status":"closed","ping_status":"closed","template":"","meta":{"_acf_changed":false,"footnotes":""},"class_list":["post-40944","page","type-page","status-publish","has-post-thumbnail","hentry"],"acf":[],"_links":{"self":[{"href":"https:\/\/camfilapc.com\/es\/wp-json\/wp\/v2\/pages\/40944","targetHints":{"allow":["GET"]}}],"collection":[{"href":"https:\/\/camfilapc.com\/es\/wp-json\/wp\/v2\/pages"}],"about":[{"href":"https:\/\/camfilapc.com\/es\/wp-json\/wp\/v2\/types\/page"}],"author":[{"embeddable":true,"href":"https:\/\/camfilapc.com\/es\/wp-json\/wp\/v2\/users\/1"}],"replies":[{"embeddable":true,"href":"https:\/\/camfilapc.com\/es\/wp-json\/wp\/v2\/comments?post=40944"}],"version-history":[{"count":0,"href":"https:\/\/camfilapc.com\/es\/wp-json\/wp\/v2\/pages\/40944\/revisions"}],"up":[{"embeddable":true,"href":"https:\/\/camfilapc.com\/es\/wp-json\/wp\/v2\/pages\/40829"}],"wp:featuredmedia":[{"embeddable":true,"href":"https:\/\/camfilapc.com\/es\/wp-json\/wp\/v2\/media\/40946"}],"wp:attachment":[{"href":"https:\/\/camfilapc.com\/es\/wp-json\/wp\/v2\/media?parent=40944"}],"curies":[{"name":"wp","href":"https:\/\/api.w.org\/{rel}","templated":true}]}}