{"id":40931,"date":"2017-08-17T11:05:59","date_gmt":"2017-08-17T15:05:59","guid":{"rendered":"https:\/\/camfilapc.com\/products\/dust-fume\/gold-series-high-vacuum\/"},"modified":"2023-03-21T12:05:15","modified_gmt":"2023-03-21T16:05:15","slug":"gold-series-high-vacuum","status":"publish","type":"page","link":"https:\/\/camfilapc.com\/es\/products\/dust-fume\/gold-series-high-vacuum\/","title":{"rendered":"GOLS SERIES DE ALTO VAC\u00cdO (HV)"},"content":{"rendered":"<div id=\"pl-40931\"  class=\"panel-layout\" ><div id=\"pg-40931-0\"  class=\"panel-grid panel-no-style\" ><div id=\"pgc-40931-0-0\"  class=\"panel-grid-cell\" ><div id=\"panel-40931-0-0-0\" class=\"so-panel widget widget_sow-headline panel-first-child\" data-index=\"0\" ><div id=\"product-name\" class=\"panel-widget-style panel-widget-style-for-40931-0-0-0\" ><div\n\t\t\t\n\t\t\tclass=\"so-widget-sow-headline so-widget-sow-headline-default-8913cd27cdbd-40931\"\n\t\t\t\n\t\t><div class=\"sow-headline-container \">\n\t\t\t\t\t\t\t<h2 class=\"sow-headline\">\n\t\t\t\t\t\tCOLECTORES DE POLVO GOLD SERIES HV\t\t\t\t\t\t<\/h2>\n\t\t\t\t\t\t\t\t\t\t\t<div class=\"decoration\">\n\t\t\t\t\t\t<div class=\"decoration-inside\"><\/div>\n\t\t\t\t\t<\/div>\n\t\t\t\t\t<\/div>\n<\/div><\/div><\/div><div id=\"panel-40931-0-0-1\" class=\"so-panel widget widget_text\" data-index=\"1\" ><div id=\"category-product-applications\" class=\"panel-widget-style panel-widget-style-for-40931-0-0-1\" >\t\t\t<div class=\"textwidget\"><p>Aplicaciones:<\/p>\n<ul>\n<li>Sistemas de aspiraci\u00f3n centralizada<\/li>\n<li>Recibidores de producto (presi\u00f3n negativa o positiva)<\/li>\n<li>Venteo de silos y aplicaciones de alta presi\u00f3n<\/li>\n<li>Polvos Farmac\u00e9uticos\/Peligros cuando se utiliza el sistema BIBO<\/li>\n<\/ul>\n<\/div>\n\t\t<\/div><\/div><div id=\"panel-40931-0-0-2\" class=\"so-panel widget widget_text\" data-index=\"2\" ><div id=\"category-product-key-features\" class=\"panel-widget-style panel-widget-style-for-40931-0-0-2\" >\t\t\t<div class=\"textwidget\"><p>Caracter\u00edsticas Clave:<\/p>\n<ul>\n<li>Construcci\u00f3n resistente de calibre 10 y 7.<\/li>\n<li>Resiste hasta 17 pulgadas de mercurio en vac\u00edo y hasta 8 psi de presi\u00f3n positiva (sin ventilas de explosi\u00f3n).<\/li>\n<li>La entrada tangencial con deflectores que minimiza el polvo que entra en contacto con los filtros.<\/li>\n<li>Puede configurarse como un colector de polvo independiente con o sin tolva y estructura de soporte para aplicaciones de venteo de silos.<\/li>\n<li>Incluye un sistema de control que monitorea y controla el sistema de limpieza por pulsos de aire.<\/li>\n<li>Los filtros HemiPleat\u00ae Gold Cone \u2122 con doble sello y separadores, aseguran un espaciado uniforme entre los pliegues y alargan la vida \u00fatil de los mismos.<\/li>\n<\/ul>\n<\/div>\n\t\t<\/div><\/div><div id=\"panel-40931-0-0-3\" class=\"so-panel widget widget_sow-button panel-last-child\" data-index=\"3\" ><div class=\"animate-69f0888022090237563220 panels-animation-hide panel-widget-style panel-widget-style-for-40931-0-0-3\" data-so-animation=\"{&quot;selector&quot;:&quot;.animate-69f0888022090237563220&quot;,&quot;animation&quot;:&quot;fadeInUp&quot;,&quot;breakpoint&quot;:&quot;780px&quot;,&quot;duration&quot;:1,&quot;repeat&quot;:0,&quot;hide&quot;:1,&quot;disableAnimationMobile&quot;:0,&quot;finalState&quot;:&quot;visible&quot;,&quot;delay&quot;:0,&quot;debounce&quot;:0.1,&quot;event&quot;:&quot;enter&quot;,&quot;offset&quot;:0}\" ><div\n\t\t\t\n\t\t\tclass=\"so-widget-sow-button so-widget-sow-button-flat-f54c0409268f-40931\"\n\t\t\t\n\t\t><div class=\"ow-button-base ow-button-align-center\"\n>\n\t\t\t<a\n\t\t\t\t\thref=\"https:\/\/camfilapc.com\/gold-series-high-vacuum-request-a-quote-es\/\"\n\t\t\t\t\tclass=\"button-content sowb-button ow-icon-placement-left ow-button-hover\" id=\"btn-request-quote\" \t>\n\t\t<span>\n\t\t\t\n\t\t\tSolicitar Presupuesto\t\t<\/span>\n\t\t\t<\/a>\n\t<\/div>\n<\/div><\/div><\/div><\/div><div id=\"pgc-40931-0-1\"  class=\"panel-grid-cell\" ><div id=\"panel-40931-0-1-0\" class=\"so-panel widget panel-first-child\" data-index=\"4\" ><\/div><div id=\"panel-40931-0-1-1\" class=\"so-panel widget widget_ink-tabs panel-last-child\" data-index=\"5\" ><div\n\t\t\t\n\t\t\tclass=\"so-widget-ink-tabs so-widget-ink-tabs-tabs-f071d93df8ef-40931\"\n\t\t\t\n\t\t>\n<div class=\"iw-so-tabs iw-so-tabs-horizontal iw-so-tabs-default\">\n\n\t<ul class=\"iw-so-tabs-nav\">\n\n\t\t\t\t\t<li class=\"iw-so-tab-title iw-so-tab-active\" id=\"ink-tabs-4093110005-1\">\n\t\t\t\t<a href=\"#ink-tabs-4093110005-1-content\">\n\t\t\t\t\t\t\t\t\t\t<span class=\"iw-so-tab-text\">Fotos<\/span>\n\t\t\t\t<\/a>\n\t\t\t<\/li>\n\t\t\t\t\t\t\t\t\t\t\t<li class=\"iw-so-tab-title\" id=\"ink-tabs-4093110005-2\">\n\t\t\t\t<a href=\"#ink-tabs-4093110005-2-content\">\n\t\t\t\t\t\t\t\t\t\t<span class=\"iw-so-tab-text\">Videos<\/span>\n\t\t\t\t<\/a>\n\t\t\t<\/li>\n\t\t\t\t\t\t\t\t\n\t<\/ul>\n\n\t<div class=\"iw-so-tabs-content\">\n\n\t\t\t\t\t<div class=\"iw-so-tabs-panel iw-so-tab-active\" id=\"ink-tabs-4093110005-1-content\">\n\t\t\t\t<p><style type=\"text\/css\" scoped>.rbs_gallery_69f088802525bSpinner{\r\n\t\t\t\tmargin: 50px auto;\r\n\t\t\t\twidth: 50px;\r\n\t\t\t\theight: 40px;\r\n\t\t\t\ttext-align: center;\r\n\t\t\t\tfont-size: 10px;\r\n\t\t\t}\r\n\t\t\t.rbs_gallery_69f088802525bSpinner > div{\r\n\t\t\t  background-color: #333;\r\n\t\t\t  height: 100%;\r\n\t\t\t  width: 6px;\r\n\t\t\t  display: inline-block;\r\n\t\t\t  -webkit-animation: rbs_gallery_69f088802525b-stretchdelay 1.2s infinite ease-in-out;\r\n\t\t\t  animation: rbs_gallery_69f088802525b-stretchdelay 1.2s infinite ease-in-out;\r\n\t\t\t}\r\n\t\t\t.rbs_gallery_69f088802525bSpinner .rbs_gallery_69f088802525bRect2 {\r\n\t\t\t  -webkit-animation-delay: -1.1s;\r\n\t\t\t  animation-delay: -1.1s;\r\n\t\t\t}\r\n\t\t\t.rbs_gallery_69f088802525bSpinner .rbs_gallery_69f088802525bRect3 {\r\n\t\t\t  -webkit-animation-delay: -1.0s;\r\n\t\t\t  animation-delay: -1.0s;\r\n\t\t\t}\r\n\t\t\t.rbs_gallery_69f088802525bSpinner .rbs_gallery_69f088802525bRect4 {\r\n\t\t\t  -webkit-animation-delay: -0.9s;\r\n\t\t\t  animation-delay: -0.9s;\r\n\t\t\t}\r\n\t\t\t.rbs_gallery_69f088802525bSpinner .rbs_gallery_69f088802525bRect5 {\r\n\t\t\t  -webkit-animation-delay: -0.8s;\r\n\t\t\t  animation-delay: -0.8s;\r\n\t\t\t}\r\n\t\t\t@-webkit-keyframes rbs_gallery_69f088802525b-stretchdelay {\r\n\t\t\t  0%, 40%, 100% { -webkit-transform: scaleY(0.4) }  \r\n\t\t\t  20% { -webkit-transform: scaleY(1.0) }\r\n\t\t\t}\r\n\t\t\t@keyframes rbs_gallery_69f088802525b-stretchdelay {\r\n\t\t\t  0%, 40%, 100% { \r\n\t\t\t    transform: scaleY(0.4);\r\n\t\t\t    -webkit-transform: scaleY(0.4);\r\n\t\t\t  }  20% { \r\n\t\t\t    transform: scaleY(1.0);\r\n\t\t\t    -webkit-transform: scaleY(1.0);\r\n\t\t\t  }\r\n\t\t\t}\r\n\t\t<\/style><div class=\"robo-gallery-wrap robo-gallery-wrap-id13797 robo-gallery-\" ><div id=\"rbs_gallery_69f088802525b-block-loader\" class=\"rbs_gallery_69f088802525bSpinner\"><div class=\"rbs_gallery_69f088802525bRect1\"><\/div> <div class=\"rbs_gallery_69f088802525bRect2\"><\/div> <div class=\"rbs_gallery_69f088802525bRect3\"><\/div> <div class=\"rbs_gallery_69f088802525bRect4\"><\/div> <div class=\"rbs_gallery_69f088802525bRect5\"><\/div><\/div><div id=\"robo_gallery_main_block_rbs_gallery_69f088802525b\" class=\"robogallery-gallery-13797\" style=\"width:100%;margin:0 auto;  display: none;\"><div id=\"rbs_gallery_69f088802525b\" data-options=\"rbs_gallery_69f088802525b\" style=\"width:100%;\" class=\"robo_gallery  \"><div class=\"rbs-img  category13797 \" ><div class=\"rbs-img-image   rbs-lightbox \" ><div class=\"rbs-img-thumbs\"  data-thumbnail=\"https:\/\/camfilapc.com\/wp-content\/uploads\/2017\/11\/Gold_Series_High_Vacuum-small-146x300.png\"  title=\"Gold_Series_High_Vacuum small\"  data-width=\"225\"  data-height=\"140\" ><\/div><div class=\"rbs-img-data-popup\"  data-popup=\"https:\/\/camfilapc.com\/wp-content\/uploads\/2017\/11\/Gold_Series_High_Vacuum-small.png\"  title=\"Gold_Series_High_Vacuum small\" ><\/div><div class=\"thumbnail-overlay\"><div class=\"rbsIcons\"><i class=\"fa fa-search-plus rbsZoomIcon \" ><\/i><\/div><\/div><\/div><\/div><\/div><\/div><\/div><script>var rbs_gallery_69f088802525b = {\"version\":\"5.1.4\",\"id\":13797,\"class\":\"id13797\",\"roboGalleryDelay\":1000,\"mainContainer\":\"#robo_gallery_main_block_rbs_gallery_69f088802525b\",\"loadingContainer\":\"#rbs_gallery_69f088802525b-block-loader\",\"loadingContainerObj\":\"rbs_gallery_69f088802525b-block-loader\",\"columnWidth\":\"auto\",\"columns\":3,\"resolutions\":[{\"columnWidth\":\"auto\",\"columns\":3,\"maxWidth\":960},{\"columnWidth\":\"auto\",\"columns\":2,\"maxWidth\":650},{\"columnWidth\":\"auto\",\"columns\":1,\"maxWidth\":450}],\"descBox\":true,\"descBoxClass\":\"rbs_desc_panel_light\",\"hideTitle\":true,\"lightboxOptions\":{\"gallery\":{\"enabled\":true,\"tCounter\":\"%curr% of %total%\"}},\"borderSize\":1,\"overlayEffect\":\"fade\",\"boxesToLoadStart\":12,\"boxesToLoad\":8,\"LoadingWord\":\"Loading...\",\"loadMoreWord\":\"Load More\",\"noMoreEntriesWord\":\"No More Entries\",\"horizontalSpaceBetweenBoxes\":15,\"verticalSpaceBetweenBoxes\":15,\"lazyLoad\":0,\"wrapContainer\":\"#robo-gallery-wrap-rbs_gallery_69f088802525b\"};<\/script><\/p>\n\t\t\t<\/div>\n\t\t\t\t\t\t\t\t\t\t\t<div class=\"iw-so-tabs-panel\" id=\"ink-tabs-4093110005-2-content\">\n\t\t\t\t<p><style type=\"text\/css\" scoped>.rbs_gallery_69f0888028b03Spinner{\r\n\t\t\t\tmargin: 50px auto;\r\n\t\t\t\twidth: 50px;\r\n\t\t\t\theight: 40px;\r\n\t\t\t\ttext-align: center;\r\n\t\t\t\tfont-size: 10px;\r\n\t\t\t}\r\n\t\t\t.rbs_gallery_69f0888028b03Spinner > div{\r\n\t\t\t  background-color: #333;\r\n\t\t\t  height: 100%;\r\n\t\t\t  width: 6px;\r\n\t\t\t  display: inline-block;\r\n\t\t\t  -webkit-animation: rbs_gallery_69f0888028b03-stretchdelay 1.2s infinite ease-in-out;\r\n\t\t\t  animation: rbs_gallery_69f0888028b03-stretchdelay 1.2s infinite ease-in-out;\r\n\t\t\t}\r\n\t\t\t.rbs_gallery_69f0888028b03Spinner .rbs_gallery_69f0888028b03Rect2 {\r\n\t\t\t  -webkit-animation-delay: -1.1s;\r\n\t\t\t  animation-delay: -1.1s;\r\n\t\t\t}\r\n\t\t\t.rbs_gallery_69f0888028b03Spinner .rbs_gallery_69f0888028b03Rect3 {\r\n\t\t\t  -webkit-animation-delay: -1.0s;\r\n\t\t\t  animation-delay: -1.0s;\r\n\t\t\t}\r\n\t\t\t.rbs_gallery_69f0888028b03Spinner .rbs_gallery_69f0888028b03Rect4 {\r\n\t\t\t  -webkit-animation-delay: -0.9s;\r\n\t\t\t  animation-delay: -0.9s;\r\n\t\t\t}\r\n\t\t\t.rbs_gallery_69f0888028b03Spinner .rbs_gallery_69f0888028b03Rect5 {\r\n\t\t\t  -webkit-animation-delay: -0.8s;\r\n\t\t\t  animation-delay: -0.8s;\r\n\t\t\t}\r\n\t\t\t@-webkit-keyframes rbs_gallery_69f0888028b03-stretchdelay {\r\n\t\t\t  0%, 40%, 100% { -webkit-transform: scaleY(0.4) }  \r\n\t\t\t  20% { -webkit-transform: scaleY(1.0) }\r\n\t\t\t}\r\n\t\t\t@keyframes rbs_gallery_69f0888028b03-stretchdelay {\r\n\t\t\t  0%, 40%, 100% { \r\n\t\t\t    transform: scaleY(0.4);\r\n\t\t\t    -webkit-transform: scaleY(0.4);\r\n\t\t\t  }  20% { \r\n\t\t\t    transform: scaleY(1.0);\r\n\t\t\t    -webkit-transform: scaleY(1.0);\r\n\t\t\t  }\r\n\t\t\t}\r\n\t\t<\/style><div class=\"robo-gallery-wrap robo-gallery-wrap-id9253 robo-gallery-\" ><div id=\"rbs_gallery_69f0888028b03-block-loader\" class=\"rbs_gallery_69f0888028b03Spinner\"><div class=\"rbs_gallery_69f0888028b03Rect1\"><\/div> <div class=\"rbs_gallery_69f0888028b03Rect2\"><\/div> <div class=\"rbs_gallery_69f0888028b03Rect3\"><\/div> <div class=\"rbs_gallery_69f0888028b03Rect4\"><\/div> <div class=\"rbs_gallery_69f0888028b03Rect5\"><\/div><\/div><div id=\"robo_gallery_main_block_rbs_gallery_69f0888028b03\" class=\"robogallery-gallery-9253\" style=\"width:100%;  display: none;\"><div id=\"rbs_gallery_69f0888028b03\" data-options=\"rbs_gallery_69f0888028b03\" style=\"width:100%;\" class=\"robo_gallery  \"><div class=\"rbs-img  category9253 \"  data-columns=\"1\" ><div class=\"rbs-img-image   rbs-lightbox \" ><div class=\"rbs-img-thumbs\"  data-thumbnail=\"https:\/\/camfilapc.com\/wp-content\/uploads\/2017\/10\/xflo-video-thumbnail-2020-1.png\"  title=\"xflo-video-thumbnail-2020\"  data-width=\"300\"  data-height=\"160\" ><\/div><div class=\"rbs-img-data-popup\"  data-popup=\"https:\/\/vimeo.com\/295589955\"  data-type=\"iframe\"  title=\"\" ><\/div><div class=\"thumbnail-overlay\"><div class=\"rbsIcons\"><i class=\"fa fa-search-plus rbsZoomIcon \" ><\/i><\/div><\/div><\/div><\/div><div class=\"rbs-img  category9253 \"  data-columns=\"1\" ><div class=\"rbs-img-image   rbs-lightbox \" ><div class=\"rbs-img-thumbs\"  data-thumbnail=\"https:\/\/camfilapc.com\/wp-content\/uploads\/2017\/10\/x-flo-safety-features.jpg\"  title=\"x-flo-safety-features\"  data-width=\"300\"  data-height=\"160\" ><\/div><div class=\"rbs-img-data-popup\"  data-popup=\"https:\/\/vimeo.com\/333140829\"  data-type=\"iframe\"  title=\"\" ><\/div><div class=\"thumbnail-overlay\"><div class=\"rbsIcons\"><i class=\"fa fa-search-plus rbsZoomIcon \" ><\/i><\/div><\/div><\/div><\/div><div class=\"rbs-img  category9253 \"  data-columns=\"1\" ><div class=\"rbs-img-image   rbs-lightbox \" ><div class=\"rbs-img-thumbs\"  data-thumbnail=\"https:\/\/camfilapc.com\/wp-content\/uploads\/2017\/10\/GoldSeries-AssemblyVideo.jpg\"  title=\"GoldSeries-AssemblyVideo\"  data-width=\"300\"  data-height=\"160\" ><\/div><div class=\"rbs-img-data-popup\"  data-popup=\"https:\/\/vimeo.com\/296713870\"  data-type=\"iframe\"  title=\"\" ><\/div><div class=\"thumbnail-overlay\"><div class=\"rbsIcons\"><i class=\"fa fa-search-plus rbsZoomIcon \" ><\/i><\/div><\/div><\/div><\/div><div class=\"rbs-img  category9253 \"  data-columns=\"1\" ><div class=\"rbs-img-image   rbs-lightbox \" ><div class=\"rbs-img-thumbs\"  data-thumbnail=\"https:\/\/camfilapc.com\/wp-content\/uploads\/2017\/10\/gold-series-xflo-filter-changeout.jpg\"  title=\"gold-series-xflo-filter-changeout\"  data-width=\"300\"  data-height=\"169\" ><\/div><div class=\"rbs-img-data-popup\"  data-popup=\"https:\/\/vimeo.com\/421695361\"  data-type=\"iframe\"  title=\"\" ><\/div><div class=\"thumbnail-overlay\"><div class=\"rbsIcons\"><i class=\"fa fa-search-plus rbsZoomIcon \" ><\/i><\/div><\/div><\/div><\/div><\/div><\/div><\/div><script>var rbs_gallery_69f0888028b03 = {\"version\":\"5.1.4\",\"id\":9253,\"class\":\"id9253\",\"roboGalleryDelay\":1000,\"mainContainer\":\"#robo_gallery_main_block_rbs_gallery_69f0888028b03\",\"loadingContainer\":\"#rbs_gallery_69f0888028b03-block-loader\",\"loadingContainerObj\":\"rbs_gallery_69f0888028b03-block-loader\",\"columnWidth\":\"auto\",\"columns\":2,\"resolutions\":[{\"columnWidth\":\"auto\",\"columns\":3,\"maxWidth\":960},{\"columnWidth\":\"auto\",\"columns\":2,\"maxWidth\":650},{\"columnWidth\":\"auto\",\"columns\":1,\"maxWidth\":450}],\"lightboxOptions\":{\"gallery\":{\"enabled\":true,\"tCounter\":\"%curr% of %total%\"}},\"borderSize\":2,\"overlayEffect\":\"fade\",\"boxesToLoadStart\":5,\"boxesToLoad\":5,\"LoadingWord\":\"Loading...\",\"loadMoreWord\":\"Load More\",\"noMoreEntriesWord\":\"No More Entries\",\"horizontalSpaceBetweenBoxes\":10,\"verticalSpaceBetweenBoxes\":10,\"lazyLoad\":0,\"wrapContainer\":\"#robo-gallery-wrap-rbs_gallery_69f0888028b03\"};<\/script><\/p>\n\t\t\t<\/div>\n\t\t\t\t\t\t\t\t\n\t<\/div>\n\n<\/div>\n<\/div><\/div><\/div><\/div><div id=\"pg-40931-1\"  class=\"panel-grid panel-has-style\" ><div id=\"product-full-detail\" class=\"panel-row-style panel-row-style-for-40931-1\" ><div id=\"pgc-40931-1-0\"  class=\"panel-grid-cell\" ><div id=\"panel-40931-1-0-0\" class=\"so-panel widget widget_sow-editor panel-first-child panel-last-child\" data-index=\"6\" ><div id=\"main-p-column\" class=\"panel-widget-style panel-widget-style-for-40931-1-0-0\" ><div\n\t\t\t\n\t\t\tclass=\"so-widget-sow-editor so-widget-sow-editor-base\"\n\t\t\t\n\t\t>\n<div class=\"siteorigin-widget-tinymce textwidget\">\n\t<div id=\"attachment_9798\" style=\"width: 345px\" class=\"wp-caption alignright\"><img aria-describedby=\"caption-attachment-9798\" loading=\"lazy\" decoding=\"async\" class=\"wp-image-9798 \" src=\"https:\/\/camfilapc.com\/wp-content\/uploads\/2017\/08\/content_hv-installation.jpg\" alt=\"\" width=\"335\" height=\"266\" \/><p id=\"caption-attachment-9798\" class=\"wp-caption-text\">GS12 y GS4HV de alto vac\u00edo en aplicaci\u00f3n de polvo de t\u00f3ner.<\/p><\/div>\n<h3>Opciones<\/h3>\n<ul>\n<li>Ventila Anti-Explosi\u00f3n<\/li>\n<li>Puerta de acceso al sistema de filtros tipo \u201cBag-in \/ Bag-out\u201d para polvos farmac\u00e9uticos o peligrosos<\/li>\n<li>Accesorios de Descarga continua para polvos farmac\u00e9uticos peligrosos<\/li>\n<li>Descarga directa a dispositivos de recolecci\u00f3n, como el barril de 55 galones o una tolva de descarga autom\u00e1tica.<\/li>\n<\/ul>\n<\/div>\n<\/div><\/div><\/div><\/div><div id=\"pgc-40931-1-1\"  class=\"panel-grid-cell\" ><div id=\"panel-40931-1-1-0\" class=\"so-panel widget widget_sow-headline panel-first-child\" data-index=\"7\" ><div id=\"heading-sidebar\" class=\"panel-widget-style panel-widget-style-for-40931-1-1-0\" ><div\n\t\t\t\n\t\t\tclass=\"so-widget-sow-headline so-widget-sow-headline-default-3be16cc9aca1-40931\"\n\t\t\t\n\t\t><div class=\"sow-headline-container \">\n\t\t\t\t\t\t\t<h3 class=\"sow-headline\">\n\t\t\t\t\t\tInformaci\u00f3n Adicional\t\t\t\t\t\t<\/h3>\n\t\t\t\t\t\t\t\t\t\t\t<div class=\"decoration\">\n\t\t\t\t\t\t<div class=\"decoration-inside\"><\/div>\n\t\t\t\t\t<\/div>\n\t\t\t\t\t<\/div>\n<\/div><\/div><\/div><div id=\"panel-40931-1-1-1\" class=\"so-panel widget widget_sow-post-carousel\" data-index=\"8\" ><div id=\"sidebar-carousel\" class=\"panel-widget-style panel-widget-style-for-40931-1-1-1\" ><div\n\t\t\t\n\t\t\tclass=\"so-widget-sow-post-carousel so-widget-sow-post-carousel-base-c7dbb92dd929-40931\"\n\t\t\t\n\t\t>\t<div\n\t\tclass=\"sow-post-carousel-wrapper sow-post-carousel-theme-base\"\n\t\tstyle=\"overflow: hidden; max-width: 100%; min-height: 150px\"\n\t>\n\t\t<div class=\"sow-carousel-title has-title\">\n\t<h3 class=\"widget-title\">Literatura Descargable<\/h3>\t\t<div class=\"sow-carousel-navigation \">\n\t\t\t\t\t\t<a href=\"#\" class=\"sow-carousel-next\" title=\"Siguiente\" aria-label=\"Entradas siguientes\" role=\"button\"><\/a>\n\t\t\t\t\t\t<a href=\"#\" class=\"sow-carousel-previous\" title=\"Anterior\" aria-label=\"Entradas anteriores\" role=\"button\"><\/a>\n\t\t\t\t\t<\/div>\n\t<\/div>\n\n<div class=\"sow-carousel-container \">\n\t\t<div class=\"sow-carousel-wrapper\"\n\t\tdata-dir=\"ltr\"\n\t\tstyle=\"opacity: 0;\"\n\t\tdata-widget=\"post\" data-fetching=\"false\" data-page=\"1\" data-ajax-url=\"https:\/\/camfilapc.com\/wp-admin\/admin-ajax.php?_widgets_nonce=a44ed1df0d\" data-item_count=\"3\" data-carousel_settings=\"{&quot;loop&quot;:true,&quot;animation&quot;:&quot;Ease&quot;,&quot;animation_speed&quot;:400,&quot;autoplay&quot;:&quot;&quot;,&quot;pauseOnHover&quot;:&quot;&quot;,&quot;autoplaySpeed&quot;:8000,&quot;item_overflow&quot;:true,&quot;autoplay_continuous_scroll&quot;:false}\" data-responsive=\"{&quot;desktop_slides_to_scroll&quot;:1,&quot;tablet_landscape_breakpoint&quot;:1366,&quot;tablet_landscape_slides_to_scroll&quot;:2,&quot;tablet_portrait_breakpoint&quot;:1025,&quot;tablet_portrait_slides_to_scroll&quot;:2,&quot;mobile_breakpoint&quot;:480,&quot;mobile_slides_to_scroll&quot;:1}\" data-variable_width=\"true\" \t>\n\t\t<div\n\t\t\tclass=\"sow-carousel-items\"\n\t\t\t\t\t>\n\t\t\t\t<div class=\"sow-carousel-item\" tabindex=\"-1\" style=\"float: left;\">\n\t\t<div class=\"sow-carousel-thumbnail\">\n\t\t\t\t\t\t\t<a\n\t\t\t\t\thref=\"https:\/\/camfilapc.com\/es\/download\/gshv-gold-series-high-vacuum\/\"\n\t\t\t\t\t\t\t\t\t\tstyle=\"background-image: url( https:\/\/camfilapc.com\/wp-content\/uploads\/2017\/10\/high-vac-gshv-150x150.jpg )\"\n\t\t\t\t\taria-labelledby=\"sow-carousel-id-47127\"\n\t\t\t\t\ttabindex=\"-1\"\n\t\t\t\t>\n\t\t\t\t\t<span class=\"overlay\"><\/span>\n\t\t\t\t<\/a>\n\t\t\t\t\t<\/div>\n\t\t<h3 class=\"sow-carousel-item-title\">\n\t\t\t<a\n\t\t\t\thref=\"https:\/\/camfilapc.com\/es\/download\/gshv-gold-series-high-vacuum\/\"\n\t\t\t\tid=\"sow-carousel-id-47127\"\n\t\t\t\t\t\t\t\ttabindex=\"-1\"\n\t\t\t>\n\n\t\t\t\tGSHV Gold Series\u00ae High Vacuum\t\t\t<\/a>\n\t\t<\/h3>\n\t<\/div>\n\t\t<div class=\"sow-carousel-item\" tabindex=\"-1\" style=\"float: left;\">\n\t\t<div class=\"sow-carousel-thumbnail\">\n\t\t\t\t\t\t\t<a\n\t\t\t\t\thref=\"https:\/\/camfilapc.com\/es\/download\/brochure-high-vacuum-dust-collectors\/\"\n\t\t\t\t\t\t\t\t\t\tstyle=\"background-image: url( https:\/\/camfilapc.com\/wp-content\/uploads\/2017\/10\/high-vac-brochure-150x150.jpg )\"\n\t\t\t\t\taria-labelledby=\"sow-carousel-id-47129\"\n\t\t\t\t\ttabindex=\"-1\"\n\t\t\t\t>\n\t\t\t\t\t<span class=\"overlay\"><\/span>\n\t\t\t\t<\/a>\n\t\t\t\t\t<\/div>\n\t\t<h3 class=\"sow-carousel-item-title\">\n\t\t\t<a\n\t\t\t\thref=\"https:\/\/camfilapc.com\/es\/download\/brochure-high-vacuum-dust-collectors\/\"\n\t\t\t\tid=\"sow-carousel-id-47129\"\n\t\t\t\t\t\t\t\ttabindex=\"-1\"\n\t\t\t>\n\n\t\t\t\tBrochure - High Vacuum Dust Collectors\t\t\t<\/a>\n\t\t<\/h3>\n\t<\/div>\n\t\t<div class=\"sow-carousel-item\" tabindex=\"-1\" style=\"float: left;\">\n\t\t<div class=\"sow-carousel-thumbnail\">\n\t\t\t\t\t\t\t<a\n\t\t\t\t\thref=\"https:\/\/camfilapc.com\/es\/download\/instruction-manual-fb-r-series-fluid-seal-bag-bag-round-filtration-housing\/\"\n\t\t\t\t\t\t\t\t\t\tstyle=\"background-image: url( https:\/\/camfilapc.com\/wp-content\/uploads\/2017\/10\/high-vac-instruction-manual-150x150.jpg )\"\n\t\t\t\t\taria-labelledby=\"sow-carousel-id-47131\"\n\t\t\t\t\ttabindex=\"-1\"\n\t\t\t\t>\n\t\t\t\t\t<span class=\"overlay\"><\/span>\n\t\t\t\t<\/a>\n\t\t\t\t\t<\/div>\n\t\t<h3 class=\"sow-carousel-item-title\">\n\t\t\t<a\n\t\t\t\thref=\"https:\/\/camfilapc.com\/es\/download\/instruction-manual-fb-r-series-fluid-seal-bag-bag-round-filtration-housing\/\"\n\t\t\t\tid=\"sow-carousel-id-47131\"\n\t\t\t\t\t\t\t\ttabindex=\"-1\"\n\t\t\t>\n\n\t\t\t\tInstruction Manual - FB-R Series\t\t\t<\/a>\n\t\t<\/h3>\n\t<\/div>\n\t\t\t<\/div>\n\t\t\t<\/div>\n\n\t<\/div>\n\t\t<input type=\"hidden\" name=\"instance_hash\" value=\"7639f902\"\/>\n\t<\/div>\n<\/div><\/div><\/div><div id=\"panel-40931-1-1-2\" class=\"widget_text so-panel widget widget_custom_html\" data-index=\"9\" ><div id=\"btn-view-all\" class=\"widget_text panel-widget-style panel-widget-style-for-40931-1-1-2\" ><div class=\"textwidget custom-html-widget\"><a class=\"spu-open-47407\" href=\"#\">Ver toda la literatura para el Gold Series HV<\/a><\/div><\/div><\/div><div id=\"panel-40931-1-1-3\" class=\"so-panel widget widget_sow-post-carousel panel-last-child\" data-index=\"10\" ><div id=\"sidebar-carousel\" class=\"panel-widget-style panel-widget-style-for-40931-1-1-3\" ><div\n\t\t\t\n\t\t\tclass=\"so-widget-sow-post-carousel so-widget-sow-post-carousel-base-c7dbb92dd929-47131\"\n\t\t\t\n\t\t><\/div><\/div><\/div><\/div><\/div><\/div><\/div>","protected":false},"excerpt":{"rendered":"<p>Aplicaciones: Sistemas de aspiraci\u00f3n centralizada Recibidores de producto (presi\u00f3n negativa o positiva) Venteo de silos y aplicaciones de alta presi\u00f3n Polvos Farmac\u00e9uticos\/Peligros cuando se utiliza el sistema BIBO Caracter\u00edsticas Clave: Construcci\u00f3n resistente de calibre 10 y 7. Resiste hasta 17 pulgadas de mercurio en vac\u00edo y hasta 8 psi de presi\u00f3n positiva (sin ventilas de explosi\u00f3n). La entrada tangencial con...<\/p>\n","protected":false},"author":1,"featured_media":40933,"parent":40829,"menu_order":0,"comment_status":"closed","ping_status":"closed","template":"","meta":{"_acf_changed":false,"footnotes":""},"class_list":["post-40931","page","type-page","status-publish","has-post-thumbnail","hentry"],"acf":[],"_links":{"self":[{"href":"https:\/\/camfilapc.com\/es\/wp-json\/wp\/v2\/pages\/40931","targetHints":{"allow":["GET"]}}],"collection":[{"href":"https:\/\/camfilapc.com\/es\/wp-json\/wp\/v2\/pages"}],"about":[{"href":"https:\/\/camfilapc.com\/es\/wp-json\/wp\/v2\/types\/page"}],"author":[{"embeddable":true,"href":"https:\/\/camfilapc.com\/es\/wp-json\/wp\/v2\/users\/1"}],"replies":[{"embeddable":true,"href":"https:\/\/camfilapc.com\/es\/wp-json\/wp\/v2\/comments?post=40931"}],"version-history":[{"count":0,"href":"https:\/\/camfilapc.com\/es\/wp-json\/wp\/v2\/pages\/40931\/revisions"}],"up":[{"embeddable":true,"href":"https:\/\/camfilapc.com\/es\/wp-json\/wp\/v2\/pages\/40829"}],"wp:featuredmedia":[{"embeddable":true,"href":"https:\/\/camfilapc.com\/es\/wp-json\/wp\/v2\/media\/40933"}],"wp:attachment":[{"href":"https:\/\/camfilapc.com\/es\/wp-json\/wp\/v2\/media?parent=40931"}],"curies":[{"name":"wp","href":"https:\/\/api.w.org\/{rel}","templated":true}]}}