{"id":40829,"date":"2017-08-17T11:00:57","date_gmt":"2017-08-17T15:00:57","guid":{"rendered":"https:\/\/camfilapc.com\/products\/dust-fume\/"},"modified":"2023-11-09T12:27:43","modified_gmt":"2023-11-09T17:27:43","slug":"dust-fume","status":"publish","type":"page","link":"https:\/\/camfilapc.com\/es\/products\/dust-fume\/","title":{"rendered":"Colectores industriales de polvo y humo\/vapores"},"content":{"rendered":"<div id=\"pl-40829\"  class=\"panel-layout\" ><div id=\"pg-40829-0\"  class=\"panel-grid panel-no-style\" ><div id=\"pgc-40829-0-0\"  class=\"panel-grid-cell\" ><div id=\"panel-40829-0-0-0\" class=\"so-panel widget widget_sow-editor panel-first-child\" data-index=\"0\" ><div id=\"product-thumb\" class=\"panel-widget-style panel-widget-style-for-40829-0-0-0\" ><div\n\t\t\t\n\t\t\tclass=\"so-widget-sow-editor so-widget-sow-editor-base\"\n\t\t\t\n\t\t>\n<div class=\"siteorigin-widget-tinymce textwidget\">\n\t<p><a href=\"\/es\/products\/dust-fume\/x-flo-industrial-dust-collector\/\"><img loading=\"lazy\" decoding=\"async\" class=\"aligncenter wp-image-38470\" src=\"https:\/\/camfilapc.com\/wp-content\/uploads\/2018\/10\/gold-series-xflo-sm.jpg\" alt=\"Gold Series X Flo\" width=\"205\" height=\"356\" \/><\/a><\/p>\n<\/div>\n<\/div><\/div><\/div><div id=\"panel-40829-0-0-1\" class=\"so-panel widget widget_sow-editor\" data-index=\"1\" ><div id=\"product-short-description\" class=\"panel-widget-style panel-widget-style-for-40829-0-0-1\" ><div\n\t\t\t\n\t\t\tclass=\"so-widget-sow-editor so-widget-sow-editor-base\"\n\t\t\t\n\t\t>\n<div class=\"siteorigin-widget-tinymce textwidget\">\n\t<p class=\"sow-headline\">\u00a0X-FLO Serie Gold\u2122<\/p>\n<div id=\"panel-40822-3-0-1\" class=\"so-panel widget widget_sow-editor\" data-index=\"6\">\n<div id=\"product-short-description\" class=\"panel-widget-style panel-widget-style-for-40822-3-0-1\">\n<div class=\"so-widget-sow-editor so-widget-sow-editor-base\">\n<div class=\"siteorigin-widget-tinymce textwidget\">\n<p class=\"sow-sub-headline\">El l\u00edder de la industria en la recolecci\u00f3n de polvo y humo.<\/p>\n<\/div>\n<\/div>\n<\/div>\n<\/div>\n<\/div>\n<\/div><\/div><\/div><div id=\"panel-40829-0-0-2\" class=\"so-panel widget widget_sow-button panel-last-child\" data-index=\"2\" ><div\n\t\t\t\n\t\t\tclass=\"so-widget-sow-button so-widget-sow-button-flat-f54c0409268f-40829\"\n\t\t\t\n\t\t><div class=\"ow-button-base ow-button-align-center\"\n>\n\t\t\t<a\n\t\t\t\t\thref=\"\"\n\t\t\t\t\tclass=\"button-content sowb-button ow-icon-placement-left ow-button-hover\" id=\"btn-learn-more\" \t>\n\t\t<span>\n\t\t\t\n\t\t\tM\u00e1s Informaci\u00f3n\t\t<\/span>\n\t\t\t<\/a>\n\t<\/div>\n<\/div><\/div><\/div><div id=\"pgc-40829-0-1\"  class=\"panel-grid-cell\" ><div id=\"panel-40829-0-1-0\" class=\"so-panel widget widget_sow-editor panel-first-child\" data-index=\"3\" ><div id=\"product-thumb\" class=\"panel-widget-style panel-widget-style-for-40829-0-1-0\" ><div\n\t\t\t\n\t\t\tclass=\"so-widget-sow-editor so-widget-sow-editor-base\"\n\t\t\t\n\t\t>\n<div class=\"siteorigin-widget-tinymce textwidget\">\n\t<p><a href=\"https:\/\/camfilapc.com\/products\/dust-fume\/gold-series-camtain\/\"><img loading=\"lazy\" decoding=\"async\" class=\"aligncenter wp-image-51695 \" src=\"https:\/\/camfilapc.com\/wp-content\/uploads\/2020\/01\/gold-series-camtain-sm.jpg\" alt=\"Camtain\" width=\"133\" height=\"358\" \/><\/a><\/p>\n<\/div>\n<\/div><\/div><\/div><div id=\"panel-40829-0-1-1\" class=\"so-panel widget widget_sow-editor\" data-index=\"4\" ><div id=\"product-short-description\" class=\"panel-widget-style panel-widget-style-for-40829-0-1-1\" ><div\n\t\t\t\n\t\t\tclass=\"so-widget-sow-editor so-widget-sow-editor-base\"\n\t\t\t\n\t\t>\n<div class=\"siteorigin-widget-tinymce textwidget\">\n\t<p class=\"sow-headline\">GS Camtain<sup>\u00ae<\/sup><\/p>\n<div id=\"panel-40822-3-1-1\" class=\"so-panel widget widget_sow-editor\" data-index=\"9\">\n<div class=\"so-widget-sow-editor so-widget-sow-editor-base\">\n<div class=\"siteorigin-widget-tinymce textwidget\">\n<p class=\"sow-sub-headline\">Dise\u00f1ado espec\u00edficamente para aplicaciones farmac\u00e9uticas y de contenci\u00f3n.<\/p>\n<\/div>\n<\/div>\n<\/div>\n<\/div>\n<\/div><\/div><\/div><div id=\"panel-40829-0-1-2\" class=\"so-panel widget widget_sow-button panel-last-child\" data-index=\"5\" ><div\n\t\t\t\n\t\t\tclass=\"so-widget-sow-button so-widget-sow-button-flat-f54c0409268f-40829\"\n\t\t\t\n\t\t><div class=\"ow-button-base ow-button-align-center\"\n>\n\t\t\t<a\n\t\t\t\t\thref=\"\"\n\t\t\t\t\tclass=\"button-content sowb-button ow-icon-placement-left ow-button-hover\" id=\"btn-learn-more\" \t>\n\t\t<span>\n\t\t\t\n\t\t\tM\u00e1s Informaci\u00f3n\t\t<\/span>\n\t\t\t<\/a>\n\t<\/div>\n<\/div><\/div><\/div><div id=\"pgc-40829-0-2\"  class=\"panel-grid-cell\" ><div id=\"panel-40829-0-2-0\" class=\"so-panel widget widget_sow-editor panel-first-child\" data-index=\"6\" ><div id=\"product-thumb\" class=\"panel-widget-style panel-widget-style-for-40829-0-2-0\" ><div\n\t\t\t\n\t\t\tclass=\"so-widget-sow-editor so-widget-sow-editor-base\"\n\t\t\t\n\t\t>\n<div class=\"siteorigin-widget-tinymce textwidget\">\n\t<p><a href=\"https:\/\/camfilapc.com\/es\/products\/dust-fume\/quad-pulse-package\/\"> <img loading=\"lazy\" decoding=\"async\" class=\"so-widget-image\" src=\"https:\/\/camfilapc.com\/wp-content\/uploads\/2017\/08\/quad-pulse-package-thumb.jpg\" sizes=\"auto, (max-width: 228px) 100vw, 228px\" srcset=\"https:\/\/camfilapc.com\/wp-content\/uploads\/2017\/08\/quad-pulse-package-thumb.jpg 228w, https:\/\/camfilapc.com\/wp-content\/uploads\/2017\/08\/quad-pulse-package-thumb-192x300.jpg 192w\" alt=\"Quad Pulse Package\" width=\"228\" height=\"356\" \/><br \/>\n<\/a><\/p>\n<\/div>\n<\/div><\/div><\/div><div id=\"panel-40829-0-2-1\" class=\"so-panel widget widget_sow-editor\" data-index=\"7\" ><div id=\"product-short-description\" class=\"panel-widget-style panel-widget-style-for-40829-0-2-1\" ><div\n\t\t\t\n\t\t\tclass=\"so-widget-sow-editor so-widget-sow-editor-base\"\n\t\t\t\n\t\t>\n<div class=\"siteorigin-widget-tinymce textwidget\">\n\t<p class=\"sow-headline\">Quad Pulse Package<\/p>\n<p class=\"sow-sub-headline\">El colector compacto de elecci\u00f3n para las industrias farmac\u00e9utica y qu\u00edmica.<\/p>\n<\/div>\n<\/div><\/div><\/div><div id=\"panel-40829-0-2-2\" class=\"so-panel widget widget_sow-button panel-last-child\" data-index=\"8\" ><div\n\t\t\t\n\t\t\tclass=\"so-widget-sow-button so-widget-sow-button-flat-f54c0409268f-40829\"\n\t\t\t\n\t\t><div class=\"ow-button-base ow-button-align-center\"\n>\n\t\t\t<a\n\t\t\t\t\thref=\"\"\n\t\t\t\t\tclass=\"button-content sowb-button ow-icon-placement-left ow-button-hover\" id=\"btn-learn-more\" \t>\n\t\t<span>\n\t\t\t\n\t\t\tM\u00e1s Informaci\u00f3n\t\t<\/span>\n\t\t\t<\/a>\n\t<\/div>\n<\/div><\/div><\/div><div id=\"pgc-40829-0-3\"  class=\"panel-grid-cell\" ><div id=\"panel-40829-0-3-0\" class=\"so-panel widget widget_sow-editor panel-first-child\" data-index=\"9\" ><div id=\"product-thumb\" class=\"panel-widget-style panel-widget-style-for-40829-0-3-0\" ><div\n\t\t\t\n\t\t\tclass=\"so-widget-sow-editor so-widget-sow-editor-base\"\n\t\t\t\n\t\t>\n<div class=\"siteorigin-widget-tinymce textwidget\">\n\t<p><a href=\"https:\/\/camfilapc.com\/es\/products\/dust-fume\/farr-gold-series-high-vacuum\/\"><img loading=\"lazy\" decoding=\"async\" class=\"so-widget-image\" src=\"https:\/\/camfilapc.com\/wp-content\/uploads\/2017\/08\/farr-gold-series-high-vacuum.jpg\" sizes=\"auto, (max-width: 228px) 100vw, 228px\" srcset=\"https:\/\/camfilapc.com\/wp-content\/uploads\/2017\/08\/farr-gold-series-high-vacuum.jpg 228w, https:\/\/camfilapc.com\/wp-content\/uploads\/2017\/08\/farr-gold-series-high-vacuum-192x300.jpg 192w\" alt=\"Farr Gold Series High Vacuum\" width=\"228\" height=\"356\" \/><\/a><\/p>\n<\/div>\n<\/div><\/div><\/div><div id=\"panel-40829-0-3-1\" class=\"so-panel widget widget_sow-editor\" data-index=\"10\" ><div id=\"product-short-description\" class=\"panel-widget-style panel-widget-style-for-40829-0-3-1\" ><div\n\t\t\t\n\t\t\tclass=\"so-widget-sow-editor so-widget-sow-editor-base\"\n\t\t\t\n\t\t>\n<div class=\"siteorigin-widget-tinymce textwidget\">\n\t<p class=\"sow-headline\">High Vacuum Serie Gold\u00ae<\/p>\n<p class=\"sow-sub-headline\">Se utiliza para aplicaciones de hasta 17 en presi\u00f3n positiva HG \u00fa 8 psi.<\/p>\n<\/div>\n<\/div><\/div><\/div><div id=\"panel-40829-0-3-2\" class=\"so-panel widget widget_sow-button panel-last-child\" data-index=\"11\" ><div\n\t\t\t\n\t\t\tclass=\"so-widget-sow-button so-widget-sow-button-flat-f54c0409268f-40829\"\n\t\t\t\n\t\t><div class=\"ow-button-base ow-button-align-center\"\n>\n\t\t\t<a\n\t\t\t\t\thref=\"\"\n\t\t\t\t\tclass=\"button-content sowb-button ow-icon-placement-left ow-button-hover\" id=\"btn-learn-more\" \t>\n\t\t<span>\n\t\t\t\n\t\t\tM\u00e1s Informaci\u00f3n\t\t<\/span>\n\t\t\t<\/a>\n\t<\/div>\n<\/div><\/div><\/div><\/div><div id=\"pg-40829-1\"  class=\"panel-grid panel-no-style\" ><div id=\"pgc-40829-1-0\"  class=\"panel-grid-cell\" ><div id=\"panel-40829-1-0-0\" class=\"so-panel widget widget_sow-editor panel-first-child\" data-index=\"12\" ><div class=\"animate-69e63bd72ca35076011511 panels-animation-hide panel-widget-style panel-widget-style-for-40829-1-0-0\" id=\"product-thumb\" data-so-animation=\"{&quot;selector&quot;:&quot;.animate-69e63bd72ca35076011511&quot;,&quot;animation&quot;:&quot;fadeIn&quot;,&quot;breakpoint&quot;:&quot;780px&quot;,&quot;duration&quot;:1,&quot;repeat&quot;:0,&quot;hide&quot;:1,&quot;disableAnimationMobile&quot;:0,&quot;finalState&quot;:&quot;visible&quot;,&quot;delay&quot;:0,&quot;debounce&quot;:0.1,&quot;event&quot;:&quot;enter&quot;,&quot;offset&quot;:0}\" ><div\n\t\t\t\n\t\t\tclass=\"so-widget-sow-editor so-widget-sow-editor-base\"\n\t\t\t\n\t\t>\n<div class=\"siteorigin-widget-tinymce textwidget\">\n\t<p><a href=\"https:\/\/camfilapc.com\/es\/products\/dust-fume\/gold-series-gs4m-mini\/\"> <img loading=\"lazy\" decoding=\"async\" class=\"so-widget-image\" src=\"https:\/\/camfilapc.com\/wp-content\/uploads\/2017\/08\/farr-gold-series-gs4m-mini-thumb.jpg\" sizes=\"auto, (max-width: 228px) 100vw, 228px\" srcset=\"https:\/\/camfilapc.com\/wp-content\/uploads\/2017\/08\/farr-gold-series-gs4m-mini-thumb.jpg 228w, https:\/\/camfilapc.com\/wp-content\/uploads\/2017\/08\/farr-gold-series-gs4m-mini-thumb-192x300.jpg 192w\" alt=\"Farr Gold Series GS4M Mini\" width=\"228\" height=\"356\" \/><br \/>\n<\/a><\/p>\n<\/div>\n<\/div><\/div><\/div><div id=\"panel-40829-1-0-1\" class=\"so-panel widget widget_sow-editor\" data-index=\"13\" ><div id=\"product-short-description\" class=\"panel-widget-style panel-widget-style-for-40829-1-0-1\" ><div\n\t\t\t\n\t\t\tclass=\"so-widget-sow-editor so-widget-sow-editor-base\"\n\t\t\t\n\t\t>\n<div class=\"siteorigin-widget-tinymce textwidget\">\n\t<p class=\"sow-headline\">GS4M Mini Serie Gold\u00ae<\/p>\n<div id=\"panel-40822-4-0-1\" class=\"so-panel widget widget_sow-editor\" data-index=\"18\">\n<div id=\"product-short-description\" class=\"panel-widget-style panel-widget-style-for-40822-4-0-1\">\n<div class=\"so-widget-sow-editor so-widget-sow-editor-base\">\n<div class=\"siteorigin-widget-tinymce textwidget\">\n<p class=\"sow-sub-headline\">El rey de los colectores de polvo para aplicaciones peque\u00f1as<\/p>\n<\/div>\n<\/div>\n<\/div>\n<\/div>\n<div id=\"panel-40822-4-0-2\" class=\"so-panel widget widget_sow-button panel-last-child\" data-index=\"19\">\n<div class=\"so-widget-sow-button so-widget-sow-button-flat-4a75a8acc3b6\">\n<div class=\"ow-button-base ow-button-align-center\"><\/div>\n<\/div>\n<\/div>\n<\/div>\n<\/div><\/div><\/div><div id=\"panel-40829-1-0-2\" class=\"so-panel widget widget_sow-button panel-last-child\" data-index=\"14\" ><div\n\t\t\t\n\t\t\tclass=\"so-widget-sow-button so-widget-sow-button-flat-f54c0409268f-40829\"\n\t\t\t\n\t\t><div class=\"ow-button-base ow-button-align-center\"\n>\n\t\t\t<a\n\t\t\t\t\thref=\"https:\/\/camfilapc.com\/?page_id=3398\"\n\t\t\t\t\tclass=\"button-content sowb-button ow-icon-placement-left ow-button-hover\" id=\"btn-learn-more\" \t>\n\t\t<span>\n\t\t\t\n\t\t\tM\u00e1s Informaci\u00f3n\t\t<\/span>\n\t\t\t<\/a>\n\t<\/div>\n<\/div><\/div><\/div><div id=\"pgc-40829-1-1\"  class=\"panel-grid-cell\" ><div id=\"panel-40829-1-1-0\" class=\"so-panel widget widget_sow-editor panel-first-child\" data-index=\"15\" ><div class=\"animate-69e63bd72cef6362698103 panels-animation-hide panel-widget-style panel-widget-style-for-40829-1-1-0\" id=\"product-thumb\" data-so-animation=\"{&quot;selector&quot;:&quot;.animate-69e63bd72cef6362698103&quot;,&quot;animation&quot;:&quot;fadeIn&quot;,&quot;breakpoint&quot;:&quot;780px&quot;,&quot;duration&quot;:1,&quot;repeat&quot;:0,&quot;hide&quot;:1,&quot;disableAnimationMobile&quot;:0,&quot;finalState&quot;:&quot;visible&quot;,&quot;delay&quot;:0,&quot;debounce&quot;:0.1,&quot;event&quot;:&quot;enter&quot;,&quot;offset&quot;:0}\" ><div\n\t\t\t\n\t\t\tclass=\"so-widget-sow-editor so-widget-sow-editor-base\"\n\t\t\t\n\t\t>\n<div class=\"siteorigin-widget-tinymce textwidget\">\n\t<p><a href=\"https:\/\/camfilapc.com\/es\/products\/dust-fume\/gold-series-gs-mini\/\"> <img loading=\"lazy\" decoding=\"async\" class=\"aligncenter size-full wp-image-13801\" src=\"https:\/\/camfilapc.com\/wp-content\/uploads\/2017\/08\/gs-mini-thumb.jpg\" alt=\"\" width=\"228\" height=\"356\" srcset=\"https:\/\/camfilapc.com\/wp-content\/uploads\/2017\/08\/gs-mini-thumb.jpg 228w, https:\/\/camfilapc.com\/wp-content\/uploads\/2017\/08\/gs-mini-thumb-192x300.jpg 192w\" sizes=\"auto, (max-width: 228px) 100vw, 228px\" \/><br \/>\n<\/a><\/p>\n<\/div>\n<\/div><\/div><\/div><div id=\"panel-40829-1-1-1\" class=\"so-panel widget widget_sow-editor\" data-index=\"16\" ><div id=\"product-short-description\" class=\"panel-widget-style panel-widget-style-for-40829-1-1-1\" ><div\n\t\t\t\n\t\t\tclass=\"so-widget-sow-editor so-widget-sow-editor-base\"\n\t\t\t\n\t\t>\n<div class=\"siteorigin-widget-tinymce textwidget\">\n\t<p class=\"sow-headline\">GS-MINI SERIE GOLD\u00ae<\/p>\n<p class=\"sow-sub-headline\">Colector de polvo de un solo cartucho para aplicaciones sub 500 CFM.<\/p>\n<\/div>\n<\/div><\/div><\/div><div id=\"panel-40829-1-1-2\" class=\"so-panel widget widget_sow-button panel-last-child\" data-index=\"17\" ><div\n\t\t\t\n\t\t\tclass=\"so-widget-sow-button so-widget-sow-button-flat-f54c0409268f-40829\"\n\t\t\t\n\t\t><div class=\"ow-button-base ow-button-align-center\"\n>\n\t\t\t<a\n\t\t\t\t\thref=\"\"\n\t\t\t\t\tclass=\"button-content sowb-button ow-icon-placement-left ow-button-hover\" id=\"btn-learn-more\" \t>\n\t\t<span>\n\t\t\t\n\t\t\tM\u00e1s Informaci\u00f3n\t\t<\/span>\n\t\t\t<\/a>\n\t<\/div>\n<\/div><\/div><\/div><div id=\"pgc-40829-1-2\"  class=\"panel-grid-cell\" ><div id=\"panel-40829-1-2-0\" class=\"so-panel widget widget_sow-editor panel-first-child\" data-index=\"18\" ><div class=\"animate-69e63bd72d441275768937 panels-animation-hide panel-widget-style panel-widget-style-for-40829-1-2-0\" id=\"product-thumb\" data-so-animation=\"{&quot;selector&quot;:&quot;.animate-69e63bd72d441275768937&quot;,&quot;animation&quot;:&quot;fadeIn&quot;,&quot;breakpoint&quot;:&quot;780px&quot;,&quot;duration&quot;:1,&quot;repeat&quot;:0,&quot;hide&quot;:1,&quot;disableAnimationMobile&quot;:0,&quot;finalState&quot;:&quot;visible&quot;,&quot;delay&quot;:0,&quot;debounce&quot;:0.1,&quot;event&quot;:&quot;enter&quot;,&quot;offset&quot;:0}\" ><div\n\t\t\t\n\t\t\tclass=\"so-widget-sow-editor so-widget-sow-editor-base\"\n\t\t\t\n\t\t>\n<div class=\"siteorigin-widget-tinymce textwidget\">\n\t<p><a href=\"https:\/\/camfilapc.com\/es\/products\/dust-fume\/gold-series-gsp\/\"> <img loading=\"lazy\" decoding=\"async\" class=\"so-widget-image\" src=\"https:\/\/camfilapc.com\/wp-content\/uploads\/2017\/08\/farr-gold-series-gsp-thumb.jpg\" sizes=\"auto, (max-width: 228px) 100vw, 228px\" srcset=\"https:\/\/camfilapc.com\/wp-content\/uploads\/2017\/08\/farr-gold-series-gsp-thumb.jpg 228w, https:\/\/camfilapc.com\/wp-content\/uploads\/2017\/08\/farr-gold-series-gsp-thumb-192x300.jpg 192w\" alt=\"Farr Gold Series GSP\" width=\"228\" height=\"356\" \/><br \/>\n<\/a><\/p>\n<\/div>\n<\/div><\/div><\/div><div id=\"panel-40829-1-2-1\" class=\"so-panel widget widget_sow-editor\" data-index=\"19\" ><div id=\"product-short-description\" class=\"panel-widget-style panel-widget-style-for-40829-1-2-1\" ><div\n\t\t\t\n\t\t\tclass=\"so-widget-sow-editor so-widget-sow-editor-base\"\n\t\t\t\n\t\t>\n<div class=\"siteorigin-widget-tinymce textwidget\">\n\t<p class=\"sow-headline\">GSP Serie Gold\u00ae<\/p>\n<p class=\"sow-sub-headline\">Soluci\u00f3n totalmente ensamblada y precableada para la industria del corte de metales.<\/p>\n<\/div>\n<\/div><\/div><\/div><div id=\"panel-40829-1-2-2\" class=\"so-panel widget widget_sow-button panel-last-child\" data-index=\"20\" ><div\n\t\t\t\n\t\t\tclass=\"so-widget-sow-button so-widget-sow-button-flat-f54c0409268f-40829\"\n\t\t\t\n\t\t><div class=\"ow-button-base ow-button-align-center\"\n>\n\t\t\t<a\n\t\t\t\t\thref=\"https:\/\/camfilapc.com\/products\/dust-fume\/gold-series-gsp\/\"\n\t\t\t\t\tclass=\"button-content sowb-button ow-icon-placement-left ow-button-hover\" id=\"btn-learn-more\" \t>\n\t\t<span>\n\t\t\t\n\t\t\tM\u00e1s Informaci\u00f3n\t\t<\/span>\n\t\t\t<\/a>\n\t<\/div>\n<\/div><\/div><\/div><div id=\"pgc-40829-1-3\"  class=\"panel-grid-cell\" ><div id=\"panel-40829-1-3-0\" class=\"so-panel widget widget_sow-editor panel-first-child\" data-index=\"21\" ><div class=\"animate-69e63bd72d9e2078491230 panels-animation-hide panel-widget-style panel-widget-style-for-40829-1-3-0\" id=\"product-thumb\" data-so-animation=\"{&quot;selector&quot;:&quot;.animate-69e63bd72d9e2078491230&quot;,&quot;animation&quot;:&quot;fadeIn&quot;,&quot;breakpoint&quot;:&quot;780px&quot;,&quot;duration&quot;:1,&quot;repeat&quot;:0,&quot;hide&quot;:1,&quot;disableAnimationMobile&quot;:0,&quot;finalState&quot;:&quot;visible&quot;,&quot;delay&quot;:0,&quot;debounce&quot;:0.1,&quot;event&quot;:&quot;enter&quot;,&quot;offset&quot;:0}\" ><div\n\t\t\t\n\t\t\tclass=\"so-widget-sow-editor so-widget-sow-editor-base\"\n\t\t\t\n\t\t>\n<div class=\"siteorigin-widget-tinymce textwidget\">\n\t<p><a href=\"https:\/\/camfilapc.com\/es\/products\/dust-fume\/zephyr-iii\/\"> <img loading=\"lazy\" decoding=\"async\" class=\"so-widget-image\" src=\"https:\/\/camfilapc.com\/wp-content\/uploads\/2017\/08\/zephry-3-thumb.jpg\" sizes=\"auto, (max-width: 228px) 100vw, 228px\" srcset=\"https:\/\/camfilapc.com\/wp-content\/uploads\/2017\/08\/zephry-3-thumb.jpg 228w, https:\/\/camfilapc.com\/wp-content\/uploads\/2017\/08\/zephry-3-thumb-192x300.jpg 192w\" alt=\"Zephyr III\" width=\"228\" height=\"356\" \/><br \/>\n<\/a><\/p>\n<\/div>\n<\/div><\/div><\/div><div id=\"panel-40829-1-3-1\" class=\"so-panel widget widget_sow-editor\" data-index=\"22\" ><div id=\"product-short-description\" class=\"panel-widget-style panel-widget-style-for-40829-1-3-1\" ><div\n\t\t\t\n\t\t\tclass=\"so-widget-sow-editor so-widget-sow-editor-base\"\n\t\t\t\n\t\t>\n<div class=\"siteorigin-widget-tinymce textwidget\">\n\t<p class=\"sow-headline\">Zephyr III\u00ae<\/p>\n<p class=\"sow-sub-headline\">El colector de polvo ideal para aplicaciones de captura en la fuente.<\/p>\n<\/div>\n<\/div><\/div><\/div><div id=\"panel-40829-1-3-2\" class=\"so-panel widget widget_sow-button panel-last-child\" data-index=\"23\" ><div\n\t\t\t\n\t\t\tclass=\"so-widget-sow-button so-widget-sow-button-flat-f54c0409268f-40829\"\n\t\t\t\n\t\t><div class=\"ow-button-base ow-button-align-center\"\n>\n\t\t\t<a\n\t\t\t\t\thref=\"https:\/\/camfilapc.com\/products\/dust-fume\/zephyr-iii\/\"\n\t\t\t\t\tclass=\"button-content sowb-button ow-icon-placement-left ow-button-hover\" id=\"btn-learn-more\" \t>\n\t\t<span>\n\t\t\t\n\t\t\tM\u00e1s Informaci\u00f3n\t\t<\/span>\n\t\t\t<\/a>\n\t<\/div>\n<\/div><\/div><\/div><\/div><div id=\"pg-40829-2\"  class=\"panel-grid panel-no-style\" ><div id=\"pgc-40829-2-0\"  class=\"panel-grid-cell\" ><div id=\"panel-40829-2-0-0\" class=\"so-panel widget widget_sow-editor panel-first-child\" data-index=\"24\" ><div class=\"animate-69e63bd72df0e353785350 panels-animation-hide panel-widget-style panel-widget-style-for-40829-2-0-0\" id=\"product-thumb\" data-so-animation=\"{&quot;selector&quot;:&quot;.animate-69e63bd72df0e353785350&quot;,&quot;animation&quot;:&quot;fadeIn&quot;,&quot;breakpoint&quot;:&quot;780px&quot;,&quot;duration&quot;:1,&quot;repeat&quot;:0,&quot;hide&quot;:1,&quot;disableAnimationMobile&quot;:0,&quot;finalState&quot;:&quot;visible&quot;,&quot;delay&quot;:0,&quot;debounce&quot;:0.1,&quot;event&quot;:&quot;enter&quot;,&quot;offset&quot;:0}\" ><div\n\t\t\t\n\t\t\tclass=\"so-widget-sow-editor so-widget-sow-editor-base\"\n\t\t\t\n\t\t>\n<div class=\"siteorigin-widget-tinymce textwidget\">\n\t<p><a href=\"\/es\/products\/dust-fume\/handte-wet-scrubbers\/\"> <img loading=\"lazy\" decoding=\"async\" class=\"so-widget-image\" src=\"https:\/\/camfilapc.com\/wp-content\/uploads\/2017\/08\/handte-west-scrubbers-thumb.jpg\" sizes=\"auto, (max-width: 371px) 100vw, 371px\" srcset=\"https:\/\/camfilapc.com\/wp-content\/uploads\/2017\/08\/handte-west-scrubbers-thumb.jpg 371w, https:\/\/camfilapc.com\/wp-content\/uploads\/2017\/08\/handte-west-scrubbers-thumb-300x285.jpg 300w\" alt=\"Handte West Scrubbers\" width=\"290\" height=\"276\" \/><br \/>\n<\/a><\/p>\n<\/div>\n<\/div><\/div><\/div><div id=\"panel-40829-2-0-1\" class=\"so-panel widget widget_sow-editor\" data-index=\"25\" ><div id=\"product-short-description\" class=\"panel-widget-style panel-widget-style-for-40829-2-0-1\" ><div\n\t\t\t\n\t\t\tclass=\"so-widget-sow-editor so-widget-sow-editor-base\"\n\t\t\t\n\t\t>\n<div class=\"siteorigin-widget-tinymce textwidget\">\n\t<p class=\"sow-headline\">Depuradores Humedos<\/p>\n<p class=\"sow-sub-headline\">Eliminaci\u00f3n de polvo h\u00famedo de alta eficiencia y bajo mantenimiento.<\/p>\n<\/div>\n<\/div><\/div><\/div><div id=\"panel-40829-2-0-2\" class=\"so-panel widget widget_sow-button panel-last-child\" data-index=\"26\" ><div\n\t\t\t\n\t\t\tclass=\"so-widget-sow-button so-widget-sow-button-flat-f54c0409268f-40829\"\n\t\t\t\n\t\t><div class=\"ow-button-base ow-button-align-center\"\n>\n\t\t\t<a\n\t\t\t\t\thref=\"\/products\/dust-fume\/handte-wet-scrubbers\/\"\n\t\t\t\t\tclass=\"button-content sowb-button ow-icon-placement-left ow-button-hover\" id=\"btn-learn-more\" \t>\n\t\t<span>\n\t\t\t\n\t\t\tM\u00e1s Informaci\u00f3n\t\t<\/span>\n\t\t\t<\/a>\n\t<\/div>\n<\/div><\/div><\/div><div id=\"pgc-40829-2-1\"  class=\"panel-grid-cell panel-grid-cell-empty\" ><\/div><div id=\"pgc-40829-2-2\"  class=\"panel-grid-cell panel-grid-cell-empty panel-grid-cell-mobile-last\" ><\/div><div id=\"pgc-40829-2-3\"  class=\"panel-grid-cell panel-grid-cell-empty\" ><\/div><\/div><\/div>","protected":false},"excerpt":{"rendered":"<p>\u00a0X-FLO Serie Gold\u2122 El l\u00edder de la industria en la recolecci\u00f3n de polvo y humo. GS Camtain\u00ae Dise\u00f1ado espec\u00edficamente para aplicaciones farmac\u00e9uticas y de contenci\u00f3n. Quad Pulse Package El colector compacto de elecci\u00f3n para las industrias farmac\u00e9utica y qu\u00edmica. High Vacuum Serie Gold\u00ae Se utiliza para aplicaciones de hasta 17 en presi\u00f3n positiva HG \u00fa 8 psi. GS4M Mini Serie...<\/p>\n","protected":false},"author":1,"featured_media":0,"parent":40822,"menu_order":0,"comment_status":"closed","ping_status":"closed","template":"","meta":{"_acf_changed":false,"footnotes":""},"class_list":["post-40829","page","type-page","status-publish","hentry"],"acf":[],"_links":{"self":[{"href":"https:\/\/camfilapc.com\/es\/wp-json\/wp\/v2\/pages\/40829","targetHints":{"allow":["GET"]}}],"collection":[{"href":"https:\/\/camfilapc.com\/es\/wp-json\/wp\/v2\/pages"}],"about":[{"href":"https:\/\/camfilapc.com\/es\/wp-json\/wp\/v2\/types\/page"}],"author":[{"embeddable":true,"href":"https:\/\/camfilapc.com\/es\/wp-json\/wp\/v2\/users\/1"}],"replies":[{"embeddable":true,"href":"https:\/\/camfilapc.com\/es\/wp-json\/wp\/v2\/comments?post=40829"}],"version-history":[{"count":0,"href":"https:\/\/camfilapc.com\/es\/wp-json\/wp\/v2\/pages\/40829\/revisions"}],"up":[{"embeddable":true,"href":"https:\/\/camfilapc.com\/es\/wp-json\/wp\/v2\/pages\/40822"}],"wp:attachment":[{"href":"https:\/\/camfilapc.com\/es\/wp-json\/wp\/v2\/media?parent=40829"}],"curies":[{"name":"wp","href":"https:\/\/api.w.org\/{rel}","templated":true}]}}