{"id":40788,"date":"2017-08-17T11:26:29","date_gmt":"2017-08-17T15:26:29","guid":{"rendered":"https:\/\/camfilapc.com\/applications\/welding\/"},"modified":"2019-04-11T13:31:06","modified_gmt":"2019-04-11T17:31:06","slug":"welding","status":"publish","type":"page","link":"https:\/\/camfilapc.com\/es\/applications\/welding\/","title":{"rendered":"Soldadura"},"content":{"rendered":"<div id=\"pl-40788\"  class=\"panel-layout\" ><div id=\"pg-40788-0\"  class=\"panel-grid panel-no-style\" ><div id=\"pgc-40788-0-0\"  class=\"panel-grid-cell\" ><div id=\"panel-40788-0-0-0\" class=\"so-panel widget widget_sow-image panel-first-child\" data-index=\"0\" ><div class=\"panel-widget-style panel-widget-style-for-40788-0-0-0\" ><div\n\t\t\t\n\t\t\tclass=\"so-widget-sow-image so-widget-sow-image-default-8b5b6f678277-40788\"\n\t\t\t\n\t\t>\n<div class=\"sow-image-container\">\n\t\t<img \n\tsrc=\"https:\/\/camfilapc.com\/wp-content\/uploads\/2018\/02\/welding-applications.jpg\" width=\"1440\" height=\"686\" srcset=\"https:\/\/camfilapc.com\/wp-content\/uploads\/2018\/02\/welding-applications.jpg 1440w, https:\/\/camfilapc.com\/wp-content\/uploads\/2018\/02\/welding-applications-300x143.jpg 300w, https:\/\/camfilapc.com\/wp-content\/uploads\/2018\/02\/welding-applications-768x366.jpg 768w, https:\/\/camfilapc.com\/wp-content\/uploads\/2018\/02\/welding-applications-1024x488.jpg 1024w\" sizes=\"(max-width: 1440px) 100vw, 1440px\" alt=\"\" \t\tclass=\"so-widget-image\"\/>\n\t<\/div>\n\n<\/div><\/div><\/div><div id=\"panel-40788-0-0-1\" class=\"so-panel widget widget_sow-headline\" data-index=\"1\" ><div id=\"application-name\" class=\"panel-widget-style panel-widget-style-for-40788-0-0-1\" ><div\n\t\t\t\n\t\t\tclass=\"so-widget-sow-headline so-widget-sow-headline-default-42661c0c9fbd-40788\"\n\t\t\t\n\t\t><div class=\"sow-headline-container \">\n\t\t\t\t\t\t\t<h2 class=\"sow-headline\">\n\t\t\t\t\t\tRECOGE SEGURAMENTE EL POLVO DE SOLDADURA, LOS HUMOS Y LAS EMISIONES\t\t\t\t\t\t<\/h2>\n\t\t\t\t\t\t<\/div>\n<\/div><\/div><\/div><div id=\"panel-40788-0-0-2\" class=\"so-panel widget widget_sow-editor panel-last-child\" data-index=\"2\" ><div id=\"main-p-column\" class=\"panel-widget-style panel-widget-style-for-40788-0-0-2\" ><div\n\t\t\t\n\t\t\tclass=\"so-widget-sow-editor so-widget-sow-editor-base\"\n\t\t\t\n\t\t>\n<div class=\"siteorigin-widget-tinymce textwidget\">\n\t<p>La captura del polvo, el humo y los humos generados durante la soldadura presenta un desaf\u00edo \u00fanico. La eliminaci\u00f3n de humos del espacio, cuando el espacio en el piso suele ser escaso, requiere un dise\u00f1o y una coordinaci\u00f3n adecuados para satisfacer las necesidades de la instalaci\u00f3n. Al combinar las pautas que se encuentran en ACGIH \u201cVentilaci\u00f3n industrial: un manual de pr\u00e1cticas recomendadas para el dise\u00f1o\u201d con nuestra experiencia en el campo y la filtraci\u00f3n de vanguardia, Camfil APC dimensionar\u00e1 correctamente un colector de humos de soldadura que ahorra espacio y espacio. Sistema confiable, duradero y f\u00e1cil de mantener. Perm\u00edtanos ayudarlo a instalar un sistema seguro de colecci\u00f3n de humo y polvo.<\/p>\n<h3>Problemas de Salud Por Humos De Soldadura y Humo<\/h3>\n<p>OSHA define el l\u00edmite de exposici\u00f3n permisible (PEL) para varios materiales. Es imperativo seguir las pautas de exposici\u00f3n de OSHA para estos y otros metales, particularmente cuando los trabajadores est\u00e1n en riesgo de sufrir efectos a largo plazo en la salud.<\/p>\n<ul>\n<li><strong>Las part\u00edculas de polvo met\u00e1lico<\/strong> en los humos de soldadura son una de las principales causas de irritaci\u00f3n ocular, infecciones respiratorias superiores, tos y dolores de cabeza.<\/li>\n<li><strong>El manganeso<\/strong> en el alambre de soldadura causa debilidad, fatiga y dolores de cabeza. La sobreexposici\u00f3n cr\u00f3nica conduce al \"manganismo\" que causa problemas neurol\u00f3gicos y neuroconductuales. Obtenga m\u00e1s informaci\u00f3n sobre los PEL de OSHA <a href=\"\/whitepapers\/weld-fume-removal-wp-request\/\">aqu\u00ed.<\/a><\/li>\n<li><strong>Cromo Hexzavalente (hex chrome)<\/strong> es una sustancia cancer\u00edgena producida al soldar acero inoxidable y otros metales que contienen cromo. La sobreexposici\u00f3n puede causar da\u00f1os en las v\u00edas respiratorias superiores, irritaci\u00f3n de los ojos y la piel, erupciones cut\u00e1neas, alergias, dermatitis de contacto, irritaci\u00f3n sinusal, hemorragias nasales, \u00falceras estomacales y nasales, opresi\u00f3n en el pecho, sibilancias y dificultad para respirar. La exposici\u00f3n prolongada puede causar c\u00e1ncer de pulm\u00f3n y lesiones en los ojos, la piel, el h\u00edgado y los ri\u00f1ones. El PEL de OSHA actual para el cromo hexadecimal es extremadamente estricto en comparaci\u00f3n con otros materiales.<\/li>\n<li><strong>El \u00f3xido de zinc<\/strong> se produce al soldar acero galvanizado. La exposici\u00f3n puede causar \"fiebre por humos met\u00e1licos\", una enfermedad a corto plazo con s\u00edntomas severos similares a los de la gripe. A menudo se confunde con la influenza regular y con frecuencia no se diagnostica.<\/li>\n<\/ul>\n<p>&nbsp;<\/p>\n<\/div>\n<\/div><\/div><\/div><\/div><div id=\"pgc-40788-0-1\"  class=\"panel-grid-cell\" ><div id=\"panel-40788-0-1-0\" class=\"so-panel widget widget_sow-editor panel-first-child\" data-index=\"3\" ><div id=\"sidebar-app-cta\" class=\"panel-widget-style panel-widget-style-for-40788-0-1-0\" ><div\n\t\t\t\n\t\t\tclass=\"so-widget-sow-editor so-widget-sow-editor-base\"\n\t\t\t\n\t\t>\n<div class=\"siteorigin-widget-tinymce textwidget\">\n\t<h2 class=\"sidebar-cta-headline\">Descargue hoy el Reporte<\/h2>\n<p><a href=\"http:\/\/offers.camfilapc.com\/are-welding-fumes-out-of-control\"><img loading=\"lazy\" decoding=\"async\" class=\"sidebar-cta-img alignnone\" src=\"https:\/\/camfilapc.com\/wp-content\/uploads\/2017\/08\/welding-fumes-out-control-wp.jpg\" alt=\"\" width=\"219\" height=\"278\" \/><\/a><\/p>\n<p>Este reporte le ayudar\u00e1 a reconocer cu\u00e1ndo su equipo de extracci\u00f3n de humos no funciona correctamente, los efectos perjudiciales cuando esto ocurre y qu\u00e9 hacer al respecto.<\/p>\n<p>Aprenda esto y m\u00e1s en el Reporte GRATIS<\/p>\n<\/div>\n<\/div><\/div><\/div><div id=\"panel-40788-0-1-1\" class=\"so-panel widget widget_sow-button\" data-index=\"4\" ><div id=\"sidebar-app-cta-button\" class=\"panel-widget-style panel-widget-style-for-40788-0-1-1\" ><div\n\t\t\t\n\t\t\tclass=\"so-widget-sow-button so-widget-sow-button-flat-c4c0f74e30d7-40788\"\n\t\t\t\n\t\t><div class=\"ow-button-base ow-button-align-center\"\n>\n\t\t\t<a\n\t\t\t\t\thref=\"http:\/\/offers.camfilapc.com\/are-welding-fumes-out-of-control\"\n\t\t\t\t\tclass=\"sowb-button ow-icon-placement-left ow-button-hover\" \t>\n\t\t<span>\n\t\t\t\n\t\t\tDescargar Ahora\t\t<\/span>\n\t\t\t<\/a>\n\t<\/div>\n<\/div><\/div><\/div><div id=\"panel-40788-0-1-2\" class=\"so-panel widget widget_sow-editor\" data-index=\"5\" ><div id=\"heading-sidebar\" class=\"panel-widget-style panel-widget-style-for-40788-0-1-2\" ><div\n\t\t\t\n\t\t\tclass=\"so-widget-sow-editor so-widget-sow-editor-base\"\n\t\t\t\n\t\t>\n<div class=\"siteorigin-widget-tinymce textwidget\">\n\t<h3>Recursos y Literatura:<a href=\"https:\/\/camfilapc.com\/download\/focus-robotic-welding\/#\"><br \/>\n<\/a><\/h3>\n<\/div>\n<\/div><\/div><\/div><div id=\"panel-40788-0-1-3\" class=\"so-panel widget widget_siteorigin-panels-builder panel-last-child\" data-index=\"6\" ><div class=\"panel-widget-style panel-widget-style-for-40788-0-1-3\" ><div id=\"pl-w5caf79da618da\"  class=\"panel-layout\" ><div id=\"pg-w5caf79da618da-0\"  class=\"panel-grid panel-has-style\" ><div class=\"panel-row-style panel-row-style-for-w5caf79da618da-0\" ><div id=\"pgc-w5caf79da618da-0-0\"  class=\"panel-grid-cell\" ><div id=\"panel-w5caf79da618da-0-0-0\" class=\"so-panel widget widget_sow-editor panel-first-child panel-last-child\" data-index=\"0\" ><div\n\t\t\t\n\t\t\tclass=\"so-widget-sow-editor so-widget-sow-editor-base\"\n\t\t\t\n\t\t>\n<div class=\"siteorigin-widget-tinymce textwidget\">\n\t<div class='w3eden'><div id=\"single-download\">\n<div class=\"single-download-image-section\">\n<a href=\"https:\/\/camfilapc.com\/download\/focus-on-welding\/?wpdmdl=16050&refresh=69e623985f0361776690072\" class=\"single-download-image\"><img loading=\"lazy\" decoding=\"async\" width=\"193\" height=\"250\" src=\"https:\/\/camfilapc.com\/wp-content\/uploads\/2017\/11\/welding-focus-sheet.jpg\" class=\"attachment-full size-full wp-post-image\" alt=\"\" \/><\/a>\n<\/div>\n<div class=\"single-download-button-section\">\n<span><a class='wpdm-download-link download-on-click btn btn-primary '  rel='nofollow' href='#' data-downloadurl=\"https:\/\/camfilapc.com\/download\/focus-on-welding\/?wpdmdl=16050&refresh=69e623985f0361776690072\">DESCARGA<\/a><\/span>\n<\/div>\n<\/div><\/div>\n<\/div>\n<\/div><\/div><\/div><div id=\"pgc-w5caf79da618da-0-1\"  class=\"panel-grid-cell\" ><div id=\"panel-w5caf79da618da-0-1-0\" class=\"so-panel widget widget_sow-editor panel-first-child panel-last-child\" data-index=\"1\" ><div\n\t\t\t\n\t\t\tclass=\"so-widget-sow-editor so-widget-sow-editor-base\"\n\t\t\t\n\t\t>\n<div class=\"siteorigin-widget-tinymce textwidget\">\n\t<div class='w3eden'><div id=\"single-download\">\n<div class=\"single-download-image-section\">\n<a href=\"https:\/\/camfilapc.com\/download\/focus-robotic-welding\/?wpdmdl=20463&refresh=69e62399155a31776690073\" class=\"single-download-image\"><img loading=\"lazy\" decoding=\"async\" width=\"193\" height=\"250\" src=\"https:\/\/camfilapc.com\/wp-content\/uploads\/2018\/01\/robotic-welding-focus-sheet-thumb.jpg\" class=\"attachment-full size-full wp-post-image\" alt=\"\" \/><\/a>\n<\/div>\n<div class=\"single-download-button-section\">\n<span><a class='wpdm-download-link download-on-click btn btn-primary '  rel='nofollow' href='#' data-downloadurl=\"https:\/\/camfilapc.com\/download\/focus-robotic-welding\/?wpdmdl=20463&refresh=69e62399155a31776690073\">DESCARGA<\/a><\/span>\n<\/div>\n<\/div><\/div>\n<\/div>\n<\/div><\/div><\/div><\/div><\/div><\/div><\/div><\/div><\/div><\/div><div id=\"pg-40788-1\"  class=\"panel-grid panel-has-style\" ><div class=\"panel-row-style panel-row-style-for-40788-1\" ><div id=\"pgc-40788-1-0\"  class=\"panel-grid-cell\" ><div id=\"panel-40788-1-0-0\" class=\"so-panel widget widget_sow-image panel-first-child panel-last-child\" data-index=\"7\" ><div id=\"app-content-product-img\" class=\"panel-widget-style panel-widget-style-for-40788-1-0-0\" ><div\n\t\t\t\n\t\t\tclass=\"so-widget-sow-image so-widget-sow-image-default-8b5b6f678277-40788\"\n\t\t\t\n\t\t>\n<div class=\"sow-image-container\">\n\t\t\t<a href=\"\/products\/dust-fume\/farr-gold-industrial-dust-collector\/\"\n\t\t\t\t\t>\n\t\t\t<img \n\tsrc=\"https:\/\/camfilapc.com\/wp-content\/uploads\/2018\/10\/gold-series-xflo-sm.jpg\" width=\"228\" height=\"411\" srcset=\"https:\/\/camfilapc.com\/wp-content\/uploads\/2018\/10\/gold-series-xflo-sm.jpg 228w, https:\/\/camfilapc.com\/wp-content\/uploads\/2018\/10\/gold-series-xflo-sm-166x300.jpg 166w\" sizes=\"(max-width: 228px) 100vw, 228px\" alt=\"Gold Series X Flo\" \t\tclass=\"so-widget-image\"\/>\n\t\t\t<\/a><\/div>\n\n<\/div><\/div><\/div><\/div><div id=\"pgc-40788-1-1\"  class=\"panel-grid-cell\" ><div class=\"panel-cell-style panel-cell-style-for-40788-1-1\" ><div id=\"panel-40788-1-1-0\" class=\"so-panel widget widget_sow-editor panel-first-child\" data-index=\"8\" ><div\n\t\t\t\n\t\t\tclass=\"so-widget-sow-editor so-widget-sow-editor-base\"\n\t\t\t\n\t\t>\n<div class=\"siteorigin-widget-tinymce textwidget\">\n\t<p class=\"app-rec-prod\">EL COLECTOR DE POLVO INDUSTRIAL\u00a0X-FLO DE LA SERIE\u00a0 DE ORO<\/p>\n<div id=\"panel-3457-1-0-5\" class=\"so-panel widget widget_text\" data-index=\"6\">\n<div class=\"textwidget\">\n<ol>\n<li><strong>Salud respiratoria<\/strong>: un sistema de colecci\u00f3n de polvo y humo bien dise\u00f1ado y mantenido evita los problemas respiratorios y mantiene las instalaciones en conformidad con los requisitos actuales de calidad del aire.<\/li>\n<li><strong>Mantenimiento:<\/strong> el equipo que utilizan actualmente las plantas de fabricaci\u00f3n ha alcanzado un nuevo nivel de sofisticaci\u00f3n. Los controles y otros sistemas computarizados son m\u00e1s sensibles que la maquinaria de hace 10 o 20 a\u00f1os. Si los humos de soldadura no se administran correctamente, los controles electr\u00f3nicos pueden fallar, deteniendo la producci\u00f3n y requerir reparaciones de emergencia. Esto causa un tiempo de inactividad en la producci\u00f3n, frustraci\u00f3n y p\u00e9rdidas costosas en la productividad.<\/li>\n<li><strong>Ahorro de energ\u00eda:<\/strong> En climas fr\u00edos, un sistema adecuado de ventilaci\u00f3n de humos de soldadura puede reducir significativamente sus costos de energ\u00eda al reciclar el aire filtrado y reducir los altos costos de surtir de aire la planta.<\/li>\n<\/ol>\n<\/div>\n<\/div>\n<div id=\"sVim-command\" style=\"bottom: 0px; display: none;\">-- NORMAL --<\/div>\n<\/div>\n<\/div><\/div><div id=\"panel-40788-1-1-1\" class=\"so-panel widget widget_ink-accordion panel-last-child\" data-index=\"9\" ><div\n\t\t\t\n\t\t\tclass=\"so-widget-ink-accordion so-widget-ink-accordion-accordion-b84206eb180a-40788\"\n\t\t\t\n\t\t>\n<div class=\"iw-so-accordion-plain iw-so-accordion iw-so-acc-singleExpand\">\n\n\t\n\t\t<div class=\"iw-so-acc-item\"  id=\"toggle-1-1\">\n\n\t\t\t<a href=\"#\" class=\"iw-so-acc-title iw-text-left\">\n\t\t\t\tCaracter\u00edsticas y beneficios de la serie Gold\t\t\t\t<span class=\"iw-so-tgl-open\"><span class=\"sow-icon-fontawesome sow-fas\" data-sow-icon=\"&#x2b;\"\n\t\tstyle=\"font-size: 2em; color: right\" \n\t\taria-hidden=\"true\"><\/span><\/span>\n\t\t\t\t<span class=\"iw-so-tgl-close\"><span class=\"sow-icon-fontawesome sow-fas\" data-sow-icon=\"&#xf068;\"\n\t\tstyle=\"font-size: 2em; color: right\" \n\t\taria-hidden=\"true\"><\/span><\/span>\n\t\t\t<\/a>\n\n\t\t\t<div class=\"iw-so-acc-content\">\n\t\t\t\t<div id=\"pgc-40637-1-1\" class=\"panel-grid-cell\">\n<div class=\"panel-cell-style panel-cell-style-for-40637-1-1\">\n<div id=\"panel-40637-1-1-1\" class=\"so-panel widget widget_ink-accordion panel-last-child\" data-index=\"8\">\n<div class=\"so-widget-ink-accordion so-widget-ink-accordion-accordion-31ea4f879ab2\">\n<div class=\"iw-so-accordion-plain iw-so-accordion iw-so-acc-singleExpand\">\n<div id=\"toggle-1-1\" class=\"iw-so-acc-item iw-so-acc-item-active\">\n<div class=\"iw-so-acc-content\">\n<ul>\n<li>Los cartuchos dispuestos verticalmente manejan eficientemente cargas de grano pesado y polvos abrasivos<\/li>\n<li><a href=\"https:\/\/camfilapc.com\/products\/dust-fume\/x-flo-industrial-dust-collector\/\">La apertura de caudal cruzado de alta entrada<\/a> elimina las velocidades de latas ascendentes que mantienen el polvo fino en los filtros, lo que reduce el reenganche de las part\u00edculas finas.<\/li>\n<li>La construcci\u00f3n robusta resiste bien en ambientes muy abrasivos. La configuraci\u00f3n de entrada resistente a la abrasi\u00f3n elimina la mayor\u00eda del polvo en la tolva antes de que llegue a los cartuchos.<\/li>\n<li>La construcci\u00f3n modular ofrece una flexibilidad de dise\u00f1o superior para la orientaci\u00f3n de la unidad del colector de polvo.<\/li>\n<li>Los filtros de alta eficiencia capturan el 99.99% a 0.5\u00b5 del polvo.<\/li>\n<li>El medio filtrante especialmente tratado repele las part\u00edculas finas, para una menor ca\u00edda de presi\u00f3n y una larga vida \u00fatil del filtro.<\/li>\n<li>El dise\u00f1o del cartucho de filtro Gold Cone\u00ae proporciona un 25% m\u00e1s de medios para una larga vida \u00fatil.<\/li>\n<\/ul>\n<\/div>\n<\/div>\n<\/div>\n<\/div>\n<\/div>\n<\/div>\n<\/div>\n<div id=\"pgc-40637-1-2\" class=\"panel-grid-cell\">\n<div id=\"panel-40637-1-2-0\" class=\"so-panel widget widget_sow-cta panel-first-child panel-last-child\" data-index=\"9\">\n<div id=\"app-cta-rfq\" class=\"panel-widget-style panel-widget-style-for-40637-1-2-0\">\n<div class=\"so-widget-sow-cta so-widget-sow-cta-default-b74ded8ace5c\">\n<div class=\"sow-cta-base\">\n<div class=\"sow-cta-wrapper\">\n<div class=\"sow-cta-text\"><\/div>\n<\/div>\n<\/div>\n<\/div>\n<\/div>\n<\/div>\n<\/div>\n\t\t\t<\/div>\n\n\t\t<\/div>\n\n\t\t\n\t\n<\/div>\n<\/div><\/div><\/div><\/div><div id=\"pgc-40788-1-2\"  class=\"panel-grid-cell\" ><div id=\"panel-40788-1-2-0\" class=\"so-panel widget widget_sow-cta panel-first-child panel-last-child\" data-index=\"10\" ><div id=\"app-cta-rfq\" class=\"panel-widget-style panel-widget-style-for-40788-1-2-0\" ><div\n\t\t\t\n\t\t\tclass=\"so-widget-sow-cta so-widget-sow-cta-default-940993bd9e7e-40788\"\n\t\t\t\n\t\t><div\n\tclass=\"sow-cta-base\"\n\t>\n\t\n\t<div class=\"sow-cta-wrapper\">\n\n\t\t<div class=\"sow-cta-text\">\n\t\t\t\t\t\t\t<h4 class=\"sow-cta-title\">\n\t\t\t\t\tPERMITENOS AYUDARTE A ENCONTRAR UNA SOLUCI\u00d3N\t\t\t\t<\/h4>\n\t\t\t\n\t\t\t\t\t<\/div>\n\n\t\t<div\n\t\t\t\n\t\t\tclass=\"so-widget-sow-button so-widget-sow-button-flat-14f2ff050c1d\"\n\t\t\t\n\t\t><div class=\"ow-button-base ow-button-align-center\"\n>\n\t\t\t<a\n\t\t\t\t\thref=\"\"\n\t\t\t\t\tclass=\"sowb-button ow-icon-placement-left\" \t>\n\t\t<span>\n\t\t\t\n\t\t\tSolicitar Presupuesto\t\t<\/span>\n\t\t\t<\/a>\n\t<\/div>\n<\/div>\n\t<\/div>\n\n\t<\/div>\n<\/div><\/div><\/div><\/div><\/div><\/div><div id=\"pg-40788-2\"  class=\"panel-grid panel-has-style\" ><div class=\"panel-row-style panel-row-style-for-40788-2\" ><div id=\"pgc-40788-2-0\"  class=\"panel-grid-cell panel-grid-cell-mobile-last\" ><div id=\"panel-40788-2-0-0\" class=\"so-panel widget widget_sow-post-carousel panel-first-child panel-last-child\" data-index=\"11\" ><div id=\"heading-sidebar\" class=\"panel-widget-style panel-widget-style-for-40788-2-0-0\" ><div\n\t\t\t\n\t\t\tclass=\"so-widget-sow-post-carousel so-widget-sow-post-carousel-base-ad93eedad001-40788\"\n\t\t\t\n\t\t><\/div><\/div><\/div><\/div><div id=\"pgc-40788-2-1\"  class=\"panel-grid-cell panel-grid-cell-empty\" ><\/div><\/div><\/div><\/div>","protected":false},"excerpt":{"rendered":"<p>La captura del polvo, el humo y los humos generados durante la soldadura presenta un desaf\u00edo \u00fanico. La eliminaci\u00f3n de humos del espacio, cuando el espacio en el piso suele ser escaso, requiere un dise\u00f1o y una coordinaci\u00f3n adecuados para satisfacer las necesidades de la instalaci\u00f3n. Al combinar las pautas que se encuentran en ACGIH \u201cVentilaci\u00f3n industrial: un manual de...<\/p>\n","protected":false},"author":1,"featured_media":0,"parent":40565,"menu_order":0,"comment_status":"closed","ping_status":"closed","template":"","meta":{"_acf_changed":false,"footnotes":""},"class_list":["post-40788","page","type-page","status-publish","hentry"],"acf":[],"_links":{"self":[{"href":"https:\/\/camfilapc.com\/es\/wp-json\/wp\/v2\/pages\/40788","targetHints":{"allow":["GET"]}}],"collection":[{"href":"https:\/\/camfilapc.com\/es\/wp-json\/wp\/v2\/pages"}],"about":[{"href":"https:\/\/camfilapc.com\/es\/wp-json\/wp\/v2\/types\/page"}],"author":[{"embeddable":true,"href":"https:\/\/camfilapc.com\/es\/wp-json\/wp\/v2\/users\/1"}],"replies":[{"embeddable":true,"href":"https:\/\/camfilapc.com\/es\/wp-json\/wp\/v2\/comments?post=40788"}],"version-history":[{"count":0,"href":"https:\/\/camfilapc.com\/es\/wp-json\/wp\/v2\/pages\/40788\/revisions"}],"up":[{"embeddable":true,"href":"https:\/\/camfilapc.com\/es\/wp-json\/wp\/v2\/pages\/40565"}],"wp:attachment":[{"href":"https:\/\/camfilapc.com\/es\/wp-json\/wp\/v2\/media?parent=40788"}],"curies":[{"name":"wp","href":"https:\/\/api.w.org\/{rel}","templated":true}]}}