{"id":40757,"date":"2017-08-17T11:26:50","date_gmt":"2017-08-17T15:26:50","guid":{"rendered":"https:\/\/camfilapc.com\/applications\/laser-cutting\/"},"modified":"2023-11-09T11:01:56","modified_gmt":"2023-11-09T16:01:56","slug":"laser-cutting","status":"publish","type":"page","link":"https:\/\/camfilapc.com\/es\/applications\/laser-cutting\/","title":{"rendered":"Cortado L\u00e1ser"},"content":{"rendered":"<div id=\"pl-40757\"  class=\"panel-layout\" ><div id=\"pg-40757-0\"  class=\"panel-grid panel-no-style\" ><div id=\"pgc-40757-0-0\"  class=\"panel-grid-cell\" ><div id=\"panel-40757-0-0-0\" class=\"so-panel widget widget_sow-image panel-first-child\" data-index=\"0\" ><div class=\"panel-widget-style panel-widget-style-for-40757-0-0-0\" ><div\n\t\t\t\n\t\t\tclass=\"so-widget-sow-image so-widget-sow-image-default-8b5b6f678277-40757\"\n\t\t\t\n\t\t>\n<div class=\"sow-image-container\">\n\t\t<img \n\tsrc=\"https:\/\/camfilapc.com\/wp-content\/uploads\/2018\/01\/laser-plasma-application.jpg\" width=\"1440\" height=\"686\" srcset=\"https:\/\/camfilapc.com\/wp-content\/uploads\/2018\/01\/laser-plasma-application.jpg 1440w, https:\/\/camfilapc.com\/wp-content\/uploads\/2018\/01\/laser-plasma-application-300x143.jpg 300w, https:\/\/camfilapc.com\/wp-content\/uploads\/2018\/01\/laser-plasma-application-768x366.jpg 768w, https:\/\/camfilapc.com\/wp-content\/uploads\/2018\/01\/laser-plasma-application-1024x488.jpg 1024w\" sizes=\"(max-width: 1440px) 100vw, 1440px\" alt=\"\" \t\tclass=\"so-widget-image\"\/>\n\t<\/div>\n\n<\/div><\/div><\/div><div id=\"panel-40757-0-0-1\" class=\"so-panel widget widget_sow-headline\" data-index=\"1\" ><div id=\"application-name\" class=\"panel-widget-style panel-widget-style-for-40757-0-0-1\" ><div\n\t\t\t\n\t\t\tclass=\"so-widget-sow-headline so-widget-sow-headline-default-42661c0c9fbd-40757\"\n\t\t\t\n\t\t><div class=\"sow-headline-container \">\n\t\t\t\t\t\t\t<h2 class=\"sow-headline\">\n\t\t\t\t\t\tCaptura De Forma Segura Las Peligrosas Emanaciones y Humos De L\u00e1ser \t\t\t\t\t\t<\/h2>\n\t\t\t\t\t\t<\/div>\n<\/div><\/div><\/div><div id=\"panel-40757-0-0-2\" class=\"so-panel widget widget_sow-editor panel-last-child\" data-index=\"2\" ><div id=\"main-p-column\" class=\"panel-widget-style panel-widget-style-for-40757-0-0-2\" ><div\n\t\t\t\n\t\t\tclass=\"so-widget-sow-editor so-widget-sow-editor-base\"\n\t\t\t\n\t\t>\n<div class=\"siteorigin-widget-tinymce textwidget\">\n\t<p>Cambios en la tecnolog\u00eda de corte por l\u00e1ser, m\u00e1s variedades y grosores de metal, incluyendo acero dulce, acero inoxidable, cobre y lat\u00f3n. Las mesas l\u00e1ser de fibra de hoy en d\u00eda generan metal fundido, humo y gases, que pueden representar un peligro para la respiraci\u00f3n de los operadores de m\u00e1quinas. Se requiere una buena ventilaci\u00f3n para prevenir la inhalaci\u00f3n de part\u00edculas t\u00f3xicas en el aire, particularmente las part\u00edculas m\u00e1s peque\u00f1as que pueden asentarse profundamente en los tejidos pulmonares.<\/p>\n<p>Los colectores de polvo son m\u00e1s com\u00fanmente utilizados para capturar emisiones en la fuente. El polvo, las emanaciones y el humo se extraen hac\u00eda abajo de la mesa y se transportan a trav\u00e9s de los ductos hacia el colector de polvo. Los filtros del colector de polvo capturan todas las part\u00edculas hasta que se puedan eliminar de forma segura.<\/p>\n<p>La potencia del l\u00e1ser, el tipo de haz, el material que se corta, el tipo de gas auxiliar, el sistema automatizado de manejo de materiales y el tama\u00f1o de la mesa juegan un papel importante en la determinaci\u00f3n del tama\u00f1o del colector y el caudal de aire. As\u00ed que aseg\u00farese de consultar a un experto en Camfil APC para dimensionar el sistema correcto que solucionar\u00e1 sus problemas de polvo y humos l\u00e1ser.<\/p>\n<\/div>\n<\/div><\/div><\/div><\/div><div id=\"pgc-40757-0-1\"  class=\"panel-grid-cell\" ><div id=\"panel-40757-0-1-0\" class=\"so-panel widget widget_sow-editor panel-first-child\" data-index=\"3\" ><div id=\"sidebar-app-cta\" class=\"panel-widget-style panel-widget-style-for-40757-0-1-0\" ><div\n\t\t\t\n\t\t\tclass=\"so-widget-sow-editor so-widget-sow-editor-base\"\n\t\t\t\n\t\t>\n<div class=\"siteorigin-widget-tinymce textwidget\">\n\t<h2 class=\"sidebar-cta-headline\">Descargue Hoy El Reporte<\/h2>\n<p><a href=\" http:\/\/us-apc-forms.camfil.com\/cn\/alh89\/how-to-select-the-right-dust-collection-equipment-for-combustible-metal-dusts\"><img loading=\"lazy\" decoding=\"async\" class=\"sidebar-cta-img alignnone\" src=\"\/wp-content\/uploads\/2017\/08\/select-right-dust-collector.jpg\" alt=\"\" width=\"219\" height=\"278\" \/><\/a><\/p>\n<p>Este reporte compara dos tecnolog\u00edas de colecci\u00f3n de polvo para el manejo de polvos met\u00e1licos combustibles: depuradores h\u00famedos y colectores de polvo de medios secos. Los pros y los contras ayudan a delinear los par\u00e1metros generales para la selecci\u00f3n de equipos que cumplen con la NFPA.<\/p>\n<p class=\"sidebar-highlight\">Aprenda esto y m\u00e1s en el reporte GRATIS<\/p>\n<\/div>\n<\/div><\/div><\/div><div id=\"panel-40757-0-1-1\" class=\"so-panel widget widget_sow-button panel-last-child\" data-index=\"4\" ><div id=\"sidebar-app-cta-button\" class=\"panel-widget-style panel-widget-style-for-40757-0-1-1\" ><div\n\t\t\t\n\t\t\tclass=\"so-widget-sow-button so-widget-sow-button-flat-c4c0f74e30d7-40757\"\n\t\t\t\n\t\t><div class=\"ow-button-base ow-button-align-center\"\n>\n\t\t\t<a href=\"http:\/\/us-apc-forms.camfil.com\/cn\/alh89\/how-to-select-the-right-dust-collection-equipment-for-combustible-metal-dusts\" class=\"sowb-button ow-icon-placement-left ow-button-hover\" rel=\"noopener\">\n\t\t<span>\n\t\t\t\n\t\t\tDescarga Ahora\t\t<\/span>\n\t\t\t<\/a>\n\t<\/div>\n<\/div><\/div><\/div><\/div><\/div><div id=\"pg-40757-1\"  class=\"panel-grid panel-has-style\" ><div class=\"panel-row-style panel-row-style-for-40757-1\" ><div id=\"pgc-40757-1-0\"  class=\"panel-grid-cell\" ><div id=\"panel-40757-1-0-0\" class=\"so-panel widget widget_sow-image panel-first-child panel-last-child\" data-index=\"5\" ><div id=\"app-content-product-img\" class=\"panel-widget-style panel-widget-style-for-40757-1-0-0\" ><div\n\t\t\t\n\t\t\tclass=\"so-widget-sow-image so-widget-sow-image-default-8b5b6f678277-40757\"\n\t\t\t\n\t\t>\n<div class=\"sow-image-container\">\n\t\t<img \n\tsrc=\"https:\/\/camfilapc.com\/wp-content\/uploads\/2017\/08\/farr-gold-gsp-angle-1.jpg\" width=\"500\" height=\"667\" srcset=\"https:\/\/camfilapc.com\/wp-content\/uploads\/2017\/08\/farr-gold-gsp-angle-1.jpg 500w, https:\/\/camfilapc.com\/wp-content\/uploads\/2017\/08\/farr-gold-gsp-angle-1-225x300.jpg 225w\" sizes=\"(max-width: 500px) 100vw, 500px\" title=\"farr-gold-gsp-angle\" alt=\"\" \t\tclass=\"so-widget-image\"\/>\n\t<\/div>\n\n<\/div><\/div><\/div><\/div><div id=\"pgc-40757-1-1\"  class=\"panel-grid-cell\" ><div class=\"panel-cell-style panel-cell-style-for-40757-1-1\" ><div id=\"panel-40757-1-1-0\" class=\"so-panel widget widget_sow-editor panel-first-child\" data-index=\"6\" ><div\n\t\t\t\n\t\t\tclass=\"so-widget-sow-editor so-widget-sow-editor-base\"\n\t\t\t\n\t\t>\n<div class=\"siteorigin-widget-tinymce textwidget\">\n\t<p class=\"app-rec-prod\">GOLD SERIES\u00ae PACKAGED (GSP): SISTEMAS PARA OPERACIONES DE CORTE L\u00c1SER<\/p>\n<p>El GSP es un sistema de colecci\u00f3n de polvo y humos tipo \u201cplug and play\u201d ideal para aplicaciones de corte por l\u00e1ser donde el espacio en el piso es muy importante. Las unidades est\u00e1n disponibles en tres tama\u00f1os (2, 4 o 6 cartuchos de filtro) y se env\u00edan completamente ensambladas y listas para enchufarse. Todas las conexiones el\u00e9ctricas internas, los controles de limpieza del colector de polvo y los controles del ventilador est\u00e1n incluidos, y los accesorios como detectores de humo son cableados de f\u00e1brica. Incluye caracter\u00edsticas como gavetas de f\u00e1cil acceso y damper integrado.<\/p>\n<div id=\"sVim-command\" style=\"bottom: 0px; display: none;\">-- NORMAL --<\/div>\n<\/div>\n<\/div><\/div><div id=\"panel-40757-1-1-1\" class=\"so-panel widget widget_ink-accordion panel-last-child\" data-index=\"7\" ><div\n\t\t\t\n\t\t\tclass=\"so-widget-ink-accordion so-widget-ink-accordion-accordion-b84206eb180a-40757\"\n\t\t\t\n\t\t>\n<div class=\"iw-so-accordion-plain iw-so-accordion iw-so-acc-singleExpand\">\n\n\t\n\t\t<div class=\"iw-so-acc-item\"  id=\"toggle-1-1\">\n\n\t\t\t<a href=\"#\" class=\"iw-so-acc-title iw-text-left\">\n\t\t\t\tCaracteristicas\t\t\t\t<span class=\"iw-so-tgl-open\"><span class=\"sow-icon-fontawesome sow-fas\" data-sow-icon=\"&#x2b;\"\n\t\tstyle=\"font-size: 2em; color: right\" \n\t\taria-hidden=\"true\"><\/span><\/span>\n\t\t\t\t<span class=\"iw-so-tgl-close\"><span class=\"sow-icon-fontawesome sow-fas\" data-sow-icon=\"&#xf068;\"\n\t\tstyle=\"font-size: 2em; color: right\" \n\t\taria-hidden=\"true\"><\/span><\/span>\n\t\t\t<\/a>\n\n\t\t\t<div class=\"iw-so-acc-content\">\n\t\t\t\t<ul>\n<li>Disponible en tres tama\u00f1os (2, 4 o 6 cartuchos). Todo el acceso a los componentes (incluido el controlador, el suministro de aire comprimido, la puerta de acceso, el caj\u00f3n de descarga y el amortiguador de entrada integrado) se encuentra en la parte frontal del colector para facilitar su uso.<\/li>\n<li>El amortiguador de entrada est\u00e1 integrado en el colector como una caracter\u00edstica est\u00e1ndar. El amortiguador est\u00e1 dimensionado para el caudal de aire apropiado para el tama\u00f1o \/ modelo<\/li>\n<li>El sistema de descarga cuenta con un caj\u00f3n de 20 galones con ruedas deslizantes y un dispositivo de elevaci\u00f3n operado por camara.<\/li>\n<li>La huella compacta del colector y el ventilador montado en la parte superior ahorran espacio.<\/li>\n<li>Las v\u00e1lvulas de diafragma est\u00e1n montadas en posici\u00f3n baja para facilitar el mantenimiento<\/li>\n<li>El rociador contra incendios en la c\u00e1mara de aire limpio proporciona una supresi\u00f3n de incendios m\u00e1s efectiva.<\/li>\n<li>El detector de humo env\u00eda una se\u00f1al al colector de polvo para que apague el ventilador si detecta humo en la c\u00e1mara de aire limpio.<\/li>\n<\/ul>\n\t\t\t<\/div>\n\n\t\t<\/div>\n\n\t\t\n\t\n<\/div>\n<\/div><\/div><\/div><\/div><div id=\"pgc-40757-1-2\"  class=\"panel-grid-cell\" ><div id=\"panel-40757-1-2-0\" class=\"so-panel widget widget_sow-cta panel-first-child panel-last-child\" data-index=\"8\" ><div id=\"app-cta-rfq\" class=\"panel-widget-style panel-widget-style-for-40757-1-2-0\" ><div\n\t\t\t\n\t\t\tclass=\"so-widget-sow-cta so-widget-sow-cta-default-c168002274eb-40757\"\n\t\t\t\n\t\t><div\n\tclass=\"sow-cta-base\"\n\t>\n\t\n\t<div class=\"sow-cta-wrapper\">\n\n\t\t<div class=\"sow-cta-text\">\n\t\t\t\t\t\t\t<h4 class=\"sow-cta-title\">\n\t\t\t\t\tPERMITENOS AYUDARTE A ENCONTRAR UNA SOLUCI\u00d3N\t\t\t\t<\/h4>\n\t\t\t\n\t\t\t\t\t<\/div>\n\n\t\t<div\n\t\t\t\n\t\t\tclass=\"so-widget-sow-button so-widget-sow-button-flat-389e85a0f210\"\n\t\t\t\n\t\t><div class=\"ow-button-base ow-button-align-center\"\n>\n\t\t\t<a href=\"https:\/\/camfilapc.com\/es\/laser-cutting-request-a-quote-es\/\" class=\"sowb-button ow-icon-placement-left\">\n\t\t<span>\n\t\t\t\n\t\t\tSolicitar Presupuesto\t\t<\/span>\n\t\t\t<\/a>\n\t<\/div>\n<\/div>\n\t<\/div>\n\n\t<\/div>\n<\/div><\/div><\/div><\/div><\/div><\/div><div id=\"pg-40757-2\"  class=\"panel-grid panel-has-style\" ><div class=\"panel-row-style panel-row-style-for-40757-2\" ><div id=\"pgc-40757-2-0\"  class=\"panel-grid-cell\" ><div id=\"panel-40757-2-0-0\" class=\"so-panel widget widget_sow-post-carousel panel-first-child panel-last-child\" data-index=\"9\" ><div id=\"heading-sidebar\" class=\"panel-widget-style panel-widget-style-for-40757-2-0-0\" ><div\n\t\t\t\n\t\t\tclass=\"so-widget-sow-post-carousel so-widget-sow-post-carousel-base-ad93eedad001-40757\"\n\t\t\t\n\t\t><\/div><\/div><\/div><\/div><div id=\"pgc-40757-2-1\"  class=\"panel-grid-cell\" ><div id=\"panel-40757-2-1-0\" class=\"so-panel widget widget_sow-editor panel-first-child panel-last-child\" data-index=\"10\" ><div id=\"heading-sidebar\" class=\"panel-widget-style panel-widget-style-for-40757-2-1-0\" ><div\n\t\t\t\n\t\t\tclass=\"so-widget-sow-editor so-widget-sow-editor-base\"\n\t\t\t\n\t\t>\n<div class=\"siteorigin-widget-tinymce textwidget\">\n\t<h3>Recursos y literatura:<\/h3>\n<div class='w3eden'><div id=\"single-download\">\n<div class=\"single-download-image-section\">\n<a href=\"https:\/\/camfilapc.com\/download\/laser-plasma-cutting\/?wpdmdl=15975&amp;refresh=69d2925be03971775407707\" class=\"single-download-image\"><img loading=\"lazy\" decoding=\"async\" width=\"193\" height=\"250\" src=\"https:\/\/camfilapc.com\/wp-content\/uploads\/2017\/11\/laser-cutting-plasma-focus-sheet.jpg\" class=\"attachment-full size-full wp-post-image\" alt=\"\" \/><\/a>\n<\/div>\n<div class=\"single-download-button-section\">\n<span><a class='wpdm-download-link download-on-click btn btn-primary '  rel='nofollow' href='#' data-downloadurl=\"https:\/\/camfilapc.com\/download\/laser-plasma-cutting\/?wpdmdl=15975&refresh=69d2925be03971775407707\">DESCARGA<\/a><\/span>\n<\/div>\n<\/div><\/div>\n<\/div>\n<\/div><\/div><\/div><\/div><\/div><\/div><\/div>","protected":false},"excerpt":{"rendered":"<p>Cambios en la tecnolog\u00eda de corte por l\u00e1ser, m\u00e1s variedades y grosores de metal, incluyendo acero dulce, acero inoxidable, cobre y lat\u00f3n. Las mesas l\u00e1ser de fibra de hoy en d\u00eda generan metal fundido, humo y gases, que pueden representar un peligro para la respiraci\u00f3n de los operadores de m\u00e1quinas. Se requiere una buena ventilaci\u00f3n para prevenir la inhalaci\u00f3n de...<\/p>\n","protected":false},"author":1,"featured_media":0,"parent":40565,"menu_order":0,"comment_status":"closed","ping_status":"closed","template":"","meta":{"_acf_changed":false,"footnotes":""},"class_list":["post-40757","page","type-page","status-publish","hentry"],"acf":[],"_links":{"self":[{"href":"https:\/\/camfilapc.com\/es\/wp-json\/wp\/v2\/pages\/40757","targetHints":{"allow":["GET"]}}],"collection":[{"href":"https:\/\/camfilapc.com\/es\/wp-json\/wp\/v2\/pages"}],"about":[{"href":"https:\/\/camfilapc.com\/es\/wp-json\/wp\/v2\/types\/page"}],"author":[{"embeddable":true,"href":"https:\/\/camfilapc.com\/es\/wp-json\/wp\/v2\/users\/1"}],"replies":[{"embeddable":true,"href":"https:\/\/camfilapc.com\/es\/wp-json\/wp\/v2\/comments?post=40757"}],"version-history":[{"count":0,"href":"https:\/\/camfilapc.com\/es\/wp-json\/wp\/v2\/pages\/40757\/revisions"}],"up":[{"embeddable":true,"href":"https:\/\/camfilapc.com\/es\/wp-json\/wp\/v2\/pages\/40565"}],"wp:attachment":[{"href":"https:\/\/camfilapc.com\/es\/wp-json\/wp\/v2\/media?parent=40757"}],"curies":[{"name":"wp","href":"https:\/\/api.w.org\/{rel}","templated":true}]}}