{"id":40747,"date":"2017-08-17T11:27:20","date_gmt":"2017-08-17T15:27:20","guid":{"rendered":"https:\/\/camfilapc.com\/applications\/pharmaceutical\/"},"modified":"2023-03-21T09:10:09","modified_gmt":"2023-03-21T13:10:09","slug":"pharmaceutical","status":"publish","type":"page","link":"https:\/\/camfilapc.com\/es\/applications\/pharmaceutical\/","title":{"rendered":"Productos Farmaceuticos"},"content":{"rendered":"<div id=\"pl-40747\"  class=\"panel-layout\" ><div id=\"pg-40747-0\"  class=\"panel-grid panel-no-style\" ><div id=\"pgc-40747-0-0\"  class=\"panel-grid-cell\" ><div id=\"panel-40747-0-0-0\" class=\"so-panel widget widget_sow-image panel-first-child\" data-index=\"0\" ><div class=\"panel-widget-style panel-widget-style-for-40747-0-0-0\" ><div\n\t\t\t\n\t\t\tclass=\"so-widget-sow-image so-widget-sow-image-default-8b5b6f678277-40747\"\n\t\t\t\n\t\t>\n<div class=\"sow-image-container\">\n\t\t<img \n\tsrc=\"https:\/\/camfilapc.com\/wp-content\/uploads\/2017\/11\/pharma-header.jpg\" width=\"1440\" height=\"686\" srcset=\"https:\/\/camfilapc.com\/wp-content\/uploads\/2017\/11\/pharma-header.jpg 1440w, https:\/\/camfilapc.com\/wp-content\/uploads\/2017\/11\/pharma-header-300x143.jpg 300w, https:\/\/camfilapc.com\/wp-content\/uploads\/2017\/11\/pharma-header-768x366.jpg 768w, https:\/\/camfilapc.com\/wp-content\/uploads\/2017\/11\/pharma-header-1024x488.jpg 1024w\" sizes=\"(max-width: 1440px) 100vw, 1440px\" alt=\"\" \t\tclass=\"so-widget-image\"\/>\n\t<\/div>\n\n<\/div><\/div><\/div><div id=\"panel-40747-0-0-1\" class=\"so-panel widget widget_sow-headline\" data-index=\"1\" ><div id=\"application-name\" class=\"panel-widget-style panel-widget-style-for-40747-0-0-1\" ><div\n\t\t\t\n\t\t\tclass=\"so-widget-sow-headline so-widget-sow-headline-default-42661c0c9fbd-40747\"\n\t\t\t\n\t\t><div class=\"sow-headline-container \">\n\t\t\t\t\t\t\t<h2 class=\"sow-headline\">\n\t\t\t\t\t\t PROTECCI\u00d3N CONTRA COMPUESTOS POTENTES E INCIDENTES DE POLVO COMBUSTIBLE\t\t\t\t\t\t<\/h2>\n\t\t\t\t\t\t<\/div>\n<\/div><\/div><\/div><div id=\"panel-40747-0-0-2\" class=\"so-panel widget widget_sow-editor panel-last-child\" data-index=\"2\" ><div id=\"main-p-column\" class=\"panel-widget-style panel-widget-style-for-40747-0-0-2\" ><div\n\t\t\t\n\t\t\tclass=\"so-widget-sow-editor so-widget-sow-editor-base\"\n\t\t\t\n\t\t>\n<div class=\"siteorigin-widget-tinymce textwidget\">\n\t<p>Dos preocupaciones son cr\u00edticas al manejar polvos farmac\u00e9uticos: la exposici\u00f3n del personal a polvos potentes, t\u00f3xicos o alerg\u00e9nicos, y las propiedades de explosi\u00f3n de los polvos. Los expertos en la colecci\u00f3n de polvo de Camfil comprenden las propiedades toxicol\u00f3gicas de los polvos y compuestos potentes. Tambi\u00e9n sabemos c\u00f3mo interpretar el L\u00edmite de Exposici\u00f3n Ocupacional (OEL) y podemos ayudarlo a realizar una evaluaci\u00f3n de riesgo a exposici\u00f3n para determinar el m\u00e9todo adecuado de control de polvo. En la mayor\u00eda de los casos, recomendamos un sistema HEPA secundario para que su instalaci\u00f3n pueda recircular el aire filtrado de vuelta al sistema HVAC. Esto puede reducir significativamente los costos de energ\u00eda al tiempo que proporciona el nivel de filtraci\u00f3n necesario que se requiere a la descarga de aire para cumplir con las regulaciones ambientales y ocupacionales<\/p>\n<p>Para protegerse contra deflagraciones de polvo combustible, su instalaci\u00f3n puede requerir medidas de control tales como ventilas de explosi\u00f3n, supresi\u00f3n qu\u00edmica y sistemas de aislamiento. Camfil APC recomendar\u00e1 estos accesorios seg\u00fan la ubicaci\u00f3n del colector de polvo y las propiedades del polvo (Kst, Pmax, MIE). Nos aseguraremos de que todos los equipos de protecci\u00f3n contra explosiones cumplan con los requisitos y est\u00e1ndares de NFPA, ATEX, los bomberos locales y las compa\u00f1\u00edas de seguros.<\/p>\n<h3>PROCESOS FARMAC\u00c9UTICOS QUE PRODUCEN POLVO<\/h3>\n<ul class=\"two-row-ul\">\n<li>Prensa<\/li>\n<li>Recubrimiento<\/li>\n<li>Secado de lecho fluidizado<\/li>\n<li>Secado por pulverizaci\u00f3n<\/li>\n<li>Mezcla<\/li>\n<li>Granulacion<\/li>\n<li>Ventilaci\u00f3n general de salas<\/li>\n<li>Sistemas dom\u00e9sticos y de alto vac\u00edo<\/li>\n<\/ul>\n<\/div>\n<\/div><\/div><\/div><\/div><div id=\"pgc-40747-0-1\"  class=\"panel-grid-cell\" ><div id=\"panel-40747-0-1-0\" class=\"so-panel widget widget_sow-editor panel-first-child\" data-index=\"3\" ><div id=\"sidebar-app-cta\" class=\"panel-widget-style panel-widget-style-for-40747-0-1-0\" ><div\n\t\t\t\n\t\t\tclass=\"so-widget-sow-editor so-widget-sow-editor-base\"\n\t\t\t\n\t\t>\n<div class=\"siteorigin-widget-tinymce textwidget\">\n\t<h2 class=\"sidebar-cta-headline\">Descargue hoy el reporte<\/h2>\n<p><a href=\"\/whitepapers\/10-tips-selecting-cartridge-dust-collection-equipment-tablet-presses\/\"><img loading=\"lazy\" decoding=\"async\" class=\"sidebar-cta-img\" src=\"https:\/\/camfilapc.com\/wp-content\/uploads\/2017\/10\/10-tips-cartridge-wp-768x993.jpg\" alt=\"\" width=\"219\" height=\"278\" \/><\/a><\/p>\n<p>Aunque la compresi\u00f3n de la tableta no genera grandes vol\u00famenes de polvo fugitivo, la recolecci\u00f3n segura y eficiente de cualquier polvo que se cree mediante este proceso es fundamental.<\/p>\n<p class=\"sidebar-highlight\">Aprenda esto y m\u00e1s en el reporte GRATIS<\/p>\n<\/div>\n<\/div><\/div><\/div><div id=\"panel-40747-0-1-1\" class=\"so-panel widget widget_sow-button panel-last-child\" data-index=\"4\" ><div id=\"sidebar-app-cta-button\" class=\"panel-widget-style panel-widget-style-for-40747-0-1-1\" ><div\n\t\t\t\n\t\t\tclass=\"so-widget-sow-button so-widget-sow-button-flat-c4c0f74e30d7-40747\"\n\t\t\t\n\t\t><div class=\"ow-button-base ow-button-align-center\"\n>\n\t\t\t<a href=\"http:\/\/us-apc-forms.camfil.com\/cn\/alh89\/cartridge-dust-collection-equipment-for-tablet-presses\" class=\"sowb-button ow-icon-placement-left ow-button-hover\" rel=\"noopener\">\n\t\t<span>\n\t\t\t\n\t\t\tDescargar Ahora\t\t<\/span>\n\t\t\t<\/a>\n\t<\/div>\n<\/div><\/div><\/div><\/div><\/div><div id=\"pg-40747-1\"  class=\"panel-grid panel-has-style\" ><div class=\"panel-row-style panel-row-style-for-40747-1\" ><div id=\"pgc-40747-1-0\"  class=\"panel-grid-cell\" ><div id=\"panel-40747-1-0-0\" class=\"so-panel widget widget_media_image panel-first-child panel-last-child\" data-index=\"5\" ><img loading=\"lazy\" decoding=\"async\" width=\"179\" height=\"356\" src=\"https:\/\/camfilapc.com\/wp-content\/uploads\/2018\/09\/pharma-camtain-white-new.jpg\" class=\"image wp-image-37124  attachment-179x356 size-179x356\" alt=\"Camtain Industrial Dust Collector\" style=\"max-width: 100%; height: auto;\" \/><\/div><\/div><div id=\"pgc-40747-1-1\"  class=\"panel-grid-cell\" ><div class=\"panel-cell-style panel-cell-style-for-40747-1-1\" ><div id=\"panel-40747-1-1-0\" class=\"so-panel widget widget_sow-editor panel-first-child\" data-index=\"6\" ><div\n\t\t\t\n\t\t\tclass=\"so-widget-sow-editor so-widget-sow-editor-base\"\n\t\t\t\n\t\t>\n<div class=\"siteorigin-widget-tinymce textwidget\">\n\t<p class=\"app-rec-prod\">CAMTAIN\u00ae\u00a0GOLD SERIES \u00ae<\/p>\n<p>Los colectores de polvo Gold Series (GS) Camtain son los m\u00e1s duraderos y confiables de la industria, por lo que minimizan las paradas en la l\u00ednea de producci\u00f3n. Se pueden usar en una variedad de aplicaciones de colecci\u00f3n de polvo farmac\u00e9utico y son ideales para una filtraci\u00f3n de alta eficiencia que no requiere la reutilizaci\u00f3n del producto. Los colectores GS superan todas las normativas de calidad del aire y salud ocupacional vigentes de OSHA, y cuando est\u00e1n equipados con una ventila de explosi\u00f3n Camfil, ofrecen la m\u00e1xima protecci\u00f3n contra explosiones de acuerdo con las normas NFPA y ATEX. El sistema de colecci\u00f3n de polvo GS Camtain ha sido sometido a pruebas independientes con sustitutos para verificar y validar su rendimiento. Camfil APC ha instalado colectores de polvo en farmac\u00e9utica ubicadas en Am\u00e9rica del Norte, Am\u00e9rica del Sur, Centro Am\u00e9rica, Asia y Europa.<\/p>\n<\/div>\n<\/div><\/div><div id=\"panel-40747-1-1-1\" class=\"so-panel widget widget_ink-accordion panel-last-child\" data-index=\"7\" ><div\n\t\t\t\n\t\t\tclass=\"so-widget-ink-accordion so-widget-ink-accordion-accordion-b84206eb180a-40747\"\n\t\t\t\n\t\t>\n<div class=\"iw-so-accordion-plain iw-so-accordion iw-so-acc-singleExpand\">\n\n\t\n\t\t<div class=\"iw-so-acc-item\"  id=\"toggle-1-1\">\n\n\t\t\t<a href=\"#\" class=\"iw-so-acc-title iw-text-left\">\n\t\t\t\tCaracter\u00edsticas\t\t\t\t<span class=\"iw-so-tgl-open\"><span class=\"sow-icon-fontawesome sow-fas\" data-sow-icon=\"&#x2b;\"\n\t\tstyle=\"font-size: 2em; color: right\" \n\t\taria-hidden=\"true\"><\/span><\/span>\n\t\t\t\t<span class=\"iw-so-tgl-close\"><span class=\"sow-icon-fontawesome sow-fas\" data-sow-icon=\"&#xf068;\"\n\t\tstyle=\"font-size: 2em; color: right\" \n\t\taria-hidden=\"true\"><\/span><\/span>\n\t\t\t<\/a>\n\n\t\t\t<div class=\"iw-so-acc-content\">\n\t\t\t\t<ul>\n<li>Sistemas de contenci\u00f3n tipo BIBO tanto para los filtros como para el sistema de descarga debajo del colector. El cambio de cartuchos utiliza el m\u00e9todo de reemplazo seguro de filtros, mientras que la descarga utiliza tecnolog\u00eda de descarga continua.<\/li>\n<li>Los filtros sellan mediante una acci\u00f3n de barra interna, lo que permite un cambio conveniente a trav\u00e9s del sistema de reemplazo seguro de filtros.<\/li>\n<li>La entrada de aire de fujo cruzado elimina las velocidades ascendentes t\u00edpicas de los filtros de manga convencionales que mantienen las part\u00edculas finas en suspensi\u00f3n o sobre los filtros.<\/li>\n<li>Los filtros de alta eficiencia\u00a0hasta MERV 16 retienen el 99.99% del polvo sobre 0.5 micrones<\/li>\n<li>Filtros de materiales especiales repelen de manera efectiva las part\u00edculas finas, generan una menor ca\u00edda de presi\u00f3n y tienen una vida \u00fatil m\u00e1s larga.<\/li>\n<li>El dise\u00f1o de los filtros Gold Cone\u00ae proporciona un 25% m\u00e1s de \u00e1rea filtrante y una mayor vida \u00fatil. La tecnolog\u00eda HemiPleat\u00ae garantiza un espaciamiento uniforme entre los pliegues y mantienen los pliegues del filtro de cartucho completamente abiertos.<\/li>\n<li>Los filtros dispuestos verticalmente manejan mejor las part\u00edculas que los filtros horizontales en aplicaciones con altas concentraciones de polvo.<\/li>\n<li>Permite la colecci\u00f3n de polvo tradicional para polvos y humos convencionales que no requieren accesorios especiales de aislamiento y contenci\u00f3n<\/li>\n<\/ul>\n\t\t\t<\/div>\n\n\t\t<\/div>\n\n\t\t\n\t\n<\/div>\n<\/div><\/div><\/div><\/div><div id=\"pgc-40747-1-2\"  class=\"panel-grid-cell\" ><div id=\"panel-40747-1-2-0\" class=\"so-panel widget widget_sow-cta panel-first-child panel-last-child\" data-index=\"8\" ><div id=\"app-cta-rfq\" class=\"panel-widget-style panel-widget-style-for-40747-1-2-0\" ><div\n\t\t\t\n\t\t\tclass=\"so-widget-sow-cta so-widget-sow-cta-default-c168002274eb-40747\"\n\t\t\t\n\t\t><div\n\tclass=\"sow-cta-base\"\n\t>\n\t\n\t<div class=\"sow-cta-wrapper\">\n\n\t\t<div class=\"sow-cta-text\">\n\t\t\t\t\t\t\t<h4 class=\"sow-cta-title\">\n\t\t\t\t\tPERMITENOS AYUDARTE A ENCONTRAR UNA SOLUCI\u00d3N\t\t\t\t<\/h4>\n\t\t\t\n\t\t\t\t\t<\/div>\n\n\t\t<div\n\t\t\t\n\t\t\tclass=\"so-widget-sow-button so-widget-sow-button-flat-389e85a0f210\"\n\t\t\t\n\t\t><div class=\"ow-button-base ow-button-align-center\"\n>\n\t\t\t<a href=\"https:\/\/camfilapc.com\/es\/pharmaceutical-request-a-quote-es\/\" class=\"sowb-button ow-icon-placement-left\">\n\t\t<span>\n\t\t\t\n\t\t\tSolicitar un Presupuesto\t\t<\/span>\n\t\t\t<\/a>\n\t<\/div>\n<\/div>\n\t<\/div>\n\n\t<\/div>\n<\/div><\/div><\/div><\/div><\/div><\/div><div id=\"pg-40747-2\"  class=\"panel-grid panel-has-style\" ><div class=\"panel-row-style panel-row-style-for-40747-2\" ><div id=\"pgc-40747-2-0\"  class=\"panel-grid-cell\" ><div id=\"panel-40747-2-0-0\" class=\"so-panel widget widget_sow-image panel-first-child panel-last-child\" data-index=\"9\" ><div id=\"app-content-product-img\" class=\"panel-widget-style panel-widget-style-for-40747-2-0-0\" ><div\n\t\t\t\n\t\t\tclass=\"so-widget-sow-image so-widget-sow-image-default-8b5b6f678277-40747\"\n\t\t\t\n\t\t>\n<div class=\"sow-image-container\">\n\t\t<img \n\tsrc=\"https:\/\/camfilapc.com\/wp-content\/uploads\/2017\/11\/quad-pulse-package-angle.jpg\" width=\"500\" height=\"667\" srcset=\"https:\/\/camfilapc.com\/wp-content\/uploads\/2017\/11\/quad-pulse-package-angle.jpg 500w, https:\/\/camfilapc.com\/wp-content\/uploads\/2017\/11\/quad-pulse-package-angle-225x300.jpg 225w\" sizes=\"(max-width: 500px) 100vw, 500px\" alt=\"Quad Pulse Package for Pharma and Chemical Dusts\" \t\tclass=\"so-widget-image\"\/>\n\t<\/div>\n\n<\/div><\/div><\/div><\/div><div id=\"pgc-40747-2-1\"  class=\"panel-grid-cell\" ><div class=\"panel-cell-style panel-cell-style-for-40747-2-1\" ><div id=\"panel-40747-2-1-0\" class=\"so-panel widget widget_sow-editor panel-first-child\" data-index=\"10\" ><div\n\t\t\t\n\t\t\tclass=\"so-widget-sow-editor so-widget-sow-editor-base\"\n\t\t\t\n\t\t>\n<div class=\"siteorigin-widget-tinymce textwidget\">\n\t<p class=\"app-rec-prod\">EL COLECTOR COMPACTO DE POLVO QUAD PULSE PACKAGE<\/p>\n<p>Este colector de polvo compacto se puede colocar directamente en el piso de producci\u00f3n. Utiliza un proceso de limpieza de filtros segmentado que permite mantener el filtro primario funcionando continuamente sin que la fabricaci\u00f3n se interrumpa. Esta unidad reduce los costos de energ\u00eda al limpiar los filtros a baja presi\u00f3n. Un filtro HEPA secundario proporciona una eficiencia de filtraci\u00f3n del 99,995% y captura las part\u00edculas de polvo m\u00e1s finas. El QPP tambi\u00e9n cuenta con una construcci\u00f3n resistente a la presi\u00f3n, una protecci\u00f3n contra explosiones incorporada que cumple con NFPA y ATEX, un ventilador integrado de operaci\u00f3n silenciosa y opci\u00f3n de cambio de filtros tipo BIBO<\/p>\n<\/div>\n<\/div><\/div><div id=\"panel-40747-2-1-1\" class=\"so-panel widget widget_ink-accordion panel-last-child\" data-index=\"11\" ><div\n\t\t\t\n\t\t\tclass=\"so-widget-ink-accordion so-widget-ink-accordion-accordion-b84206eb180a-40747\"\n\t\t\t\n\t\t>\n<div class=\"iw-so-accordion-plain iw-so-accordion iw-so-acc-singleExpand\">\n\n\t\n\t\t<div class=\"iw-so-acc-item\"  id=\"toggle-2-1\">\n\n\t\t\t<a href=\"#\" class=\"iw-so-acc-title iw-text-left\">\n\t\t\t\tCaracter\u00edsticas\t\t\t\t<span class=\"iw-so-tgl-open\"><span class=\"sow-icon-fontawesome sow-fas\" data-sow-icon=\"&#x2b;\"\n\t\tstyle=\"font-size: 2em; color: right\" \n\t\taria-hidden=\"true\"><\/span><\/span>\n\t\t\t\t<span class=\"iw-so-tgl-close\"><span class=\"sow-icon-fontawesome sow-fas\" data-sow-icon=\"&#xf068;\"\n\t\tstyle=\"font-size: 2em; color: right\" \n\t\taria-hidden=\"true\"><\/span><\/span>\n\t\t\t<\/a>\n\n\t\t\t<div class=\"iw-so-acc-content\">\n\t\t\t\t<ul>\n<li>Unidad que de manera econ\u00f3mica ahorra espacio y requiere un solo filtro primario<\/li>\n<li>Operaci\u00f3n continua y estable que no impacta el proceso de producci\u00f3n y el control de calidad del producto<\/li>\n<li>El dise\u00f1o segmentado de limpieza de filtros, permite la limpieza de los mismos con baja presi\u00f3n, lo que reduce a\u00fan m\u00e1s el ruido generado y evita retorno del producto<\/li>\n<li>Baja ca\u00edda de presi\u00f3n en el filtro para ahorrar costos de energ\u00eda<\/li>\n<li>La tecnolog\u00eda de filtros plisados de Camfil proporciona una excepcional liberaci\u00f3n del polvo sobre acumulado sobre el filtro, alargando su vida \u00fatil y reduciendo la necesidad de cambio de filtros<\/li>\n<\/ul>\n\t\t\t<\/div>\n\n\t\t<\/div>\n\n\t\t\n\t\n<\/div>\n<\/div><\/div><\/div><\/div><div id=\"pgc-40747-2-2\"  class=\"panel-grid-cell\" ><div id=\"panel-40747-2-2-0\" class=\"so-panel widget widget_sow-cta panel-first-child panel-last-child\" data-index=\"12\" ><div id=\"app-cta-rfq\" class=\"panel-widget-style panel-widget-style-for-40747-2-2-0\" ><div\n\t\t\t\n\t\t\tclass=\"so-widget-sow-cta so-widget-sow-cta-default-c168002274eb-40747\"\n\t\t\t\n\t\t><div\n\tclass=\"sow-cta-base\"\n\t>\n\t\n\t<div class=\"sow-cta-wrapper\">\n\n\t\t<div class=\"sow-cta-text\">\n\t\t\t\t\t\t\t<h4 class=\"sow-cta-title\">\n\t\t\t\t\tPERMITENOS AYUDARTE A ENCONTRAR UNA SOLUCI\u00d3N\t\t\t\t<\/h4>\n\t\t\t\n\t\t\t\t\t<\/div>\n\n\t\t<div\n\t\t\t\n\t\t\tclass=\"so-widget-sow-button so-widget-sow-button-flat-389e85a0f210\"\n\t\t\t\n\t\t><div class=\"ow-button-base ow-button-align-center\"\n>\n\t\t\t<a href=\"https:\/\/camfilapc.com\/es\/pharmaceutical-request-a-quote-es\/\" class=\"sowb-button ow-icon-placement-left\">\n\t\t<span>\n\t\t\t\n\t\t\tSolicitar un Presupuesto\t\t<\/span>\n\t\t\t<\/a>\n\t<\/div>\n<\/div>\n\t<\/div>\n\n\t<\/div>\n<\/div><\/div><\/div><\/div><\/div><\/div><div id=\"pg-40747-3\"  class=\"panel-grid panel-has-style\" ><div class=\"panel-row-style panel-row-style-for-40747-3\" ><div id=\"pgc-40747-3-0\"  class=\"panel-grid-cell\" ><div id=\"panel-40747-3-0-0\" class=\"so-panel widget widget_sow-post-carousel panel-first-child panel-last-child\" data-index=\"13\" ><div id=\"heading-sidebar\" class=\"panel-widget-style panel-widget-style-for-40747-3-0-0\" ><div\n\t\t\t\n\t\t\tclass=\"so-widget-sow-post-carousel so-widget-sow-post-carousel-base-ad93eedad001-40747\"\n\t\t\t\n\t\t><\/div><\/div><\/div><\/div><div id=\"pgc-40747-3-1\"  class=\"panel-grid-cell\" ><div id=\"panel-40747-3-1-0\" class=\"so-panel widget widget_sow-editor panel-first-child panel-last-child\" data-index=\"14\" ><div id=\"heading-sidebar\" class=\"panel-widget-style panel-widget-style-for-40747-3-1-0\" ><div\n\t\t\t\n\t\t\tclass=\"so-widget-sow-editor so-widget-sow-editor-base\"\n\t\t\t\n\t\t>\n<div class=\"siteorigin-widget-tinymce textwidget\">\n\t<h3>Recursos y literatura:<\/h3>\n<p><a href=\"https:\/\/camfilapc.com\/download\/focus-on-pharmaceutical\/\">Pharmaceutical Focus Sheet<\/a><br \/>\n<a href=\"https:\/\/camfilapc.com\/download\/five-ways-new-explosion-venting-requirements-dust-collectors-affect\/?wpdmdl=12422&amp;ind=1508255686052\">Article: Five Ways New Explosion Venting Requirements For Dust Collectors Affect You<br \/>\n<\/a><a href=\"https:\/\/camfilapc.com\/wp-content\/uploads\/2017\/11\/osha-instruction-combustible-dust-1.pdf\" target=\"_blank\" rel=\"noopener\">OSHA Instruction on the Subject of the Combustible Dust National Emphasis Program<br \/>\n<\/a><a href=\"https:\/\/camfilapc.com\/wp-content\/uploads\/2017\/11\/containment-testing-results-summary-1.pdf\" target=\"_blank\" rel=\"noopener\">Summary Table of Surrogate Test Report on the Gold Series Camtain<\/a><\/p>\n<p>&nbsp;<\/p>\n<div id=\"sVim-command\" style=\"bottom: 0px; display: none;\">-- NORMAL --<\/div>\n<\/div>\n<\/div><\/div><\/div><\/div><\/div><\/div><\/div>","protected":false},"excerpt":{"rendered":"<p>Dos preocupaciones son cr\u00edticas al manejar polvos farmac\u00e9uticos: la exposici\u00f3n del personal a polvos potentes, t\u00f3xicos o alerg\u00e9nicos, y las propiedades de explosi\u00f3n de los polvos. Los expertos en la colecci\u00f3n de polvo de Camfil comprenden las propiedades toxicol\u00f3gicas de los polvos y compuestos potentes. Tambi\u00e9n sabemos c\u00f3mo interpretar el L\u00edmite de Exposici\u00f3n Ocupacional (OEL) y podemos ayudarlo a realizar...<\/p>\n","protected":false},"author":1,"featured_media":86338,"parent":40565,"menu_order":0,"comment_status":"closed","ping_status":"closed","template":"","meta":{"_acf_changed":false,"footnotes":""},"class_list":["post-40747","page","type-page","status-publish","has-post-thumbnail","hentry"],"acf":[],"_links":{"self":[{"href":"https:\/\/camfilapc.com\/es\/wp-json\/wp\/v2\/pages\/40747","targetHints":{"allow":["GET"]}}],"collection":[{"href":"https:\/\/camfilapc.com\/es\/wp-json\/wp\/v2\/pages"}],"about":[{"href":"https:\/\/camfilapc.com\/es\/wp-json\/wp\/v2\/types\/page"}],"author":[{"embeddable":true,"href":"https:\/\/camfilapc.com\/es\/wp-json\/wp\/v2\/users\/1"}],"replies":[{"embeddable":true,"href":"https:\/\/camfilapc.com\/es\/wp-json\/wp\/v2\/comments?post=40747"}],"version-history":[{"count":0,"href":"https:\/\/camfilapc.com\/es\/wp-json\/wp\/v2\/pages\/40747\/revisions"}],"up":[{"embeddable":true,"href":"https:\/\/camfilapc.com\/es\/wp-json\/wp\/v2\/pages\/40565"}],"wp:featuredmedia":[{"embeddable":true,"href":"https:\/\/camfilapc.com\/es\/wp-json\/wp\/v2\/media\/86338"}],"wp:attachment":[{"href":"https:\/\/camfilapc.com\/es\/wp-json\/wp\/v2\/media?parent=40747"}],"curies":[{"name":"wp","href":"https:\/\/api.w.org\/{rel}","templated":true}]}}