{"id":40637,"date":"2019-01-26T16:28:36","date_gmt":"2019-01-26T21:28:36","guid":{"rendered":"https:\/\/camfilapc.com\/?page_id=40637"},"modified":"2023-03-20T15:28:20","modified_gmt":"2023-03-20T19:28:20","slug":"abrasive-blasting","status":"publish","type":"page","link":"https:\/\/camfilapc.com\/es\/applications\/abrasive-blasting\/","title":{"rendered":"GRANALLADO"},"content":{"rendered":"<div id=\"pl-40637\"  class=\"panel-layout\" ><div id=\"pg-40637-0\"  class=\"panel-grid panel-no-style\" ><div id=\"pgc-40637-0-0\"  class=\"panel-grid-cell\" ><div id=\"panel-40637-0-0-0\" class=\"so-panel widget widget_sow-image panel-first-child\" data-index=\"0\" ><div class=\"panel-widget-style panel-widget-style-for-40637-0-0-0\" ><div\n\t\t\t\n\t\t\tclass=\"so-widget-sow-image so-widget-sow-image-default-8b5b6f678277-40637\"\n\t\t\t\n\t\t>\n<div class=\"sow-image-container\">\n\t\t<img \n\tsrc=\"https:\/\/camfilapc.com\/wp-content\/uploads\/2017\/11\/blasting-header.jpg\" width=\"1440\" height=\"686\" srcset=\"https:\/\/camfilapc.com\/wp-content\/uploads\/2017\/11\/blasting-header.jpg 1440w, https:\/\/camfilapc.com\/wp-content\/uploads\/2017\/11\/blasting-header-300x143.jpg 300w, https:\/\/camfilapc.com\/wp-content\/uploads\/2017\/11\/blasting-header-768x366.jpg 768w, https:\/\/camfilapc.com\/wp-content\/uploads\/2017\/11\/blasting-header-1024x488.jpg 1024w\" sizes=\"(max-width: 1440px) 100vw, 1440px\" alt=\"\" \t\tclass=\"so-widget-image\"\/>\n\t<\/div>\n\n<\/div><\/div><\/div><div id=\"panel-40637-0-0-1\" class=\"so-panel widget widget_sow-headline\" data-index=\"1\" ><div id=\"application-name\" class=\"panel-widget-style panel-widget-style-for-40637-0-0-1\" ><div\n\t\t\t\n\t\t\tclass=\"so-widget-sow-headline so-widget-sow-headline-default-42661c0c9fbd-40637\"\n\t\t\t\n\t\t><div class=\"sow-headline-container \">\n\t\t\t\t\t\t\t<h2 class=\"sow-headline\">\n\t\t\t\t\t\tColecci\u00f3n de Polvo Para Granallado Seco\t\t\t\t\t\t<\/h2>\n\t\t\t\t\t\t<\/div>\n<\/div><\/div><\/div><div id=\"panel-40637-0-0-2\" class=\"so-panel widget widget_sow-editor panel-last-child\" data-index=\"2\" ><div id=\"main-p-column\" class=\"panel-widget-style panel-widget-style-for-40637-0-0-2\" ><div\n\t\t\t\n\t\t\tclass=\"so-widget-sow-editor so-widget-sow-editor-base\"\n\t\t\t\n\t\t>\n<div class=\"siteorigin-widget-tinymce textwidget\">\n\t<p>El granallado en seco se usa con mayor frecuencia para eliminar contaminantes e irregularidades de una superficie met\u00e1lica para crear un acabado espec\u00edfico, prepararlo para pinturas o recubrimientos o mejorar sus caracter\u00edsticas de rendimiento. Los colectores de polvo son la forma m\u00e1s efectiva de capturar y recolectar las part\u00edculas de abrasivo y contaminantes que flotan por el aire durante el proceso de granallado.<br \/>\nLa carga de polvo que experimenta el colector de polvo es diferente para cada tipo de granallado: por aire, turbina o inducci\u00f3n. Los expertos en la colecci\u00f3n de polvo de Camfil APC recomendar\u00e1n el tama\u00f1o y la configuraci\u00f3n m\u00e1s adecuados para cada aplicaci\u00f3n, incluidos la posici\u00f3n de las campanas, el tipo de entrada y los filtros adecuados. Se requieren adecuaciones especiales si el material es explosivo, inflamable, corrosivo o t\u00f3xico. Los expertos de Camfil se aseguran de que los colectores de polvo cumplan con todos los requisitos de OSHA y las normas NFPA.<\/p>\n<h3>Captura el Polvo De Todos Los Tipos De Arenado<\/h3>\n<ul class=\"two-row-ul\">\n<li>Granalladoras de Turbina<\/li>\n<li>Granallado por Aire Comprimido<\/li>\n<li>Cabinas de Granallado<\/li>\n<li>Cuartos de Granallado<\/li>\n<li>Arenado<\/li>\n<li>Granallado con Plastico<\/li>\n<li>Granallado Abrasivo<\/li>\n<li>Shot Peening<\/li>\n<li>Granallado con Aluminio<\/li>\n<li>Granallado con arena de s\u00edlice<\/li>\n<\/ul>\n<\/div>\n<\/div><\/div><\/div><\/div><div id=\"pgc-40637-0-1\"  class=\"panel-grid-cell\" ><div id=\"panel-40637-0-1-0\" class=\"so-panel widget widget_sow-editor panel-first-child\" data-index=\"3\" ><div id=\"sidebar-app-cta\" class=\"panel-widget-style panel-widget-style-for-40637-0-1-0\" ><div\n\t\t\t\n\t\t\tclass=\"so-widget-sow-editor so-widget-sow-editor-base\"\n\t\t\t\n\t\t>\n<div class=\"siteorigin-widget-tinymce textwidget\">\n\t<h2 class=\"sidebar-cta-headline\">Descargue Hoy El Reporte<\/h2>\n<p><a href=\" http:\/\/us-apc-forms.camfil.com\/cn\/alh89\/how-to-select-the-right-dust-collection-equipment-for-combustible-metal-dusts\"><img loading=\"lazy\" decoding=\"async\" class=\"sidebar-cta-img alignnone\" src=\"https:\/\/camfilapc.com\/wp-content\/uploads\/2017\/08\/select-right-dust-collector.jpg\" alt=\"\" width=\"219\" height=\"278\" \/><\/a><\/p>\n<p>Este reporte compara dos tecnolog\u00edas de colecci\u00f3n de polvo para el manejo de polvos met\u00e1licos combustibles: depuradores h\u00famedos y colectores de polvo de medios secos. Los pros y los contras ayudan a delinear los par\u00e1metros generales para la selecci\u00f3n de equipos que cumplen con la NFPA.<\/p>\n<p class=\"sidebar-highlight\">Aprenda esto y m\u00e1s en el reporte GRATIS<\/p>\n<\/div>\n<\/div><\/div><\/div><div id=\"panel-40637-0-1-1\" class=\"so-panel widget widget_sow-button\" data-index=\"4\" ><div id=\"sidebar-app-cta-button\" class=\"panel-widget-style panel-widget-style-for-40637-0-1-1\" ><div\n\t\t\t\n\t\t\tclass=\"so-widget-sow-button so-widget-sow-button-flat-c4c0f74e30d7-40637\"\n\t\t\t\n\t\t><div class=\"ow-button-base ow-button-align-center\"\n>\n\t\t\t<a href=\"http:\/\/us-apc-forms.camfil.com\/cn\/alh89\/how-to-select-the-right-dust-collection-equipment-for-combustible-metal-dusts\" class=\"sowb-button ow-icon-placement-left ow-button-hover\" rel=\"noopener\">\n\t\t<span>\n\t\t\t\n\t\t\tDescarga Ahora\t\t<\/span>\n\t\t\t<\/a>\n\t<\/div>\n<\/div><\/div><\/div><div id=\"panel-40637-0-1-2\" class=\"so-panel widget widget_sow-editor panel-last-child\" data-index=\"5\" ><div id=\"heading-sidebar\" class=\"panel-widget-style panel-widget-style-for-40637-0-1-2\" ><div\n\t\t\t\n\t\t\tclass=\"so-widget-sow-editor so-widget-sow-editor-base\"\n\t\t\t\n\t\t>\n<div class=\"siteorigin-widget-tinymce textwidget\">\n\t<h3>Recursos y literatura:<\/h3>\n<div class='w3eden'><div id=\"single-download\">\n<a href=\"https:\/\/camfilapc.com\/download\/abrasive-blasting-focus-sheet-2\/?wpdmdl=15938&amp;refresh=69d5241668d511775576086\"><img loading=\"lazy\" decoding=\"async\" width=\"193\" height=\"250\" src=\"https:\/\/camfilapc.com\/wp-content\/uploads\/2017\/11\/blasting-focus-sheet-pdf.jpg\" class=\"attachment-full size-full wp-post-image\" alt=\"\" \/><\/a>\n<a class='wpdm-download-link download-on-click btn btn-primary '  rel='nofollow' href='#' data-downloadurl=\"https:\/\/camfilapc.com\/download\/abrasive-blasting-focus-sheet-2\/?wpdmdl=15938&refresh=69d5241668d511775576086\">DESCARGA<\/a> este caso de estudio \n<\/div><\/div>\n<\/div>\n<\/div><\/div><\/div><\/div><\/div><div id=\"pg-40637-1\"  class=\"panel-grid panel-has-style\" ><div class=\"panel-row-style panel-row-style-for-40637-1\" ><div id=\"pgc-40637-1-0\"  class=\"panel-grid-cell\" ><div id=\"panel-40637-1-0-0\" class=\"so-panel widget widget_sow-image panel-first-child panel-last-child\" data-index=\"6\" ><div id=\"app-content-product-img\" class=\"panel-widget-style panel-widget-style-for-40637-1-0-0\" ><div\n\t\t\t\n\t\t\tclass=\"so-widget-sow-image so-widget-sow-image-default-8b5b6f678277-40637\"\n\t\t\t\n\t\t>\n<div class=\"sow-image-container\">\n\t\t<img \n\tsrc=\"https:\/\/camfilapc.com\/wp-content\/uploads\/2018\/10\/gold-series-xflo-sm.jpg\" width=\"228\" height=\"411\" srcset=\"https:\/\/camfilapc.com\/wp-content\/uploads\/2018\/10\/gold-series-xflo-sm.jpg 228w, https:\/\/camfilapc.com\/wp-content\/uploads\/2018\/10\/gold-series-xflo-sm-166x300.jpg 166w\" sizes=\"(max-width: 228px) 100vw, 228px\" alt=\"Gold Series X Flo\" \t\tclass=\"so-widget-image\"\/>\n\t<\/div>\n\n<\/div><\/div><\/div><\/div><div id=\"pgc-40637-1-1\"  class=\"panel-grid-cell\" ><div class=\"panel-cell-style panel-cell-style-for-40637-1-1\" ><div id=\"panel-40637-1-1-0\" class=\"so-panel widget widget_sow-editor panel-first-child\" data-index=\"7\" ><div\n\t\t\t\n\t\t\tclass=\"so-widget-sow-editor so-widget-sow-editor-base\"\n\t\t\t\n\t\t>\n<div class=\"siteorigin-widget-tinymce textwidget\">\n\t<h3 class=\"app-rec-prod\">COLECTOR DE POLVO GOLD SERIES\u00ae<\/h3>\n<p>El colector de polvo modular Gold Series fue dise\u00f1ado para resolver problemas de polvo ocupando el menor espacio posible. Los m\u00f3dulos individuales manejan caudales de aire de hasta 6,000 CFM cada uno, lo que proporciona una variedad casi ilimitada de configuraciones y entregas en d\u00edas en lugar de semanas. Todos los colectores GS cuentan con una construcci\u00f3n de acero al carbono para trabajos pesados y pintura en polvo para una resistencia y durabilidad sin igual.<\/p>\n<div id=\"sVim-command\" style=\"bottom: 0px; display: none;\">-- NORMAL --<\/div>\n<\/div>\n<\/div><\/div><div id=\"panel-40637-1-1-1\" class=\"so-panel widget widget_ink-accordion panel-last-child\" data-index=\"8\" ><div\n\t\t\t\n\t\t\tclass=\"so-widget-ink-accordion so-widget-ink-accordion-accordion-1a6185fe657a-40637\"\n\t\t\t\n\t\t>\n<div class=\"iw-so-accordion-plain iw-so-accordion iw-so-acc-singleExpand\">\n\n\t\n\t\t<div class=\"iw-so-acc-item\"  id=\"toggle-1-1\">\n\n\t\t\t<a href=\"#\" class=\"iw-so-acc-title iw-text-left\">\n\t\t\t\tCaracteristicas\t\t\t\t<span class=\"iw-so-tgl-open\"><span class=\"sow-icon-fontawesome sow-fas\" data-sow-icon=\"&#x2b;\"\n\t\tstyle=\"font-size: 2em; color: right\" \n\t\taria-hidden=\"true\"><\/span><\/span>\n\t\t\t\t<span class=\"iw-so-tgl-close\"><span class=\"sow-icon-fontawesome sow-fas\" data-sow-icon=\"&#xf068;\"\n\t\tstyle=\"font-size: 2em; color: right\" \n\t\taria-hidden=\"true\"><\/span><\/span>\n\t\t\t<\/a>\n\n\t\t\t<div class=\"iw-so-acc-content\">\n\t\t\t\t<ul>\n<li>Sistema de limpieza automatizado basado en presi\u00f3n diferencial.<\/li>\n<li>Puertas de alta resistencia y acceso r\u00e1pido para el cambio de filtros.<\/li>\n<li>Entrada de flujo cruzado elimina las velocidades ascendentes (velocidad de la lata) que mantienen el polvo fino en los filtros, lo que mejora la limpieza de los filtros.<\/li>\n<li>La configuraci\u00f3n de entrada resistente a la abrasi\u00f3n act\u00faa como una c\u00e1mara de sedimentaci\u00f3n y elimina la mayor\u00eda del polvo antes de que llegue a los cartuchos.<\/li>\n<li>Filtros con tratamiento superficial que repele las part\u00edculas finas, genera una menor ca\u00edda de presi\u00f3n y alarga la vida \u00fatil del filtro.<\/li>\n<li>Filtros de alta eficiencia que capturan el 99.99% del polvo sobre 0.5\u00b5 (micrones).<\/li>\n<li>Tecnolog\u00eda de cartucho vertical Gold Cone\u2122 que proporciona un 25% m\u00e1s de \u00e1rea filtrante para una larga vida \u00fatil.<\/li>\n<\/ul>\n\t\t\t<\/div>\n\n\t\t<\/div>\n\n\t\t\n\t\n<\/div>\n<\/div><\/div><\/div><\/div><div id=\"pgc-40637-1-2\"  class=\"panel-grid-cell\" ><div id=\"panel-40637-1-2-0\" class=\"so-panel widget widget_sow-cta panel-first-child panel-last-child\" data-index=\"9\" ><div id=\"app-cta-rfq\" class=\"panel-widget-style panel-widget-style-for-40637-1-2-0\" ><div\n\t\t\t\n\t\t\tclass=\"so-widget-sow-cta so-widget-sow-cta-default-c168002274eb-40637\"\n\t\t\t\n\t\t><div\n\tclass=\"sow-cta-base\"\n\t>\n\t\n\t<div class=\"sow-cta-wrapper\">\n\n\t\t<div class=\"sow-cta-text\">\n\t\t\t\t\t\t\t<h4 class=\"sow-cta-title\">\n\t\t\t\t\tPERMITENOS AYUDARTE A ENCONTRAR UNA SOLUCI\u00d3N\t\t\t\t<\/h4>\n\t\t\t\n\t\t\t\t\t<\/div>\n\n\t\t<div\n\t\t\t\n\t\t\tclass=\"so-widget-sow-button so-widget-sow-button-flat-389e85a0f210\"\n\t\t\t\n\t\t><div class=\"ow-button-base ow-button-align-center\"\n>\n\t\t\t<a href=\"https:\/\/camfilapc.com\/es\/abrasive-blasting-request-a-quote-es\/\" class=\"sowb-button ow-icon-placement-left\">\n\t\t<span>\n\t\t\t\n\t\t\tSolicitar Presupuesto\t\t<\/span>\n\t\t\t<\/a>\n\t<\/div>\n<\/div>\n\t<\/div>\n\n\t<\/div>\n<\/div><\/div><\/div><\/div><\/div><\/div><div id=\"pg-40637-2\"  class=\"panel-grid panel-has-style\" ><div class=\"panel-row-style panel-row-style-for-40637-2\" ><div id=\"pgc-40637-2-0\"  class=\"panel-grid-cell panel-grid-cell-mobile-last\" ><div id=\"panel-40637-2-0-0\" class=\"so-panel widget widget_sow-post-carousel panel-first-child panel-last-child\" data-index=\"10\" ><div id=\"heading-sidebar\" class=\"panel-widget-style panel-widget-style-for-40637-2-0-0\" ><div\n\t\t\t\n\t\t\tclass=\"so-widget-sow-post-carousel so-widget-sow-post-carousel-base-ad93eedad001-40637\"\n\t\t\t\n\t\t><\/div><\/div><\/div><\/div><div id=\"pgc-40637-2-1\"  class=\"panel-grid-cell panel-grid-cell-empty\" ><\/div><\/div><\/div><\/div>","protected":false},"excerpt":{"rendered":"<p>El granallado en seco se usa con mayor frecuencia para eliminar contaminantes e irregularidades de una superficie met\u00e1lica para crear un acabado espec\u00edfico, prepararlo para pinturas o recubrimientos o mejorar sus caracter\u00edsticas de rendimiento. Los colectores de polvo son la forma m\u00e1s efectiva de capturar y recolectar las part\u00edculas de abrasivo y contaminantes que flotan por el aire durante el...<\/p>\n","protected":false},"author":1,"featured_media":0,"parent":40565,"menu_order":0,"comment_status":"closed","ping_status":"closed","template":"","meta":{"_acf_changed":false,"footnotes":""},"class_list":["post-40637","page","type-page","status-publish","hentry"],"acf":[],"_links":{"self":[{"href":"https:\/\/camfilapc.com\/es\/wp-json\/wp\/v2\/pages\/40637","targetHints":{"allow":["GET"]}}],"collection":[{"href":"https:\/\/camfilapc.com\/es\/wp-json\/wp\/v2\/pages"}],"about":[{"href":"https:\/\/camfilapc.com\/es\/wp-json\/wp\/v2\/types\/page"}],"author":[{"embeddable":true,"href":"https:\/\/camfilapc.com\/es\/wp-json\/wp\/v2\/users\/1"}],"replies":[{"embeddable":true,"href":"https:\/\/camfilapc.com\/es\/wp-json\/wp\/v2\/comments?post=40637"}],"version-history":[{"count":0,"href":"https:\/\/camfilapc.com\/es\/wp-json\/wp\/v2\/pages\/40637\/revisions"}],"up":[{"embeddable":true,"href":"https:\/\/camfilapc.com\/es\/wp-json\/wp\/v2\/pages\/40565"}],"wp:attachment":[{"href":"https:\/\/camfilapc.com\/es\/wp-json\/wp\/v2\/media?parent=40637"}],"curies":[{"name":"wp","href":"https:\/\/api.w.org\/{rel}","templated":true}]}}