{"id":40636,"date":"2019-01-26T21:59:21","date_gmt":"2019-01-27T02:59:21","guid":{"rendered":"https:\/\/camfilapc.com\/?page_id=40636"},"modified":"2023-03-20T16:26:12","modified_gmt":"2023-03-20T20:26:12","slug":"plasma-cutting","status":"publish","type":"page","link":"https:\/\/camfilapc.com\/es\/applications\/plasma-cutting\/","title":{"rendered":"Cortado Plasma"},"content":{"rendered":"<div id=\"pl-40636\"  class=\"panel-layout\" ><div id=\"pg-40636-0\"  class=\"panel-grid panel-no-style\" ><div id=\"pgc-40636-0-0\"  class=\"panel-grid-cell\" ><div id=\"panel-40636-0-0-0\" class=\"so-panel widget widget_sow-image panel-first-child\" data-index=\"0\" ><div class=\"panel-widget-style panel-widget-style-for-40636-0-0-0\" ><div\n\t\t\t\n\t\t\tclass=\"so-widget-sow-image so-widget-sow-image-default-8b5b6f678277-40636\"\n\t\t\t\n\t\t>\n<div class=\"sow-image-container\">\n\t\t<img \n\tsrc=\"https:\/\/camfilapc.com\/wp-content\/uploads\/2018\/01\/laser-plasma-application.jpg\" width=\"1440\" height=\"686\" srcset=\"https:\/\/camfilapc.com\/wp-content\/uploads\/2018\/01\/laser-plasma-application.jpg 1440w, https:\/\/camfilapc.com\/wp-content\/uploads\/2018\/01\/laser-plasma-application-300x143.jpg 300w, https:\/\/camfilapc.com\/wp-content\/uploads\/2018\/01\/laser-plasma-application-768x366.jpg 768w, https:\/\/camfilapc.com\/wp-content\/uploads\/2018\/01\/laser-plasma-application-1024x488.jpg 1024w\" sizes=\"(max-width: 1440px) 100vw, 1440px\" alt=\"\" \t\tclass=\"so-widget-image\"\/>\n\t<\/div>\n\n<\/div><\/div><\/div><div id=\"panel-40636-0-0-1\" class=\"so-panel widget widget_sow-headline\" data-index=\"1\" ><div id=\"application-name\" class=\"panel-widget-style panel-widget-style-for-40636-0-0-1\" ><div\n\t\t\t\n\t\t\tclass=\"so-widget-sow-headline so-widget-sow-headline-default-42661c0c9fbd-40636\"\n\t\t\t\n\t\t><div class=\"sow-headline-container \">\n\t\t\t\t\t\t\t<h2 class=\"sow-headline\">\n\t\t\t\t\t\tCapture con Seguridad Los Humos y Emanaciones del Corte por Plasma\t\t\t\t\t\t<\/h2>\n\t\t\t\t\t\t<\/div>\n<\/div><\/div><\/div><div id=\"panel-40636-0-0-2\" class=\"so-panel widget widget_sow-editor panel-last-child\" data-index=\"2\" ><div id=\"main-p-column\" class=\"panel-widget-style panel-widget-style-for-40636-0-0-2\" ><div\n\t\t\t\n\t\t\tclass=\"so-widget-sow-editor so-widget-sow-editor-base\"\n\t\t\t\n\t\t>\n<div class=\"siteorigin-widget-tinymce textwidget\">\n\t<p>El corte por plasma se usa para una variedad de metales, incluyendo acero inoxidable, aluminio y cobre. Las mesas de plasma generan metal fundido, humos y gases que pueden representar un peligro para los operadores de m\u00e1quinas. Se requiere una buena ventilaci\u00f3n para prevenir la inhalaci\u00f3n de part\u00edculas t\u00f3xicas en el aire, particularmente las part\u00edculas m\u00e1s peque\u00f1as que pueden asentarse profundamente en los tejidos pulmonares.<\/p>\n<p>Los colectores de polvo son com\u00fanmente utilizados para capturar part\u00edculas en la fuente. El polvo, los humos y las emanaciones se succionan a trav\u00e9s de rejillas y se transportan a trav\u00e9s de los ductos hasta colector de polvo. Los filtros del colector de polvo capturan todas las part\u00edculas y permiten eliminarlas de forma segura.<\/p>\n<p>Las propiedades de las part\u00edculas, el caudal de aire, las velocidades y carga de contaminantes carga difieren ampliamente de una aplicaci\u00f3n a otra, as\u00ed que aseg\u00farese de consultar a un experto de Camfil APC para dimensionar correctamente su sistema. Combinando las pautas que se encuentran en el manual de ventilaci\u00f3n industrial del ACGIH con nuestra experiencia en la aplicaci\u00f3n y la tecnolog\u00eda de filtraci\u00f3n de vanguardia, Camfil APC dimensionar\u00e1 correctamente un sistema de filtraci\u00f3n que ahorra espacio y costos. Fiable, duradero y f\u00e1cil de mantener.<\/p>\n<\/div>\n<\/div><\/div><\/div><\/div><div id=\"pgc-40636-0-1\"  class=\"panel-grid-cell\" ><div id=\"panel-40636-0-1-0\" class=\"so-panel widget widget_sow-editor panel-first-child\" data-index=\"3\" ><div id=\"sidebar-app-cta\" class=\"panel-widget-style panel-widget-style-for-40636-0-1-0\" ><div\n\t\t\t\n\t\t\tclass=\"so-widget-sow-editor so-widget-sow-editor-base\"\n\t\t\t\n\t\t>\n<div class=\"siteorigin-widget-tinymce textwidget\">\n\t<h2 class=\"sidebar-cta-headline\">Descarga hoy el Reporte<\/h2>\n<p><a href=\" http:\/\/us-apc-forms.camfil.com\/cn\/alh89\/advantages-of-dry-filtration-for-plasma-cutting\"><img loading=\"lazy\" decoding=\"async\" class=\"sidebar-cta-img alignnone\" src=\"https:\/\/camfilapc.com\/wp-content\/uploads\/2017\/08\/advantages-dry-filtration-wp.jpg\" alt=\"\" width=\"219\" height=\"278\" \/><\/a><\/p>\n<p>Este informe t\u00e9cnico tratar\u00e1 algunos de los problemas de seguridad y operacionales inherentes a los sistemas \"h\u00famedos\", las ventajas de la filtraci\u00f3n \"seca\" y c\u00f3mo llegar a una decisi\u00f3n de compra informada.<\/p>\n<p class=\"sidebar-highlight\">Aprenda esto y m\u00e1s en el Reporte GRATIS<\/p>\n<\/div>\n<\/div><\/div><\/div><div id=\"panel-40636-0-1-1\" class=\"so-panel widget widget_sow-button\" data-index=\"4\" ><div id=\"sidebar-app-cta-button\" class=\"panel-widget-style panel-widget-style-for-40636-0-1-1\" ><div\n\t\t\t\n\t\t\tclass=\"so-widget-sow-button so-widget-sow-button-flat-c4c0f74e30d7-40636\"\n\t\t\t\n\t\t><div class=\"ow-button-base ow-button-align-center\"\n>\n\t\t\t<a href=\"http:\/\/us-apc-forms.camfil.com\/cn\/alh89\/advantages-of-dry-filtration-for-plasma-cutting\" class=\"sowb-button ow-icon-placement-left ow-button-hover\" rel=\"noopener\">\n\t\t<span>\n\t\t\t\n\t\t\tDescargar Ahora\t\t<\/span>\n\t\t\t<\/a>\n\t<\/div>\n<\/div><\/div><\/div><div id=\"panel-40636-0-1-2\" class=\"so-panel widget widget_sow-editor panel-last-child\" data-index=\"5\" ><div id=\"heading-sidebar\" class=\"panel-widget-style panel-widget-style-for-40636-0-1-2\" ><div\n\t\t\t\n\t\t\tclass=\"so-widget-sow-editor so-widget-sow-editor-base\"\n\t\t\t\n\t\t>\n<div class=\"siteorigin-widget-tinymce textwidget\">\n\t<h3>Recursos y Literatura:<\/h3>\n<div class='w3eden'><div id=\"single-download\">\n<a href=\"https:\/\/camfilapc.com\/download\/laser-plasma-cutting\/?wpdmdl=15975&amp;refresh=69dce1c9ab6f21776083401\"><img loading=\"lazy\" decoding=\"async\" width=\"193\" height=\"250\" src=\"https:\/\/camfilapc.com\/wp-content\/uploads\/2017\/11\/laser-cutting-plasma-focus-sheet.jpg\" class=\"attachment-full size-full wp-post-image\" alt=\"\" \/><\/a>\n<a class='wpdm-download-link download-on-click btn btn-primary '  rel='nofollow' href='#' data-downloadurl=\"https:\/\/camfilapc.com\/download\/laser-plasma-cutting\/?wpdmdl=15975&refresh=69dce1c9ab6f21776083401\">DESCARGA<\/a> este caso de estudio \n<\/div><\/div>\n<\/div>\n<\/div><\/div><\/div><\/div><\/div><div id=\"pg-40636-1\"  class=\"panel-grid panel-has-style\" ><div class=\"panel-row-style panel-row-style-for-40636-1\" ><div id=\"pgc-40636-1-0\"  class=\"panel-grid-cell\" ><div id=\"panel-40636-1-0-0\" class=\"so-panel widget widget_sow-image panel-first-child panel-last-child\" data-index=\"6\" ><div id=\"app-content-product-img\" class=\"panel-widget-style panel-widget-style-for-40636-1-0-0\" ><div\n\t\t\t\n\t\t\tclass=\"so-widget-sow-image so-widget-sow-image-default-8b5b6f678277-40636\"\n\t\t\t\n\t\t>\n<div class=\"sow-image-container\">\n\t\t<img \n\tsrc=\"https:\/\/camfilapc.com\/wp-content\/uploads\/2018\/10\/gold-series-xflo-sm.jpg\" width=\"228\" height=\"411\" srcset=\"https:\/\/camfilapc.com\/wp-content\/uploads\/2018\/10\/gold-series-xflo-sm.jpg 228w, https:\/\/camfilapc.com\/wp-content\/uploads\/2018\/10\/gold-series-xflo-sm-166x300.jpg 166w\" sizes=\"(max-width: 228px) 100vw, 228px\" alt=\"Gold Series X Flo\" \t\tclass=\"so-widget-image\"\/>\n\t<\/div>\n\n<\/div><\/div><\/div><\/div><div id=\"pgc-40636-1-1\"  class=\"panel-grid-cell\" ><div class=\"panel-cell-style panel-cell-style-for-40636-1-1\" ><div id=\"panel-40636-1-1-0\" class=\"so-panel widget widget_sow-editor panel-first-child\" data-index=\"7\" ><div\n\t\t\t\n\t\t\tclass=\"so-widget-sow-editor so-widget-sow-editor-base\"\n\t\t\t\n\t\t>\n<div class=\"siteorigin-widget-tinymce textwidget\">\n\t<p class=\"app-rec-prod\">COLECTOR DE POLVO GOLD SERIES\u00ae<\/p>\n<p>El <a href=\"https:\/\/camfilapc.com\/es\/products\/dust-fume\/farr-gold-series\/\">colector de polvo modular Gold Series<\/a> fue dise\u00f1ado para resolver problemas de polvo ocupando el menor espacio posible. Los m\u00f3dulos individuales manejan caudales de aire de hasta 6,000 CFM cada uno, lo que proporciona una variedad casi ilimitada de configuraciones y entregas en d\u00edas en lugar de semanas. Todos los colectores GS cuentan con una construcci\u00f3n de acero al carbono para trabajos pesados y pintura en polvo para una resistencia y durabilidad sin igual.<\/p>\n<\/div>\n<\/div><\/div><div id=\"panel-40636-1-1-1\" class=\"so-panel widget widget_ink-accordion panel-last-child\" data-index=\"8\" ><div\n\t\t\t\n\t\t\tclass=\"so-widget-ink-accordion so-widget-ink-accordion-accordion-1a6185fe657a-40636\"\n\t\t\t\n\t\t>\n<div class=\"iw-so-accordion-plain iw-so-accordion iw-so-acc-singleExpand\">\n\n\t\n\t\t<div class=\"iw-so-acc-item\"  id=\"toggle-1-1\">\n\n\t\t\t<a href=\"#\" class=\"iw-so-acc-title iw-text-left\">\n\t\t\t\tCaracteristicas\t\t\t\t<span class=\"iw-so-tgl-open\"><span class=\"sow-icon-fontawesome sow-fas\" data-sow-icon=\"&#x2b;\"\n\t\tstyle=\"font-size: 2em; color: right\" \n\t\taria-hidden=\"true\"><\/span><\/span>\n\t\t\t\t<span class=\"iw-so-tgl-close\"><span class=\"sow-icon-fontawesome sow-fas\" data-sow-icon=\"&#xf068;\"\n\t\tstyle=\"font-size: 2em; color: right\" \n\t\taria-hidden=\"true\"><\/span><\/span>\n\t\t\t<\/a>\n\n\t\t\t<div class=\"iw-so-acc-content\">\n\t\t\t\t<ul>\n<li>Filtros de alta eficiencia que capturan el 99.99% del polvo sobre 0.5\u00b5.<\/li>\n<li>Tecnolog\u00eda de cartucho vertical Gold Cone \u2122 que proporciona un 25% m\u00e1s de \u00e1rea filtrante para una larga vida \u00fatil. Sistema de limpieza automatizado basado en presi\u00f3n diferencial.<\/li>\n<li>Puertas de alta resistencia y acceso r\u00e1pido para el cambio de filtros.<\/li>\n<li>Entrada de flujo cruzado elimina las velocidades ascendentes (velocidad de la lata) que mantienen el polvo fino en los filtros, lo que mejora la limpieza de los filtros.<\/li>\n<li>La configuraci\u00f3n de entrada resistente a la abrasi\u00f3n elimina la mayor\u00eda del polvo antes de que llegue a los cartuchos.<\/li>\n<li>Filtros con tratamiento superficial que repele las part\u00edculas finas, genera una menor ca\u00edda de presi\u00f3n y alarga la vida \u00fatil del filtro.<\/li>\n<\/ul>\n\t\t\t<\/div>\n\n\t\t<\/div>\n\n\t\t\n\t\n\t\t<div class=\"iw-so-acc-item\"  id=\"toggle-1-2\">\n\n\t\t\t<a href=\"#\" class=\"iw-so-acc-title iw-text-left\">\n\t\t\t\tRECOMENDACIONES DE SELECCI\u00d3N\t\t\t\t<span class=\"iw-so-tgl-open\"><span class=\"sow-icon-fontawesome sow-fas\" data-sow-icon=\"&#x2b;\"\n\t\tstyle=\"font-size: 2em; color: right\" \n\t\taria-hidden=\"true\"><\/span><\/span>\n\t\t\t\t<span class=\"iw-so-tgl-close\"><span class=\"sow-icon-fontawesome sow-fas\" data-sow-icon=\"&#xf068;\"\n\t\tstyle=\"font-size: 2em; color: right\" \n\t\taria-hidden=\"true\"><\/span><\/span>\n\t\t\t<\/a>\n\n\t\t\t<div class=\"iw-so-acc-content\">\n\t\t\t\t<p>El factor m\u00e1s importante que influye en el tama\u00f1o del colector es la cantidad esperada de part\u00edculas de polvo\/humo\/emanaciones que se est\u00e1n recolectando (la carga). Varias cosas afectan la carga. Primero est\u00e1 el amperaje del propio cortador de plasma. Un plasma de 300 amperios cortar\u00e1 mucho m\u00e1s r\u00e1pido y tendr\u00e1 una carga mucho m\u00e1s alta que un plasma de 100 amperios. Algunas mesas pueden tener dos cabezas de corte operando al mismo tiempo. Las mesas zonificadas tienen una carga mucho mayor debido al menor caudal de aire por la cantidad de material que se recolecta.<\/p>\n\t\t\t<\/div>\n\n\t\t<\/div>\n\n\t\t\n\t\n\t\t<div class=\"iw-so-acc-item\"  id=\"toggle-1-3\">\n\n\t\t\t<a href=\"#\" class=\"iw-so-acc-title iw-text-left\">\n\t\t\t\tOpciones Recomendadas\t\t\t\t<span class=\"iw-so-tgl-open\"><span class=\"sow-icon-fontawesome sow-fas\" data-sow-icon=\"&#x2b;\"\n\t\tstyle=\"font-size: 2em; color: right\" \n\t\taria-hidden=\"true\"><\/span><\/span>\n\t\t\t\t<span class=\"iw-so-tgl-close\"><span class=\"sow-icon-fontawesome sow-fas\" data-sow-icon=\"&#xf068;\"\n\t\tstyle=\"font-size: 2em; color: right\" \n\t\taria-hidden=\"true\"><\/span><\/span>\n\t\t\t<\/a>\n\n\t\t\t<div class=\"iw-so-acc-content\">\n\t\t\t\t<p>\u2022 Detector de humo con parada de emergencia y alarma<br \/>\n\u2022 Sistema de aspersores contra incendio<br \/>\n\u2022 Supresor de chispas<br \/>\n\u2022 Aspirador para limpieza de las \u00e1reas de trabajo<\/p>\n\t\t\t<\/div>\n\n\t\t<\/div>\n\n\t\t\n\t\n<\/div>\n<\/div><\/div><\/div><\/div><div id=\"pgc-40636-1-2\"  class=\"panel-grid-cell\" ><div id=\"panel-40636-1-2-0\" class=\"so-panel widget widget_sow-cta panel-first-child panel-last-child\" data-index=\"9\" ><div id=\"app-cta-rfq\" class=\"panel-widget-style panel-widget-style-for-40636-1-2-0\" ><div\n\t\t\t\n\t\t\tclass=\"so-widget-sow-cta so-widget-sow-cta-default-c168002274eb-40636\"\n\t\t\t\n\t\t><div\n\tclass=\"sow-cta-base\"\n\t>\n\t\n\t<div class=\"sow-cta-wrapper\">\n\n\t\t<div class=\"sow-cta-text\">\n\t\t\t\t\t\t\t<h4 class=\"sow-cta-title\">\n\t\t\t\t\tPERMITENOS AYUDARTE A ENCONTRAR UNA SOLUCI\u00d3N\t\t\t\t<\/h4>\n\t\t\t\n\t\t\t\t\t<\/div>\n\n\t\t<div\n\t\t\t\n\t\t\tclass=\"so-widget-sow-button so-widget-sow-button-flat-389e85a0f210\"\n\t\t\t\n\t\t><div class=\"ow-button-base ow-button-align-center\"\n>\n\t\t\t<a href=\"https:\/\/camfilapc.com\/es\/plasma-cutting-request-a-quote-es\/\" class=\"sowb-button ow-icon-placement-left\">\n\t\t<span>\n\t\t\t\n\t\t\tSolicitar Presupuesto\t\t<\/span>\n\t\t\t<\/a>\n\t<\/div>\n<\/div>\n\t<\/div>\n\n\t<\/div>\n<\/div><\/div><\/div><\/div><\/div><\/div><div id=\"pg-40636-2\"  class=\"panel-grid panel-has-style\" ><div class=\"panel-row-style panel-row-style-for-40636-2\" ><div id=\"pgc-40636-2-0\"  class=\"panel-grid-cell\" ><div id=\"panel-40636-2-0-0\" class=\"so-panel widget widget_sow-image panel-first-child panel-last-child\" data-index=\"10\" ><div id=\"app-content-product-img\" class=\"panel-widget-style panel-widget-style-for-40636-2-0-0\" ><div\n\t\t\t\n\t\t\tclass=\"so-widget-sow-image so-widget-sow-image-default-8b5b6f678277-40636\"\n\t\t\t\n\t\t>\n<div class=\"sow-image-container\">\n\t\t<img \n\tsrc=\"https:\/\/camfilapc.com\/wp-content\/uploads\/2017\/08\/farr-gold-gsp-angle-1.jpg\" width=\"500\" height=\"667\" srcset=\"https:\/\/camfilapc.com\/wp-content\/uploads\/2017\/08\/farr-gold-gsp-angle-1.jpg 500w, https:\/\/camfilapc.com\/wp-content\/uploads\/2017\/08\/farr-gold-gsp-angle-1-225x300.jpg 225w\" sizes=\"(max-width: 500px) 100vw, 500px\" title=\"farr-gold-gsp-angle\" alt=\"\" \t\tclass=\"so-widget-image\"\/>\n\t<\/div>\n\n<\/div><\/div><\/div><\/div><div id=\"pgc-40636-2-1\"  class=\"panel-grid-cell\" ><div class=\"panel-cell-style panel-cell-style-for-40636-2-1\" ><div id=\"panel-40636-2-1-0\" class=\"so-panel widget widget_sow-editor panel-first-child\" data-index=\"11\" ><div\n\t\t\t\n\t\t\tclass=\"so-widget-sow-editor so-widget-sow-editor-base\"\n\t\t\t\n\t\t>\n<div class=\"siteorigin-widget-tinymce textwidget\">\n\t<p class=\"app-rec-prod\">SISTEMA PARA CORTE POR PLASMA GOLD SERIES\u00ae PACKAGED (GSP)<\/p>\n<p>El Gold Series Packaged (GSP) es un sistema de colecci\u00f3n de polvo y humo tipo \u201cplug and play\u201d que es ideal para aplicaciones de corte por plasma donde el espacio es limitado. Las unidades est\u00e1n disponibles en tres tama\u00f1os (2, 4 o 6 filtros) y se env\u00edan completamente ensambladas y listas para enchufarse, cuentan con un dep\u00f3sito de polvo y \u201cdamper\u201d de entrada incorporados. Todas las conexiones el\u00e9ctricas internas, el control de limpieza, el control del ventilador y detectores de incendios est\u00e1n cableados de f\u00e1brica.<\/p>\n<div id=\"sVim-command\" style=\"bottom: 0px; display: none;\">-- NORMAL --<\/div>\n<\/div>\n<\/div><\/div><div id=\"panel-40636-2-1-1\" class=\"so-panel widget widget_ink-accordion panel-last-child\" data-index=\"12\" ><div\n\t\t\t\n\t\t\tclass=\"so-widget-ink-accordion so-widget-ink-accordion-accordion-1a6185fe657a-40636\"\n\t\t\t\n\t\t>\n<div class=\"iw-so-accordion-plain iw-so-accordion iw-so-acc-singleExpand\">\n\n\t\n\t\t<div class=\"iw-so-acc-item\"  id=\"toggle-2-1\">\n\n\t\t\t<a href=\"#\" class=\"iw-so-acc-title iw-text-left\">\n\t\t\t\tCaracteristicas\t\t\t\t<span class=\"iw-so-tgl-open\"><span class=\"sow-icon-fontawesome sow-fas\" data-sow-icon=\"&#x2b;\"\n\t\tstyle=\"font-size: 2em; color: right\" \n\t\taria-hidden=\"true\"><\/span><\/span>\n\t\t\t\t<span class=\"iw-so-tgl-close\"><span class=\"sow-icon-fontawesome sow-fas\" data-sow-icon=\"&#xf068;\"\n\t\tstyle=\"font-size: 2em; color: right\" \n\t\taria-hidden=\"true\"><\/span><\/span>\n\t\t\t<\/a>\n\n\t\t\t<div class=\"iw-so-acc-content\">\n\t\t\t\t<ul>\n<li>Disponible en tres tama\u00f1os (2, 4 o 6 filtros). Todo el acceso a los componentes (incluido el controlador, el suministro de aire comprimido, la puerta de acceso, el caj\u00f3n de descarga y el \u201cdamper\u201d de entrada integrado) se encuentra en la parte frontal del colector para facilitar su operaci\u00f3n y mantenimiento. '<\/li>\n<li>El \u201cdamper\u201d de entrada est\u00e1 integrado en el colector como una caracter\u00edstica est\u00e1ndar y est\u00e1 dimensionado para mantener el caudal de aire apropiado seg\u00fan el tama\u00f1o\/modelo.<\/li>\n<li>El sistema de descarga de polvo cuenta con un caj\u00f3n o gaveta de 20 galones con ruedas deslizantes y un dispositivo de cierre operado por leva.<\/li>\n<li>El tama\u00f1o compacto del colector con ventilador montado en la parte superior ahorra espacio. Las v\u00e1lvulas de diafragma accesibles para mantenimiento.<\/li>\n<li>El aspersor contra incendios en la c\u00e1mara de aire limpio proporciona una supresi\u00f3n de incendios m\u00e1s efectiva.<\/li>\n<li>El detector de humo env\u00eda una se\u00f1al al colector de polvo para que apague el ventilador si detecta humo en la c\u00e1mara de aire limpio.<\/li>\n<\/ul>\n\t\t\t<\/div>\n\n\t\t<\/div>\n\n\t\t\n\t\n<\/div>\n<\/div><\/div><\/div><\/div><div id=\"pgc-40636-2-2\"  class=\"panel-grid-cell\" ><div id=\"panel-40636-2-2-0\" class=\"so-panel widget widget_sow-cta panel-first-child panel-last-child\" data-index=\"13\" ><div id=\"app-cta-rfq\" class=\"panel-widget-style panel-widget-style-for-40636-2-2-0\" ><div\n\t\t\t\n\t\t\tclass=\"so-widget-sow-cta so-widget-sow-cta-default-c168002274eb-40636\"\n\t\t\t\n\t\t><div\n\tclass=\"sow-cta-base\"\n\t>\n\t\n\t<div class=\"sow-cta-wrapper\">\n\n\t\t<div class=\"sow-cta-text\">\n\t\t\t\t\t\t\t<h4 class=\"sow-cta-title\">\n\t\t\t\t\tPERMITENOS AYUDARTE A ENCONTRAR UNA SOLUCI\u00d3N\t\t\t\t<\/h4>\n\t\t\t\n\t\t\t\t\t<\/div>\n\n\t\t<div\n\t\t\t\n\t\t\tclass=\"so-widget-sow-button so-widget-sow-button-flat-389e85a0f210\"\n\t\t\t\n\t\t><div class=\"ow-button-base ow-button-align-center\"\n>\n\t\t\t<a href=\"https:\/\/camfilapc.com\/es\/plasma-cutting-request-a-quote-es\/\" class=\"sowb-button ow-icon-placement-left\">\n\t\t<span>\n\t\t\t\n\t\t\tSolicitar Presupuesto\t\t<\/span>\n\t\t\t<\/a>\n\t<\/div>\n<\/div>\n\t<\/div>\n\n\t<\/div>\n<\/div><\/div><\/div><\/div><\/div><\/div><div id=\"pg-40636-3\"  class=\"panel-grid panel-has-style\" ><div class=\"panel-row-style panel-row-style-for-40636-3\" ><div id=\"pgc-40636-3-0\"  class=\"panel-grid-cell panel-grid-cell-mobile-last\" ><div id=\"panel-40636-3-0-0\" class=\"so-panel widget widget_sow-post-carousel panel-first-child panel-last-child\" data-index=\"14\" ><div id=\"heading-sidebar\" class=\"panel-widget-style panel-widget-style-for-40636-3-0-0\" ><div\n\t\t\t\n\t\t\tclass=\"so-widget-sow-post-carousel so-widget-sow-post-carousel-base-ad93eedad001-40636\"\n\t\t\t\n\t\t><\/div><\/div><\/div><\/div><div id=\"pgc-40636-3-1\"  class=\"panel-grid-cell panel-grid-cell-empty\" ><\/div><\/div><\/div><\/div>","protected":false},"excerpt":{"rendered":"<p>El corte por plasma se usa para una variedad de metales, incluyendo acero inoxidable, aluminio y cobre. Las mesas de plasma generan metal fundido, humos y gases que pueden representar un peligro para los operadores de m\u00e1quinas. Se requiere una buena ventilaci\u00f3n para prevenir la inhalaci\u00f3n de part\u00edculas t\u00f3xicas en el aire, particularmente las part\u00edculas m\u00e1s peque\u00f1as que pueden asentarse...<\/p>\n","protected":false},"author":1,"featured_media":0,"parent":40565,"menu_order":0,"comment_status":"closed","ping_status":"closed","template":"","meta":{"_acf_changed":false,"footnotes":""},"class_list":["post-40636","page","type-page","status-publish","hentry"],"acf":[],"_links":{"self":[{"href":"https:\/\/camfilapc.com\/es\/wp-json\/wp\/v2\/pages\/40636","targetHints":{"allow":["GET"]}}],"collection":[{"href":"https:\/\/camfilapc.com\/es\/wp-json\/wp\/v2\/pages"}],"about":[{"href":"https:\/\/camfilapc.com\/es\/wp-json\/wp\/v2\/types\/page"}],"author":[{"embeddable":true,"href":"https:\/\/camfilapc.com\/es\/wp-json\/wp\/v2\/users\/1"}],"replies":[{"embeddable":true,"href":"https:\/\/camfilapc.com\/es\/wp-json\/wp\/v2\/comments?post=40636"}],"version-history":[{"count":0,"href":"https:\/\/camfilapc.com\/es\/wp-json\/wp\/v2\/pages\/40636\/revisions"}],"up":[{"embeddable":true,"href":"https:\/\/camfilapc.com\/es\/wp-json\/wp\/v2\/pages\/40565"}],"wp:attachment":[{"href":"https:\/\/camfilapc.com\/es\/wp-json\/wp\/v2\/media?parent=40636"}],"curies":[{"name":"wp","href":"https:\/\/api.w.org\/{rel}","templated":true}]}}