{"id":40635,"date":"2019-01-27T18:53:35","date_gmt":"2019-01-27T23:53:35","guid":{"rendered":"https:\/\/camfilapc.com\/?page_id=40635"},"modified":"2023-03-20T15:56:20","modified_gmt":"2023-03-20T19:56:20","slug":"chemical-processing","status":"publish","type":"page","link":"https:\/\/camfilapc.com\/es\/applications\/chemical-processing\/","title":{"rendered":"Procesamiento Qu\u00edmico"},"content":{"rendered":"<div id=\"pl-40635\"  class=\"panel-layout\" ><div id=\"pg-40635-0\"  class=\"panel-grid panel-no-style\" ><div id=\"pgc-40635-0-0\"  class=\"panel-grid-cell\" ><div id=\"panel-40635-0-0-0\" class=\"so-panel widget widget_sow-image panel-first-child\" data-index=\"0\" ><div class=\"panel-widget-style panel-widget-style-for-40635-0-0-0\" ><div\n\t\t\t\n\t\t\tclass=\"so-widget-sow-image so-widget-sow-image-default-8b5b6f678277-40635\"\n\t\t\t\n\t\t>\n<div class=\"sow-image-container\">\n\t\t<img \n\tsrc=\"https:\/\/camfilapc.com\/wp-content\/uploads\/2017\/11\/chemical-processing-header.jpg\" width=\"1440\" height=\"686\" srcset=\"https:\/\/camfilapc.com\/wp-content\/uploads\/2017\/11\/chemical-processing-header.jpg 1440w, https:\/\/camfilapc.com\/wp-content\/uploads\/2017\/11\/chemical-processing-header-300x143.jpg 300w, https:\/\/camfilapc.com\/wp-content\/uploads\/2017\/11\/chemical-processing-header-768x366.jpg 768w, https:\/\/camfilapc.com\/wp-content\/uploads\/2017\/11\/chemical-processing-header-1024x488.jpg 1024w\" sizes=\"(max-width: 1440px) 100vw, 1440px\" alt=\"\" \t\tclass=\"so-widget-image\"\/>\n\t<\/div>\n\n<\/div><\/div><\/div><div id=\"panel-40635-0-0-1\" class=\"so-panel widget widget_sow-headline\" data-index=\"1\" ><div id=\"application-name\" class=\"panel-widget-style panel-widget-style-for-40635-0-0-1\" ><div\n\t\t\t\n\t\t\tclass=\"so-widget-sow-headline so-widget-sow-headline-default-42661c0c9fbd-40635\"\n\t\t\t\n\t\t><div class=\"sow-headline-container \">\n\t\t\t\t\t\t\t<h2 class=\"sow-headline\">\n\t\t\t\t\t\tPELIGROS DE POLVO QUIMICO\t\t\t\t\t\t<\/h2>\n\t\t\t\t\t\t<\/div>\n<\/div><\/div><\/div><div id=\"panel-40635-0-0-2\" class=\"so-panel widget widget_sow-editor\" data-index=\"2\" ><div id=\"main-p-column\" class=\"panel-widget-style panel-widget-style-for-40635-0-0-2\" ><div\n\t\t\t\n\t\t\tclass=\"so-widget-sow-editor so-widget-sow-editor-base\"\n\t\t\t\n\t\t>\n<div class=\"siteorigin-widget-tinymce textwidget\">\n\t<p>Los fabricantes de productos qu\u00edmicos crean los adhesivos, espumas, pl\u00e1sticos y otras materias primas que se utilizan para hacer la mayor\u00eda de los productos consumibles. Muchos de estos procesos y mezclas crean polvos peligrosos. Cuando los operadores manipulan estos materiales o los transportan o descargan en el equipo de proceso, el polvo se dispersa por el aire y pone en peligro a los trabajadores.<\/p>\n<p>Los polvos qu\u00edmicos en el aire pueden ser peligrosos para los trabajadores, el medio ambiente y otro equipos de producci\u00f3n. Pueden ser tanto t\u00f3xicos como combustibles. Adem\u00e1s, los polvos en el aire pueden crear contaminaci\u00f3n cruzada, poniendo en riesgo a los usuarios finales de los productos y exponiendo a los fabricantes a responsabilidades.<\/p>\n<p><strong>Los colectores de polvo industriales contienen polvos qu\u00edmicos peligrosos<\/strong><\/p>\n<p>OSHA recomienda que las instalaciones mantengan la calidad del aire en el lugar de trabajo a trav\u00e9s de \"controles de ingenier\u00eda y pr\u00e1cticas de trabajo\" cuando sea posible. Los sistemas de colecci\u00f3n de polvo son la forma m\u00e1s rentable de mejorar la calidad del aire en una planta de fabricaci\u00f3n o procesamiento de productos qu\u00edmicos. Trabajan las 24 horas del d\u00eda, utilizando tecnolog\u00eda avanzada de filtraci\u00f3n para capturar y contener de manera segura el polvo y los contaminantes del aire.<\/p>\n<p>Los colectores de polvo de calidad superior de Camfil APC capturan de manera rentable muchos tipos de polvo qu\u00edmico, incluyendo polvos t\u00f3xicos, polvos combustibles y polvos simplemente molestos que dificultan y entorpecen los procesos. Se aseguran de que todos los empleados puedan trabajar de manera segura en instalaciones donde haya polvo qu\u00edmico. Los Colectores de Polvo de Camfil APC:<\/p>\n<ul>\n<li>Ahorran tiempo, dinero y energ\u00eda en la colecci\u00f3n de polvo.<\/li>\n<li>Proteger a las personas, las propiedades y el medio ambiente de los peligros del polvo.<\/li>\n<li>Previenen la contaminaci\u00f3n cruzada<\/li>\n<li>Satisfacen el cumplimiento de las normas de seguridad y medio ambiente como OSHA, NFPA, ATEX y EPA.<\/li>\n<\/ul>\n<\/div>\n<\/div><\/div><\/div><div id=\"panel-40635-0-0-3\" class=\"so-panel widget widget_ink-accordion panel-last-child\" data-index=\"3\" ><div\n\t\t\t\n\t\t\tclass=\"so-widget-ink-accordion so-widget-ink-accordion-accordion-953f4af21318-40635\"\n\t\t\t\n\t\t>\n<div class=\"iw-so-accordion-plain iw-so-accordion iw-so-acc-singleExpand\">\n\n\t\n\t\t<div class=\"iw-so-acc-item\"  id=\"toggle-1-1\">\n\n\t\t\t<a href=\"#\" class=\"iw-so-acc-title iw-text-left\">\n\t\t\t\tPolvos T\u00f3xicos: Regulaciones OSHA y EPA\t\t\t\t<span class=\"iw-so-tgl-open\"><span class=\"sow-icon-fontawesome sow-fas\" data-sow-icon=\"&#x2b;\"\n\t\tstyle=\"font-size: 2em; color: right\" \n\t\taria-hidden=\"true\"><\/span><\/span>\n\t\t\t\t<span class=\"iw-so-tgl-close\"><span class=\"sow-icon-fontawesome sow-fas\" data-sow-icon=\"&#xf068;\"\n\t\tstyle=\"font-size: 2em; color: right\" \n\t\taria-hidden=\"true\"><\/span><\/span>\n\t\t\t<\/a>\n\n\t\t\t<div class=\"iw-so-acc-content\">\n\t\t\t\t<p>Los polvos qu\u00edmicos son peligrosos en el lugar de trabajo cuando tienen altas concentraciones de elementos como la s\u00edlice cristalina que son t\u00f3xicos en el cuerpo a ciertas concentraciones.<\/p>\n<p>Algunos polvos simplemente reaccionan mal con la piel y los ojos. Otros polvos qu\u00edmicos son part\u00edculas finas que pueden penetrar profundamente en el cuerpo y da\u00f1ar los ri\u00f1ones, los pulmones, el cerebro, los intestinos y la pr\u00f3stata.<\/p>\n<p>Por estas razones, OSHA ahora regula los polvos t\u00f3xicos y el incumplimiento puede dar lugar a multas graves y otros problemas legales. Por ejemplo:<\/p>\n<ul>\n<li>La exposici\u00f3n de los trabajadores a elementos minerales como el polvo de s\u00edlice causa problemas respiratorios, desde bronquitis cr\u00f3nica hasta c\u00e1ncer de pulm\u00f3n.<\/li>\n<li>La exposici\u00f3n de los trabajadores a elementos met\u00e1licos, tales como cadmio, berilio, ars\u00e9nico, cromo y plomo, causa da\u00f1os neurol\u00f3gicos, gastrointestinales y reproductivos.<\/li>\n<\/ul>\n<p>OSHA ha establecido l\u00edmites de exposici\u00f3n permisibles (PEL) para sustancias qu\u00edmicas que ponen en peligro a los trabajadores. Aqu\u00ed hay algunos ejemplos de los PEL para varios polvos qu\u00edmicos:<\/p>\n<ul>\n<li>Cadmio: 5 \u00b5g \/ m3<\/li>\n<li>Oxido de zinc: 15 mg \/ m3<\/li>\n<li>Cromo: 5 \u00b5g \/ m3<\/li>\n<li>\u00d3xido de hierro: 15 mg \/ m3<\/li>\n<li>Cobalto: 1 mg \/ m3<\/li>\n<\/ul>\n<p>Todos los colectores de polvo Camfil APC atrapan el polvo t\u00f3xico de manera segura.<\/p>\n\t\t\t<\/div>\n\n\t\t<\/div>\n\n\t\t\n\t\n\t\t<div class=\"iw-so-acc-item\"  id=\"toggle-1-2\">\n\n\t\t\t<a href=\"#\" class=\"iw-so-acc-title iw-text-left\">\n\t\t\t\tPolvos Combustibles\t\t\t\t<span class=\"iw-so-tgl-open\"><span class=\"sow-icon-fontawesome sow-fas\" data-sow-icon=\"&#x2b;\"\n\t\tstyle=\"font-size: 2em; color: right\" \n\t\taria-hidden=\"true\"><\/span><\/span>\n\t\t\t\t<span class=\"iw-so-tgl-close\"><span class=\"sow-icon-fontawesome sow-fas\" data-sow-icon=\"&#xf068;\"\n\t\tstyle=\"font-size: 2em; color: right\" \n\t\taria-hidden=\"true\"><\/span><\/span>\n\t\t\t<\/a>\n\n\t\t\t<div class=\"iw-so-acc-content\">\n\t\t\t\t<p>Muchos polvos qu\u00edmicos tambi\u00e9n califican como polvos combustibles, incluyendo \u00e1cido asc\u00f3rbico, acetato de calcio, dextrina, lactosa y ascorbato de sodio. Estos polvos qu\u00edmicos pueden acumularse en las superficies, donde cualquier chispa o llama puede encenderlos y provocar un incendio o una explosi\u00f3n. Las fuentes de ignici\u00f3n comunes son los hornos o la llama de soldadura, pero incluso puede ser una cerilla encendida o un cigarrillo.<\/p>\n<p>Las explosiones de polvo combustible amenazan a los trabajadores y los bienes de capital como edificios y equipos. Una poderosa explosi\u00f3n de polvo puede da\u00f1ar o incluso matar a los trabajadores de la planta y destruir edificios y equipos.<\/p>\n<p>Los colectores de polvo minimizan la cantidad de polvo combustible que puede acumularse en los pisos y otras superficies, y contienen polvo qu\u00edmico en un \u00e1rea. Pero los colectores de polvo en s\u00ed pueden ser un peligro de incendio o explosi\u00f3n si est\u00e1n dise\u00f1ados incorrectamente o no est\u00e1n equipados con controles que eviten la deflagraci\u00f3n y contengan explosiones. Estos controles incluyen cartuchos ign\u00edfugos, conexiones de rociadores, salidas de aire para explosiones, sistemas de supresi\u00f3n y amortiguadores de caudal trasero.<\/p>\n<p>Todos los colectores de polvo Camfil APC atrapan el polvo combustible y est\u00e1n equipados con controles de deflagraci\u00f3n.<\/p>\n\t\t\t<\/div>\n\n\t\t<\/div>\n\n\t\t\n\t\n\t\t<div class=\"iw-so-acc-item\"  id=\"toggle-1-3\">\n\n\t\t\t<a href=\"#\" class=\"iw-so-acc-title iw-text-left\">\n\t\t\t\tPolvos de Contaminaci\u00f3n Cruzada\t\t\t\t<span class=\"iw-so-tgl-open\"><span class=\"sow-icon-fontawesome sow-fas\" data-sow-icon=\"&#x2b;\"\n\t\tstyle=\"font-size: 2em; color: right\" \n\t\taria-hidden=\"true\"><\/span><\/span>\n\t\t\t\t<span class=\"iw-so-tgl-close\"><span class=\"sow-icon-fontawesome sow-fas\" data-sow-icon=\"&#xf068;\"\n\t\tstyle=\"font-size: 2em; color: right\" \n\t\taria-hidden=\"true\"><\/span><\/span>\n\t\t\t<\/a>\n\n\t\t\t<div class=\"iw-so-acc-content\">\n\t\t\t\t<p>El polvo t\u00f3xico tambi\u00e9n puede contaminar otros materiales qu\u00edmicos en la planta, lo que puede reducir la calidad y seguridad del producto. Por esta raz\u00f3n, es preferible capturar humos qu\u00edmicos o polvo en su fuente para evitar que el polvo se expanda por toda la planta. Esto se logra mediante la incorporaci\u00f3n de una cubierta o un brazo de extracci\u00f3n en la maquinaria del proceso qu\u00edmico. La captura de la fuente es extremadamente efectiva y requiere la menor inversi\u00f3n de energ\u00eda y capital.<\/p>\n<p>Sin embargo, se captura, el polvo y los humos deben aislarse del resto de la instalaci\u00f3n y estar contenidos en un \u00e1rea espec\u00edfica. Por ejemplo, un \u00e1rea en porciones se puede mantener bajo presi\u00f3n negativa. El aire extra\u00eddo se extrae directamente a un colector local o se canaliza a un colector de polvo o niebla ubicado a distancia. En algunos casos, el aire filtrado se puede devolver a la instalaci\u00f3n de manera segura para crear un patr\u00f3n de caudal de aire push-pull para mejorar el control de contaminantes.<\/p>\n<p>Una instalaci\u00f3n de fabricaci\u00f3n de productos qu\u00edmicos tambi\u00e9n puede requerir opciones o accesorios especiales para mejorar la seguridad y confiabilidad del sistema. Los filtros con sistema de protecci\u00f3n tipo BIBO y las opciones para descargar el polvo recolectado se pueden usar para limitar la exposici\u00f3n a contaminantes y la contaminaci\u00f3n cruzada al realizar el mantenimiento del filtro y la eliminaci\u00f3n de polvo colectado. Las funciones adicionales, como puertas de limpieza e inspecci\u00f3n en ductos y equipos, construcci\u00f3n de acero inoxidable, filtros de seguridad (HEPA) y pintura que cumple con la FDA, tambi\u00e9n se utilizan com\u00fanmente en la unidad de filtraci\u00f3n seg\u00fan las propiedades de los contaminantes.<\/p>\n<p>Todos los colectores de polvo Camfil APC evitan de manera segura la contaminacion cruzada.<\/p>\n\t\t\t<\/div>\n\n\t\t<\/div>\n\n\t\t\n\t\n\t\t<div class=\"iw-so-acc-item\"  id=\"toggle-1-4\">\n\n\t\t\t<a href=\"#\" class=\"iw-so-acc-title iw-text-left\">\n\t\t\t\tPolvos Molestos\t\t\t\t<span class=\"iw-so-tgl-open\"><span class=\"sow-icon-fontawesome sow-fas\" data-sow-icon=\"&#x2b;\"\n\t\tstyle=\"font-size: 2em; color: right\" \n\t\taria-hidden=\"true\"><\/span><\/span>\n\t\t\t\t<span class=\"iw-so-tgl-close\"><span class=\"sow-icon-fontawesome sow-fas\" data-sow-icon=\"&#xf068;\"\n\t\tstyle=\"font-size: 2em; color: right\" \n\t\taria-hidden=\"true\"><\/span><\/span>\n\t\t\t<\/a>\n\n\t\t\t<div class=\"iw-so-acc-content\">\n\t\t\t\t<p>El polvo en el aire tambi\u00e9n puede ser un problema importante de limpieza, ya que eventualmente se asienta en pisos y superficies. Una instalaci\u00f3n de aspecto sucio puede da\u00f1ar su marca y causar una impresi\u00f3n negativa en los clientes, empleados potenciales y otros visitantes. El polvo no solo es una molestia para mantener los pisos y voladizos, sino que tambi\u00e9n puede acumularse en los equipos y los componentes electr\u00f3nicos, lo que hace que funcionen mal o que fallen.<\/p>\n<p>Todos los colectores de polvo Camfil APC controlan a los polvos molestos<\/p>\n\t\t\t<\/div>\n\n\t\t<\/div>\n\n\t\t\n\t\n\t\t<div class=\"iw-so-acc-item\"  id=\"toggle-1-5\">\n\n\t\t\t<a href=\"#\" class=\"iw-so-acc-title iw-text-left\">\n\t\t\t\tConozca Sus Opciones De Contenci\u00f3n De Polvo\t\t\t\t<span class=\"iw-so-tgl-open\"><span class=\"sow-icon-fontawesome sow-fas\" data-sow-icon=\"&#x2b;\"\n\t\tstyle=\"font-size: 2em; color: right\" \n\t\taria-hidden=\"true\"><\/span><\/span>\n\t\t\t\t<span class=\"iw-so-tgl-close\"><span class=\"sow-icon-fontawesome sow-fas\" data-sow-icon=\"&#xf068;\"\n\t\tstyle=\"font-size: 2em; color: right\" \n\t\taria-hidden=\"true\"><\/span><\/span>\n\t\t\t<\/a>\n\n\t\t\t<div class=\"iw-so-acc-content\">\n\t\t\t\t<p>La selecci\u00f3n del equipo adecuado puede ser una tarea dif\u00edcil, pero los expertos en colecci\u00f3n de polvo de Camfil APC pueden ayudarlo, especialmente durante la fase cr\u00edtica de dise\u00f1o.<\/p>\n<p>Ayudamos a evaluar su sistema, aplicaciones y espacio f\u00edsico. Luego, determinamos las mejores soluciones para cumplir con sus objetivos de producci\u00f3n a la vez que mantenemos seguros a sus trabajadores y su operaci\u00f3n en cumplimiento.<\/p>\n<p>El primer paso es identificar la composici\u00f3n qu\u00edmica espec\u00edfica de sus contaminantes en el aire. Nuestros servicios gratuitos de pruebas de laboratorio identifican propiedades como la densidad, el tama\u00f1o de las part\u00edculas y el contenido de humedad, lo que lo ayuda a tomar decisiones m\u00e1s informadas sobre el equipo, los filtro y accesorios.<\/p>\n<p>A continuaci\u00f3n, examinamos las fuentes de polvo en sus instalaciones, la cantidad de polvo generado, los tiempos de ejecuci\u00f3n y la sensibilidad de su operaci\u00f3n al tiempo de inactividad de la producci\u00f3n. Tambi\u00e9n examinamos sus limitaciones de espacio y las opciones para la colocaci\u00f3n del colector de polvo.<\/p>\n<p>Trabajamos con usted para responder preguntas como:<\/p>\n<ul>\n<li>\u00bfQu\u00e9 tipo de filtro es mejor?<\/li>\n<li>\u00bfEs mejor un colector de servicio intermitente, de servicio continuo o de servicio variable?<\/li>\n<li>\u00bfSe requieren accesorios de protecci\u00f3n contra explosiones?<\/li>\n<li>\u00bfQu\u00e9 estilo y configuraci\u00f3n son los mas adecuados?<\/li>\n<li>\u00bfEl colector de polvo utilizar\u00e1 aire comprimido?<\/li>\n<\/ul>\n\t\t\t<\/div>\n\n\t\t<\/div>\n\n\t\t\n\t\n\t\t<div class=\"iw-so-acc-item\"  id=\"toggle-1-6\">\n\n\t\t\t<a href=\"#\" class=\"iw-so-acc-title iw-text-left\">\n\t\t\t\tCostos de los colectores de polvo\t\t\t\t<span class=\"iw-so-tgl-open\"><span class=\"sow-icon-fontawesome sow-fas\" data-sow-icon=\"&#x2b;\"\n\t\tstyle=\"font-size: 2em; color: right\" \n\t\taria-hidden=\"true\"><\/span><\/span>\n\t\t\t\t<span class=\"iw-so-tgl-close\"><span class=\"sow-icon-fontawesome sow-fas\" data-sow-icon=\"&#xf068;\"\n\t\tstyle=\"font-size: 2em; color: right\" \n\t\taria-hidden=\"true\"><\/span><\/span>\n\t\t\t<\/a>\n\n\t\t\t<div class=\"iw-so-acc-content\">\n\t\t\t\t<p>El verdadero costo de un colector de polvo va m\u00e1s all\u00e1 de su inversi\u00f3n en equipos de capital de los componentes del sistema y los conductos. Le ayudamos a seleccionar los mejores sistemas de colecci\u00f3n de polvo para su aplicaci\u00f3n, con la energ\u00eda y los gastos operativos m\u00e1s bajos.<\/p>\n<p>Esto significa calcular el costo total de su sistema de colecci\u00f3n de polvo, teniendo en cuenta los costos de energ\u00eda, los filtros de reemplazo y el tiempo de inactividad para el mantenimiento. Tenemos una plataforma dedicada a las pruebas ANSI \/ ASHRAE Standard 199 para ofrecerle datos de comparaci\u00f3n reales, manzanas con manzanas en nuestros colectores de polvo. Los datos como las emisiones, la ca\u00edda de presi\u00f3n, el uso de aire comprimido, el consumo de energ\u00eda y las lecturas de emisiones le muestran los costos reales para operar el colector a lo largo del tiempo y hacer comparaciones precisas del sistema.<\/p>\n\t\t\t<\/div>\n\n\t\t<\/div>\n\n\t\t\n\t\n<\/div>\n<\/div><\/div><\/div><div id=\"pgc-40635-0-1\"  class=\"panel-grid-cell\" ><div id=\"panel-40635-0-1-0\" class=\"so-panel widget widget_sow-editor panel-first-child\" data-index=\"4\" ><div id=\"sidebar-app-cta\" class=\"panel-widget-style panel-widget-style-for-40635-0-1-0\" ><div\n\t\t\t\n\t\t\tclass=\"so-widget-sow-editor so-widget-sow-editor-base\"\n\t\t\t\n\t\t>\n<div class=\"siteorigin-widget-tinymce textwidget\">\n\t<h2 class=\"sidebar-cta-headline\">Descargue el Reporte Hoy<\/h2>\n<p><a href=\"http:\/\/offers.camfilapc.com\/mitigating-dust-collector-combustible-dust-hazards\"><img loading=\"lazy\" decoding=\"async\" class=\"sidebar-cta-img alignnone\" src=\"https:\/\/camfilapc.com\/wp-content\/uploads\/2018\/03\/mitigating-dust-collector-wp.jpg\" alt=\"\" width=\"219\" height=\"278\" \/><\/a><\/p>\n<p>&nbsp;<\/p>\n<p>Los sistemas de colecci\u00f3n de polvo tienen un alto riesgo de explosiones, por lo que son abordados por el Programa Nacional de \u00c9nfasis de OSHA para el polvo combustible. \u00bfC\u00f3mo sabes si tu sistema de colecci\u00f3n de polvo cumple?<\/p>\n<p>Aprenda esto y m\u00e1s en el Reporte GRATIS<\/p>\n<\/div>\n<\/div><\/div><\/div><div id=\"panel-40635-0-1-1\" class=\"so-panel widget widget_sow-button\" data-index=\"5\" ><div id=\"sidebar-app-cta-button\" class=\"panel-widget-style panel-widget-style-for-40635-0-1-1\" ><div\n\t\t\t\n\t\t\tclass=\"so-widget-sow-button so-widget-sow-button-flat-c4c0f74e30d7-40635\"\n\t\t\t\n\t\t><div class=\"ow-button-base ow-button-align-center\"\n>\n\t\t\t<a\n\t\t\t\t\thref=\"http:\/\/offers.camfilapc.com\/mitigating-dust-collector-combustible-dust-hazards\"\n\t\t\t\t\tclass=\"sowb-button ow-icon-placement-left ow-button-hover\" \t>\n\t\t<span>\n\t\t\t\n\t\t\tDescargar Ahora \t\t<\/span>\n\t\t\t<\/a>\n\t<\/div>\n<\/div><\/div><\/div><div id=\"panel-40635-0-1-2\" class=\"so-panel widget widget_sow-editor\" data-index=\"6\" ><div id=\"heading-sidebar\" class=\"panel-widget-style panel-widget-style-for-40635-0-1-2\" ><div\n\t\t\t\n\t\t\tclass=\"so-widget-sow-editor so-widget-sow-editor-base\"\n\t\t\t\n\t\t>\n<div class=\"siteorigin-widget-tinymce textwidget\">\n\t<h3>Recursos y Literatura:<\/h3>\n<div class='w3eden'><div id=\"single-download\">\n<div class=\"single-download-image-section\">\n<a href=\"https:\/\/camfilapc.com\/download\/chemical-processing-focus-sheet\/?wpdmdl=15954&refresh=69d28808a426d1775405064\" class=\"single-download-image\"><img loading=\"lazy\" decoding=\"async\" width=\"193\" height=\"250\" src=\"https:\/\/camfilapc.com\/wp-content\/uploads\/2017\/11\/chemical-processing-focus-sheet.jpg\" class=\"attachment-full size-full wp-post-image\" alt=\"\" \/><\/a>\n<\/div>\n<div class=\"single-download-button-section\">\n<span><a class='wpdm-download-link download-on-click btn btn-primary '  rel='nofollow' href='#' data-downloadurl=\"https:\/\/camfilapc.com\/download\/chemical-processing-focus-sheet\/?wpdmdl=15954&refresh=69d28808a426d1775405064\">DESCARGA<\/a><\/span>\n<\/div>\n<\/div><\/div>\n<\/div>\n<\/div><\/div><\/div><div id=\"panel-40635-0-1-3\" class=\"so-panel widget widget_sow-post-carousel panel-last-child\" data-index=\"7\" ><div id=\"heading-sidebar\" class=\"panel-widget-style panel-widget-style-for-40635-0-1-3\" ><div\n\t\t\t\n\t\t\tclass=\"so-widget-sow-post-carousel so-widget-sow-post-carousel-base-ad93eedad001-40635\"\n\t\t\t\n\t\t><\/div><\/div><\/div><\/div><\/div><div id=\"pg-40635-1\"  class=\"panel-grid panel-has-style\" ><div class=\"panel-row-style panel-row-style-for-40635-1\" ><div id=\"pgc-40635-1-0\"  class=\"panel-grid-cell\" ><div id=\"panel-40635-1-0-0\" class=\"so-panel widget widget_sow-image panel-first-child panel-last-child\" data-index=\"8\" ><div id=\"app-content-product-img\" class=\"panel-widget-style panel-widget-style-for-40635-1-0-0\" ><div\n\t\t\t\n\t\t\tclass=\"so-widget-sow-image so-widget-sow-image-default-8b5b6f678277-40635\"\n\t\t\t\n\t\t>\n<div class=\"sow-image-container\">\n\t\t<img \n\tsrc=\"https:\/\/camfilapc.com\/wp-content\/uploads\/2018\/10\/gold-series-xflo-sm.jpg\" width=\"228\" height=\"411\" srcset=\"https:\/\/camfilapc.com\/wp-content\/uploads\/2018\/10\/gold-series-xflo-sm.jpg 228w, https:\/\/camfilapc.com\/wp-content\/uploads\/2018\/10\/gold-series-xflo-sm-166x300.jpg 166w\" sizes=\"(max-width: 228px) 100vw, 228px\" alt=\"Gold Series X Flo\" \t\tclass=\"so-widget-image\"\/>\n\t<\/div>\n\n<\/div><\/div><\/div><\/div><div id=\"pgc-40635-1-1\"  class=\"panel-grid-cell\" ><div class=\"panel-cell-style panel-cell-style-for-40635-1-1\" ><div id=\"panel-40635-1-1-0\" class=\"so-panel widget widget_sow-editor panel-first-child\" data-index=\"9\" ><div\n\t\t\t\n\t\t\tclass=\"so-widget-sow-editor so-widget-sow-editor-base\"\n\t\t\t\n\t\t>\n<div class=\"siteorigin-widget-tinymce textwidget\">\n\t<p class=\"app-rec-prod\">COLECTOR INDUSTRIAL DE POLVO GOLD SERIES<\/p>\n<p>El colector de polvo Gold Series se desempe\u00f1a bien en aplicaciones donde los materiales secos se mezclan, transportan y procesan por lotes. El Gold Series ofrece un alto rendimiento, un dise\u00f1o modular, facilidad de mantenimiento y una serie de opciones de seguridad tipo BIBO. Construido de acero al carbono de alta resistencia para satisfacer las demandas de su aplicaci\u00f3n, el Gold Series tiene una resistencia y una vida sin igual en comparaci\u00f3n con la competencia. Junto con la tecnolog\u00eda de cartuchos verticales Gold Cone \u2122, el Gold Series ofrece una limpieza superior de los filtros en condiciones de alta carga de polvo, a la vez que ocupa menor espacio f\u00edsico que cualquier otro colector de polvo disponible en el mercado.<\/p>\n<\/div>\n<\/div><\/div><div id=\"panel-40635-1-1-1\" class=\"so-panel widget widget_ink-accordion panel-last-child\" data-index=\"10\" ><div\n\t\t\t\n\t\t\tclass=\"so-widget-ink-accordion so-widget-ink-accordion-accordion-b84206eb180a-40635\"\n\t\t\t\n\t\t>\n<div class=\"iw-so-accordion-plain iw-so-accordion iw-so-acc-singleExpand\">\n\n\t\n\t\t<div class=\"iw-so-acc-item\"  id=\"toggle-2-1\">\n\n\t\t\t<a href=\"#\" class=\"iw-so-acc-title iw-text-left\">\n\t\t\t\tCaracter\u00edsticas\t\t\t\t<span class=\"iw-so-tgl-open\"><span class=\"sow-icon-fontawesome sow-fas\" data-sow-icon=\"&#x2b;\"\n\t\tstyle=\"font-size: 2em; color: right\" \n\t\taria-hidden=\"true\"><\/span><\/span>\n\t\t\t\t<span class=\"iw-so-tgl-close\"><span class=\"sow-icon-fontawesome sow-fas\" data-sow-icon=\"&#xf068;\"\n\t\tstyle=\"font-size: 2em; color: right\" \n\t\taria-hidden=\"true\"><\/span><\/span>\n\t\t\t<\/a>\n\n\t\t\t<div class=\"iw-so-acc-content\">\n\t\t\t\t<ul>\n<li>Los filtros de alta eficiencia capturan el 99.99% del polvo sobre los 0.5\u00b5m.<\/li>\n<li>Tecnolog\u00eda de cartucho vertical Gold Cone \u2122 que proporciona un 25% m\u00e1s de \u00e1rea filtrante y larga vida \u00fatil.<\/li>\n<li>Sistema de limpieza autom\u00e1tica del filtro basado en lecturas de presi\u00f3n diferencial.<\/li>\n<li>Puertas de gran espesor y apertura r\u00e1pida para un f\u00e1cil acceso al sistema de cambio de filtros.<\/li>\n<li>El ingreso de aire con dise\u00f1o de flujo cruzado elimina las velocidades de lata o velocidades ascendentes que normalmente mantienen el polvo fino en suspensi\u00f3n, lo que reduce que las part\u00edculas finas se mantengan en los filtros y puedan caer hacia la tolva para ser recolectadas.<\/li>\n<li>La configuraci\u00f3n de entrada resistente a la abrasi\u00f3n prefiltra la mayor\u00eda del polvo y lo env\u00eda hacia la tolva antes de que llegue a los cartuchos.<\/li>\n<li>Filtros con tratamiento superficial que repelen las part\u00edculas finas, lo que resulta en una menor ca\u00edda de presi\u00f3n y una mayor vida \u00fatil del filtro.<\/li>\n<\/ul>\n\t\t\t<\/div>\n\n\t\t<\/div>\n\n\t\t\n\t\n<\/div>\n<\/div><\/div><\/div><\/div><div id=\"pgc-40635-1-2\"  class=\"panel-grid-cell\" ><div id=\"panel-40635-1-2-0\" class=\"so-panel widget widget_sow-cta panel-first-child panel-last-child\" data-index=\"11\" ><div id=\"app-cta-rfq\" class=\"panel-widget-style panel-widget-style-for-40635-1-2-0\" ><div\n\t\t\t\n\t\t\tclass=\"so-widget-sow-cta so-widget-sow-cta-default-c168002274eb-40635\"\n\t\t\t\n\t\t><div\n\tclass=\"sow-cta-base\"\n\t>\n\t\n\t<div class=\"sow-cta-wrapper\">\n\n\t\t<div class=\"sow-cta-text\">\n\t\t\t\t\t\t\t<h4 class=\"sow-cta-title\">\n\t\t\t\t\tPERMITENOS AYUDARTE A ENCONTRAR UNA SOLUCI\u00d3N\t\t\t\t<\/h4>\n\t\t\t\n\t\t\t\t\t<\/div>\n\n\t\t<div\n\t\t\t\n\t\t\tclass=\"so-widget-sow-button so-widget-sow-button-flat-389e85a0f210\"\n\t\t\t\n\t\t><div class=\"ow-button-base ow-button-align-center\"\n>\n\t\t\t<a\n\t\t\t\t\thref=\"https:\/\/camfilapc.com\/es\/chemical-processing-request-a-quote-es\/\"\n\t\t\t\t\tclass=\"sowb-button ow-icon-placement-left\" \t>\n\t\t<span>\n\t\t\t\n\t\t\tSolicitar Presupuesto\t\t<\/span>\n\t\t\t<\/a>\n\t<\/div>\n<\/div>\n\t<\/div>\n\n\t<\/div>\n<\/div><\/div><\/div><\/div><\/div><\/div><\/div>","protected":false},"excerpt":{"rendered":"<p>Los fabricantes de productos qu\u00edmicos crean los adhesivos, espumas, pl\u00e1sticos y otras materias primas que se utilizan para hacer la mayor\u00eda de los productos consumibles. Muchos de estos procesos y mezclas crean polvos peligrosos. Cuando los operadores manipulan estos materiales o los transportan o descargan en el equipo de proceso, el polvo se dispersa por el aire y pone en...<\/p>\n","protected":false},"author":1,"featured_media":0,"parent":40565,"menu_order":0,"comment_status":"closed","ping_status":"closed","template":"","meta":{"_acf_changed":false,"footnotes":""},"class_list":["post-40635","page","type-page","status-publish","hentry"],"acf":[],"_links":{"self":[{"href":"https:\/\/camfilapc.com\/es\/wp-json\/wp\/v2\/pages\/40635","targetHints":{"allow":["GET"]}}],"collection":[{"href":"https:\/\/camfilapc.com\/es\/wp-json\/wp\/v2\/pages"}],"about":[{"href":"https:\/\/camfilapc.com\/es\/wp-json\/wp\/v2\/types\/page"}],"author":[{"embeddable":true,"href":"https:\/\/camfilapc.com\/es\/wp-json\/wp\/v2\/users\/1"}],"replies":[{"embeddable":true,"href":"https:\/\/camfilapc.com\/es\/wp-json\/wp\/v2\/comments?post=40635"}],"version-history":[{"count":0,"href":"https:\/\/camfilapc.com\/es\/wp-json\/wp\/v2\/pages\/40635\/revisions"}],"up":[{"embeddable":true,"href":"https:\/\/camfilapc.com\/es\/wp-json\/wp\/v2\/pages\/40565"}],"wp:attachment":[{"href":"https:\/\/camfilapc.com\/es\/wp-json\/wp\/v2\/media?parent=40635"}],"curies":[{"name":"wp","href":"https:\/\/api.w.org\/{rel}","templated":true}]}}