{"id":40634,"date":"2019-01-27T16:49:06","date_gmt":"2019-01-27T21:49:06","guid":{"rendered":"https:\/\/camfilapc.com\/?page_id=40634"},"modified":"2023-03-20T16:06:08","modified_gmt":"2023-03-20T20:06:08","slug":"food-beverage","status":"publish","type":"page","link":"https:\/\/camfilapc.com\/es\/applications\/food-beverage\/","title":{"rendered":"Alimentos Y Bebidas"},"content":{"rendered":"<div id=\"pl-40634\"  class=\"panel-layout\" ><div id=\"pg-40634-0\"  class=\"panel-grid panel-no-style\" ><div id=\"pgc-40634-0-0\"  class=\"panel-grid-cell\" ><div id=\"panel-40634-0-0-0\" class=\"so-panel widget widget_sow-image panel-first-child\" data-index=\"0\" ><div class=\"panel-widget-style panel-widget-style-for-40634-0-0-0\" ><div\n\t\t\t\n\t\t\tclass=\"so-widget-sow-image so-widget-sow-image-default-8b5b6f678277-40634\"\n\t\t\t\n\t\t>\n<div class=\"sow-image-container\">\n\t\t<img \n\tsrc=\"https:\/\/camfilapc.com\/wp-content\/uploads\/2017\/08\/spice_cover_web.jpg\" width=\"1400\" height=\"734\" srcset=\"https:\/\/camfilapc.com\/wp-content\/uploads\/2017\/08\/spice_cover_web.jpg 1400w, https:\/\/camfilapc.com\/wp-content\/uploads\/2017\/08\/spice_cover_web-300x157.jpg 300w, https:\/\/camfilapc.com\/wp-content\/uploads\/2017\/08\/spice_cover_web-768x403.jpg 768w, https:\/\/camfilapc.com\/wp-content\/uploads\/2017\/08\/spice_cover_web-1024x537.jpg 1024w\" sizes=\"(max-width: 1400px) 100vw, 1400px\" alt=\"\" \t\tclass=\"so-widget-image\"\/>\n\t<\/div>\n\n<\/div><\/div><\/div><div id=\"panel-40634-0-0-1\" class=\"so-panel widget widget_sow-headline\" data-index=\"1\" ><div id=\"application-name\" class=\"panel-widget-style panel-widget-style-for-40634-0-0-1\" ><div\n\t\t\t\n\t\t\tclass=\"so-widget-sow-headline so-widget-sow-headline-default-42661c0c9fbd-40634\"\n\t\t\t\n\t\t><div class=\"sow-headline-container \">\n\t\t\t\t\t\t\t<h2 class=\"sow-headline\">\n\t\t\t\t\t\tCOLECTORES DE POLVO PARA LAS INDUSTRIAS DE ALIMENTOS Y BEBIDAS\t\t\t\t\t\t<\/h2>\n\t\t\t\t\t\t<\/div>\n<\/div><\/div><\/div><div id=\"panel-40634-0-0-2\" class=\"so-panel widget widget_sow-editor\" data-index=\"2\" ><div id=\"main-p-column\" class=\"panel-widget-style panel-widget-style-for-40634-0-0-2\" ><div\n\t\t\t\n\t\t\tclass=\"so-widget-sow-editor so-widget-sow-editor-base\"\n\t\t\t\n\t\t>\n<div class=\"siteorigin-widget-tinymce textwidget\">\n\t<p>Las compa\u00f1\u00edas en la industria de procesamiento de alimentos toman productos agr\u00edcolas crudos (como granos) y los convierten en los productos alimenticios que comemos todos los d\u00edas (como el pan, los cereales y la leche en polvo). Las aplicaciones de colecci\u00f3n de polvo pueden incluir ingredientes alimenticios secos, desde granos gruesos hasta especias y aditivos finos. Para az\u00facares, suero de leche y otros polvos pegajosos, ajustamos el colector de polvo industrial Gold Series con cartuchos Dura-Pleat\u00ae, que tienen una alta eficiencia de liberaci\u00f3n. La serie Gold es perfecta para la filtraci\u00f3n de alta eficiencia donde no se requiere la recuperaci\u00f3n del producto. Tambi\u00e9n suministramos soluciones a medida y llave en mano para todo tipo de l\u00edneas de enlatado.<\/p>\n<h4>Polvos comunes y preocupaciones:<\/h4>\n<ul class=\"two-row-ul\">\n<li>Cereales<\/li>\n<li>Especias<\/li>\n<li>Alimentos y productos agr\u00edcolas<\/li>\n<li>C\u00e1scara de huevo y polvo<\/li>\n<li>Polvo de azucar<\/li>\n<li>Alergenos<\/li>\n<li>Harinas<\/li>\n<li>Almidones<\/li>\n<li>Colorantes en polvo<\/li>\n<li>Saborizantes en polvo<\/li>\n<li>Chocolate en polvo<\/li>\n<li>Polvos higrosc\u00f3picos<\/li>\n<\/ul>\n<\/div>\n<\/div><\/div><\/div><div id=\"panel-40634-0-0-3\" class=\"so-panel widget widget_ink-accordion panel-last-child\" data-index=\"3\" ><div\n\t\t\t\n\t\t\tclass=\"so-widget-ink-accordion so-widget-ink-accordion-accordion-953f4af21318-40634\"\n\t\t\t\n\t\t>\n<div class=\"iw-so-accordion-plain iw-so-accordion iw-so-acc-singleExpand\">\n\n\t\n\t\t<div class=\"iw-so-acc-item\"  id=\"toggle-1-1\">\n\n\t\t\t<a href=\"#\" class=\"iw-so-acc-title iw-text-left\">\n\t\t\t\tConsideraciones de seguridad \t\t\t\t<span class=\"iw-so-tgl-open\"><span class=\"sow-icon-fontawesome sow-fas\" data-sow-icon=\"&#x2b;\"\n\t\tstyle=\"font-size: 2em; color: right\" \n\t\taria-hidden=\"true\"><\/span><\/span>\n\t\t\t\t<span class=\"iw-so-tgl-close\"><span class=\"sow-icon-fontawesome sow-fas\" data-sow-icon=\"&#xf068;\"\n\t\tstyle=\"font-size: 2em; color: right\" \n\t\taria-hidden=\"true\"><\/span><\/span>\n\t\t\t<\/a>\n\n\t\t\t<div class=\"iw-so-acc-content\">\n\t\t\t\t<p>Una instalaci\u00f3n de procesamiento de alimentos\u00a0limpia es vital para la seguridad de los trabajadores y visitantes. Los resbalones y las ca\u00eddas son una preocupaci\u00f3n constante para cualquiera que maneje un negocio de procesamiento de alimentos. Controlando el polvo se evita que los pisos se vuelvan resbaladizos. Algunos ingredientes de los alimentos son al\u00e9rgenos, otra gran preocupaci\u00f3n para algunos de sus empleados. Las part\u00edculas alerg\u00e9nicas en el aire podr\u00edan causar enfermedades graves e incluso la muerte si se ingieren continuamente o en niveles altos<\/p>\n\t\t\t<\/div>\n\n\t\t<\/div>\n\n\t\t\n\t\n\t\t<div class=\"iw-so-acc-item\"  id=\"toggle-1-2\">\n\n\t\t\t<a href=\"#\" class=\"iw-so-acc-title iw-text-left\">\n\t\t\t\tPolvos Combustibles\t\t\t\t<span class=\"iw-so-tgl-open\"><span class=\"sow-icon-fontawesome sow-fas\" data-sow-icon=\"&#x2b;\"\n\t\tstyle=\"font-size: 2em; color: right\" \n\t\taria-hidden=\"true\"><\/span><\/span>\n\t\t\t\t<span class=\"iw-so-tgl-close\"><span class=\"sow-icon-fontawesome sow-fas\" data-sow-icon=\"&#xf068;\"\n\t\tstyle=\"font-size: 2em; color: right\" \n\t\taria-hidden=\"true\"><\/span><\/span>\n\t\t\t<\/a>\n\n\t\t\t<div class=\"iw-so-acc-content\">\n\t\t\t\t<p>Las harinas, el polvo de az\u00facar, la leche en polvo, el polvo de mani (cacahuate), los polvos para refrescos, la maicena y otros almidones pueden ser explosivos.<\/p>\n<p>Los colectores de polvo minimizan la cantidad de polvo combustible que puede acumularse en los pisos y otras superficies, y restringen el polvo a un \u00e1rea. Pero los recolectores de polvo en s\u00ed pueden ser un peligro de incendio o explosi\u00f3n si est\u00e1n dise\u00f1ados incorrectamente o no est\u00e1n equipados con controles que eviten la deflagraci\u00f3n y contengan explosiones. Estos controles incluyen cartuchos ign\u00edfugos, aspersores contra incendio, ventilas de explosiones, sistemas de supresi\u00f3n y v\u00e1lvulas antirretorno (v\u00e1lvulas de seguridad).<\/p>\n<p>Todos los colectores de polvo Camfil APC son capaces de trabajar con polvo combustible y est\u00e1n equipados con controles anti explosi\u00f3n.<\/p>\n<p>Los peligros de las explosiones de polvo combustible en la industria alimenticia se conocen desde hace muchos a\u00f1os. Aqu\u00ed hay algunos art\u00edculos de la industria sobre peligros de polvo combustible:<\/p>\n<ul>\n<li>Art\u00edculo del sitio web Food Engenieering:\u00a0<a href=\"http:\/\/www.foodengineeringmag.com\/Articles\/Manufacturing_News\/BNP_GUID_9-5-2006_A_10000000000000349377\" target=\"_blank\" rel=\"noopener\">New Regs for Combustible Dust Explosions.<\/a><\/li>\n<li>Articulo en el sitio web Reliable Plant:\u00a0<a href=\"http:\/\/www.reliableplant.com\/Read\/13590\/hazard-of-combustible-dust\" target=\"_blank\" rel=\"noopener\">The Hazard of Combustible Dust<\/a><\/li>\n<\/ul>\n\t\t\t<\/div>\n\n\t\t<\/div>\n\n\t\t\n\t\n<\/div>\n<\/div><\/div><\/div><div id=\"pgc-40634-0-1\"  class=\"panel-grid-cell\" ><div id=\"panel-40634-0-1-0\" class=\"so-panel widget widget_sow-editor panel-first-child\" data-index=\"4\" ><div id=\"sidebar-app-cta\" class=\"panel-widget-style panel-widget-style-for-40634-0-1-0\" ><div\n\t\t\t\n\t\t\tclass=\"so-widget-sow-editor so-widget-sow-editor-base\"\n\t\t\t\n\t\t>\n<div class=\"siteorigin-widget-tinymce textwidget\">\n\t<h2 class=\"sidebar-cta-headline\">Descargue hoy el Reporte<\/h2>\n<p><a href=\"http:\/\/offers.camfilapc.com\/does-your-food-processing-collector-comply-with-combustible-dust-standards\"><img loading=\"lazy\" decoding=\"async\" class=\"sidebar-cta-img alignnone\" src=\"https:\/\/camfilapc.com\/wp-content\/uploads\/2017\/08\/does-your-food.jpg\" alt=\"\" width=\"219\" height=\"278\" \/><\/a><\/p>\n<p>Las explosiones de polvo combustible son un riesgo en muchas \u00e1reas de una planta de procesamiento de alimentos, pero uno de los lugares m\u00e1s comunes es el sistema de colecci\u00f3n de polvo. \u00bfEst\u00e1n sus empleados en riesgo?<\/p>\n<p>Aprenda esto y m\u00e1s en el Reporte GRATIS<\/p>\n<\/div>\n<\/div><\/div><\/div><div id=\"panel-40634-0-1-1\" class=\"so-panel widget widget_sow-button\" data-index=\"5\" ><div id=\"sidebar-app-cta-button\" class=\"panel-widget-style panel-widget-style-for-40634-0-1-1\" ><div\n\t\t\t\n\t\t\tclass=\"so-widget-sow-button so-widget-sow-button-flat-c4c0f74e30d7-40634\"\n\t\t\t\n\t\t><div class=\"ow-button-base ow-button-align-center\"\n>\n\t\t\t<a href=\"http:\/\/offers.camfilapc.com\/does-your-food-processing-collector-comply-with-combustible-dust-standards\" class=\"sowb-button ow-icon-placement-left ow-button-hover\">\n\t\t<span>\n\t\t\t\n\t\t\tDescargar Ahora\t\t<\/span>\n\t\t\t<\/a>\n\t<\/div>\n<\/div><\/div><\/div><div id=\"panel-40634-0-1-2\" class=\"so-panel widget widget_sow-editor panel-last-child\" data-index=\"6\" ><div id=\"heading-sidebar\" class=\"panel-widget-style panel-widget-style-for-40634-0-1-2\" ><div\n\t\t\t\n\t\t\tclass=\"so-widget-sow-editor so-widget-sow-editor-base\"\n\t\t\t\n\t\t>\n<div class=\"siteorigin-widget-tinymce textwidget\">\n\t<h3>Recursos Y Literaturas:<\/h3>\n<div class='w3eden'><div id=\"single-download\">\n<div class=\"single-download-image-section\">\n<a href=\"https:\/\/camfilapc.com\/download\/focus-food-processing\/?wpdmdl=23196&amp;refresh=69e8d4f6dd0061776866550\" class=\"single-download-image\"><img loading=\"lazy\" decoding=\"async\" width=\"193\" height=\"250\" src=\"https:\/\/camfilapc.com\/wp-content\/uploads\/2018\/02\/food-processing-focus-thumb.jpg\" class=\"attachment-full size-full wp-post-image\" alt=\"\" \/><\/a>\n<\/div>\n<div class=\"single-download-button-section\">\n<span><a class='wpdm-download-link download-on-click btn btn-primary '  rel='nofollow' href='#' data-downloadurl=\"https:\/\/camfilapc.com\/download\/focus-food-processing\/?wpdmdl=23196&refresh=69e8d4f6dd0061776866550\">DESCARGA<\/a><\/span>\n<\/div>\n<\/div><\/div>\n<\/div>\n<\/div><\/div><\/div><\/div><\/div><div id=\"pg-40634-1\"  class=\"panel-grid panel-has-style\" ><div class=\"panel-row-style panel-row-style-for-40634-1\" ><div id=\"pgc-40634-1-0\"  class=\"panel-grid-cell\" ><div id=\"panel-40634-1-0-0\" class=\"so-panel widget widget_sow-image panel-first-child panel-last-child\" data-index=\"7\" ><div id=\"app-content-product-img\" class=\"panel-widget-style panel-widget-style-for-40634-1-0-0\" ><div\n\t\t\t\n\t\t\tclass=\"so-widget-sow-image so-widget-sow-image-default-8b5b6f678277-40634\"\n\t\t\t\n\t\t>\n<div class=\"sow-image-container\">\n\t\t<img \n\tsrc=\"https:\/\/camfilapc.com\/wp-content\/uploads\/2018\/10\/gold-series-xflo-sm.jpg\" width=\"228\" height=\"411\" srcset=\"https:\/\/camfilapc.com\/wp-content\/uploads\/2018\/10\/gold-series-xflo-sm.jpg 228w, https:\/\/camfilapc.com\/wp-content\/uploads\/2018\/10\/gold-series-xflo-sm-166x300.jpg 166w\" sizes=\"(max-width: 228px) 100vw, 228px\" alt=\"Gold Series X Flo\" \t\tclass=\"so-widget-image\"\/>\n\t<\/div>\n\n<\/div><\/div><\/div><\/div><div id=\"pgc-40634-1-1\"  class=\"panel-grid-cell\" ><div class=\"panel-cell-style panel-cell-style-for-40634-1-1\" ><div id=\"panel-40634-1-1-0\" class=\"so-panel widget widget_sow-editor panel-first-child\" data-index=\"8\" ><div\n\t\t\t\n\t\t\tclass=\"so-widget-sow-editor so-widget-sow-editor-base\"\n\t\t\t\n\t\t>\n<div class=\"siteorigin-widget-tinymce textwidget\">\n\t<p class=\"app-rec-prod\">COLECTOR DE POLVO INDUSTRIAL GOLD SERIES<\/p>\n<p>el colector de polvo industrial Gold Series se desempe\u00f1a bien en aplicaciones donde los materiales secos se mezclan, transportan y procesan por lotes. El Gold Series ofrece un alto rendimiento, un dise\u00f1o modular, facilidad de servicio y un cambio de filtro de entrada y salida opcional. Construido con acero al carbono de alta resistencia para satisfacer las demandas de su aplicaci\u00f3n,\u00a0el Gold Series tiene una resistencia y una vida sin igual en comparaci\u00f3n con la competencia. Junto con la tecnolog\u00eda de cartucho vertical Gold Cone \u2122,\u00a0el Gold Series ofrece una limpieza superior en condiciones de alta carga de polvo, y al mismo es mas compacto que cualquier otro colector de polvo disponible en el mercado.<\/p>\n<div id=\"sVim-command\" style=\"bottom: 0px; display: none;\">-- NORMAL --<\/div>\n<\/div>\n<\/div><\/div><div id=\"panel-40634-1-1-1\" class=\"so-panel widget widget_ink-accordion panel-last-child\" data-index=\"9\" ><div\n\t\t\t\n\t\t\tclass=\"so-widget-ink-accordion so-widget-ink-accordion-accordion-b84206eb180a-40634\"\n\t\t\t\n\t\t>\n<div class=\"iw-so-accordion-plain iw-so-accordion iw-so-acc-singleExpand\">\n\n\t\n\t\t<div class=\"iw-so-acc-item\"  id=\"toggle-2-1\">\n\n\t\t\t<a href=\"#\" class=\"iw-so-acc-title iw-text-left\">\n\t\t\t\tCaracteristicas\t\t\t\t<span class=\"iw-so-tgl-open\"><span class=\"sow-icon-fontawesome sow-fas\" data-sow-icon=\"&#x2b;\"\n\t\tstyle=\"font-size: 2em; color: right\" \n\t\taria-hidden=\"true\"><\/span><\/span>\n\t\t\t\t<span class=\"iw-so-tgl-close\"><span class=\"sow-icon-fontawesome sow-fas\" data-sow-icon=\"&#xf068;\"\n\t\tstyle=\"font-size: 2em; color: right\" \n\t\taria-hidden=\"true\"><\/span><\/span>\n\t\t\t<\/a>\n\n\t\t\t<div class=\"iw-so-acc-content\">\n\t\t\t\t<ul>\n<li>Los filtros de alta eficiencia capturan el 99.99% del polvo sobre los 0.5\u00b5m.<\/li>\n<li>Tecnolog\u00eda de cartucho vertical Gold Cone \u2122 que proporciona un 25% m\u00e1s de \u00e1rea filtrante y larga vida \u00fatil.<\/li>\n<li>Sistema de limpieza autom\u00e1tica del filtro basado en lecturas de presi\u00f3n diferencial.Puertas de gran espesor y apertura r\u00e1pida para un f\u00e1cil acceso al sistema de cambio de filtros.<\/li>\n<li>El ingreso de aire con dise\u00f1o de flujo cruzado elimina las velocidades de lata o velocidades ascendentes que normalmente mantienen el polvo fino en suspensi\u00f3n, lo que reduce que las part\u00edculas finas se mantengan en los filtros y puedan caer hacia la tolva para ser recolectadas.<\/li>\n<li>La configuraci\u00f3n de entrada resistente a la abrasi\u00f3n prefiltra la mayor\u00eda del polvo y lo env\u00eda hacia la tolva antes de que llegue a los cartuchos.<\/li>\n<li>Filtros con tratamiento superficial que repelen las part\u00edculas finas, lo que resulta en una menor ca\u00edda de presi\u00f3n y una mayor vida \u00fatil del filtro.<\/li>\n<\/ul>\n\t\t\t<\/div>\n\n\t\t<\/div>\n\n\t\t\n\t\n<\/div>\n<\/div><\/div><\/div><\/div><div id=\"pgc-40634-1-2\"  class=\"panel-grid-cell\" ><div id=\"panel-40634-1-2-0\" class=\"so-panel widget widget_sow-cta panel-first-child panel-last-child\" data-index=\"10\" ><div id=\"app-cta-rfq\" class=\"panel-widget-style panel-widget-style-for-40634-1-2-0\" ><div\n\t\t\t\n\t\t\tclass=\"so-widget-sow-cta so-widget-sow-cta-default-c168002274eb-40634\"\n\t\t\t\n\t\t><div\n\tclass=\"sow-cta-base\"\n\t>\n\t\n\t<div class=\"sow-cta-wrapper\">\n\n\t\t<div class=\"sow-cta-text\">\n\t\t\t\t\t\t\t<h4 class=\"sow-cta-title\">\n\t\t\t\t\tPERMITENOS AYUDARTE A ENCONTRAR UNA SOLUCI\u00d3N\t\t\t\t<\/h4>\n\t\t\t\n\t\t\t\t\t<\/div>\n\n\t\t<div\n\t\t\t\n\t\t\tclass=\"so-widget-sow-button so-widget-sow-button-flat-389e85a0f210\"\n\t\t\t\n\t\t><div class=\"ow-button-base ow-button-align-center\"\n>\n\t\t\t<a href=\"https:\/\/camfilapc.com\/es\/food-and-beverage-request-a-quote-es\/\" class=\"sowb-button ow-icon-placement-left\">\n\t\t<span>\n\t\t\t\n\t\t\tSolicitar Preuspuesto\t\t<\/span>\n\t\t\t<\/a>\n\t<\/div>\n<\/div>\n\t<\/div>\n\n\t<\/div>\n<\/div><\/div><\/div><\/div><\/div><\/div><div id=\"pg-40634-2\"  class=\"panel-grid panel-has-style\" ><div class=\"panel-row-style panel-row-style-for-40634-2\" ><div id=\"pgc-40634-2-0\"  class=\"panel-grid-cell\" ><div id=\"panel-40634-2-0-0\" class=\"so-panel widget widget_sow-post-carousel panel-first-child panel-last-child\" data-index=\"11\" ><div id=\"heading-sidebar\" class=\"panel-widget-style panel-widget-style-for-40634-2-0-0\" ><div\n\t\t\t\n\t\t\tclass=\"so-widget-sow-post-carousel so-widget-sow-post-carousel-base-ad93eedad001-40634\"\n\t\t\t\n\t\t><\/div><\/div><\/div><\/div><div id=\"pgc-40634-2-1\"  class=\"panel-grid-cell panel-grid-cell-empty panel-grid-cell-mobile-last\" ><div class=\"panel-cell-style panel-cell-style-for-40634-2-1\" ><\/div><\/div><div id=\"pgc-40634-2-2\"  class=\"panel-grid-cell panel-grid-cell-empty\" ><\/div><\/div><\/div><\/div>","protected":false},"excerpt":{"rendered":"<p>Las compa\u00f1\u00edas en la industria de procesamiento de alimentos toman productos agr\u00edcolas crudos (como granos) y los convierten en los productos alimenticios que comemos todos los d\u00edas (como el pan, los cereales y la leche en polvo). Las aplicaciones de colecci\u00f3n de polvo pueden incluir ingredientes alimenticios secos, desde granos gruesos hasta especias y aditivos finos. Para az\u00facares, suero de...<\/p>\n","protected":false},"author":1,"featured_media":0,"parent":40565,"menu_order":0,"comment_status":"closed","ping_status":"closed","template":"template-application.php","meta":{"_acf_changed":false,"footnotes":""},"class_list":["post-40634","page","type-page","status-publish","hentry"],"acf":[],"_links":{"self":[{"href":"https:\/\/camfilapc.com\/es\/wp-json\/wp\/v2\/pages\/40634","targetHints":{"allow":["GET"]}}],"collection":[{"href":"https:\/\/camfilapc.com\/es\/wp-json\/wp\/v2\/pages"}],"about":[{"href":"https:\/\/camfilapc.com\/es\/wp-json\/wp\/v2\/types\/page"}],"author":[{"embeddable":true,"href":"https:\/\/camfilapc.com\/es\/wp-json\/wp\/v2\/users\/1"}],"replies":[{"embeddable":true,"href":"https:\/\/camfilapc.com\/es\/wp-json\/wp\/v2\/comments?post=40634"}],"version-history":[{"count":0,"href":"https:\/\/camfilapc.com\/es\/wp-json\/wp\/v2\/pages\/40634\/revisions"}],"up":[{"embeddable":true,"href":"https:\/\/camfilapc.com\/es\/wp-json\/wp\/v2\/pages\/40565"}],"wp:attachment":[{"href":"https:\/\/camfilapc.com\/es\/wp-json\/wp\/v2\/media?parent=40634"}],"curies":[{"name":"wp","href":"https:\/\/api.w.org\/{rel}","templated":true}]}}