{"id":40565,"date":"2017-12-22T15:10:53","date_gmt":"2017-12-22T20:10:53","guid":{"rendered":"https:\/\/camfilapc.com\/applications\/"},"modified":"2019-01-25T19:29:22","modified_gmt":"2019-01-26T00:29:22","slug":"applications","status":"publish","type":"page","link":"https:\/\/camfilapc.com\/es\/applications\/","title":{"rendered":"Aplicaciones"},"content":{"rendered":"<div id=\"pl-40565\"  class=\"panel-layout\" ><div id=\"pg-40565-0\"  class=\"panel-grid panel-no-style\" ><div id=\"pgc-40565-0-0\"  class=\"panel-grid-cell\" ><div id=\"panel-40565-0-0-0\" class=\"so-panel widget widget_text panel-first-child panel-last-child\" data-index=\"0\" ><div id=\"category-intro-txt\" class=\"panel-widget-style panel-widget-style-for-40565-0-0-0\" >\t\t\t<div class=\"textwidget\"><p>Atendemos una amplia variedad de mercados y procesos para las necesidades de su industria. Desde operaciones mineras a gran escala hasta peque\u00f1as instalaciones de procesamiento de alimentos, cubrimos todo. En Camfil APC, nos damos cuenta de que cada industria tiene su propio conjunto \u00fanico de desaf\u00edos de recolecci\u00f3n. Superar estos desaf\u00edos es lo que mejor hacemos. Creemos firmemente que respirar aire puro es un derecho humano. Nuestro objetivo es proporcionarle la soluci\u00f3n perfecta para garantizar un entorno de trabajo limpio y trabajadores felices y sanos.<\/p>\n<\/div>\n\t\t<\/div><\/div><\/div><\/div><div id=\"pg-40565-1\"  class=\"panel-grid panel-no-style\" ><div id=\"pgc-40565-1-0\"  class=\"panel-grid-cell\" ><div id=\"panel-40565-1-0-0\" class=\"so-panel widget widget_sow-image panel-first-child\" data-index=\"1\" ><div id=\"product-thumb-applications\" class=\"panel-widget-style panel-widget-style-for-40565-1-0-0\" ><div\n\t\t\t\n\t\t\tclass=\"so-widget-sow-image so-widget-sow-image-default-8b5b6f678277-40565\"\n\t\t\t\n\t\t>\n<div class=\"sow-image-container\">\n\t\t\t<a href=\"https:\/\/camfilapc.com\/abrasive-blasting\/\"\n\t\t\t\t\t>\n\t\t\t<img \n\tsrc=\"https:\/\/camfilapc.com\/wp-content\/uploads\/2017\/11\/blasting-thumb.jpg\" width=\"224\" height=\"179\" sizes=\"(max-width: 224px) 100vw, 224px\" alt=\"\" \t\tclass=\"so-widget-image\"\/>\n\t\t\t<\/a><\/div>\n\n<\/div><\/div><\/div><div id=\"panel-40565-1-0-1\" class=\"so-panel widget widget_sow-headline\" data-index=\"2\" ><div\n\t\t\t\n\t\t\tclass=\"so-widget-sow-headline so-widget-sow-headline-default-0de49b95b459-40565\"\n\t\t\t\n\t\t><div class=\"sow-headline-container \">\n\t\t\t\t\t\t\t<p class=\"sow-headline\">\n\t\t\t\t\t\tGranallado\t\t\t\t\t\t<\/p>\n\t\t\t\t\t\t\t\t\t\t\t\t<p class=\"sow-sub-headline\">\n\t\t\t\t\t\tMitigar el polvo abrasivo es cr\u00edtico para la salud de los empleados.\t\t\t\t\t\t<\/p>\n\t\t\t\t\t\t<\/div>\n<\/div><\/div><div id=\"panel-40565-1-0-2\" class=\"so-panel widget widget_sow-button panel-last-child\" data-index=\"3\" ><div\n\t\t\t\n\t\t\tclass=\"so-widget-sow-button so-widget-sow-button-flat-f54c0409268f-40565\"\n\t\t\t\n\t\t><div class=\"ow-button-base ow-button-align-center\"\n>\n\t\t\t<a\n\t\t\t\t\thref=\"https:\/\/camfilapc.com\/abrasive-blasting\/\"\n\t\t\t\t\tclass=\"button-content sowb-button ow-icon-placement-left ow-button-hover\" id=\"btn-learn-more\" \t>\n\t\t<span>\n\t\t\t\n\t\t\tM\u00e1s Informaci\u00f3n\t\t<\/span>\n\t\t\t<\/a>\n\t<\/div>\n<\/div><\/div><\/div><div id=\"pgc-40565-1-1\"  class=\"panel-grid-cell\" ><div id=\"panel-40565-1-1-0\" class=\"so-panel widget widget_sow-image panel-first-child\" data-index=\"4\" ><div id=\"product-thumb-applications\" class=\"panel-widget-style panel-widget-style-for-40565-1-1-0\" ><div\n\t\t\t\n\t\t\tclass=\"so-widget-sow-image so-widget-sow-image-default-8b5b6f678277-40565\"\n\t\t\t\n\t\t>\n<div class=\"sow-image-container\">\n\t\t\t<a href=\"\"\n\t\t\t\t\t>\n\t\t\t<img \n\tsrc=\"https:\/\/camfilapc.com\/wp-content\/uploads\/2017\/08\/Screenshot-2017-09-21-16.50.48.png\" width=\"225\" height=\"179\" sizes=\"(max-width: 225px) 100vw, 225px\" title=\"Screenshot 2017-09-21 16.50.48\" alt=\"\" \t\tclass=\"so-widget-image\"\/>\n\t\t\t<\/a><\/div>\n\n<\/div><\/div><\/div><div id=\"panel-40565-1-1-1\" class=\"so-panel widget widget_sow-headline\" data-index=\"5\" ><div\n\t\t\t\n\t\t\tclass=\"so-widget-sow-headline so-widget-sow-headline-default-0de49b95b459-40565\"\n\t\t\t\n\t\t><div class=\"sow-headline-container \">\n\t\t\t\t\t\t\t<p class=\"sow-headline\">\n\t\t\t\t\t\tProcesamiento qu\u00edmico\t\t\t\t\t\t<\/p>\n\t\t\t\t\t\t\t\t\t\t\t\t<p class=\"sow-sub-headline\">\n\t\t\t\t\t\t La producci\u00f3n qu\u00edmica plantea graves riesgos para la salud. Mantenga su aire limpio.\t\t\t\t\t\t<\/p>\n\t\t\t\t\t\t<\/div>\n<\/div><\/div><div id=\"panel-40565-1-1-2\" class=\"so-panel widget widget_sow-button panel-last-child\" data-index=\"6\" ><div\n\t\t\t\n\t\t\tclass=\"so-widget-sow-button so-widget-sow-button-flat-f54c0409268f-40565\"\n\t\t\t\n\t\t><div class=\"ow-button-base ow-button-align-center\"\n>\n\t\t\t<a\n\t\t\t\t\thref=\"\"\n\t\t\t\t\tclass=\"button-content sowb-button ow-icon-placement-left ow-button-hover\" id=\"btn-learn-more\" \t>\n\t\t<span>\n\t\t\t\n\t\t\tM\u00e1s Informaci\u00f3n\t\t<\/span>\n\t\t\t<\/a>\n\t<\/div>\n<\/div><\/div><\/div><div id=\"pgc-40565-1-2\"  class=\"panel-grid-cell\" ><div id=\"panel-40565-1-2-0\" class=\"so-panel widget widget_sow-image panel-first-child\" data-index=\"7\" ><div id=\"product-thumb-applications\" class=\"panel-widget-style panel-widget-style-for-40565-1-2-0\" ><div\n\t\t\t\n\t\t\tclass=\"so-widget-sow-image so-widget-sow-image-default-8b5b6f678277-40565\"\n\t\t\t\n\t\t>\n<div class=\"sow-image-container\">\n\t\t\t<a href=\"\"\n\t\t\t\t\t>\n\t\t\t<img \n\tsrc=\"https:\/\/camfilapc.com\/wp-content\/uploads\/2017\/08\/Screenshot-2017-09-21-16.51.32.png\" width=\"222\" height=\"180\" sizes=\"(max-width: 222px) 100vw, 222px\" title=\"Screenshot 2017-09-21 16.51.32\" alt=\"\" \t\tclass=\"so-widget-image\"\/>\n\t\t\t<\/a><\/div>\n\n<\/div><\/div><\/div><div id=\"panel-40565-1-2-1\" class=\"so-panel widget widget_sow-headline\" data-index=\"8\" ><div\n\t\t\t\n\t\t\tclass=\"so-widget-sow-headline so-widget-sow-headline-default-0de49b95b459-40565\"\n\t\t\t\n\t\t><div class=\"sow-headline-container \">\n\t\t\t\t\t\t\t<p class=\"sow-headline\">\n\t\t\t\t\t\tProcesamiento de alimentos\t\t\t\t\t\t<\/p>\n\t\t\t\t\t\t\t\t\t\t\t\t<p class=\"sow-sub-headline\">\n\t\t\t\t\t\tUna instalaci\u00f3n de procesamiento de alimentos limpios es vital para la seguridad de los trabajadores y visitantes.\t\t\t\t\t\t<\/p>\n\t\t\t\t\t\t<\/div>\n<\/div><\/div><div id=\"panel-40565-1-2-2\" class=\"so-panel widget widget_sow-button panel-last-child\" data-index=\"9\" ><div\n\t\t\t\n\t\t\tclass=\"so-widget-sow-button so-widget-sow-button-flat-f54c0409268f-40565\"\n\t\t\t\n\t\t><div class=\"ow-button-base ow-button-align-center\"\n>\n\t\t\t<a\n\t\t\t\t\thref=\"\"\n\t\t\t\t\tclass=\"button-content sowb-button ow-icon-placement-left ow-button-hover\" id=\"btn-learn-more\" \t>\n\t\t<span>\n\t\t\t\n\t\t\tM\u00e1s Informaci\u00f3n\t\t<\/span>\n\t\t\t<\/a>\n\t<\/div>\n<\/div><\/div><\/div><div id=\"pgc-40565-1-3\"  class=\"panel-grid-cell\" ><div id=\"panel-40565-1-3-0\" class=\"so-panel widget widget_sow-image panel-first-child\" data-index=\"10\" ><div id=\"product-thumb-applications\" class=\"panel-widget-style panel-widget-style-for-40565-1-3-0\" ><div\n\t\t\t\n\t\t\tclass=\"so-widget-sow-image so-widget-sow-image-default-8b5b6f678277-40565\"\n\t\t\t\n\t\t>\n<div class=\"sow-image-container\">\n\t\t\t<a href=\"\"\n\t\t\t\t\t>\n\t\t\t<img \n\tsrc=\"https:\/\/camfilapc.com\/wp-content\/uploads\/2017\/11\/laser-plasma-thumb.jpg\" width=\"224\" height=\"179\" sizes=\"(max-width: 224px) 100vw, 224px\" alt=\"\" \t\tclass=\"so-widget-image\"\/>\n\t\t\t<\/a><\/div>\n\n<\/div><\/div><\/div><div id=\"panel-40565-1-3-1\" class=\"so-panel widget widget_sow-headline\" data-index=\"11\" ><div\n\t\t\t\n\t\t\tclass=\"so-widget-sow-headline so-widget-sow-headline-default-0de49b95b459-40565\"\n\t\t\t\n\t\t><div class=\"sow-headline-container \">\n\t\t\t\t\t\t\t<p class=\"sow-headline\">\n\t\t\t\t\t\tCortado Laser.\t\t\t\t\t\t<\/p>\n\t\t\t\t\t\t\t\t\t\t\t\t<p class=\"sow-sub-headline\">\n\t\t\t\t\t\tProteger contra los peligrosos humos de corte por l\u00e1ser.\t\t\t\t\t\t<\/p>\n\t\t\t\t\t\t<\/div>\n<\/div><\/div><div id=\"panel-40565-1-3-2\" class=\"so-panel widget widget_sow-button panel-last-child\" data-index=\"12\" ><div\n\t\t\t\n\t\t\tclass=\"so-widget-sow-button so-widget-sow-button-flat-f54c0409268f-40565\"\n\t\t\t\n\t\t><div class=\"ow-button-base ow-button-align-center\"\n>\n\t\t\t<a\n\t\t\t\t\thref=\"\"\n\t\t\t\t\tclass=\"button-content sowb-button ow-icon-placement-left ow-button-hover\" id=\"btn-learn-more\" \t>\n\t\t<span>\n\t\t\t\n\t\t\tM\u00e1s Informaci\u00f3n\t\t<\/span>\n\t\t\t<\/a>\n\t<\/div>\n<\/div><\/div><\/div><\/div><div id=\"pg-40565-2\"  class=\"panel-grid panel-no-style\" ><div id=\"pgc-40565-2-0\"  class=\"panel-grid-cell\" ><div id=\"panel-40565-2-0-0\" class=\"so-panel widget widget_sow-image panel-first-child\" data-index=\"13\" ><div id=\"product-thumb-applications\" class=\"panel-widget-style panel-widget-style-for-40565-2-0-0\" ><div\n\t\t\t\n\t\t\tclass=\"so-widget-sow-image so-widget-sow-image-default-8b5b6f678277-40565\"\n\t\t\t\n\t\t>\n<div class=\"sow-image-container\">\n\t\t\t<a href=\"https:\/\/camfilapc.com\/plasma-cutting\/\"\n\t\t\t\t\t>\n\t\t\t<img \n\tsrc=\"https:\/\/camfilapc.com\/wp-content\/uploads\/2017\/11\/laser-plasma-thumb.jpg\" width=\"224\" height=\"179\" sizes=\"(max-width: 224px) 100vw, 224px\" alt=\"\" \t\tclass=\"so-widget-image\"\/>\n\t\t\t<\/a><\/div>\n\n<\/div><\/div><\/div><div id=\"panel-40565-2-0-1\" class=\"so-panel widget widget_sow-headline\" data-index=\"14\" ><div\n\t\t\t\n\t\t\tclass=\"so-widget-sow-headline so-widget-sow-headline-default-0de49b95b459-40565\"\n\t\t\t\n\t\t><div class=\"sow-headline-container \">\n\t\t\t\t\t\t\t<p class=\"sow-headline\">\n\t\t\t\t\t\tCortado Plasma\t\t\t\t\t\t<\/p>\n\t\t\t\t\t\t\t\t\t\t\t\t<p class=\"sow-sub-headline\">\n\t\t\t\t\t\tProt\u00e9je contra los humos peligrosos de corte por plasma. \t\t\t\t\t\t<\/p>\n\t\t\t\t\t\t<\/div>\n<\/div><\/div><div id=\"panel-40565-2-0-2\" class=\"so-panel widget widget_sow-button panel-last-child\" data-index=\"15\" ><div\n\t\t\t\n\t\t\tclass=\"so-widget-sow-button so-widget-sow-button-flat-f54c0409268f-40565\"\n\t\t\t\n\t\t><div class=\"ow-button-base ow-button-align-center\"\n>\n\t\t\t<a\n\t\t\t\t\thref=\"https:\/\/camfilapc.com\/plasma-cutting\/\"\n\t\t\t\t\tclass=\"button-content sowb-button ow-icon-placement-left ow-button-hover\" id=\"btn-learn-more\" \t>\n\t\t<span>\n\t\t\t\n\t\t\tM\u00e1s Informaci\u00f3n\t\t<\/span>\n\t\t\t<\/a>\n\t<\/div>\n<\/div><\/div><\/div><div id=\"pgc-40565-2-1\"  class=\"panel-grid-cell\" ><div id=\"panel-40565-2-1-0\" class=\"so-panel widget widget_sow-image panel-first-child\" data-index=\"16\" ><div id=\"product-thumb-applications\" class=\"panel-widget-style panel-widget-style-for-40565-2-1-0\" ><div\n\t\t\t\n\t\t\tclass=\"so-widget-sow-image so-widget-sow-image-default-8b5b6f678277-40565\"\n\t\t\t\n\t\t>\n<div class=\"sow-image-container\">\n\t\t\t<a href=\"\"\n\t\t\t\t\t>\n\t\t\t<img \n\tsrc=\"https:\/\/camfilapc.com\/wp-content\/uploads\/2017\/08\/Screenshot-2017-09-21-16.52.27.png\" width=\"222\" height=\"182\" sizes=\"(max-width: 222px) 100vw, 222px\" title=\"Screenshot 2017-09-21 16.52.27\" alt=\"\" \t\tclass=\"so-widget-image\"\/>\n\t\t\t<\/a><\/div>\n\n<\/div><\/div><\/div><div id=\"panel-40565-2-1-1\" class=\"so-panel widget widget_sow-headline\" data-index=\"17\" ><div\n\t\t\t\n\t\t\tclass=\"so-widget-sow-headline so-widget-sow-headline-default-0de49b95b459-40565\"\n\t\t\t\n\t\t><div class=\"sow-headline-container \">\n\t\t\t\t\t\t\t<p class=\"sow-headline\">\n\t\t\t\t\t\tMineria\t\t\t\t\t\t<\/p>\n\t\t\t\t\t\t\t\t\t\t\t\t<p class=\"sow-sub-headline\">\n\t\t\t\t\t\tControlando el polvo y minimizando las emisiones para la m\u00e1xima producci\u00f3n.\t\t\t\t\t\t<\/p>\n\t\t\t\t\t\t<\/div>\n<\/div><\/div><div id=\"panel-40565-2-1-2\" class=\"so-panel widget widget_sow-button panel-last-child\" data-index=\"18\" ><div\n\t\t\t\n\t\t\tclass=\"so-widget-sow-button so-widget-sow-button-flat-f54c0409268f-40565\"\n\t\t\t\n\t\t><div class=\"ow-button-base ow-button-align-center\"\n>\n\t\t\t<a\n\t\t\t\t\thref=\"\"\n\t\t\t\t\tclass=\"button-content sowb-button ow-icon-placement-left ow-button-hover\" id=\"btn-learn-more\" \t>\n\t\t<span>\n\t\t\t\n\t\t\tM\u00e1s Informaci\u00f3n\t\t<\/span>\n\t\t\t<\/a>\n\t<\/div>\n<\/div><\/div><\/div><div id=\"pgc-40565-2-2\"  class=\"panel-grid-cell\" ><div id=\"panel-40565-2-2-0\" class=\"so-panel widget widget_sow-image panel-first-child\" data-index=\"19\" ><div id=\"product-thumb-applications\" class=\"panel-widget-style panel-widget-style-for-40565-2-2-0\" ><div\n\t\t\t\n\t\t\tclass=\"so-widget-sow-image so-widget-sow-image-default-8b5b6f678277-40565\"\n\t\t\t\n\t\t>\n<div class=\"sow-image-container\">\n\t\t\t<a href=\"\"\n\t\t\t\t\t>\n\t\t\t<img \n\tsrc=\"https:\/\/camfilapc.com\/wp-content\/uploads\/2017\/11\/pharma-thumb.jpg\" width=\"224\" height=\"179\" sizes=\"(max-width: 224px) 100vw, 224px\" alt=\"\" \t\tclass=\"so-widget-image\"\/>\n\t\t\t<\/a><\/div>\n\n<\/div><\/div><\/div><div id=\"panel-40565-2-2-1\" class=\"so-panel widget widget_sow-headline\" data-index=\"20\" ><div\n\t\t\t\n\t\t\tclass=\"so-widget-sow-headline so-widget-sow-headline-default-0de49b95b459-40565\"\n\t\t\t\n\t\t><div class=\"sow-headline-container \">\n\t\t\t\t\t\t\t<p class=\"sow-headline\">\n\t\t\t\t\t\tProductos Farmaceuticos\t\t\t\t\t\t<\/p>\n\t\t\t\t\t\t\t\t\t\t\t\t<p class=\"sow-sub-headline\">\n\t\t\t\t\t\t Evite que su polvo farmac\u00e9utico se salga de control.\t\t\t\t\t\t<\/p>\n\t\t\t\t\t\t<\/div>\n<\/div><\/div><div id=\"panel-40565-2-2-2\" class=\"so-panel widget widget_sow-button panel-last-child\" data-index=\"21\" ><div\n\t\t\t\n\t\t\tclass=\"so-widget-sow-button so-widget-sow-button-flat-f54c0409268f-40565\"\n\t\t\t\n\t\t><div class=\"ow-button-base ow-button-align-center\"\n>\n\t\t\t<a\n\t\t\t\t\thref=\"\"\n\t\t\t\t\tclass=\"button-content sowb-button ow-icon-placement-left ow-button-hover\" id=\"btn-learn-more\" \t>\n\t\t<span>\n\t\t\t\n\t\t\tM\u00e1s Informaci\u00f3n\t\t<\/span>\n\t\t\t<\/a>\n\t<\/div>\n<\/div><\/div><\/div><div id=\"pgc-40565-2-3\"  class=\"panel-grid-cell\" ><div id=\"panel-40565-2-3-0\" class=\"so-panel widget widget_sow-image panel-first-child\" data-index=\"22\" ><div id=\"product-thumb-applications\" class=\"panel-widget-style panel-widget-style-for-40565-2-3-0\" ><div\n\t\t\t\n\t\t\tclass=\"so-widget-sow-image so-widget-sow-image-default-8b5b6f678277-40565\"\n\t\t\t\n\t\t>\n<div class=\"sow-image-container\">\n\t\t\t<a href=\"https:\/\/camfilapc.com\/thermal-spray\/\"\n\t\t\t\t\t>\n\t\t\t<img \n\tsrc=\"https:\/\/camfilapc.com\/wp-content\/uploads\/2017\/12\/thermal-spray-thumb.jpg\" width=\"224\" height=\"179\" sizes=\"(max-width: 224px) 100vw, 224px\" alt=\"\" \t\tclass=\"so-widget-image\"\/>\n\t\t\t<\/a><\/div>\n\n<\/div><\/div><\/div><div id=\"panel-40565-2-3-1\" class=\"so-panel widget widget_sow-headline\" data-index=\"23\" ><div\n\t\t\t\n\t\t\tclass=\"so-widget-sow-headline so-widget-sow-headline-default-0de49b95b459-40565\"\n\t\t\t\n\t\t><div class=\"sow-headline-container \">\n\t\t\t\t\t\t\t<p class=\"sow-headline\">\n\t\t\t\t\t\tSpray termal\t\t\t\t\t\t<\/p>\n\t\t\t\t\t\t\t\t\t\t\t\t<p class=\"sow-sub-headline\">\n\t\t\t\t\t\tEvite las explosiones del polvo de pulverizaci\u00f3n t\u00e9rmica dentro de su f\u00e1brica.\t\t\t\t\t\t<\/p>\n\t\t\t\t\t\t<\/div>\n<\/div><\/div><div id=\"panel-40565-2-3-2\" class=\"so-panel widget widget_sow-button panel-last-child\" data-index=\"24\" ><div\n\t\t\t\n\t\t\tclass=\"so-widget-sow-button so-widget-sow-button-flat-f54c0409268f-40565\"\n\t\t\t\n\t\t><div class=\"ow-button-base ow-button-align-center\"\n>\n\t\t\t<a\n\t\t\t\t\thref=\"https:\/\/camfilapc.com\/thermal-spray\/\"\n\t\t\t\t\tclass=\"button-content sowb-button ow-icon-placement-left ow-button-hover\" id=\"btn-learn-more\" \t>\n\t\t<span>\n\t\t\t\n\t\t\tM\u00e1s Informaci\u00f3n\t\t<\/span>\n\t\t\t<\/a>\n\t<\/div>\n<\/div><\/div><\/div><\/div><div id=\"pg-40565-3\"  class=\"panel-grid panel-no-style\" ><div id=\"pgc-40565-3-0\"  class=\"panel-grid-cell\" ><div id=\"panel-40565-3-0-0\" class=\"so-panel widget widget_sow-image panel-first-child\" data-index=\"25\" ><div id=\"product-thumb-applications\" class=\"panel-widget-style panel-widget-style-for-40565-3-0-0\" ><div\n\t\t\t\n\t\t\tclass=\"so-widget-sow-image so-widget-sow-image-default-8b5b6f678277-40565\"\n\t\t\t\n\t\t>\n<div class=\"sow-image-container\">\n\t\t\t<a href=\"https:\/\/camfilapc.com\/welding\/\"\n\t\t\t\t\t>\n\t\t\t<img \n\tsrc=\"https:\/\/camfilapc.com\/wp-content\/uploads\/2017\/08\/Screenshot-2017-09-21-16.53.37.png\" width=\"222\" height=\"179\" sizes=\"(max-width: 222px) 100vw, 222px\" title=\"Screenshot 2017-09-21 16.53.37\" alt=\"\" \t\tclass=\"so-widget-image\"\/>\n\t\t\t<\/a><\/div>\n\n<\/div><\/div><\/div><div id=\"panel-40565-3-0-1\" class=\"so-panel widget widget_sow-headline\" data-index=\"26\" ><div\n\t\t\t\n\t\t\tclass=\"so-widget-sow-headline so-widget-sow-headline-default-0de49b95b459-40565\"\n\t\t\t\n\t\t><div class=\"sow-headline-container \">\n\t\t\t\t\t\t\t<p class=\"sow-headline\">\n\t\t\t\t\t\tSoldadura\t\t\t\t\t\t<\/p>\n\t\t\t\t\t\t\t\t\t\t\t\t<p class=\"sow-sub-headline\">\n\t\t\t\t\t\t Extraer humos de soldadura y mejorar la seguridad de los trabajadores.\t\t\t\t\t\t<\/p>\n\t\t\t\t\t\t<\/div>\n<\/div><\/div><div id=\"panel-40565-3-0-2\" class=\"so-panel widget widget_sow-button panel-last-child\" data-index=\"27\" ><div\n\t\t\t\n\t\t\tclass=\"so-widget-sow-button so-widget-sow-button-flat-f54c0409268f-40565\"\n\t\t\t\n\t\t><div class=\"ow-button-base ow-button-align-center\"\n>\n\t\t\t<a\n\t\t\t\t\thref=\"https:\/\/camfilapc.com\/welding\/\"\n\t\t\t\t\tclass=\"button-content sowb-button ow-icon-placement-left ow-button-hover\" id=\"btn-learn-more\" \t>\n\t\t<span>\n\t\t\t\n\t\t\tM\u00e1s Informaci\u00f3n\t\t<\/span>\n\t\t\t<\/a>\n\t<\/div>\n<\/div><\/div><\/div><div id=\"pgc-40565-3-1\"  class=\"panel-grid-cell\" ><div id=\"panel-40565-3-1-0\" class=\"so-panel widget widget_sow-image panel-first-child\" data-index=\"28\" ><div id=\"product-thumb-applications\" class=\"panel-widget-style panel-widget-style-for-40565-3-1-0\" ><div\n\t\t\t\n\t\t\tclass=\"so-widget-sow-image so-widget-sow-image-default-8b5b6f678277-40565\"\n\t\t\t\n\t\t>\n<div class=\"sow-image-container\">\n\t\t\t<a href=\"https:\/\/camfilapc.com\/au\/machining\/\"\n\t\t\t\t\t>\n\t\t\t<img \n\tsrc=\"https:\/\/camfilapc.com\/wp-content\/uploads\/2017\/11\/machining-thumb.jpg\" width=\"224\" height=\"179\" sizes=\"(max-width: 224px) 100vw, 224px\" alt=\"\" \t\tclass=\"so-widget-image\"\/>\n\t\t\t<\/a><\/div>\n\n<\/div><\/div><\/div><div id=\"panel-40565-3-1-1\" class=\"so-panel widget widget_sow-headline\" data-index=\"29\" ><div\n\t\t\t\n\t\t\tclass=\"so-widget-sow-headline so-widget-sow-headline-default-0de49b95b459-40565\"\n\t\t\t\n\t\t><div class=\"sow-headline-container \">\n\t\t\t\t\t\t\t<p class=\"sow-headline\">\n\t\t\t\t\t\tMecanizado\t\t\t\t\t\t<\/p>\n\t\t\t\t\t\t\t\t\t\t\t\t<p class=\"sow-sub-headline\">\n\t\t\t\t\t\t Nuestros colectores de neblina mantendr\u00e1n sus instalaciones libres de emulsiones o neblinas de aceite de los procesos de mecanizado.\t\t\t\t\t\t<\/p>\n\t\t\t\t\t\t<\/div>\n<\/div><\/div><div id=\"panel-40565-3-1-2\" class=\"so-panel widget widget_sow-button panel-last-child\" data-index=\"30\" ><div\n\t\t\t\n\t\t\tclass=\"so-widget-sow-button so-widget-sow-button-flat-f54c0409268f-40565\"\n\t\t\t\n\t\t><div class=\"ow-button-base ow-button-align-center\"\n>\n\t\t\t<a\n\t\t\t\t\thref=\"https:\/\/camfilapc.com\/au\/machining\/\"\n\t\t\t\t\tclass=\"button-content sowb-button ow-icon-placement-left ow-button-hover\" id=\"btn-learn-more\" \t>\n\t\t<span>\n\t\t\t\n\t\t\tM\u00e1s Informaci\u00f3n\t\t<\/span>\n\t\t\t<\/a>\n\t<\/div>\n<\/div><\/div><\/div><div id=\"pgc-40565-3-2\"  class=\"panel-grid-cell panel-grid-cell-empty panel-grid-cell-mobile-last\" ><\/div><div id=\"pgc-40565-3-3\"  class=\"panel-grid-cell panel-grid-cell-empty\" ><\/div><\/div><\/div>","protected":false},"excerpt":{"rendered":"<p>Atendemos una amplia variedad de mercados y procesos para las necesidades de su industria. Desde operaciones mineras a gran escala hasta peque\u00f1as instalaciones de procesamiento de alimentos, cubrimos todo. En Camfil APC, nos damos cuenta de que cada industria tiene su propio conjunto \u00fanico de desaf\u00edos de recolecci\u00f3n. Superar estos desaf\u00edos es lo que mejor hacemos. Creemos firmemente que respirar...<\/p>\n","protected":false},"author":1,"featured_media":0,"parent":0,"menu_order":0,"comment_status":"closed","ping_status":"closed","template":"template-product-detail.php","meta":{"_acf_changed":false,"footnotes":""},"class_list":["post-40565","page","type-page","status-publish","hentry"],"acf":[],"_links":{"self":[{"href":"https:\/\/camfilapc.com\/es\/wp-json\/wp\/v2\/pages\/40565","targetHints":{"allow":["GET"]}}],"collection":[{"href":"https:\/\/camfilapc.com\/es\/wp-json\/wp\/v2\/pages"}],"about":[{"href":"https:\/\/camfilapc.com\/es\/wp-json\/wp\/v2\/types\/page"}],"author":[{"embeddable":true,"href":"https:\/\/camfilapc.com\/es\/wp-json\/wp\/v2\/users\/1"}],"replies":[{"embeddable":true,"href":"https:\/\/camfilapc.com\/es\/wp-json\/wp\/v2\/comments?post=40565"}],"version-history":[{"count":0,"href":"https:\/\/camfilapc.com\/es\/wp-json\/wp\/v2\/pages\/40565\/revisions"}],"wp:attachment":[{"href":"https:\/\/camfilapc.com\/es\/wp-json\/wp\/v2\/media?parent=40565"}],"curies":[{"name":"wp","href":"https:\/\/api.w.org\/{rel}","templated":true}]}}