{"id":40551,"date":"2017-08-16T17:13:25","date_gmt":"2017-08-16T21:13:25","guid":{"rendered":"https:\/\/camfilapc.com\/home\/"},"modified":"2019-11-19T12:45:41","modified_gmt":"2019-11-19T17:45:41","slug":"home","status":"publish","type":"page","link":"https:\/\/camfilapc.com\/es\/","title":{"rendered":"Inicio"},"content":{"rendered":"<div id=\"pl-40551\"  class=\"panel-layout\" ><div id=\"pg-40551-0\"  class=\"panel-grid panel-has-style\" ><div class=\"siteorigin-panels-stretch panel-row-style panel-row-style-for-40551-0\" id=\"hero\" data-stretch-type=\"full-stretched\" ><div id=\"pgc-40551-0-0\"  class=\"panel-grid-cell\" ><div id=\"panel-40551-0-0-0\" class=\"widget_text so-panel widget widget_custom_html panel-first-child\" data-index=\"0\" ><div class=\"textwidget custom-html-widget\"><div class=\"containerSlider\">\n   <div id=\"slideshow\">\n  <div class=\"elemnt\"><\/div>\n  <div class=\"elemnt1\"><\/div>\n  <div class=\"elemnt2\"><\/div>\n  <div class=\"elemnt3\"><\/div>\n\t<div class=\"elemnt4\"><\/div>\n  <\/div>\n<\/div><\/div><\/div><div id=\"panel-40551-0-0-1\" class=\"widget_text so-panel widget widget_custom_html panel-last-child\" data-index=\"1\" ><div class=\"textwidget custom-html-widget\"><div id=\"contentSlider\">\n\t<div class=\"contentSlider-lft\">\n\t\t<h1>SOLUCIONES DE RECOLECCI\u00d3N<br>DE POLVO, VAPOR Y NIEBLA<br>PARA SU INDUSTRIA<\/h1>\n\t<a href=\"\/es\/products\/\"><button class=\"button button1\">VER PRODUCTOS<\/button><\/a> \n\t<a href=\"\/es\/about\/\"><button class=\"button button2\">M\u00c1S INFORMACI\u00d3N<\/button><\/a>\n\t<\/div>\n\t<div class=\"contentSlider-rght\">\n\t\t<img loading=\"lazy\" decoding=\"async\" src=\"https:\/\/camfilapc.com\/wp-content\/uploads\/2019\/11\/Hero-camfil-usa-sm3.png\" width=\"406\" height=\"420\" alt=\"\" >\n\t<\/div>\n<\/div><\/div><\/div><\/div><\/div><\/div><div id=\"pg-40551-1\"  class=\"panel-grid panel-has-style\" ><div id=\"home-contain-what-we-do\" class=\"panel-row-style panel-row-style-for-40551-1\" ><div id=\"pgc-40551-1-0\"  class=\"panel-grid-cell\" ><div id=\"panel-40551-1-0-0\" class=\"so-panel widget widget_sow-headline panel-first-child panel-last-child\" data-index=\"2\" ><div class=\"panel-widget-style panel-widget-style-for-40551-1-0-0\" ><div\n\t\t\t\n\t\t\tclass=\"so-widget-sow-headline so-widget-sow-headline-default-ff5190af26ac-40551\"\n\t\t\t\n\t\t><div class=\"sow-headline-container \">\n\t\t\t\t\t\t\t<h2 class=\"sow-headline\">\n\t\t\t\t\t\tQue hacemos\t\t\t\t\t\t<\/h2>\n\t\t\t\t\t\t\t\t\t\t\t\t<p class=\"sow-sub-headline\">\n\t\t\t\t\t\t Fabricamos colectores industriales de polvo, niebla y humo, junto con filtros y accesorios de alto rendimiento para las siguientes \u00e1reas:\t\t\t\t\t\t<\/p>\n\t\t\t\t\t\t<\/div>\n<\/div><\/div><\/div><\/div><\/div><\/div><div id=\"pg-40551-2\"  class=\"panel-grid panel-has-style\" ><div class=\"four-col-space panel-row-style panel-row-style-for-40551-2\" id=\"home-contain\" ><div id=\"pgc-40551-2-0\"  class=\"panel-grid-cell\" ><div id=\"panel-40551-2-0-0\" class=\"so-panel widget widget_sow-image panel-first-child\" data-index=\"3\" ><div id=\"applications-home\" class=\"panel-widget-style panel-widget-style-for-40551-2-0-0\" ><div\n\t\t\t\n\t\t\tclass=\"so-widget-sow-image so-widget-sow-image-default-8b5b6f678277-40551\"\n\t\t\t\n\t\t>\n<div class=\"sow-image-container\">\n\t\t\t<a href=\"https:\/\/camfilapc.com\/products\/dust-fume\/\"\n\t\t\t\t\t>\n\t\t\t<img \n\tsrc=\"https:\/\/camfilapc.com\/wp-content\/uploads\/2018\/04\/welding-fumes-thumb-1.jpg\" width=\"269\" height=\"155\" sizes=\"(max-width: 269px) 100vw, 269px\" title=\"welding-fumes-thumb\" alt=\"Que hacemos\" \t\tclass=\"so-widget-image\"\/>\n\t\t\t<\/a><\/div>\n\n<\/div><\/div><\/div><div id=\"panel-40551-2-0-1\" class=\"so-panel widget widget_sow-headline\" data-index=\"4\" ><div id=\"product-teaser-txt\" class=\"panel-widget-style panel-widget-style-for-40551-2-0-1\" ><div\n\t\t\t\n\t\t\tclass=\"so-widget-sow-headline so-widget-sow-headline-default-746a8ca537f2-40551\"\n\t\t\t\n\t\t><div class=\"sow-headline-container \">\n\t\t\t\t\t\t\t<h3 class=\"sow-headline\">\n\t\t\t\t\t\t\t\t\t\t\t\t\t<a href=\"https:\/\/camfilapc.com\/products\/dust-fume\/\" >\n\t\t\t\t\t\t\t\tCOLECCI\u00d3N DE POLVO Y HUMO<\/a>\t\t\t\t\t\t<\/h3>\n\t\t\t\t\t\t\t\t\t\t\t\t<p class=\"sow-sub-headline\">\n\t\t\t\t\t\tOfrecemos soluciones de colecci\u00f3n de polvo y humo para adaptarse a su aplicaci\u00f3n.\t\t\t\t\t\t<\/p>\n\t\t\t\t\t\t<\/div>\n<\/div><\/div><\/div><div id=\"panel-40551-2-0-2\" class=\"so-panel widget widget_sow-button panel-last-child\" data-index=\"5\" ><div\n\t\t\t\n\t\t\tclass=\"so-widget-sow-button so-widget-sow-button-flat-ad1d4c94bf3f-40551\"\n\t\t\t\n\t\t><div class=\"ow-button-base ow-button-align-center\"\n>\n\t\t\t<a\n\t\t\t\t\thref=\"https:\/\/camfilapc.com\/products\/dust-fume\/\"\n\t\t\t\t\tclass=\"button-content sowb-button ow-icon-placement-left ow-button-hover\" id=\"btn-learn-more\" \t>\n\t\t<span>\n\t\t\t\n\t\t\tVer Productos\t\t<\/span>\n\t\t\t<\/a>\n\t<\/div>\n<\/div><\/div><\/div><div id=\"pgc-40551-2-1\"  class=\"panel-grid-cell\" ><div id=\"panel-40551-2-1-0\" class=\"so-panel widget widget_sow-image panel-first-child\" data-index=\"6\" ><div id=\"applications-home\" class=\"panel-widget-style panel-widget-style-for-40551-2-1-0\" ><div\n\t\t\t\n\t\t\tclass=\"so-widget-sow-image so-widget-sow-image-default-8b5b6f678277-40551\"\n\t\t\t\n\t\t>\n<div class=\"sow-image-container\">\n\t\t\t<a href=\"https:\/\/camfilapc.com\/products\/machining-mist-collector\/\"\n\t\t\t\t\t>\n\t\t\t<img \n\tsrc=\"https:\/\/camfilapc.com\/wp-content\/uploads\/2018\/04\/mist-collection-thumb.jpg\" width=\"269\" height=\"155\" sizes=\"(max-width: 269px) 100vw, 269px\" alt=\"MIST COLLECTION\" \t\tclass=\"so-widget-image\"\/>\n\t\t\t<\/a><\/div>\n\n<\/div><\/div><\/div><div id=\"panel-40551-2-1-1\" class=\"so-panel widget widget_sow-headline\" data-index=\"7\" ><div id=\"product-teaser-txt\" class=\"panel-widget-style panel-widget-style-for-40551-2-1-1\" ><div\n\t\t\t\n\t\t\tclass=\"so-widget-sow-headline so-widget-sow-headline-default-746a8ca537f2-40551\"\n\t\t\t\n\t\t><div class=\"sow-headline-container \">\n\t\t\t\t\t\t\t<h3 class=\"sow-headline\">\n\t\t\t\t\t\t\t\t\t\t\t\t\t<a href=\"https:\/\/camfilapc.com\/products\/machining-mist-collector\/\" >\n\t\t\t\t\t\t\t\t Colecci\u00f3n de niebla<\/a>\t\t\t\t\t\t<\/h3>\n\t\t\t\t\t\t\t\t\t\t\t\t<p class=\"sow-sub-headline\">\n\t\t\t\t\t\tOfrecemos soluciones de colecci\u00f3n niebla para adaptarse a su aplicaci\u00f3n\t\t\t\t\t\t<\/p>\n\t\t\t\t\t\t<\/div>\n<\/div><\/div><\/div><div id=\"panel-40551-2-1-2\" class=\"so-panel widget widget_sow-button panel-last-child\" data-index=\"8\" ><div\n\t\t\t\n\t\t\tclass=\"so-widget-sow-button so-widget-sow-button-flat-ad1d4c94bf3f-40551\"\n\t\t\t\n\t\t><div class=\"ow-button-base ow-button-align-center\"\n>\n\t\t\t<a\n\t\t\t\t\thref=\"https:\/\/camfilapc.com\/products\/machining-mist-collector\/\"\n\t\t\t\t\tclass=\"button-content sowb-button ow-icon-placement-left ow-button-hover\" id=\"btn-learn-more\" \t>\n\t\t<span>\n\t\t\t\n\t\t\tVer Productos\t\t<\/span>\n\t\t\t<\/a>\n\t<\/div>\n<\/div><\/div><\/div><div id=\"pgc-40551-2-2\"  class=\"panel-grid-cell\" ><div id=\"panel-40551-2-2-0\" class=\"so-panel widget widget_sow-image panel-first-child\" data-index=\"9\" ><div id=\"applications-home\" class=\"panel-widget-style panel-widget-style-for-40551-2-2-0\" ><div\n\t\t\t\n\t\t\tclass=\"so-widget-sow-image so-widget-sow-image-default-8b5b6f678277-40551\"\n\t\t\t\n\t\t>\n<div class=\"sow-image-container\">\n\t\t\t<a href=\"\/products\/filters\/part-number-filter-search\/\"\n\t\t\t\t\t>\n\t\t\t<img \n\tsrc=\"https:\/\/camfilapc.com\/wp-content\/uploads\/2018\/04\/replacement-filters-thumb.jpg\" width=\"269\" height=\"155\" sizes=\"(max-width: 269px) 100vw, 269px\" alt=\"REPLACEMENT FILTERS\" \t\tclass=\"so-widget-image\"\/>\n\t\t\t<\/a><\/div>\n\n<\/div><\/div><\/div><div id=\"panel-40551-2-2-1\" class=\"so-panel widget widget_sow-headline\" data-index=\"10\" ><div id=\"product-teaser-txt\" class=\"panel-widget-style panel-widget-style-for-40551-2-2-1\" ><div\n\t\t\t\n\t\t\tclass=\"so-widget-sow-headline so-widget-sow-headline-default-746a8ca537f2-40551\"\n\t\t\t\n\t\t><div class=\"sow-headline-container \">\n\t\t\t\t\t\t\t<h3 class=\"sow-headline\">\n\t\t\t\t\t\t\t\t\t\t\t\t\t<a href=\"\/products\/filters\/part-number-filter-search\/\" >\n\t\t\t\t\t\t\t\tFILTROS DE REPUESTO<\/a>\t\t\t\t\t\t<\/h3>\n\t\t\t\t\t\t\t\t\t\t\t\t<p class=\"sow-sub-headline\">\n\t\t\t\t\t\tOfrecemos filtros de reemplazo para mejorar el rendimiento de su recolector, sin importar la marca.\t\t\t\t\t\t<\/p>\n\t\t\t\t\t\t<\/div>\n<\/div><\/div><\/div><div id=\"panel-40551-2-2-2\" class=\"so-panel widget widget_sow-button panel-last-child\" data-index=\"11\" ><div\n\t\t\t\n\t\t\tclass=\"so-widget-sow-button so-widget-sow-button-flat-ad1d4c94bf3f-40551\"\n\t\t\t\n\t\t><div class=\"ow-button-base ow-button-align-center\"\n>\n\t\t\t<a\n\t\t\t\t\thref=\"\/products\/filters\/part-number-filter-search\/\"\n\t\t\t\t\tclass=\"button-content sowb-button ow-icon-placement-left ow-button-hover\" id=\"btn-learn-more\" \t>\n\t\t<span>\n\t\t\t\n\t\t\tVer Productos\t\t<\/span>\n\t\t\t<\/a>\n\t<\/div>\n<\/div><\/div><\/div><div id=\"pgc-40551-2-3\"  class=\"panel-grid-cell\" ><div id=\"panel-40551-2-3-0\" class=\"so-panel widget widget_sow-image panel-first-child\" data-index=\"12\" ><div id=\"applications-home\" class=\"panel-widget-style panel-widget-style-for-40551-2-3-0\" ><div\n\t\t\t\n\t\t\tclass=\"so-widget-sow-image so-widget-sow-image-default-8b5b6f678277-40551\"\n\t\t\t\n\t\t>\n<div class=\"sow-image-container\">\n\t\t\t<a href=\"\"\n\t\t\t\t\t>\n\t\t\t<img \n\tsrc=\"https:\/\/camfilapc.com\/wp-content\/uploads\/2018\/04\/far-gold-white-unit-thumb.jpg\" width=\"269\" height=\"155\" sizes=\"(max-width: 269px) 100vw, 269px\" alt=\"ACCESSORIES\" \t\tclass=\"so-widget-image\"\/>\n\t\t\t<\/a><\/div>\n\n<\/div><\/div><\/div><div id=\"panel-40551-2-3-1\" class=\"so-panel widget widget_sow-headline\" data-index=\"13\" ><div id=\"product-teaser-txt\" class=\"panel-widget-style panel-widget-style-for-40551-2-3-1\" ><div\n\t\t\t\n\t\t\tclass=\"so-widget-sow-headline so-widget-sow-headline-default-746a8ca537f2-40551\"\n\t\t\t\n\t\t><div class=\"sow-headline-container \">\n\t\t\t\t\t\t\t<h3 class=\"sow-headline\">\n\t\t\t\t\t\t\t\t\t\t\t\t\t<a href=\"\" >\n\t\t\t\t\t\t\t\tAccesorios<\/a>\t\t\t\t\t\t<\/h3>\n\t\t\t\t\t\t\t\t\t\t\t\t<p class=\"sow-sub-headline\">\n\t\t\t\t\t\t Fabricamos una amplia variedad de accesorios para personalizar su colector.\t\t\t\t\t\t<\/p>\n\t\t\t\t\t\t<\/div>\n<\/div><\/div><\/div><div id=\"panel-40551-2-3-2\" class=\"so-panel widget widget_sow-button panel-last-child\" data-index=\"14\" ><div\n\t\t\t\n\t\t\tclass=\"so-widget-sow-button so-widget-sow-button-flat-ad1d4c94bf3f-40551\"\n\t\t\t\n\t\t><div class=\"ow-button-base ow-button-align-center\"\n>\n\t\t\t<a\n\t\t\t\t\thref=\"\"\n\t\t\t\t\tclass=\"button-content sowb-button ow-icon-placement-left ow-button-hover\" id=\"btn-learn-more\" \t>\n\t\t<span>\n\t\t\t\n\t\t\tVer Productos\t\t<\/span>\n\t\t\t<\/a>\n\t<\/div>\n<\/div><\/div><\/div><\/div><\/div><div id=\"pg-40551-3\"  class=\"panel-grid panel-no-style\" ><div id=\"pgc-40551-3-0\"  class=\"panel-grid-cell\" ><div id=\"panel-40551-3-0-0\" class=\"widget_text so-panel widget widget_custom_html panel-first-child panel-last-child\" data-index=\"15\" ><div class=\"textwidget custom-html-widget\">[home-tab-section]<\/div><\/div><\/div><\/div><div id=\"pg-40551-4\"  class=\"panel-grid panel-has-style\" ><div id=\"home-contain\" class=\"panel-row-style panel-row-style-for-40551-4\" ><div id=\"pgc-40551-4-0\"  class=\"panel-grid-cell\" ><div id=\"panel-40551-4-0-0\" class=\"so-panel widget widget_sow-headline panel-first-child panel-last-child\" data-index=\"16\" ><div\n\t\t\t\n\t\t\tclass=\"so-widget-sow-headline so-widget-sow-headline-default-ff5190af26ac-40551\"\n\t\t\t\n\t\t><div class=\"sow-headline-container \">\n\t\t\t\t\t\t\t<h2 class=\"sow-headline\">\n\t\t\t\t\t\tCasos de Estudio\t\t\t\t\t\t<\/h2>\n\t\t\t\t\t\t\t\t\t\t\t\t<p class=\"sow-sub-headline\">\n\t\t\t\t\t\t Lea m\u00e1s acerca de algunas de nuestras instalaciones recientes de clientes.\t\t\t\t\t\t<\/p>\n\t\t\t\t\t\t<\/div>\n<\/div><\/div><\/div><\/div><\/div><div id=\"pg-40551-5\"  class=\"panel-grid panel-no-style\" ><div id=\"pgc-40551-5-0\"  class=\"panel-grid-cell\" ><div id=\"panel-40551-5-0-0\" class=\"so-panel widget panel-first-child panel-last-child\" data-index=\"17\" ><\/div><\/div><div id=\"pgc-40551-5-1\"  class=\"panel-grid-cell\" ><div id=\"panel-40551-5-1-0\" class=\"so-panel widget panel-first-child panel-last-child\" data-index=\"18\" ><\/div><\/div><div id=\"pgc-40551-5-2\"  class=\"panel-grid-cell\" ><div id=\"panel-40551-5-2-0\" class=\"so-panel widget panel-first-child panel-last-child\" data-index=\"19\" ><\/div><\/div><div id=\"pgc-40551-5-3\"  class=\"panel-grid-cell\" ><div id=\"panel-40551-5-3-0\" class=\"so-panel widget panel-first-child panel-last-child\" data-index=\"20\" ><\/div><\/div><\/div><div id=\"pg-40551-6\"  class=\"panel-grid panel-has-style\" ><div id=\"home-contain\" class=\"panel-row-style panel-row-style-for-40551-6\" ><div id=\"pgc-40551-6-0\"  class=\"panel-grid-cell\" ><div id=\"panel-40551-6-0-0\" class=\"so-panel widget widget_sow-headline panel-first-child panel-last-child\" data-index=\"21\" ><div\n\t\t\t\n\t\t\tclass=\"so-widget-sow-headline so-widget-sow-headline-default-ff5190af26ac-40551\"\n\t\t\t\n\t\t><div class=\"sow-headline-container \">\n\t\t\t\t\t\t\t<h2 class=\"sow-headline\">\n\t\t\t\t\t\tTestimonios de clientes\t\t\t\t\t\t<\/h2>\n\t\t\t\t\t\t\t\t\t\t\t\t<p class=\"sow-sub-headline\">\n\t\t\t\t\t\tNuestros clientes elogian el rendimiento de nuestros colectores industriales de polvo, niebla y humo.\t\t\t\t\t\t<\/p>\n\t\t\t\t\t\t<\/div>\n<\/div><\/div><\/div><\/div><\/div><div id=\"pg-40551-7\"  class=\"panel-grid panel-has-style\" ><div class=\"testimonial panel-row-style panel-row-style-for-40551-7\" ><div id=\"pgc-40551-7-0\"  class=\"panel-grid-cell\" ><div id=\"panel-40551-7-0-0\" class=\"so-panel widget panel-first-child panel-last-child\" data-index=\"22\" ><\/div><\/div><div id=\"pgc-40551-7-1\"  class=\"panel-grid-cell\" ><div id=\"panel-40551-7-1-0\" class=\"so-panel widget panel-first-child panel-last-child\" data-index=\"23\" ><\/div><\/div><div id=\"pgc-40551-7-2\"  class=\"panel-grid-cell\" ><div id=\"panel-40551-7-2-0\" class=\"so-panel widget panel-first-child panel-last-child\" data-index=\"24\" ><\/div><\/div><\/div><\/div><\/div>","protected":false},"excerpt":{"rendered":"<p>SOLUCIONES DE RECOLECCI\u00d3NDE POLVO, VAPOR Y NIEBLAPARA SU INDUSTRIA VER PRODUCTOS M\u00c1S INFORMACI\u00d3N Que hacemos Fabricamos colectores industriales de polvo, niebla y humo, junto con filtros y accesorios de alto rendimiento para las siguientes \u00e1reas: COLECCI\u00d3N DE POLVO Y HUMO Ofrecemos soluciones de colecci\u00f3n de polvo y humo para adaptarse a su aplicaci\u00f3n. Ver Productos Colecci\u00f3n de niebla Ofrecemos soluciones...<\/p>\n","protected":false},"author":1,"featured_media":26968,"parent":0,"menu_order":0,"comment_status":"closed","ping_status":"closed","template":"","meta":{"_acf_changed":false,"footnotes":""},"class_list":["post-40551","page","type-page","status-publish","has-post-thumbnail","hentry"],"acf":[],"_links":{"self":[{"href":"https:\/\/camfilapc.com\/es\/wp-json\/wp\/v2\/pages\/40551","targetHints":{"allow":["GET"]}}],"collection":[{"href":"https:\/\/camfilapc.com\/es\/wp-json\/wp\/v2\/pages"}],"about":[{"href":"https:\/\/camfilapc.com\/es\/wp-json\/wp\/v2\/types\/page"}],"author":[{"embeddable":true,"href":"https:\/\/camfilapc.com\/es\/wp-json\/wp\/v2\/users\/1"}],"replies":[{"embeddable":true,"href":"https:\/\/camfilapc.com\/es\/wp-json\/wp\/v2\/comments?post=40551"}],"version-history":[{"count":0,"href":"https:\/\/camfilapc.com\/es\/wp-json\/wp\/v2\/pages\/40551\/revisions"}],"wp:featuredmedia":[{"embeddable":true,"href":"https:\/\/camfilapc.com\/es\/wp-json\/wp\/v2\/media\/26968"}],"wp:attachment":[{"href":"https:\/\/camfilapc.com\/es\/wp-json\/wp\/v2\/media?parent=40551"}],"curies":[{"name":"wp","href":"https:\/\/api.w.org\/{rel}","templated":true}]}}